{"id":427129,"date":"2025-09-16T12:44:01","date_gmt":"2025-09-16T11:44:01","guid":{"rendered":"https:\/\/gr-100.com\/producto\/specialized-roubaix-sl8-comp-shimano-105-di2-2026\/"},"modified":"2025-09-16T12:44:01","modified_gmt":"2025-09-16T10:44:01","slug":"specialized-roubaix-sl8-comp-shimano-105-di2-2026","status":"publish","type":"product","link":"https:\/\/gr-100.com\/en\/producto\/specialized-roubaix-sl8-comp-shimano-105-di2-2026\/","title":{"rendered":"Specialized Roubaix SL8 Comp Shimano 105 Di2 2026"},"content":{"rendered":"<ul>\n<li>COMODIDAD<br \/>\nLa Future Shock 3.0 es la protagonista, ahora m\u00e1s ajustable, configurable y duradera que nunca. Ahora, sin importar la posici\u00f3n en la bicicleta, cada ciclista experimenta 20 mm de recorrido suave y sin fricci\u00f3n entre la potencia y el tubo de direcci\u00f3n.<br \/>\nFuture Shock ayuda a mantener tus manos y el manillar estables, ofreciendo una conducci\u00f3n m\u00e1s suave y con mayor control para mantenerte r\u00e1pido, seguro y confiado.<br \/>\nNuestro dise\u00f1o con abrazadera descendida expone m\u00e1s longitud de la tija de sill\u00edn para aumentar la flexi\u00f3n, pero \u201cm\u00e1s\u201d no significa autom\u00e1ticamente \u201cmejor\u201d. La tija de sill\u00edn Pav\u00e9 controla esa flexi\u00f3n para lograr la mejor absorci\u00f3n vertical.<br \/>\nJuntos, crean la tecnolog\u00eda AfterShock que, combinada con el tri\u00e1ngulo trasero r\u00edgido del Roubaix, ofrece una conducci\u00f3n suave sin p\u00e9rdida de eficiencia.<br \/>\nLa Roubaix SL8 es la bicicleta de ruta m\u00e1s c\u00f3moda que nuestro equipo de Ride Science ha probado, reduciendo los impactos en el manillar y el sill\u00edn en un 53% frente a la competencia m\u00e1s cercana.<br \/>\nCon la Future Shock 3.0 del Roubaix, la rueda se mueve r\u00e1pidamente sobre los baches, mientras que el peso del ciclista permanece estable, manteniendo el impulso incluso en terrenos dif\u00edciles.<br \/>\nLas horquillas convencionales se desv\u00edan hacia atr\u00e1s con los impactos, lo que provoca una p\u00e9rdida de velocidad medible. Es un hecho cient\u00edfico: una conducci\u00f3n m\u00e1s suave es, efectivamente, m\u00e1s r\u00e1pida. <\/li>\n<li>CAPACIDAD<br \/>\nLa Roubaix fue pionera en la geometr\u00eda de resistencia (endurance), permiti\u00e9ndote sentir que vas dentro de la bicicleta, no encima de ella. Esto reduce la presi\u00f3n en tus manos, brazos y hombros, brindando comodidad y confianza en cualquier tipo de camino, aunque tambi\u00e9n est\u00e1 lista para atacar un descenso de monta\u00f1a a toda velocidad. As\u00ed que, \u00a1abr\u00e1zate fuerte!<br \/>\nCon espacio para neum\u00e1ticos de hasta 40 mm, esta m\u00e1quina de ruta de resistencia ofrece mejor tracci\u00f3n que nunca en caminos irregulares e incluso en gravilla ligera.<br \/>\nGracias a los neum\u00e1ticos Specialized, ultraligeros y s\u00faper eficientes, ese volumen y tracci\u00f3n extra no conllevan desventajas.<br \/>\nLa Roubaix est\u00e1 pensada para grandes aventuras en bici, por eso la hemos equipado con todas las monturas que podr\u00edas necesitar: tres soportes para botellas, soportes en el tubo superior e incluso compatibilidad con guardabarros.<br \/>\nAs\u00ed que adelante, ll\u00e9valo todo contigo en la ruta.  <\/li>\n<li>RENDIMIENTO<br \/>\nLa nueva Roubaix SL8 es la m\u00e1s aerodin\u00e1mica hasta ahora, con nuevos perfiles optimizados de nuestra biblioteca Free Foil y tirantes traseros rebajados.<br \/>\nCon solo 950 gramos, el cuadro es m\u00e1s liviano, aprovechando las lecciones aprendidas de la Aethos, el cuadro de producci\u00f3n m\u00e1s ligero del mundo, y la mezcla de carbono Fact 10r.<br \/>\nNada en su categor\u00eda es m\u00e1s r\u00e1pido ni m\u00e1s ligero que la Roubaix.<\/li>\n<li>TECHNICAL SPECIFICATIONS<\/li>\n<li>Cuadro<br \/>\nCuadro: FACT 10R, Rider First Engineered\u2122 (RFE), tubos con dise\u00f1o FreeFoil Shape Library, caja pedalier roscada, eje pasante 12&#215;142 mm, freno de disco tipo flat-mount.<\/li>\n<li>Suspensi\u00f3n<br \/>\nHorquilla: Future Shock 3.2 con protector (Smooth Boot), carbono FACT, eje pasante 12&#215;100 mm, freno de disco tipo flat-mount.<\/li>\n<li>Frenos<br \/>\nFreno delantero: Shimano 105, disco hidr\u00e1ulico, rotor de 160 mm.<br \/>\nFreno trasero: Shimano 105, disco hidr\u00e1ulico, rotor de 160 mm.<\/li>\n<li>Transmisi\u00f3n<br \/>\nCassette: Shimano 105, 12 velocidades, 11-36 dientes.<br \/>\nManetas de cambio\/freno: Shimano 105 Di2 R7170, 12 velocidades.<br \/>\nBielas: Shimano 105, 12 velocidades, 50\/34 dientes.<br \/>\nCadena: Shimano SLX M7100, 12 velocidades.<br \/>\nCaja pedalier: Shimano BSA roscada.<br \/>\nDesviador delantero: Shimano 105 Di2 R7150, tipo braze-on.<br \/>\nCambio trasero: Shimano 105 Di2 R7150.<\/li>\n<li>Ruedas y Neum\u00e1ticos<br \/>\nC\u00e1maras: 700&#215;28\/38 mm, v\u00e1lvula Presta de 48 mm.<br \/>\nRueda delantera: Llanta DT Swiss G540, ancho interno de 24 mm, compatible con tubeless, 24 radios, buje con rodamientos sellados Specialized, eje pasante, freno centerlock, radios DT Swiss Champion 14G en acero inoxidable, niples DT Swiss de lat\u00f3n.<br \/>\nRueda trasera: Mismo conjunto que la delantera (DT Swiss G540, 24h, tubeless ready, etc.).<br \/>\nNeum\u00e1tico delantero: Mondo plegable Endurance, 700x32c, compuesto GRIPTON T5.<br \/>\nNeum\u00e1tico trasero: Mismo que el delantero.<\/li>\n<li>Componentes del Cockpit<br \/>\nSill\u00edn: Body Geometry Power Sport, rieles de acero.<br \/>\nPotencia: Future Stem, Comp.<br \/>\nAbrazadera de sill\u00edn: Oculta (Hidden drop clamp).<br \/>\nTija de sill\u00edn: S-Works Pav\u00e9.<br \/>\nManillar: Specialized Hover Comp, aluminio, ca\u00edda (drop) de 125 mm, alcance (reach) de 75 mm, con orificio para Di2.<br \/>\nCinta de manillar: Supacaz Super Sticky Kush.<\/li>\n<li>Peso (talla 56): 8.76 kg (19 lb, 5.0 oz)<\/li>\n<\/ul>\n","protected":false},"excerpt":{"rendered":"<p>Hace dos d\u00e9cadas, creamos la categor\u00eda de bicicletas de ruta de resistencia, demostrando que una alta ergonom\u00eda significa un alto rendimiento.<br \/>\nHoy, la nueva Roubaix SL8 con Future Shock 3.0 es m\u00e1s ligera, m\u00e1s r\u00e1pida y m\u00e1s suave que cualquier otra bicicleta de ruta jam\u00e1s creada, desatando una confianza sin igual.<br \/>\nLa carretera puede ser un infierno debajo, pero sobre una Roubaix, siempre es un para\u00edso.<\/p>\n","protected":false},"featured_media":415976,"comment_status":"open","ping_status":"closed","template":"","meta":{"_acf_changed":false,"_et_pb_use_builder":"","_et_pb_old_content":"","_et_gb_content_width":"","inline_featured_image":false},"product_brand":[],"product_cat":[2449,334,5319,5318],"product_tag":[],"class_list":{"0":"post-427129","1":"product","2":"type-product","3":"status-publish","4":"has-post-thumbnail","6":"product_cat-bicycles","7":"product_cat-road","8":"product_cat-bicicletas-carretera-carbono-en","9":"product_cat-bicicletas-carretera-specialized-en","10":"product_shipping_class-bicicletas-en","12":"first","13":"instock","14":"taxable","15":"shipping-taxable","16":"purchasable","17":"product-type-variable","18":"wvs-archive-product-wrapper"},"acf":[],"yoast_head":"<!-- This site is optimized with the Yoast SEO Premium plugin v26.7 (Yoast SEO v26.7) - https:\/\/yoast.com\/wordpress\/plugins\/seo\/ -->\n<title>Specialized Roubaix SL8 Comp Shimano 105 Di2 2026 GR-100<\/title>\n<meta name=\"description\" content=\"Hace dos d\u00e9cadas, creamos la categor\u00eda de bicicletas de ruta de resistencia, demostrando que una alta ergonom\u00eda significa un alto rendimiento.Hoy, la nueva Roubaix SL8 con Future Shock 3.0 es m\u00e1s ligera, m\u00e1s r\u00e1pida y m\u00e1s suave que cualquier otra bicicleta de ruta jam\u00e1s creada, desatando una confianza sin igual.La carretera puede ser un infierno debajo, pero sobre una Roubaix, siempre es un para\u00edso.\" \/>\n<meta name=\"robots\" content=\"index, follow, max-snippet:-1, max-image-preview:large, max-video-preview:-1\" \/>\n<link rel=\"canonical\" href=\"https:\/\/gr-100.com\/en\/producto\/specialized-roubaix-sl8-comp-shimano-105-di2-2026\/\" \/>\n<meta property=\"og:locale\" content=\"en_US\" \/>\n<meta property=\"og:type\" content=\"article\" \/>\n<meta property=\"og:title\" content=\"Specialized Roubaix SL8 Comp Shimano 105 Di2 2026\" \/>\n<meta property=\"og:description\" content=\"Hace dos d\u00e9cadas, creamos la categor\u00eda de bicicletas de ruta de resistencia, demostrando que una alta ergonom\u00eda significa un alto rendimiento.Hoy, la nueva Roubaix SL8 con Future Shock 3.0 es m\u00e1s ligera, m\u00e1s r\u00e1pida y m\u00e1s suave que cualquier otra bicicleta de ruta jam\u00e1s creada, desatando una confianza sin igual.La carretera puede ser un infierno debajo, pero sobre una Roubaix, siempre es un para\u00edso.\" \/>\n<meta property=\"og:url\" content=\"https:\/\/gr-100.com\/en\/producto\/specialized-roubaix-sl8-comp-shimano-105-di2-2026\/\" \/>\n<meta property=\"og:site_name\" content=\"Gr-100 Tienda de ciclismo Specialized\" \/>\n<meta property=\"article:publisher\" content=\"https:\/\/www.facebook.com\/Gr100Bikes\" \/>\n<meta property=\"og:image\" content=\"https:\/\/gr-100.com\/wp-content\/uploads\/2025\/09\/Diseno-sin-titulo-2025-09-16T121430.682.jpg\" \/>\n\t<meta property=\"og:image:width\" content=\"1000\" \/>\n\t<meta property=\"og:image:height\" content=\"1000\" \/>\n\t<meta property=\"og:image:type\" content=\"image\/jpeg\" \/>\n<meta name=\"twitter:card\" content=\"summary_large_image\" \/>\n<meta name=\"twitter:label1\" content=\"Est. reading time\" \/>\n\t<meta name=\"twitter:data1\" content=\"4 minutes\" \/>\n<script type=\"application\/ld+json\" class=\"yoast-schema-graph\">{\"@context\":\"https:\/\/schema.org\",\"@graph\":[{\"@type\":\"WebPage\",\"@id\":\"https:\/\/gr-100.com\/en\/producto\/specialized-roubaix-sl8-comp-shimano-105-di2-2026\/\",\"url\":\"https:\/\/gr-100.com\/en\/producto\/specialized-roubaix-sl8-comp-shimano-105-di2-2026\/\",\"name\":\"Specialized Roubaix SL8 Comp Shimano 105 Di2 2026 GR-100\",\"isPartOf\":{\"@id\":\"https:\/\/gr-100.com\/#website\"},\"primaryImageOfPage\":{\"@id\":\"https:\/\/gr-100.com\/en\/producto\/specialized-roubaix-sl8-comp-shimano-105-di2-2026\/#primaryimage\"},\"image\":{\"@id\":\"https:\/\/gr-100.com\/en\/producto\/specialized-roubaix-sl8-comp-shimano-105-di2-2026\/#primaryimage\"},\"thumbnailUrl\":\"https:\/\/gr-100.com\/wp-content\/uploads\/2025\/09\/Diseno-sin-titulo-2025-09-16T121430.682.jpg\",\"datePublished\":\"2025-09-16T11:44:01+00:00\",\"description\":\"Hace dos d\u00e9cadas, creamos la categor\u00eda de bicicletas de ruta de resistencia, demostrando que una alta ergonom\u00eda significa un alto rendimiento.Hoy, la nueva Roubaix SL8 con Future Shock 3.0 es m\u00e1s ligera, m\u00e1s r\u00e1pida y m\u00e1s suave que cualquier otra bicicleta de ruta jam\u00e1s creada, desatando una confianza sin igual.La carretera puede ser un infierno debajo, pero sobre una Roubaix, siempre es un para\u00edso.\",\"breadcrumb\":{\"@id\":\"https:\/\/gr-100.com\/en\/producto\/specialized-roubaix-sl8-comp-shimano-105-di2-2026\/#breadcrumb\"},\"inLanguage\":\"en-US\",\"potentialAction\":[{\"@type\":\"ReadAction\",\"target\":[\"https:\/\/gr-100.com\/en\/producto\/specialized-roubaix-sl8-comp-shimano-105-di2-2026\/\"]}]},{\"@type\":\"ImageObject\",\"inLanguage\":\"en-US\",\"@id\":\"https:\/\/gr-100.com\/en\/producto\/specialized-roubaix-sl8-comp-shimano-105-di2-2026\/#primaryimage\",\"url\":\"https:\/\/gr-100.com\/wp-content\/uploads\/2025\/09\/Diseno-sin-titulo-2025-09-16T121430.682.jpg\",\"contentUrl\":\"https:\/\/gr-100.com\/wp-content\/uploads\/2025\/09\/Diseno-sin-titulo-2025-09-16T121430.682.jpg\",\"width\":1000,\"height\":1000},{\"@type\":\"BreadcrumbList\",\"@id\":\"https:\/\/gr-100.com\/en\/producto\/specialized-roubaix-sl8-comp-shimano-105-di2-2026\/#breadcrumb\",\"itemListElement\":[{\"@type\":\"ListItem\",\"position\":1,\"name\":\"Portada\",\"item\":\"https:\/\/gr-100.com\/pt-pt\/\"},{\"@type\":\"ListItem\",\"position\":2,\"name\":\"Productos\",\"item\":\"https:\/\/gr-100.com\/?post_type=product\"},{\"@type\":\"ListItem\",\"position\":3,\"name\":\"Specialized Roubaix SL8 Comp Shimano 105 Di2 2026\"}]},{\"@type\":\"WebSite\",\"@id\":\"https:\/\/gr-100.com\/#website\",\"url\":\"https:\/\/gr-100.com\/\",\"name\":\"Gr-100 Tienda de ciclismo Specialized\",\"description\":\"GR-100 tenemos todas las gamas de bicicletas Specialized al mejor precio.\",\"publisher\":{\"@id\":\"https:\/\/gr-100.com\/#organization\"},\"alternateName\":\"Gr-100 Bikes\",\"potentialAction\":[{\"@type\":\"SearchAction\",\"target\":{\"@type\":\"EntryPoint\",\"urlTemplate\":\"https:\/\/gr-100.com\/?s={search_term_string}\"},\"query-input\":{\"@type\":\"PropertyValueSpecification\",\"valueRequired\":true,\"valueName\":\"search_term_string\"}}],\"inLanguage\":\"en-US\"},{\"@type\":\"Organization\",\"@id\":\"https:\/\/gr-100.com\/#organization\",\"name\":\"Gr-100\",\"url\":\"https:\/\/gr-100.com\/\",\"logo\":{\"@type\":\"ImageObject\",\"inLanguage\":\"en-US\",\"@id\":\"https:\/\/gr-100.com\/#\/schema\/logo\/image\/\",\"url\":\"https:\/\/gr-100.com\/wp-content\/uploads\/2023\/08\/logo-gr-100-bikes.png\",\"contentUrl\":\"https:\/\/gr-100.com\/wp-content\/uploads\/2023\/08\/logo-gr-100-bikes.png\",\"width\":707,\"height\":284,\"caption\":\"Gr-100\"},\"image\":{\"@id\":\"https:\/\/gr-100.com\/#\/schema\/logo\/image\/\"},\"sameAs\":[\"https:\/\/www.facebook.com\/Gr100Bikes\",\"https:\/\/www.instagram.com\/gr100bikes\/\",\"https:\/\/www.tiktok.com\/@gr100bikes\",\"https:\/\/twitter.com\/gr100mtbteam\",\"https:\/\/www.youtube.com\/c\/GR100Specialized\"]}]}<\/script>\n<!-- \/ Yoast SEO Premium plugin. -->","yoast_head_json":{"title":"Specialized Roubaix SL8 Comp Shimano 105 Di2 2026 GR-100","description":"Hace dos d\u00e9cadas, creamos la categor\u00eda de bicicletas de ruta de resistencia, demostrando que una alta ergonom\u00eda significa un alto rendimiento.Hoy, la nueva Roubaix SL8 con Future Shock 3.0 es m\u00e1s ligera, m\u00e1s r\u00e1pida y m\u00e1s suave que cualquier otra bicicleta de ruta jam\u00e1s creada, desatando una confianza sin igual.La carretera puede ser un infierno debajo, pero sobre una Roubaix, siempre es un para\u00edso.","robots":{"index":"index","follow":"follow","max-snippet":"max-snippet:-1","max-image-preview":"max-image-preview:large","max-video-preview":"max-video-preview:-1"},"canonical":"https:\/\/gr-100.com\/en\/producto\/specialized-roubaix-sl8-comp-shimano-105-di2-2026\/","og_locale":"en_US","og_type":"article","og_title":"Specialized Roubaix SL8 Comp Shimano 105 Di2 2026","og_description":"Hace dos d\u00e9cadas, creamos la categor\u00eda de bicicletas de ruta de resistencia, demostrando que una alta ergonom\u00eda significa un alto rendimiento.Hoy, la nueva Roubaix SL8 con Future Shock 3.0 es m\u00e1s ligera, m\u00e1s r\u00e1pida y m\u00e1s suave que cualquier otra bicicleta de ruta jam\u00e1s creada, desatando una confianza sin igual.La carretera puede ser un infierno debajo, pero sobre una Roubaix, siempre es un para\u00edso.","og_url":"https:\/\/gr-100.com\/en\/producto\/specialized-roubaix-sl8-comp-shimano-105-di2-2026\/","og_site_name":"Gr-100 Tienda de ciclismo Specialized","article_publisher":"https:\/\/www.facebook.com\/Gr100Bikes","og_image":[{"width":1000,"height":1000,"url":"https:\/\/gr-100.com\/wp-content\/uploads\/2025\/09\/Diseno-sin-titulo-2025-09-16T121430.682.jpg","type":"image\/jpeg"}],"twitter_card":"summary_large_image","twitter_misc":{"Est. reading time":"4 minutes"},"schema":{"@context":"https:\/\/schema.org","@graph":[{"@type":"WebPage","@id":"https:\/\/gr-100.com\/en\/producto\/specialized-roubaix-sl8-comp-shimano-105-di2-2026\/","url":"https:\/\/gr-100.com\/en\/producto\/specialized-roubaix-sl8-comp-shimano-105-di2-2026\/","name":"Specialized Roubaix SL8 Comp Shimano 105 Di2 2026 GR-100","isPartOf":{"@id":"https:\/\/gr-100.com\/#website"},"primaryImageOfPage":{"@id":"https:\/\/gr-100.com\/en\/producto\/specialized-roubaix-sl8-comp-shimano-105-di2-2026\/#primaryimage"},"image":{"@id":"https:\/\/gr-100.com\/en\/producto\/specialized-roubaix-sl8-comp-shimano-105-di2-2026\/#primaryimage"},"thumbnailUrl":"https:\/\/gr-100.com\/wp-content\/uploads\/2025\/09\/Diseno-sin-titulo-2025-09-16T121430.682.jpg","datePublished":"2025-09-16T11:44:01+00:00","description":"Hace dos d\u00e9cadas, creamos la categor\u00eda de bicicletas de ruta de resistencia, demostrando que una alta ergonom\u00eda significa un alto rendimiento.Hoy, la nueva Roubaix SL8 con Future Shock 3.0 es m\u00e1s ligera, m\u00e1s r\u00e1pida y m\u00e1s suave que cualquier otra bicicleta de ruta jam\u00e1s creada, desatando una confianza sin igual.La carretera puede ser un infierno debajo, pero sobre una Roubaix, siempre es un para\u00edso.","breadcrumb":{"@id":"https:\/\/gr-100.com\/en\/producto\/specialized-roubaix-sl8-comp-shimano-105-di2-2026\/#breadcrumb"},"inLanguage":"en-US","potentialAction":[{"@type":"ReadAction","target":["https:\/\/gr-100.com\/en\/producto\/specialized-roubaix-sl8-comp-shimano-105-di2-2026\/"]}]},{"@type":"ImageObject","inLanguage":"en-US","@id":"https:\/\/gr-100.com\/en\/producto\/specialized-roubaix-sl8-comp-shimano-105-di2-2026\/#primaryimage","url":"https:\/\/gr-100.com\/wp-content\/uploads\/2025\/09\/Diseno-sin-titulo-2025-09-16T121430.682.jpg","contentUrl":"https:\/\/gr-100.com\/wp-content\/uploads\/2025\/09\/Diseno-sin-titulo-2025-09-16T121430.682.jpg","width":1000,"height":1000},{"@type":"BreadcrumbList","@id":"https:\/\/gr-100.com\/en\/producto\/specialized-roubaix-sl8-comp-shimano-105-di2-2026\/#breadcrumb","itemListElement":[{"@type":"ListItem","position":1,"name":"Portada","item":"https:\/\/gr-100.com\/pt-pt\/"},{"@type":"ListItem","position":2,"name":"Productos","item":"https:\/\/gr-100.com\/?post_type=product"},{"@type":"ListItem","position":3,"name":"Specialized Roubaix SL8 Comp Shimano 105 Di2 2026"}]},{"@type":"WebSite","@id":"https:\/\/gr-100.com\/#website","url":"https:\/\/gr-100.com\/","name":"Gr-100 Tienda de ciclismo Specialized","description":"GR-100 tenemos todas las gamas de bicicletas Specialized al mejor precio.","publisher":{"@id":"https:\/\/gr-100.com\/#organization"},"alternateName":"Gr-100 Bikes","potentialAction":[{"@type":"SearchAction","target":{"@type":"EntryPoint","urlTemplate":"https:\/\/gr-100.com\/?s={search_term_string}"},"query-input":{"@type":"PropertyValueSpecification","valueRequired":true,"valueName":"search_term_string"}}],"inLanguage":"en-US"},{"@type":"Organization","@id":"https:\/\/gr-100.com\/#organization","name":"Gr-100","url":"https:\/\/gr-100.com\/","logo":{"@type":"ImageObject","inLanguage":"en-US","@id":"https:\/\/gr-100.com\/#\/schema\/logo\/image\/","url":"https:\/\/gr-100.com\/wp-content\/uploads\/2023\/08\/logo-gr-100-bikes.png","contentUrl":"https:\/\/gr-100.com\/wp-content\/uploads\/2023\/08\/logo-gr-100-bikes.png","width":707,"height":284,"caption":"Gr-100"},"image":{"@id":"https:\/\/gr-100.com\/#\/schema\/logo\/image\/"},"sameAs":["https:\/\/www.facebook.com\/Gr100Bikes","https:\/\/www.instagram.com\/gr100bikes\/","https:\/\/www.tiktok.com\/@gr100bikes","https:\/\/twitter.com\/gr100mtbteam","https:\/\/www.youtube.com\/c\/GR100Specialized"]}]}},"_links":{"self":[{"href":"https:\/\/gr-100.com\/en\/wp-json\/wp\/v2\/product\/427129","targetHints":{"allow":["GET"]}}],"collection":[{"href":"https:\/\/gr-100.com\/en\/wp-json\/wp\/v2\/product"}],"about":[{"href":"https:\/\/gr-100.com\/en\/wp-json\/wp\/v2\/types\/product"}],"replies":[{"embeddable":true,"href":"https:\/\/gr-100.com\/en\/wp-json\/wp\/v2\/comments?post=427129"}],"wp:featuredmedia":[{"embeddable":true,"href":"https:\/\/gr-100.com\/en\/wp-json\/wp\/v2\/media\/415976"}],"wp:attachment":[{"href":"https:\/\/gr-100.com\/en\/wp-json\/wp\/v2\/media?parent=427129"}],"wp:term":[{"taxonomy":"product_brand","embeddable":true,"href":"https:\/\/gr-100.com\/en\/wp-json\/wp\/v2\/product_brand?post=427129"},{"taxonomy":"product_cat","embeddable":true,"href":"https:\/\/gr-100.com\/en\/wp-json\/wp\/v2\/product_cat?post=427129"},{"taxonomy":"product_tag","embeddable":true,"href":"https:\/\/gr-100.com\/en\/wp-json\/wp\/v2\/product_tag?post=427129"}],"curies":[{"name":"wp","href":"https:\/\/api.w.org\/{rel}","templated":true}]}}