{"id":427266,"date":"2025-09-09T13:42:28","date_gmt":"2025-09-09T12:42:28","guid":{"rendered":"https:\/\/gr-100.com\/producto\/specialized-tarmac-sl8-pro-shimano-ultegra-di2-2026\/"},"modified":"2025-09-09T13:42:28","modified_gmt":"2025-09-09T11:42:28","slug":"specialized-tarmac-sl8-pro-shimano-ultegra-di2-2026","status":"publish","type":"product","link":"https:\/\/gr-100.com\/en\/producto\/specialized-tarmac-sl8-pro-shimano-ultegra-di2-2026\/","title":{"rendered":"Specialized Tarmac SL8 Pro Shimano Ultegra Di2 2026"},"content":{"rendered":"<ul>\n<li>AERO EN TODO: Estamos aplicando la aerodin\u00e1mica donde realmente importa: en el borde de ataque, no solo donde se ve bien. En el proceso, hemos creado nuestra bicicleta de ruta m\u00e1s aerodin\u00e1mica hasta la fecha. S\u00ed, es m\u00e1s aerodin\u00e1mica que la Venge. El aire limpio se optimiza para obtener la m\u00e1xima ventaja con el nuevo cono de nariz de la Tarmac: el Speed Sniffer. Al mover el tubo de direcci\u00f3n hacia atr\u00e1s \u2014el tubo que determina el ancho del tubo de direcci\u00f3n\u2014, el borde delantero del tubo puede ser mucho m\u00e1s afilado, logrando una forma de arrastre mucho menor. Aprovechando las nuevas reglas de la UCI, la Tarmac SL8 tiene la tija de sill\u00edn m\u00e1s estrecha y aerodin\u00e1mica que hemos fabricado, asegurando que el aire sucio que fluye alrededor de las piernas vuelva a circular m\u00e1s limpiamente. \u00bfA poco la victoria no huele dulce?     <\/li>\n<li>PESO M\u00cdNIMO, M\u00c1XIMA AERODIN\u00c1MICA: La Tarmac SL8 tom\u00f3 lo aprendido de la Aethos para poder construirse f\u00e1cilmente al peso m\u00ednimo permitido por la UCI con una configuraci\u00f3n completamente aerodin\u00e1mica. El equipo logr\u00f3 un cuadro sorprendente de solo 685 gramos, un 15% m\u00e1s liviano que la Tarmac SL7 y m\u00e1s liviano que cualquier otro en el World Tour*. Al poder priorizar el peso ligero en el tubo diagonal, el tubo del asiento y la parte trasera de la bicicleta, se aplicaron lecciones de la Aethos. La forma del cuadro distribuye la carga de manera tan eficiente que las capas adicionales de rigidez de carbono se vuelven innecesarias.<br \/>\n*Claro, a menos que cuentes la vez que Kasper Asgreen compiti\u00f3 con nuestro cuadro Aethos de 585 gramos durante una etapa del Tour.<\/li>\n<li>R\u00c1PIDA COMO EL INFIERNO, SUAVE COMO EL CIELO: Con enormes mejoras en la relaci\u00f3n rigidez\/peso \u2014un 33% mejor que la SL7\u2014, la Tarmac SL8 lleva su manejo legendario, su agresiva capacidad de respuesta y su geometr\u00eda probada en campeonatos mundiales al siguiente nivel. La bicicleta es m\u00e1s r\u00edgida en los pedales, m\u00e1s precisa en el manillar, y combina esto con una comodidad en el sill\u00edn que establece un nuevo referente en bicicletas de competencia. Gracias a nuestra ingenier\u00eda Rider-First, cada ciclista, sin importar su tama\u00f1o, obtiene la misma calidad de conducci\u00f3n y manejo sin precedentes. En el sill\u00edn, la Tarmac SL8 ofrece un 6% m\u00e1s de absorci\u00f3n, flotando sobre caminos irregulares con una sensaci\u00f3n suave \u00fanica en el exigente mundo de las bicicletas de carrera. La geometr\u00eda probada de la Tarmac y el espacio para neum\u00e1ticos de hasta 32 mm son id\u00e9nticos a los de la SL7, lo que garantiza una adaptaci\u00f3n sencilla y la versatilidad de usar neum\u00e1ticos de mayor volumen cuando sea necesario.    <\/li>\n<li>M\u00c1S ALL\u00c1 DEL G\u00c9NERO: Puede haber m\u00e1s diferencia entre dos ciclistas hombres que entre un hombre y una mujer. El g\u00e9nero, por s\u00ed solo, no proporciona datos suficientes para especializar, y eso significa que crear bicicletas para hombres o mujeres es algo arbitrario y anticuado. Cada ciclista puede obtener la ventaja de siguiente nivel con la Tarmac SL8. Es hora de ir m\u00e1s all\u00e1 del g\u00e9nero.<br \/>\nLa Tarmac SL8 Pro ofrece un rendimiento excepcional con un grupo completo Shimano Ultegra Di2 serie 8100 con potenci\u00f3metro, ruedas Roval Rapide CL III listas para tubeless, y un cockpit Roval Rapide. Est\u00e1s listo para competir desde que sacas la bici de la caja.<br \/>\nLa tecnolog\u00eda \u2018Apple Find My\u2019 ahora est\u00e1 integrada en todos los potenci\u00f3metros SW y Pro 4iiii. Los ciclistas ahora pueden disfrutar de la tranquilidad de saber exactamente d\u00f3nde se encuentra su bicicleta.     <\/li>\n<\/ul>\n<p><strong>TECHNICAL SPECIFICATIONS<\/strong><\/p>\n<ul>\n<li>Cuadro<br \/>\nCuadro: Tarmac SL8 de carbono FACT 10r, ingenier\u00eda Rider First Engineered\u2122, optimizado en el t\u00fanel de viento (Win Tunnel Engineered), cableado interno (Clean Routing), caja de pedalier roscada (Threaded BB), eje pasante de 12&#215;142 mm, freno de disco con montaje plano (flat-mount).<br \/>\nSuspensi\u00f3n<br \/>\nHorquilla: FACT 10r Carbon, eje pasante de 12&#215;100 mm, freno de disco con montaje plano (flat-mount).<\/li>\n<li>Frenos<br \/>\nFreno delantero: Shimano Ultegra BR-R8170, freno de disco hidr\u00e1ulico.<br \/>\nFreno trasero: Shimano Ultegra BR-R8170, freno de disco hidr\u00e1ulico.<\/li>\n<li>Transmisi\u00f3n<br \/>\nCaja de pedalier: Shimano roscada BSA.<br \/>\nCambio trasero: Shimano Ultegra Di2 R8150, 12 velocidades.<br \/>\nBielas: Shimano Ultegra R8100, 52\/36 dientes.<br \/>\nDesviador delantero: Shimano Ultegra Di2 R8150, tipo braze-on.<br \/>\nManetas de cambio\/freno: Shimano Ultegra Di2 R8170, frenos de disco hidr\u00e1ulicos.<br \/>\nCassette: Shimano Ultegra, 12 velocidades, 11-30 dientes.<br \/>\nCadena: Shimano XT M8100, 12 velocidades con eslab\u00f3n r\u00e1pido (quick link).<\/li>\n<li>Ruedas y neum\u00e1ticos<br \/>\nRueda trasera: Roval Rapide CL III, compatible con tubeless, llanta de carbono de 21 mm de ancho interno, 48.5 mm de perfil, optimizada en t\u00fanel de viento, buje DT350, 24 radios DT Swiss Competition Race rectos.<br \/>\nRueda delantera: Roval Rapide CL III, compatible con tubeless, llanta de carbono de 21 mm de ancho interno, 51 mm de perfil, optimizada en t\u00fanel de viento, buje DT350, 18 radios DT Swiss Competition Race rectos.<br \/>\nNeum\u00e1tico delantero: S-Works Turbo TLR Race, 700x28c.<br \/>\nNeum\u00e1tico trasero: S-Works Turbo TLR Race, 700x28c.<br \/>\nC\u00e1maras: Est\u00e1ndar, 700 x 20-28 mm, v\u00e1lvula Presta de 80 mm.<\/li>\n<li>Cockpit \/ Componentes<br \/>\nSill\u00edn: Power Pro Mirror, rieles huecos de titanio.<br \/>\nManillar y potencia integrados: Roval Rapide Cockpit.<br \/>\nTija de sill\u00edn: S-Works Tarmac SL8 de carbono, FACT Carbon, con 15 mm de retroceso (offset).<br \/>\nCinta de manillar: Supacaz Super Sticky Kush.<br \/>\nAbrazadera de sill\u00edn: Cu\u00f1a integrada Tarmac (Tarmac integrated wedge).<\/li>\n<li>Accesorios<br \/>\nJuego de direcci\u00f3n: Espaciadores para potencia SL7 y cockpit Roval Rapide.<\/li>\n<li>Talla del peso declarado: 56<\/li>\n<li>Peso total: 7.25 kg (15 lb, 15.7 oz)<\/li>\n<\/ul>\n","protected":false},"excerpt":{"rendered":"<p>Nada es m\u00e1s r\u00e1pido que la Tarmac SL8, gracias a una combinaci\u00f3n de aerodin\u00e1mica, ligereza y calidad de conducci\u00f3n que antes se cre\u00eda imposible. Tras ocho generaciones y m\u00e1s de dos d\u00e9cadas de desarrollo, no solo es la Tarmac m\u00e1s r\u00e1pida de la historia. Es la bicicleta de carrera m\u00e1s r\u00e1pida del mundo, ahora a\u00fan m\u00e1s veloz gracias al rendimiento revolucionario en aerodin\u00e1mica de las nuevas ruedas Roval Rapide CL III.  <\/p>\n","protected":false},"featured_media":414822,"comment_status":"open","ping_status":"closed","template":"","meta":{"_acf_changed":false,"_et_pb_use_builder":"","_et_pb_old_content":"","_et_gb_content_width":"","inline_featured_image":false},"product_brand":[],"product_cat":[4347,2449,334,5320,5319,5318],"product_tag":[],"class_list":{"0":"post-427266","1":"product","2":"type-product","3":"status-publish","4":"has-post-thumbnail","6":"product_cat-black-friday-2-en","7":"product_cat-bicycles","8":"product_cat-road","9":"product_cat-bicicletas-carretera-aero-en","10":"product_cat-bicicletas-carretera-carbono-en","11":"product_cat-bicicletas-carretera-specialized-en","12":"product_shipping_class-bicicletas-en","14":"first","15":"instock","16":"sale","17":"taxable","18":"shipping-taxable","19":"purchasable","20":"product-type-variable","21":"wvs-archive-product-wrapper"},"acf":[],"yoast_head":"<!-- This site is optimized with the Yoast SEO Premium plugin v26.7 (Yoast SEO v26.7) - https:\/\/yoast.com\/wordpress\/plugins\/seo\/ -->\n<title>Specialized Tarmac SL8 Pro Shimano Ultegra Di2 2026 GR-100<\/title>\n<meta name=\"description\" content=\"Nada es m\u00e1s r\u00e1pido que la Tarmac SL8, una combinaci\u00f3n de aerodin\u00e1mica, ligereza y calidad de conducci\u00f3n que antes se cre\u00eda imposible. Roval Rapide CL III.\" \/>\n<meta name=\"robots\" content=\"index, follow, max-snippet:-1, max-image-preview:large, max-video-preview:-1\" \/>\n<link rel=\"canonical\" href=\"https:\/\/gr-100.com\/en\/producto\/specialized-tarmac-sl8-pro-shimano-ultegra-di2-2026\/\" \/>\n<meta property=\"og:locale\" content=\"en_US\" \/>\n<meta property=\"og:type\" content=\"article\" \/>\n<meta property=\"og:title\" content=\"Specialized Tarmac SL8 Pro Shimano Ultegra Di2 2026\" \/>\n<meta property=\"og:description\" content=\"Nada es m\u00e1s r\u00e1pido que la Tarmac SL8, una combinaci\u00f3n de aerodin\u00e1mica, ligereza y calidad de conducci\u00f3n que antes se cre\u00eda imposible. Roval Rapide CL III.\" \/>\n<meta property=\"og:url\" content=\"https:\/\/gr-100.com\/en\/producto\/specialized-tarmac-sl8-pro-shimano-ultegra-di2-2026\/\" \/>\n<meta property=\"og:site_name\" content=\"Gr-100 Tienda de ciclismo Specialized\" \/>\n<meta property=\"article:publisher\" content=\"https:\/\/www.facebook.com\/Gr100Bikes\" \/>\n<meta property=\"og:image\" content=\"https:\/\/gr-100.com\/wp-content\/uploads\/2025\/09\/Diseno-sin-titulo-2025-09-09T142034.408.jpg\" \/>\n\t<meta property=\"og:image:width\" content=\"1000\" \/>\n\t<meta property=\"og:image:height\" content=\"1000\" \/>\n\t<meta property=\"og:image:type\" content=\"image\/jpeg\" \/>\n<meta name=\"twitter:card\" content=\"summary_large_image\" \/>\n<meta name=\"twitter:label1\" content=\"Est. reading time\" \/>\n\t<meta name=\"twitter:data1\" content=\"5 minutes\" \/>\n<script type=\"application\/ld+json\" class=\"yoast-schema-graph\">{\"@context\":\"https:\/\/schema.org\",\"@graph\":[{\"@type\":\"WebPage\",\"@id\":\"https:\/\/gr-100.com\/en\/producto\/specialized-tarmac-sl8-pro-shimano-ultegra-di2-2026\/\",\"url\":\"https:\/\/gr-100.com\/en\/producto\/specialized-tarmac-sl8-pro-shimano-ultegra-di2-2026\/\",\"name\":\"Specialized Tarmac SL8 Pro Shimano Ultegra Di2 2026 GR-100\",\"isPartOf\":{\"@id\":\"https:\/\/gr-100.com\/#website\"},\"primaryImageOfPage\":{\"@id\":\"https:\/\/gr-100.com\/en\/producto\/specialized-tarmac-sl8-pro-shimano-ultegra-di2-2026\/#primaryimage\"},\"image\":{\"@id\":\"https:\/\/gr-100.com\/en\/producto\/specialized-tarmac-sl8-pro-shimano-ultegra-di2-2026\/#primaryimage\"},\"thumbnailUrl\":\"https:\/\/gr-100.com\/wp-content\/uploads\/2025\/09\/Diseno-sin-titulo-2025-09-09T142034.408.jpg\",\"datePublished\":\"2025-09-09T12:42:28+00:00\",\"description\":\"Nada es m\u00e1s r\u00e1pido que la Tarmac SL8, una combinaci\u00f3n de aerodin\u00e1mica, ligereza y calidad de conducci\u00f3n que antes se cre\u00eda imposible. Roval Rapide CL III.\",\"breadcrumb\":{\"@id\":\"https:\/\/gr-100.com\/en\/producto\/specialized-tarmac-sl8-pro-shimano-ultegra-di2-2026\/#breadcrumb\"},\"inLanguage\":\"en-US\",\"potentialAction\":[{\"@type\":\"ReadAction\",\"target\":[\"https:\/\/gr-100.com\/en\/producto\/specialized-tarmac-sl8-pro-shimano-ultegra-di2-2026\/\"]}]},{\"@type\":\"ImageObject\",\"inLanguage\":\"en-US\",\"@id\":\"https:\/\/gr-100.com\/en\/producto\/specialized-tarmac-sl8-pro-shimano-ultegra-di2-2026\/#primaryimage\",\"url\":\"https:\/\/gr-100.com\/wp-content\/uploads\/2025\/09\/Diseno-sin-titulo-2025-09-09T142034.408.jpg\",\"contentUrl\":\"https:\/\/gr-100.com\/wp-content\/uploads\/2025\/09\/Diseno-sin-titulo-2025-09-09T142034.408.jpg\",\"width\":1000,\"height\":1000},{\"@type\":\"BreadcrumbList\",\"@id\":\"https:\/\/gr-100.com\/en\/producto\/specialized-tarmac-sl8-pro-shimano-ultegra-di2-2026\/#breadcrumb\",\"itemListElement\":[{\"@type\":\"ListItem\",\"position\":1,\"name\":\"Portada\",\"item\":\"https:\/\/gr-100.com\/pt-pt\/\"},{\"@type\":\"ListItem\",\"position\":2,\"name\":\"Productos\",\"item\":\"https:\/\/gr-100.com\/?post_type=product\"},{\"@type\":\"ListItem\",\"position\":3,\"name\":\"Specialized Tarmac SL8 Pro Shimano Ultegra Di2 2026\"}]},{\"@type\":\"WebSite\",\"@id\":\"https:\/\/gr-100.com\/#website\",\"url\":\"https:\/\/gr-100.com\/\",\"name\":\"Gr-100 Tienda de ciclismo Specialized\",\"description\":\"GR-100 tenemos todas las gamas de bicicletas Specialized al mejor precio.\",\"publisher\":{\"@id\":\"https:\/\/gr-100.com\/#organization\"},\"alternateName\":\"Gr-100 Bikes\",\"potentialAction\":[{\"@type\":\"SearchAction\",\"target\":{\"@type\":\"EntryPoint\",\"urlTemplate\":\"https:\/\/gr-100.com\/?s={search_term_string}\"},\"query-input\":{\"@type\":\"PropertyValueSpecification\",\"valueRequired\":true,\"valueName\":\"search_term_string\"}}],\"inLanguage\":\"en-US\"},{\"@type\":\"Organization\",\"@id\":\"https:\/\/gr-100.com\/#organization\",\"name\":\"Gr-100\",\"url\":\"https:\/\/gr-100.com\/\",\"logo\":{\"@type\":\"ImageObject\",\"inLanguage\":\"en-US\",\"@id\":\"https:\/\/gr-100.com\/#\/schema\/logo\/image\/\",\"url\":\"https:\/\/gr-100.com\/wp-content\/uploads\/2023\/08\/logo-gr-100-bikes.png\",\"contentUrl\":\"https:\/\/gr-100.com\/wp-content\/uploads\/2023\/08\/logo-gr-100-bikes.png\",\"width\":707,\"height\":284,\"caption\":\"Gr-100\"},\"image\":{\"@id\":\"https:\/\/gr-100.com\/#\/schema\/logo\/image\/\"},\"sameAs\":[\"https:\/\/www.facebook.com\/Gr100Bikes\",\"https:\/\/www.instagram.com\/gr100bikes\/\",\"https:\/\/www.tiktok.com\/@gr100bikes\",\"https:\/\/twitter.com\/gr100mtbteam\",\"https:\/\/www.youtube.com\/c\/GR100Specialized\"]}]}<\/script>\n<!-- \/ Yoast SEO Premium plugin. -->","yoast_head_json":{"title":"Specialized Tarmac SL8 Pro Shimano Ultegra Di2 2026 GR-100","description":"Nada es m\u00e1s r\u00e1pido que la Tarmac SL8, una combinaci\u00f3n de aerodin\u00e1mica, ligereza y calidad de conducci\u00f3n que antes se cre\u00eda imposible. Roval Rapide CL III.","robots":{"index":"index","follow":"follow","max-snippet":"max-snippet:-1","max-image-preview":"max-image-preview:large","max-video-preview":"max-video-preview:-1"},"canonical":"https:\/\/gr-100.com\/en\/producto\/specialized-tarmac-sl8-pro-shimano-ultegra-di2-2026\/","og_locale":"en_US","og_type":"article","og_title":"Specialized Tarmac SL8 Pro Shimano Ultegra Di2 2026","og_description":"Nada es m\u00e1s r\u00e1pido que la Tarmac SL8, una combinaci\u00f3n de aerodin\u00e1mica, ligereza y calidad de conducci\u00f3n que antes se cre\u00eda imposible. Roval Rapide CL III.","og_url":"https:\/\/gr-100.com\/en\/producto\/specialized-tarmac-sl8-pro-shimano-ultegra-di2-2026\/","og_site_name":"Gr-100 Tienda de ciclismo Specialized","article_publisher":"https:\/\/www.facebook.com\/Gr100Bikes","og_image":[{"width":1000,"height":1000,"url":"https:\/\/gr-100.com\/wp-content\/uploads\/2025\/09\/Diseno-sin-titulo-2025-09-09T142034.408.jpg","type":"image\/jpeg"}],"twitter_card":"summary_large_image","twitter_misc":{"Est. reading time":"5 minutes"},"schema":{"@context":"https:\/\/schema.org","@graph":[{"@type":"WebPage","@id":"https:\/\/gr-100.com\/en\/producto\/specialized-tarmac-sl8-pro-shimano-ultegra-di2-2026\/","url":"https:\/\/gr-100.com\/en\/producto\/specialized-tarmac-sl8-pro-shimano-ultegra-di2-2026\/","name":"Specialized Tarmac SL8 Pro Shimano Ultegra Di2 2026 GR-100","isPartOf":{"@id":"https:\/\/gr-100.com\/#website"},"primaryImageOfPage":{"@id":"https:\/\/gr-100.com\/en\/producto\/specialized-tarmac-sl8-pro-shimano-ultegra-di2-2026\/#primaryimage"},"image":{"@id":"https:\/\/gr-100.com\/en\/producto\/specialized-tarmac-sl8-pro-shimano-ultegra-di2-2026\/#primaryimage"},"thumbnailUrl":"https:\/\/gr-100.com\/wp-content\/uploads\/2025\/09\/Diseno-sin-titulo-2025-09-09T142034.408.jpg","datePublished":"2025-09-09T12:42:28+00:00","description":"Nada es m\u00e1s r\u00e1pido que la Tarmac SL8, una combinaci\u00f3n de aerodin\u00e1mica, ligereza y calidad de conducci\u00f3n que antes se cre\u00eda imposible. Roval Rapide CL III.","breadcrumb":{"@id":"https:\/\/gr-100.com\/en\/producto\/specialized-tarmac-sl8-pro-shimano-ultegra-di2-2026\/#breadcrumb"},"inLanguage":"en-US","potentialAction":[{"@type":"ReadAction","target":["https:\/\/gr-100.com\/en\/producto\/specialized-tarmac-sl8-pro-shimano-ultegra-di2-2026\/"]}]},{"@type":"ImageObject","inLanguage":"en-US","@id":"https:\/\/gr-100.com\/en\/producto\/specialized-tarmac-sl8-pro-shimano-ultegra-di2-2026\/#primaryimage","url":"https:\/\/gr-100.com\/wp-content\/uploads\/2025\/09\/Diseno-sin-titulo-2025-09-09T142034.408.jpg","contentUrl":"https:\/\/gr-100.com\/wp-content\/uploads\/2025\/09\/Diseno-sin-titulo-2025-09-09T142034.408.jpg","width":1000,"height":1000},{"@type":"BreadcrumbList","@id":"https:\/\/gr-100.com\/en\/producto\/specialized-tarmac-sl8-pro-shimano-ultegra-di2-2026\/#breadcrumb","itemListElement":[{"@type":"ListItem","position":1,"name":"Portada","item":"https:\/\/gr-100.com\/pt-pt\/"},{"@type":"ListItem","position":2,"name":"Productos","item":"https:\/\/gr-100.com\/?post_type=product"},{"@type":"ListItem","position":3,"name":"Specialized Tarmac SL8 Pro Shimano Ultegra Di2 2026"}]},{"@type":"WebSite","@id":"https:\/\/gr-100.com\/#website","url":"https:\/\/gr-100.com\/","name":"Gr-100 Tienda de ciclismo Specialized","description":"GR-100 tenemos todas las gamas de bicicletas Specialized al mejor precio.","publisher":{"@id":"https:\/\/gr-100.com\/#organization"},"alternateName":"Gr-100 Bikes","potentialAction":[{"@type":"SearchAction","target":{"@type":"EntryPoint","urlTemplate":"https:\/\/gr-100.com\/?s={search_term_string}"},"query-input":{"@type":"PropertyValueSpecification","valueRequired":true,"valueName":"search_term_string"}}],"inLanguage":"en-US"},{"@type":"Organization","@id":"https:\/\/gr-100.com\/#organization","name":"Gr-100","url":"https:\/\/gr-100.com\/","logo":{"@type":"ImageObject","inLanguage":"en-US","@id":"https:\/\/gr-100.com\/#\/schema\/logo\/image\/","url":"https:\/\/gr-100.com\/wp-content\/uploads\/2023\/08\/logo-gr-100-bikes.png","contentUrl":"https:\/\/gr-100.com\/wp-content\/uploads\/2023\/08\/logo-gr-100-bikes.png","width":707,"height":284,"caption":"Gr-100"},"image":{"@id":"https:\/\/gr-100.com\/#\/schema\/logo\/image\/"},"sameAs":["https:\/\/www.facebook.com\/Gr100Bikes","https:\/\/www.instagram.com\/gr100bikes\/","https:\/\/www.tiktok.com\/@gr100bikes","https:\/\/twitter.com\/gr100mtbteam","https:\/\/www.youtube.com\/c\/GR100Specialized"]}]}},"_links":{"self":[{"href":"https:\/\/gr-100.com\/en\/wp-json\/wp\/v2\/product\/427266","targetHints":{"allow":["GET"]}}],"collection":[{"href":"https:\/\/gr-100.com\/en\/wp-json\/wp\/v2\/product"}],"about":[{"href":"https:\/\/gr-100.com\/en\/wp-json\/wp\/v2\/types\/product"}],"replies":[{"embeddable":true,"href":"https:\/\/gr-100.com\/en\/wp-json\/wp\/v2\/comments?post=427266"}],"wp:featuredmedia":[{"embeddable":true,"href":"https:\/\/gr-100.com\/en\/wp-json\/wp\/v2\/media\/414822"}],"wp:attachment":[{"href":"https:\/\/gr-100.com\/en\/wp-json\/wp\/v2\/media?parent=427266"}],"wp:term":[{"taxonomy":"product_brand","embeddable":true,"href":"https:\/\/gr-100.com\/en\/wp-json\/wp\/v2\/product_brand?post=427266"},{"taxonomy":"product_cat","embeddable":true,"href":"https:\/\/gr-100.com\/en\/wp-json\/wp\/v2\/product_cat?post=427266"},{"taxonomy":"product_tag","embeddable":true,"href":"https:\/\/gr-100.com\/en\/wp-json\/wp\/v2\/product_tag?post=427266"}],"curies":[{"name":"wp","href":"https:\/\/api.w.org\/{rel}","templated":true}]}}