{"id":427570,"date":"2025-05-12T10:34:45","date_gmt":"2025-05-12T09:34:45","guid":{"rendered":"https:\/\/gr-100.com\/producto\/specialized-roubaix-base-2025\/"},"modified":"2025-05-12T10:34:45","modified_gmt":"2025-05-12T08:34:45","slug":"specialized-roubaix-base-2025","status":"publish","type":"product","link":"https:\/\/gr-100.com\/en\/producto\/specialized-roubaix-base-2025\/","title":{"rendered":"Specialized Roubaix Base 2025"},"content":{"rendered":"<p>Creamos la categor\u00eda de carretera de resistencia hace dos d\u00e9cadas, demostrando que una alta ergonom\u00eda se traduce en un alto rendimiento. Hoy, la nueva Roubaix SL8 con Future Shock 3.0 es m\u00e1s ligera, r\u00e1pida y suave que cualquier otra bicicleta de carretera jam\u00e1s fabricada, ofreciendo una confianza inigualable. Puede que la carretera sea un infierno abajo, pero en Roubaix, siempre es el para\u00edso.  <\/p>\n<ul>\n<li>CUMPLIMIENTO: Future Shock 3.0 es la estrella del espect\u00e1culo, m\u00e1s ajustable, personalizable y duradero que nunca. Ahora, independientemente de la posici\u00f3n sobre la bicicleta, cada ciclista experimenta 20 mm de recorrido suave y libre de fricci\u00f3n entre el v\u00e1stago y el tubo de direcci\u00f3n. El Future Shock ayuda a mantener tus manos y el manillar estables para un viaje m\u00e1s suave, con m\u00e1s control para seguir r\u00e1pido, seguro y confiado.  <\/li>\n<li>Nuestro dise\u00f1o de abrazadera ca\u00edda expone m\u00e1s el tubo del sill\u00edn para aumentar la deflexi\u00f3n, pero &#8220;m\u00e1s&#8221; no siempre es mejor. El tubo de sill\u00edn Pav\u00e9 controla esa deflexi\u00f3n para una conformidad vertical \u00f3ptima. Juntos crean la tecnolog\u00eda AfterShock, y cuando se combina con el tri\u00e1ngulo trasero r\u00edgido del Roubaix, ofrecen un viaje suave sin p\u00e9rdida de eficiencia.  <\/li>\n<li>El Roubaix SL8 es la bicicleta de carretera m\u00e1s suave que nuestro equipo de Ride Science ha probado, reduciendo los impactos en el manillar y el sill\u00edn en un 53% en comparaci\u00f3n con la competencia m\u00e1s cercana. Con el Future Shock 3.0 del Roubaix, la rueda se mueve r\u00e1pidamente sobre el bache, mientras que la masa del ciclista permanece estable, manteniendo el impulso en terrenos irregulares. Las horquillas t\u00edpicas se desv\u00edan hacia atr\u00e1s al impactar, lo que causa una p\u00e9rdida medible de velocidad. Es un hecho cient\u00edfico: m\u00e1s suave realmente es m\u00e1s r\u00e1pido.   <\/li>\n<li>CAPACIDAD: El Roubaix fue pionero en la geometr\u00eda de resistencia, por lo que te montas &#8220;EN&#8221; la bicicleta, no &#8220;SOBRE&#8221; la bicicleta, para aliviar la presi\u00f3n sobre tus manos, brazos y hombros, ofreciendo capacidad y confianza en cualquier carretera, pero tambi\u00e9n est\u00e1 listo para afrontar un descenso de monta\u00f1a a toda velocidad.<\/li>\n<li>Con un espacio para llantas de hasta 40 mm, esta m\u00e1quina de carretera de resistencia ofrece mejor tracci\u00f3n que nunca en carreteras irregulares e incluso en grava ligera. Gracias a los neum\u00e1ticos ligeros y super eficientes de Specialized, ese volumen extra de llanta y tracci\u00f3n no tiene inconvenientes. <\/li>\n<li>El Roubaix inspira d\u00edas realmente GRANDES sobre la bicicleta, por lo que le hemos dado todos los montajes que puedan necesitar tus aventuras: tres puntos de montaje para botellas, montajes en el tubo superior, e incluso es compatible con guardabarros. As\u00ed que, adelante, lleva todo lo que necesites para el viaje. <\/li>\n<li>RENDIMIENTO: El nuevo Roubaix SL8 es el m\u00e1s aerodin\u00e1mico hasta la fecha, con nuevas formas aerodin\u00e1micas de nuestra biblioteca Free Foil y los tirantes del asiento ca\u00eddos. Con solo 950 gramos, el cuadro es m\u00e1s ligero, aprovechando las lecciones aprendidas del Aethos, el cuadro de producci\u00f3n m\u00e1s ligero del mundo, y la mezcla de carbono Fact 10r. No hay nada en su clase que sea m\u00e1s r\u00e1pido o ligero que el Roubaix.  <\/li>\n<li>MANILLAR Specialized Hover Comp, aleaci\u00f3n, ca\u00edda de 125 mm, alcance de 75 mm con orificio Di2<\/li>\n<li>SILLIN Body Geometry Power Sport, rieles de acero<\/li>\n<li>POTENCIA Future Stem Comp<\/li>\n<li>SILL\u00cdN Abrazadera de ca\u00edda oculta<\/li>\n<li>Roubaix S-Wrap TAPE<\/li>\n<li>TIJA DE SILL\u00cdN Tija de sill\u00edn S-Works Pave<\/li>\n<li>CUADRO FACT 10R, Rider First Engineered\u2122 (RFE), tubos FreeFoil Shape Library, pedalier roscado, eje pasante de 12 x 142 mm, disco de montaje plano<\/li>\n<li>HORQUILLA Future Shock 3.1 con bota lisa, FACT Carbon 12 x 100 mm, eje pasante, disco de montaje plano<\/li>\n<li>FRENO DELANTERO Shimano Tiagra Hydraulic Disc<\/li>\n<li>FRENO TRASERO Shimano Tiagra Hydraulic Disc<\/li>\n<li>PLATOS 50\/34<\/li>\n<li>CADENA KMC X10, 10 velocidades<\/li>\n<li>DESVIADOR Shimano 105 R7100, soldadura<\/li>\n<li>CAJA DE PEDALES Shimano BSA<\/li>\n<li>PEDALES Shimano Tiagra, 10 velocidades<\/li>\n<li>MANDOS DE CAMBIO Shimano Tiagra 4720, Disco Hidr\u00e1ulico<\/li>\n<li>CAMBIO Shimnao Tiagra<\/li>\n<li>CASETE Shimano Tiagra, 10 velocidades, 11-34 dientes<\/li>\n<li>RUEDA DELANTERA Disco de \u00e9lite del eje<\/li>\n<li>RUEDA TRASERA Disco de \u00e9lite del eje<\/li>\n<li>C\u00c1MARAS 700&#215;28\/38mm, v\u00e1lvula Presta de 48mm<\/li>\n<li>TYRE. Deporte de carretera, 700x32c<\/li>\n<li>NEUM\u00c1TICO TRASERO Deporte de carretera, 700x32c<\/li>\n<\/ul>\n","protected":false},"excerpt":{"rendered":"<p>El Roubaix SL8 es la bicicleta de carretera m\u00e1s suave que nuestro equipo de Ride Science ha probado, reduciendo los impactos en el manillar y el sill\u00edn en un 53% en comparaci\u00f3n con la competencia m\u00e1s cercana<\/p>\n","protected":false},"featured_media":407942,"comment_status":"open","ping_status":"closed","template":"","meta":{"_acf_changed":false,"_et_pb_use_builder":"","_et_pb_old_content":"","_et_gb_content_width":"","inline_featured_image":false},"product_brand":[],"product_cat":[334,5319,5318],"product_tag":[],"class_list":{"0":"post-427570","1":"product","2":"type-product","3":"status-publish","4":"has-post-thumbnail","6":"product_cat-road","7":"product_cat-bicicletas-carretera-carbono-en","8":"product_cat-bicicletas-carretera-specialized-en","10":"first","11":"instock","12":"sale","13":"taxable","14":"shipping-taxable","15":"purchasable","16":"product-type-variable","17":"wvs-archive-product-wrapper"},"acf":[],"yoast_head":"<!-- This site is optimized with the Yoast SEO Premium plugin v26.7 (Yoast SEO v26.7) - https:\/\/yoast.com\/wordpress\/plugins\/seo\/ -->\n<title>Specialized Roubaix Base 2025 GR-100 Specialized Roubaix Base<\/title>\n<meta name=\"description\" content=\"Creamos la categor\u00eda de carretera de resistencia hace dos d\u00e9cadas, demostrando que una alta ergonom\u00eda se traduce en un alto rendimiento\" \/>\n<meta name=\"robots\" content=\"index, follow, max-snippet:-1, max-image-preview:large, max-video-preview:-1\" \/>\n<link rel=\"canonical\" href=\"https:\/\/gr-100.com\/en\/producto\/specialized-roubaix-base-2025\/\" \/>\n<meta property=\"og:locale\" content=\"en_US\" \/>\n<meta property=\"og:type\" content=\"article\" \/>\n<meta property=\"og:title\" content=\"Specialized Roubaix Base 2025\" \/>\n<meta property=\"og:description\" content=\"Creamos la categor\u00eda de carretera de resistencia hace dos d\u00e9cadas, demostrando que una alta ergonom\u00eda se traduce en un alto rendimiento\" \/>\n<meta property=\"og:url\" content=\"https:\/\/gr-100.com\/en\/producto\/specialized-roubaix-base-2025\/\" \/>\n<meta property=\"og:site_name\" content=\"Gr-100 Tienda de ciclismo Specialized\" \/>\n<meta property=\"article:publisher\" content=\"https:\/\/www.facebook.com\/Gr100Bikes\" \/>\n<meta property=\"og:image\" content=\"https:\/\/gr-100.com\/wp-content\/uploads\/2025\/05\/94423-70_ROUBAIX-RSTDRED-22.jpg\" \/>\n\t<meta property=\"og:image:width\" content=\"1000\" \/>\n\t<meta property=\"og:image:height\" content=\"1000\" \/>\n\t<meta property=\"og:image:type\" content=\"image\/jpeg\" \/>\n<meta name=\"twitter:card\" content=\"summary_large_image\" \/>\n<meta name=\"twitter:label1\" content=\"Est. reading time\" \/>\n\t<meta name=\"twitter:data1\" content=\"4 minutes\" \/>\n<script type=\"application\/ld+json\" class=\"yoast-schema-graph\">{\"@context\":\"https:\/\/schema.org\",\"@graph\":[{\"@type\":\"WebPage\",\"@id\":\"https:\/\/gr-100.com\/en\/producto\/specialized-roubaix-base-2025\/\",\"url\":\"https:\/\/gr-100.com\/en\/producto\/specialized-roubaix-base-2025\/\",\"name\":\"Specialized Roubaix Base 2025 GR-100 Specialized Roubaix Base\",\"isPartOf\":{\"@id\":\"https:\/\/gr-100.com\/#website\"},\"primaryImageOfPage\":{\"@id\":\"https:\/\/gr-100.com\/en\/producto\/specialized-roubaix-base-2025\/#primaryimage\"},\"image\":{\"@id\":\"https:\/\/gr-100.com\/en\/producto\/specialized-roubaix-base-2025\/#primaryimage\"},\"thumbnailUrl\":\"https:\/\/gr-100.com\/wp-content\/uploads\/2025\/05\/94423-70_ROUBAIX-RSTDRED-22.jpg\",\"datePublished\":\"2025-05-12T09:34:45+00:00\",\"description\":\"Creamos la categor\u00eda de carretera de resistencia hace dos d\u00e9cadas, demostrando que una alta ergonom\u00eda se traduce en un alto rendimiento\",\"breadcrumb\":{\"@id\":\"https:\/\/gr-100.com\/en\/producto\/specialized-roubaix-base-2025\/#breadcrumb\"},\"inLanguage\":\"en-US\",\"potentialAction\":[{\"@type\":\"ReadAction\",\"target\":[\"https:\/\/gr-100.com\/en\/producto\/specialized-roubaix-base-2025\/\"]}]},{\"@type\":\"ImageObject\",\"inLanguage\":\"en-US\",\"@id\":\"https:\/\/gr-100.com\/en\/producto\/specialized-roubaix-base-2025\/#primaryimage\",\"url\":\"https:\/\/gr-100.com\/wp-content\/uploads\/2025\/05\/94423-70_ROUBAIX-RSTDRED-22.jpg\",\"contentUrl\":\"https:\/\/gr-100.com\/wp-content\/uploads\/2025\/05\/94423-70_ROUBAIX-RSTDRED-22.jpg\",\"width\":1000,\"height\":1000},{\"@type\":\"BreadcrumbList\",\"@id\":\"https:\/\/gr-100.com\/en\/producto\/specialized-roubaix-base-2025\/#breadcrumb\",\"itemListElement\":[{\"@type\":\"ListItem\",\"position\":1,\"name\":\"Portada\",\"item\":\"https:\/\/gr-100.com\/pt-pt\/\"},{\"@type\":\"ListItem\",\"position\":2,\"name\":\"Productos\",\"item\":\"https:\/\/gr-100.com\/?post_type=product\"},{\"@type\":\"ListItem\",\"position\":3,\"name\":\"Specialized Roubaix Base 2025\"}]},{\"@type\":\"WebSite\",\"@id\":\"https:\/\/gr-100.com\/#website\",\"url\":\"https:\/\/gr-100.com\/\",\"name\":\"Gr-100 Tienda de ciclismo Specialized\",\"description\":\"GR-100 tenemos todas las gamas de bicicletas Specialized al mejor precio.\",\"publisher\":{\"@id\":\"https:\/\/gr-100.com\/#organization\"},\"alternateName\":\"Gr-100 Bikes\",\"potentialAction\":[{\"@type\":\"SearchAction\",\"target\":{\"@type\":\"EntryPoint\",\"urlTemplate\":\"https:\/\/gr-100.com\/?s={search_term_string}\"},\"query-input\":{\"@type\":\"PropertyValueSpecification\",\"valueRequired\":true,\"valueName\":\"search_term_string\"}}],\"inLanguage\":\"en-US\"},{\"@type\":\"Organization\",\"@id\":\"https:\/\/gr-100.com\/#organization\",\"name\":\"Gr-100\",\"url\":\"https:\/\/gr-100.com\/\",\"logo\":{\"@type\":\"ImageObject\",\"inLanguage\":\"en-US\",\"@id\":\"https:\/\/gr-100.com\/#\/schema\/logo\/image\/\",\"url\":\"https:\/\/gr-100.com\/wp-content\/uploads\/2023\/08\/logo-gr-100-bikes.png\",\"contentUrl\":\"https:\/\/gr-100.com\/wp-content\/uploads\/2023\/08\/logo-gr-100-bikes.png\",\"width\":707,\"height\":284,\"caption\":\"Gr-100\"},\"image\":{\"@id\":\"https:\/\/gr-100.com\/#\/schema\/logo\/image\/\"},\"sameAs\":[\"https:\/\/www.facebook.com\/Gr100Bikes\",\"https:\/\/www.instagram.com\/gr100bikes\/\",\"https:\/\/www.tiktok.com\/@gr100bikes\",\"https:\/\/twitter.com\/gr100mtbteam\",\"https:\/\/www.youtube.com\/c\/GR100Specialized\"]}]}<\/script>\n<!-- \/ Yoast SEO Premium plugin. -->","yoast_head_json":{"title":"Specialized Roubaix Base 2025 GR-100 Specialized Roubaix Base","description":"Creamos la categor\u00eda de carretera de resistencia hace dos d\u00e9cadas, demostrando que una alta ergonom\u00eda se traduce en un alto rendimiento","robots":{"index":"index","follow":"follow","max-snippet":"max-snippet:-1","max-image-preview":"max-image-preview:large","max-video-preview":"max-video-preview:-1"},"canonical":"https:\/\/gr-100.com\/en\/producto\/specialized-roubaix-base-2025\/","og_locale":"en_US","og_type":"article","og_title":"Specialized Roubaix Base 2025","og_description":"Creamos la categor\u00eda de carretera de resistencia hace dos d\u00e9cadas, demostrando que una alta ergonom\u00eda se traduce en un alto rendimiento","og_url":"https:\/\/gr-100.com\/en\/producto\/specialized-roubaix-base-2025\/","og_site_name":"Gr-100 Tienda de ciclismo Specialized","article_publisher":"https:\/\/www.facebook.com\/Gr100Bikes","og_image":[{"width":1000,"height":1000,"url":"https:\/\/gr-100.com\/wp-content\/uploads\/2025\/05\/94423-70_ROUBAIX-RSTDRED-22.jpg","type":"image\/jpeg"}],"twitter_card":"summary_large_image","twitter_misc":{"Est. reading time":"4 minutes"},"schema":{"@context":"https:\/\/schema.org","@graph":[{"@type":"WebPage","@id":"https:\/\/gr-100.com\/en\/producto\/specialized-roubaix-base-2025\/","url":"https:\/\/gr-100.com\/en\/producto\/specialized-roubaix-base-2025\/","name":"Specialized Roubaix Base 2025 GR-100 Specialized Roubaix Base","isPartOf":{"@id":"https:\/\/gr-100.com\/#website"},"primaryImageOfPage":{"@id":"https:\/\/gr-100.com\/en\/producto\/specialized-roubaix-base-2025\/#primaryimage"},"image":{"@id":"https:\/\/gr-100.com\/en\/producto\/specialized-roubaix-base-2025\/#primaryimage"},"thumbnailUrl":"https:\/\/gr-100.com\/wp-content\/uploads\/2025\/05\/94423-70_ROUBAIX-RSTDRED-22.jpg","datePublished":"2025-05-12T09:34:45+00:00","description":"Creamos la categor\u00eda de carretera de resistencia hace dos d\u00e9cadas, demostrando que una alta ergonom\u00eda se traduce en un alto rendimiento","breadcrumb":{"@id":"https:\/\/gr-100.com\/en\/producto\/specialized-roubaix-base-2025\/#breadcrumb"},"inLanguage":"en-US","potentialAction":[{"@type":"ReadAction","target":["https:\/\/gr-100.com\/en\/producto\/specialized-roubaix-base-2025\/"]}]},{"@type":"ImageObject","inLanguage":"en-US","@id":"https:\/\/gr-100.com\/en\/producto\/specialized-roubaix-base-2025\/#primaryimage","url":"https:\/\/gr-100.com\/wp-content\/uploads\/2025\/05\/94423-70_ROUBAIX-RSTDRED-22.jpg","contentUrl":"https:\/\/gr-100.com\/wp-content\/uploads\/2025\/05\/94423-70_ROUBAIX-RSTDRED-22.jpg","width":1000,"height":1000},{"@type":"BreadcrumbList","@id":"https:\/\/gr-100.com\/en\/producto\/specialized-roubaix-base-2025\/#breadcrumb","itemListElement":[{"@type":"ListItem","position":1,"name":"Portada","item":"https:\/\/gr-100.com\/pt-pt\/"},{"@type":"ListItem","position":2,"name":"Productos","item":"https:\/\/gr-100.com\/?post_type=product"},{"@type":"ListItem","position":3,"name":"Specialized Roubaix Base 2025"}]},{"@type":"WebSite","@id":"https:\/\/gr-100.com\/#website","url":"https:\/\/gr-100.com\/","name":"Gr-100 Tienda de ciclismo Specialized","description":"GR-100 tenemos todas las gamas de bicicletas Specialized al mejor precio.","publisher":{"@id":"https:\/\/gr-100.com\/#organization"},"alternateName":"Gr-100 Bikes","potentialAction":[{"@type":"SearchAction","target":{"@type":"EntryPoint","urlTemplate":"https:\/\/gr-100.com\/?s={search_term_string}"},"query-input":{"@type":"PropertyValueSpecification","valueRequired":true,"valueName":"search_term_string"}}],"inLanguage":"en-US"},{"@type":"Organization","@id":"https:\/\/gr-100.com\/#organization","name":"Gr-100","url":"https:\/\/gr-100.com\/","logo":{"@type":"ImageObject","inLanguage":"en-US","@id":"https:\/\/gr-100.com\/#\/schema\/logo\/image\/","url":"https:\/\/gr-100.com\/wp-content\/uploads\/2023\/08\/logo-gr-100-bikes.png","contentUrl":"https:\/\/gr-100.com\/wp-content\/uploads\/2023\/08\/logo-gr-100-bikes.png","width":707,"height":284,"caption":"Gr-100"},"image":{"@id":"https:\/\/gr-100.com\/#\/schema\/logo\/image\/"},"sameAs":["https:\/\/www.facebook.com\/Gr100Bikes","https:\/\/www.instagram.com\/gr100bikes\/","https:\/\/www.tiktok.com\/@gr100bikes","https:\/\/twitter.com\/gr100mtbteam","https:\/\/www.youtube.com\/c\/GR100Specialized"]}]}},"_links":{"self":[{"href":"https:\/\/gr-100.com\/en\/wp-json\/wp\/v2\/product\/427570","targetHints":{"allow":["GET"]}}],"collection":[{"href":"https:\/\/gr-100.com\/en\/wp-json\/wp\/v2\/product"}],"about":[{"href":"https:\/\/gr-100.com\/en\/wp-json\/wp\/v2\/types\/product"}],"replies":[{"embeddable":true,"href":"https:\/\/gr-100.com\/en\/wp-json\/wp\/v2\/comments?post=427570"}],"wp:featuredmedia":[{"embeddable":true,"href":"https:\/\/gr-100.com\/en\/wp-json\/wp\/v2\/media\/407942"}],"wp:attachment":[{"href":"https:\/\/gr-100.com\/en\/wp-json\/wp\/v2\/media?parent=427570"}],"wp:term":[{"taxonomy":"product_brand","embeddable":true,"href":"https:\/\/gr-100.com\/en\/wp-json\/wp\/v2\/product_brand?post=427570"},{"taxonomy":"product_cat","embeddable":true,"href":"https:\/\/gr-100.com\/en\/wp-json\/wp\/v2\/product_cat?post=427570"},{"taxonomy":"product_tag","embeddable":true,"href":"https:\/\/gr-100.com\/en\/wp-json\/wp\/v2\/product_tag?post=427570"}],"curies":[{"name":"wp","href":"https:\/\/api.w.org\/{rel}","templated":true}]}}