{"id":427590,"date":"2025-05-09T10:27:20","date_gmt":"2025-05-09T09:27:20","guid":{"rendered":"https:\/\/gr-100.com\/producto\/s-works-shiv-tt-frameset-25\/"},"modified":"2026-01-21T01:25:12","modified_gmt":"2026-01-20T23:25:12","slug":"s-works-shiv-tt-frameset-25","status":"publish","type":"product","link":"https:\/\/gr-100.com\/en\/producto\/s-works-shiv-tt-frameset-25\/","title":{"rendered":"S-Works Shiv TT Frameset 25"},"content":{"rendered":"<p>Durante a\u00f1os, las bicicletas de contrarreloj han tenido atributos muy similares: delgadas, perfiles aerodin\u00e1micos profundos, dif\u00edcil manejabilidad, frenada por debajo de lo normal y cuadros pesados. Para los trazados &#8220;planos y r\u00e1pidos&#8221; de anta\u00f1o, estas cualidades pod\u00edan ser aceptables, pero con los trazados t\u00e9cnicamente exigentes de hoy, las bicicletas TT necesitaban un cambio. Y con esto en mente, hemos llevado las regulaciones de UCI a sus l\u00edmites al a\u00f1adir frenos de disco, rebajar el peso y marcar un nuevo concepto en ajuste en la nueva Shiv TT. \u00bfEs la bicicleta TT con mejor ajuste que hay? S\u00ed, pero sin descartar nada en aras de la aerodin\u00e1mica. As\u00ed que estamos preparados para otra d\u00e9cada de medallas de oro.     <\/p>\n<ul>\n<li>A medida que los trazados de contrarreloj se han vuelto m\u00e1s t\u00e9cnicos y exigentes, es importante aprovechar los a\u00f1os de investigaci\u00f3n y desarrollo, y los comentarios de los usuarios para crear la bicicleta de contrarreloj m\u00e1s r\u00e1pida en todos los trazados. Desde los pr\u00f3logos t\u00e9cnicos del centro de la ciudad hasta los trazados de carrera con altas calificaciones, no se trata solo de hacer la bicicleta m\u00e1s r\u00e1pida en una l\u00ednea recta. Teniendo esto en cuenta, hemos reducido el peso y aumentado considerablemente las caracter\u00edsticas de manejabilidad de la Shiv TT con una silueta completamente nueva.  <\/li>\n<li>El ajuste tambi\u00e9n ha sido uno de los mayores pilares en el dise\u00f1o de la nueva Shiv TT. Con los datos recopilados durante a\u00f1os por Ret\u00fcl y los datos de ciclistas profesionales, hemos renovado completamente la geometr\u00eda y la parte delantera de la bicicleta. Los espaciadores, el puente y los reposabrazos actualizados son ajustables, mejorando la estabilidad y la confianza, mientras que el manillar y potencia de una pieza simplifican y aligeran el peso de la parte delantera, mejorando la sensaci\u00f3n general.  <\/li>\n<li>Los frenos de disco son ahora una necesidad en TTs con climatolog\u00eda variable, curvas cerradas y superficies rugosas. No solo te permiten frenar en las curvas y desplazarse sobre el manillar, sino que tambi\u00e9n se crea un chasis m\u00e1s estable en curvas y en las aceleraciones. Y no te preocupes, no habr\u00e1 ninguna resistencia adicional.  <\/li>\n<li>Technical specifications<\/li>\n<li>PICTURE<\/li>\n<li>S-Works FACT 11r carbon, Win Tunnel Engineered, UCI Legal, internal electric only cable routing, BSA Threaded, 12x142mm thru-axle, flat-mount disc<\/li>\n<li>Suspension<\/li>\n<li>FORK<\/li>\n<li>S-Works FACT carbon, UCI Legal, 100x12mm thru-axle, flat-mount disc<\/li>\n<li>Cockpit<\/li>\n<li>SEATPOST<\/li>\n<li>2019 S-Works Venge aero seatpost, FACT carbon, Di2-compatible<\/li>\n<li>POWER<\/li>\n<li>Shiv TT Basebar with integrated stem cover<\/li>\n<li>SADDLE<\/li>\n<li>Shiv TT integrated wedge<\/li>\n<li>HANDLEBAR<\/li>\n<li>Specialized Shiv TT Integrated bar\/stem aerobar<\/li>\n<li>Weight<\/li>\n<li>2.69 kg (5 lb, 14.9 oz)<\/li>\n<\/ul>\n","protected":false},"excerpt":{"rendered":"<p>El S-Works Shiv TT Disc Module es el lienzo perfecto para comenzar a construir la plataforma de tus sue\u00f1os TT.<\/p>\n","protected":false},"featured_media":407892,"comment_status":"open","ping_status":"closed","template":"","meta":{"_acf_changed":false,"_et_pb_use_builder":"","_et_pb_old_content":"","_et_gb_content_width":"","inline_featured_image":false},"product_brand":[],"product_cat":[334,5320,5319,5321,5317,5318],"product_tag":[],"class_list":{"0":"post-427590","1":"product","2":"type-product","3":"status-publish","4":"has-post-thumbnail","6":"product_cat-road","7":"product_cat-bicicletas-carretera-aero-en","8":"product_cat-bicicletas-carretera-carbono-en","9":"product_cat-bicicletas-carretera-cuadros-en","10":"product_cat-bicicletas-carretera-s-works-en","11":"product_cat-bicicletas-carretera-specialized-en","13":"first","14":"instock","15":"sale","16":"taxable","17":"shipping-taxable","18":"purchasable","19":"product-type-variable","20":"wvs-archive-product-wrapper"},"acf":[],"yoast_head":"<!-- This site is optimized with the Yoast SEO Premium plugin v26.7 (Yoast SEO v26.7) - https:\/\/yoast.com\/wordpress\/plugins\/seo\/ -->\n<title>S-Works Shiv TT Frameset 25 S-Works Shiv TT Frameset 25<\/title>\n<meta name=\"description\" content=\"El S-Works Shiv TT Disc Module es el lienzo perfecto para comenzar a construir la plataforma de tus sue\u00f1os TT. 2.69 kg (5 lb, 14.9 oz)\" \/>\n<meta name=\"robots\" content=\"index, follow, max-snippet:-1, max-image-preview:large, max-video-preview:-1\" \/>\n<link rel=\"canonical\" href=\"https:\/\/gr-100.com\/en\/producto\/s-works-shiv-tt-frameset-25\/\" \/>\n<meta property=\"og:locale\" content=\"en_US\" \/>\n<meta property=\"og:type\" content=\"article\" \/>\n<meta property=\"og:title\" content=\"S-Works Shiv TT Frameset 25\" \/>\n<meta property=\"og:description\" content=\"El S-Works Shiv TT Disc Module es el lienzo perfecto para comenzar a construir la plataforma de tus sue\u00f1os TT. 2.69 kg (5 lb, 14.9 oz)\" \/>\n<meta property=\"og:url\" content=\"https:\/\/gr-100.com\/en\/producto\/s-works-shiv-tt-frameset-25\/\" \/>\n<meta property=\"og:site_name\" content=\"Gr-100 Tienda de ciclismo Specialized\" \/>\n<meta property=\"article:publisher\" content=\"https:\/\/www.facebook.com\/Gr100Bikes\" \/>\n<meta property=\"article:modified_time\" content=\"2026-01-20T23:25:12+00:00\" \/>\n<meta property=\"og:image\" content=\"https:\/\/gr-100.com\/wp-content\/uploads\/2025\/05\/SHIV-TT-SW-MODULE-33.jpg\" \/>\n\t<meta property=\"og:image:width\" content=\"1000\" \/>\n\t<meta property=\"og:image:height\" content=\"1000\" \/>\n\t<meta property=\"og:image:type\" content=\"image\/jpeg\" \/>\n<meta name=\"twitter:card\" content=\"summary_large_image\" \/>\n<meta name=\"twitter:label1\" content=\"Est. reading time\" \/>\n\t<meta name=\"twitter:data1\" content=\"2 minutes\" \/>\n<script type=\"application\/ld+json\" class=\"yoast-schema-graph\">{\"@context\":\"https:\/\/schema.org\",\"@graph\":[{\"@type\":\"WebPage\",\"@id\":\"https:\/\/gr-100.com\/en\/producto\/s-works-shiv-tt-frameset-25\/\",\"url\":\"https:\/\/gr-100.com\/en\/producto\/s-works-shiv-tt-frameset-25\/\",\"name\":\"S-Works Shiv TT Frameset 25 S-Works Shiv TT Frameset 25\",\"isPartOf\":{\"@id\":\"https:\/\/gr-100.com\/#website\"},\"primaryImageOfPage\":{\"@id\":\"https:\/\/gr-100.com\/en\/producto\/s-works-shiv-tt-frameset-25\/#primaryimage\"},\"image\":{\"@id\":\"https:\/\/gr-100.com\/en\/producto\/s-works-shiv-tt-frameset-25\/#primaryimage\"},\"thumbnailUrl\":\"https:\/\/gr-100.com\/wp-content\/uploads\/2025\/05\/SHIV-TT-SW-MODULE-33.jpg\",\"datePublished\":\"2025-05-09T09:27:20+00:00\",\"dateModified\":\"2026-01-20T23:25:12+00:00\",\"description\":\"El S-Works Shiv TT Disc Module es el lienzo perfecto para comenzar a construir la plataforma de tus sue\u00f1os TT. 2.69 kg (5 lb, 14.9 oz)\",\"breadcrumb\":{\"@id\":\"https:\/\/gr-100.com\/en\/producto\/s-works-shiv-tt-frameset-25\/#breadcrumb\"},\"inLanguage\":\"en-US\",\"potentialAction\":[{\"@type\":\"ReadAction\",\"target\":[\"https:\/\/gr-100.com\/en\/producto\/s-works-shiv-tt-frameset-25\/\"]}]},{\"@type\":\"ImageObject\",\"inLanguage\":\"en-US\",\"@id\":\"https:\/\/gr-100.com\/en\/producto\/s-works-shiv-tt-frameset-25\/#primaryimage\",\"url\":\"https:\/\/gr-100.com\/wp-content\/uploads\/2025\/05\/SHIV-TT-SW-MODULE-33.jpg\",\"contentUrl\":\"https:\/\/gr-100.com\/wp-content\/uploads\/2025\/05\/SHIV-TT-SW-MODULE-33.jpg\",\"width\":1000,\"height\":1000},{\"@type\":\"BreadcrumbList\",\"@id\":\"https:\/\/gr-100.com\/en\/producto\/s-works-shiv-tt-frameset-25\/#breadcrumb\",\"itemListElement\":[{\"@type\":\"ListItem\",\"position\":1,\"name\":\"Portada\",\"item\":\"https:\/\/gr-100.com\/pt-pt\/\"},{\"@type\":\"ListItem\",\"position\":2,\"name\":\"Productos\",\"item\":\"https:\/\/gr-100.com\/?post_type=product\"},{\"@type\":\"ListItem\",\"position\":3,\"name\":\"S-Works Shiv TT Frameset 25\"}]},{\"@type\":\"WebSite\",\"@id\":\"https:\/\/gr-100.com\/#website\",\"url\":\"https:\/\/gr-100.com\/\",\"name\":\"Gr-100 Tienda de ciclismo Specialized\",\"description\":\"GR-100 tenemos todas las gamas de bicicletas Specialized al mejor precio.\",\"publisher\":{\"@id\":\"https:\/\/gr-100.com\/#organization\"},\"alternateName\":\"Gr-100 Bikes\",\"potentialAction\":[{\"@type\":\"SearchAction\",\"target\":{\"@type\":\"EntryPoint\",\"urlTemplate\":\"https:\/\/gr-100.com\/?s={search_term_string}\"},\"query-input\":{\"@type\":\"PropertyValueSpecification\",\"valueRequired\":true,\"valueName\":\"search_term_string\"}}],\"inLanguage\":\"en-US\"},{\"@type\":\"Organization\",\"@id\":\"https:\/\/gr-100.com\/#organization\",\"name\":\"Gr-100\",\"url\":\"https:\/\/gr-100.com\/\",\"logo\":{\"@type\":\"ImageObject\",\"inLanguage\":\"en-US\",\"@id\":\"https:\/\/gr-100.com\/#\/schema\/logo\/image\/\",\"url\":\"https:\/\/gr-100.com\/wp-content\/uploads\/2023\/08\/logo-gr-100-bikes.png\",\"contentUrl\":\"https:\/\/gr-100.com\/wp-content\/uploads\/2023\/08\/logo-gr-100-bikes.png\",\"width\":707,\"height\":284,\"caption\":\"Gr-100\"},\"image\":{\"@id\":\"https:\/\/gr-100.com\/#\/schema\/logo\/image\/\"},\"sameAs\":[\"https:\/\/www.facebook.com\/Gr100Bikes\",\"https:\/\/www.instagram.com\/gr100bikes\/\",\"https:\/\/www.tiktok.com\/@gr100bikes\",\"https:\/\/twitter.com\/gr100mtbteam\",\"https:\/\/www.youtube.com\/c\/GR100Specialized\"]}]}<\/script>\n<!-- \/ Yoast SEO Premium plugin. -->","yoast_head_json":{"title":"S-Works Shiv TT Frameset 25 S-Works Shiv TT Frameset 25","description":"El S-Works Shiv TT Disc Module es el lienzo perfecto para comenzar a construir la plataforma de tus sue\u00f1os TT. 2.69 kg (5 lb, 14.9 oz)","robots":{"index":"index","follow":"follow","max-snippet":"max-snippet:-1","max-image-preview":"max-image-preview:large","max-video-preview":"max-video-preview:-1"},"canonical":"https:\/\/gr-100.com\/en\/producto\/s-works-shiv-tt-frameset-25\/","og_locale":"en_US","og_type":"article","og_title":"S-Works Shiv TT Frameset 25","og_description":"El S-Works Shiv TT Disc Module es el lienzo perfecto para comenzar a construir la plataforma de tus sue\u00f1os TT. 2.69 kg (5 lb, 14.9 oz)","og_url":"https:\/\/gr-100.com\/en\/producto\/s-works-shiv-tt-frameset-25\/","og_site_name":"Gr-100 Tienda de ciclismo Specialized","article_publisher":"https:\/\/www.facebook.com\/Gr100Bikes","article_modified_time":"2026-01-20T23:25:12+00:00","og_image":[{"width":1000,"height":1000,"url":"https:\/\/gr-100.com\/wp-content\/uploads\/2025\/05\/SHIV-TT-SW-MODULE-33.jpg","type":"image\/jpeg"}],"twitter_card":"summary_large_image","twitter_misc":{"Est. reading time":"2 minutes"},"schema":{"@context":"https:\/\/schema.org","@graph":[{"@type":"WebPage","@id":"https:\/\/gr-100.com\/en\/producto\/s-works-shiv-tt-frameset-25\/","url":"https:\/\/gr-100.com\/en\/producto\/s-works-shiv-tt-frameset-25\/","name":"S-Works Shiv TT Frameset 25 S-Works Shiv TT Frameset 25","isPartOf":{"@id":"https:\/\/gr-100.com\/#website"},"primaryImageOfPage":{"@id":"https:\/\/gr-100.com\/en\/producto\/s-works-shiv-tt-frameset-25\/#primaryimage"},"image":{"@id":"https:\/\/gr-100.com\/en\/producto\/s-works-shiv-tt-frameset-25\/#primaryimage"},"thumbnailUrl":"https:\/\/gr-100.com\/wp-content\/uploads\/2025\/05\/SHIV-TT-SW-MODULE-33.jpg","datePublished":"2025-05-09T09:27:20+00:00","dateModified":"2026-01-20T23:25:12+00:00","description":"El S-Works Shiv TT Disc Module es el lienzo perfecto para comenzar a construir la plataforma de tus sue\u00f1os TT. 2.69 kg (5 lb, 14.9 oz)","breadcrumb":{"@id":"https:\/\/gr-100.com\/en\/producto\/s-works-shiv-tt-frameset-25\/#breadcrumb"},"inLanguage":"en-US","potentialAction":[{"@type":"ReadAction","target":["https:\/\/gr-100.com\/en\/producto\/s-works-shiv-tt-frameset-25\/"]}]},{"@type":"ImageObject","inLanguage":"en-US","@id":"https:\/\/gr-100.com\/en\/producto\/s-works-shiv-tt-frameset-25\/#primaryimage","url":"https:\/\/gr-100.com\/wp-content\/uploads\/2025\/05\/SHIV-TT-SW-MODULE-33.jpg","contentUrl":"https:\/\/gr-100.com\/wp-content\/uploads\/2025\/05\/SHIV-TT-SW-MODULE-33.jpg","width":1000,"height":1000},{"@type":"BreadcrumbList","@id":"https:\/\/gr-100.com\/en\/producto\/s-works-shiv-tt-frameset-25\/#breadcrumb","itemListElement":[{"@type":"ListItem","position":1,"name":"Portada","item":"https:\/\/gr-100.com\/pt-pt\/"},{"@type":"ListItem","position":2,"name":"Productos","item":"https:\/\/gr-100.com\/?post_type=product"},{"@type":"ListItem","position":3,"name":"S-Works Shiv TT Frameset 25"}]},{"@type":"WebSite","@id":"https:\/\/gr-100.com\/#website","url":"https:\/\/gr-100.com\/","name":"Gr-100 Tienda de ciclismo Specialized","description":"GR-100 tenemos todas las gamas de bicicletas Specialized al mejor precio.","publisher":{"@id":"https:\/\/gr-100.com\/#organization"},"alternateName":"Gr-100 Bikes","potentialAction":[{"@type":"SearchAction","target":{"@type":"EntryPoint","urlTemplate":"https:\/\/gr-100.com\/?s={search_term_string}"},"query-input":{"@type":"PropertyValueSpecification","valueRequired":true,"valueName":"search_term_string"}}],"inLanguage":"en-US"},{"@type":"Organization","@id":"https:\/\/gr-100.com\/#organization","name":"Gr-100","url":"https:\/\/gr-100.com\/","logo":{"@type":"ImageObject","inLanguage":"en-US","@id":"https:\/\/gr-100.com\/#\/schema\/logo\/image\/","url":"https:\/\/gr-100.com\/wp-content\/uploads\/2023\/08\/logo-gr-100-bikes.png","contentUrl":"https:\/\/gr-100.com\/wp-content\/uploads\/2023\/08\/logo-gr-100-bikes.png","width":707,"height":284,"caption":"Gr-100"},"image":{"@id":"https:\/\/gr-100.com\/#\/schema\/logo\/image\/"},"sameAs":["https:\/\/www.facebook.com\/Gr100Bikes","https:\/\/www.instagram.com\/gr100bikes\/","https:\/\/www.tiktok.com\/@gr100bikes","https:\/\/twitter.com\/gr100mtbteam","https:\/\/www.youtube.com\/c\/GR100Specialized"]}]}},"_links":{"self":[{"href":"https:\/\/gr-100.com\/en\/wp-json\/wp\/v2\/product\/427590","targetHints":{"allow":["GET"]}}],"collection":[{"href":"https:\/\/gr-100.com\/en\/wp-json\/wp\/v2\/product"}],"about":[{"href":"https:\/\/gr-100.com\/en\/wp-json\/wp\/v2\/types\/product"}],"replies":[{"embeddable":true,"href":"https:\/\/gr-100.com\/en\/wp-json\/wp\/v2\/comments?post=427590"}],"wp:featuredmedia":[{"embeddable":true,"href":"https:\/\/gr-100.com\/en\/wp-json\/wp\/v2\/media\/407892"}],"wp:attachment":[{"href":"https:\/\/gr-100.com\/en\/wp-json\/wp\/v2\/media?parent=427590"}],"wp:term":[{"taxonomy":"product_brand","embeddable":true,"href":"https:\/\/gr-100.com\/en\/wp-json\/wp\/v2\/product_brand?post=427590"},{"taxonomy":"product_cat","embeddable":true,"href":"https:\/\/gr-100.com\/en\/wp-json\/wp\/v2\/product_cat?post=427590"},{"taxonomy":"product_tag","embeddable":true,"href":"https:\/\/gr-100.com\/en\/wp-json\/wp\/v2\/product_tag?post=427590"}],"curies":[{"name":"wp","href":"https:\/\/api.w.org\/{rel}","templated":true}]}}