{"id":427799,"date":"2024-09-19T15:54:03","date_gmt":"2024-09-19T14:54:03","guid":{"rendered":"https:\/\/gr-100.com\/producto\/specialized-s-works-roubaix-sl8-di2-2025\/"},"modified":"2024-09-19T15:54:03","modified_gmt":"2024-09-19T13:54:03","slug":"specialized-s-works-roubaix-sl8-di2-2025","status":"publish","type":"product","link":"https:\/\/gr-100.com\/en\/producto\/specialized-s-works-roubaix-sl8-di2-2025\/","title":{"rendered":"Specialized S-Works Roubaix SL8 Di2 2025"},"content":{"rendered":"<ul>\n<li><strong>COMFORT:<\/strong> The Future Shock 3.0 is the star of the show, more adjustable and durable than ever. Now, regardless of position on the bike, every rider experiences 20mm of smooth, stiction-free travel between the stem and steerer tube. Future Shock helps keep your hands and handlebars steady for a smoother, more controlled ride for fast, safe and confident riding.  <\/li>\n<li>Our lower seatpost clamp design exposes more seatpost for increased flex, but &#8220;more&#8221; isn&#8217;t just better. The Pav\u00e9 seatpost controls that flex for optimal vertical comfort. Together they create AfterShock technology, and when combined with the Roubaix&#8217;s stiff rear triangle, they provide a smooth ride with no loss of efficiency.  <\/li>\n<li>The Roubaix SL8 is the most comfortable road bike our Ride Science team has ever tested, reducing handlebar and saddle shocks by 53% versus the nearest competition. With Roubaix&#8217;s Future Shock 3.0, the wheel moves quickly over the bump, while the rider&#8217;s mass remains stable, maintaining momentum over rough terrain. Traditional forks flex backwards on impact, causing a measurable loss of speed. It&#8217;s a scientific fact, more comfortable is faster.   <\/li>\n<li><strong>CAPACITY:<\/strong> The Roubaix pioneered the geometry of the endurance category, so it rides &#8220;ON&#8221; the bike, not &#8220;ON&#8221; the bike to relieve pressure on the hands, arms and shoulders for confidence on any road, and is ready to take on a mountain descent at full speed. Get ready! <\/li>\n<li>With a capacity for up to 38c\/40mm tires, this endurance road machine offers better traction than ever on rough trails and even light gravel. Thanks to their light weight and efficiency, Specialized tires offer extra volume and increased traction without compromising performance. <\/li>\n<li>The Roubaix inspires us to plan really BIG days on the bike, so we&#8217;ve given it all the mounts your adventures could need: three bottle cage mounts, top tube mounts and it&#8217;s even fender-ready. So go ahead, take it all with you. <\/li>\n<li><strong>PERFORMANCE:<\/strong> The new Roubaix SL8 is the most aerodynamic to date, with new aero shapes drawn from our Free Foil library and low seat stays. At just 825 grams, the frame is 50 grams lighter thanks to lessons learned from Aethos &#8211; the world&#8217;s lightest production frame &#8211; and our premium Fact 12r carbon fiber. Nothing in its class is faster or lighter than the Roubaix.  <\/li>\n<\/ul>\n<p>SPECS<\/p>\n<ul>\n<li>Supacaz Super Sticky Kush GRIPS\n<\/li>\n<li>HUG. Hidden drop clamp SADDLE\n <\/li>\n<li>SADDLE<br \/>\nS-WORKS Power with Mirror<\/li>\n<li>HANDLEBAR<br \/>\nS-WORKS Carbon Hover Drop 125mm, Reach 75mm, w\/Di2 hole<\/li>\n<li>Stem<br \/>\nS-WORKS Future Stem, w\/ Integrated Computer Mount<\/li>\n<li>TIJA DE SILL\u00cdN<br \/>\nS-Works Pave Seat post<\/li>\n<li>FRAME<br \/>\nFACT 12R, Rider First Engineered\u2122 (RFE), FreeFoil Shape Library tubes, threaded BB, 12x142mm thru-axle, flat-mount disc<\/li>\n<li>FORK<br \/>\nFuture Shock 3.3 w\/ Smooth Boot, FACT Carbon 12x100mm, thru-axle, flat-mount disc<\/li>\n<li>FRONT BRAKE<br \/>\nShimano Dura-Ace R9270, hydraulic disc<\/li>\n<li>REAR BRAKE<br \/>\nShimano Dura-Ace R9270, hydraulic disc<\/li>\n<li>PLATOS<br \/>\n50\/34t<\/li>\n<li>Shimano Dura-Ace R9270 SHIFT<br \/>\n SHIFTERS, HYDRAULIC DISC<\/li>\n<li>Shimano Dura-Ace R9250, 12-speed REAR DERAILLEUR\n<\/li>\n<li>PEDALIER<br \/>\nShimano Dura-Ace R9200, HollowTech II, 12-speed with 4iiii Precision Pro dual-sided powermeter<\/li>\n<li>DESVIADOR<br \/>\nShimano Dura-Ace R9250, braze-on<\/li>\n<li>Shimano Dura-Ace Cassette<br \/>\n, 12-speed, 11-34t<\/li>\n<li>CAJA PEDALIER<br \/>\nShimano Dura-Ace, BB-R9100<\/li>\n<li>Shimano Dura-Ace CHAIN<br \/>\n, 12-speed<\/li>\n<li>CHAMBERS<br \/>\n700&#215;28\/38mm, 60mm Presta valve<\/li>\n<li>TYRE.<br \/>\nS-Works Mondo 2BR, 700x32c<\/li>\n<li>REAR<br \/>\n TIRES-Works Mondo 2BR, 700x32c<\/li>\n<li>FRONT WHEEL<br \/>\nRoval Terra CLX II, 25mm internal width, 32mm depth, 21h, Tubeless ready, Roval LFD hub with ceramic SINC bearings, Centerlock disc, DT Swiss Aerolite spokes<\/li>\n<li>REAR WHEEL<br \/>\nRoval Terra CLX II, 25mm internal width, 32mm depth, 24h, Tubeless ready, Roval LFD hub with ceramic SINC bearings, Centerlock disc, DT Swiss Aerolite spokes<\/li>\n<\/ul>\n","protected":false},"excerpt":{"rendered":"<p>The new Roubaix SL8 with Future Shock 3.0 is lighter, faster and more comfortable than any road bike ever made.<\/p>\n","protected":false},"featured_media":390834,"comment_status":"open","ping_status":"closed","template":"","meta":{"_acf_changed":false,"_et_pb_use_builder":"","_et_pb_old_content":"","_et_gb_content_width":"","inline_featured_image":false},"product_brand":[],"product_cat":[2449,334,5319,5317,5318],"product_tag":[],"class_list":{"0":"post-427799","1":"product","2":"type-product","3":"status-publish","4":"has-post-thumbnail","6":"product_cat-bicycles","7":"product_cat-road","8":"product_cat-bicicletas-carretera-carbono-en","9":"product_cat-bicicletas-carretera-s-works-en","10":"product_cat-bicicletas-carretera-specialized-en","11":"product_shipping_class-bicicletas-en","13":"first","14":"instock","15":"sale","16":"taxable","17":"shipping-taxable","18":"purchasable","19":"product-type-variable","20":"wvs-archive-product-wrapper"},"acf":[],"yoast_head":"<!-- This site is optimized with the Yoast SEO Premium plugin v26.7 (Yoast SEO v26.7) - https:\/\/yoast.com\/wordpress\/plugins\/seo\/ -->\n<title>Specialized S-Works Roubaix SL8 Di2 2025 GR-100<\/title>\n<meta name=\"description\" content=\"La nueva Roubaix SL8 con Future Shock 3.0 es m\u00e1s ligera, r\u00e1pida y c\u00f3moda que cualquier bicicleta de carretera jam\u00e1s fabricada,\" \/>\n<meta name=\"robots\" content=\"index, follow, max-snippet:-1, max-image-preview:large, max-video-preview:-1\" \/>\n<link rel=\"canonical\" href=\"https:\/\/gr-100.com\/en\/producto\/specialized-s-works-roubaix-sl8-di2-2025\/\" \/>\n<meta property=\"og:locale\" content=\"en_US\" \/>\n<meta property=\"og:type\" content=\"article\" \/>\n<meta property=\"og:title\" content=\"Specialized S-Works Roubaix SL8 Di2 2025\" \/>\n<meta property=\"og:description\" content=\"La nueva Roubaix SL8 con Future Shock 3.0 es m\u00e1s ligera, r\u00e1pida y c\u00f3moda que cualquier bicicleta de carretera jam\u00e1s fabricada,\" \/>\n<meta property=\"og:url\" content=\"https:\/\/gr-100.com\/en\/producto\/specialized-s-works-roubaix-sl8-di2-2025\/\" \/>\n<meta property=\"og:site_name\" content=\"Gr-100 Tienda de ciclismo Specialized\" \/>\n<meta property=\"article:publisher\" content=\"https:\/\/www.facebook.com\/Gr100Bikes\" \/>\n<meta property=\"og:image\" content=\"https:\/\/gr-100.com\/wp-content\/uploads\/2024\/09\/S-Works-Roubaix-SL8-Di2-1.jpg\" \/>\n\t<meta property=\"og:image:width\" content=\"1080\" \/>\n\t<meta property=\"og:image:height\" content=\"1080\" \/>\n\t<meta property=\"og:image:type\" content=\"image\/jpeg\" \/>\n<meta name=\"twitter:card\" content=\"summary_large_image\" \/>\n<meta name=\"twitter:label1\" content=\"Est. reading time\" \/>\n\t<meta name=\"twitter:data1\" content=\"3 minutes\" \/>\n<script type=\"application\/ld+json\" class=\"yoast-schema-graph\">{\"@context\":\"https:\/\/schema.org\",\"@graph\":[{\"@type\":\"WebPage\",\"@id\":\"https:\/\/gr-100.com\/en\/producto\/specialized-s-works-roubaix-sl8-di2-2025\/\",\"url\":\"https:\/\/gr-100.com\/en\/producto\/specialized-s-works-roubaix-sl8-di2-2025\/\",\"name\":\"Specialized S-Works Roubaix SL8 Di2 2025 GR-100\",\"isPartOf\":{\"@id\":\"https:\/\/gr-100.com\/#website\"},\"primaryImageOfPage\":{\"@id\":\"https:\/\/gr-100.com\/en\/producto\/specialized-s-works-roubaix-sl8-di2-2025\/#primaryimage\"},\"image\":{\"@id\":\"https:\/\/gr-100.com\/en\/producto\/specialized-s-works-roubaix-sl8-di2-2025\/#primaryimage\"},\"thumbnailUrl\":\"https:\/\/gr-100.com\/wp-content\/uploads\/2024\/09\/S-Works-Roubaix-SL8-Di2-1.jpg\",\"datePublished\":\"2024-09-19T14:54:03+00:00\",\"description\":\"La nueva Roubaix SL8 con Future Shock 3.0 es m\u00e1s ligera, r\u00e1pida y c\u00f3moda que cualquier bicicleta de carretera jam\u00e1s fabricada,\",\"breadcrumb\":{\"@id\":\"https:\/\/gr-100.com\/en\/producto\/specialized-s-works-roubaix-sl8-di2-2025\/#breadcrumb\"},\"inLanguage\":\"en-US\",\"potentialAction\":[{\"@type\":\"ReadAction\",\"target\":[\"https:\/\/gr-100.com\/en\/producto\/specialized-s-works-roubaix-sl8-di2-2025\/\"]}]},{\"@type\":\"ImageObject\",\"inLanguage\":\"en-US\",\"@id\":\"https:\/\/gr-100.com\/en\/producto\/specialized-s-works-roubaix-sl8-di2-2025\/#primaryimage\",\"url\":\"https:\/\/gr-100.com\/wp-content\/uploads\/2024\/09\/S-Works-Roubaix-SL8-Di2-1.jpg\",\"contentUrl\":\"https:\/\/gr-100.com\/wp-content\/uploads\/2024\/09\/S-Works-Roubaix-SL8-Di2-1.jpg\",\"width\":1080,\"height\":1080},{\"@type\":\"BreadcrumbList\",\"@id\":\"https:\/\/gr-100.com\/en\/producto\/specialized-s-works-roubaix-sl8-di2-2025\/#breadcrumb\",\"itemListElement\":[{\"@type\":\"ListItem\",\"position\":1,\"name\":\"Portada\",\"item\":\"https:\/\/gr-100.com\/pt-pt\/\"},{\"@type\":\"ListItem\",\"position\":2,\"name\":\"Productos\",\"item\":\"https:\/\/gr-100.com\/?post_type=product\"},{\"@type\":\"ListItem\",\"position\":3,\"name\":\"Specialized S-Works Roubaix SL8 Di2 2025\"}]},{\"@type\":\"WebSite\",\"@id\":\"https:\/\/gr-100.com\/#website\",\"url\":\"https:\/\/gr-100.com\/\",\"name\":\"Gr-100 Tienda de ciclismo Specialized\",\"description\":\"GR-100 tenemos todas las gamas de bicicletas Specialized al mejor precio.\",\"publisher\":{\"@id\":\"https:\/\/gr-100.com\/#organization\"},\"alternateName\":\"Gr-100 Bikes\",\"potentialAction\":[{\"@type\":\"SearchAction\",\"target\":{\"@type\":\"EntryPoint\",\"urlTemplate\":\"https:\/\/gr-100.com\/?s={search_term_string}\"},\"query-input\":{\"@type\":\"PropertyValueSpecification\",\"valueRequired\":true,\"valueName\":\"search_term_string\"}}],\"inLanguage\":\"en-US\"},{\"@type\":\"Organization\",\"@id\":\"https:\/\/gr-100.com\/#organization\",\"name\":\"Gr-100\",\"url\":\"https:\/\/gr-100.com\/\",\"logo\":{\"@type\":\"ImageObject\",\"inLanguage\":\"en-US\",\"@id\":\"https:\/\/gr-100.com\/#\/schema\/logo\/image\/\",\"url\":\"https:\/\/gr-100.com\/wp-content\/uploads\/2023\/08\/logo-gr-100-bikes.png\",\"contentUrl\":\"https:\/\/gr-100.com\/wp-content\/uploads\/2023\/08\/logo-gr-100-bikes.png\",\"width\":707,\"height\":284,\"caption\":\"Gr-100\"},\"image\":{\"@id\":\"https:\/\/gr-100.com\/#\/schema\/logo\/image\/\"},\"sameAs\":[\"https:\/\/www.facebook.com\/Gr100Bikes\",\"https:\/\/www.instagram.com\/gr100bikes\/\",\"https:\/\/www.tiktok.com\/@gr100bikes\",\"https:\/\/twitter.com\/gr100mtbteam\",\"https:\/\/www.youtube.com\/c\/GR100Specialized\"]}]}<\/script>\n<!-- \/ Yoast SEO Premium plugin. -->","yoast_head_json":{"title":"Specialized S-Works Roubaix SL8 Di2 2025 GR-100","description":"La nueva Roubaix SL8 con Future Shock 3.0 es m\u00e1s ligera, r\u00e1pida y c\u00f3moda que cualquier bicicleta de carretera jam\u00e1s fabricada,","robots":{"index":"index","follow":"follow","max-snippet":"max-snippet:-1","max-image-preview":"max-image-preview:large","max-video-preview":"max-video-preview:-1"},"canonical":"https:\/\/gr-100.com\/en\/producto\/specialized-s-works-roubaix-sl8-di2-2025\/","og_locale":"en_US","og_type":"article","og_title":"Specialized S-Works Roubaix SL8 Di2 2025","og_description":"La nueva Roubaix SL8 con Future Shock 3.0 es m\u00e1s ligera, r\u00e1pida y c\u00f3moda que cualquier bicicleta de carretera jam\u00e1s fabricada,","og_url":"https:\/\/gr-100.com\/en\/producto\/specialized-s-works-roubaix-sl8-di2-2025\/","og_site_name":"Gr-100 Tienda de ciclismo Specialized","article_publisher":"https:\/\/www.facebook.com\/Gr100Bikes","og_image":[{"width":1080,"height":1080,"url":"https:\/\/gr-100.com\/wp-content\/uploads\/2024\/09\/S-Works-Roubaix-SL8-Di2-1.jpg","type":"image\/jpeg"}],"twitter_card":"summary_large_image","twitter_misc":{"Est. reading time":"3 minutes"},"schema":{"@context":"https:\/\/schema.org","@graph":[{"@type":"WebPage","@id":"https:\/\/gr-100.com\/en\/producto\/specialized-s-works-roubaix-sl8-di2-2025\/","url":"https:\/\/gr-100.com\/en\/producto\/specialized-s-works-roubaix-sl8-di2-2025\/","name":"Specialized S-Works Roubaix SL8 Di2 2025 GR-100","isPartOf":{"@id":"https:\/\/gr-100.com\/#website"},"primaryImageOfPage":{"@id":"https:\/\/gr-100.com\/en\/producto\/specialized-s-works-roubaix-sl8-di2-2025\/#primaryimage"},"image":{"@id":"https:\/\/gr-100.com\/en\/producto\/specialized-s-works-roubaix-sl8-di2-2025\/#primaryimage"},"thumbnailUrl":"https:\/\/gr-100.com\/wp-content\/uploads\/2024\/09\/S-Works-Roubaix-SL8-Di2-1.jpg","datePublished":"2024-09-19T14:54:03+00:00","description":"La nueva Roubaix SL8 con Future Shock 3.0 es m\u00e1s ligera, r\u00e1pida y c\u00f3moda que cualquier bicicleta de carretera jam\u00e1s fabricada,","breadcrumb":{"@id":"https:\/\/gr-100.com\/en\/producto\/specialized-s-works-roubaix-sl8-di2-2025\/#breadcrumb"},"inLanguage":"en-US","potentialAction":[{"@type":"ReadAction","target":["https:\/\/gr-100.com\/en\/producto\/specialized-s-works-roubaix-sl8-di2-2025\/"]}]},{"@type":"ImageObject","inLanguage":"en-US","@id":"https:\/\/gr-100.com\/en\/producto\/specialized-s-works-roubaix-sl8-di2-2025\/#primaryimage","url":"https:\/\/gr-100.com\/wp-content\/uploads\/2024\/09\/S-Works-Roubaix-SL8-Di2-1.jpg","contentUrl":"https:\/\/gr-100.com\/wp-content\/uploads\/2024\/09\/S-Works-Roubaix-SL8-Di2-1.jpg","width":1080,"height":1080},{"@type":"BreadcrumbList","@id":"https:\/\/gr-100.com\/en\/producto\/specialized-s-works-roubaix-sl8-di2-2025\/#breadcrumb","itemListElement":[{"@type":"ListItem","position":1,"name":"Portada","item":"https:\/\/gr-100.com\/pt-pt\/"},{"@type":"ListItem","position":2,"name":"Productos","item":"https:\/\/gr-100.com\/?post_type=product"},{"@type":"ListItem","position":3,"name":"Specialized S-Works Roubaix SL8 Di2 2025"}]},{"@type":"WebSite","@id":"https:\/\/gr-100.com\/#website","url":"https:\/\/gr-100.com\/","name":"Gr-100 Tienda de ciclismo Specialized","description":"GR-100 tenemos todas las gamas de bicicletas Specialized al mejor precio.","publisher":{"@id":"https:\/\/gr-100.com\/#organization"},"alternateName":"Gr-100 Bikes","potentialAction":[{"@type":"SearchAction","target":{"@type":"EntryPoint","urlTemplate":"https:\/\/gr-100.com\/?s={search_term_string}"},"query-input":{"@type":"PropertyValueSpecification","valueRequired":true,"valueName":"search_term_string"}}],"inLanguage":"en-US"},{"@type":"Organization","@id":"https:\/\/gr-100.com\/#organization","name":"Gr-100","url":"https:\/\/gr-100.com\/","logo":{"@type":"ImageObject","inLanguage":"en-US","@id":"https:\/\/gr-100.com\/#\/schema\/logo\/image\/","url":"https:\/\/gr-100.com\/wp-content\/uploads\/2023\/08\/logo-gr-100-bikes.png","contentUrl":"https:\/\/gr-100.com\/wp-content\/uploads\/2023\/08\/logo-gr-100-bikes.png","width":707,"height":284,"caption":"Gr-100"},"image":{"@id":"https:\/\/gr-100.com\/#\/schema\/logo\/image\/"},"sameAs":["https:\/\/www.facebook.com\/Gr100Bikes","https:\/\/www.instagram.com\/gr100bikes\/","https:\/\/www.tiktok.com\/@gr100bikes","https:\/\/twitter.com\/gr100mtbteam","https:\/\/www.youtube.com\/c\/GR100Specialized"]}]}},"_links":{"self":[{"href":"https:\/\/gr-100.com\/en\/wp-json\/wp\/v2\/product\/427799","targetHints":{"allow":["GET"]}}],"collection":[{"href":"https:\/\/gr-100.com\/en\/wp-json\/wp\/v2\/product"}],"about":[{"href":"https:\/\/gr-100.com\/en\/wp-json\/wp\/v2\/types\/product"}],"replies":[{"embeddable":true,"href":"https:\/\/gr-100.com\/en\/wp-json\/wp\/v2\/comments?post=427799"}],"wp:featuredmedia":[{"embeddable":true,"href":"https:\/\/gr-100.com\/en\/wp-json\/wp\/v2\/media\/390834"}],"wp:attachment":[{"href":"https:\/\/gr-100.com\/en\/wp-json\/wp\/v2\/media?parent=427799"}],"wp:term":[{"taxonomy":"product_brand","embeddable":true,"href":"https:\/\/gr-100.com\/en\/wp-json\/wp\/v2\/product_brand?post=427799"},{"taxonomy":"product_cat","embeddable":true,"href":"https:\/\/gr-100.com\/en\/wp-json\/wp\/v2\/product_cat?post=427799"},{"taxonomy":"product_tag","embeddable":true,"href":"https:\/\/gr-100.com\/en\/wp-json\/wp\/v2\/product_tag?post=427799"}],"curies":[{"name":"wp","href":"https:\/\/api.w.org\/{rel}","templated":true}]}}