{"id":427816,"date":"2025-11-10T13:46:01","date_gmt":"2025-11-10T12:46:01","guid":{"rendered":"https:\/\/gr-100.com\/producto\/specialized-s-works-crux-2026\/"},"modified":"2025-11-10T13:46:01","modified_gmt":"2025-11-10T11:46:01","slug":"specialized-s-works-crux-2026","status":"publish","type":"product","link":"https:\/\/gr-100.com\/en\/producto\/specialized-s-works-crux-2026\/","title":{"rendered":"Specialized S-works Crux 2026"},"content":{"rendered":"<ul>\n<li>M\u00e1s ligera: el cuadro de carbono 12r pesa 725 g. Hemos cogido los revolucionarios avances que hicieron de la Aethos la bicicleta m\u00e1s ligera de la historia y los hemos aplicado a la Crux. \u00bfEl resultado? Una bicicleta de gravel que sube que da gusto, vuela sobre terrenos dif\u00edciles y pesa menos que la botella que llevas llena en el portabidones.   <\/li>\n<li>Rendimiento: el paso de rueda es de 47c\/650b x 2,1\u201d. M\u00e1s espacio es sin\u00f3nimo de mayor rendimiento. Con el mismo espacio que la Diverge, la Crux te lleva a cualquier lugar a toda velocidad.  <\/li>\n<li>Una bici que responde: r\u00e1pida, flexible y reactiva. Sensible en los pedales. C\u00f3moda en el sill\u00edn. Con una geometr\u00eda adaptada al rendimiento que el gravel necesita y un dise\u00f1o influenciado por las carreras e inspirado en la ic\u00f3nica historia de la Crux en el ciclocr\u00f3s.   <\/li>\n<li>La S-Works Crux est\u00e1 equipada con la patilla de cambio universal UDH y con el nuevo SRAM RED XPLR. Adem\u00e1s, monta un cassette de 13 velocidades con una gama de pi\u00f1ones 10-46, un potenci\u00f3metro, unas manetas m\u00e1s ergon\u00f3micas y pinzas de freno que reducen el esfuerzo necesario para frenar en hasta un 80 %. <\/li>\n<li>Technical specifications<\/li>\n<li>Cuadro<br \/>\nCuadro<br \/>\nS-Works Crux FACT 12r Carbon, Rider First Engineered\u2122, Threaded BB, 12x142mm thru-axle, flat-mount disc, UDH dropout<\/li>\n<li>Suspensi\u00f3n<br \/>\nHorquilla<br \/>\nS-Works FACT Carbon, 12x100mm thru-axle, flat-mount disc<\/li>\n<li>Frenos<br \/>\nFreno delantero<br \/>\nSRAM RED AXS, hydraulic disc<br \/>\nFreno trasero<br \/>\nSRAM RED AXS, hydraulic disc<\/li>\n<li>Transmisi\u00f3n<br \/>\nCaja de pedalier<br \/>\nSRAM DUB BSA 68 Wide<br \/>\nManetas de cambio<br \/>\nSRAM RED AXS, hydraulic disc<br \/>\nDesviador trasero<br \/>\nSRAM Red XPLR, 13sp<br \/>\nCadena<br \/>\nSRAM Red XPLR, 13sp<br \/>\nCassette<br \/>\nSRAM Red XPLR, 13sp, 10-46t<br \/>\nPlatos y bielas<br \/>\nSRAM Red AXS Power Meter, 40t Chainring<\/li>\n<li>Ruedas y neum\u00e1ticos<br \/>\nNeum\u00e1tico delantero<br \/>\nPathfinder 700&#215;40, Tubeless Ready<br \/>\nNeum\u00e1tico trasero<br \/>\nPathfinder 700&#215;40, Tubeless Ready<br \/>\nC\u00e1maras<br \/>\nPresta, 700X32-50mm<br \/>\nRueda delantera<br \/>\nRoval Terra CLX II, 25mm internal width, Tubeless Ready, 32mm depth, 21h, Roval LF13 hub with ceramic SINC bearings, Centerlock disc, DT Swiss Aerolite spokes<br \/>\nRueda trasera<br \/>\nRoval Terra CLX II, 25mm internal width, Tubeless Ready, 32mm depth, 24h, Roval LF14R2, Centerlock, DT Swiss EXP internals, SRAM XDR, DT Swiss Aerolite spokes<\/li>\n<li>Cockpit<br \/>\nTija del sill\u00edn<br \/>\nRoval Alpinist Carbon Seatpost<br \/>\nManillar<br \/>\nRoval Terra, carbon, 103mm drop x 70mm reach x 12\u00ba flare<br \/>\nSill\u00edn<br \/>\nS-Works Power with Mirror<br \/>\nPotencia<br \/>\nS-Works SL, alloy, titanium bolts, 6-degree rise<br \/>\nAbrazadera del sill\u00edn<br \/>\nSpecialized Alloy, 30.0mm, titanium bolt<br \/>\nCinta de manillar<br \/>\nSupacaz Super Sticky Kush<br \/>\nDetalles del producto<\/li>\n<li>Identificador del producto<br \/>\n223487<\/li>\n<li>Peso<br \/>\nTalla<br \/>\n56<br \/>\nPeso<br \/>\n6.94 kg (15 lb, 4.8 oz)<\/li>\n<\/ul>\n","protected":false},"excerpt":{"rendered":"<p>We&#8217;ve made the Crux, the lightest gravel bike in the world, even lighter. With a great wheel arch and a perfect geometry to perform at its best off-road, this bike will be your stepping stone to gravel heaven. <\/p>\n","protected":false},"featured_media":420853,"comment_status":"open","ping_status":"closed","template":"","meta":{"_acf_changed":false,"_et_pb_use_builder":"","_et_pb_old_content":"","_et_gb_content_width":"","inline_featured_image":false},"product_brand":[],"product_cat":[2449,2484,5304,5303,5302],"product_tag":[],"class_list":{"0":"post-427816","1":"product","2":"type-product","3":"status-publish","4":"has-post-thumbnail","6":"product_cat-bicycles","7":"product_cat-gravel","8":"product_cat-bicicletas-gravel-aero-en","9":"product_cat-bicicletas-gravel-carbono-en","10":"product_cat-bicicletas-gravel-specialized-en","11":"product_shipping_class-bicicletas-en","13":"first","14":"instock","15":"taxable","16":"shipping-taxable","17":"purchasable","18":"product-type-variable","19":"wvs-archive-product-wrapper"},"acf":[],"yoast_head":"<!-- This site is optimized with the Yoast SEO Premium plugin v26.7 (Yoast SEO v26.7) - https:\/\/yoast.com\/wordpress\/plugins\/seo\/ -->\n<title>Specialized S-works Crux 2026 GR-100<\/title>\n<meta name=\"description\" content=\"We&#039;ve made the Crux, the lightest gravel bike in the world, even lighter. With a great wheel arch and a perfect geometry to perform at its best off-road, this bike will be your stepping stone to gravel heaven.\" \/>\n<meta name=\"robots\" content=\"index, follow, max-snippet:-1, max-image-preview:large, max-video-preview:-1\" \/>\n<link rel=\"canonical\" href=\"https:\/\/gr-100.com\/en\/producto\/specialized-s-works-crux-2026\/\" \/>\n<meta property=\"og:locale\" content=\"en_US\" \/>\n<meta property=\"og:type\" content=\"article\" \/>\n<meta property=\"og:title\" content=\"Specialized S-works Crux 2026\" \/>\n<meta property=\"og:description\" content=\"We&#039;ve made the Crux, the lightest gravel bike in the world, even lighter. With a great wheel arch and a perfect geometry to perform at its best off-road, this bike will be your stepping stone to gravel heaven.\" \/>\n<meta property=\"og:url\" content=\"https:\/\/gr-100.com\/en\/producto\/specialized-s-works-crux-2026\/\" \/>\n<meta property=\"og:site_name\" content=\"Gr-100 Tienda de ciclismo Specialized\" \/>\n<meta property=\"article:publisher\" content=\"https:\/\/www.facebook.com\/Gr100Bikes\" \/>\n<meta property=\"og:image\" content=\"https:\/\/gr-100.com\/wp-content\/uploads\/2025\/11\/Diseno-sin-titulo-2025-11-10T123129.490.jpg\" \/>\n\t<meta property=\"og:image:width\" content=\"1000\" \/>\n\t<meta property=\"og:image:height\" content=\"1000\" \/>\n\t<meta property=\"og:image:type\" content=\"image\/jpeg\" \/>\n<meta name=\"twitter:card\" content=\"summary_large_image\" \/>\n<meta name=\"twitter:label1\" content=\"Est. reading time\" \/>\n\t<meta name=\"twitter:data1\" content=\"2 minutes\" \/>\n<script type=\"application\/ld+json\" class=\"yoast-schema-graph\">{\"@context\":\"https:\/\/schema.org\",\"@graph\":[{\"@type\":\"WebPage\",\"@id\":\"https:\/\/gr-100.com\/en\/producto\/specialized-s-works-crux-2026\/\",\"url\":\"https:\/\/gr-100.com\/en\/producto\/specialized-s-works-crux-2026\/\",\"name\":\"Specialized S-works Crux 2026 GR-100\",\"isPartOf\":{\"@id\":\"https:\/\/gr-100.com\/#website\"},\"primaryImageOfPage\":{\"@id\":\"https:\/\/gr-100.com\/en\/producto\/specialized-s-works-crux-2026\/#primaryimage\"},\"image\":{\"@id\":\"https:\/\/gr-100.com\/en\/producto\/specialized-s-works-crux-2026\/#primaryimage\"},\"thumbnailUrl\":\"https:\/\/gr-100.com\/wp-content\/uploads\/2025\/11\/Diseno-sin-titulo-2025-11-10T123129.490.jpg\",\"datePublished\":\"2025-11-10T12:46:01+00:00\",\"description\":\"We've made the Crux, the lightest gravel bike in the world, even lighter. With a great wheel arch and a perfect geometry to perform at its best off-road, this bike will be your stepping stone to gravel heaven.\",\"breadcrumb\":{\"@id\":\"https:\/\/gr-100.com\/en\/producto\/specialized-s-works-crux-2026\/#breadcrumb\"},\"inLanguage\":\"en-US\",\"potentialAction\":[{\"@type\":\"ReadAction\",\"target\":[\"https:\/\/gr-100.com\/en\/producto\/specialized-s-works-crux-2026\/\"]}]},{\"@type\":\"ImageObject\",\"inLanguage\":\"en-US\",\"@id\":\"https:\/\/gr-100.com\/en\/producto\/specialized-s-works-crux-2026\/#primaryimage\",\"url\":\"https:\/\/gr-100.com\/wp-content\/uploads\/2025\/11\/Diseno-sin-titulo-2025-11-10T123129.490.jpg\",\"contentUrl\":\"https:\/\/gr-100.com\/wp-content\/uploads\/2025\/11\/Diseno-sin-titulo-2025-11-10T123129.490.jpg\",\"width\":1000,\"height\":1000},{\"@type\":\"BreadcrumbList\",\"@id\":\"https:\/\/gr-100.com\/en\/producto\/specialized-s-works-crux-2026\/#breadcrumb\",\"itemListElement\":[{\"@type\":\"ListItem\",\"position\":1,\"name\":\"Portada\",\"item\":\"https:\/\/gr-100.com\/pt-pt\/\"},{\"@type\":\"ListItem\",\"position\":2,\"name\":\"Productos\",\"item\":\"https:\/\/gr-100.com\/?post_type=product\"},{\"@type\":\"ListItem\",\"position\":3,\"name\":\"Specialized S-works Crux 2026\"}]},{\"@type\":\"WebSite\",\"@id\":\"https:\/\/gr-100.com\/#website\",\"url\":\"https:\/\/gr-100.com\/\",\"name\":\"Gr-100 Tienda de ciclismo Specialized\",\"description\":\"GR-100 tenemos todas las gamas de bicicletas Specialized al mejor precio.\",\"publisher\":{\"@id\":\"https:\/\/gr-100.com\/#organization\"},\"alternateName\":\"Gr-100 Bikes\",\"potentialAction\":[{\"@type\":\"SearchAction\",\"target\":{\"@type\":\"EntryPoint\",\"urlTemplate\":\"https:\/\/gr-100.com\/?s={search_term_string}\"},\"query-input\":{\"@type\":\"PropertyValueSpecification\",\"valueRequired\":true,\"valueName\":\"search_term_string\"}}],\"inLanguage\":\"en-US\"},{\"@type\":\"Organization\",\"@id\":\"https:\/\/gr-100.com\/#organization\",\"name\":\"Gr-100\",\"url\":\"https:\/\/gr-100.com\/\",\"logo\":{\"@type\":\"ImageObject\",\"inLanguage\":\"en-US\",\"@id\":\"https:\/\/gr-100.com\/#\/schema\/logo\/image\/\",\"url\":\"https:\/\/gr-100.com\/wp-content\/uploads\/2023\/08\/logo-gr-100-bikes.png\",\"contentUrl\":\"https:\/\/gr-100.com\/wp-content\/uploads\/2023\/08\/logo-gr-100-bikes.png\",\"width\":707,\"height\":284,\"caption\":\"Gr-100\"},\"image\":{\"@id\":\"https:\/\/gr-100.com\/#\/schema\/logo\/image\/\"},\"sameAs\":[\"https:\/\/www.facebook.com\/Gr100Bikes\",\"https:\/\/www.instagram.com\/gr100bikes\/\",\"https:\/\/www.tiktok.com\/@gr100bikes\",\"https:\/\/twitter.com\/gr100mtbteam\",\"https:\/\/www.youtube.com\/c\/GR100Specialized\"]}]}<\/script>\n<!-- \/ Yoast SEO Premium plugin. -->","yoast_head_json":{"title":"Specialized S-works Crux 2026 GR-100","description":"We've made the Crux, the lightest gravel bike in the world, even lighter. With a great wheel arch and a perfect geometry to perform at its best off-road, this bike will be your stepping stone to gravel heaven.","robots":{"index":"index","follow":"follow","max-snippet":"max-snippet:-1","max-image-preview":"max-image-preview:large","max-video-preview":"max-video-preview:-1"},"canonical":"https:\/\/gr-100.com\/en\/producto\/specialized-s-works-crux-2026\/","og_locale":"en_US","og_type":"article","og_title":"Specialized S-works Crux 2026","og_description":"We've made the Crux, the lightest gravel bike in the world, even lighter. With a great wheel arch and a perfect geometry to perform at its best off-road, this bike will be your stepping stone to gravel heaven.","og_url":"https:\/\/gr-100.com\/en\/producto\/specialized-s-works-crux-2026\/","og_site_name":"Gr-100 Tienda de ciclismo Specialized","article_publisher":"https:\/\/www.facebook.com\/Gr100Bikes","og_image":[{"width":1000,"height":1000,"url":"https:\/\/gr-100.com\/wp-content\/uploads\/2025\/11\/Diseno-sin-titulo-2025-11-10T123129.490.jpg","type":"image\/jpeg"}],"twitter_card":"summary_large_image","twitter_misc":{"Est. reading time":"2 minutes"},"schema":{"@context":"https:\/\/schema.org","@graph":[{"@type":"WebPage","@id":"https:\/\/gr-100.com\/en\/producto\/specialized-s-works-crux-2026\/","url":"https:\/\/gr-100.com\/en\/producto\/specialized-s-works-crux-2026\/","name":"Specialized S-works Crux 2026 GR-100","isPartOf":{"@id":"https:\/\/gr-100.com\/#website"},"primaryImageOfPage":{"@id":"https:\/\/gr-100.com\/en\/producto\/specialized-s-works-crux-2026\/#primaryimage"},"image":{"@id":"https:\/\/gr-100.com\/en\/producto\/specialized-s-works-crux-2026\/#primaryimage"},"thumbnailUrl":"https:\/\/gr-100.com\/wp-content\/uploads\/2025\/11\/Diseno-sin-titulo-2025-11-10T123129.490.jpg","datePublished":"2025-11-10T12:46:01+00:00","description":"We've made the Crux, the lightest gravel bike in the world, even lighter. With a great wheel arch and a perfect geometry to perform at its best off-road, this bike will be your stepping stone to gravel heaven.","breadcrumb":{"@id":"https:\/\/gr-100.com\/en\/producto\/specialized-s-works-crux-2026\/#breadcrumb"},"inLanguage":"en-US","potentialAction":[{"@type":"ReadAction","target":["https:\/\/gr-100.com\/en\/producto\/specialized-s-works-crux-2026\/"]}]},{"@type":"ImageObject","inLanguage":"en-US","@id":"https:\/\/gr-100.com\/en\/producto\/specialized-s-works-crux-2026\/#primaryimage","url":"https:\/\/gr-100.com\/wp-content\/uploads\/2025\/11\/Diseno-sin-titulo-2025-11-10T123129.490.jpg","contentUrl":"https:\/\/gr-100.com\/wp-content\/uploads\/2025\/11\/Diseno-sin-titulo-2025-11-10T123129.490.jpg","width":1000,"height":1000},{"@type":"BreadcrumbList","@id":"https:\/\/gr-100.com\/en\/producto\/specialized-s-works-crux-2026\/#breadcrumb","itemListElement":[{"@type":"ListItem","position":1,"name":"Portada","item":"https:\/\/gr-100.com\/pt-pt\/"},{"@type":"ListItem","position":2,"name":"Productos","item":"https:\/\/gr-100.com\/?post_type=product"},{"@type":"ListItem","position":3,"name":"Specialized S-works Crux 2026"}]},{"@type":"WebSite","@id":"https:\/\/gr-100.com\/#website","url":"https:\/\/gr-100.com\/","name":"Gr-100 Tienda de ciclismo Specialized","description":"GR-100 tenemos todas las gamas de bicicletas Specialized al mejor precio.","publisher":{"@id":"https:\/\/gr-100.com\/#organization"},"alternateName":"Gr-100 Bikes","potentialAction":[{"@type":"SearchAction","target":{"@type":"EntryPoint","urlTemplate":"https:\/\/gr-100.com\/?s={search_term_string}"},"query-input":{"@type":"PropertyValueSpecification","valueRequired":true,"valueName":"search_term_string"}}],"inLanguage":"en-US"},{"@type":"Organization","@id":"https:\/\/gr-100.com\/#organization","name":"Gr-100","url":"https:\/\/gr-100.com\/","logo":{"@type":"ImageObject","inLanguage":"en-US","@id":"https:\/\/gr-100.com\/#\/schema\/logo\/image\/","url":"https:\/\/gr-100.com\/wp-content\/uploads\/2023\/08\/logo-gr-100-bikes.png","contentUrl":"https:\/\/gr-100.com\/wp-content\/uploads\/2023\/08\/logo-gr-100-bikes.png","width":707,"height":284,"caption":"Gr-100"},"image":{"@id":"https:\/\/gr-100.com\/#\/schema\/logo\/image\/"},"sameAs":["https:\/\/www.facebook.com\/Gr100Bikes","https:\/\/www.instagram.com\/gr100bikes\/","https:\/\/www.tiktok.com\/@gr100bikes","https:\/\/twitter.com\/gr100mtbteam","https:\/\/www.youtube.com\/c\/GR100Specialized"]}]}},"_links":{"self":[{"href":"https:\/\/gr-100.com\/en\/wp-json\/wp\/v2\/product\/427816","targetHints":{"allow":["GET"]}}],"collection":[{"href":"https:\/\/gr-100.com\/en\/wp-json\/wp\/v2\/product"}],"about":[{"href":"https:\/\/gr-100.com\/en\/wp-json\/wp\/v2\/types\/product"}],"replies":[{"embeddable":true,"href":"https:\/\/gr-100.com\/en\/wp-json\/wp\/v2\/comments?post=427816"}],"wp:featuredmedia":[{"embeddable":true,"href":"https:\/\/gr-100.com\/en\/wp-json\/wp\/v2\/media\/420853"}],"wp:attachment":[{"href":"https:\/\/gr-100.com\/en\/wp-json\/wp\/v2\/media?parent=427816"}],"wp:term":[{"taxonomy":"product_brand","embeddable":true,"href":"https:\/\/gr-100.com\/en\/wp-json\/wp\/v2\/product_brand?post=427816"},{"taxonomy":"product_cat","embeddable":true,"href":"https:\/\/gr-100.com\/en\/wp-json\/wp\/v2\/product_cat?post=427816"},{"taxonomy":"product_tag","embeddable":true,"href":"https:\/\/gr-100.com\/en\/wp-json\/wp\/v2\/product_tag?post=427816"}],"curies":[{"name":"wp","href":"https:\/\/api.w.org\/{rel}","templated":true}]}}