{"id":428202,"date":"2025-09-25T13:01:23","date_gmt":"2025-09-25T12:01:23","guid":{"rendered":"https:\/\/gr-100.com\/producto\/specialized-diverge-4-sport-carbon-2026\/"},"modified":"2025-09-25T13:01:23","modified_gmt":"2025-09-25T11:01:23","slug":"specialized-diverge-4-sport-carbon-2026","status":"publish","type":"product","link":"https:\/\/gr-100.com\/en\/producto\/specialized-diverge-4-sport-carbon-2026\/","title":{"rendered":"Specialized Diverge 4 Sport Carbon 2026"},"content":{"rendered":"<ul>\n<li>TECHNICAL SPECIFICATIONS<\/li>\n<li>Cuadro<br \/>\nCuadro<br \/>\nSpecialized Diverge FACT 9r carbon, SWAT\u2122 Door integration, Future Shock suspension, threaded BB, internal routing, 12x142mm thru-axle, flat-mount disc, UDH dropout<\/li>\n<li>Suspensi\u00f3n<br \/>\nHorquilla<br \/>\nFuture Shock 3.1 w\/ Smooth Boot, FACT Carbon 12x100mm, thru-axle, flat-mount disc<\/li>\n<li>Frenos<br \/>\nFreno delantero<br \/>\nShimano GRX 600, Hydraulic Disc<br \/>\nFreno trasero<br \/>\nShimano GRX 600, Hydraulic Disc<\/li>\n<li>Transmisi\u00f3n<br \/>\nCaja de pedalier<br \/>\nShimano BSA Threaded 68mm<br \/>\nDesviador trasero<br \/>\nShimano GRX RX822-SGS, 12-speed<br \/>\nCassette<br \/>\nShimano SLX, CS-M7100, 12-speed, 10-51t<br \/>\nCadena<br \/>\nShimano SLX, M7100, 12-speed<br \/>\nManetas de cambio<br \/>\nShimano GRX RX820 12-speed<br \/>\nPlatos y bielas<br \/>\nShimano GRX FC-RX610, 40t<\/li>\n<li>Ruedas y neum\u00e1ticos<br \/>\nRueda delantera<br \/>\nDT Swiss G540 700c, Center Lock Disc<br \/>\nRueda trasera<br \/>\nDT Swiss G540 700c, Center Lock Disc<br \/>\nNeum\u00e1tico delantero<br \/>\nTracer 700&#215;45, Tan Sidewall, Tubeless Ready<br \/>\nNeum\u00e1tico trasero<br \/>\nTracer 700&#215;45, Tan Sidewall, Tubeless Ready<br \/>\nC\u00e1maras<br \/>\nPresta, 700&#215;32-50mm<\/li>\n<li>Cockpit<br \/>\nSill\u00edn<br \/>\nBody Geometry Power Sport, steel rails<br \/>\nTija del sill\u00edn<br \/>\nCarbon, single-bolt, 27.2mm<br \/>\nPotencia<br \/>\nFuture Stem, Comp<br \/>\nManillar<br \/>\nSpecialized Adventure Gear Hover, 103mm drop x 70mm reach x 12\u00ba flare<br \/>\nAbrazadera del sill\u00edn<br \/>\nSpecialized Alloy, 30.8mm<br \/>\nCinta de manillar<br \/>\nSupacaz Super Sticky Kush<\/li>\n<li>Accesorios<br \/>\nSWAT<br \/>\nSWAT 4.0 internal downtube storage<\/li>\n<li>Detalles del producto<br \/>\nIdentificador del producto<br \/>\n223514<\/li>\n<li>Peso<br \/>\nTalla<br \/>\n56<br \/>\nPeso<br \/>\n9.79 kg (21 lb, 9.3 oz)<\/li>\n<\/ul>\n","protected":false},"excerpt":{"rendered":"<p>La m\u00e1quina definitiva para escapar de todo<br \/>\nOptimizada para competir. Preparada para la aventura. La Diverge 4 est\u00e1 hecha para darlo todo en carreras y para hacer rutas \u00e9picas off-road. Con el Future Shock 3.1, nuestro cuadro m\u00e1s reactivo hasta la fecha, un gran paso de rueda y el mayor sistema de almacenamiento interno del sector, la mejor bici de gravel del mundo ahora es incluso mejor. Persigue el horizonte o a tus rivales. Puede hacer las dos cosas.     <\/p>\n","protected":false},"featured_media":417647,"comment_status":"open","ping_status":"closed","template":"","meta":{"_acf_changed":false,"_et_pb_use_builder":"","_et_pb_old_content":"","_et_gb_content_width":"","inline_featured_image":false},"product_brand":[],"product_cat":[2449,2484,5303,5302],"product_tag":[],"class_list":{"0":"post-428202","1":"product","2":"type-product","3":"status-publish","4":"has-post-thumbnail","6":"product_cat-bicycles","7":"product_cat-gravel","8":"product_cat-bicicletas-gravel-carbono-en","9":"product_cat-bicicletas-gravel-specialized-en","10":"product_shipping_class-bicicletas-en","12":"first","13":"instock","14":"taxable","15":"shipping-taxable","16":"purchasable","17":"product-type-variable","18":"wvs-archive-product-wrapper"},"acf":[],"yoast_head":"<!-- This site is optimized with the Yoast SEO Premium plugin v26.7 (Yoast SEO v26.7) - https:\/\/yoast.com\/wordpress\/plugins\/seo\/ -->\n<title>Specialized Diverge 4 Sport Carbon 2026 GR-100<\/title>\n<meta name=\"description\" content=\"La m\u00e1quina definitiva para escapar de todoOptimizada para competir. Preparada para la aventura. La Diverge 4 est\u00e1 hecha para darlo todo en carreras y para hacer rutas \u00e9picas off-road. Con el Future Shock 3.1, nuestro cuadro m\u00e1s reactivo hasta la fecha, un gran paso de rueda y el mayor sistema de almacenamiento interno del sector, la mejor bici de gravel del mundo ahora es incluso mejor. Persigue el horizonte o a tus rivales. Puede hacer las dos cosas.\" \/>\n<meta name=\"robots\" content=\"index, follow, max-snippet:-1, max-image-preview:large, max-video-preview:-1\" \/>\n<link rel=\"canonical\" href=\"https:\/\/gr-100.com\/en\/producto\/specialized-diverge-4-sport-carbon-2026\/\" \/>\n<meta property=\"og:locale\" content=\"en_US\" \/>\n<meta property=\"og:type\" content=\"article\" \/>\n<meta property=\"og:title\" content=\"Specialized Diverge 4 Sport Carbon 2026\" \/>\n<meta property=\"og:description\" content=\"La m\u00e1quina definitiva para escapar de todoOptimizada para competir. Preparada para la aventura. La Diverge 4 est\u00e1 hecha para darlo todo en carreras y para hacer rutas \u00e9picas off-road. Con el Future Shock 3.1, nuestro cuadro m\u00e1s reactivo hasta la fecha, un gran paso de rueda y el mayor sistema de almacenamiento interno del sector, la mejor bici de gravel del mundo ahora es incluso mejor. Persigue el horizonte o a tus rivales. Puede hacer las dos cosas.\" \/>\n<meta property=\"og:url\" content=\"https:\/\/gr-100.com\/en\/producto\/specialized-diverge-4-sport-carbon-2026\/\" \/>\n<meta property=\"og:site_name\" content=\"Gr-100 Tienda de ciclismo Specialized\" \/>\n<meta property=\"article:publisher\" content=\"https:\/\/www.facebook.com\/Gr100Bikes\" \/>\n<meta property=\"og:image\" content=\"https:\/\/gr-100.com\/wp-content\/uploads\/2025\/09\/Diseno-sin-titulo-2025-09-25T123104.472.jpg\" \/>\n\t<meta property=\"og:image:width\" content=\"1000\" \/>\n\t<meta property=\"og:image:height\" content=\"1000\" \/>\n\t<meta property=\"og:image:type\" content=\"image\/jpeg\" \/>\n<meta name=\"twitter:card\" content=\"summary_large_image\" \/>\n<meta name=\"twitter:label1\" content=\"Est. reading time\" \/>\n\t<meta name=\"twitter:data1\" content=\"1 minute\" \/>\n<script type=\"application\/ld+json\" class=\"yoast-schema-graph\">{\"@context\":\"https:\/\/schema.org\",\"@graph\":[{\"@type\":\"WebPage\",\"@id\":\"https:\/\/gr-100.com\/en\/producto\/specialized-diverge-4-sport-carbon-2026\/\",\"url\":\"https:\/\/gr-100.com\/en\/producto\/specialized-diverge-4-sport-carbon-2026\/\",\"name\":\"Specialized Diverge 4 Sport Carbon 2026 GR-100\",\"isPartOf\":{\"@id\":\"https:\/\/gr-100.com\/#website\"},\"primaryImageOfPage\":{\"@id\":\"https:\/\/gr-100.com\/en\/producto\/specialized-diverge-4-sport-carbon-2026\/#primaryimage\"},\"image\":{\"@id\":\"https:\/\/gr-100.com\/en\/producto\/specialized-diverge-4-sport-carbon-2026\/#primaryimage\"},\"thumbnailUrl\":\"https:\/\/gr-100.com\/wp-content\/uploads\/2025\/09\/Diseno-sin-titulo-2025-09-25T123104.472.jpg\",\"datePublished\":\"2025-09-25T12:01:23+00:00\",\"description\":\"La m\u00e1quina definitiva para escapar de todoOptimizada para competir. Preparada para la aventura. La Diverge 4 est\u00e1 hecha para darlo todo en carreras y para hacer rutas \u00e9picas off-road. Con el Future Shock 3.1, nuestro cuadro m\u00e1s reactivo hasta la fecha, un gran paso de rueda y el mayor sistema de almacenamiento interno del sector, la mejor bici de gravel del mundo ahora es incluso mejor. Persigue el horizonte o a tus rivales. Puede hacer las dos cosas.\",\"breadcrumb\":{\"@id\":\"https:\/\/gr-100.com\/en\/producto\/specialized-diverge-4-sport-carbon-2026\/#breadcrumb\"},\"inLanguage\":\"en-US\",\"potentialAction\":[{\"@type\":\"ReadAction\",\"target\":[\"https:\/\/gr-100.com\/en\/producto\/specialized-diverge-4-sport-carbon-2026\/\"]}]},{\"@type\":\"ImageObject\",\"inLanguage\":\"en-US\",\"@id\":\"https:\/\/gr-100.com\/en\/producto\/specialized-diverge-4-sport-carbon-2026\/#primaryimage\",\"url\":\"https:\/\/gr-100.com\/wp-content\/uploads\/2025\/09\/Diseno-sin-titulo-2025-09-25T123104.472.jpg\",\"contentUrl\":\"https:\/\/gr-100.com\/wp-content\/uploads\/2025\/09\/Diseno-sin-titulo-2025-09-25T123104.472.jpg\",\"width\":1000,\"height\":1000},{\"@type\":\"BreadcrumbList\",\"@id\":\"https:\/\/gr-100.com\/en\/producto\/specialized-diverge-4-sport-carbon-2026\/#breadcrumb\",\"itemListElement\":[{\"@type\":\"ListItem\",\"position\":1,\"name\":\"Portada\",\"item\":\"https:\/\/gr-100.com\/pt-pt\/\"},{\"@type\":\"ListItem\",\"position\":2,\"name\":\"Productos\",\"item\":\"https:\/\/gr-100.com\/?post_type=product\"},{\"@type\":\"ListItem\",\"position\":3,\"name\":\"Specialized Diverge 4 Sport Carbon 2026\"}]},{\"@type\":\"WebSite\",\"@id\":\"https:\/\/gr-100.com\/#website\",\"url\":\"https:\/\/gr-100.com\/\",\"name\":\"Gr-100 Tienda de ciclismo Specialized\",\"description\":\"GR-100 tenemos todas las gamas de bicicletas Specialized al mejor precio.\",\"publisher\":{\"@id\":\"https:\/\/gr-100.com\/#organization\"},\"alternateName\":\"Gr-100 Bikes\",\"potentialAction\":[{\"@type\":\"SearchAction\",\"target\":{\"@type\":\"EntryPoint\",\"urlTemplate\":\"https:\/\/gr-100.com\/?s={search_term_string}\"},\"query-input\":{\"@type\":\"PropertyValueSpecification\",\"valueRequired\":true,\"valueName\":\"search_term_string\"}}],\"inLanguage\":\"en-US\"},{\"@type\":\"Organization\",\"@id\":\"https:\/\/gr-100.com\/#organization\",\"name\":\"Gr-100\",\"url\":\"https:\/\/gr-100.com\/\",\"logo\":{\"@type\":\"ImageObject\",\"inLanguage\":\"en-US\",\"@id\":\"https:\/\/gr-100.com\/#\/schema\/logo\/image\/\",\"url\":\"https:\/\/gr-100.com\/wp-content\/uploads\/2023\/08\/logo-gr-100-bikes.png\",\"contentUrl\":\"https:\/\/gr-100.com\/wp-content\/uploads\/2023\/08\/logo-gr-100-bikes.png\",\"width\":707,\"height\":284,\"caption\":\"Gr-100\"},\"image\":{\"@id\":\"https:\/\/gr-100.com\/#\/schema\/logo\/image\/\"},\"sameAs\":[\"https:\/\/www.facebook.com\/Gr100Bikes\",\"https:\/\/www.instagram.com\/gr100bikes\/\",\"https:\/\/www.tiktok.com\/@gr100bikes\",\"https:\/\/twitter.com\/gr100mtbteam\",\"https:\/\/www.youtube.com\/c\/GR100Specialized\"]}]}<\/script>\n<!-- \/ Yoast SEO Premium plugin. -->","yoast_head_json":{"title":"Specialized Diverge 4 Sport Carbon 2026 GR-100","description":"La m\u00e1quina definitiva para escapar de todoOptimizada para competir. Preparada para la aventura. La Diverge 4 est\u00e1 hecha para darlo todo en carreras y para hacer rutas \u00e9picas off-road. Con el Future Shock 3.1, nuestro cuadro m\u00e1s reactivo hasta la fecha, un gran paso de rueda y el mayor sistema de almacenamiento interno del sector, la mejor bici de gravel del mundo ahora es incluso mejor. Persigue el horizonte o a tus rivales. Puede hacer las dos cosas.","robots":{"index":"index","follow":"follow","max-snippet":"max-snippet:-1","max-image-preview":"max-image-preview:large","max-video-preview":"max-video-preview:-1"},"canonical":"https:\/\/gr-100.com\/en\/producto\/specialized-diverge-4-sport-carbon-2026\/","og_locale":"en_US","og_type":"article","og_title":"Specialized Diverge 4 Sport Carbon 2026","og_description":"La m\u00e1quina definitiva para escapar de todoOptimizada para competir. Preparada para la aventura. La Diverge 4 est\u00e1 hecha para darlo todo en carreras y para hacer rutas \u00e9picas off-road. Con el Future Shock 3.1, nuestro cuadro m\u00e1s reactivo hasta la fecha, un gran paso de rueda y el mayor sistema de almacenamiento interno del sector, la mejor bici de gravel del mundo ahora es incluso mejor. Persigue el horizonte o a tus rivales. Puede hacer las dos cosas.","og_url":"https:\/\/gr-100.com\/en\/producto\/specialized-diverge-4-sport-carbon-2026\/","og_site_name":"Gr-100 Tienda de ciclismo Specialized","article_publisher":"https:\/\/www.facebook.com\/Gr100Bikes","og_image":[{"width":1000,"height":1000,"url":"https:\/\/gr-100.com\/wp-content\/uploads\/2025\/09\/Diseno-sin-titulo-2025-09-25T123104.472.jpg","type":"image\/jpeg"}],"twitter_card":"summary_large_image","twitter_misc":{"Est. reading time":"1 minute"},"schema":{"@context":"https:\/\/schema.org","@graph":[{"@type":"WebPage","@id":"https:\/\/gr-100.com\/en\/producto\/specialized-diverge-4-sport-carbon-2026\/","url":"https:\/\/gr-100.com\/en\/producto\/specialized-diverge-4-sport-carbon-2026\/","name":"Specialized Diverge 4 Sport Carbon 2026 GR-100","isPartOf":{"@id":"https:\/\/gr-100.com\/#website"},"primaryImageOfPage":{"@id":"https:\/\/gr-100.com\/en\/producto\/specialized-diverge-4-sport-carbon-2026\/#primaryimage"},"image":{"@id":"https:\/\/gr-100.com\/en\/producto\/specialized-diverge-4-sport-carbon-2026\/#primaryimage"},"thumbnailUrl":"https:\/\/gr-100.com\/wp-content\/uploads\/2025\/09\/Diseno-sin-titulo-2025-09-25T123104.472.jpg","datePublished":"2025-09-25T12:01:23+00:00","description":"La m\u00e1quina definitiva para escapar de todoOptimizada para competir. Preparada para la aventura. La Diverge 4 est\u00e1 hecha para darlo todo en carreras y para hacer rutas \u00e9picas off-road. Con el Future Shock 3.1, nuestro cuadro m\u00e1s reactivo hasta la fecha, un gran paso de rueda y el mayor sistema de almacenamiento interno del sector, la mejor bici de gravel del mundo ahora es incluso mejor. Persigue el horizonte o a tus rivales. Puede hacer las dos cosas.","breadcrumb":{"@id":"https:\/\/gr-100.com\/en\/producto\/specialized-diverge-4-sport-carbon-2026\/#breadcrumb"},"inLanguage":"en-US","potentialAction":[{"@type":"ReadAction","target":["https:\/\/gr-100.com\/en\/producto\/specialized-diverge-4-sport-carbon-2026\/"]}]},{"@type":"ImageObject","inLanguage":"en-US","@id":"https:\/\/gr-100.com\/en\/producto\/specialized-diverge-4-sport-carbon-2026\/#primaryimage","url":"https:\/\/gr-100.com\/wp-content\/uploads\/2025\/09\/Diseno-sin-titulo-2025-09-25T123104.472.jpg","contentUrl":"https:\/\/gr-100.com\/wp-content\/uploads\/2025\/09\/Diseno-sin-titulo-2025-09-25T123104.472.jpg","width":1000,"height":1000},{"@type":"BreadcrumbList","@id":"https:\/\/gr-100.com\/en\/producto\/specialized-diverge-4-sport-carbon-2026\/#breadcrumb","itemListElement":[{"@type":"ListItem","position":1,"name":"Portada","item":"https:\/\/gr-100.com\/pt-pt\/"},{"@type":"ListItem","position":2,"name":"Productos","item":"https:\/\/gr-100.com\/?post_type=product"},{"@type":"ListItem","position":3,"name":"Specialized Diverge 4 Sport Carbon 2026"}]},{"@type":"WebSite","@id":"https:\/\/gr-100.com\/#website","url":"https:\/\/gr-100.com\/","name":"Gr-100 Tienda de ciclismo Specialized","description":"GR-100 tenemos todas las gamas de bicicletas Specialized al mejor precio.","publisher":{"@id":"https:\/\/gr-100.com\/#organization"},"alternateName":"Gr-100 Bikes","potentialAction":[{"@type":"SearchAction","target":{"@type":"EntryPoint","urlTemplate":"https:\/\/gr-100.com\/?s={search_term_string}"},"query-input":{"@type":"PropertyValueSpecification","valueRequired":true,"valueName":"search_term_string"}}],"inLanguage":"en-US"},{"@type":"Organization","@id":"https:\/\/gr-100.com\/#organization","name":"Gr-100","url":"https:\/\/gr-100.com\/","logo":{"@type":"ImageObject","inLanguage":"en-US","@id":"https:\/\/gr-100.com\/#\/schema\/logo\/image\/","url":"https:\/\/gr-100.com\/wp-content\/uploads\/2023\/08\/logo-gr-100-bikes.png","contentUrl":"https:\/\/gr-100.com\/wp-content\/uploads\/2023\/08\/logo-gr-100-bikes.png","width":707,"height":284,"caption":"Gr-100"},"image":{"@id":"https:\/\/gr-100.com\/#\/schema\/logo\/image\/"},"sameAs":["https:\/\/www.facebook.com\/Gr100Bikes","https:\/\/www.instagram.com\/gr100bikes\/","https:\/\/www.tiktok.com\/@gr100bikes","https:\/\/twitter.com\/gr100mtbteam","https:\/\/www.youtube.com\/c\/GR100Specialized"]}]}},"_links":{"self":[{"href":"https:\/\/gr-100.com\/en\/wp-json\/wp\/v2\/product\/428202","targetHints":{"allow":["GET"]}}],"collection":[{"href":"https:\/\/gr-100.com\/en\/wp-json\/wp\/v2\/product"}],"about":[{"href":"https:\/\/gr-100.com\/en\/wp-json\/wp\/v2\/types\/product"}],"replies":[{"embeddable":true,"href":"https:\/\/gr-100.com\/en\/wp-json\/wp\/v2\/comments?post=428202"}],"wp:featuredmedia":[{"embeddable":true,"href":"https:\/\/gr-100.com\/en\/wp-json\/wp\/v2\/media\/417647"}],"wp:attachment":[{"href":"https:\/\/gr-100.com\/en\/wp-json\/wp\/v2\/media?parent=428202"}],"wp:term":[{"taxonomy":"product_brand","embeddable":true,"href":"https:\/\/gr-100.com\/en\/wp-json\/wp\/v2\/product_brand?post=428202"},{"taxonomy":"product_cat","embeddable":true,"href":"https:\/\/gr-100.com\/en\/wp-json\/wp\/v2\/product_cat?post=428202"},{"taxonomy":"product_tag","embeddable":true,"href":"https:\/\/gr-100.com\/en\/wp-json\/wp\/v2\/product_tag?post=428202"}],"curies":[{"name":"wp","href":"https:\/\/api.w.org\/{rel}","templated":true}]}}