{"id":428321,"date":"2025-09-22T11:16:37","date_gmt":"2025-09-22T09:16:37","guid":{"rendered":"https:\/\/gr-100.com\/producto\/specialized-diverge-4-pro-ltd-sram-red-2026\/"},"modified":"2025-09-22T11:16:37","modified_gmt":"2025-09-22T09:16:37","slug":"specialized-diverge-4-pro-ltd-sram-red-2026","status":"publish","type":"product","link":"https:\/\/gr-100.com\/en\/producto\/specialized-diverge-4-pro-ltd-sram-red-2026\/","title":{"rendered":"Specialized Diverge 4 Pro LTD SRAM RED 2026"},"content":{"rendered":"<p><strong>Technical specifications<\/strong><\/p>\n<ul>\n<li>CuadroCuadroSpecialized Diverge FACT 9r carbon, SWAT\u2122 Door integration, Future Shock suspension, threaded BB, internal routing, 12x142mm thru-axle, flat-mount disc, UDH dropout<\/li>\n<li>Suspensi\u00f3n<br \/>\n<strong>Horquilla<\/strong><br \/>\nFuture Shock 3.3 w\/ Smooth Boot, FACT Carbon 12x100mm, thru-axle, flat-mount disc<\/li>\n<li>Frenos<br \/>\n<strong>Freno delantero<\/strong><br \/>\nSRAM RED AXS, hydraulic disc<br \/>\n<strong>Freno trasero<\/strong><br \/>\nSRAM RED E1, hydraulic disc<\/li>\n<li>Transmission<br \/>\n<strong>Manetas de cambio<\/strong><br \/>\nSRAM RED AXS E1<br \/>\n<strong>Desviador trasero<\/strong><br \/>\nSRAM RED XPLR, 13sp<br \/>\n<strong>SRAMsramCassette<\/strong><br \/>\nSRAM RED XPLR, 13sp, 10-46t<br \/>\n<strong>Cadena<\/strong><br \/>\nSRAM RED E1 Chain<br \/>\n<strong>Platos y bielas<\/strong><br \/>\nSRAM RED AXS, Quarq Power Meter, 40t Chainring<br \/>\n<strong>Caja de pedalier<\/strong><br \/>\nSRAM DUB BSA 68 Wide<\/li>\n<li>Ruedas y neum\u00e1ticos<br \/>\n<strong>Neum\u00e1tico delantero<\/strong><br \/>\nTracer 700&#215;45, Tan Sidewall, Tubeless Ready<br \/>\n<strong>Rueda delantera<\/strong><br \/>\nRoval Terra CLX II, 25mm internal width, Tubeless Ready, 32mm depth, 21h, Roval LF13 hub with ceramic SINC bearings, Centerlock disc, DT Swiss Aerolite spokes<br \/>\n<strong>Neum\u00e1tico trasero<\/strong><br \/>\nTracer 700&#215;45, Tan Sidewall, Tubeless Ready<br \/>\n<strong>Rueda trasera<\/strong><br \/>\nRoval Terra CLX II, 25mm internal width, Tubeless Ready, 32mm depth, 24h, Roval LF14R2, Centerlock, DT Swiss EXP internals, SRAM XDR, DT Swiss Aerolite spokes<br \/>\n<strong>C\u00e1maras<\/strong><br \/>\nPresta, 700&#215;32-50mm<\/li>\n<li>Cockpit<br \/>\n<strong>Potencia<\/strong><br \/>\nRoval Alpinist, 7075 alloy, titanium bolts, 6-degree rise<br \/>\n<strong>Manillar<\/strong><br \/>\nRoval Terra, carbon, 103mm drop x 70mm reach x 12\u00ba flare<br \/>\n<strong>Cinta de manillar<\/strong><br \/>\nSupacaz Super Sticky Kush<br \/>\n<strong>Sill\u00edn<\/strong><br \/>\nS-Works Power with Mirror<br \/>\n<strong>Tija del sill\u00edn<\/strong><br \/>\nRoval Terra Carbon Seat Post, 20mm Offset<br \/>\n<strong>Abrazadera del sill\u00edn<\/strong><br \/>\nSpecialized Alloy, 30.8mm<\/li>\n<li>Accessories<br \/>\nSWATSWAT 4.0 internal downtube storage<br \/>\n<strong>Peso<\/strong><br \/>\n8.01 kg (17 lb, 10.5 oz)<br \/>\nTalla 56*Pesos basados en cuadros pintados de producci\u00f3n como se muestra en la imagen. Weights will vary depending on color, frame size and component variation. Specifications are subject to change without notice.<\/li>\n<\/ul>\n","protected":false},"excerpt":{"rendered":"<p><strong>La m\u00e1quina definitiva para escapar de todo<\/strong><br \/>\nOptimizada para competir. Preparada para la aventura. La Diverge 4 est\u00e1 hecha para darlo todo en carreras y para hacer rutas \u00e9picas off-road. Con el Future Shock 3.3, nuestro cuadro m\u00e1s reactivo hasta la fecha, un gran paso de rueda y el mayor sistema de almacenamiento interno del sector, la mejor bici de gravel del mundo ahora es incluso mejor. Persigue el horizonte o a tus rivales. Puede hacer las dos cosas.     <\/p>\n","protected":false},"featured_media":416747,"comment_status":"open","ping_status":"closed","template":"","meta":{"_acf_changed":false,"_et_pb_use_builder":"","_et_pb_old_content":"","_et_gb_content_width":"","inline_featured_image":false},"product_brand":[],"product_cat":[2449,2484],"product_tag":[],"class_list":{"0":"post-428321","1":"product","2":"type-product","3":"status-publish","4":"has-post-thumbnail","6":"product_cat-bicycles","7":"product_cat-gravel","8":"product_shipping_class-bicicletas-en","10":"first","11":"outofstock","12":"taxable","13":"shipping-taxable","14":"product-type-variable","15":"wvs-archive-product-wrapper"},"acf":[],"yoast_head":"<!-- This site is optimized with the Yoast SEO Premium plugin v26.7 (Yoast SEO v26.7) - https:\/\/yoast.com\/wordpress\/plugins\/seo\/ -->\n<title>Specialized Diverge 4 Pro LTD SRAM RED 2026 GR-100<\/title>\n<meta name=\"description\" content=\"Cuadro Carbono FACT 9r. Suspensi\u00f3n Future Shock 3.3. SRAM Red AXS XPLR con potenciometro Quarq \/ Roval Terra CLX II. Peso 8,01 kg\" \/>\n<meta name=\"robots\" content=\"index, follow, max-snippet:-1, max-image-preview:large, max-video-preview:-1\" \/>\n<link rel=\"canonical\" href=\"https:\/\/gr-100.com\/en\/producto\/specialized-diverge-4-pro-ltd-sram-red-2026\/\" \/>\n<meta property=\"og:locale\" content=\"en_US\" \/>\n<meta property=\"og:type\" content=\"article\" \/>\n<meta property=\"og:title\" content=\"Specialized Diverge 4 Pro LTD SRAM RED 2026\" \/>\n<meta property=\"og:description\" content=\"Cuadro Carbono FACT 9r. Suspensi\u00f3n Future Shock 3.3. SRAM Red AXS XPLR con potenciometro Quarq \/ Roval Terra CLX II. Peso 8,01 kg\" \/>\n<meta property=\"og:url\" content=\"https:\/\/gr-100.com\/en\/producto\/specialized-diverge-4-pro-ltd-sram-red-2026\/\" \/>\n<meta property=\"og:site_name\" content=\"Gr-100 Tienda de ciclismo Specialized\" \/>\n<meta property=\"article:publisher\" content=\"https:\/\/www.facebook.com\/Gr100Bikes\" \/>\n<meta property=\"og:image\" content=\"https:\/\/gr-100.com\/wp-content\/uploads\/2025\/09\/Diverge-4-Pro-LTD-SRAM-RED-XPLR.jpg\" \/>\n\t<meta property=\"og:image:width\" content=\"1000\" \/>\n\t<meta property=\"og:image:height\" content=\"1000\" \/>\n\t<meta property=\"og:image:type\" content=\"image\/jpeg\" \/>\n<meta name=\"twitter:card\" content=\"summary_large_image\" \/>\n<meta name=\"twitter:label1\" content=\"Est. reading time\" \/>\n\t<meta name=\"twitter:data1\" content=\"1 minute\" \/>\n<script type=\"application\/ld+json\" class=\"yoast-schema-graph\">{\"@context\":\"https:\/\/schema.org\",\"@graph\":[{\"@type\":\"WebPage\",\"@id\":\"https:\/\/gr-100.com\/en\/producto\/specialized-diverge-4-pro-ltd-sram-red-2026\/\",\"url\":\"https:\/\/gr-100.com\/en\/producto\/specialized-diverge-4-pro-ltd-sram-red-2026\/\",\"name\":\"Specialized Diverge 4 Pro LTD SRAM RED 2026 GR-100\",\"isPartOf\":{\"@id\":\"https:\/\/gr-100.com\/#website\"},\"primaryImageOfPage\":{\"@id\":\"https:\/\/gr-100.com\/en\/producto\/specialized-diverge-4-pro-ltd-sram-red-2026\/#primaryimage\"},\"image\":{\"@id\":\"https:\/\/gr-100.com\/en\/producto\/specialized-diverge-4-pro-ltd-sram-red-2026\/#primaryimage\"},\"thumbnailUrl\":\"https:\/\/gr-100.com\/wp-content\/uploads\/2025\/09\/Diverge-4-Pro-LTD-SRAM-RED-XPLR.jpg\",\"datePublished\":\"2025-09-22T09:16:37+00:00\",\"description\":\"Cuadro Carbono FACT 9r. Suspensi\u00f3n Future Shock 3.3. SRAM Red AXS XPLR con potenciometro Quarq \/ Roval Terra CLX II. Peso 8,01 kg\",\"breadcrumb\":{\"@id\":\"https:\/\/gr-100.com\/en\/producto\/specialized-diverge-4-pro-ltd-sram-red-2026\/#breadcrumb\"},\"inLanguage\":\"en-US\",\"potentialAction\":[{\"@type\":\"ReadAction\",\"target\":[\"https:\/\/gr-100.com\/en\/producto\/specialized-diverge-4-pro-ltd-sram-red-2026\/\"]}]},{\"@type\":\"ImageObject\",\"inLanguage\":\"en-US\",\"@id\":\"https:\/\/gr-100.com\/en\/producto\/specialized-diverge-4-pro-ltd-sram-red-2026\/#primaryimage\",\"url\":\"https:\/\/gr-100.com\/wp-content\/uploads\/2025\/09\/Diverge-4-Pro-LTD-SRAM-RED-XPLR.jpg\",\"contentUrl\":\"https:\/\/gr-100.com\/wp-content\/uploads\/2025\/09\/Diverge-4-Pro-LTD-SRAM-RED-XPLR.jpg\",\"width\":1000,\"height\":1000},{\"@type\":\"BreadcrumbList\",\"@id\":\"https:\/\/gr-100.com\/en\/producto\/specialized-diverge-4-pro-ltd-sram-red-2026\/#breadcrumb\",\"itemListElement\":[{\"@type\":\"ListItem\",\"position\":1,\"name\":\"Portada\",\"item\":\"https:\/\/gr-100.com\/pt-pt\/\"},{\"@type\":\"ListItem\",\"position\":2,\"name\":\"Productos\",\"item\":\"https:\/\/gr-100.com\/?post_type=product\"},{\"@type\":\"ListItem\",\"position\":3,\"name\":\"Specialized Diverge 4 Pro LTD SRAM RED 2026\"}]},{\"@type\":\"WebSite\",\"@id\":\"https:\/\/gr-100.com\/#website\",\"url\":\"https:\/\/gr-100.com\/\",\"name\":\"Gr-100 Tienda de ciclismo Specialized\",\"description\":\"GR-100 tenemos todas las gamas de bicicletas Specialized al mejor precio.\",\"publisher\":{\"@id\":\"https:\/\/gr-100.com\/#organization\"},\"alternateName\":\"Gr-100 Bikes\",\"potentialAction\":[{\"@type\":\"SearchAction\",\"target\":{\"@type\":\"EntryPoint\",\"urlTemplate\":\"https:\/\/gr-100.com\/?s={search_term_string}\"},\"query-input\":{\"@type\":\"PropertyValueSpecification\",\"valueRequired\":true,\"valueName\":\"search_term_string\"}}],\"inLanguage\":\"en-US\"},{\"@type\":\"Organization\",\"@id\":\"https:\/\/gr-100.com\/#organization\",\"name\":\"Gr-100\",\"url\":\"https:\/\/gr-100.com\/\",\"logo\":{\"@type\":\"ImageObject\",\"inLanguage\":\"en-US\",\"@id\":\"https:\/\/gr-100.com\/#\/schema\/logo\/image\/\",\"url\":\"https:\/\/gr-100.com\/wp-content\/uploads\/2023\/08\/logo-gr-100-bikes.png\",\"contentUrl\":\"https:\/\/gr-100.com\/wp-content\/uploads\/2023\/08\/logo-gr-100-bikes.png\",\"width\":707,\"height\":284,\"caption\":\"Gr-100\"},\"image\":{\"@id\":\"https:\/\/gr-100.com\/#\/schema\/logo\/image\/\"},\"sameAs\":[\"https:\/\/www.facebook.com\/Gr100Bikes\",\"https:\/\/www.instagram.com\/gr100bikes\/\",\"https:\/\/www.tiktok.com\/@gr100bikes\",\"https:\/\/twitter.com\/gr100mtbteam\",\"https:\/\/www.youtube.com\/c\/GR100Specialized\"]}]}<\/script>\n<!-- \/ Yoast SEO Premium plugin. -->","yoast_head_json":{"title":"Specialized Diverge 4 Pro LTD SRAM RED 2026 GR-100","description":"Cuadro Carbono FACT 9r. Suspensi\u00f3n Future Shock 3.3. SRAM Red AXS XPLR con potenciometro Quarq \/ Roval Terra CLX II. Peso 8,01 kg","robots":{"index":"index","follow":"follow","max-snippet":"max-snippet:-1","max-image-preview":"max-image-preview:large","max-video-preview":"max-video-preview:-1"},"canonical":"https:\/\/gr-100.com\/en\/producto\/specialized-diverge-4-pro-ltd-sram-red-2026\/","og_locale":"en_US","og_type":"article","og_title":"Specialized Diverge 4 Pro LTD SRAM RED 2026","og_description":"Cuadro Carbono FACT 9r. Suspensi\u00f3n Future Shock 3.3. SRAM Red AXS XPLR con potenciometro Quarq \/ Roval Terra CLX II. Peso 8,01 kg","og_url":"https:\/\/gr-100.com\/en\/producto\/specialized-diverge-4-pro-ltd-sram-red-2026\/","og_site_name":"Gr-100 Tienda de ciclismo Specialized","article_publisher":"https:\/\/www.facebook.com\/Gr100Bikes","og_image":[{"width":1000,"height":1000,"url":"https:\/\/gr-100.com\/wp-content\/uploads\/2025\/09\/Diverge-4-Pro-LTD-SRAM-RED-XPLR.jpg","type":"image\/jpeg"}],"twitter_card":"summary_large_image","twitter_misc":{"Est. reading time":"1 minute"},"schema":{"@context":"https:\/\/schema.org","@graph":[{"@type":"WebPage","@id":"https:\/\/gr-100.com\/en\/producto\/specialized-diverge-4-pro-ltd-sram-red-2026\/","url":"https:\/\/gr-100.com\/en\/producto\/specialized-diverge-4-pro-ltd-sram-red-2026\/","name":"Specialized Diverge 4 Pro LTD SRAM RED 2026 GR-100","isPartOf":{"@id":"https:\/\/gr-100.com\/#website"},"primaryImageOfPage":{"@id":"https:\/\/gr-100.com\/en\/producto\/specialized-diverge-4-pro-ltd-sram-red-2026\/#primaryimage"},"image":{"@id":"https:\/\/gr-100.com\/en\/producto\/specialized-diverge-4-pro-ltd-sram-red-2026\/#primaryimage"},"thumbnailUrl":"https:\/\/gr-100.com\/wp-content\/uploads\/2025\/09\/Diverge-4-Pro-LTD-SRAM-RED-XPLR.jpg","datePublished":"2025-09-22T09:16:37+00:00","description":"Cuadro Carbono FACT 9r. Suspensi\u00f3n Future Shock 3.3. SRAM Red AXS XPLR con potenciometro Quarq \/ Roval Terra CLX II. Peso 8,01 kg","breadcrumb":{"@id":"https:\/\/gr-100.com\/en\/producto\/specialized-diverge-4-pro-ltd-sram-red-2026\/#breadcrumb"},"inLanguage":"en-US","potentialAction":[{"@type":"ReadAction","target":["https:\/\/gr-100.com\/en\/producto\/specialized-diverge-4-pro-ltd-sram-red-2026\/"]}]},{"@type":"ImageObject","inLanguage":"en-US","@id":"https:\/\/gr-100.com\/en\/producto\/specialized-diverge-4-pro-ltd-sram-red-2026\/#primaryimage","url":"https:\/\/gr-100.com\/wp-content\/uploads\/2025\/09\/Diverge-4-Pro-LTD-SRAM-RED-XPLR.jpg","contentUrl":"https:\/\/gr-100.com\/wp-content\/uploads\/2025\/09\/Diverge-4-Pro-LTD-SRAM-RED-XPLR.jpg","width":1000,"height":1000},{"@type":"BreadcrumbList","@id":"https:\/\/gr-100.com\/en\/producto\/specialized-diverge-4-pro-ltd-sram-red-2026\/#breadcrumb","itemListElement":[{"@type":"ListItem","position":1,"name":"Portada","item":"https:\/\/gr-100.com\/pt-pt\/"},{"@type":"ListItem","position":2,"name":"Productos","item":"https:\/\/gr-100.com\/?post_type=product"},{"@type":"ListItem","position":3,"name":"Specialized Diverge 4 Pro LTD SRAM RED 2026"}]},{"@type":"WebSite","@id":"https:\/\/gr-100.com\/#website","url":"https:\/\/gr-100.com\/","name":"Gr-100 Tienda de ciclismo Specialized","description":"GR-100 tenemos todas las gamas de bicicletas Specialized al mejor precio.","publisher":{"@id":"https:\/\/gr-100.com\/#organization"},"alternateName":"Gr-100 Bikes","potentialAction":[{"@type":"SearchAction","target":{"@type":"EntryPoint","urlTemplate":"https:\/\/gr-100.com\/?s={search_term_string}"},"query-input":{"@type":"PropertyValueSpecification","valueRequired":true,"valueName":"search_term_string"}}],"inLanguage":"en-US"},{"@type":"Organization","@id":"https:\/\/gr-100.com\/#organization","name":"Gr-100","url":"https:\/\/gr-100.com\/","logo":{"@type":"ImageObject","inLanguage":"en-US","@id":"https:\/\/gr-100.com\/#\/schema\/logo\/image\/","url":"https:\/\/gr-100.com\/wp-content\/uploads\/2023\/08\/logo-gr-100-bikes.png","contentUrl":"https:\/\/gr-100.com\/wp-content\/uploads\/2023\/08\/logo-gr-100-bikes.png","width":707,"height":284,"caption":"Gr-100"},"image":{"@id":"https:\/\/gr-100.com\/#\/schema\/logo\/image\/"},"sameAs":["https:\/\/www.facebook.com\/Gr100Bikes","https:\/\/www.instagram.com\/gr100bikes\/","https:\/\/www.tiktok.com\/@gr100bikes","https:\/\/twitter.com\/gr100mtbteam","https:\/\/www.youtube.com\/c\/GR100Specialized"]}]}},"_links":{"self":[{"href":"https:\/\/gr-100.com\/en\/wp-json\/wp\/v2\/product\/428321","targetHints":{"allow":["GET"]}}],"collection":[{"href":"https:\/\/gr-100.com\/en\/wp-json\/wp\/v2\/product"}],"about":[{"href":"https:\/\/gr-100.com\/en\/wp-json\/wp\/v2\/types\/product"}],"replies":[{"embeddable":true,"href":"https:\/\/gr-100.com\/en\/wp-json\/wp\/v2\/comments?post=428321"}],"wp:featuredmedia":[{"embeddable":true,"href":"https:\/\/gr-100.com\/en\/wp-json\/wp\/v2\/media\/416747"}],"wp:attachment":[{"href":"https:\/\/gr-100.com\/en\/wp-json\/wp\/v2\/media?parent=428321"}],"wp:term":[{"taxonomy":"product_brand","embeddable":true,"href":"https:\/\/gr-100.com\/en\/wp-json\/wp\/v2\/product_brand?post=428321"},{"taxonomy":"product_cat","embeddable":true,"href":"https:\/\/gr-100.com\/en\/wp-json\/wp\/v2\/product_cat?post=428321"},{"taxonomy":"product_tag","embeddable":true,"href":"https:\/\/gr-100.com\/en\/wp-json\/wp\/v2\/product_tag?post=428321"}],"curies":[{"name":"wp","href":"https:\/\/api.w.org\/{rel}","templated":true}]}}