{"id":428370,"date":"2025-09-15T13:48:05","date_gmt":"2025-09-15T12:48:05","guid":{"rendered":"https:\/\/gr-100.com\/producto\/specialized-crux-dsw-comp-2026\/"},"modified":"2025-09-15T13:48:05","modified_gmt":"2025-09-15T11:48:05","slug":"specialized-crux-dsw-comp-2026","status":"publish","type":"product","link":"https:\/\/gr-100.com\/en\/producto\/specialized-crux-dsw-comp-2026\/","title":{"rendered":"Specialized Crux DSW Comp 2026"},"content":{"rendered":"<ul>\n<li>Lighter: 1399 g for the Crux DSW frame (raw, unpainted). We took everything we learned from developing the carbon Crux and applied it using our patented D&#8217;Aluisio Smartweld technology to make it a reality in aluminum. <\/li>\n<li>Weight for size 56 cm in the lightest color. The weight of production frames may vary. <\/li>\n<li>Capable: Space for tires up to 47c or 650b x 2.1&#8243;. More space means more capacity. With a wheel arch on par with the Diverge, the Crux takes you wherever you want to go.  <\/li>\n<li>Responsiva: \u00c1gil, suave y reactiva. Responde con precisi\u00f3n al pedalear. C\u00f3moda en el sill\u00edn. Dise\u00f1ada con una geometr\u00eda de alto rendimiento para gravel y un ajuste influenciado por las carreras, inspirado en la historia ic\u00f3nica de la Crux en el ciclocross.   <\/li>\n<li>TECHNICAL SPECIFICATIONS<\/li>\n<li>Frame<br \/>\nFrame: Specialized E5 Premium Aluminum Disc with D&#8217;Aluisio Smartweld technology, hydroformed aluminum tubes, tapered head tube, threaded bottom bracket shell, UDH dropout.<\/li>\n<li>Suspensi\u00f3n<br \/>\nHorquilla: S-Works FACT Carbon, eje pasante 12&#215;100 mm, freno de disco flat-mount<\/li>\n<li>Brakes<br \/>\nFront brake: SRAM Apex, hydraulic disk<br \/>\nRear brake: SRAM Apex, hydraulic disk<\/li>\n<li>Drivetrain<br \/>\nCassette: SRAM APEX XPLR, 12-speed, 11-44T<br \/>\nShift\/brake levers: SRAM Apex<br \/>\nChain: SRAM Apex D1<br \/>\nCrankset: SRAM Apex DUB Wide, 40 teeth<br \/>\nRear derailleur: SRAM Apex XPLR, mechanical, 12-speed<br \/>\nBottom bracket: SRAM DUB BSA 68 Wide<\/li>\n<li>Wheels and tires<br \/>\nFront wheel:<br \/>\nDT Swiss G540 rim, 24mm inner width, tubeless ready, 24 spokes<br \/>\nSpecialized hub with sealed bearings, thru axle<br \/>\nCenterlock disc<br \/>\nDT Swiss Champion 14G stainless steel spokes<br \/>\nDT Swiss brass nipples<br \/>\nRear wheel:<br \/>\nSame as front<br \/>\nTires: Pathfinder 700&#215;40, tubeless ready (front and rear)<br \/>\nTubes: Presta, 700&#215;32-50 mm<\/li>\n<li>Cockpit<br \/>\nSeatpost: Alloy, 2-bolt clamp, 12 mm setback, 27.2 mm diameter, anti-corrosion hardware<br \/>\nSaddle: Body Geometry Power Sport, steel rails<br \/>\nHandlebars: Specialized Adventure Gear, 118.9 mm drop, 70 mm reach, 12\u00b0 opening<br \/>\nSeat clamp: Specialized alloy, 30.8 mm<br \/>\nStem: Specialized, 3D forged alloy, 4-bolt, 7\u00b0 angle<br \/>\nHandlebar tape: Supacaz Super Sticky Kush<\/li>\n<li>Product details<br \/>\nSpecified weight size: 56<br \/>\nWeight: 9.44 kg (20 lb, 13.0 oz)<\/li>\n<\/ul>\n","protected":false},"excerpt":{"rendered":"<p>The Crux DSW is much more than the lightest aluminum gravel bike ever made. We took everything we learned from creating the carbon Crux and brought it to life in aluminum using our patented D&#8217;Aluisio Smartweld technology.<br \/>\nThe result: the most capable, agile, balanced and responsive aluminum gravel bike ever created, built to ride fast, have fun and perform at its best. <\/p>\n","protected":false},"featured_media":415769,"comment_status":"open","ping_status":"closed","template":"","meta":{"_acf_changed":false,"_et_pb_use_builder":"","_et_pb_old_content":"","_et_gb_content_width":"","inline_featured_image":false},"product_brand":[],"product_cat":[2449,2484,5302],"product_tag":[],"class_list":{"0":"post-428370","1":"product","2":"type-product","3":"status-publish","4":"has-post-thumbnail","6":"product_cat-bicycles","7":"product_cat-gravel","8":"product_cat-bicicletas-gravel-specialized-en","9":"product_shipping_class-bicicletas-en","11":"first","12":"instock","13":"taxable","14":"shipping-taxable","15":"purchasable","16":"product-type-variable","17":"wvs-archive-product-wrapper"},"acf":[],"yoast_head":"<!-- This site is optimized with the Yoast SEO Premium plugin v26.7 (Yoast SEO v26.7) - https:\/\/yoast.com\/wordpress\/plugins\/seo\/ -->\n<title>Specialized Crux DSW Comp 2026 GR-100<\/title>\n<meta name=\"description\" content=\"The Crux DSW is much more than the lightest aluminum gravel bike ever made. We took everything we learned from creating the carbon Crux and brought it to life in aluminum using our patented D&#039;Aluisio Smartweld technology, resulting in the most capable, agile, balanced and responsive aluminum gravel bike ever created, built to ride fast, have fun and perform at its best.\" \/>\n<meta name=\"robots\" content=\"index, follow, max-snippet:-1, max-image-preview:large, max-video-preview:-1\" \/>\n<link rel=\"canonical\" href=\"https:\/\/gr-100.com\/en\/producto\/specialized-crux-dsw-comp-2026\/\" \/>\n<meta property=\"og:locale\" content=\"en_US\" \/>\n<meta property=\"og:type\" content=\"article\" \/>\n<meta property=\"og:title\" content=\"Specialized Crux DSW Comp 2026\" \/>\n<meta property=\"og:description\" content=\"The Crux DSW is much more than the lightest aluminum gravel bike ever made. We took everything we learned from creating the carbon Crux and brought it to life in aluminum using our patented D&#039;Aluisio Smartweld technology, resulting in the most capable, agile, balanced and responsive aluminum gravel bike ever created, built to ride fast, have fun and perform at its best.\" \/>\n<meta property=\"og:url\" content=\"https:\/\/gr-100.com\/en\/producto\/specialized-crux-dsw-comp-2026\/\" \/>\n<meta property=\"og:site_name\" content=\"Gr-100 Tienda de ciclismo Specialized\" \/>\n<meta property=\"article:publisher\" content=\"https:\/\/www.facebook.com\/Gr100Bikes\" \/>\n<meta property=\"og:image\" content=\"https:\/\/gr-100.com\/wp-content\/uploads\/2025\/09\/Diseno-sin-titulo-2025-09-15T132253.821.jpg\" \/>\n\t<meta property=\"og:image:width\" content=\"1000\" \/>\n\t<meta property=\"og:image:height\" content=\"1000\" \/>\n\t<meta property=\"og:image:type\" content=\"image\/jpeg\" \/>\n<meta name=\"twitter:card\" content=\"summary_large_image\" \/>\n<meta name=\"twitter:label1\" content=\"Est. reading time\" \/>\n\t<meta name=\"twitter:data1\" content=\"2 minutes\" \/>\n<script type=\"application\/ld+json\" class=\"yoast-schema-graph\">{\"@context\":\"https:\/\/schema.org\",\"@graph\":[{\"@type\":\"WebPage\",\"@id\":\"https:\/\/gr-100.com\/en\/producto\/specialized-crux-dsw-comp-2026\/\",\"url\":\"https:\/\/gr-100.com\/en\/producto\/specialized-crux-dsw-comp-2026\/\",\"name\":\"Specialized Crux DSW Comp 2026 GR-100\",\"isPartOf\":{\"@id\":\"https:\/\/gr-100.com\/#website\"},\"primaryImageOfPage\":{\"@id\":\"https:\/\/gr-100.com\/en\/producto\/specialized-crux-dsw-comp-2026\/#primaryimage\"},\"image\":{\"@id\":\"https:\/\/gr-100.com\/en\/producto\/specialized-crux-dsw-comp-2026\/#primaryimage\"},\"thumbnailUrl\":\"https:\/\/gr-100.com\/wp-content\/uploads\/2025\/09\/Diseno-sin-titulo-2025-09-15T132253.821.jpg\",\"datePublished\":\"2025-09-15T12:48:05+00:00\",\"description\":\"The Crux DSW is much more than the lightest aluminum gravel bike ever made. We took everything we learned from creating the carbon Crux and brought it to life in aluminum using our patented D'Aluisio Smartweld technology, resulting in the most capable, agile, balanced and responsive aluminum gravel bike ever created, built to ride fast, have fun and perform at its best.\",\"breadcrumb\":{\"@id\":\"https:\/\/gr-100.com\/en\/producto\/specialized-crux-dsw-comp-2026\/#breadcrumb\"},\"inLanguage\":\"en-US\",\"potentialAction\":[{\"@type\":\"ReadAction\",\"target\":[\"https:\/\/gr-100.com\/en\/producto\/specialized-crux-dsw-comp-2026\/\"]}]},{\"@type\":\"ImageObject\",\"inLanguage\":\"en-US\",\"@id\":\"https:\/\/gr-100.com\/en\/producto\/specialized-crux-dsw-comp-2026\/#primaryimage\",\"url\":\"https:\/\/gr-100.com\/wp-content\/uploads\/2025\/09\/Diseno-sin-titulo-2025-09-15T132253.821.jpg\",\"contentUrl\":\"https:\/\/gr-100.com\/wp-content\/uploads\/2025\/09\/Diseno-sin-titulo-2025-09-15T132253.821.jpg\",\"width\":1000,\"height\":1000},{\"@type\":\"BreadcrumbList\",\"@id\":\"https:\/\/gr-100.com\/en\/producto\/specialized-crux-dsw-comp-2026\/#breadcrumb\",\"itemListElement\":[{\"@type\":\"ListItem\",\"position\":1,\"name\":\"Portada\",\"item\":\"https:\/\/gr-100.com\/pt-pt\/\"},{\"@type\":\"ListItem\",\"position\":2,\"name\":\"Productos\",\"item\":\"https:\/\/gr-100.com\/?post_type=product\"},{\"@type\":\"ListItem\",\"position\":3,\"name\":\"Specialized Crux DSW Comp 2026\"}]},{\"@type\":\"WebSite\",\"@id\":\"https:\/\/gr-100.com\/#website\",\"url\":\"https:\/\/gr-100.com\/\",\"name\":\"Gr-100 Tienda de ciclismo Specialized\",\"description\":\"GR-100 tenemos todas las gamas de bicicletas Specialized al mejor precio.\",\"publisher\":{\"@id\":\"https:\/\/gr-100.com\/#organization\"},\"alternateName\":\"Gr-100 Bikes\",\"potentialAction\":[{\"@type\":\"SearchAction\",\"target\":{\"@type\":\"EntryPoint\",\"urlTemplate\":\"https:\/\/gr-100.com\/?s={search_term_string}\"},\"query-input\":{\"@type\":\"PropertyValueSpecification\",\"valueRequired\":true,\"valueName\":\"search_term_string\"}}],\"inLanguage\":\"en-US\"},{\"@type\":\"Organization\",\"@id\":\"https:\/\/gr-100.com\/#organization\",\"name\":\"Gr-100\",\"url\":\"https:\/\/gr-100.com\/\",\"logo\":{\"@type\":\"ImageObject\",\"inLanguage\":\"en-US\",\"@id\":\"https:\/\/gr-100.com\/#\/schema\/logo\/image\/\",\"url\":\"https:\/\/gr-100.com\/wp-content\/uploads\/2023\/08\/logo-gr-100-bikes.png\",\"contentUrl\":\"https:\/\/gr-100.com\/wp-content\/uploads\/2023\/08\/logo-gr-100-bikes.png\",\"width\":707,\"height\":284,\"caption\":\"Gr-100\"},\"image\":{\"@id\":\"https:\/\/gr-100.com\/#\/schema\/logo\/image\/\"},\"sameAs\":[\"https:\/\/www.facebook.com\/Gr100Bikes\",\"https:\/\/www.instagram.com\/gr100bikes\/\",\"https:\/\/www.tiktok.com\/@gr100bikes\",\"https:\/\/twitter.com\/gr100mtbteam\",\"https:\/\/www.youtube.com\/c\/GR100Specialized\"]}]}<\/script>\n<!-- \/ Yoast SEO Premium plugin. -->","yoast_head_json":{"title":"Specialized Crux DSW Comp 2026 GR-100","description":"The Crux DSW is much more than the lightest aluminum gravel bike ever made. We took everything we learned from creating the carbon Crux and brought it to life in aluminum using our patented D'Aluisio Smartweld technology, resulting in the most capable, agile, balanced and responsive aluminum gravel bike ever created, built to ride fast, have fun and perform at its best.","robots":{"index":"index","follow":"follow","max-snippet":"max-snippet:-1","max-image-preview":"max-image-preview:large","max-video-preview":"max-video-preview:-1"},"canonical":"https:\/\/gr-100.com\/en\/producto\/specialized-crux-dsw-comp-2026\/","og_locale":"en_US","og_type":"article","og_title":"Specialized Crux DSW Comp 2026","og_description":"The Crux DSW is much more than the lightest aluminum gravel bike ever made. We took everything we learned from creating the carbon Crux and brought it to life in aluminum using our patented D'Aluisio Smartweld technology, resulting in the most capable, agile, balanced and responsive aluminum gravel bike ever created, built to ride fast, have fun and perform at its best.","og_url":"https:\/\/gr-100.com\/en\/producto\/specialized-crux-dsw-comp-2026\/","og_site_name":"Gr-100 Tienda de ciclismo Specialized","article_publisher":"https:\/\/www.facebook.com\/Gr100Bikes","og_image":[{"width":1000,"height":1000,"url":"https:\/\/gr-100.com\/wp-content\/uploads\/2025\/09\/Diseno-sin-titulo-2025-09-15T132253.821.jpg","type":"image\/jpeg"}],"twitter_card":"summary_large_image","twitter_misc":{"Est. reading time":"2 minutes"},"schema":{"@context":"https:\/\/schema.org","@graph":[{"@type":"WebPage","@id":"https:\/\/gr-100.com\/en\/producto\/specialized-crux-dsw-comp-2026\/","url":"https:\/\/gr-100.com\/en\/producto\/specialized-crux-dsw-comp-2026\/","name":"Specialized Crux DSW Comp 2026 GR-100","isPartOf":{"@id":"https:\/\/gr-100.com\/#website"},"primaryImageOfPage":{"@id":"https:\/\/gr-100.com\/en\/producto\/specialized-crux-dsw-comp-2026\/#primaryimage"},"image":{"@id":"https:\/\/gr-100.com\/en\/producto\/specialized-crux-dsw-comp-2026\/#primaryimage"},"thumbnailUrl":"https:\/\/gr-100.com\/wp-content\/uploads\/2025\/09\/Diseno-sin-titulo-2025-09-15T132253.821.jpg","datePublished":"2025-09-15T12:48:05+00:00","description":"The Crux DSW is much more than the lightest aluminum gravel bike ever made. We took everything we learned from creating the carbon Crux and brought it to life in aluminum using our patented D'Aluisio Smartweld technology, resulting in the most capable, agile, balanced and responsive aluminum gravel bike ever created, built to ride fast, have fun and perform at its best.","breadcrumb":{"@id":"https:\/\/gr-100.com\/en\/producto\/specialized-crux-dsw-comp-2026\/#breadcrumb"},"inLanguage":"en-US","potentialAction":[{"@type":"ReadAction","target":["https:\/\/gr-100.com\/en\/producto\/specialized-crux-dsw-comp-2026\/"]}]},{"@type":"ImageObject","inLanguage":"en-US","@id":"https:\/\/gr-100.com\/en\/producto\/specialized-crux-dsw-comp-2026\/#primaryimage","url":"https:\/\/gr-100.com\/wp-content\/uploads\/2025\/09\/Diseno-sin-titulo-2025-09-15T132253.821.jpg","contentUrl":"https:\/\/gr-100.com\/wp-content\/uploads\/2025\/09\/Diseno-sin-titulo-2025-09-15T132253.821.jpg","width":1000,"height":1000},{"@type":"BreadcrumbList","@id":"https:\/\/gr-100.com\/en\/producto\/specialized-crux-dsw-comp-2026\/#breadcrumb","itemListElement":[{"@type":"ListItem","position":1,"name":"Portada","item":"https:\/\/gr-100.com\/pt-pt\/"},{"@type":"ListItem","position":2,"name":"Productos","item":"https:\/\/gr-100.com\/?post_type=product"},{"@type":"ListItem","position":3,"name":"Specialized Crux DSW Comp 2026"}]},{"@type":"WebSite","@id":"https:\/\/gr-100.com\/#website","url":"https:\/\/gr-100.com\/","name":"Gr-100 Tienda de ciclismo Specialized","description":"GR-100 tenemos todas las gamas de bicicletas Specialized al mejor precio.","publisher":{"@id":"https:\/\/gr-100.com\/#organization"},"alternateName":"Gr-100 Bikes","potentialAction":[{"@type":"SearchAction","target":{"@type":"EntryPoint","urlTemplate":"https:\/\/gr-100.com\/?s={search_term_string}"},"query-input":{"@type":"PropertyValueSpecification","valueRequired":true,"valueName":"search_term_string"}}],"inLanguage":"en-US"},{"@type":"Organization","@id":"https:\/\/gr-100.com\/#organization","name":"Gr-100","url":"https:\/\/gr-100.com\/","logo":{"@type":"ImageObject","inLanguage":"en-US","@id":"https:\/\/gr-100.com\/#\/schema\/logo\/image\/","url":"https:\/\/gr-100.com\/wp-content\/uploads\/2023\/08\/logo-gr-100-bikes.png","contentUrl":"https:\/\/gr-100.com\/wp-content\/uploads\/2023\/08\/logo-gr-100-bikes.png","width":707,"height":284,"caption":"Gr-100"},"image":{"@id":"https:\/\/gr-100.com\/#\/schema\/logo\/image\/"},"sameAs":["https:\/\/www.facebook.com\/Gr100Bikes","https:\/\/www.instagram.com\/gr100bikes\/","https:\/\/www.tiktok.com\/@gr100bikes","https:\/\/twitter.com\/gr100mtbteam","https:\/\/www.youtube.com\/c\/GR100Specialized"]}]}},"_links":{"self":[{"href":"https:\/\/gr-100.com\/en\/wp-json\/wp\/v2\/product\/428370","targetHints":{"allow":["GET"]}}],"collection":[{"href":"https:\/\/gr-100.com\/en\/wp-json\/wp\/v2\/product"}],"about":[{"href":"https:\/\/gr-100.com\/en\/wp-json\/wp\/v2\/types\/product"}],"replies":[{"embeddable":true,"href":"https:\/\/gr-100.com\/en\/wp-json\/wp\/v2\/comments?post=428370"}],"wp:featuredmedia":[{"embeddable":true,"href":"https:\/\/gr-100.com\/en\/wp-json\/wp\/v2\/media\/415769"}],"wp:attachment":[{"href":"https:\/\/gr-100.com\/en\/wp-json\/wp\/v2\/media?parent=428370"}],"wp:term":[{"taxonomy":"product_brand","embeddable":true,"href":"https:\/\/gr-100.com\/en\/wp-json\/wp\/v2\/product_brand?post=428370"},{"taxonomy":"product_cat","embeddable":true,"href":"https:\/\/gr-100.com\/en\/wp-json\/wp\/v2\/product_cat?post=428370"},{"taxonomy":"product_tag","embeddable":true,"href":"https:\/\/gr-100.com\/en\/wp-json\/wp\/v2\/product_tag?post=428370"}],"curies":[{"name":"wp","href":"https:\/\/api.w.org\/{rel}","templated":true}]}}