{"id":428437,"date":"2025-09-15T12:25:06","date_gmt":"2025-09-15T11:25:06","guid":{"rendered":"https:\/\/gr-100.com\/producto\/specialized-s-works-crux-frameset-2026-2\/"},"modified":"2025-09-15T12:25:06","modified_gmt":"2025-09-15T10:25:06","slug":"specialized-s-works-crux-frameset-2026-2","status":"publish","type":"product","link":"https:\/\/gr-100.com\/en\/producto\/specialized-s-works-crux-frameset-2026-2\/","title":{"rendered":"Specialized S-Works Crux Frameset 2026"},"content":{"rendered":"<ul>\n<li>M\u00e1s ligera: 725 g para el cuadro S-Works 12r y 825 g para el 10r. Tomamos los avances revolucionarios que hicieron de la Aethos la bicicleta m\u00e1s ligera jam\u00e1s creada y los aplicamos a la Crux. \u00bfEl resultado? Una bicicleta de gravel que sube como un sue\u00f1o, flota sobre terrenos de pesadilla y pesa menos que una botella llena en tu portabid\u00f3n.   <\/li>\n<li>Capaz: Espacio para neum\u00e1ticos de 47c\/650b x 2.1. M\u00e1s espacio significa m\u00e1s capacidad. Con un paso de rueda al nivel de la Diverge, la Crux te lleva a donde quieras, a toda velocidad.  <\/li>\n<li>Responsiva: \u00c1gil, suave y reactiva. Responde al pedalear. C\u00f3moda al estar sentado. Con geometr\u00eda de alto rendimiento para gravel y un ajuste influenciado por las carreras, inspirado en la historia ic\u00f3nica de la Crux en el ciclocross.   <\/li>\n<li>TECHNICAL SPECIFICATIONS<\/li>\n<li>Cuadro<br \/>\nCuadro: S-Works Crux FACT 12r Carbon, Rider First Engineered\u2122, caja de pedalier roscada, eje pasante 12&#215;142 mm, freno de disco flat-mount, puntera UDH<\/li>\n<li>Suspensi\u00f3n<br \/>\nHorquilla: S-Works FACT Carbon, eje pasante 12&#215;100 mm, freno de disco flat-mount<br \/>\nCockpit (Parte superior del cuadro)<br \/>\nTija de sill\u00edn: Roval Alpinist Carbon<br \/>\nAbrazadera de sill\u00edn: Specialized de aleaci\u00f3n, 30,0 mm, tornillo de titanio<\/li>\n<li>Peso: 1,46 kg (3 lb, 3,5 oz)<br \/>\nTalla del peso especificado: 56<\/li>\n<\/ul>\n","protected":false},"excerpt":{"rendered":"<p>La Crux es la bicicleta de gravel m\u00e1s ligera del mundo, con una capacidad excepcional gracias a su enorme espacio para neum\u00e1ticos y una geometr\u00eda de alto rendimiento para gravel. No es solo la m\u00e1xima expresi\u00f3n del rendimiento en gravel, es tu billete de ida hacia la iluminaci\u00f3n gravel. <\/p>\n","protected":false},"featured_media":415618,"comment_status":"open","ping_status":"closed","template":"","meta":{"_acf_changed":false,"_et_pb_use_builder":"","_et_pb_old_content":"","_et_gb_content_width":"","inline_featured_image":false},"product_brand":[],"product_cat":[4347,2449,2484,5304,5303,5302],"product_tag":[],"class_list":{"0":"post-428437","1":"product","2":"type-product","3":"status-publish","4":"has-post-thumbnail","6":"product_cat-black-friday-2-en","7":"product_cat-bicycles","8":"product_cat-gravel","9":"product_cat-bicicletas-gravel-aero-en","10":"product_cat-bicicletas-gravel-carbono-en","11":"product_cat-bicicletas-gravel-specialized-en","12":"product_shipping_class-bicicletas-en","14":"first","15":"instock","16":"sale","17":"taxable","18":"shipping-taxable","19":"purchasable","20":"product-type-variable","21":"wvs-archive-product-wrapper"},"acf":[],"yoast_head":"<!-- This site is optimized with the Yoast SEO Premium plugin v26.7 (Yoast SEO v26.7) - https:\/\/yoast.com\/wordpress\/plugins\/seo\/ -->\n<title>Specialized S-Works Crux Frameset 2026<\/title>\n<meta name=\"description\" content=\"La Crux es la bicicleta de gravel m\u00e1s ligera del mundo, con una capacidad excepcional gracias a su enorme espacio para neum\u00e1ticos y una geometr\u00eda de alto rendimiento para gravel. No es solo la m\u00e1xima expresi\u00f3n del rendimiento en gravel, es tu billete de ida hacia la iluminaci\u00f3n gravel.\" \/>\n<meta name=\"robots\" content=\"index, follow, max-snippet:-1, max-image-preview:large, max-video-preview:-1\" \/>\n<link rel=\"canonical\" href=\"https:\/\/gr-100.com\/en\/producto\/specialized-s-works-crux-frameset-2026-2\/\" \/>\n<meta property=\"og:locale\" content=\"en_US\" \/>\n<meta property=\"og:type\" content=\"article\" \/>\n<meta property=\"og:title\" content=\"Specialized S-Works Crux Frameset 2026\" \/>\n<meta property=\"og:description\" content=\"La Crux es la bicicleta de gravel m\u00e1s ligera del mundo, con una capacidad excepcional gracias a su enorme espacio para neum\u00e1ticos y una geometr\u00eda de alto rendimiento para gravel. No es solo la m\u00e1xima expresi\u00f3n del rendimiento en gravel, es tu billete de ida hacia la iluminaci\u00f3n gravel.\" \/>\n<meta property=\"og:url\" content=\"https:\/\/gr-100.com\/en\/producto\/specialized-s-works-crux-frameset-2026-2\/\" \/>\n<meta property=\"og:site_name\" content=\"Gr-100 Tienda de ciclismo Specialized\" \/>\n<meta property=\"article:publisher\" content=\"https:\/\/www.facebook.com\/Gr100Bikes\" \/>\n<meta property=\"og:image\" content=\"https:\/\/gr-100.com\/wp-content\/uploads\/2025\/09\/Diseno-sin-titulo-2025-09-15T115827.397.jpg\" \/>\n\t<meta property=\"og:image:width\" content=\"1000\" \/>\n\t<meta property=\"og:image:height\" content=\"1000\" \/>\n\t<meta property=\"og:image:type\" content=\"image\/jpeg\" \/>\n<meta name=\"twitter:card\" content=\"summary_large_image\" \/>\n<meta name=\"twitter:label1\" content=\"Est. reading time\" \/>\n\t<meta name=\"twitter:data1\" content=\"1 minute\" \/>\n<script type=\"application\/ld+json\" class=\"yoast-schema-graph\">{\"@context\":\"https:\/\/schema.org\",\"@graph\":[{\"@type\":\"WebPage\",\"@id\":\"https:\/\/gr-100.com\/en\/producto\/specialized-s-works-crux-frameset-2026-2\/\",\"url\":\"https:\/\/gr-100.com\/en\/producto\/specialized-s-works-crux-frameset-2026-2\/\",\"name\":\"Specialized S-Works Crux Frameset 2026\",\"isPartOf\":{\"@id\":\"https:\/\/gr-100.com\/#website\"},\"primaryImageOfPage\":{\"@id\":\"https:\/\/gr-100.com\/en\/producto\/specialized-s-works-crux-frameset-2026-2\/#primaryimage\"},\"image\":{\"@id\":\"https:\/\/gr-100.com\/en\/producto\/specialized-s-works-crux-frameset-2026-2\/#primaryimage\"},\"thumbnailUrl\":\"https:\/\/gr-100.com\/wp-content\/uploads\/2025\/09\/Diseno-sin-titulo-2025-09-15T115827.397.jpg\",\"datePublished\":\"2025-09-15T11:25:06+00:00\",\"description\":\"La Crux es la bicicleta de gravel m\u00e1s ligera del mundo, con una capacidad excepcional gracias a su enorme espacio para neum\u00e1ticos y una geometr\u00eda de alto rendimiento para gravel. No es solo la m\u00e1xima expresi\u00f3n del rendimiento en gravel, es tu billete de ida hacia la iluminaci\u00f3n gravel.\",\"breadcrumb\":{\"@id\":\"https:\/\/gr-100.com\/en\/producto\/specialized-s-works-crux-frameset-2026-2\/#breadcrumb\"},\"inLanguage\":\"en-US\",\"potentialAction\":[{\"@type\":\"ReadAction\",\"target\":[\"https:\/\/gr-100.com\/en\/producto\/specialized-s-works-crux-frameset-2026-2\/\"]}]},{\"@type\":\"ImageObject\",\"inLanguage\":\"en-US\",\"@id\":\"https:\/\/gr-100.com\/en\/producto\/specialized-s-works-crux-frameset-2026-2\/#primaryimage\",\"url\":\"https:\/\/gr-100.com\/wp-content\/uploads\/2025\/09\/Diseno-sin-titulo-2025-09-15T115827.397.jpg\",\"contentUrl\":\"https:\/\/gr-100.com\/wp-content\/uploads\/2025\/09\/Diseno-sin-titulo-2025-09-15T115827.397.jpg\",\"width\":1000,\"height\":1000},{\"@type\":\"BreadcrumbList\",\"@id\":\"https:\/\/gr-100.com\/en\/producto\/specialized-s-works-crux-frameset-2026-2\/#breadcrumb\",\"itemListElement\":[{\"@type\":\"ListItem\",\"position\":1,\"name\":\"Portada\",\"item\":\"https:\/\/gr-100.com\/pt-pt\/\"},{\"@type\":\"ListItem\",\"position\":2,\"name\":\"Productos\",\"item\":\"https:\/\/gr-100.com\/?post_type=product\"},{\"@type\":\"ListItem\",\"position\":3,\"name\":\"Specialized S-Works Crux Frameset 2026\"}]},{\"@type\":\"WebSite\",\"@id\":\"https:\/\/gr-100.com\/#website\",\"url\":\"https:\/\/gr-100.com\/\",\"name\":\"Gr-100 Tienda de ciclismo Specialized\",\"description\":\"GR-100 tenemos todas las gamas de bicicletas Specialized al mejor precio.\",\"publisher\":{\"@id\":\"https:\/\/gr-100.com\/#organization\"},\"alternateName\":\"Gr-100 Bikes\",\"potentialAction\":[{\"@type\":\"SearchAction\",\"target\":{\"@type\":\"EntryPoint\",\"urlTemplate\":\"https:\/\/gr-100.com\/?s={search_term_string}\"},\"query-input\":{\"@type\":\"PropertyValueSpecification\",\"valueRequired\":true,\"valueName\":\"search_term_string\"}}],\"inLanguage\":\"en-US\"},{\"@type\":\"Organization\",\"@id\":\"https:\/\/gr-100.com\/#organization\",\"name\":\"Gr-100\",\"url\":\"https:\/\/gr-100.com\/\",\"logo\":{\"@type\":\"ImageObject\",\"inLanguage\":\"en-US\",\"@id\":\"https:\/\/gr-100.com\/#\/schema\/logo\/image\/\",\"url\":\"https:\/\/gr-100.com\/wp-content\/uploads\/2023\/08\/logo-gr-100-bikes.png\",\"contentUrl\":\"https:\/\/gr-100.com\/wp-content\/uploads\/2023\/08\/logo-gr-100-bikes.png\",\"width\":707,\"height\":284,\"caption\":\"Gr-100\"},\"image\":{\"@id\":\"https:\/\/gr-100.com\/#\/schema\/logo\/image\/\"},\"sameAs\":[\"https:\/\/www.facebook.com\/Gr100Bikes\",\"https:\/\/www.instagram.com\/gr100bikes\/\",\"https:\/\/www.tiktok.com\/@gr100bikes\",\"https:\/\/twitter.com\/gr100mtbteam\",\"https:\/\/www.youtube.com\/c\/GR100Specialized\"]}]}<\/script>\n<!-- \/ Yoast SEO Premium plugin. -->","yoast_head_json":{"title":"Specialized S-Works Crux Frameset 2026","description":"La Crux es la bicicleta de gravel m\u00e1s ligera del mundo, con una capacidad excepcional gracias a su enorme espacio para neum\u00e1ticos y una geometr\u00eda de alto rendimiento para gravel. No es solo la m\u00e1xima expresi\u00f3n del rendimiento en gravel, es tu billete de ida hacia la iluminaci\u00f3n gravel.","robots":{"index":"index","follow":"follow","max-snippet":"max-snippet:-1","max-image-preview":"max-image-preview:large","max-video-preview":"max-video-preview:-1"},"canonical":"https:\/\/gr-100.com\/en\/producto\/specialized-s-works-crux-frameset-2026-2\/","og_locale":"en_US","og_type":"article","og_title":"Specialized S-Works Crux Frameset 2026","og_description":"La Crux es la bicicleta de gravel m\u00e1s ligera del mundo, con una capacidad excepcional gracias a su enorme espacio para neum\u00e1ticos y una geometr\u00eda de alto rendimiento para gravel. No es solo la m\u00e1xima expresi\u00f3n del rendimiento en gravel, es tu billete de ida hacia la iluminaci\u00f3n gravel.","og_url":"https:\/\/gr-100.com\/en\/producto\/specialized-s-works-crux-frameset-2026-2\/","og_site_name":"Gr-100 Tienda de ciclismo Specialized","article_publisher":"https:\/\/www.facebook.com\/Gr100Bikes","og_image":[{"width":1000,"height":1000,"url":"https:\/\/gr-100.com\/wp-content\/uploads\/2025\/09\/Diseno-sin-titulo-2025-09-15T115827.397.jpg","type":"image\/jpeg"}],"twitter_card":"summary_large_image","twitter_misc":{"Est. reading time":"1 minute"},"schema":{"@context":"https:\/\/schema.org","@graph":[{"@type":"WebPage","@id":"https:\/\/gr-100.com\/en\/producto\/specialized-s-works-crux-frameset-2026-2\/","url":"https:\/\/gr-100.com\/en\/producto\/specialized-s-works-crux-frameset-2026-2\/","name":"Specialized S-Works Crux Frameset 2026","isPartOf":{"@id":"https:\/\/gr-100.com\/#website"},"primaryImageOfPage":{"@id":"https:\/\/gr-100.com\/en\/producto\/specialized-s-works-crux-frameset-2026-2\/#primaryimage"},"image":{"@id":"https:\/\/gr-100.com\/en\/producto\/specialized-s-works-crux-frameset-2026-2\/#primaryimage"},"thumbnailUrl":"https:\/\/gr-100.com\/wp-content\/uploads\/2025\/09\/Diseno-sin-titulo-2025-09-15T115827.397.jpg","datePublished":"2025-09-15T11:25:06+00:00","description":"La Crux es la bicicleta de gravel m\u00e1s ligera del mundo, con una capacidad excepcional gracias a su enorme espacio para neum\u00e1ticos y una geometr\u00eda de alto rendimiento para gravel. No es solo la m\u00e1xima expresi\u00f3n del rendimiento en gravel, es tu billete de ida hacia la iluminaci\u00f3n gravel.","breadcrumb":{"@id":"https:\/\/gr-100.com\/en\/producto\/specialized-s-works-crux-frameset-2026-2\/#breadcrumb"},"inLanguage":"en-US","potentialAction":[{"@type":"ReadAction","target":["https:\/\/gr-100.com\/en\/producto\/specialized-s-works-crux-frameset-2026-2\/"]}]},{"@type":"ImageObject","inLanguage":"en-US","@id":"https:\/\/gr-100.com\/en\/producto\/specialized-s-works-crux-frameset-2026-2\/#primaryimage","url":"https:\/\/gr-100.com\/wp-content\/uploads\/2025\/09\/Diseno-sin-titulo-2025-09-15T115827.397.jpg","contentUrl":"https:\/\/gr-100.com\/wp-content\/uploads\/2025\/09\/Diseno-sin-titulo-2025-09-15T115827.397.jpg","width":1000,"height":1000},{"@type":"BreadcrumbList","@id":"https:\/\/gr-100.com\/en\/producto\/specialized-s-works-crux-frameset-2026-2\/#breadcrumb","itemListElement":[{"@type":"ListItem","position":1,"name":"Portada","item":"https:\/\/gr-100.com\/pt-pt\/"},{"@type":"ListItem","position":2,"name":"Productos","item":"https:\/\/gr-100.com\/?post_type=product"},{"@type":"ListItem","position":3,"name":"Specialized S-Works Crux Frameset 2026"}]},{"@type":"WebSite","@id":"https:\/\/gr-100.com\/#website","url":"https:\/\/gr-100.com\/","name":"Gr-100 Tienda de ciclismo Specialized","description":"GR-100 tenemos todas las gamas de bicicletas Specialized al mejor precio.","publisher":{"@id":"https:\/\/gr-100.com\/#organization"},"alternateName":"Gr-100 Bikes","potentialAction":[{"@type":"SearchAction","target":{"@type":"EntryPoint","urlTemplate":"https:\/\/gr-100.com\/?s={search_term_string}"},"query-input":{"@type":"PropertyValueSpecification","valueRequired":true,"valueName":"search_term_string"}}],"inLanguage":"en-US"},{"@type":"Organization","@id":"https:\/\/gr-100.com\/#organization","name":"Gr-100","url":"https:\/\/gr-100.com\/","logo":{"@type":"ImageObject","inLanguage":"en-US","@id":"https:\/\/gr-100.com\/#\/schema\/logo\/image\/","url":"https:\/\/gr-100.com\/wp-content\/uploads\/2023\/08\/logo-gr-100-bikes.png","contentUrl":"https:\/\/gr-100.com\/wp-content\/uploads\/2023\/08\/logo-gr-100-bikes.png","width":707,"height":284,"caption":"Gr-100"},"image":{"@id":"https:\/\/gr-100.com\/#\/schema\/logo\/image\/"},"sameAs":["https:\/\/www.facebook.com\/Gr100Bikes","https:\/\/www.instagram.com\/gr100bikes\/","https:\/\/www.tiktok.com\/@gr100bikes","https:\/\/twitter.com\/gr100mtbteam","https:\/\/www.youtube.com\/c\/GR100Specialized"]}]}},"_links":{"self":[{"href":"https:\/\/gr-100.com\/en\/wp-json\/wp\/v2\/product\/428437","targetHints":{"allow":["GET"]}}],"collection":[{"href":"https:\/\/gr-100.com\/en\/wp-json\/wp\/v2\/product"}],"about":[{"href":"https:\/\/gr-100.com\/en\/wp-json\/wp\/v2\/types\/product"}],"replies":[{"embeddable":true,"href":"https:\/\/gr-100.com\/en\/wp-json\/wp\/v2\/comments?post=428437"}],"wp:featuredmedia":[{"embeddable":true,"href":"https:\/\/gr-100.com\/en\/wp-json\/wp\/v2\/media\/415618"}],"wp:attachment":[{"href":"https:\/\/gr-100.com\/en\/wp-json\/wp\/v2\/media?parent=428437"}],"wp:term":[{"taxonomy":"product_brand","embeddable":true,"href":"https:\/\/gr-100.com\/en\/wp-json\/wp\/v2\/product_brand?post=428437"},{"taxonomy":"product_cat","embeddable":true,"href":"https:\/\/gr-100.com\/en\/wp-json\/wp\/v2\/product_cat?post=428437"},{"taxonomy":"product_tag","embeddable":true,"href":"https:\/\/gr-100.com\/en\/wp-json\/wp\/v2\/product_tag?post=428437"}],"curies":[{"name":"wp","href":"https:\/\/api.w.org\/{rel}","templated":true}]}}