{"id":428489,"date":"2025-09-22T14:03:24","date_gmt":"2025-09-22T13:03:24","guid":{"rendered":"https:\/\/gr-100.com\/producto\/specialized-turbo-vado-4-0-igh-2026\/"},"modified":"2025-09-22T14:03:24","modified_gmt":"2025-09-22T12:03:24","slug":"specialized-turbo-vado-4-0-igh-2026","status":"publish","type":"product","link":"https:\/\/gr-100.com\/en\/producto\/specialized-turbo-vado-4-0-igh-2026\/","title":{"rendered":"Specialized Turbo Vado 4.0 IGH 2026"},"content":{"rendered":"<ul>\n<li>TURBO<br \/>\nEl coraz\u00f3n de la Vado es su tecnolog\u00eda Turbo, un sistema de bicicleta el\u00e9ctrica avanzado e integrado que ofrece una combinaci\u00f3n inigualable de potencia, sensaci\u00f3n natural, funciones antirrobo, consejos de entrenamiento y una computadora de a bordo totalmente equipada.<\/li>\n<li>POTENTE<br \/>\nEres t\u00fa, pero m\u00e1s r\u00e1pido: es como tener 4 veces tu fuerza.<br \/>\nEl sistema Turbo Full Power detecta la fuerza que aplicas a los pedales y la cuadruplica de forma natural, brindando una experiencia que hace que subir cualquier colina o llegar a cualquier destino sea pan comido. Literalmente. <\/li>\n<li>C\u00d3MODA Y CONFIABLE<br \/>\nLa posici\u00f3n de conducci\u00f3n y la maniobrabilidad est\u00e1n optimizadas para ofrecer m\u00e1xima comodidad, confianza y control.<br \/>\nLos potentes frenos de disco hidr\u00e1ulicos controlan tu velocidad con precisi\u00f3n, mientras que los neum\u00e1ticos de mayor volumen brindan m\u00e1xima tracci\u00f3n al girar y frenar.<br \/>\nSUAVE<br \/>\nViaja con total comodidad gracias a la horquilla delantera con suspensi\u00f3n de 80 mm, neum\u00e1ticos de mayor volumen y una tija de sill\u00edn con suspensi\u00f3n, que suaviza los baches desde el punto A al punto B.<\/li>\n<li>SEGURA<br \/>\nLa Vado incorpora un sistema antirrobo integrado. Puedes desactivar el motor con solo presionar un bot\u00f3n, evitando que cualquier persona pueda encenderlo sin tu tel\u00e9fono conectado a la app de Specialized o tu PIN personalizado.<br \/>\nLa bater\u00eda puede bloquearse dentro del cuadro o retirarse f\u00e1cilmente, y si alguien intenta mover la bicicleta, sonar\u00e1 una alarma.<br \/>\n\u00a1Olv\u00eddate de los ladrones!<br \/>\nEl l\u00edmite de velocidad a la que el motor deja de asistir puede variar seg\u00fan la regi\u00f3n, seg\u00fan las normativas locales. Esto tambi\u00e9n puede afectar la autonom\u00eda: una mayor velocidad m\u00e1xima puede reducir el alcance.  <\/li>\n<li>RENDIMIENTO SILENCIOSO Y EFICIENTE<br \/>\nEl motor Turbo Full Power 2.0 y la bater\u00eda de 710 Wh ofrecen una experiencia de conducci\u00f3n incomparable, amplificando tu esfuerzo de forma suave, fluida y sorprendentemente silenciosa, hasta 45 km\/h (28 mph).<br \/>\nEl controlador integrado responde intuitivamente a tu pedaleo, generando una asistencia totalmente natural.<\/li>\n<li>PANTALLA Y CONECTIVIDAD INTELIGENTE<br \/>\nMasterMind y la app Specialized:<br \/>\nLa pantalla MasterMind muestra toda la informaci\u00f3n relevante de tu recorrido y permite ajustar los niveles de asistencia en tiempo real.<br \/>\nAdem\u00e1s, se integra a la perfecci\u00f3n con la aplicaci\u00f3n Specialized, que incluye herramientas de optimizaci\u00f3n de autonom\u00eda, ajustes avanzados, diagn\u00f3stico en ruta y m\u00e1s.CAMBIO ENVIOLO IGH SIN<\/li>\n<li>ESCALONAMIENTOS<br \/>\nEl buje de cambios interno enviolo City IGH incluye un sistema de cambio continuo, sin saltos entre marchas, tan intuitivo como subir o bajar el volumen de una radio.<br \/>\nEsto permite a los ciclistas concentrarse en lo m\u00e1s importante: el tr\u00e1fico o el paisaje, no en los engranajes.<\/li>\n<li>EFICIENCIA COMPROBADA<br \/>\nDesarrollamos un mecanismo de prueba personalizado para analizar vibraciones y baches incluso en las frecuencias m\u00e1s peque\u00f1as, mejorando la comodidad y visibilidad.<br \/>\nEsa precisi\u00f3n, combinada con neum\u00e1ticos de alto volumen y la horquilla con suspensi\u00f3n de 80 mm, har\u00e1 que los caminos parezcan m\u00e1s lisos ante tus ojos.<\/li>\n<li>SISTEMA DE BLOQUEO TURBO<br \/>\nUsa la app de Specialized para desactivar el motor y activar la alarma de movimiento. Una vez bloqueado, solo el propietario podr\u00e1 volver a activar el sistema. <\/li>\n<li>BATER\u00cdA INTEGRADA, REMOVIBLE Y BLOQUEABLE<br \/>\nF\u00e1cil de cargar, f\u00e1cil de asegurar.<\/li>\n<li>EQUIPAMIENTO COMPLETO<br \/>\nGuardabarros DRYTECH<br \/>\nLuces LED delantera y trasera<br \/>\nPortaequipajes trasero HD de 27 kg de capacidad, compatible con sillas infantiles<br \/>\nApta para remolques con eje pasante<br \/>\nLARGA AUTONOM\u00cdA<br \/>\nDisfruta de una autonom\u00eda ideal para trayectos urbanos o largos: hasta 90 km (56 millas) o 4 horas de uso con una sola carga en modo eco.<\/li>\n<li>TECHNICAL SPECIFICATIONS<\/li>\n<li>Bicicleta El\u00e9ctrica<br \/>\nMotor:<br \/>\nSpecialized 2.0, par motor de 70 Nm, motor personalizado, 250W nominales<br \/>\nPantalla\/Control Remoto:<br \/>\nMasterMind TCD con control remoto en el manillar, funci\u00f3n antirrobo integrada, conectividad Bluetooth\u00ae, p\u00e1ginas de pantalla personalizables<br \/>\nBater\u00eda:<br \/>\nSpecialized U2-710, bater\u00eda integrada con indicador de carga, 710 Wh, certificaci\u00f3n UL<br \/>\nCargador:<br \/>\nCargador personalizado, 42V 4A con conector Rosenberger, compatible con 100-240V<br \/>\nCableado:<br \/>\nArn\u00e9s de cables personalizado<\/li>\n<li>Cuadro<br \/>\nCuadro:<br \/>\nAluminio E5, soporte de motor en eje de centro, bater\u00eda integrada y bloqueable en el tubo diagonal, guiado interno de cables, compatible con candado y portabultos delantero, punteras deslizantes<br \/>\nAbrazadera de sill\u00edn:<br \/>\nAleaci\u00f3n, tipo tornillo, 34.9 mm<\/li>\n<li>Suspensi\u00f3n<br \/>\nHorquilla delantera:<br \/>\nSR Suntour MobieA32, recorrido de 80 mm, con bloqueo, soportes para guardabarros, soporte de luz integrado<br \/>\nFrenos<br \/>\nFreno delantero:<br \/>\nShimano BR-MT200, disco hidr\u00e1ulico, 180 mm<br \/>\nFreno trasero:<br \/>\nShimano BR-MT200, disco hidr\u00e1ulico, 180 mm<\/li>\n<li>Transmisi\u00f3n<br \/>\nBuje de cambio interno (IGH):<br \/>\nEnviolo con cambio manual integrado<br \/>\nManetas de cambio:<br \/>\nEnviolo Twist Display Pure (rotativo)<br \/>\nPi\u00f1\u00f3n trasero:<br \/>\nGates 22T<br \/>\nCorrea:<br \/>\nGates Carbon Drive CDX 122T, color negro<br \/>\nBielas:<br \/>\nBielas forjadas de aleaci\u00f3n personalizadas<br \/>\nPlato:<br \/>\nGates Carbon Drive CDX 50T, color negro<br \/>\nCubrecadena:<br \/>\nSpecialized Belt Cover<\/li>\n<li>Ruedas y Neum\u00e1ticos<br \/>\nLlantas:<br \/>\n650b, doble pared, aleaci\u00f3n, unidas por pasadores, 32 radios<br \/>\nBuje delantero:<br \/>\nSpecialized, buje de disco de aleaci\u00f3n, rodamientos sellados, 6 tornillos, eje pasante 15&#215;110 mm, 32h<br \/>\nBuje trasero:<br \/>\nEnviolo Trekking, relaci\u00f3n de cambio 380%, 6 tornillos, eje 10&#215;135 mm, 32h<br \/>\nRadios:<br \/>\nDT Swiss Elemental<br \/>\nNeum\u00e1tico delantero:<br \/>\nPathfinder Sport Reflect, 650Bx2.3<br \/>\nNeum\u00e1tico trasero:<br \/>\nPathfinder Sport Reflect, 650Bx2.3<br \/>\nC\u00e1maras:<br \/>\nV\u00e1lvula Schrader de 40 mm, tama\u00f1o 650Bx1.75\u20132.4<\/li>\n<li>Cockpit<br \/>\nPotencia:<br \/>\nSpecialized Flowset, aleaci\u00f3n forjada en 3D, elevaci\u00f3n de 20\u00b0, abrazadera de 31.8 mm<br \/>\nManillar:<br \/>\nSpecialized, aleaci\u00f3n, retroceso de 15\u00b0, elevaci\u00f3n de 46 mm, 31.8 mm<br \/>\nPu\u00f1os:<br \/>\nSpecialized Body Geometry Contour, con bloqueo<br \/>\nSill\u00edn:<br \/>\nBridge Sport, rieles de acero, 155 mm de ancho<br \/>\nTija de sill\u00edn:<br \/>\nSuspensi\u00f3n por resorte, aleaci\u00f3n, 40 mm de recorrido, di\u00e1metro 30.9 mm, abrazadera de 2 tornillos, casquillo de 34.9 mm<\/li>\n<li>Accessories<br \/>\nPedales:<br \/>\nSpecialized Commuter con cinta antideslizante y reflectores<br \/>\nEspejo retrovisor:<br \/>\nDe aluminio, montado en el manillar<br \/>\nLuz delantera:<br \/>\nLezyne Ebike Hecto StVZO E350+, 350 l\u00famenes, cable de 160 cm, con reflector<br \/>\nLuz trasera:<br \/>\nSpanninga StVZO Commuter Glow con funci\u00f3n de luz de freno (Brake XEr)<br \/>\nPata de cabra:<br \/>\nSpecialized, compatible con soporte de 40 mm<br \/>\nPortabultos trasero:<br \/>\nSpecialized, interfaz MIK HD, soportes integrados para alforjas, capacidad m\u00e1xima de 27 kg<br \/>\nGuardabarros:<br \/>\nSpecialized DRYTECH, ancho de 65 mm, varillas de aluminio<br \/>\nCandado de bicicleta:<br \/>\nTurbo System Lock (sistema antirrobo integrado)<br \/>\nTimbre:<br \/>\nTimbre sencillo<\/li>\n<li>Datos del Producto<br \/>\nID del producto:<br \/>\n263680<\/li>\n<li>Peso:<br \/>\n28.1 kg (61 lb, 15.2 oz)<br \/>\nTalla del modelo:<br \/>\nMD (mediana)<\/li>\n<\/ul>\n","protected":false},"excerpt":{"rendered":"<p>Considera la Vado como tu bicicleta de transporte de alto rendimiento, dise\u00f1ada para llevarte a donde necesites con una combinaci\u00f3n inigualable de velocidad, fiabilidad y confianza.<br \/>\nYa sea que la cargues con tus pertenencias, te subas y salgas, vayas al trabajo o al gimnasio, la Vado, con toda su potencia y gran autonom\u00eda, te llevar\u00e1 del punto A al punto B lo m\u00e1s r\u00e1pido posible.<\/p>\n","protected":false},"featured_media":416915,"comment_status":"open","ping_status":"closed","template":"","meta":{"_acf_changed":false,"_et_pb_use_builder":"","_et_pb_old_content":"","_et_gb_content_width":"","inline_featured_image":false},"product_brand":[],"product_cat":[2449,5279,347,5275,5277,5274,5278,5276],"product_tag":[],"class_list":{"0":"post-428489","1":"product","2":"type-product","3":"status-publish","4":"has-post-thumbnail","6":"product_cat-bicycles","7":"product_cat-bicicletas-urbanas-en","8":"product_cat-electric","9":"product_cat-bicicletas-electricas-aluminio-en","10":"product_cat-bicicletas-electricas-paseo-en","11":"product_cat-bicicletas-electricas-specialized-en","12":"product_cat-bicicletas-electricas-trekking-en","13":"product_cat-bicicletas-electricas-urbanas-en","14":"product_shipping_class-bicicletas-en","16":"first","17":"instock","18":"taxable","19":"shipping-taxable","20":"purchasable","21":"product-type-variable","22":"wvs-archive-product-wrapper"},"acf":[],"yoast_head":"<!-- This site is optimized with the Yoast SEO Premium plugin v26.7 (Yoast SEO v26.7) - https:\/\/yoast.com\/wordpress\/plugins\/seo\/ -->\n<title>Specialized Turbo Vado 4.0 IGH 2026 GR-100<\/title>\n<meta name=\"description\" content=\"Considera la Vado como tu bicicleta de transporte de alto rendimiento, dise\u00f1ada para llevarte a donde necesites con una combinaci\u00f3n inigualable de velocidad, fiabilidad y confianza.Ya sea que la cargues con tus pertenencias, te subas y salgas, vayas al trabajo o al gimnasio, la Vado, con toda su potencia y gran autonom\u00eda, te llevar\u00e1 del punto A al punto B lo m\u00e1s r\u00e1pido posible.\" \/>\n<meta name=\"robots\" content=\"index, follow, max-snippet:-1, max-image-preview:large, max-video-preview:-1\" \/>\n<link rel=\"canonical\" href=\"https:\/\/gr-100.com\/en\/producto\/specialized-turbo-vado-4-0-igh-2026\/\" \/>\n<meta property=\"og:locale\" content=\"en_US\" \/>\n<meta property=\"og:type\" content=\"article\" \/>\n<meta property=\"og:title\" content=\"Specialized Turbo Vado 4.0 IGH 2026\" \/>\n<meta property=\"og:description\" content=\"Considera la Vado como tu bicicleta de transporte de alto rendimiento, dise\u00f1ada para llevarte a donde necesites con una combinaci\u00f3n inigualable de velocidad, fiabilidad y confianza.Ya sea que la cargues con tus pertenencias, te subas y salgas, vayas al trabajo o al gimnasio, la Vado, con toda su potencia y gran autonom\u00eda, te llevar\u00e1 del punto A al punto B lo m\u00e1s r\u00e1pido posible.\" \/>\n<meta property=\"og:url\" content=\"https:\/\/gr-100.com\/en\/producto\/specialized-turbo-vado-4-0-igh-2026\/\" \/>\n<meta property=\"og:site_name\" content=\"Gr-100 Tienda de ciclismo Specialized\" \/>\n<meta property=\"article:publisher\" content=\"https:\/\/www.facebook.com\/Gr100Bikes\" \/>\n<meta property=\"og:image\" content=\"https:\/\/gr-100.com\/wp-content\/uploads\/2025\/09\/Diseno-sin-titulo-2025-09-22T131754.234.jpg\" \/>\n\t<meta property=\"og:image:width\" content=\"1000\" \/>\n\t<meta property=\"og:image:height\" content=\"1000\" \/>\n\t<meta property=\"og:image:type\" content=\"image\/jpeg\" \/>\n<meta name=\"twitter:card\" content=\"summary_large_image\" \/>\n<meta name=\"twitter:label1\" content=\"Est. reading time\" \/>\n\t<meta name=\"twitter:data1\" content=\"5 minutes\" \/>\n<script type=\"application\/ld+json\" class=\"yoast-schema-graph\">{\"@context\":\"https:\/\/schema.org\",\"@graph\":[{\"@type\":\"WebPage\",\"@id\":\"https:\/\/gr-100.com\/en\/producto\/specialized-turbo-vado-4-0-igh-2026\/\",\"url\":\"https:\/\/gr-100.com\/en\/producto\/specialized-turbo-vado-4-0-igh-2026\/\",\"name\":\"Specialized Turbo Vado 4.0 IGH 2026 GR-100\",\"isPartOf\":{\"@id\":\"https:\/\/gr-100.com\/#website\"},\"primaryImageOfPage\":{\"@id\":\"https:\/\/gr-100.com\/en\/producto\/specialized-turbo-vado-4-0-igh-2026\/#primaryimage\"},\"image\":{\"@id\":\"https:\/\/gr-100.com\/en\/producto\/specialized-turbo-vado-4-0-igh-2026\/#primaryimage\"},\"thumbnailUrl\":\"https:\/\/gr-100.com\/wp-content\/uploads\/2025\/09\/Diseno-sin-titulo-2025-09-22T131754.234.jpg\",\"datePublished\":\"2025-09-22T13:03:24+00:00\",\"description\":\"Considera la Vado como tu bicicleta de transporte de alto rendimiento, dise\u00f1ada para llevarte a donde necesites con una combinaci\u00f3n inigualable de velocidad, fiabilidad y confianza.Ya sea que la cargues con tus pertenencias, te subas y salgas, vayas al trabajo o al gimnasio, la Vado, con toda su potencia y gran autonom\u00eda, te llevar\u00e1 del punto A al punto B lo m\u00e1s r\u00e1pido posible.\",\"breadcrumb\":{\"@id\":\"https:\/\/gr-100.com\/en\/producto\/specialized-turbo-vado-4-0-igh-2026\/#breadcrumb\"},\"inLanguage\":\"en-US\",\"potentialAction\":[{\"@type\":\"ReadAction\",\"target\":[\"https:\/\/gr-100.com\/en\/producto\/specialized-turbo-vado-4-0-igh-2026\/\"]}]},{\"@type\":\"ImageObject\",\"inLanguage\":\"en-US\",\"@id\":\"https:\/\/gr-100.com\/en\/producto\/specialized-turbo-vado-4-0-igh-2026\/#primaryimage\",\"url\":\"https:\/\/gr-100.com\/wp-content\/uploads\/2025\/09\/Diseno-sin-titulo-2025-09-22T131754.234.jpg\",\"contentUrl\":\"https:\/\/gr-100.com\/wp-content\/uploads\/2025\/09\/Diseno-sin-titulo-2025-09-22T131754.234.jpg\",\"width\":1000,\"height\":1000},{\"@type\":\"BreadcrumbList\",\"@id\":\"https:\/\/gr-100.com\/en\/producto\/specialized-turbo-vado-4-0-igh-2026\/#breadcrumb\",\"itemListElement\":[{\"@type\":\"ListItem\",\"position\":1,\"name\":\"Portada\",\"item\":\"https:\/\/gr-100.com\/pt-pt\/\"},{\"@type\":\"ListItem\",\"position\":2,\"name\":\"Productos\",\"item\":\"https:\/\/gr-100.com\/?post_type=product\"},{\"@type\":\"ListItem\",\"position\":3,\"name\":\"Specialized Turbo Vado 4.0 IGH 2026\"}]},{\"@type\":\"WebSite\",\"@id\":\"https:\/\/gr-100.com\/#website\",\"url\":\"https:\/\/gr-100.com\/\",\"name\":\"Gr-100 Tienda de ciclismo Specialized\",\"description\":\"GR-100 tenemos todas las gamas de bicicletas Specialized al mejor precio.\",\"publisher\":{\"@id\":\"https:\/\/gr-100.com\/#organization\"},\"alternateName\":\"Gr-100 Bikes\",\"potentialAction\":[{\"@type\":\"SearchAction\",\"target\":{\"@type\":\"EntryPoint\",\"urlTemplate\":\"https:\/\/gr-100.com\/?s={search_term_string}\"},\"query-input\":{\"@type\":\"PropertyValueSpecification\",\"valueRequired\":true,\"valueName\":\"search_term_string\"}}],\"inLanguage\":\"en-US\"},{\"@type\":\"Organization\",\"@id\":\"https:\/\/gr-100.com\/#organization\",\"name\":\"Gr-100\",\"url\":\"https:\/\/gr-100.com\/\",\"logo\":{\"@type\":\"ImageObject\",\"inLanguage\":\"en-US\",\"@id\":\"https:\/\/gr-100.com\/#\/schema\/logo\/image\/\",\"url\":\"https:\/\/gr-100.com\/wp-content\/uploads\/2023\/08\/logo-gr-100-bikes.png\",\"contentUrl\":\"https:\/\/gr-100.com\/wp-content\/uploads\/2023\/08\/logo-gr-100-bikes.png\",\"width\":707,\"height\":284,\"caption\":\"Gr-100\"},\"image\":{\"@id\":\"https:\/\/gr-100.com\/#\/schema\/logo\/image\/\"},\"sameAs\":[\"https:\/\/www.facebook.com\/Gr100Bikes\",\"https:\/\/www.instagram.com\/gr100bikes\/\",\"https:\/\/www.tiktok.com\/@gr100bikes\",\"https:\/\/twitter.com\/gr100mtbteam\",\"https:\/\/www.youtube.com\/c\/GR100Specialized\"]}]}<\/script>\n<!-- \/ Yoast SEO Premium plugin. -->","yoast_head_json":{"title":"Specialized Turbo Vado 4.0 IGH 2026 GR-100","description":"Considera la Vado como tu bicicleta de transporte de alto rendimiento, dise\u00f1ada para llevarte a donde necesites con una combinaci\u00f3n inigualable de velocidad, fiabilidad y confianza.Ya sea que la cargues con tus pertenencias, te subas y salgas, vayas al trabajo o al gimnasio, la Vado, con toda su potencia y gran autonom\u00eda, te llevar\u00e1 del punto A al punto B lo m\u00e1s r\u00e1pido posible.","robots":{"index":"index","follow":"follow","max-snippet":"max-snippet:-1","max-image-preview":"max-image-preview:large","max-video-preview":"max-video-preview:-1"},"canonical":"https:\/\/gr-100.com\/en\/producto\/specialized-turbo-vado-4-0-igh-2026\/","og_locale":"en_US","og_type":"article","og_title":"Specialized Turbo Vado 4.0 IGH 2026","og_description":"Considera la Vado como tu bicicleta de transporte de alto rendimiento, dise\u00f1ada para llevarte a donde necesites con una combinaci\u00f3n inigualable de velocidad, fiabilidad y confianza.Ya sea que la cargues con tus pertenencias, te subas y salgas, vayas al trabajo o al gimnasio, la Vado, con toda su potencia y gran autonom\u00eda, te llevar\u00e1 del punto A al punto B lo m\u00e1s r\u00e1pido posible.","og_url":"https:\/\/gr-100.com\/en\/producto\/specialized-turbo-vado-4-0-igh-2026\/","og_site_name":"Gr-100 Tienda de ciclismo Specialized","article_publisher":"https:\/\/www.facebook.com\/Gr100Bikes","og_image":[{"width":1000,"height":1000,"url":"https:\/\/gr-100.com\/wp-content\/uploads\/2025\/09\/Diseno-sin-titulo-2025-09-22T131754.234.jpg","type":"image\/jpeg"}],"twitter_card":"summary_large_image","twitter_misc":{"Est. reading time":"5 minutes"},"schema":{"@context":"https:\/\/schema.org","@graph":[{"@type":"WebPage","@id":"https:\/\/gr-100.com\/en\/producto\/specialized-turbo-vado-4-0-igh-2026\/","url":"https:\/\/gr-100.com\/en\/producto\/specialized-turbo-vado-4-0-igh-2026\/","name":"Specialized Turbo Vado 4.0 IGH 2026 GR-100","isPartOf":{"@id":"https:\/\/gr-100.com\/#website"},"primaryImageOfPage":{"@id":"https:\/\/gr-100.com\/en\/producto\/specialized-turbo-vado-4-0-igh-2026\/#primaryimage"},"image":{"@id":"https:\/\/gr-100.com\/en\/producto\/specialized-turbo-vado-4-0-igh-2026\/#primaryimage"},"thumbnailUrl":"https:\/\/gr-100.com\/wp-content\/uploads\/2025\/09\/Diseno-sin-titulo-2025-09-22T131754.234.jpg","datePublished":"2025-09-22T13:03:24+00:00","description":"Considera la Vado como tu bicicleta de transporte de alto rendimiento, dise\u00f1ada para llevarte a donde necesites con una combinaci\u00f3n inigualable de velocidad, fiabilidad y confianza.Ya sea que la cargues con tus pertenencias, te subas y salgas, vayas al trabajo o al gimnasio, la Vado, con toda su potencia y gran autonom\u00eda, te llevar\u00e1 del punto A al punto B lo m\u00e1s r\u00e1pido posible.","breadcrumb":{"@id":"https:\/\/gr-100.com\/en\/producto\/specialized-turbo-vado-4-0-igh-2026\/#breadcrumb"},"inLanguage":"en-US","potentialAction":[{"@type":"ReadAction","target":["https:\/\/gr-100.com\/en\/producto\/specialized-turbo-vado-4-0-igh-2026\/"]}]},{"@type":"ImageObject","inLanguage":"en-US","@id":"https:\/\/gr-100.com\/en\/producto\/specialized-turbo-vado-4-0-igh-2026\/#primaryimage","url":"https:\/\/gr-100.com\/wp-content\/uploads\/2025\/09\/Diseno-sin-titulo-2025-09-22T131754.234.jpg","contentUrl":"https:\/\/gr-100.com\/wp-content\/uploads\/2025\/09\/Diseno-sin-titulo-2025-09-22T131754.234.jpg","width":1000,"height":1000},{"@type":"BreadcrumbList","@id":"https:\/\/gr-100.com\/en\/producto\/specialized-turbo-vado-4-0-igh-2026\/#breadcrumb","itemListElement":[{"@type":"ListItem","position":1,"name":"Portada","item":"https:\/\/gr-100.com\/pt-pt\/"},{"@type":"ListItem","position":2,"name":"Productos","item":"https:\/\/gr-100.com\/?post_type=product"},{"@type":"ListItem","position":3,"name":"Specialized Turbo Vado 4.0 IGH 2026"}]},{"@type":"WebSite","@id":"https:\/\/gr-100.com\/#website","url":"https:\/\/gr-100.com\/","name":"Gr-100 Tienda de ciclismo Specialized","description":"GR-100 tenemos todas las gamas de bicicletas Specialized al mejor precio.","publisher":{"@id":"https:\/\/gr-100.com\/#organization"},"alternateName":"Gr-100 Bikes","potentialAction":[{"@type":"SearchAction","target":{"@type":"EntryPoint","urlTemplate":"https:\/\/gr-100.com\/?s={search_term_string}"},"query-input":{"@type":"PropertyValueSpecification","valueRequired":true,"valueName":"search_term_string"}}],"inLanguage":"en-US"},{"@type":"Organization","@id":"https:\/\/gr-100.com\/#organization","name":"Gr-100","url":"https:\/\/gr-100.com\/","logo":{"@type":"ImageObject","inLanguage":"en-US","@id":"https:\/\/gr-100.com\/#\/schema\/logo\/image\/","url":"https:\/\/gr-100.com\/wp-content\/uploads\/2023\/08\/logo-gr-100-bikes.png","contentUrl":"https:\/\/gr-100.com\/wp-content\/uploads\/2023\/08\/logo-gr-100-bikes.png","width":707,"height":284,"caption":"Gr-100"},"image":{"@id":"https:\/\/gr-100.com\/#\/schema\/logo\/image\/"},"sameAs":["https:\/\/www.facebook.com\/Gr100Bikes","https:\/\/www.instagram.com\/gr100bikes\/","https:\/\/www.tiktok.com\/@gr100bikes","https:\/\/twitter.com\/gr100mtbteam","https:\/\/www.youtube.com\/c\/GR100Specialized"]}]}},"_links":{"self":[{"href":"https:\/\/gr-100.com\/en\/wp-json\/wp\/v2\/product\/428489","targetHints":{"allow":["GET"]}}],"collection":[{"href":"https:\/\/gr-100.com\/en\/wp-json\/wp\/v2\/product"}],"about":[{"href":"https:\/\/gr-100.com\/en\/wp-json\/wp\/v2\/types\/product"}],"replies":[{"embeddable":true,"href":"https:\/\/gr-100.com\/en\/wp-json\/wp\/v2\/comments?post=428489"}],"wp:featuredmedia":[{"embeddable":true,"href":"https:\/\/gr-100.com\/en\/wp-json\/wp\/v2\/media\/416915"}],"wp:attachment":[{"href":"https:\/\/gr-100.com\/en\/wp-json\/wp\/v2\/media?parent=428489"}],"wp:term":[{"taxonomy":"product_brand","embeddable":true,"href":"https:\/\/gr-100.com\/en\/wp-json\/wp\/v2\/product_brand?post=428489"},{"taxonomy":"product_cat","embeddable":true,"href":"https:\/\/gr-100.com\/en\/wp-json\/wp\/v2\/product_cat?post=428489"},{"taxonomy":"product_tag","embeddable":true,"href":"https:\/\/gr-100.com\/en\/wp-json\/wp\/v2\/product_tag?post=428489"}],"curies":[{"name":"wp","href":"https:\/\/api.w.org\/{rel}","templated":true}]}}