{"id":428503,"date":"2025-09-11T13:48:38","date_gmt":"2025-09-11T12:48:38","guid":{"rendered":"https:\/\/gr-100.com\/producto\/specialized-crux-pro-sram-force-xplr-axs-2026\/"},"modified":"2025-09-11T13:48:38","modified_gmt":"2025-09-11T11:48:38","slug":"specialized-crux-pro-sram-force-xplr-axs-2026","status":"publish","type":"product","link":"https:\/\/gr-100.com\/en\/producto\/specialized-crux-pro-sram-force-xplr-axs-2026\/","title":{"rendered":"Specialized Crux Pro SRAM Force XPLR AXS 2026"},"content":{"rendered":"<ul>\n<li>M\u00e1s ligera: el cuadro de carbono 12r pesa 725 g y el de carbono 10r, 825 g. Hemos cogido los revolucionarios avances que hicieron de la Aethos la bicicleta m\u00e1s ligera de la historia y los hemos aplicado a la Crux. \u00bfEl resultado? Una bicicleta de gravel que sube que da gusto, vuela sobre terrenos dif\u00edciles y pesa menos que la botella que llevas llena en el portabidones.   <\/li>\n<li>Rendimiento: el paso de rueda es de hasta 47c\/650b x 2,1\u201d. M\u00e1s espacio es sin\u00f3nimo de mayor rendimiento. Con el mismo espacio que la Diverge, la Crux te lleva a cualquier lugar a toda velocidad.  <\/li>\n<li>Una bici que responde: r\u00e1pida, flexible y reactiva. Sensible en los pedales. C\u00f3moda en el sill\u00edn. Con una geometr\u00eda adaptada al rendimiento que el gravel necesita y un dise\u00f1o influenciado por las carreras e inspirado en la ic\u00f3nica historia de la Crux en ciclocross.   <\/li>\n<li>TECHNICAL SPECIFICATIONS<\/li>\n<li>Cuadro<br \/>\nCuadro<br \/>\nCrux FACT 10r Carbon, Rider First Engineered\u2122, Threaded BB, 12x142mm thru-axle, flat-mount disc, UDH dropout<\/li>\n<li>Suspensi\u00f3n<br \/>\nHorquilla<br \/>\nS-Works FACT Carbon, 12x100mm thru-axle, flat-mount disc<\/li>\n<li>Frenos<br \/>\nFreno delantero<br \/>\nNEW SRAM Force AXS E1, hydraulic disc 160mm rotor<br \/>\nFreno trasero<br \/>\nNEW SRAM Force AXS E1, hydraulic disc 160mm rotor<\/li>\n<li>Transmisi\u00f3n<br \/>\nCadena<br \/>\nNEW SRAM Force E1<br \/>\nCaja de pedalier<br \/>\nSRAM DUB BSA<br \/>\nManetas de cambio<br \/>\nNEW SRAM Force AXS E1 HRD<br \/>\nDesviador trasero<br \/>\nNEW SRAM Force XPLR AXS E1<br \/>\nCassette<br \/>\nNEW SRAM Force XPLR XG-1371, 13sp, 10-46t<br \/>\nPlatos y bielas<br \/>\nNEW SRAM Force XPLR E1 Power Meter<\/li>\n<li>Ruedas y neum\u00e1ticos<br \/>\nNeum\u00e1tico delantero<br \/>\nPathfinder 700&#215;40, Tan Sidewall, Tubeless Ready<br \/>\nNeum\u00e1tico trasero<br \/>\nPathfinder 700&#215;40, Tan Sidewall, Tubeless Ready<br \/>\nRueda delantera<br \/>\nRoval Terra CL Rim, 25mm internal width, 32mm depth, 24h, Tubeless ready, DT for Roval 350 hub, Centerlock disc, DT Swiss Competition Race spokes<br \/>\nRueda trasera<br \/>\nRoval Terra CL Rim, 25mm internal width, 32mm depth, 24h, Tubeless ready, DT for Roval 350 hub, Centerlock disc, DT Swiss Competition Race spokes<br \/>\nC\u00e1maras<br \/>\nStandard 40mm PV 700&#215;32-50<\/li>\n<li>Cockpit<br \/>\nSill\u00edn<br \/>\nPower Pro Mirror, Hollow Ti rails<br \/>\nTija del sill\u00edn<br \/>\nRoval Terra Carbon Seat Post, 20mm Offset<br \/>\nManillar<br \/>\nRoval Terra, carbon, 103mm drop x 70mm reach x 12\u00ba flare<br \/>\nAbrazadera del sill\u00edn<br \/>\nSpecialized Alloy, 30mm<br \/>\nPotencia<br \/>\nSpecialized Pro SL, alloy, 4-bolt<br \/>\nCinta de manillar<br \/>\nSupacaz Super Sticky Kush<\/li>\n<li>Peso<br \/>\nTalla<br \/>\n56<br \/>\nPeso<br \/>\n7.64 kg (16 lb, 13.5 oz)<\/li>\n<\/ul>\n","protected":false},"excerpt":{"rendered":"<p>La Crux es la bici de gravel m\u00e1s ligera del mundo. Con un gran paso de rueda y una geometr\u00eda perfecta para rendir al m\u00e1ximo fuera del asfalto, esta bici ser\u00e1 tu trampol\u00edn al para\u00edso del gravel.<br \/>\nLa Crux Pro monta el grupo SRAM Force eTap AXS con frenos de disco hidr\u00e1ulicos, que es preciso y r\u00e1pido, ruedas Roval Terra CL Disc, ligeras y duraderas, y cubiertas Pathfinder Pro de 700 x 40 mm que son 2Bliss Ready y est\u00e1n listas para enfrentarse a cualquier terreno por muy complicado que sea. <\/p>\n","protected":false},"featured_media":415402,"comment_status":"open","ping_status":"closed","template":"","meta":{"_acf_changed":false,"_et_pb_use_builder":"","_et_pb_old_content":"","_et_gb_content_width":"","inline_featured_image":false},"product_brand":[],"product_cat":[2449,2484,5304,5303,5302],"product_tag":[],"class_list":{"0":"post-428503","1":"product","2":"type-product","3":"status-publish","4":"has-post-thumbnail","6":"product_cat-bicycles","7":"product_cat-gravel","8":"product_cat-bicicletas-gravel-aero-en","9":"product_cat-bicicletas-gravel-carbono-en","10":"product_cat-bicicletas-gravel-specialized-en","11":"product_shipping_class-bicicletas-en","13":"first","14":"instock","15":"taxable","16":"shipping-taxable","17":"purchasable","18":"product-type-variable","19":"wvs-archive-product-wrapper"},"acf":[],"yoast_head":"<!-- This site is optimized with the Yoast SEO Premium plugin v26.7 (Yoast SEO v26.7) - https:\/\/yoast.com\/wordpress\/plugins\/seo\/ -->\n<title>Specialized Crux Pro SRAM Force XPLR AXS 2026 GR-100<\/title>\n<meta name=\"description\" content=\"La Crux es la bici de gravel m\u00e1s ligera del mundo. Con un gran paso de rueda y una geometr\u00eda perfecta para rendir al m\u00e1ximo fuera del asfalto, esta bici ser\u00e1 tu trampol\u00edn al para\u00edso del gravel.La Crux Pro monta el grupo SRAM Force eTap AXS con frenos de disco hidr\u00e1ulicos, que es preciso y r\u00e1pido, ruedas Roval Terra CL Disc, ligeras y duraderas, y cubiertas Pathfinder Pro de 700 x 40 mm que son 2Bliss Ready y est\u00e1n listas para enfrentarse a cualquier terreno por muy complicado que sea.\" \/>\n<meta name=\"robots\" content=\"index, follow, max-snippet:-1, max-image-preview:large, max-video-preview:-1\" \/>\n<link rel=\"canonical\" href=\"https:\/\/gr-100.com\/en\/producto\/specialized-crux-pro-sram-force-xplr-axs-2026\/\" \/>\n<meta property=\"og:locale\" content=\"en_US\" \/>\n<meta property=\"og:type\" content=\"article\" \/>\n<meta property=\"og:title\" content=\"Specialized Crux Pro SRAM Force XPLR AXS 2026\" \/>\n<meta property=\"og:description\" content=\"La Crux es la bici de gravel m\u00e1s ligera del mundo. Con un gran paso de rueda y una geometr\u00eda perfecta para rendir al m\u00e1ximo fuera del asfalto, esta bici ser\u00e1 tu trampol\u00edn al para\u00edso del gravel.La Crux Pro monta el grupo SRAM Force eTap AXS con frenos de disco hidr\u00e1ulicos, que es preciso y r\u00e1pido, ruedas Roval Terra CL Disc, ligeras y duraderas, y cubiertas Pathfinder Pro de 700 x 40 mm que son 2Bliss Ready y est\u00e1n listas para enfrentarse a cualquier terreno por muy complicado que sea.\" \/>\n<meta property=\"og:url\" content=\"https:\/\/gr-100.com\/en\/producto\/specialized-crux-pro-sram-force-xplr-axs-2026\/\" \/>\n<meta property=\"og:site_name\" content=\"Gr-100 Tienda de ciclismo Specialized\" \/>\n<meta property=\"article:publisher\" content=\"https:\/\/www.facebook.com\/Gr100Bikes\" \/>\n<meta property=\"og:image\" content=\"https:\/\/gr-100.com\/wp-content\/uploads\/2025\/09\/Diseno-sin-titulo-2025-09-11T132604.611.jpg\" \/>\n\t<meta property=\"og:image:width\" content=\"1000\" \/>\n\t<meta property=\"og:image:height\" content=\"1000\" \/>\n\t<meta property=\"og:image:type\" content=\"image\/jpeg\" \/>\n<meta name=\"twitter:card\" content=\"summary_large_image\" \/>\n<meta name=\"twitter:label1\" content=\"Est. reading time\" \/>\n\t<meta name=\"twitter:data1\" content=\"2 minutes\" \/>\n<script type=\"application\/ld+json\" class=\"yoast-schema-graph\">{\"@context\":\"https:\/\/schema.org\",\"@graph\":[{\"@type\":\"WebPage\",\"@id\":\"https:\/\/gr-100.com\/en\/producto\/specialized-crux-pro-sram-force-xplr-axs-2026\/\",\"url\":\"https:\/\/gr-100.com\/en\/producto\/specialized-crux-pro-sram-force-xplr-axs-2026\/\",\"name\":\"Specialized Crux Pro SRAM Force XPLR AXS 2026 GR-100\",\"isPartOf\":{\"@id\":\"https:\/\/gr-100.com\/#website\"},\"primaryImageOfPage\":{\"@id\":\"https:\/\/gr-100.com\/en\/producto\/specialized-crux-pro-sram-force-xplr-axs-2026\/#primaryimage\"},\"image\":{\"@id\":\"https:\/\/gr-100.com\/en\/producto\/specialized-crux-pro-sram-force-xplr-axs-2026\/#primaryimage\"},\"thumbnailUrl\":\"https:\/\/gr-100.com\/wp-content\/uploads\/2025\/09\/Diseno-sin-titulo-2025-09-11T132604.611.jpg\",\"datePublished\":\"2025-09-11T12:48:38+00:00\",\"description\":\"La Crux es la bici de gravel m\u00e1s ligera del mundo. Con un gran paso de rueda y una geometr\u00eda perfecta para rendir al m\u00e1ximo fuera del asfalto, esta bici ser\u00e1 tu trampol\u00edn al para\u00edso del gravel.La Crux Pro monta el grupo SRAM Force eTap AXS con frenos de disco hidr\u00e1ulicos, que es preciso y r\u00e1pido, ruedas Roval Terra CL Disc, ligeras y duraderas, y cubiertas Pathfinder Pro de 700 x 40 mm que son 2Bliss Ready y est\u00e1n listas para enfrentarse a cualquier terreno por muy complicado que sea.\",\"breadcrumb\":{\"@id\":\"https:\/\/gr-100.com\/en\/producto\/specialized-crux-pro-sram-force-xplr-axs-2026\/#breadcrumb\"},\"inLanguage\":\"en-US\",\"potentialAction\":[{\"@type\":\"ReadAction\",\"target\":[\"https:\/\/gr-100.com\/en\/producto\/specialized-crux-pro-sram-force-xplr-axs-2026\/\"]}]},{\"@type\":\"ImageObject\",\"inLanguage\":\"en-US\",\"@id\":\"https:\/\/gr-100.com\/en\/producto\/specialized-crux-pro-sram-force-xplr-axs-2026\/#primaryimage\",\"url\":\"https:\/\/gr-100.com\/wp-content\/uploads\/2025\/09\/Diseno-sin-titulo-2025-09-11T132604.611.jpg\",\"contentUrl\":\"https:\/\/gr-100.com\/wp-content\/uploads\/2025\/09\/Diseno-sin-titulo-2025-09-11T132604.611.jpg\",\"width\":1000,\"height\":1000},{\"@type\":\"BreadcrumbList\",\"@id\":\"https:\/\/gr-100.com\/en\/producto\/specialized-crux-pro-sram-force-xplr-axs-2026\/#breadcrumb\",\"itemListElement\":[{\"@type\":\"ListItem\",\"position\":1,\"name\":\"Portada\",\"item\":\"https:\/\/gr-100.com\/pt-pt\/\"},{\"@type\":\"ListItem\",\"position\":2,\"name\":\"Productos\",\"item\":\"https:\/\/gr-100.com\/?post_type=product\"},{\"@type\":\"ListItem\",\"position\":3,\"name\":\"Specialized Crux Pro SRAM Force XPLR AXS 2026\"}]},{\"@type\":\"WebSite\",\"@id\":\"https:\/\/gr-100.com\/#website\",\"url\":\"https:\/\/gr-100.com\/\",\"name\":\"Gr-100 Tienda de ciclismo Specialized\",\"description\":\"GR-100 tenemos todas las gamas de bicicletas Specialized al mejor precio.\",\"publisher\":{\"@id\":\"https:\/\/gr-100.com\/#organization\"},\"alternateName\":\"Gr-100 Bikes\",\"potentialAction\":[{\"@type\":\"SearchAction\",\"target\":{\"@type\":\"EntryPoint\",\"urlTemplate\":\"https:\/\/gr-100.com\/?s={search_term_string}\"},\"query-input\":{\"@type\":\"PropertyValueSpecification\",\"valueRequired\":true,\"valueName\":\"search_term_string\"}}],\"inLanguage\":\"en-US\"},{\"@type\":\"Organization\",\"@id\":\"https:\/\/gr-100.com\/#organization\",\"name\":\"Gr-100\",\"url\":\"https:\/\/gr-100.com\/\",\"logo\":{\"@type\":\"ImageObject\",\"inLanguage\":\"en-US\",\"@id\":\"https:\/\/gr-100.com\/#\/schema\/logo\/image\/\",\"url\":\"https:\/\/gr-100.com\/wp-content\/uploads\/2023\/08\/logo-gr-100-bikes.png\",\"contentUrl\":\"https:\/\/gr-100.com\/wp-content\/uploads\/2023\/08\/logo-gr-100-bikes.png\",\"width\":707,\"height\":284,\"caption\":\"Gr-100\"},\"image\":{\"@id\":\"https:\/\/gr-100.com\/#\/schema\/logo\/image\/\"},\"sameAs\":[\"https:\/\/www.facebook.com\/Gr100Bikes\",\"https:\/\/www.instagram.com\/gr100bikes\/\",\"https:\/\/www.tiktok.com\/@gr100bikes\",\"https:\/\/twitter.com\/gr100mtbteam\",\"https:\/\/www.youtube.com\/c\/GR100Specialized\"]}]}<\/script>\n<!-- \/ Yoast SEO Premium plugin. -->","yoast_head_json":{"title":"Specialized Crux Pro SRAM Force XPLR AXS 2026 GR-100","description":"La Crux es la bici de gravel m\u00e1s ligera del mundo. Con un gran paso de rueda y una geometr\u00eda perfecta para rendir al m\u00e1ximo fuera del asfalto, esta bici ser\u00e1 tu trampol\u00edn al para\u00edso del gravel.La Crux Pro monta el grupo SRAM Force eTap AXS con frenos de disco hidr\u00e1ulicos, que es preciso y r\u00e1pido, ruedas Roval Terra CL Disc, ligeras y duraderas, y cubiertas Pathfinder Pro de 700 x 40 mm que son 2Bliss Ready y est\u00e1n listas para enfrentarse a cualquier terreno por muy complicado que sea.","robots":{"index":"index","follow":"follow","max-snippet":"max-snippet:-1","max-image-preview":"max-image-preview:large","max-video-preview":"max-video-preview:-1"},"canonical":"https:\/\/gr-100.com\/en\/producto\/specialized-crux-pro-sram-force-xplr-axs-2026\/","og_locale":"en_US","og_type":"article","og_title":"Specialized Crux Pro SRAM Force XPLR AXS 2026","og_description":"La Crux es la bici de gravel m\u00e1s ligera del mundo. Con un gran paso de rueda y una geometr\u00eda perfecta para rendir al m\u00e1ximo fuera del asfalto, esta bici ser\u00e1 tu trampol\u00edn al para\u00edso del gravel.La Crux Pro monta el grupo SRAM Force eTap AXS con frenos de disco hidr\u00e1ulicos, que es preciso y r\u00e1pido, ruedas Roval Terra CL Disc, ligeras y duraderas, y cubiertas Pathfinder Pro de 700 x 40 mm que son 2Bliss Ready y est\u00e1n listas para enfrentarse a cualquier terreno por muy complicado que sea.","og_url":"https:\/\/gr-100.com\/en\/producto\/specialized-crux-pro-sram-force-xplr-axs-2026\/","og_site_name":"Gr-100 Tienda de ciclismo Specialized","article_publisher":"https:\/\/www.facebook.com\/Gr100Bikes","og_image":[{"width":1000,"height":1000,"url":"https:\/\/gr-100.com\/wp-content\/uploads\/2025\/09\/Diseno-sin-titulo-2025-09-11T132604.611.jpg","type":"image\/jpeg"}],"twitter_card":"summary_large_image","twitter_misc":{"Est. reading time":"2 minutes"},"schema":{"@context":"https:\/\/schema.org","@graph":[{"@type":"WebPage","@id":"https:\/\/gr-100.com\/en\/producto\/specialized-crux-pro-sram-force-xplr-axs-2026\/","url":"https:\/\/gr-100.com\/en\/producto\/specialized-crux-pro-sram-force-xplr-axs-2026\/","name":"Specialized Crux Pro SRAM Force XPLR AXS 2026 GR-100","isPartOf":{"@id":"https:\/\/gr-100.com\/#website"},"primaryImageOfPage":{"@id":"https:\/\/gr-100.com\/en\/producto\/specialized-crux-pro-sram-force-xplr-axs-2026\/#primaryimage"},"image":{"@id":"https:\/\/gr-100.com\/en\/producto\/specialized-crux-pro-sram-force-xplr-axs-2026\/#primaryimage"},"thumbnailUrl":"https:\/\/gr-100.com\/wp-content\/uploads\/2025\/09\/Diseno-sin-titulo-2025-09-11T132604.611.jpg","datePublished":"2025-09-11T12:48:38+00:00","description":"La Crux es la bici de gravel m\u00e1s ligera del mundo. Con un gran paso de rueda y una geometr\u00eda perfecta para rendir al m\u00e1ximo fuera del asfalto, esta bici ser\u00e1 tu trampol\u00edn al para\u00edso del gravel.La Crux Pro monta el grupo SRAM Force eTap AXS con frenos de disco hidr\u00e1ulicos, que es preciso y r\u00e1pido, ruedas Roval Terra CL Disc, ligeras y duraderas, y cubiertas Pathfinder Pro de 700 x 40 mm que son 2Bliss Ready y est\u00e1n listas para enfrentarse a cualquier terreno por muy complicado que sea.","breadcrumb":{"@id":"https:\/\/gr-100.com\/en\/producto\/specialized-crux-pro-sram-force-xplr-axs-2026\/#breadcrumb"},"inLanguage":"en-US","potentialAction":[{"@type":"ReadAction","target":["https:\/\/gr-100.com\/en\/producto\/specialized-crux-pro-sram-force-xplr-axs-2026\/"]}]},{"@type":"ImageObject","inLanguage":"en-US","@id":"https:\/\/gr-100.com\/en\/producto\/specialized-crux-pro-sram-force-xplr-axs-2026\/#primaryimage","url":"https:\/\/gr-100.com\/wp-content\/uploads\/2025\/09\/Diseno-sin-titulo-2025-09-11T132604.611.jpg","contentUrl":"https:\/\/gr-100.com\/wp-content\/uploads\/2025\/09\/Diseno-sin-titulo-2025-09-11T132604.611.jpg","width":1000,"height":1000},{"@type":"BreadcrumbList","@id":"https:\/\/gr-100.com\/en\/producto\/specialized-crux-pro-sram-force-xplr-axs-2026\/#breadcrumb","itemListElement":[{"@type":"ListItem","position":1,"name":"Portada","item":"https:\/\/gr-100.com\/pt-pt\/"},{"@type":"ListItem","position":2,"name":"Productos","item":"https:\/\/gr-100.com\/?post_type=product"},{"@type":"ListItem","position":3,"name":"Specialized Crux Pro SRAM Force XPLR AXS 2026"}]},{"@type":"WebSite","@id":"https:\/\/gr-100.com\/#website","url":"https:\/\/gr-100.com\/","name":"Gr-100 Tienda de ciclismo Specialized","description":"GR-100 tenemos todas las gamas de bicicletas Specialized al mejor precio.","publisher":{"@id":"https:\/\/gr-100.com\/#organization"},"alternateName":"Gr-100 Bikes","potentialAction":[{"@type":"SearchAction","target":{"@type":"EntryPoint","urlTemplate":"https:\/\/gr-100.com\/?s={search_term_string}"},"query-input":{"@type":"PropertyValueSpecification","valueRequired":true,"valueName":"search_term_string"}}],"inLanguage":"en-US"},{"@type":"Organization","@id":"https:\/\/gr-100.com\/#organization","name":"Gr-100","url":"https:\/\/gr-100.com\/","logo":{"@type":"ImageObject","inLanguage":"en-US","@id":"https:\/\/gr-100.com\/#\/schema\/logo\/image\/","url":"https:\/\/gr-100.com\/wp-content\/uploads\/2023\/08\/logo-gr-100-bikes.png","contentUrl":"https:\/\/gr-100.com\/wp-content\/uploads\/2023\/08\/logo-gr-100-bikes.png","width":707,"height":284,"caption":"Gr-100"},"image":{"@id":"https:\/\/gr-100.com\/#\/schema\/logo\/image\/"},"sameAs":["https:\/\/www.facebook.com\/Gr100Bikes","https:\/\/www.instagram.com\/gr100bikes\/","https:\/\/www.tiktok.com\/@gr100bikes","https:\/\/twitter.com\/gr100mtbteam","https:\/\/www.youtube.com\/c\/GR100Specialized"]}]}},"_links":{"self":[{"href":"https:\/\/gr-100.com\/en\/wp-json\/wp\/v2\/product\/428503","targetHints":{"allow":["GET"]}}],"collection":[{"href":"https:\/\/gr-100.com\/en\/wp-json\/wp\/v2\/product"}],"about":[{"href":"https:\/\/gr-100.com\/en\/wp-json\/wp\/v2\/types\/product"}],"replies":[{"embeddable":true,"href":"https:\/\/gr-100.com\/en\/wp-json\/wp\/v2\/comments?post=428503"}],"wp:featuredmedia":[{"embeddable":true,"href":"https:\/\/gr-100.com\/en\/wp-json\/wp\/v2\/media\/415402"}],"wp:attachment":[{"href":"https:\/\/gr-100.com\/en\/wp-json\/wp\/v2\/media?parent=428503"}],"wp:term":[{"taxonomy":"product_brand","embeddable":true,"href":"https:\/\/gr-100.com\/en\/wp-json\/wp\/v2\/product_brand?post=428503"},{"taxonomy":"product_cat","embeddable":true,"href":"https:\/\/gr-100.com\/en\/wp-json\/wp\/v2\/product_cat?post=428503"},{"taxonomy":"product_tag","embeddable":true,"href":"https:\/\/gr-100.com\/en\/wp-json\/wp\/v2\/product_tag?post=428503"}],"curies":[{"name":"wp","href":"https:\/\/api.w.org\/{rel}","templated":true}]}}