{"id":428531,"date":"2025-09-22T12:44:01","date_gmt":"2025-09-22T11:44:01","guid":{"rendered":"https:\/\/gr-100.com\/producto\/specialized-turbo-vado-5-0-step-through-2026\/"},"modified":"2025-09-22T12:44:01","modified_gmt":"2025-09-22T10:44:01","slug":"specialized-turbo-vado-5-0-step-through-2026","status":"publish","type":"product","link":"https:\/\/gr-100.com\/en\/producto\/specialized-turbo-vado-5-0-step-through-2026\/","title":{"rendered":"Specialized Turbo Vado 5.0 Step-Through 2026"},"content":{"rendered":"<ul>\n<li>TURBO:<br \/>\nEl coraz\u00f3n de la Vado es su tecnolog\u00eda Turbo, un sistema de bicicleta el\u00e9ctrica avanzado e integrado que ofrece una combinaci\u00f3n inigualable de potencia, sensaci\u00f3n natural, funciones antirrobo, consejos de entrenamiento y una computadora de a bordo con funciones completas.<\/li>\n<li>POTENTE:<br \/>\nEres t\u00fa, solo que m\u00e1s r\u00e1pido \u2014 es 4 veces t\u00fa. El sistema Turbo Full Power detecta la fuerza que aplicas a los pedales y la cuadruplica de forma natural, brindando una experiencia que hace que subir cualquier colina o llegar a cualquier destino sea sin esfuerzo. Literalmente.  <\/li>\n<li>C\u00d3MODA Y SEGURA:<br \/>\nLa posici\u00f3n del cuerpo y el manejo est\u00e1n optimizados para ofrecer una comodidad, confianza y control sin igual. Los potentes frenos de disco hidr\u00e1ulicos mantienen tu velocidad bajo control, mientras que los neum\u00e1ticos de mayor volumen proporcionan m\u00e1xima tracci\u00f3n al girar y frenar. <\/li>\n<li>SUAVE:<br \/>\nMantente c\u00f3modo en el sill\u00edn con una horquilla delantera de suspensi\u00f3n de 80 mm, neum\u00e1ticos de gran volumen y un poste de asiento con suspensi\u00f3n que suaviza los baches m\u00e1s duros del trayecto entre el punto A y el punto B.<\/li>\n<li>SEGURA:<br \/>\nLa Vado incorpora un sistema antirrobo integrado directamente en la bicicleta. Evita robos desactivando el motor con solo presionar un bot\u00f3n: nadie puede encender el motor sin que tu tel\u00e9fono est\u00e9 conectado a la app de Specialized o sin tu PIN personalizado. La bater\u00eda se puede bloquear dentro de la bicicleta o retirarse f\u00e1cilmente para llevarla contigo. Y si alguien intenta mover la bici, sonar\u00e1 una alarma.<br \/>\n\u00a1Fuera de aqu\u00ed, ladrones!<br \/>\nNota: El l\u00edmite de velocidad a partir del cual el motor deja de brindar asistencia puede variar seg\u00fan la regi\u00f3n y la normativa local. Tambi\u00e9n puede afectar la autonom\u00eda: una velocidad m\u00e1xima mayor puede reducir la duraci\u00f3n de la bater\u00eda. <\/li>\n<li>ESPECIFICACIONES DESTACADAS:<\/li>\n<li>Motor Turbo Full Power 2.2 y bater\u00eda de 710 Wh: brindan una experiencia de conducci\u00f3n sin igual, con una amplificaci\u00f3n fluida, continua y sorprendentemente silenciosa de tu esfuerzo, hasta 45 km\/h (28 mph).<\/li>\n<li>Controlador integrado: responde a tus pedaleos amplificando tu esfuerzo de forma intuitiva, con una sensaci\u00f3n incre\u00edblemente natural.<\/li>\n<li>Pantalla MasterMind y app Specialized:<\/li>\n<li>La pantalla MasterMind muestra toda la informaci\u00f3n relevante de tu ruta y permite ajustar en tiempo real los niveles de asistencia. Se integra perfectamente con la app Specialized para herramientas de optimizaci\u00f3n de autonom\u00eda, ajustes avanzados, diagn\u00f3sticos en ruta y mucho m\u00e1s. <\/li>\n<li>Eficiencia y suavidad comprobadas:<\/li>\n<li>Se desarroll\u00f3 un mecanismo de prueba personalizado para analizar incluso las vibraciones m\u00e1s sutiles y as\u00ed mejorar la comodidad y visibilidad. Esa precisi\u00f3n, junto con el poste de asiento con suspensi\u00f3n, neum\u00e1ticos de alto volumen y la horquilla de suspensi\u00f3n de 80 mm, hace que las calles parezcan m\u00e1s planas. <\/li>\n<li>Cambio autom\u00e1tico enviolo AUTOMATiQ (IGH):<\/li>\n<li>Tecnolog\u00eda de cambio sin escalonamientos que cambia de marcha autom\u00e1ticamente seg\u00fan tu ritmo de pedaleo y las condiciones del entorno. Al elegir una cadencia preferida, te permite \u201cconfigurarlo y olvidarte\u201d, aportando seguridad y comodidad. <\/li>\n<li>Bloqueo del sistema Turbo:<\/li>\n<li>Usa la app Specialized para desactivar el motor y activar la alarma por movimiento. Una vez bloqueado, solo el propietario puede volver a activarlo. <\/li>\n<li>Radar Garmin integrado:Un sensor Garmin Radar detecta el tr\u00e1fico que se aproxima por detr\u00e1s, hasta a 140 metros. MasterMind alerta al ciclista con se\u00f1ales visuales, sonoras y h\u00e1pticas sobre la distancia y velocidad relativa de los veh\u00edculos. <\/li>\n<li>Bater\u00eda extra\u00edble, integrada y bloqueable en el tubo inferior:<\/li>\n<li>F\u00e1cil de cargar y de asegurar.<\/li>\n<li>Totalmente equipada con:<\/li>\n<li>Guardabarros DRYTECH<\/li>\n<li>Luces LED delanteras y traseras<\/li>\n<li>Parrilla trasera HD con capacidad de 27 kg, compatible con sillas infantiles y remolques con eje pasante.<\/li>\n<li>Larga autonom\u00eda:<\/li>\n<li>Con una autonom\u00eda ideal para cualquier trayecto, alcanza hasta 120 km (75 millas) o 5,5 horas con una sola carga en modo eco.<\/li>\n<li>TECHNICAL SPECIFICATIONS<\/li>\n<li>E-Bike<br \/>\nMotor:<br \/>\nSpecialized 2.2, par motor de 90 Nm, motor personalizado, 250W nominales<br \/>\nInterfaz \/ Control Remoto:<br \/>\nMasterMind TCD con control remoto en el manillar, funci\u00f3n antirrobo integrada, conectividad Bluetooth\u00ae, p\u00e1ginas de visualizaci\u00f3n personalizables<br \/>\nBater\u00eda:<br \/>\nSpecialized U2-710, bater\u00eda integrada con indicador de nivel de carga, 710 Wh, certificaci\u00f3n UL<br \/>\nCargador:<br \/>\nCargador personalizado, 42V 4A con conector Rosenberger, compatible con 100\u2013240V<\/li>\n<li>Cuadro<br \/>\nCuadro:<br \/>\nAluminio E5, motor central, bater\u00eda integrada y bloqueable en el tubo inferior, guiado interno de cables, montaje para candado de rueda y compatible con portaequipajes delantero<br \/>\nAbrazadera de Sill\u00edn:<br \/>\nSpecialized de aleaci\u00f3n, 34.9 mm, tornillo de acero<\/li>\n<li>Suspensi\u00f3n<br \/>\nHorquilla:<br \/>\nRockShox Recon Silver RL, recorrido de 80 mm, sistema Motion Control, compatible con guardabarros<\/li>\n<li>Frenos<br \/>\nFreno Delantero:<br \/>\nShimano de 4 pistones, modelo CUES BL-U8000 \/ BR-U8020, adaptador SM-MA-F180P\/P2<br \/>\nFreno Trasero:<br \/>\nShimano de 4 pistones, modelo CUES BL-U8000 \/ BR-U8020<\/li>\n<li>Transmisi\u00f3n<br \/>\nCambio Trasero:<br \/>\nShimano RD-U8000 CUES, 11 velocidades, dise\u00f1o Shadow Plus, fijaci\u00f3n directa<br \/>\nManetas de Cambio:<br \/>\nShimano SL-U8000-11IR CUES, derecha, 11 velocidades Rapidfire, sin visor \u00f3ptico, compatible con I-Spec II<br \/>\nCassette:<br \/>\nShimano CS-LG400-11, 11 velocidades, 11-50 dientes<br \/>\nCadena:<br \/>\nShimano LG500<br \/>\nBielas:<br \/>\nBielas forjadas de aleaci\u00f3n personalizadas<br \/>\nCubrecadena:<br \/>\nSpecialized Chain Cover (cubrecadena Specialized)<\/li>\n<li>Ruedas y Neum\u00e1ticos<br \/>\nLlantas:<br \/>\n650b para freno de disco, doble pared, aleaci\u00f3n, uni\u00f3n por pasadores, 32 agujeros<br \/>\nBuje Delantero:<br \/>\nSpecialized de aleaci\u00f3n para disco, rodamientos sellados, 6 tornillos, eje pasante 15&#215;110 mm, 32 agujeros<br \/>\nBuje Trasero:<br \/>\nSpecialized de aleaci\u00f3n para disco, rodamientos sellados, 6 tornillos, eje pasante 12&#215;148 mm, 28 agujeros, n\u00facleo de acero HD<br \/>\nRadios:<br \/>\nDT Swiss Elemental<br \/>\nNeum\u00e1tico Delantero:<br \/>\nPathfinder Sport Reflect 650B x 2.3<br \/>\nNeum\u00e1tico Trasero:<br \/>\nPathfinder Sport Reflect 650B x 2.3<br \/>\nC\u00e1maras:<br \/>\nV\u00e1lvula Schrader de 40 mm, 650B x 1.75\u20132.4<\/li>\n<li>Cockpit<br \/>\nPotencia:<br \/>\nSpecialized Flowset, aleaci\u00f3n forjada en 3D, elevaci\u00f3n de 20\u00b0, abrazadera de 31.8 mm<br \/>\nManillar:<br \/>\nSpecialized de aleaci\u00f3n, retroceso de 15\u00b0, elevaci\u00f3n de 46 mm, di\u00e1metro 31.8 mm<br \/>\nPu\u00f1os:<br \/>\nERGON GA30-S personalizados, longitud de 134.8 mm<br \/>\nSill\u00edn:<br \/>\nBridge Sport con ra\u00edles de acero, ancho de 155 mm<br \/>\nTija de Sill\u00edn:<br \/>\nCane Creek Thudbuster ST con suspensi\u00f3n, di\u00e1metro de 30.9 mm<\/li>\n<li>Accessories<br \/>\nPedales:<br \/>\nSpecialized Commuter con cinta antideslizante y reflectores<br \/>\nRadar:<br \/>\nRadar Garmin integrado con visualizaci\u00f3n personalizada en la pantalla MasterMind TCD<br \/>\nLuz Delantera:<br \/>\nLezyne Ebike Power STVZO E450+, 450 l\u00famenes, cable de 160 cm, con reflector<br \/>\nLuz Trasera:<br \/>\nSpanninga STVZO Commuter Glow con luz de freno XEr<br \/>\nPata de Cabra:<br \/>\nSpecialized, montura de 40 mm<br \/>\nPortaequipajes:<br \/>\nSpecialized con interfaz MIK HD, soportes para alforjas integrados, capacidad m\u00e1xima de 27 kg<br \/>\nGuardabarros:<br \/>\nSpecialized DRYTECH de 65 mm de ancho, varillas de aluminio<br \/>\nCandado Integrado:<br \/>\nTurbo System Lock (bloqueo del sistema Turbo)<br \/>\nTimbre:<br \/>\nTimbre de lat\u00f3n Specialized<\/li>\n<li>Detalles del Producto<br \/>\nID del Producto:<br \/>\n263685<\/li>\n<li>Peso:<br \/>\n26.05 kg (57 lb, 6.9 oz)<br \/>\nTalla del Peso:<br \/>\nMD (Mediana)<\/li>\n<\/ul>\n","protected":false},"excerpt":{"rendered":"<p>Considera la Vado como tu bicicleta de transporte de alto rendimiento, dise\u00f1ada para llevarte a donde necesites con una combinaci\u00f3n inigualable de velocidad, fiabilidad y confianza. Ya sea que la cargues con tus cosas, te subas y salgas, vayas al trabajo o al gimnasio, la Vado, con toda su potencia y gran autonom\u00eda, te llevar\u00e1 del punto A al punto B en tiempo r\u00e9cord. <\/p>\n","protected":false},"featured_media":416767,"comment_status":"open","ping_status":"closed","template":"","meta":{"_acf_changed":false,"_et_pb_use_builder":"","_et_pb_old_content":"","_et_gb_content_width":"","inline_featured_image":false},"product_brand":[],"product_cat":[2449,5279,347,5275,5277,5274,5278,5276],"product_tag":[],"class_list":{"0":"post-428531","1":"product","2":"type-product","3":"status-publish","4":"has-post-thumbnail","6":"product_cat-bicycles","7":"product_cat-bicicletas-urbanas-en","8":"product_cat-electric","9":"product_cat-bicicletas-electricas-aluminio-en","10":"product_cat-bicicletas-electricas-paseo-en","11":"product_cat-bicicletas-electricas-specialized-en","12":"product_cat-bicicletas-electricas-trekking-en","13":"product_cat-bicicletas-electricas-urbanas-en","14":"product_shipping_class-bicicletas-en","16":"first","17":"instock","18":"taxable","19":"shipping-taxable","20":"purchasable","21":"product-type-variable","22":"wvs-archive-product-wrapper"},"acf":[],"yoast_head":"<!-- This site is optimized with the Yoast SEO Premium plugin v26.7 (Yoast SEO v26.7) - https:\/\/yoast.com\/wordpress\/plugins\/seo\/ -->\n<title>Specialized Turbo Vado 5.0 Step-Through 2026 GR-100<\/title>\n<meta name=\"description\" content=\"Considera la Vado como tu bicicleta de transporte de alto rendimiento, dise\u00f1ada para llevarte a donde necesites con una combinaci\u00f3n inigualable de velocidad, fiabilidad y confianza. Ya sea que la cargues con tus cosas, te subas y salgas, vayas al trabajo o al gimnasio, la Vado, con toda su potencia y gran autonom\u00eda, te llevar\u00e1 del punto A al punto B en tiempo r\u00e9cord.\" \/>\n<meta name=\"robots\" content=\"index, follow, max-snippet:-1, max-image-preview:large, max-video-preview:-1\" \/>\n<link rel=\"canonical\" href=\"https:\/\/gr-100.com\/en\/producto\/specialized-turbo-vado-5-0-step-through-2026\/\" \/>\n<meta property=\"og:locale\" content=\"en_US\" \/>\n<meta property=\"og:type\" content=\"article\" \/>\n<meta property=\"og:title\" content=\"Specialized Turbo Vado 5.0 Step-Through 2026\" \/>\n<meta property=\"og:description\" content=\"Considera la Vado como tu bicicleta de transporte de alto rendimiento, dise\u00f1ada para llevarte a donde necesites con una combinaci\u00f3n inigualable de velocidad, fiabilidad y confianza. Ya sea que la cargues con tus cosas, te subas y salgas, vayas al trabajo o al gimnasio, la Vado, con toda su potencia y gran autonom\u00eda, te llevar\u00e1 del punto A al punto B en tiempo r\u00e9cord.\" \/>\n<meta property=\"og:url\" content=\"https:\/\/gr-100.com\/en\/producto\/specialized-turbo-vado-5-0-step-through-2026\/\" \/>\n<meta property=\"og:site_name\" content=\"Gr-100 Tienda de ciclismo Specialized\" \/>\n<meta property=\"article:publisher\" content=\"https:\/\/www.facebook.com\/Gr100Bikes\" \/>\n<meta property=\"og:image\" content=\"https:\/\/gr-100.com\/wp-content\/uploads\/2025\/09\/Diseno-sin-titulo-2025-09-22T120340.748.jpg\" \/>\n\t<meta property=\"og:image:width\" content=\"1000\" \/>\n\t<meta property=\"og:image:height\" content=\"1000\" \/>\n\t<meta property=\"og:image:type\" content=\"image\/jpeg\" \/>\n<meta name=\"twitter:card\" content=\"summary_large_image\" \/>\n<meta name=\"twitter:label1\" content=\"Est. reading time\" \/>\n\t<meta name=\"twitter:data1\" content=\"6 minutes\" \/>\n<script type=\"application\/ld+json\" class=\"yoast-schema-graph\">{\"@context\":\"https:\/\/schema.org\",\"@graph\":[{\"@type\":\"WebPage\",\"@id\":\"https:\/\/gr-100.com\/en\/producto\/specialized-turbo-vado-5-0-step-through-2026\/\",\"url\":\"https:\/\/gr-100.com\/en\/producto\/specialized-turbo-vado-5-0-step-through-2026\/\",\"name\":\"Specialized Turbo Vado 5.0 Step-Through 2026 GR-100\",\"isPartOf\":{\"@id\":\"https:\/\/gr-100.com\/#website\"},\"primaryImageOfPage\":{\"@id\":\"https:\/\/gr-100.com\/en\/producto\/specialized-turbo-vado-5-0-step-through-2026\/#primaryimage\"},\"image\":{\"@id\":\"https:\/\/gr-100.com\/en\/producto\/specialized-turbo-vado-5-0-step-through-2026\/#primaryimage\"},\"thumbnailUrl\":\"https:\/\/gr-100.com\/wp-content\/uploads\/2025\/09\/Diseno-sin-titulo-2025-09-22T120340.748.jpg\",\"datePublished\":\"2025-09-22T11:44:01+00:00\",\"description\":\"Considera la Vado como tu bicicleta de transporte de alto rendimiento, dise\u00f1ada para llevarte a donde necesites con una combinaci\u00f3n inigualable de velocidad, fiabilidad y confianza. Ya sea que la cargues con tus cosas, te subas y salgas, vayas al trabajo o al gimnasio, la Vado, con toda su potencia y gran autonom\u00eda, te llevar\u00e1 del punto A al punto B en tiempo r\u00e9cord.\",\"breadcrumb\":{\"@id\":\"https:\/\/gr-100.com\/en\/producto\/specialized-turbo-vado-5-0-step-through-2026\/#breadcrumb\"},\"inLanguage\":\"en-US\",\"potentialAction\":[{\"@type\":\"ReadAction\",\"target\":[\"https:\/\/gr-100.com\/en\/producto\/specialized-turbo-vado-5-0-step-through-2026\/\"]}]},{\"@type\":\"ImageObject\",\"inLanguage\":\"en-US\",\"@id\":\"https:\/\/gr-100.com\/en\/producto\/specialized-turbo-vado-5-0-step-through-2026\/#primaryimage\",\"url\":\"https:\/\/gr-100.com\/wp-content\/uploads\/2025\/09\/Diseno-sin-titulo-2025-09-22T120340.748.jpg\",\"contentUrl\":\"https:\/\/gr-100.com\/wp-content\/uploads\/2025\/09\/Diseno-sin-titulo-2025-09-22T120340.748.jpg\",\"width\":1000,\"height\":1000},{\"@type\":\"BreadcrumbList\",\"@id\":\"https:\/\/gr-100.com\/en\/producto\/specialized-turbo-vado-5-0-step-through-2026\/#breadcrumb\",\"itemListElement\":[{\"@type\":\"ListItem\",\"position\":1,\"name\":\"Portada\",\"item\":\"https:\/\/gr-100.com\/pt-pt\/\"},{\"@type\":\"ListItem\",\"position\":2,\"name\":\"Productos\",\"item\":\"https:\/\/gr-100.com\/?post_type=product\"},{\"@type\":\"ListItem\",\"position\":3,\"name\":\"Specialized Turbo Vado 5.0 Step-Through 2026\"}]},{\"@type\":\"WebSite\",\"@id\":\"https:\/\/gr-100.com\/#website\",\"url\":\"https:\/\/gr-100.com\/\",\"name\":\"Gr-100 Tienda de ciclismo Specialized\",\"description\":\"GR-100 tenemos todas las gamas de bicicletas Specialized al mejor precio.\",\"publisher\":{\"@id\":\"https:\/\/gr-100.com\/#organization\"},\"alternateName\":\"Gr-100 Bikes\",\"potentialAction\":[{\"@type\":\"SearchAction\",\"target\":{\"@type\":\"EntryPoint\",\"urlTemplate\":\"https:\/\/gr-100.com\/?s={search_term_string}\"},\"query-input\":{\"@type\":\"PropertyValueSpecification\",\"valueRequired\":true,\"valueName\":\"search_term_string\"}}],\"inLanguage\":\"en-US\"},{\"@type\":\"Organization\",\"@id\":\"https:\/\/gr-100.com\/#organization\",\"name\":\"Gr-100\",\"url\":\"https:\/\/gr-100.com\/\",\"logo\":{\"@type\":\"ImageObject\",\"inLanguage\":\"en-US\",\"@id\":\"https:\/\/gr-100.com\/#\/schema\/logo\/image\/\",\"url\":\"https:\/\/gr-100.com\/wp-content\/uploads\/2023\/08\/logo-gr-100-bikes.png\",\"contentUrl\":\"https:\/\/gr-100.com\/wp-content\/uploads\/2023\/08\/logo-gr-100-bikes.png\",\"width\":707,\"height\":284,\"caption\":\"Gr-100\"},\"image\":{\"@id\":\"https:\/\/gr-100.com\/#\/schema\/logo\/image\/\"},\"sameAs\":[\"https:\/\/www.facebook.com\/Gr100Bikes\",\"https:\/\/www.instagram.com\/gr100bikes\/\",\"https:\/\/www.tiktok.com\/@gr100bikes\",\"https:\/\/twitter.com\/gr100mtbteam\",\"https:\/\/www.youtube.com\/c\/GR100Specialized\"]}]}<\/script>\n<!-- \/ Yoast SEO Premium plugin. -->","yoast_head_json":{"title":"Specialized Turbo Vado 5.0 Step-Through 2026 GR-100","description":"Considera la Vado como tu bicicleta de transporte de alto rendimiento, dise\u00f1ada para llevarte a donde necesites con una combinaci\u00f3n inigualable de velocidad, fiabilidad y confianza. Ya sea que la cargues con tus cosas, te subas y salgas, vayas al trabajo o al gimnasio, la Vado, con toda su potencia y gran autonom\u00eda, te llevar\u00e1 del punto A al punto B en tiempo r\u00e9cord.","robots":{"index":"index","follow":"follow","max-snippet":"max-snippet:-1","max-image-preview":"max-image-preview:large","max-video-preview":"max-video-preview:-1"},"canonical":"https:\/\/gr-100.com\/en\/producto\/specialized-turbo-vado-5-0-step-through-2026\/","og_locale":"en_US","og_type":"article","og_title":"Specialized Turbo Vado 5.0 Step-Through 2026","og_description":"Considera la Vado como tu bicicleta de transporte de alto rendimiento, dise\u00f1ada para llevarte a donde necesites con una combinaci\u00f3n inigualable de velocidad, fiabilidad y confianza. Ya sea que la cargues con tus cosas, te subas y salgas, vayas al trabajo o al gimnasio, la Vado, con toda su potencia y gran autonom\u00eda, te llevar\u00e1 del punto A al punto B en tiempo r\u00e9cord.","og_url":"https:\/\/gr-100.com\/en\/producto\/specialized-turbo-vado-5-0-step-through-2026\/","og_site_name":"Gr-100 Tienda de ciclismo Specialized","article_publisher":"https:\/\/www.facebook.com\/Gr100Bikes","og_image":[{"width":1000,"height":1000,"url":"https:\/\/gr-100.com\/wp-content\/uploads\/2025\/09\/Diseno-sin-titulo-2025-09-22T120340.748.jpg","type":"image\/jpeg"}],"twitter_card":"summary_large_image","twitter_misc":{"Est. reading time":"6 minutes"},"schema":{"@context":"https:\/\/schema.org","@graph":[{"@type":"WebPage","@id":"https:\/\/gr-100.com\/en\/producto\/specialized-turbo-vado-5-0-step-through-2026\/","url":"https:\/\/gr-100.com\/en\/producto\/specialized-turbo-vado-5-0-step-through-2026\/","name":"Specialized Turbo Vado 5.0 Step-Through 2026 GR-100","isPartOf":{"@id":"https:\/\/gr-100.com\/#website"},"primaryImageOfPage":{"@id":"https:\/\/gr-100.com\/en\/producto\/specialized-turbo-vado-5-0-step-through-2026\/#primaryimage"},"image":{"@id":"https:\/\/gr-100.com\/en\/producto\/specialized-turbo-vado-5-0-step-through-2026\/#primaryimage"},"thumbnailUrl":"https:\/\/gr-100.com\/wp-content\/uploads\/2025\/09\/Diseno-sin-titulo-2025-09-22T120340.748.jpg","datePublished":"2025-09-22T11:44:01+00:00","description":"Considera la Vado como tu bicicleta de transporte de alto rendimiento, dise\u00f1ada para llevarte a donde necesites con una combinaci\u00f3n inigualable de velocidad, fiabilidad y confianza. Ya sea que la cargues con tus cosas, te subas y salgas, vayas al trabajo o al gimnasio, la Vado, con toda su potencia y gran autonom\u00eda, te llevar\u00e1 del punto A al punto B en tiempo r\u00e9cord.","breadcrumb":{"@id":"https:\/\/gr-100.com\/en\/producto\/specialized-turbo-vado-5-0-step-through-2026\/#breadcrumb"},"inLanguage":"en-US","potentialAction":[{"@type":"ReadAction","target":["https:\/\/gr-100.com\/en\/producto\/specialized-turbo-vado-5-0-step-through-2026\/"]}]},{"@type":"ImageObject","inLanguage":"en-US","@id":"https:\/\/gr-100.com\/en\/producto\/specialized-turbo-vado-5-0-step-through-2026\/#primaryimage","url":"https:\/\/gr-100.com\/wp-content\/uploads\/2025\/09\/Diseno-sin-titulo-2025-09-22T120340.748.jpg","contentUrl":"https:\/\/gr-100.com\/wp-content\/uploads\/2025\/09\/Diseno-sin-titulo-2025-09-22T120340.748.jpg","width":1000,"height":1000},{"@type":"BreadcrumbList","@id":"https:\/\/gr-100.com\/en\/producto\/specialized-turbo-vado-5-0-step-through-2026\/#breadcrumb","itemListElement":[{"@type":"ListItem","position":1,"name":"Portada","item":"https:\/\/gr-100.com\/pt-pt\/"},{"@type":"ListItem","position":2,"name":"Productos","item":"https:\/\/gr-100.com\/?post_type=product"},{"@type":"ListItem","position":3,"name":"Specialized Turbo Vado 5.0 Step-Through 2026"}]},{"@type":"WebSite","@id":"https:\/\/gr-100.com\/#website","url":"https:\/\/gr-100.com\/","name":"Gr-100 Tienda de ciclismo Specialized","description":"GR-100 tenemos todas las gamas de bicicletas Specialized al mejor precio.","publisher":{"@id":"https:\/\/gr-100.com\/#organization"},"alternateName":"Gr-100 Bikes","potentialAction":[{"@type":"SearchAction","target":{"@type":"EntryPoint","urlTemplate":"https:\/\/gr-100.com\/?s={search_term_string}"},"query-input":{"@type":"PropertyValueSpecification","valueRequired":true,"valueName":"search_term_string"}}],"inLanguage":"en-US"},{"@type":"Organization","@id":"https:\/\/gr-100.com\/#organization","name":"Gr-100","url":"https:\/\/gr-100.com\/","logo":{"@type":"ImageObject","inLanguage":"en-US","@id":"https:\/\/gr-100.com\/#\/schema\/logo\/image\/","url":"https:\/\/gr-100.com\/wp-content\/uploads\/2023\/08\/logo-gr-100-bikes.png","contentUrl":"https:\/\/gr-100.com\/wp-content\/uploads\/2023\/08\/logo-gr-100-bikes.png","width":707,"height":284,"caption":"Gr-100"},"image":{"@id":"https:\/\/gr-100.com\/#\/schema\/logo\/image\/"},"sameAs":["https:\/\/www.facebook.com\/Gr100Bikes","https:\/\/www.instagram.com\/gr100bikes\/","https:\/\/www.tiktok.com\/@gr100bikes","https:\/\/twitter.com\/gr100mtbteam","https:\/\/www.youtube.com\/c\/GR100Specialized"]}]}},"_links":{"self":[{"href":"https:\/\/gr-100.com\/en\/wp-json\/wp\/v2\/product\/428531","targetHints":{"allow":["GET"]}}],"collection":[{"href":"https:\/\/gr-100.com\/en\/wp-json\/wp\/v2\/product"}],"about":[{"href":"https:\/\/gr-100.com\/en\/wp-json\/wp\/v2\/types\/product"}],"replies":[{"embeddable":true,"href":"https:\/\/gr-100.com\/en\/wp-json\/wp\/v2\/comments?post=428531"}],"wp:featuredmedia":[{"embeddable":true,"href":"https:\/\/gr-100.com\/en\/wp-json\/wp\/v2\/media\/416767"}],"wp:attachment":[{"href":"https:\/\/gr-100.com\/en\/wp-json\/wp\/v2\/media?parent=428531"}],"wp:term":[{"taxonomy":"product_brand","embeddable":true,"href":"https:\/\/gr-100.com\/en\/wp-json\/wp\/v2\/product_brand?post=428531"},{"taxonomy":"product_cat","embeddable":true,"href":"https:\/\/gr-100.com\/en\/wp-json\/wp\/v2\/product_cat?post=428531"},{"taxonomy":"product_tag","embeddable":true,"href":"https:\/\/gr-100.com\/en\/wp-json\/wp\/v2\/product_tag?post=428531"}],"curies":[{"name":"wp","href":"https:\/\/api.w.org\/{rel}","templated":true}]}}