{"id":428813,"date":"2025-09-17T12:34:13","date_gmt":"2025-09-17T10:34:13","guid":{"rendered":"https:\/\/gr-100.com\/producto\/specialized-turbo-como-5-0-igh-2026\/"},"modified":"2025-09-17T12:34:13","modified_gmt":"2025-09-17T10:34:13","slug":"specialized-turbo-como-5-0-igh-2026","status":"publish","type":"product","link":"https:\/\/gr-100.com\/en\/producto\/specialized-turbo-como-5-0-igh-2026\/","title":{"rendered":"Specialized Turbo Como 5.0 IGH 2026"},"content":{"rendered":"<ul>\n<li>C\u00d3MODA<br \/>\nUna posici\u00f3n erguida del cuerpo y un manejo suave est\u00e1n optimizados para brindar comodidad, confianza y control durante recorridos de todo el d\u00eda.<br \/>\nF\u00c1CIL DE USAR<br \/>\nEl dise\u00f1o estilizado de la Como y su cuadro de acceso bajo hacen que esta bicicleta el\u00e9ctrica sea funcional, accesible y perfecta para el uso diario.<br \/>\nPOTENTE<br \/>\nEres t\u00fa, solo que m\u00e1s r\u00e1pido \u2014 para ser precisos, 4 veces t\u00fa. El sistema Turbo Full Power detecta la fuerza que aplicas en los pedales y amplifica tu esfuerzo de forma natural hasta cuatro veces, para que subir cualquier colina o llegar a cualquier destino no implique ning\u00fan esfuerzo. Literalmente.<br \/>\nSUAVE<br \/>\nMantente c\u00f3modo en el sill\u00edn gracias a la horquilla delantera con suspensi\u00f3n de 80 mm, neum\u00e1ticos de mayor volumen y un poste de asiento con suspensi\u00f3n que suaviza los impactos m\u00e1s duros.<br \/>\nTURBO<br \/>\nEl coraz\u00f3n de la Como es su tecnolog\u00eda Turbo, un avanzado sistema el\u00e9ctrico de bicicleta totalmente integrado que ofrece una combinaci\u00f3n inigualable de potencia, sensaci\u00f3n natural, funciones antirrobo, consejos de entrenamiento y una computadora de bicicleta con funciones completas.<br \/>\nSEGURA<br \/>\nLa Como tiene la seguridad bajo control. Disuade a los posibles ladrones desactivando el motor con solo presionar un bot\u00f3n, de modo que nadie podr\u00e1 volver a encenderlo sin tu PIN personalizado. Para mayor protecci\u00f3n, la bater\u00eda de la Como se bloquea en la bicicleta, aunque tambi\u00e9n se puede retirar f\u00e1cilmente para llev\u00e1rtela contigo. \u00a1Ladrones, ni lo intenten!<br \/>\nSILENCIOSA<br \/>\nEl motor Turbo Full Power ofrece una amplificaci\u00f3n suave, silenciosa y sin interrupciones para un paseo tranquilo en cualquier terreno.<br \/>\nLa velocidad m\u00e1xima a la que el motor dejar\u00e1 de asistir puede variar significativamente seg\u00fan la regi\u00f3n y est\u00e1 sujeta a los requisitos locales. Esto tambi\u00e9n puede afectar la autonom\u00eda: un l\u00edmite de velocidad m\u00e1s alto podr\u00eda reducir la distancia que puedes recorrer.<br \/>\nLARGA AUTONOM\u00cdA      <\/li>\n<li>Con una verdadera capacidad de ir a cualquier parte, ofrece hasta 100 km (62 millas) o 4.5 horas de autonom\u00eda en modo eco.<\/li>\n<li>MasterMind y app de Specialized<\/li>\n<li>La pantalla MasterMind muestra toda la informaci\u00f3n relevante sobre tu viaje y permite ajustar en tiempo real los niveles de asistencia. MasterMind se integra perfectamente con la aplicaci\u00f3n Specialized para ofrecer herramientas de optimizaci\u00f3n de autonom\u00eda, ajustes avanzados, diagn\u00f3sticos durante el trayecto y m\u00e1s. <\/li>\n<li>Cambio autom\u00e1tico enviolo AUTOMATiQ IGH<\/li>\n<li>La tecnolog\u00eda de cambio interno continuo de enviolo cambia de marcha autom\u00e1ticamente en funci\u00f3n del ritmo de pedaleo del ciclista, teniendo en cuenta los cambios en el entorno. Al seleccionar una cadencia o ritmo preferido, permite a los ciclistas \u201cconfigurarlo y olvidarse\u201d, a\u00f1adiendo una capa extra de seguridad y comodidad. <\/li>\n<li>Eficiencia suave comprobada<\/li>\n<li>Dise\u00f1amos un mecanismo de prueba personalizado para analizar las vibraciones incluso en las frecuencias m\u00e1s peque\u00f1as y mejorar as\u00ed la comodidad y visibilidad. Esa precisi\u00f3n, combinada con el poste de asiento con suspensi\u00f3n, neum\u00e1ticos de mayor volumen y una horquilla de suspensi\u00f3n de 80 mm, har\u00e1 que las carreteras parezcan planas ante tus ojos. <\/li>\n<li>Bloqueo del sistema Turbo<\/li>\n<li>Usa la app de Specialized para desactivar el motor de tu bicicleta y activar la alarma del sensor de movimiento. Una vez bloqueado, el motor no puede volver a activarse excepto por el propietario.<br \/>\nRadar Garmin <\/li>\n<li>Un sensor de radar Garmin integrado te avisa cuando hay tr\u00e1fico acerc\u00e1ndose por detr\u00e1s. La tecnolog\u00eda de radar de Garmin puede detectar autos hasta a 140 metros de distancia. MasterMind alertar\u00e1 al ciclista con se\u00f1ales visuales, sonoras y h\u00e1pticas sobre la distancia y velocidad relativa del veh\u00edculo que se aproxima.  <\/li>\n<li>Bater\u00eda totalmente integrada, extra\u00edble y bloqueable en el tubo diagonal<\/li>\n<li>F\u00e1cil de cargar y f\u00e1cil de asegurar.<\/li>\n<li>Equipamiento adicional<\/li>\n<li>Viene equipada con guardabarros DRYTECH, luces LED delanteras y traseras, y un portaequipajes trasero HD con capacidad de 27 kg. El portaequipajes es compatible con asientos para ni\u00f1os, y la bicicleta tambi\u00e9n est\u00e1 preparada para remolques con eje pasante. <\/li>\n<li>TECHNICAL SPECIFICATIONS<\/li>\n<li>E-bike<br \/>\nCargador:<br \/>\nCargador personalizado, 42V4A con conector Rosenberger, 100-240V.<br \/>\nInterfaz \/ Control Remoto (UI\/Remote):<br \/>\nPantalla MasterMind TCD, con control remoto en el manillar, funci\u00f3n antirrobo incorporada, conectividad Bluetooth\u00ae, pantallas personalizables.<br \/>\nMotor:<br \/>\nSpecialized 2.2, 90Nm de par motor, motor personalizado, 250W nominales.<br \/>\nBater\u00eda:<br \/>\nSpecialized U2-710, bater\u00eda integrada, indicador de estado de carga, 710Wh, certificaci\u00f3n UL.<br \/>\nCuadro<\/li>\n<li>Cuadro:<br \/>\nAluminio E5, soporte de motor en el eje de pedalier, bater\u00eda integrada y bloqueable en el tubo diagonal, cableado interno, soporte para candado y portabultos delantero, punteras deslizantes.<br \/>\nAbrazadera del asiento (Seat Binder):<br \/>\nSpecialized tipo tornillo, de aleaci\u00f3n, 42.9 mm.<\/li>\n<li>Suspensi\u00f3n<br \/>\nHorquilla delantera:<br \/>\nRockshox Recon Silver RL, recorrido de 80 mm, tecnolog\u00eda Motion-Control, compatible con guardabarros.<\/li>\n<li>Frenos<br \/>\nFreno delantero:<br \/>\nShimano de 4 pistones, serie CUES, modelo BL-U8000, BR-U8020, adaptador SM-MA-F180P\/P2.<br \/>\nFreno trasero:<br \/>\nShimano de 4 pistones, serie CUES, modelo BL-U8000, BR-U8020.<\/li>\n<li>Transmisi\u00f3n<br \/>\nCambio trasero:<br \/>\nEnviolo Autom\u00e1tico.<br \/>\nCasete:<br \/>\nGates CDX, 22 dientes.<br \/>\nCorrea (en lugar de cadena):<br \/>\nGates Carbon Drive CDX, 122 dientes, color negro.<br \/>\nPlato:<br \/>\nGates Carbon Drive CDX, 50 dientes, color negro.<br \/>\nBielas:<br \/>\nPraxis, Brose Isis, 165 mm, BCD 104 mm.<br \/>\nProtecci\u00f3n de correa:<br \/>\nCubierta de correa Specialized.<\/li>\n<li>Ruedas y Neum\u00e1ticos<br \/>\nLlantas:<br \/>\n650b para disco, de doble pared, de aleaci\u00f3n, engarzadas, 32 orificios.<br \/>\nRadios:<br \/>\nDT Swiss Elemental.<\/li>\n<li>Neum\u00e1tico delantero:<br \/>\nHemisphere Flat Protection Reflect, 650b x 2.3.<br \/>\nNeum\u00e1tico trasero:<br \/>\nHemisphere Flat Protection Reflect, 650b x 2.3.<br \/>\nBuje delantero:<br \/>\nBuje de aleaci\u00f3n Specialized, para disco, rodamientos sellados, 6 tornillos, eje pasante de 15&#215;110 mm, 32 orificios.<br \/>\nC\u00e1maras:<br \/>\nV\u00e1lvula Schrader de 40 mm, tama\u00f1o 650Bx1.75-2.4.<br \/>\nBuje trasero:<br \/>\nEnviolo Trekking, rango de cambio del 380%, 6 tornillos, 10&#215;135 mm, 32 orificios.<\/li>\n<li>Componentes (Cockpit)<br \/>\nSill\u00edn:<br \/>\nBody Geometry Comfort Gel, 200 mm de ancho, con asa.<br \/>\nTija del sill\u00edn:<br \/>\nCane Creek Thudbuster ST, con suspensi\u00f3n, di\u00e1metro de 30.9 mm.<br \/>\nPu\u00f1os:<br \/>\nERGON, modelo GP10-S personalizado, longitud de 132 mm.<br \/>\nManillar:<br \/>\nManillar\/integrado Specialized Como.<br \/>\nPotencia:<br \/>\nPotencia integrada Specialized.<\/li>\n<li>Accesorios<br \/>\nTimbre:<br \/>\nTimbre simple.<br \/>\nEspejo retrovisor:<br \/>\nEspejo en el manillar, de aluminio.<br \/>\nRadar:<br \/>\nRadar Garmin integrado, con informaci\u00f3n mostrada directamente en la pantalla MasterMind TCD.<br \/>\nLuz delantera:<br \/>\nLezyne Ebike Power StVZO E450+, 450 l\u00famenes, cable de 160 cm, con reflector.<br \/>\nLuz trasera:<br \/>\nSpanninga StVZO Commuter Glow con funci\u00f3n de luz de freno XEr.<br \/>\nPedales:<br \/>\nSpecialized Commuter con cinta antideslizante y reflectores.<br \/>\nGuardabarros:<br \/>\nSpecialized DRYTECH, ancho de 65 mm, con soportes de aluminio.<br \/>\nPata de cabra:<br \/>\nPata de cabra Specialized, soporte de 40 mm.<br \/>\nPortabultos:<br \/>\nPortabultos Specialized con interfaz MIK HD, soportes para alforjas integrados, carga m\u00e1xima de 27 kg.<br \/>\nCandado:<br \/>\nSistema de bloqueo Turbo (Turbo System Lock).<\/li>\n<li>Peso:<br \/>\n28.9 kg (63 lb, 11.4 oz)<br \/>\nTama\u00f1o de muestra del peso:<br \/>\nTalla M (MD)<\/li>\n<\/ul>\n","protected":false},"excerpt":{"rendered":"<p><strong data-start=\"73\" data-end=\"84\">La Como<\/strong> es una bicicleta el\u00e9ctrica relajada con un dise\u00f1o limpio y una posici\u00f3n de conducci\u00f3n erguida que brinda comodidad y estilo con total facilidad. Esta e-bike de potencia completa fue dise\u00f1ada para moverse por calles urbanas y viene equipada con guardabarros, luces y un cuadro de acceso bajo, lo que la hace perfecta para los desplazamientos diarios o para pasear por la ciudad. <\/p>\n","protected":false},"featured_media":416157,"comment_status":"open","ping_status":"closed","template":"","meta":{"_acf_changed":false,"_et_pb_use_builder":"","_et_pb_old_content":"","_et_gb_content_width":"","inline_featured_image":false},"product_brand":[],"product_cat":[2449,5279,347,5275,5277,5274,5278,5276],"product_tag":[],"class_list":{"0":"post-428813","1":"product","2":"type-product","3":"status-publish","4":"has-post-thumbnail","6":"product_cat-bicycles","7":"product_cat-bicicletas-urbanas-en","8":"product_cat-electric","9":"product_cat-bicicletas-electricas-aluminio-en","10":"product_cat-bicicletas-electricas-paseo-en","11":"product_cat-bicicletas-electricas-specialized-en","12":"product_cat-bicicletas-electricas-trekking-en","13":"product_cat-bicicletas-electricas-urbanas-en","14":"product_shipping_class-bicicletas-en","16":"first","17":"instock","18":"taxable","19":"shipping-taxable","20":"purchasable","21":"product-type-variable","22":"wvs-archive-product-wrapper"},"acf":[],"yoast_head":"<!-- This site is optimized with the Yoast SEO Premium plugin v26.7 (Yoast SEO v26.7) - https:\/\/yoast.com\/wordpress\/plugins\/seo\/ -->\n<title>Specialized Turbo Como 5.0 IGH 2026 GR-100<\/title>\n<meta name=\"description\" content=\"La Como es una bicicleta el\u00e9ctrica relajada con un dise\u00f1o limpio y una posici\u00f3n de conducci\u00f3n erguida que brinda comodidad y estilo con total facilidad.\" \/>\n<meta name=\"robots\" content=\"index, follow, max-snippet:-1, max-image-preview:large, max-video-preview:-1\" \/>\n<link rel=\"canonical\" href=\"https:\/\/gr-100.com\/en\/producto\/specialized-turbo-como-5-0-igh-2026\/\" \/>\n<meta property=\"og:locale\" content=\"en_US\" \/>\n<meta property=\"og:type\" content=\"article\" \/>\n<meta property=\"og:title\" content=\"Specialized Turbo Como 5.0 IGH 2026\" \/>\n<meta property=\"og:description\" content=\"La Como es una bicicleta el\u00e9ctrica relajada con un dise\u00f1o limpio y una posici\u00f3n de conducci\u00f3n erguida que brinda comodidad y estilo con total facilidad.\" \/>\n<meta property=\"og:url\" content=\"https:\/\/gr-100.com\/en\/producto\/specialized-turbo-como-5-0-igh-2026\/\" \/>\n<meta property=\"og:site_name\" content=\"Gr-100 Tienda de ciclismo Specialized\" \/>\n<meta property=\"article:publisher\" content=\"https:\/\/www.facebook.com\/Gr100Bikes\" \/>\n<meta property=\"og:image\" content=\"https:\/\/gr-100.com\/wp-content\/uploads\/2025\/09\/Diseno-sin-titulo-2025-09-17T115411.538.jpg\" \/>\n\t<meta property=\"og:image:width\" content=\"1000\" \/>\n\t<meta property=\"og:image:height\" content=\"1000\" \/>\n\t<meta property=\"og:image:type\" content=\"image\/jpeg\" \/>\n<meta name=\"twitter:card\" content=\"summary_large_image\" \/>\n<meta name=\"twitter:label1\" content=\"Est. reading time\" \/>\n\t<meta name=\"twitter:data1\" content=\"6 minutes\" \/>\n<script type=\"application\/ld+json\" class=\"yoast-schema-graph\">{\"@context\":\"https:\/\/schema.org\",\"@graph\":[{\"@type\":\"WebPage\",\"@id\":\"https:\/\/gr-100.com\/en\/producto\/specialized-turbo-como-5-0-igh-2026\/\",\"url\":\"https:\/\/gr-100.com\/en\/producto\/specialized-turbo-como-5-0-igh-2026\/\",\"name\":\"Specialized Turbo Como 5.0 IGH 2026 GR-100\",\"isPartOf\":{\"@id\":\"https:\/\/gr-100.com\/#website\"},\"primaryImageOfPage\":{\"@id\":\"https:\/\/gr-100.com\/en\/producto\/specialized-turbo-como-5-0-igh-2026\/#primaryimage\"},\"image\":{\"@id\":\"https:\/\/gr-100.com\/en\/producto\/specialized-turbo-como-5-0-igh-2026\/#primaryimage\"},\"thumbnailUrl\":\"https:\/\/gr-100.com\/wp-content\/uploads\/2025\/09\/Diseno-sin-titulo-2025-09-17T115411.538.jpg\",\"datePublished\":\"2025-09-17T10:34:13+00:00\",\"description\":\"La Como es una bicicleta el\u00e9ctrica relajada con un dise\u00f1o limpio y una posici\u00f3n de conducci\u00f3n erguida que brinda comodidad y estilo con total facilidad.\",\"breadcrumb\":{\"@id\":\"https:\/\/gr-100.com\/en\/producto\/specialized-turbo-como-5-0-igh-2026\/#breadcrumb\"},\"inLanguage\":\"en-US\",\"potentialAction\":[{\"@type\":\"ReadAction\",\"target\":[\"https:\/\/gr-100.com\/en\/producto\/specialized-turbo-como-5-0-igh-2026\/\"]}]},{\"@type\":\"ImageObject\",\"inLanguage\":\"en-US\",\"@id\":\"https:\/\/gr-100.com\/en\/producto\/specialized-turbo-como-5-0-igh-2026\/#primaryimage\",\"url\":\"https:\/\/gr-100.com\/wp-content\/uploads\/2025\/09\/Diseno-sin-titulo-2025-09-17T115411.538.jpg\",\"contentUrl\":\"https:\/\/gr-100.com\/wp-content\/uploads\/2025\/09\/Diseno-sin-titulo-2025-09-17T115411.538.jpg\",\"width\":1000,\"height\":1000},{\"@type\":\"BreadcrumbList\",\"@id\":\"https:\/\/gr-100.com\/en\/producto\/specialized-turbo-como-5-0-igh-2026\/#breadcrumb\",\"itemListElement\":[{\"@type\":\"ListItem\",\"position\":1,\"name\":\"Portada\",\"item\":\"https:\/\/gr-100.com\/pt-pt\/\"},{\"@type\":\"ListItem\",\"position\":2,\"name\":\"Productos\",\"item\":\"https:\/\/gr-100.com\/?post_type=product\"},{\"@type\":\"ListItem\",\"position\":3,\"name\":\"Specialized Turbo Como 5.0 IGH 2026\"}]},{\"@type\":\"WebSite\",\"@id\":\"https:\/\/gr-100.com\/#website\",\"url\":\"https:\/\/gr-100.com\/\",\"name\":\"Gr-100 Tienda de ciclismo Specialized\",\"description\":\"GR-100 tenemos todas las gamas de bicicletas Specialized al mejor precio.\",\"publisher\":{\"@id\":\"https:\/\/gr-100.com\/#organization\"},\"alternateName\":\"Gr-100 Bikes\",\"potentialAction\":[{\"@type\":\"SearchAction\",\"target\":{\"@type\":\"EntryPoint\",\"urlTemplate\":\"https:\/\/gr-100.com\/?s={search_term_string}\"},\"query-input\":{\"@type\":\"PropertyValueSpecification\",\"valueRequired\":true,\"valueName\":\"search_term_string\"}}],\"inLanguage\":\"en-US\"},{\"@type\":\"Organization\",\"@id\":\"https:\/\/gr-100.com\/#organization\",\"name\":\"Gr-100\",\"url\":\"https:\/\/gr-100.com\/\",\"logo\":{\"@type\":\"ImageObject\",\"inLanguage\":\"en-US\",\"@id\":\"https:\/\/gr-100.com\/#\/schema\/logo\/image\/\",\"url\":\"https:\/\/gr-100.com\/wp-content\/uploads\/2023\/08\/logo-gr-100-bikes.png\",\"contentUrl\":\"https:\/\/gr-100.com\/wp-content\/uploads\/2023\/08\/logo-gr-100-bikes.png\",\"width\":707,\"height\":284,\"caption\":\"Gr-100\"},\"image\":{\"@id\":\"https:\/\/gr-100.com\/#\/schema\/logo\/image\/\"},\"sameAs\":[\"https:\/\/www.facebook.com\/Gr100Bikes\",\"https:\/\/www.instagram.com\/gr100bikes\/\",\"https:\/\/www.tiktok.com\/@gr100bikes\",\"https:\/\/twitter.com\/gr100mtbteam\",\"https:\/\/www.youtube.com\/c\/GR100Specialized\"]}]}<\/script>\n<!-- \/ Yoast SEO Premium plugin. -->","yoast_head_json":{"title":"Specialized Turbo Como 5.0 IGH 2026 GR-100","description":"La Como es una bicicleta el\u00e9ctrica relajada con un dise\u00f1o limpio y una posici\u00f3n de conducci\u00f3n erguida que brinda comodidad y estilo con total facilidad.","robots":{"index":"index","follow":"follow","max-snippet":"max-snippet:-1","max-image-preview":"max-image-preview:large","max-video-preview":"max-video-preview:-1"},"canonical":"https:\/\/gr-100.com\/en\/producto\/specialized-turbo-como-5-0-igh-2026\/","og_locale":"en_US","og_type":"article","og_title":"Specialized Turbo Como 5.0 IGH 2026","og_description":"La Como es una bicicleta el\u00e9ctrica relajada con un dise\u00f1o limpio y una posici\u00f3n de conducci\u00f3n erguida que brinda comodidad y estilo con total facilidad.","og_url":"https:\/\/gr-100.com\/en\/producto\/specialized-turbo-como-5-0-igh-2026\/","og_site_name":"Gr-100 Tienda de ciclismo Specialized","article_publisher":"https:\/\/www.facebook.com\/Gr100Bikes","og_image":[{"width":1000,"height":1000,"url":"https:\/\/gr-100.com\/wp-content\/uploads\/2025\/09\/Diseno-sin-titulo-2025-09-17T115411.538.jpg","type":"image\/jpeg"}],"twitter_card":"summary_large_image","twitter_misc":{"Est. reading time":"6 minutes"},"schema":{"@context":"https:\/\/schema.org","@graph":[{"@type":"WebPage","@id":"https:\/\/gr-100.com\/en\/producto\/specialized-turbo-como-5-0-igh-2026\/","url":"https:\/\/gr-100.com\/en\/producto\/specialized-turbo-como-5-0-igh-2026\/","name":"Specialized Turbo Como 5.0 IGH 2026 GR-100","isPartOf":{"@id":"https:\/\/gr-100.com\/#website"},"primaryImageOfPage":{"@id":"https:\/\/gr-100.com\/en\/producto\/specialized-turbo-como-5-0-igh-2026\/#primaryimage"},"image":{"@id":"https:\/\/gr-100.com\/en\/producto\/specialized-turbo-como-5-0-igh-2026\/#primaryimage"},"thumbnailUrl":"https:\/\/gr-100.com\/wp-content\/uploads\/2025\/09\/Diseno-sin-titulo-2025-09-17T115411.538.jpg","datePublished":"2025-09-17T10:34:13+00:00","description":"La Como es una bicicleta el\u00e9ctrica relajada con un dise\u00f1o limpio y una posici\u00f3n de conducci\u00f3n erguida que brinda comodidad y estilo con total facilidad.","breadcrumb":{"@id":"https:\/\/gr-100.com\/en\/producto\/specialized-turbo-como-5-0-igh-2026\/#breadcrumb"},"inLanguage":"en-US","potentialAction":[{"@type":"ReadAction","target":["https:\/\/gr-100.com\/en\/producto\/specialized-turbo-como-5-0-igh-2026\/"]}]},{"@type":"ImageObject","inLanguage":"en-US","@id":"https:\/\/gr-100.com\/en\/producto\/specialized-turbo-como-5-0-igh-2026\/#primaryimage","url":"https:\/\/gr-100.com\/wp-content\/uploads\/2025\/09\/Diseno-sin-titulo-2025-09-17T115411.538.jpg","contentUrl":"https:\/\/gr-100.com\/wp-content\/uploads\/2025\/09\/Diseno-sin-titulo-2025-09-17T115411.538.jpg","width":1000,"height":1000},{"@type":"BreadcrumbList","@id":"https:\/\/gr-100.com\/en\/producto\/specialized-turbo-como-5-0-igh-2026\/#breadcrumb","itemListElement":[{"@type":"ListItem","position":1,"name":"Portada","item":"https:\/\/gr-100.com\/pt-pt\/"},{"@type":"ListItem","position":2,"name":"Productos","item":"https:\/\/gr-100.com\/?post_type=product"},{"@type":"ListItem","position":3,"name":"Specialized Turbo Como 5.0 IGH 2026"}]},{"@type":"WebSite","@id":"https:\/\/gr-100.com\/#website","url":"https:\/\/gr-100.com\/","name":"Gr-100 Tienda de ciclismo Specialized","description":"GR-100 tenemos todas las gamas de bicicletas Specialized al mejor precio.","publisher":{"@id":"https:\/\/gr-100.com\/#organization"},"alternateName":"Gr-100 Bikes","potentialAction":[{"@type":"SearchAction","target":{"@type":"EntryPoint","urlTemplate":"https:\/\/gr-100.com\/?s={search_term_string}"},"query-input":{"@type":"PropertyValueSpecification","valueRequired":true,"valueName":"search_term_string"}}],"inLanguage":"en-US"},{"@type":"Organization","@id":"https:\/\/gr-100.com\/#organization","name":"Gr-100","url":"https:\/\/gr-100.com\/","logo":{"@type":"ImageObject","inLanguage":"en-US","@id":"https:\/\/gr-100.com\/#\/schema\/logo\/image\/","url":"https:\/\/gr-100.com\/wp-content\/uploads\/2023\/08\/logo-gr-100-bikes.png","contentUrl":"https:\/\/gr-100.com\/wp-content\/uploads\/2023\/08\/logo-gr-100-bikes.png","width":707,"height":284,"caption":"Gr-100"},"image":{"@id":"https:\/\/gr-100.com\/#\/schema\/logo\/image\/"},"sameAs":["https:\/\/www.facebook.com\/Gr100Bikes","https:\/\/www.instagram.com\/gr100bikes\/","https:\/\/www.tiktok.com\/@gr100bikes","https:\/\/twitter.com\/gr100mtbteam","https:\/\/www.youtube.com\/c\/GR100Specialized"]}]}},"_links":{"self":[{"href":"https:\/\/gr-100.com\/en\/wp-json\/wp\/v2\/product\/428813","targetHints":{"allow":["GET"]}}],"collection":[{"href":"https:\/\/gr-100.com\/en\/wp-json\/wp\/v2\/product"}],"about":[{"href":"https:\/\/gr-100.com\/en\/wp-json\/wp\/v2\/types\/product"}],"replies":[{"embeddable":true,"href":"https:\/\/gr-100.com\/en\/wp-json\/wp\/v2\/comments?post=428813"}],"wp:featuredmedia":[{"embeddable":true,"href":"https:\/\/gr-100.com\/en\/wp-json\/wp\/v2\/media\/416157"}],"wp:attachment":[{"href":"https:\/\/gr-100.com\/en\/wp-json\/wp\/v2\/media?parent=428813"}],"wp:term":[{"taxonomy":"product_brand","embeddable":true,"href":"https:\/\/gr-100.com\/en\/wp-json\/wp\/v2\/product_brand?post=428813"},{"taxonomy":"product_cat","embeddable":true,"href":"https:\/\/gr-100.com\/en\/wp-json\/wp\/v2\/product_cat?post=428813"},{"taxonomy":"product_tag","embeddable":true,"href":"https:\/\/gr-100.com\/en\/wp-json\/wp\/v2\/product_tag?post=428813"}],"curies":[{"name":"wp","href":"https:\/\/api.w.org\/{rel}","templated":true}]}}