{"id":428853,"date":"2025-08-11T12:05:11","date_gmt":"2025-08-11T11:05:11","guid":{"rendered":"https:\/\/gr-100.com\/producto\/specialized-riprock-20-int-2026\/"},"modified":"2025-08-11T12:05:11","modified_gmt":"2025-08-11T10:05:11","slug":"specialized-riprock-20-int-2026","status":"publish","type":"product","link":"https:\/\/gr-100.com\/en\/producto\/specialized-riprock-20-int-2026\/","title":{"rendered":"Specialized Riprock 20\u00b4\u00b4 INT 2026"},"content":{"rendered":"<ul>\n<li>Las actualizaciones y caracter\u00edsticas espec\u00edficas para ni\u00f1os crean una conducci\u00f3n que inspira confianza. Un sill\u00edn Bridge de 130 mm, as\u00ed como un factor Q m\u00e1s estrecho y bielas m\u00e1s cortas, ofrecen una mejor alineaci\u00f3n entre la cadera, la rodilla y el tobillo para disminuir el riesgo de lesiones y aumentar la potencia de pedaleo. Los pu\u00f1os estrechos y la geometr\u00eda actualizada del cuadro ofrecen un mejor manejo de la bicicleta, inspirando a los ciclistas a rodar m\u00e1s.  <\/li>\n<li>Un conjunto ligero, equipado con un cuadro actualizado y una transmisi\u00f3n de amplio rango, crea la bicicleta perfecta para permitir a los ciclistas afrontar las subidas con facilidad.<\/li>\n<li>El trail empieza aqu\u00ed. Inspirada en la herencia de Specialized en la fabricaci\u00f3n de bicicletas de monta\u00f1a, la Riprock ofrece caracter\u00edsticas modernas de MTB como un \u00e1ngulo de tubo de direcci\u00f3n holgado, cables enrutados internamente, frenos de disco hidr\u00e1ulicos y neum\u00e1ticos Ground Control. <\/li>\n<li>TECHNICAL SPECIFICATIONS<\/li>\n<li>Cuadro<br \/>\nHorquilla<br \/>\nA1 Premium Butted Alloy, Alloy steerer, 15&#215;110 mm, W\/Mini Fender<br \/>\nCuadro<br \/>\nA1 Premium Butted Alloy, unisex frame, internal cable routing, 148mm thru-axle, 30.9mm dropper post ready, replaceable derailleur hanger compatible<br \/>\nAbrazadera del sill\u00edn<br \/>\nBolt-type, 34.9mm<\/li>\n<li>Frenos<br \/>\nFreno trasero<br \/>\nPromax DSK-926, Hydraulic Disc Brake, 160mm Rotor, Adjustable Reach<br \/>\nFreno delantero<br \/>\nPromax DSK-926, Hydraulic Disc Brake, Adjustable Reach<\/li>\n<li>Transmisi\u00f3n<br \/>\nPlatos<br \/>\n40T<br \/>\nPlatos y bielas<br \/>\nForged Alloy, 115mm length, narrow Q-factor, w\/ chainguard<br \/>\nCadena<br \/>\nKMC X8 w\/ Missing Link\u2122<br \/>\nCaja de pedalier<br \/>\nSquare-tapered, 68mm<br \/>\nCassette<br \/>\nmicroSHIFT Acolyte CS-H084, 12-42t, 8-speed<br \/>\nManetas de cambio<br \/>\nmicroSHIFT Acolyte Quick Trigger SL-M6285-R, 8-Speed, short reach triggers for easy operation<br \/>\nDesviador trasero<br \/>\nmicroSHIFT Super Short derailleur RD-M5185S, 8-Speed, w\/ Clutch<\/li>\n<li>Ruedas y neum\u00e1ticos<br \/>\nLlantas<br \/>\nAlloy, 16mm depth, 25mm internal width, 28H<br \/>\nBuje trasero<br \/>\nAlloy, 6-Bolt, 28H, 12&#215;148 Boost, 11-speed compatiable<br \/>\nBuje delantero<br \/>\nAlloy, 6-Bolt, 28H, 15&#215;110 Boost<br \/>\nNeum\u00e1tico delantero<br \/>\nKicker Wirebead 20X2.1<br \/>\nNeum\u00e1tico trasero<br \/>\nKicker Wirebead 20X2.1<br \/>\nRadios<br \/>\nStainless, 14g<br \/>\nC\u00e1maras<br \/>\nStandard, Schrader valve<\/li>\n<li>Cockpit<br \/>\nSill\u00edn<br \/>\nBridge Kids Saddle, 130mm<br \/>\nManillar<br \/>\nDouble Butted Alloy, 40mm rise , 11deg back sweep, 2.5deg up seep, 31.8mm, 620mm<br \/>\nPu\u00f1os<br \/>\nSpecialized Trail Grips, lock-on<br \/>\nTija del sill\u00edn<br \/>\nSpecialized, 6061 alloy, 2-bolt clamp, 0mm setback, 30.9mm<br \/>\nPotencia<br \/>\nStout 3D-forged alloy, 31.8mm, 6-degree rise<\/li>\n<li>Accesorios<br \/>\nPedales<br \/>\nNylon platform w\/ reflectors<\/li>\n<li>Peso<br \/>\nPeso<br \/>\n9.58 kg (21 lb, 1.9 oz)<\/li>\n<li>Talla<br \/>\nOne Size<\/li>\n<\/ul>\n","protected":false},"excerpt":{"rendered":"<p>La libertad es la ausencia de miedo. Y montar sin miedo requiere una bicicleta que pueda con la imaginaci\u00f3n de tu hijo. <\/p>\n","protected":false},"featured_media":413052,"comment_status":"open","ping_status":"closed","template":"","meta":{"_acf_changed":false,"_et_pb_use_builder":"","_et_pb_old_content":"","_et_gb_content_width":"","inline_featured_image":false},"product_brand":[],"product_cat":[2449,2519,2472],"product_tag":[],"class_list":{"0":"post-428853","1":"product","2":"type-product","3":"status-publish","4":"has-post-thumbnail","6":"product_cat-bicycles","7":"product_cat-childrens-bicycles","8":"product_cat-specialized-bikes","9":"product_shipping_class-bicicletas-en","11":"first","12":"instock","13":"sale","14":"taxable","15":"shipping-taxable","16":"purchasable","17":"product-type-variable","18":"wvs-archive-product-wrapper"},"acf":[],"yoast_head":"<!-- This site is optimized with the Yoast SEO Premium plugin v26.7 (Yoast SEO v26.7) - https:\/\/yoast.com\/wordpress\/plugins\/seo\/ -->\n<title>Specialized Riprock 20\u00b4\u00b4 INT 2026 GR-100<\/title>\n<meta name=\"description\" content=\"La libertad es la ausencia de miedo. Y montar sin miedo requiere una bicicleta que pueda con la imaginaci\u00f3n de tu hijo.\" \/>\n<meta name=\"robots\" content=\"index, follow, max-snippet:-1, max-image-preview:large, max-video-preview:-1\" \/>\n<link rel=\"canonical\" href=\"https:\/\/gr-100.com\/en\/producto\/specialized-riprock-20-int-2026\/\" \/>\n<meta property=\"og:locale\" content=\"en_US\" \/>\n<meta property=\"og:type\" content=\"article\" \/>\n<meta property=\"og:title\" content=\"Specialized Riprock 20\u00b4\u00b4 INT 2026\" \/>\n<meta property=\"og:description\" content=\"La libertad es la ausencia de miedo. Y montar sin miedo requiere una bicicleta que pueda con la imaginaci\u00f3n de tu hijo.\" \/>\n<meta property=\"og:url\" content=\"https:\/\/gr-100.com\/en\/producto\/specialized-riprock-20-int-2026\/\" \/>\n<meta property=\"og:site_name\" content=\"Gr-100 Tienda de ciclismo Specialized\" \/>\n<meta property=\"article:publisher\" content=\"https:\/\/www.facebook.com\/Gr100Bikes\" \/>\n<meta property=\"og:image\" content=\"https:\/\/gr-100.com\/wp-content\/uploads\/2025\/08\/Diseno-sin-titulo-2025-08-11T113543.370.jpg\" \/>\n\t<meta property=\"og:image:width\" content=\"1000\" \/>\n\t<meta property=\"og:image:height\" content=\"1000\" \/>\n\t<meta property=\"og:image:type\" content=\"image\/jpeg\" \/>\n<meta name=\"twitter:card\" content=\"summary_large_image\" \/>\n<meta name=\"twitter:label1\" content=\"Est. reading time\" \/>\n\t<meta name=\"twitter:data1\" content=\"2 minutes\" \/>\n<script type=\"application\/ld+json\" class=\"yoast-schema-graph\">{\"@context\":\"https:\/\/schema.org\",\"@graph\":[{\"@type\":\"WebPage\",\"@id\":\"https:\/\/gr-100.com\/en\/producto\/specialized-riprock-20-int-2026\/\",\"url\":\"https:\/\/gr-100.com\/en\/producto\/specialized-riprock-20-int-2026\/\",\"name\":\"Specialized Riprock 20\u00b4\u00b4 INT 2026 GR-100\",\"isPartOf\":{\"@id\":\"https:\/\/gr-100.com\/#website\"},\"primaryImageOfPage\":{\"@id\":\"https:\/\/gr-100.com\/en\/producto\/specialized-riprock-20-int-2026\/#primaryimage\"},\"image\":{\"@id\":\"https:\/\/gr-100.com\/en\/producto\/specialized-riprock-20-int-2026\/#primaryimage\"},\"thumbnailUrl\":\"https:\/\/gr-100.com\/wp-content\/uploads\/2025\/08\/Diseno-sin-titulo-2025-08-11T113543.370.jpg\",\"datePublished\":\"2025-08-11T11:05:11+00:00\",\"description\":\"La libertad es la ausencia de miedo. Y montar sin miedo requiere una bicicleta que pueda con la imaginaci\u00f3n de tu hijo.\",\"breadcrumb\":{\"@id\":\"https:\/\/gr-100.com\/en\/producto\/specialized-riprock-20-int-2026\/#breadcrumb\"},\"inLanguage\":\"en-US\",\"potentialAction\":[{\"@type\":\"ReadAction\",\"target\":[\"https:\/\/gr-100.com\/en\/producto\/specialized-riprock-20-int-2026\/\"]}]},{\"@type\":\"ImageObject\",\"inLanguage\":\"en-US\",\"@id\":\"https:\/\/gr-100.com\/en\/producto\/specialized-riprock-20-int-2026\/#primaryimage\",\"url\":\"https:\/\/gr-100.com\/wp-content\/uploads\/2025\/08\/Diseno-sin-titulo-2025-08-11T113543.370.jpg\",\"contentUrl\":\"https:\/\/gr-100.com\/wp-content\/uploads\/2025\/08\/Diseno-sin-titulo-2025-08-11T113543.370.jpg\",\"width\":1000,\"height\":1000},{\"@type\":\"BreadcrumbList\",\"@id\":\"https:\/\/gr-100.com\/en\/producto\/specialized-riprock-20-int-2026\/#breadcrumb\",\"itemListElement\":[{\"@type\":\"ListItem\",\"position\":1,\"name\":\"Portada\",\"item\":\"https:\/\/gr-100.com\/pt-pt\/\"},{\"@type\":\"ListItem\",\"position\":2,\"name\":\"Productos\",\"item\":\"https:\/\/gr-100.com\/?post_type=product\"},{\"@type\":\"ListItem\",\"position\":3,\"name\":\"Specialized Riprock 20\u00b4\u00b4 INT 2026\"}]},{\"@type\":\"WebSite\",\"@id\":\"https:\/\/gr-100.com\/#website\",\"url\":\"https:\/\/gr-100.com\/\",\"name\":\"Gr-100 Tienda de ciclismo Specialized\",\"description\":\"GR-100 tenemos todas las gamas de bicicletas Specialized al mejor precio.\",\"publisher\":{\"@id\":\"https:\/\/gr-100.com\/#organization\"},\"alternateName\":\"Gr-100 Bikes\",\"potentialAction\":[{\"@type\":\"SearchAction\",\"target\":{\"@type\":\"EntryPoint\",\"urlTemplate\":\"https:\/\/gr-100.com\/?s={search_term_string}\"},\"query-input\":{\"@type\":\"PropertyValueSpecification\",\"valueRequired\":true,\"valueName\":\"search_term_string\"}}],\"inLanguage\":\"en-US\"},{\"@type\":\"Organization\",\"@id\":\"https:\/\/gr-100.com\/#organization\",\"name\":\"Gr-100\",\"url\":\"https:\/\/gr-100.com\/\",\"logo\":{\"@type\":\"ImageObject\",\"inLanguage\":\"en-US\",\"@id\":\"https:\/\/gr-100.com\/#\/schema\/logo\/image\/\",\"url\":\"https:\/\/gr-100.com\/wp-content\/uploads\/2023\/08\/logo-gr-100-bikes.png\",\"contentUrl\":\"https:\/\/gr-100.com\/wp-content\/uploads\/2023\/08\/logo-gr-100-bikes.png\",\"width\":707,\"height\":284,\"caption\":\"Gr-100\"},\"image\":{\"@id\":\"https:\/\/gr-100.com\/#\/schema\/logo\/image\/\"},\"sameAs\":[\"https:\/\/www.facebook.com\/Gr100Bikes\",\"https:\/\/www.instagram.com\/gr100bikes\/\",\"https:\/\/www.tiktok.com\/@gr100bikes\",\"https:\/\/twitter.com\/gr100mtbteam\",\"https:\/\/www.youtube.com\/c\/GR100Specialized\"]}]}<\/script>\n<!-- \/ Yoast SEO Premium plugin. -->","yoast_head_json":{"title":"Specialized Riprock 20\u00b4\u00b4 INT 2026 GR-100","description":"La libertad es la ausencia de miedo. Y montar sin miedo requiere una bicicleta que pueda con la imaginaci\u00f3n de tu hijo.","robots":{"index":"index","follow":"follow","max-snippet":"max-snippet:-1","max-image-preview":"max-image-preview:large","max-video-preview":"max-video-preview:-1"},"canonical":"https:\/\/gr-100.com\/en\/producto\/specialized-riprock-20-int-2026\/","og_locale":"en_US","og_type":"article","og_title":"Specialized Riprock 20\u00b4\u00b4 INT 2026","og_description":"La libertad es la ausencia de miedo. Y montar sin miedo requiere una bicicleta que pueda con la imaginaci\u00f3n de tu hijo.","og_url":"https:\/\/gr-100.com\/en\/producto\/specialized-riprock-20-int-2026\/","og_site_name":"Gr-100 Tienda de ciclismo Specialized","article_publisher":"https:\/\/www.facebook.com\/Gr100Bikes","og_image":[{"width":1000,"height":1000,"url":"https:\/\/gr-100.com\/wp-content\/uploads\/2025\/08\/Diseno-sin-titulo-2025-08-11T113543.370.jpg","type":"image\/jpeg"}],"twitter_card":"summary_large_image","twitter_misc":{"Est. reading time":"2 minutes"},"schema":{"@context":"https:\/\/schema.org","@graph":[{"@type":"WebPage","@id":"https:\/\/gr-100.com\/en\/producto\/specialized-riprock-20-int-2026\/","url":"https:\/\/gr-100.com\/en\/producto\/specialized-riprock-20-int-2026\/","name":"Specialized Riprock 20\u00b4\u00b4 INT 2026 GR-100","isPartOf":{"@id":"https:\/\/gr-100.com\/#website"},"primaryImageOfPage":{"@id":"https:\/\/gr-100.com\/en\/producto\/specialized-riprock-20-int-2026\/#primaryimage"},"image":{"@id":"https:\/\/gr-100.com\/en\/producto\/specialized-riprock-20-int-2026\/#primaryimage"},"thumbnailUrl":"https:\/\/gr-100.com\/wp-content\/uploads\/2025\/08\/Diseno-sin-titulo-2025-08-11T113543.370.jpg","datePublished":"2025-08-11T11:05:11+00:00","description":"La libertad es la ausencia de miedo. Y montar sin miedo requiere una bicicleta que pueda con la imaginaci\u00f3n de tu hijo.","breadcrumb":{"@id":"https:\/\/gr-100.com\/en\/producto\/specialized-riprock-20-int-2026\/#breadcrumb"},"inLanguage":"en-US","potentialAction":[{"@type":"ReadAction","target":["https:\/\/gr-100.com\/en\/producto\/specialized-riprock-20-int-2026\/"]}]},{"@type":"ImageObject","inLanguage":"en-US","@id":"https:\/\/gr-100.com\/en\/producto\/specialized-riprock-20-int-2026\/#primaryimage","url":"https:\/\/gr-100.com\/wp-content\/uploads\/2025\/08\/Diseno-sin-titulo-2025-08-11T113543.370.jpg","contentUrl":"https:\/\/gr-100.com\/wp-content\/uploads\/2025\/08\/Diseno-sin-titulo-2025-08-11T113543.370.jpg","width":1000,"height":1000},{"@type":"BreadcrumbList","@id":"https:\/\/gr-100.com\/en\/producto\/specialized-riprock-20-int-2026\/#breadcrumb","itemListElement":[{"@type":"ListItem","position":1,"name":"Portada","item":"https:\/\/gr-100.com\/pt-pt\/"},{"@type":"ListItem","position":2,"name":"Productos","item":"https:\/\/gr-100.com\/?post_type=product"},{"@type":"ListItem","position":3,"name":"Specialized Riprock 20\u00b4\u00b4 INT 2026"}]},{"@type":"WebSite","@id":"https:\/\/gr-100.com\/#website","url":"https:\/\/gr-100.com\/","name":"Gr-100 Tienda de ciclismo Specialized","description":"GR-100 tenemos todas las gamas de bicicletas Specialized al mejor precio.","publisher":{"@id":"https:\/\/gr-100.com\/#organization"},"alternateName":"Gr-100 Bikes","potentialAction":[{"@type":"SearchAction","target":{"@type":"EntryPoint","urlTemplate":"https:\/\/gr-100.com\/?s={search_term_string}"},"query-input":{"@type":"PropertyValueSpecification","valueRequired":true,"valueName":"search_term_string"}}],"inLanguage":"en-US"},{"@type":"Organization","@id":"https:\/\/gr-100.com\/#organization","name":"Gr-100","url":"https:\/\/gr-100.com\/","logo":{"@type":"ImageObject","inLanguage":"en-US","@id":"https:\/\/gr-100.com\/#\/schema\/logo\/image\/","url":"https:\/\/gr-100.com\/wp-content\/uploads\/2023\/08\/logo-gr-100-bikes.png","contentUrl":"https:\/\/gr-100.com\/wp-content\/uploads\/2023\/08\/logo-gr-100-bikes.png","width":707,"height":284,"caption":"Gr-100"},"image":{"@id":"https:\/\/gr-100.com\/#\/schema\/logo\/image\/"},"sameAs":["https:\/\/www.facebook.com\/Gr100Bikes","https:\/\/www.instagram.com\/gr100bikes\/","https:\/\/www.tiktok.com\/@gr100bikes","https:\/\/twitter.com\/gr100mtbteam","https:\/\/www.youtube.com\/c\/GR100Specialized"]}]}},"_links":{"self":[{"href":"https:\/\/gr-100.com\/en\/wp-json\/wp\/v2\/product\/428853","targetHints":{"allow":["GET"]}}],"collection":[{"href":"https:\/\/gr-100.com\/en\/wp-json\/wp\/v2\/product"}],"about":[{"href":"https:\/\/gr-100.com\/en\/wp-json\/wp\/v2\/types\/product"}],"replies":[{"embeddable":true,"href":"https:\/\/gr-100.com\/en\/wp-json\/wp\/v2\/comments?post=428853"}],"wp:featuredmedia":[{"embeddable":true,"href":"https:\/\/gr-100.com\/en\/wp-json\/wp\/v2\/media\/413052"}],"wp:attachment":[{"href":"https:\/\/gr-100.com\/en\/wp-json\/wp\/v2\/media?parent=428853"}],"wp:term":[{"taxonomy":"product_brand","embeddable":true,"href":"https:\/\/gr-100.com\/en\/wp-json\/wp\/v2\/product_brand?post=428853"},{"taxonomy":"product_cat","embeddable":true,"href":"https:\/\/gr-100.com\/en\/wp-json\/wp\/v2\/product_cat?post=428853"},{"taxonomy":"product_tag","embeddable":true,"href":"https:\/\/gr-100.com\/en\/wp-json\/wp\/v2\/product_tag?post=428853"}],"curies":[{"name":"wp","href":"https:\/\/api.w.org\/{rel}","templated":true}]}}