{"id":428878,"date":"2024-11-21T12:09:35","date_gmt":"2024-11-21T10:09:35","guid":{"rendered":"https:\/\/gr-100.com\/producto\/specialized-turbo-tero-4-0-step-through-eq-2023-2\/"},"modified":"2024-11-21T12:09:35","modified_gmt":"2024-11-21T10:09:35","slug":"specialized-turbo-tero-4-0-step-through-eq-2023-2","status":"publish","type":"product","link":"https:\/\/gr-100.com\/en\/producto\/specialized-turbo-tero-4-0-step-through-eq-2023-2\/","title":{"rendered":"Specialized Turbo Tero 4.0 Step-Through EQ 2023"},"content":{"rendered":"<ul>\n<li>Motor Turbo Full Power 2.0 y bater\u00eda de 710 Wh &#8211; Integrados en el cuadro de aluminio de la Tero 4.0, cuadruplican de forma efectiva tu propia potencia, proporcionando una gran cantidad de vatios para hacer el trabajo m\u00e1s f\u00e1cil en las subidas m\u00e1s empinadas y proporcionando suficiente m\u00fasculo extra para permitirte llevar equipamiento de aventura, alimentos, ni\u00f1os y sue\u00f1os sin romper a sudar. Eres t\u00fa, pero m\u00e1s r\u00e1pido. Pero lo que realmente diferencia a este motor del resto es la eficiencia y la fluidez con la que se combina con tus propios esfuerzos.  <\/li>\n<li>Mission Control y MasterMind- Mission Control te permite adaptar los niveles de potencia de la Tero a tus preferencias. Los tres niveles de potencia est\u00e1ndar pueden ajustarse casi infinitamente para adaptarse a tus necesidades de potencia y autonom\u00eda. La funci\u00f3n MicroTune de MasterMind puede ajustar los niveles de potencia en incrementos del 10%.  <\/li>\n<li>ADN de monta\u00f1a &#8211; Los componentes de la Tero est\u00e1n dise\u00f1ados para mejorar el control y la confianza. Los neum\u00e1ticos Ground Control de 29 x 2,3&#8243;, agresivos pero suaves, ofrecen gran tracci\u00f3n en cualquier situaci\u00f3n, los frenos de disco SRAM proporcionan una gran capacidad de frenado, los 110 mm de recorrido de la suspensi\u00f3n delantera suavizan los senderos y la tija telesc\u00f3pica est\u00e1 ah\u00ed para bajarla en situaciones t\u00e9cnicas cuando rodamos fuera de la carretera. <\/li>\n<li>Turbo System Lock &#8211; Usa la aplicaci\u00f3n Mission Control para desactivar el motor y activar la alarma de movimiento. Una vez bloqueado el motor, s\u00f3lo podr\u00e1 desbloquearlo el propietario. <\/li>\n<li>Equipada con guardabarros DRYTECH, LED frontal, luz trasera y un rack con capacidad de 27 kg. Preparada y homologada para asientos infantiles y para llevar remolque de eje trasero. <\/li>\n<li>Long-Range &#8211; With a ride-anywhere range, go up to 86 miles (140 km) or 6.5 hours on a single charge (eco mode).<\/li>\n<li>SPECS<br \/>\nE-bike<br \/>\nLOADER<br \/>\nCustom charger, 42V4A w\/ Rosenberger plug, 100-240V<br \/>\nWIRED<br \/>\nCustom wire harness<br \/>\nUI\/REMOTE<br \/>\nMasterMind TCD, w\/handlebar remote, built-in anti-theft feature, Bluetooth\u00ae connectivity, customizable display pages<br \/>\nENGINE<br \/>\nSpecialized 2.0, 70Nm torque, custom tuned motor, 250W nominal<br \/>\nBATTERY<br \/>\nSpecialized U2-710, alloy casing, state of charge display, 710Wh<br \/>\nCockpit<br \/>\nFISTS<br \/>\nSpecialized Body Geometry Contour, lock-on<br \/>\nSADDLE<br \/>\nRivo Sport, steel rails, 155mm<br \/>\nPOWER<br \/>\nSpecialized Stealth Stem, alloy, 14 deg, 31.8mm, integrated TCD mount<br \/>\nHANDLEBAR<br \/>\nSpecialized Trail, 6061 alloy, 8-degree backsweep, 6-degree upsweep, 27mm rise, 31.8mm clamp, S 720mm, M-XL 750mm<br \/>\nSEATPOST<br \/>\nTranzX Dropper, 30.9mm, S: 100mm, M-XL: 120mm<br \/>\nWheels &amp; tires<br \/>\nBUJE TRASERO<br \/>\nSpecialized alloy rear hub disc, sealed cardridge bearings, 6-bolt, 12x148mm thru-axle, 32h<br \/>\nRADIOS<br \/>\nDT Swiss Industry<br \/>\nNEUM\u00c1TICO DEL.<br \/>\nGround Control, 2Bliss Ready, 29&#215;2.35&#8243;<br \/>\nREAR TIRE<br \/>\nGround Control, 2Bliss Ready, 29&#215;2.35&#8243;<br \/>\nCAMERAS<br \/>\nPresta, 48mm valve<br \/>\nFRONT HUB<br \/>\nSpecialized alloy front hub disc, sealed cardridge bearings, 6-bolt, 15x110mm thru-axle, 32h<br \/>\nLLANTAS<br \/>\nStout XC 29, 25mm internal width, disc-specific<br \/>\nCuadro<br \/>\nABRAZ. SADDLE<br \/>\nAlloy, bolt-type, 34.9mm<br \/>\nPICTURE<br \/>\nE5 Aluminum, bottom bracket motor mount, fully integrated &amp;lockable downtube battery, internal cable routing, lock and front rack mount<br \/>\nSuspension<br \/>\nFORK<br \/>\nRockshox Recon Silver TK, 110mm travel, Motion-Control<br \/>\nBrakes<br \/>\nREAR BRAKE<br \/>\nSRAM Guide T, 4-piston caliper, hydraulic disc, 180mm<br \/>\nFRONT BRAKE<br \/>\nSRAM Guide T, 4-piston caliper, hydraulic disc, 200mm<br \/>\nDrivetrain<br \/>\nDISHES<br \/>\nPraxis, 40T, 104BCD<br \/>\nBOTTOM BRACKET<br \/>\nCustom alloy forged crankarms<br \/>\nCHAIN GUARD<br \/>\nCustom chaincover<br \/>\nCHAIN<br \/>\nKMC e11S, 11-speed w\/ Missing Link\u2122<br \/>\nSHIFT CONTROLS<br \/>\nSRAM NX, 11-speed<br \/>\nCHANGE<br \/>\nSRAM NX, 11-speed<br \/>\nCASSETTE<br \/>\nSRAM PG-1130, 11-speed, 11-42t<br \/>\nAccessories<br \/>\nFRONT LIGHT<br \/>\nLezyne EBIKE MINI STVZO E65, 210 Lumen, 12V<br \/>\nTIMBRE<br \/>\nSimple bell<br \/>\nTAILLIGHT<br \/>\nSpanninga Commuter Glow XE, 12V<br \/>\nPEDALS<br \/>\nSpecialized platform pedal<br \/>\nFENDER<br \/>\nSpecialized DRYTECH fenders, 65mm width, alloy fenderstays<br \/>\nSWAT<br \/>\nSpecialized Stealth Stem, Display Insert<br \/>\nKICKSTAND<br \/>\nSpecialized kickstand, 40mm mount<br \/>\nLUGGAGE RACK<br \/>\nSpecialized rack, MIK HD inteface, built-in pannier mounts, 27kg max load<br \/>\nLOCK<br \/>\nTurbo System Lock<br \/>\nWeight<br \/>\nDYNAMO<br \/>\n25.5kg (56 lbs)<\/li>\n<\/ul>\n","protected":false},"excerpt":{"rendered":"<p>La Turbo Tero, con una autonom\u00eda que te permite llegar a cualquier lugar, esta bicicleta el\u00e9ctrica con suspensi\u00f3n preparada para la aventura es nuestro veh\u00edculo para ir a cualquier parte, en cualquier terreno y con todo lo que necesites. Adem\u00e1s, con espacio suficiente para guardar. <\/p>\n","protected":false},"featured_media":396910,"comment_status":"open","ping_status":"closed","template":"","meta":{"_acf_changed":false,"_et_pb_use_builder":"","_et_pb_old_content":"","_et_gb_content_width":"","inline_featured_image":false},"product_brand":[],"product_cat":[4347,5279,347,5275,5336,5277,5274,5278,5276,2472,2689,359],"product_tag":[],"class_list":{"0":"post-428878","1":"product","2":"type-product","3":"status-publish","4":"has-post-thumbnail","6":"product_cat-black-friday-2-en","7":"product_cat-bicicletas-urbanas-en","8":"product_cat-electric","9":"product_cat-bicicletas-electricas-aluminio-en","10":"product_cat-bicicletas-electricas-montana-en","11":"product_cat-bicicletas-electricas-paseo-en","12":"product_cat-bicicletas-electricas-specialized-en","13":"product_cat-bicicletas-electricas-trekking-en","14":"product_cat-bicicletas-electricas-urbanas-en","15":"product_cat-specialized-bikes","16":"product_cat-specialized-offers","17":"product_cat-outlet-en","18":"product_shipping_class-bicicletas-en","20":"first","21":"instock","22":"sale","23":"taxable","24":"shipping-taxable","25":"purchasable","26":"product-type-variable","27":"wvs-archive-product-wrapper"},"acf":[],"yoast_head":"<!-- This site is optimized with the Yoast SEO Premium plugin v26.7 (Yoast SEO v26.7) - https:\/\/yoast.com\/wordpress\/plugins\/seo\/ -->\n<title>Specialized Turbo Tero 4.0 Step-Through EQ 2023 GR-100<\/title>\n<meta name=\"description\" content=\"La Turbo Tero, con una autonom\u00eda que te permite llegar a cualquier lugar, esta bicicleta el\u00e9ctrica con suspensi\u00f3n preparada para la aventura\" \/>\n<meta name=\"robots\" content=\"index, follow, max-snippet:-1, max-image-preview:large, max-video-preview:-1\" \/>\n<link rel=\"canonical\" href=\"https:\/\/gr-100.com\/en\/producto\/specialized-turbo-tero-4-0-step-through-eq-2023-2\/\" \/>\n<meta property=\"og:locale\" content=\"en_US\" \/>\n<meta property=\"og:type\" content=\"article\" \/>\n<meta property=\"og:title\" content=\"Specialized Turbo Tero 4.0 Step-Through EQ 2023\" \/>\n<meta property=\"og:description\" content=\"La Turbo Tero, con una autonom\u00eda que te permite llegar a cualquier lugar, esta bicicleta el\u00e9ctrica con suspensi\u00f3n preparada para la aventura\" \/>\n<meta property=\"og:url\" content=\"https:\/\/gr-100.com\/en\/producto\/specialized-turbo-tero-4-0-step-through-eq-2023-2\/\" \/>\n<meta property=\"og:site_name\" content=\"Gr-100 Tienda de ciclismo Specialized\" \/>\n<meta property=\"article:publisher\" content=\"https:\/\/www.facebook.com\/Gr100Bikes\" \/>\n<meta property=\"og:image\" content=\"https:\/\/gr-100.com\/wp-content\/uploads\/2024\/11\/Sin-titulo-87.jpeg\" \/>\n\t<meta property=\"og:image:width\" content=\"1000\" \/>\n\t<meta property=\"og:image:height\" content=\"1000\" \/>\n\t<meta property=\"og:image:type\" content=\"image\/jpeg\" \/>\n<meta name=\"twitter:card\" content=\"summary_large_image\" \/>\n<meta name=\"twitter:label1\" content=\"Est. reading time\" \/>\n\t<meta name=\"twitter:data1\" content=\"3 minutes\" \/>\n<script type=\"application\/ld+json\" class=\"yoast-schema-graph\">{\"@context\":\"https:\/\/schema.org\",\"@graph\":[{\"@type\":\"WebPage\",\"@id\":\"https:\/\/gr-100.com\/en\/producto\/specialized-turbo-tero-4-0-step-through-eq-2023-2\/\",\"url\":\"https:\/\/gr-100.com\/en\/producto\/specialized-turbo-tero-4-0-step-through-eq-2023-2\/\",\"name\":\"Specialized Turbo Tero 4.0 Step-Through EQ 2023 GR-100\",\"isPartOf\":{\"@id\":\"https:\/\/gr-100.com\/#website\"},\"primaryImageOfPage\":{\"@id\":\"https:\/\/gr-100.com\/en\/producto\/specialized-turbo-tero-4-0-step-through-eq-2023-2\/#primaryimage\"},\"image\":{\"@id\":\"https:\/\/gr-100.com\/en\/producto\/specialized-turbo-tero-4-0-step-through-eq-2023-2\/#primaryimage\"},\"thumbnailUrl\":\"https:\/\/gr-100.com\/wp-content\/uploads\/2024\/11\/Sin-titulo-87.jpeg\",\"datePublished\":\"2024-11-21T10:09:35+00:00\",\"description\":\"La Turbo Tero, con una autonom\u00eda que te permite llegar a cualquier lugar, esta bicicleta el\u00e9ctrica con suspensi\u00f3n preparada para la aventura\",\"breadcrumb\":{\"@id\":\"https:\/\/gr-100.com\/en\/producto\/specialized-turbo-tero-4-0-step-through-eq-2023-2\/#breadcrumb\"},\"inLanguage\":\"en-US\",\"potentialAction\":[{\"@type\":\"ReadAction\",\"target\":[\"https:\/\/gr-100.com\/en\/producto\/specialized-turbo-tero-4-0-step-through-eq-2023-2\/\"]}]},{\"@type\":\"ImageObject\",\"inLanguage\":\"en-US\",\"@id\":\"https:\/\/gr-100.com\/en\/producto\/specialized-turbo-tero-4-0-step-through-eq-2023-2\/#primaryimage\",\"url\":\"https:\/\/gr-100.com\/wp-content\/uploads\/2024\/11\/Sin-titulo-87.jpeg\",\"contentUrl\":\"https:\/\/gr-100.com\/wp-content\/uploads\/2024\/11\/Sin-titulo-87.jpeg\",\"width\":1000,\"height\":1000},{\"@type\":\"BreadcrumbList\",\"@id\":\"https:\/\/gr-100.com\/en\/producto\/specialized-turbo-tero-4-0-step-through-eq-2023-2\/#breadcrumb\",\"itemListElement\":[{\"@type\":\"ListItem\",\"position\":1,\"name\":\"Portada\",\"item\":\"https:\/\/gr-100.com\/pt-pt\/\"},{\"@type\":\"ListItem\",\"position\":2,\"name\":\"Productos\",\"item\":\"https:\/\/gr-100.com\/?post_type=product\"},{\"@type\":\"ListItem\",\"position\":3,\"name\":\"Specialized Turbo Tero 4.0 Step-Through EQ 2023\"}]},{\"@type\":\"WebSite\",\"@id\":\"https:\/\/gr-100.com\/#website\",\"url\":\"https:\/\/gr-100.com\/\",\"name\":\"Gr-100 Tienda de ciclismo Specialized\",\"description\":\"GR-100 tenemos todas las gamas de bicicletas Specialized al mejor precio.\",\"publisher\":{\"@id\":\"https:\/\/gr-100.com\/#organization\"},\"alternateName\":\"Gr-100 Bikes\",\"potentialAction\":[{\"@type\":\"SearchAction\",\"target\":{\"@type\":\"EntryPoint\",\"urlTemplate\":\"https:\/\/gr-100.com\/?s={search_term_string}\"},\"query-input\":{\"@type\":\"PropertyValueSpecification\",\"valueRequired\":true,\"valueName\":\"search_term_string\"}}],\"inLanguage\":\"en-US\"},{\"@type\":\"Organization\",\"@id\":\"https:\/\/gr-100.com\/#organization\",\"name\":\"Gr-100\",\"url\":\"https:\/\/gr-100.com\/\",\"logo\":{\"@type\":\"ImageObject\",\"inLanguage\":\"en-US\",\"@id\":\"https:\/\/gr-100.com\/#\/schema\/logo\/image\/\",\"url\":\"https:\/\/gr-100.com\/wp-content\/uploads\/2023\/08\/logo-gr-100-bikes.png\",\"contentUrl\":\"https:\/\/gr-100.com\/wp-content\/uploads\/2023\/08\/logo-gr-100-bikes.png\",\"width\":707,\"height\":284,\"caption\":\"Gr-100\"},\"image\":{\"@id\":\"https:\/\/gr-100.com\/#\/schema\/logo\/image\/\"},\"sameAs\":[\"https:\/\/www.facebook.com\/Gr100Bikes\",\"https:\/\/www.instagram.com\/gr100bikes\/\",\"https:\/\/www.tiktok.com\/@gr100bikes\",\"https:\/\/twitter.com\/gr100mtbteam\",\"https:\/\/www.youtube.com\/c\/GR100Specialized\"]}]}<\/script>\n<!-- \/ Yoast SEO Premium plugin. -->","yoast_head_json":{"title":"Specialized Turbo Tero 4.0 Step-Through EQ 2023 GR-100","description":"La Turbo Tero, con una autonom\u00eda que te permite llegar a cualquier lugar, esta bicicleta el\u00e9ctrica con suspensi\u00f3n preparada para la aventura","robots":{"index":"index","follow":"follow","max-snippet":"max-snippet:-1","max-image-preview":"max-image-preview:large","max-video-preview":"max-video-preview:-1"},"canonical":"https:\/\/gr-100.com\/en\/producto\/specialized-turbo-tero-4-0-step-through-eq-2023-2\/","og_locale":"en_US","og_type":"article","og_title":"Specialized Turbo Tero 4.0 Step-Through EQ 2023","og_description":"La Turbo Tero, con una autonom\u00eda que te permite llegar a cualquier lugar, esta bicicleta el\u00e9ctrica con suspensi\u00f3n preparada para la aventura","og_url":"https:\/\/gr-100.com\/en\/producto\/specialized-turbo-tero-4-0-step-through-eq-2023-2\/","og_site_name":"Gr-100 Tienda de ciclismo Specialized","article_publisher":"https:\/\/www.facebook.com\/Gr100Bikes","og_image":[{"width":1000,"height":1000,"url":"https:\/\/gr-100.com\/wp-content\/uploads\/2024\/11\/Sin-titulo-87.jpeg","type":"image\/jpeg"}],"twitter_card":"summary_large_image","twitter_misc":{"Est. reading time":"3 minutes"},"schema":{"@context":"https:\/\/schema.org","@graph":[{"@type":"WebPage","@id":"https:\/\/gr-100.com\/en\/producto\/specialized-turbo-tero-4-0-step-through-eq-2023-2\/","url":"https:\/\/gr-100.com\/en\/producto\/specialized-turbo-tero-4-0-step-through-eq-2023-2\/","name":"Specialized Turbo Tero 4.0 Step-Through EQ 2023 GR-100","isPartOf":{"@id":"https:\/\/gr-100.com\/#website"},"primaryImageOfPage":{"@id":"https:\/\/gr-100.com\/en\/producto\/specialized-turbo-tero-4-0-step-through-eq-2023-2\/#primaryimage"},"image":{"@id":"https:\/\/gr-100.com\/en\/producto\/specialized-turbo-tero-4-0-step-through-eq-2023-2\/#primaryimage"},"thumbnailUrl":"https:\/\/gr-100.com\/wp-content\/uploads\/2024\/11\/Sin-titulo-87.jpeg","datePublished":"2024-11-21T10:09:35+00:00","description":"La Turbo Tero, con una autonom\u00eda que te permite llegar a cualquier lugar, esta bicicleta el\u00e9ctrica con suspensi\u00f3n preparada para la aventura","breadcrumb":{"@id":"https:\/\/gr-100.com\/en\/producto\/specialized-turbo-tero-4-0-step-through-eq-2023-2\/#breadcrumb"},"inLanguage":"en-US","potentialAction":[{"@type":"ReadAction","target":["https:\/\/gr-100.com\/en\/producto\/specialized-turbo-tero-4-0-step-through-eq-2023-2\/"]}]},{"@type":"ImageObject","inLanguage":"en-US","@id":"https:\/\/gr-100.com\/en\/producto\/specialized-turbo-tero-4-0-step-through-eq-2023-2\/#primaryimage","url":"https:\/\/gr-100.com\/wp-content\/uploads\/2024\/11\/Sin-titulo-87.jpeg","contentUrl":"https:\/\/gr-100.com\/wp-content\/uploads\/2024\/11\/Sin-titulo-87.jpeg","width":1000,"height":1000},{"@type":"BreadcrumbList","@id":"https:\/\/gr-100.com\/en\/producto\/specialized-turbo-tero-4-0-step-through-eq-2023-2\/#breadcrumb","itemListElement":[{"@type":"ListItem","position":1,"name":"Portada","item":"https:\/\/gr-100.com\/pt-pt\/"},{"@type":"ListItem","position":2,"name":"Productos","item":"https:\/\/gr-100.com\/?post_type=product"},{"@type":"ListItem","position":3,"name":"Specialized Turbo Tero 4.0 Step-Through EQ 2023"}]},{"@type":"WebSite","@id":"https:\/\/gr-100.com\/#website","url":"https:\/\/gr-100.com\/","name":"Gr-100 Tienda de ciclismo Specialized","description":"GR-100 tenemos todas las gamas de bicicletas Specialized al mejor precio.","publisher":{"@id":"https:\/\/gr-100.com\/#organization"},"alternateName":"Gr-100 Bikes","potentialAction":[{"@type":"SearchAction","target":{"@type":"EntryPoint","urlTemplate":"https:\/\/gr-100.com\/?s={search_term_string}"},"query-input":{"@type":"PropertyValueSpecification","valueRequired":true,"valueName":"search_term_string"}}],"inLanguage":"en-US"},{"@type":"Organization","@id":"https:\/\/gr-100.com\/#organization","name":"Gr-100","url":"https:\/\/gr-100.com\/","logo":{"@type":"ImageObject","inLanguage":"en-US","@id":"https:\/\/gr-100.com\/#\/schema\/logo\/image\/","url":"https:\/\/gr-100.com\/wp-content\/uploads\/2023\/08\/logo-gr-100-bikes.png","contentUrl":"https:\/\/gr-100.com\/wp-content\/uploads\/2023\/08\/logo-gr-100-bikes.png","width":707,"height":284,"caption":"Gr-100"},"image":{"@id":"https:\/\/gr-100.com\/#\/schema\/logo\/image\/"},"sameAs":["https:\/\/www.facebook.com\/Gr100Bikes","https:\/\/www.instagram.com\/gr100bikes\/","https:\/\/www.tiktok.com\/@gr100bikes","https:\/\/twitter.com\/gr100mtbteam","https:\/\/www.youtube.com\/c\/GR100Specialized"]}]}},"_links":{"self":[{"href":"https:\/\/gr-100.com\/en\/wp-json\/wp\/v2\/product\/428878","targetHints":{"allow":["GET"]}}],"collection":[{"href":"https:\/\/gr-100.com\/en\/wp-json\/wp\/v2\/product"}],"about":[{"href":"https:\/\/gr-100.com\/en\/wp-json\/wp\/v2\/types\/product"}],"replies":[{"embeddable":true,"href":"https:\/\/gr-100.com\/en\/wp-json\/wp\/v2\/comments?post=428878"}],"wp:featuredmedia":[{"embeddable":true,"href":"https:\/\/gr-100.com\/en\/wp-json\/wp\/v2\/media\/396910"}],"wp:attachment":[{"href":"https:\/\/gr-100.com\/en\/wp-json\/wp\/v2\/media?parent=428878"}],"wp:term":[{"taxonomy":"product_brand","embeddable":true,"href":"https:\/\/gr-100.com\/en\/wp-json\/wp\/v2\/product_brand?post=428878"},{"taxonomy":"product_cat","embeddable":true,"href":"https:\/\/gr-100.com\/en\/wp-json\/wp\/v2\/product_cat?post=428878"},{"taxonomy":"product_tag","embeddable":true,"href":"https:\/\/gr-100.com\/en\/wp-json\/wp\/v2\/product_tag?post=428878"}],"curies":[{"name":"wp","href":"https:\/\/api.w.org\/{rel}","templated":true}]}}