{"id":428904,"date":"2024-11-20T12:45:20","date_gmt":"2024-11-20T10:45:20","guid":{"rendered":"https:\/\/gr-100.com\/producto\/specialized-tero-4-0-nb-kh-2025\/"},"modified":"2024-11-20T12:45:20","modified_gmt":"2024-11-20T10:45:20","slug":"specialized-tero-4-0-nb-kh-2025","status":"publish","type":"product","link":"https:\/\/gr-100.com\/en\/producto\/specialized-tero-4-0-nb-kh-2025\/","title":{"rendered":"Specialized Tero 4.0 NB KH 2025"},"content":{"rendered":"<ul>\n<li>Motor Turbo Full Power 2.0 y bater\u00eda de 710 Wh: integrados en el marco de aluminio del Tero 4.0, cuadriplican efectivamente tu propia potencia, generando una gran potencia para hacer un trabajo r\u00e1pido en las subidas m\u00e1s empinadas y brindando suficiente potencia adicional para permitirte llevar una monta\u00f1a de equipo de aventura, comestibles, ni\u00f1os y sue\u00f1os despiertos sin sudar. Eres t\u00fa, solo que m\u00e1s r\u00e1pido. Pero lo que realmente distingue a este motor del resto es la eficiencia y la fluidez con la que se combina con tus propios esfuerzos.  <\/li>\n<li>Aplicaci\u00f3n Specialized y MasterMind: la aplicaci\u00f3n Specialized te permite personalizar los niveles de potencia de salida de la Tero seg\u00fan tus preferencias: los tres modos de potencia est\u00e1ndar se pueden ajustar casi infinitamente para satisfacer tus necesidades de potencia y autonom\u00eda. La funci\u00f3n MicroTune de MasterMind puede ajustar los niveles de potencia de salida en incrementos del 10 % para que puedas ajustar el rango a tus necesidades. <\/li>\n<li>ADN de bicicleta de monta\u00f1a: los componentes de la Tero est\u00e1n dise\u00f1ados para mejorar el control y la confianza. Las ruedas de 29\u201d agresivas pero de rodadura suave con neum\u00e1ticos Ground Control de 2,3\u201d ofrecen una amplia tracci\u00f3n en todas las situaciones, los frenos de disco SRAM brindan una gran capacidad de frenado, 110 mm de recorrido de la suspensi\u00f3n delantera suavizan el camino y una tija de sill\u00edn telesc\u00f3pica est\u00e1 ah\u00ed para cuando necesites realmente bajar el ritmo en situaciones t\u00e9cnicas todoterreno. <\/li>\n<li>Bloqueo del sistema Turbo: usa la aplicaci\u00f3n Specialized para desactivar el motor de tu bicicleta y activar la alarma del sensor de movimiento. Una vez bloqueado, el motor no se puede volver a activar excepto por el propietario. <\/li>\n<li>Soportes para guardabarros, portabultos y pata de cabra. Clasificado para tirar de un remolque de eje pasante. Compatible con asiento para ni\u00f1os.  <\/li>\n<li>Largo alcance: con una autonom\u00eda que permite viajar a cualquier lugar, recorra hasta 86 millas (140 km) o 6,5 horas con una sola carga (modo ecol\u00f3gico).<\/li>\n<li>SPECS<br \/>\nE-bike<br \/>\nLOADER<br \/>\nCargador personalizado, 42V4A con enchufe Rosenberger, 100-240V<br \/>\nWIRED<br \/>\nArn\u00e9s de cables personalizado<br \/>\nUI\/REMOTE<br \/>\nMasterMind TCD, con control remoto en el manillar, funci\u00f3n antirrobo incorporada, conectividad Bluetooth\u00ae, p\u00e1ginas de visualizaci\u00f3n personalizables<br \/>\nBATTERY<br \/>\nBater\u00eda integrada Specialized de 710 Wh<br \/>\nENGINE<br \/>\nSpecialized 2.0, torque de 70 Nm, motor personalizado, 250 W nominales<br \/>\nCockpit<br \/>\nSADDLE<br \/>\nBridge Sport, steel rails, 155 mm<br \/>\nPOWER<br \/>\nV\u00e1stago Specialized Stealth, aleaci\u00f3n, 14 grados, 31,8 mm, montaje TCD integrado<br \/>\nFISTS<br \/>\nPu\u00f1os Specialized Trail<br \/>\nHANDLEBAR<br \/>\nSpecialized Trail, aleaci\u00f3n 6061, retroceso de 8 grados, ascenso de 6 grados, elevaci\u00f3n de 27 mm, abrazadera de 31,8 mm, S 720mm, M-XL 750mm<br \/>\nTIJA DE SILLIN<br \/>\nTranzX Dropper, 30.9mm, S: 100mm, M-XL: 120mm<br \/>\nWheels and tires<br \/>\nBUJE DELANTERO<br \/>\nAleaci\u00f3n, rodamientos de cartucho sellados, eje pasante de 15x110mm, 28 radios<br \/>\nRADIOS<br \/>\nDT Swiss Industry<br \/>\nNEUM\u00c1TICO DEL.<br \/>\nGround Control, 2Bliss Ready, 29&#215;2.35&#8243;<br \/>\nREAR TIRE<br \/>\nGround Control, 2Bliss Ready, 29&#215;2.35&#8243;<br \/>\nREAR HUB<br \/>\nMaza trasera Specialized Alloy Disc, rodamientos sellados Cardridge, 6 pernos, eje pasante 12X148 mm, 32H, Hd Steel Fhb<br \/>\nCAMERAS<br \/>\nStandard 40 mm SV 29&#215;1.75-2.4<br \/>\nLLANTAS<br \/>\nStout XC 29, ancho interno de 25 mm, espec\u00edfico para disco<br \/>\nCuadro<br \/>\nABRAZ. SADDLE<br \/>\nAleaci\u00f3n, tipo perno, 34,9 mm<br \/>\nPICTURE<br \/>\nAluminio E5, montaje de motor en pedalier, bater\u00eda en tubo inferior totalmente integrada y bloqueable, enrutamiento interno de cables, bloqueo y montaje en portabultos delantero<br \/>\nSuspension<br \/>\nFORK<br \/>\nSR Suntour XCR34-Boost, 110 mm de recorrido<br \/>\nBRAKES<br \/>\nFRONT BRAKE<br \/>\nTektro HD-T280, disco hidr\u00e1ulico, 180 mm<br \/>\nREAR BRAKE<br \/>\nTektro HD-T280, disco hidr\u00e1ulico, 180 mm<br \/>\nTransmission<br \/>\nDISHES<br \/>\n40T<br \/>\nBOTTOM BRACKET<br \/>\nBielas forjadas de aleaci\u00f3n personalizadas, Isis, 170 mm, Cl 50,73 mm, BCD 104 mm<br \/>\nCHAIN<br \/>\nShimano LG500<br \/>\nCASSETTE<br \/>\nShimano Cues 9 velocidades, 11-41<br \/>\nCHANGE<br \/>\nShimano Cues 9 velocidades, dise\u00f1o Shadow<br \/>\nSHIFT CONTROLS<br \/>\nShimano Cues 9 velocidades con indicador de marcha<br \/>\nAccessories<br \/>\nTIMBRE<br \/>\nTimbre simple<br \/>\nPEDALS<br \/>\nSpecialized Body Geometry Fitness, Plataforma, Pl\u00e1stico<br \/>\nLOCK<br \/>\nTurbo System Lock<\/li>\n<\/ul>\n","protected":false},"excerpt":{"rendered":"<p>La Turbo Tero con una autonom\u00eda que te permite ir a cualquier parte, esta bicicleta el\u00e9ctrica con suspensi\u00f3n lista para la aventura es nuestro veh\u00edculo para ir a cualquier parte. Adem\u00e1s, con suficiente espacio de almacenamiento. <\/p>\n","protected":false},"featured_media":405197,"comment_status":"open","ping_status":"closed","template":"","meta":{"_acf_changed":false,"_et_pb_use_builder":"","_et_pb_old_content":"","_et_gb_content_width":"","inline_featured_image":false},"product_brand":[],"product_cat":[4347,5279,347,5275,5277,5274,5278,5276,2472,2689],"product_tag":[],"class_list":{"0":"post-428904","1":"product","2":"type-product","3":"status-publish","4":"has-post-thumbnail","6":"product_cat-black-friday-2-en","7":"product_cat-bicicletas-urbanas-en","8":"product_cat-electric","9":"product_cat-bicicletas-electricas-aluminio-en","10":"product_cat-bicicletas-electricas-paseo-en","11":"product_cat-bicicletas-electricas-specialized-en","12":"product_cat-bicicletas-electricas-trekking-en","13":"product_cat-bicicletas-electricas-urbanas-en","14":"product_cat-specialized-bikes","15":"product_cat-specialized-offers","16":"product_shipping_class-bicicletas-en","18":"first","19":"outofstock","20":"taxable","21":"shipping-taxable","22":"product-type-variable","23":"wvs-archive-product-wrapper"},"acf":[],"yoast_head":"<!-- This site is optimized with the Yoast SEO Premium plugin v26.7 (Yoast SEO v26.7) - https:\/\/yoast.com\/wordpress\/plugins\/seo\/ -->\n<title>Specialized Tero 4.0 NB KH 2025 GR-100<\/title>\n<meta name=\"description\" content=\"La Turbo Tero con una autonom\u00eda que te permite ir a cualquier parte, esta bicicleta el\u00e9ctrica con suspensi\u00f3n lista para la aventura\" \/>\n<meta name=\"robots\" content=\"index, follow, max-snippet:-1, max-image-preview:large, max-video-preview:-1\" \/>\n<link rel=\"canonical\" href=\"https:\/\/gr-100.com\/en\/producto\/specialized-tero-4-0-nb-kh-2025\/\" \/>\n<meta property=\"og:locale\" content=\"en_US\" \/>\n<meta property=\"og:type\" content=\"article\" \/>\n<meta property=\"og:title\" content=\"Specialized Tero 4.0 NB KH 2025\" \/>\n<meta property=\"og:description\" content=\"La Turbo Tero con una autonom\u00eda que te permite ir a cualquier parte, esta bicicleta el\u00e9ctrica con suspensi\u00f3n lista para la aventura\" \/>\n<meta property=\"og:url\" content=\"https:\/\/gr-100.com\/en\/producto\/specialized-tero-4-0-nb-kh-2025\/\" \/>\n<meta property=\"og:site_name\" content=\"Gr-100 Tienda de ciclismo Specialized\" \/>\n<meta property=\"article:publisher\" content=\"https:\/\/www.facebook.com\/Gr100Bikes\" \/>\n<meta property=\"og:image\" content=\"https:\/\/gr-100.com\/wp-content\/uploads\/2024\/11\/tero-4.0-nb-kh-oak-green-1.jpg\" \/>\n\t<meta property=\"og:image:width\" content=\"1000\" \/>\n\t<meta property=\"og:image:height\" content=\"1000\" \/>\n\t<meta property=\"og:image:type\" content=\"image\/jpeg\" \/>\n<meta name=\"twitter:card\" content=\"summary_large_image\" \/>\n<meta name=\"twitter:label1\" content=\"Est. reading time\" \/>\n\t<meta name=\"twitter:data1\" content=\"3 minutes\" \/>\n<script type=\"application\/ld+json\" class=\"yoast-schema-graph\">{\"@context\":\"https:\/\/schema.org\",\"@graph\":[{\"@type\":\"WebPage\",\"@id\":\"https:\/\/gr-100.com\/en\/producto\/specialized-tero-4-0-nb-kh-2025\/\",\"url\":\"https:\/\/gr-100.com\/en\/producto\/specialized-tero-4-0-nb-kh-2025\/\",\"name\":\"Specialized Tero 4.0 NB KH 2025 GR-100\",\"isPartOf\":{\"@id\":\"https:\/\/gr-100.com\/#website\"},\"primaryImageOfPage\":{\"@id\":\"https:\/\/gr-100.com\/en\/producto\/specialized-tero-4-0-nb-kh-2025\/#primaryimage\"},\"image\":{\"@id\":\"https:\/\/gr-100.com\/en\/producto\/specialized-tero-4-0-nb-kh-2025\/#primaryimage\"},\"thumbnailUrl\":\"https:\/\/gr-100.com\/wp-content\/uploads\/2024\/11\/tero-4.0-nb-kh-oak-green-1.jpg\",\"datePublished\":\"2024-11-20T10:45:20+00:00\",\"description\":\"La Turbo Tero con una autonom\u00eda que te permite ir a cualquier parte, esta bicicleta el\u00e9ctrica con suspensi\u00f3n lista para la aventura\",\"breadcrumb\":{\"@id\":\"https:\/\/gr-100.com\/en\/producto\/specialized-tero-4-0-nb-kh-2025\/#breadcrumb\"},\"inLanguage\":\"en-US\",\"potentialAction\":[{\"@type\":\"ReadAction\",\"target\":[\"https:\/\/gr-100.com\/en\/producto\/specialized-tero-4-0-nb-kh-2025\/\"]}]},{\"@type\":\"ImageObject\",\"inLanguage\":\"en-US\",\"@id\":\"https:\/\/gr-100.com\/en\/producto\/specialized-tero-4-0-nb-kh-2025\/#primaryimage\",\"url\":\"https:\/\/gr-100.com\/wp-content\/uploads\/2024\/11\/tero-4.0-nb-kh-oak-green-1.jpg\",\"contentUrl\":\"https:\/\/gr-100.com\/wp-content\/uploads\/2024\/11\/tero-4.0-nb-kh-oak-green-1.jpg\",\"width\":1000,\"height\":1000},{\"@type\":\"BreadcrumbList\",\"@id\":\"https:\/\/gr-100.com\/en\/producto\/specialized-tero-4-0-nb-kh-2025\/#breadcrumb\",\"itemListElement\":[{\"@type\":\"ListItem\",\"position\":1,\"name\":\"Portada\",\"item\":\"https:\/\/gr-100.com\/pt-pt\/\"},{\"@type\":\"ListItem\",\"position\":2,\"name\":\"Productos\",\"item\":\"https:\/\/gr-100.com\/?post_type=product\"},{\"@type\":\"ListItem\",\"position\":3,\"name\":\"Specialized Tero 4.0 NB KH 2025\"}]},{\"@type\":\"WebSite\",\"@id\":\"https:\/\/gr-100.com\/#website\",\"url\":\"https:\/\/gr-100.com\/\",\"name\":\"Gr-100 Tienda de ciclismo Specialized\",\"description\":\"GR-100 tenemos todas las gamas de bicicletas Specialized al mejor precio.\",\"publisher\":{\"@id\":\"https:\/\/gr-100.com\/#organization\"},\"alternateName\":\"Gr-100 Bikes\",\"potentialAction\":[{\"@type\":\"SearchAction\",\"target\":{\"@type\":\"EntryPoint\",\"urlTemplate\":\"https:\/\/gr-100.com\/?s={search_term_string}\"},\"query-input\":{\"@type\":\"PropertyValueSpecification\",\"valueRequired\":true,\"valueName\":\"search_term_string\"}}],\"inLanguage\":\"en-US\"},{\"@type\":\"Organization\",\"@id\":\"https:\/\/gr-100.com\/#organization\",\"name\":\"Gr-100\",\"url\":\"https:\/\/gr-100.com\/\",\"logo\":{\"@type\":\"ImageObject\",\"inLanguage\":\"en-US\",\"@id\":\"https:\/\/gr-100.com\/#\/schema\/logo\/image\/\",\"url\":\"https:\/\/gr-100.com\/wp-content\/uploads\/2023\/08\/logo-gr-100-bikes.png\",\"contentUrl\":\"https:\/\/gr-100.com\/wp-content\/uploads\/2023\/08\/logo-gr-100-bikes.png\",\"width\":707,\"height\":284,\"caption\":\"Gr-100\"},\"image\":{\"@id\":\"https:\/\/gr-100.com\/#\/schema\/logo\/image\/\"},\"sameAs\":[\"https:\/\/www.facebook.com\/Gr100Bikes\",\"https:\/\/www.instagram.com\/gr100bikes\/\",\"https:\/\/www.tiktok.com\/@gr100bikes\",\"https:\/\/twitter.com\/gr100mtbteam\",\"https:\/\/www.youtube.com\/c\/GR100Specialized\"]}]}<\/script>\n<!-- \/ Yoast SEO Premium plugin. -->","yoast_head_json":{"title":"Specialized Tero 4.0 NB KH 2025 GR-100","description":"La Turbo Tero con una autonom\u00eda que te permite ir a cualquier parte, esta bicicleta el\u00e9ctrica con suspensi\u00f3n lista para la aventura","robots":{"index":"index","follow":"follow","max-snippet":"max-snippet:-1","max-image-preview":"max-image-preview:large","max-video-preview":"max-video-preview:-1"},"canonical":"https:\/\/gr-100.com\/en\/producto\/specialized-tero-4-0-nb-kh-2025\/","og_locale":"en_US","og_type":"article","og_title":"Specialized Tero 4.0 NB KH 2025","og_description":"La Turbo Tero con una autonom\u00eda que te permite ir a cualquier parte, esta bicicleta el\u00e9ctrica con suspensi\u00f3n lista para la aventura","og_url":"https:\/\/gr-100.com\/en\/producto\/specialized-tero-4-0-nb-kh-2025\/","og_site_name":"Gr-100 Tienda de ciclismo Specialized","article_publisher":"https:\/\/www.facebook.com\/Gr100Bikes","og_image":[{"width":1000,"height":1000,"url":"https:\/\/gr-100.com\/wp-content\/uploads\/2024\/11\/tero-4.0-nb-kh-oak-green-1.jpg","type":"image\/jpeg"}],"twitter_card":"summary_large_image","twitter_misc":{"Est. reading time":"3 minutes"},"schema":{"@context":"https:\/\/schema.org","@graph":[{"@type":"WebPage","@id":"https:\/\/gr-100.com\/en\/producto\/specialized-tero-4-0-nb-kh-2025\/","url":"https:\/\/gr-100.com\/en\/producto\/specialized-tero-4-0-nb-kh-2025\/","name":"Specialized Tero 4.0 NB KH 2025 GR-100","isPartOf":{"@id":"https:\/\/gr-100.com\/#website"},"primaryImageOfPage":{"@id":"https:\/\/gr-100.com\/en\/producto\/specialized-tero-4-0-nb-kh-2025\/#primaryimage"},"image":{"@id":"https:\/\/gr-100.com\/en\/producto\/specialized-tero-4-0-nb-kh-2025\/#primaryimage"},"thumbnailUrl":"https:\/\/gr-100.com\/wp-content\/uploads\/2024\/11\/tero-4.0-nb-kh-oak-green-1.jpg","datePublished":"2024-11-20T10:45:20+00:00","description":"La Turbo Tero con una autonom\u00eda que te permite ir a cualquier parte, esta bicicleta el\u00e9ctrica con suspensi\u00f3n lista para la aventura","breadcrumb":{"@id":"https:\/\/gr-100.com\/en\/producto\/specialized-tero-4-0-nb-kh-2025\/#breadcrumb"},"inLanguage":"en-US","potentialAction":[{"@type":"ReadAction","target":["https:\/\/gr-100.com\/en\/producto\/specialized-tero-4-0-nb-kh-2025\/"]}]},{"@type":"ImageObject","inLanguage":"en-US","@id":"https:\/\/gr-100.com\/en\/producto\/specialized-tero-4-0-nb-kh-2025\/#primaryimage","url":"https:\/\/gr-100.com\/wp-content\/uploads\/2024\/11\/tero-4.0-nb-kh-oak-green-1.jpg","contentUrl":"https:\/\/gr-100.com\/wp-content\/uploads\/2024\/11\/tero-4.0-nb-kh-oak-green-1.jpg","width":1000,"height":1000},{"@type":"BreadcrumbList","@id":"https:\/\/gr-100.com\/en\/producto\/specialized-tero-4-0-nb-kh-2025\/#breadcrumb","itemListElement":[{"@type":"ListItem","position":1,"name":"Portada","item":"https:\/\/gr-100.com\/pt-pt\/"},{"@type":"ListItem","position":2,"name":"Productos","item":"https:\/\/gr-100.com\/?post_type=product"},{"@type":"ListItem","position":3,"name":"Specialized Tero 4.0 NB KH 2025"}]},{"@type":"WebSite","@id":"https:\/\/gr-100.com\/#website","url":"https:\/\/gr-100.com\/","name":"Gr-100 Tienda de ciclismo Specialized","description":"GR-100 tenemos todas las gamas de bicicletas Specialized al mejor precio.","publisher":{"@id":"https:\/\/gr-100.com\/#organization"},"alternateName":"Gr-100 Bikes","potentialAction":[{"@type":"SearchAction","target":{"@type":"EntryPoint","urlTemplate":"https:\/\/gr-100.com\/?s={search_term_string}"},"query-input":{"@type":"PropertyValueSpecification","valueRequired":true,"valueName":"search_term_string"}}],"inLanguage":"en-US"},{"@type":"Organization","@id":"https:\/\/gr-100.com\/#organization","name":"Gr-100","url":"https:\/\/gr-100.com\/","logo":{"@type":"ImageObject","inLanguage":"en-US","@id":"https:\/\/gr-100.com\/#\/schema\/logo\/image\/","url":"https:\/\/gr-100.com\/wp-content\/uploads\/2023\/08\/logo-gr-100-bikes.png","contentUrl":"https:\/\/gr-100.com\/wp-content\/uploads\/2023\/08\/logo-gr-100-bikes.png","width":707,"height":284,"caption":"Gr-100"},"image":{"@id":"https:\/\/gr-100.com\/#\/schema\/logo\/image\/"},"sameAs":["https:\/\/www.facebook.com\/Gr100Bikes","https:\/\/www.instagram.com\/gr100bikes\/","https:\/\/www.tiktok.com\/@gr100bikes","https:\/\/twitter.com\/gr100mtbteam","https:\/\/www.youtube.com\/c\/GR100Specialized"]}]}},"_links":{"self":[{"href":"https:\/\/gr-100.com\/en\/wp-json\/wp\/v2\/product\/428904","targetHints":{"allow":["GET"]}}],"collection":[{"href":"https:\/\/gr-100.com\/en\/wp-json\/wp\/v2\/product"}],"about":[{"href":"https:\/\/gr-100.com\/en\/wp-json\/wp\/v2\/types\/product"}],"replies":[{"embeddable":true,"href":"https:\/\/gr-100.com\/en\/wp-json\/wp\/v2\/comments?post=428904"}],"wp:featuredmedia":[{"embeddable":true,"href":"https:\/\/gr-100.com\/en\/wp-json\/wp\/v2\/media\/405197"}],"wp:attachment":[{"href":"https:\/\/gr-100.com\/en\/wp-json\/wp\/v2\/media?parent=428904"}],"wp:term":[{"taxonomy":"product_brand","embeddable":true,"href":"https:\/\/gr-100.com\/en\/wp-json\/wp\/v2\/product_brand?post=428904"},{"taxonomy":"product_cat","embeddable":true,"href":"https:\/\/gr-100.com\/en\/wp-json\/wp\/v2\/product_cat?post=428904"},{"taxonomy":"product_tag","embeddable":true,"href":"https:\/\/gr-100.com\/en\/wp-json\/wp\/v2\/product_tag?post=428904"}],"curies":[{"name":"wp","href":"https:\/\/api.w.org\/{rel}","templated":true}]}}