{"id":428958,"date":"2024-11-14T12:40:15","date_gmt":"2024-11-14T11:40:15","guid":{"rendered":"https:\/\/gr-100.com\/producto\/specialized-turbo-como-3-0-igh-2023\/"},"modified":"2024-11-14T12:40:15","modified_gmt":"2024-11-14T10:40:15","slug":"specialized-turbo-como-3-0-igh-2023","status":"publish","type":"product","link":"https:\/\/gr-100.com\/en\/producto\/specialized-turbo-como-3-0-igh-2023\/","title":{"rendered":"Specialized Turbo Como 3.0 IGH 2023"},"content":{"rendered":"<ul class=\"bullet_points\">\n<li class=\"bullet_item\">El motor Turbo Full Power 2.0E y la bater\u00eda de 530 Wh ofrecen una experiencia de conducci\u00f3n incomparable, proporcionando una amplificaci\u00f3n de tu esfuerzo suave, fluida y sorprendentemente silenciosa, hasta 25 km\/h. El controlador integrado responde a la pedalada, lo que resulta en una amplificaci\u00f3n intuitiva de tu esfuerzo con una sensaci\u00f3n incre\u00edblemente natural. <\/li>\n<li class=\"bullet_item\">MasterMind and Mission Control: The MasterMind display gives you all the relevant information about your ride, allows real-time adjustment of assistance levels, and enables over-the-air updates to make your bike improve over time. MasterMind integrates seamlessly with the Mission Control app for range optimization tools, advanced tuning, route diagnostics, and more. <\/li>\n<li class=\"bullet_item\">El cambio de velocidades en el buje City Internal Gear Hub (IGH) est\u00e1 dise\u00f1ado espec\u00edficamente y un controlador a juego. La tecnolog\u00eda de cambio continua manual es tan simple como ajustar el volumen de una radio. Esto permite a los ciclistas centrarse en los aspectos importantes de la conducci\u00f3n de la bicicleta, como el tr\u00e1fico o el paisaje.  <\/li>\n<li class=\"bullet_item\">Proven Gentle Efficacy: We designed a custom test mechanism to analyze bumps even at the smallest frequency to increase comfort and vision. That precision, combined with a suspension seatpost, higher-volume tires, and an 80mm suspension fork, will smooth the roads before your eyes. <\/li>\n<li class=\"bullet_item\"><g id=\"gid_0\">Turbo System Lock:<\/g> Use the Mission Control app to disable your bike&#8217;s motor and activate the motion sensor alarm. Once locked, the engine cannot be reactivated except by the owner. <\/li>\n<li class=\"bullet_item\">Battery integrated into the down tube removable and lockable: easy to charge and safe.<\/li>\n<li class=\"bullet_item\"><g id=\"gid_0\">Equipped with DRYTECH mudguards<\/g>, front and rear <g id=\"gid_1\">LED lights<\/g> and <g id=\"gid_2\">HD Rack rear rack with 27 kg capacity<\/g>. The rear rack is compatible with children&#8217;s bicycle seats, and the bike is also capable of pulling a thru-axle trailer. <\/li>\n<li>SPECS<\/li>\n<li class=\"bullet_item\">\n<div class=\"spec-section\">\n<div class=\"product-specification\">\n<p>E-bike<\/p>\n<dl>\n \tCustom charger, 42V4A w\/ Rosenberger plug, 100-240V\n<\/dl>\n<dl>\n \tCABLING Custom wire harness\n<\/dl>\n<dl>\n<dt>UI\/REMOTE<\/dt>\n<dd>MasterMind TCD, w\/handlebar remote, built-in anti-theft feature, Bluetooth\u00ae connectivity, customizable display pages<\/dd>\n<\/dl>\n<dl>\n<dt>MOTOR<\/dt>\n<dd>Specialized 2.0E, 50Nm torque, custom tuned motor, 250W nominal<\/dd>\n<\/dl>\n<dl>\n<dt>BATER\u00cdA<\/dt>\n<dd>Specialized U2-530, alloy casing, state of charge display, 530Wh<\/dd>\n<\/dl>\n<\/div>\n<div class=\"product-specification\">\n<p>Drivetrain<\/p>\n<dl>\n \tCustom alloy forged crankarms BOTTOM bracket\n<\/dl>\n<dl>\n \tCASSETTE Gates Carbon Drive CDX 22t sprocket, silver\n<\/dl>\n<dl>\n \tGates Carbon Drive CDC 50T chainring, black PLATES\n<\/dl>\n<dl>\n<dt>CADENA<\/dt>\n<dd>Gates Carbon Drive CDC 122t belt, black<\/dd>\n<\/dl>\n<dl>\n \tCHAIN GUARD Integrated Chaincover\n<\/dl>\n<dl>\n<dt>CAMBIO<\/dt>\n<dd>enviolo CVP Multi-Turn<\/dd>\n<\/dl>\n<dl>\n \tSHIFT KNOBS enviolo Twist Display Pure\n<\/dl>\n<\/div>\n<div class=\"product-specification\">\n<p>Wheels &amp; tires<\/p>\n<dl>\n \tRIMS 650b disc, double-wall alloy, pinned, 32h\n<\/dl>\n<dl>\n \tRADIOS DT Swiss Industry\n<\/dl>\n<dl>\n<dt>TYRE.<\/dt>\n<dd>Pathfinder Sport Reflect, 650Bx2.3<\/dd>\n<\/dl>\n<dl>\n \tPathfinder Sport Reflect REAR TIRE, 650Bx2.3\n<\/dl>\n<dl>\n<dt>BUJE DELANTERO<\/dt>\n<dd>Shimano MT400, Centerlock, 15x100mm, 32h<\/dd>\n<\/dl>\n<dl>\n \tCAMERAS Standard 40mm SV 650Bx1.75-2.4\n<\/dl>\n<dl>\n<dt>BUJE TRASERO<\/dt>\n<dd>enviolo CITY, 310% range, 6-bolt, 10x135mm, 32h<\/dd>\n<\/dl>\n<\/div>\n<div class=\"product-specification\">\n<p>Frameset<\/p>\n<dl>\n \tE5 FRAME Aluminum, bottom bracket motor mount, fully integrated &amp;lockable downtube battery, internal cable routing, lock and front rack mount, sliding dropout\n<\/dl>\n<dl>\n<dt>HUGS. SADDLE <\/dt>\n<dd>Specialized bolt-type, alloy, 42.9mm<\/dd>\n<\/dl>\n<\/div>\n<div class=\"product-specification\">\n<p>Suspension<\/p>\n<dl>\n<dt>HORQUILLA<\/dt>\n<dd>SR Suntour MobieA32, 80mm travel, lockout, fender-mounts, integrated light mount<\/dd>\n<\/dl>\n<\/div>\n<div class=\"product-specification\">\n<p>Brakes<\/p>\n<dl>\n<dt>FRENO TRASERO<\/dt>\n<dd>Shimano BR-MT200, hydraulic disc, 160mm<\/dd>\n<\/dl>\n<dl>\n<dt>FRENO DELANTERO<\/dt>\n<dd>Shimano BR-MT200, hydraulic disc, 180mm<\/dd>\n<\/dl>\n<\/div>\n<div class=\"product-specification\">\n<p>Cockpit<\/p>\n<dl>\n \tBody Geometry Comfort Gel SADDLE, 200mm w\/ SWAT\u2122 Mount\n<\/dl>\n<dl>\n<dt>TIJA DE SILL\u00cdN<\/dt>\n<dd>Specialized 2-bolt head, forged alloy, 5mm offset, micro-adjust, 34.9mm<\/dd>\n<\/dl>\n<dl>\n<dt>PU\u00d1OS<\/dt>\n<dd>Specialized Body Geometry Contour, lock-on<\/dd>\n<\/dl>\n<dl>\n<dt>MANILLAR<\/dt>\n<dd>Specialized Como handlebar\/stem combo<\/dd>\n<\/dl>\n<dl>\n<dt>POTENCIA<\/dt>\n<dd>Specialized integrated stem<\/dd>\n<\/dl>\n<\/div>\n<div class=\"product-specification\">\n<p>Accessories<\/p>\n<dl>\n \tGUARDABARROS Specialized DRYTECH fenders, 65mm width, aluminum fenderstay\n<\/dl>\n<dl>\n \tSWAT Handlebar rear view mirror, aluminum\n<\/dl>\n<dl>\n \tLezyne EBIKE MINI STVZO E65 FRONT LIGHT, 210 Lumen, 12V\n<\/dl>\n<dl>\n \tSimple bell bell\n<\/dl>\n<dl>\n \tSpanninga Commuter Glow XE REAR LIGHT, 12V\n<\/dl>\n<dl>\n \tPEDALES Specialized Commuter w\/ grip tape &amp; reflectors\n<\/dl>\n<dl>\n \tPATA DE CABRA Specialized kickstand, 40mm mount\n<\/dl>\n<dl>\n \tPORTABULTOS Specialized rack, MIK HD interface, built-in pannier mounts, 27kg max load\n<\/dl>\n<dl>\n \tTurbo System Lock PADLOCK\n<\/dl>\n<\/div>\n<\/div>\n<\/li>\n<\/ul>\n","protected":false},"excerpt":{"rendered":"<p>La Como es una bicicleta el\u00e9ctrica relajada y c\u00f3moda, y adem\u00e1s es segura. La Como te deja fluir ofreciendote una experiencia de plena potencia, inspirando confianza y una sensaci\u00f3n absolutamente deliciosa de una bicicleta que es f\u00e1cil de manejar. <\/p>\n<p>Con la barra baja de la Como cualquiera puede subir y montar f\u00e1cilmente. Una posici\u00f3n m\u00e1s erguida reduce la presi\u00f3n en las manos y la parte superior del cuerpo del ciclista, lo que permite conducir c\u00f3modamente por las calles. <\/p>\n","protected":false},"featured_media":396092,"comment_status":"open","ping_status":"closed","template":"","meta":{"_acf_changed":false,"_et_pb_use_builder":"","_et_pb_old_content":"","_et_gb_content_width":"","inline_featured_image":false},"product_brand":[],"product_cat":[4347,5279,347,5275,5277,5274,5278,5276,359],"product_tag":[],"class_list":{"0":"post-428958","1":"product","2":"type-product","3":"status-publish","4":"has-post-thumbnail","6":"product_cat-black-friday-2-en","7":"product_cat-bicicletas-urbanas-en","8":"product_cat-electric","9":"product_cat-bicicletas-electricas-aluminio-en","10":"product_cat-bicicletas-electricas-paseo-en","11":"product_cat-bicicletas-electricas-specialized-en","12":"product_cat-bicicletas-electricas-trekking-en","13":"product_cat-bicicletas-electricas-urbanas-en","14":"product_cat-outlet-en","15":"product_shipping_class-bicicletas-en","17":"first","18":"instock","19":"sale","20":"taxable","21":"shipping-taxable","22":"purchasable","23":"product-type-variable","24":"wvs-archive-product-wrapper"},"acf":[],"yoast_head":"<!-- This site is optimized with the Yoast SEO Premium plugin v26.7 (Yoast SEO v26.7) - https:\/\/yoast.com\/wordpress\/plugins\/seo\/ -->\n<title>Specialized Turbo Como 3.0 IGH 2023 GR-100<\/title>\n<meta name=\"description\" content=\"La Como es una bicicleta el\u00e9ctrica relajada y c\u00f3moda, y adem\u00e1s es segura. La Como te deja fluir ofreciendote una experiencia de plena potencia, inspirando confianza y una sensaci\u00f3n absolutamente deliciosa de una bicicleta que es f\u00e1cil de manejar.Con la barra baja de la Como cualquiera puede subir y montar f\u00e1cilmente. Una posici\u00f3n m\u00e1s erguida reduce la presi\u00f3n en las manos y la parte superior del cuerpo del ciclista, lo que permite conducir c\u00f3modamente por las calles.\" \/>\n<meta name=\"robots\" content=\"index, follow, max-snippet:-1, max-image-preview:large, max-video-preview:-1\" \/>\n<link rel=\"canonical\" href=\"https:\/\/gr-100.com\/en\/producto\/specialized-turbo-como-3-0-igh-2023\/\" \/>\n<meta property=\"og:locale\" content=\"en_US\" \/>\n<meta property=\"og:type\" content=\"article\" \/>\n<meta property=\"og:title\" content=\"Specialized Turbo Como 3.0 IGH 2023\" \/>\n<meta property=\"og:description\" content=\"La Como es una bicicleta el\u00e9ctrica relajada y c\u00f3moda, y adem\u00e1s es segura. La Como te deja fluir ofreciendote una experiencia de plena potencia, inspirando confianza y una sensaci\u00f3n absolutamente deliciosa de una bicicleta que es f\u00e1cil de manejar.Con la barra baja de la Como cualquiera puede subir y montar f\u00e1cilmente. Una posici\u00f3n m\u00e1s erguida reduce la presi\u00f3n en las manos y la parte superior del cuerpo del ciclista, lo que permite conducir c\u00f3modamente por las calles.\" \/>\n<meta property=\"og:url\" content=\"https:\/\/gr-100.com\/en\/producto\/specialized-turbo-como-3-0-igh-2023\/\" \/>\n<meta property=\"og:site_name\" content=\"Gr-100 Tienda de ciclismo Specialized\" \/>\n<meta property=\"article:publisher\" content=\"https:\/\/www.facebook.com\/Gr100Bikes\" \/>\n<meta property=\"og:image\" content=\"https:\/\/gr-100.com\/wp-content\/uploads\/2024\/11\/My-project-1-28.jpeg\" \/>\n\t<meta property=\"og:image:width\" content=\"1000\" \/>\n\t<meta property=\"og:image:height\" content=\"1000\" \/>\n\t<meta property=\"og:image:type\" content=\"image\/jpeg\" \/>\n<meta name=\"twitter:card\" content=\"summary_large_image\" \/>\n<meta name=\"twitter:label1\" content=\"Est. reading time\" \/>\n\t<meta name=\"twitter:data1\" content=\"3 minutes\" \/>\n<script type=\"application\/ld+json\" class=\"yoast-schema-graph\">{\"@context\":\"https:\/\/schema.org\",\"@graph\":[{\"@type\":\"WebPage\",\"@id\":\"https:\/\/gr-100.com\/en\/producto\/specialized-turbo-como-3-0-igh-2023\/\",\"url\":\"https:\/\/gr-100.com\/en\/producto\/specialized-turbo-como-3-0-igh-2023\/\",\"name\":\"Specialized Turbo Como 3.0 IGH 2023 GR-100\",\"isPartOf\":{\"@id\":\"https:\/\/gr-100.com\/#website\"},\"primaryImageOfPage\":{\"@id\":\"https:\/\/gr-100.com\/en\/producto\/specialized-turbo-como-3-0-igh-2023\/#primaryimage\"},\"image\":{\"@id\":\"https:\/\/gr-100.com\/en\/producto\/specialized-turbo-como-3-0-igh-2023\/#primaryimage\"},\"thumbnailUrl\":\"https:\/\/gr-100.com\/wp-content\/uploads\/2024\/11\/My-project-1-28.jpeg\",\"datePublished\":\"2024-11-14T11:40:15+00:00\",\"description\":\"La Como es una bicicleta el\u00e9ctrica relajada y c\u00f3moda, y adem\u00e1s es segura. La Como te deja fluir ofreciendote una experiencia de plena potencia, inspirando confianza y una sensaci\u00f3n absolutamente deliciosa de una bicicleta que es f\u00e1cil de manejar.Con la barra baja de la Como cualquiera puede subir y montar f\u00e1cilmente. Una posici\u00f3n m\u00e1s erguida reduce la presi\u00f3n en las manos y la parte superior del cuerpo del ciclista, lo que permite conducir c\u00f3modamente por las calles.\",\"breadcrumb\":{\"@id\":\"https:\/\/gr-100.com\/en\/producto\/specialized-turbo-como-3-0-igh-2023\/#breadcrumb\"},\"inLanguage\":\"en-US\",\"potentialAction\":[{\"@type\":\"ReadAction\",\"target\":[\"https:\/\/gr-100.com\/en\/producto\/specialized-turbo-como-3-0-igh-2023\/\"]}]},{\"@type\":\"ImageObject\",\"inLanguage\":\"en-US\",\"@id\":\"https:\/\/gr-100.com\/en\/producto\/specialized-turbo-como-3-0-igh-2023\/#primaryimage\",\"url\":\"https:\/\/gr-100.com\/wp-content\/uploads\/2024\/11\/My-project-1-28.jpeg\",\"contentUrl\":\"https:\/\/gr-100.com\/wp-content\/uploads\/2024\/11\/My-project-1-28.jpeg\",\"width\":1000,\"height\":1000},{\"@type\":\"BreadcrumbList\",\"@id\":\"https:\/\/gr-100.com\/en\/producto\/specialized-turbo-como-3-0-igh-2023\/#breadcrumb\",\"itemListElement\":[{\"@type\":\"ListItem\",\"position\":1,\"name\":\"Portada\",\"item\":\"https:\/\/gr-100.com\/pt-pt\/\"},{\"@type\":\"ListItem\",\"position\":2,\"name\":\"Productos\",\"item\":\"https:\/\/gr-100.com\/?post_type=product\"},{\"@type\":\"ListItem\",\"position\":3,\"name\":\"Specialized Turbo Como 3.0 IGH 2023\"}]},{\"@type\":\"WebSite\",\"@id\":\"https:\/\/gr-100.com\/#website\",\"url\":\"https:\/\/gr-100.com\/\",\"name\":\"Gr-100 Tienda de ciclismo Specialized\",\"description\":\"GR-100 tenemos todas las gamas de bicicletas Specialized al mejor precio.\",\"publisher\":{\"@id\":\"https:\/\/gr-100.com\/#organization\"},\"alternateName\":\"Gr-100 Bikes\",\"potentialAction\":[{\"@type\":\"SearchAction\",\"target\":{\"@type\":\"EntryPoint\",\"urlTemplate\":\"https:\/\/gr-100.com\/?s={search_term_string}\"},\"query-input\":{\"@type\":\"PropertyValueSpecification\",\"valueRequired\":true,\"valueName\":\"search_term_string\"}}],\"inLanguage\":\"en-US\"},{\"@type\":\"Organization\",\"@id\":\"https:\/\/gr-100.com\/#organization\",\"name\":\"Gr-100\",\"url\":\"https:\/\/gr-100.com\/\",\"logo\":{\"@type\":\"ImageObject\",\"inLanguage\":\"en-US\",\"@id\":\"https:\/\/gr-100.com\/#\/schema\/logo\/image\/\",\"url\":\"https:\/\/gr-100.com\/wp-content\/uploads\/2023\/08\/logo-gr-100-bikes.png\",\"contentUrl\":\"https:\/\/gr-100.com\/wp-content\/uploads\/2023\/08\/logo-gr-100-bikes.png\",\"width\":707,\"height\":284,\"caption\":\"Gr-100\"},\"image\":{\"@id\":\"https:\/\/gr-100.com\/#\/schema\/logo\/image\/\"},\"sameAs\":[\"https:\/\/www.facebook.com\/Gr100Bikes\",\"https:\/\/www.instagram.com\/gr100bikes\/\",\"https:\/\/www.tiktok.com\/@gr100bikes\",\"https:\/\/twitter.com\/gr100mtbteam\",\"https:\/\/www.youtube.com\/c\/GR100Specialized\"]}]}<\/script>\n<!-- \/ Yoast SEO Premium plugin. -->","yoast_head_json":{"title":"Specialized Turbo Como 3.0 IGH 2023 GR-100","description":"La Como es una bicicleta el\u00e9ctrica relajada y c\u00f3moda, y adem\u00e1s es segura. La Como te deja fluir ofreciendote una experiencia de plena potencia, inspirando confianza y una sensaci\u00f3n absolutamente deliciosa de una bicicleta que es f\u00e1cil de manejar.Con la barra baja de la Como cualquiera puede subir y montar f\u00e1cilmente. Una posici\u00f3n m\u00e1s erguida reduce la presi\u00f3n en las manos y la parte superior del cuerpo del ciclista, lo que permite conducir c\u00f3modamente por las calles.","robots":{"index":"index","follow":"follow","max-snippet":"max-snippet:-1","max-image-preview":"max-image-preview:large","max-video-preview":"max-video-preview:-1"},"canonical":"https:\/\/gr-100.com\/en\/producto\/specialized-turbo-como-3-0-igh-2023\/","og_locale":"en_US","og_type":"article","og_title":"Specialized Turbo Como 3.0 IGH 2023","og_description":"La Como es una bicicleta el\u00e9ctrica relajada y c\u00f3moda, y adem\u00e1s es segura. La Como te deja fluir ofreciendote una experiencia de plena potencia, inspirando confianza y una sensaci\u00f3n absolutamente deliciosa de una bicicleta que es f\u00e1cil de manejar.Con la barra baja de la Como cualquiera puede subir y montar f\u00e1cilmente. Una posici\u00f3n m\u00e1s erguida reduce la presi\u00f3n en las manos y la parte superior del cuerpo del ciclista, lo que permite conducir c\u00f3modamente por las calles.","og_url":"https:\/\/gr-100.com\/en\/producto\/specialized-turbo-como-3-0-igh-2023\/","og_site_name":"Gr-100 Tienda de ciclismo Specialized","article_publisher":"https:\/\/www.facebook.com\/Gr100Bikes","og_image":[{"width":1000,"height":1000,"url":"https:\/\/gr-100.com\/wp-content\/uploads\/2024\/11\/My-project-1-28.jpeg","type":"image\/jpeg"}],"twitter_card":"summary_large_image","twitter_misc":{"Est. reading time":"3 minutes"},"schema":{"@context":"https:\/\/schema.org","@graph":[{"@type":"WebPage","@id":"https:\/\/gr-100.com\/en\/producto\/specialized-turbo-como-3-0-igh-2023\/","url":"https:\/\/gr-100.com\/en\/producto\/specialized-turbo-como-3-0-igh-2023\/","name":"Specialized Turbo Como 3.0 IGH 2023 GR-100","isPartOf":{"@id":"https:\/\/gr-100.com\/#website"},"primaryImageOfPage":{"@id":"https:\/\/gr-100.com\/en\/producto\/specialized-turbo-como-3-0-igh-2023\/#primaryimage"},"image":{"@id":"https:\/\/gr-100.com\/en\/producto\/specialized-turbo-como-3-0-igh-2023\/#primaryimage"},"thumbnailUrl":"https:\/\/gr-100.com\/wp-content\/uploads\/2024\/11\/My-project-1-28.jpeg","datePublished":"2024-11-14T11:40:15+00:00","description":"La Como es una bicicleta el\u00e9ctrica relajada y c\u00f3moda, y adem\u00e1s es segura. La Como te deja fluir ofreciendote una experiencia de plena potencia, inspirando confianza y una sensaci\u00f3n absolutamente deliciosa de una bicicleta que es f\u00e1cil de manejar.Con la barra baja de la Como cualquiera puede subir y montar f\u00e1cilmente. Una posici\u00f3n m\u00e1s erguida reduce la presi\u00f3n en las manos y la parte superior del cuerpo del ciclista, lo que permite conducir c\u00f3modamente por las calles.","breadcrumb":{"@id":"https:\/\/gr-100.com\/en\/producto\/specialized-turbo-como-3-0-igh-2023\/#breadcrumb"},"inLanguage":"en-US","potentialAction":[{"@type":"ReadAction","target":["https:\/\/gr-100.com\/en\/producto\/specialized-turbo-como-3-0-igh-2023\/"]}]},{"@type":"ImageObject","inLanguage":"en-US","@id":"https:\/\/gr-100.com\/en\/producto\/specialized-turbo-como-3-0-igh-2023\/#primaryimage","url":"https:\/\/gr-100.com\/wp-content\/uploads\/2024\/11\/My-project-1-28.jpeg","contentUrl":"https:\/\/gr-100.com\/wp-content\/uploads\/2024\/11\/My-project-1-28.jpeg","width":1000,"height":1000},{"@type":"BreadcrumbList","@id":"https:\/\/gr-100.com\/en\/producto\/specialized-turbo-como-3-0-igh-2023\/#breadcrumb","itemListElement":[{"@type":"ListItem","position":1,"name":"Portada","item":"https:\/\/gr-100.com\/pt-pt\/"},{"@type":"ListItem","position":2,"name":"Productos","item":"https:\/\/gr-100.com\/?post_type=product"},{"@type":"ListItem","position":3,"name":"Specialized Turbo Como 3.0 IGH 2023"}]},{"@type":"WebSite","@id":"https:\/\/gr-100.com\/#website","url":"https:\/\/gr-100.com\/","name":"Gr-100 Tienda de ciclismo Specialized","description":"GR-100 tenemos todas las gamas de bicicletas Specialized al mejor precio.","publisher":{"@id":"https:\/\/gr-100.com\/#organization"},"alternateName":"Gr-100 Bikes","potentialAction":[{"@type":"SearchAction","target":{"@type":"EntryPoint","urlTemplate":"https:\/\/gr-100.com\/?s={search_term_string}"},"query-input":{"@type":"PropertyValueSpecification","valueRequired":true,"valueName":"search_term_string"}}],"inLanguage":"en-US"},{"@type":"Organization","@id":"https:\/\/gr-100.com\/#organization","name":"Gr-100","url":"https:\/\/gr-100.com\/","logo":{"@type":"ImageObject","inLanguage":"en-US","@id":"https:\/\/gr-100.com\/#\/schema\/logo\/image\/","url":"https:\/\/gr-100.com\/wp-content\/uploads\/2023\/08\/logo-gr-100-bikes.png","contentUrl":"https:\/\/gr-100.com\/wp-content\/uploads\/2023\/08\/logo-gr-100-bikes.png","width":707,"height":284,"caption":"Gr-100"},"image":{"@id":"https:\/\/gr-100.com\/#\/schema\/logo\/image\/"},"sameAs":["https:\/\/www.facebook.com\/Gr100Bikes","https:\/\/www.instagram.com\/gr100bikes\/","https:\/\/www.tiktok.com\/@gr100bikes","https:\/\/twitter.com\/gr100mtbteam","https:\/\/www.youtube.com\/c\/GR100Specialized"]}]}},"_links":{"self":[{"href":"https:\/\/gr-100.com\/en\/wp-json\/wp\/v2\/product\/428958","targetHints":{"allow":["GET"]}}],"collection":[{"href":"https:\/\/gr-100.com\/en\/wp-json\/wp\/v2\/product"}],"about":[{"href":"https:\/\/gr-100.com\/en\/wp-json\/wp\/v2\/types\/product"}],"replies":[{"embeddable":true,"href":"https:\/\/gr-100.com\/en\/wp-json\/wp\/v2\/comments?post=428958"}],"wp:featuredmedia":[{"embeddable":true,"href":"https:\/\/gr-100.com\/en\/wp-json\/wp\/v2\/media\/396092"}],"wp:attachment":[{"href":"https:\/\/gr-100.com\/en\/wp-json\/wp\/v2\/media?parent=428958"}],"wp:term":[{"taxonomy":"product_brand","embeddable":true,"href":"https:\/\/gr-100.com\/en\/wp-json\/wp\/v2\/product_brand?post=428958"},{"taxonomy":"product_cat","embeddable":true,"href":"https:\/\/gr-100.com\/en\/wp-json\/wp\/v2\/product_cat?post=428958"},{"taxonomy":"product_tag","embeddable":true,"href":"https:\/\/gr-100.com\/en\/wp-json\/wp\/v2\/product_tag?post=428958"}],"curies":[{"name":"wp","href":"https:\/\/api.w.org\/{rel}","templated":true}]}}