{"id":429137,"date":"2024-10-16T11:59:30","date_gmt":"2024-10-16T10:59:30","guid":{"rendered":"https:\/\/gr-100.com\/producto\/specialized-vado-5-0-nb-2025\/"},"modified":"2024-10-16T11:59:30","modified_gmt":"2024-10-16T09:59:30","slug":"specialized-vado-5-0-nb-2025","status":"publish","type":"product","link":"https:\/\/gr-100.com\/en\/producto\/specialized-vado-5-0-nb-2025\/","title":{"rendered":"Specialized Vado 5.0 NB 2025"},"content":{"rendered":"<p>El motor Turbo Full Power 2.2 y la bater\u00eda de 710 Wh ofrecen una experiencia de conducci\u00f3n incomparable, brindando una amplificaci\u00f3n suave, fluida y sorprendentemente silenciosa de tus esfuerzos, hasta 28 mph. El controlador integrado responde a las entradas de tu pedal, lo que da como resultado una amplificaci\u00f3n intuitiva de tus esfuerzos con una sensaci\u00f3n incre\u00edblemente natural.<br \/>\n<strong>MasterMind y aplicaci\u00f3n Specialized:<\/strong> la pantalla MasterMind revela toda la informaci\u00f3n relevante sobre su viaje y permite ajustar los niveles de soporte en tiempo real. MasterMind se integra perfectamente con la aplicaci\u00f3n Specialized para herramientas de optimizaci\u00f3n de alcance, ajuste avanzado, diagn\u00f3stico durante el viaje y m\u00e1s.<br \/>\n<strong>Eficiencia suave comprobada:<\/strong> dise\u00f1amos un mecanismo de prueba personalizado para analizar golpes incluso en la frecuencia m\u00e1s peque\u00f1a para aumentar la comodidad y la visi\u00f3n. Esa precisi\u00f3n, combinada con una tija de sill\u00edn suspendida, neum\u00e1ticos de mayor volumen y una horquilla de suspensi\u00f3n de 80 mm, allanar\u00e1 las carreteras ante tus ojos.<br \/>\nBloqueo del sistema Turbo: use la aplicaci\u00f3n Specialized para desactivar el motor de su bicicleta y activar la alarma del sensor de movimiento. Una vez bloqueado, el motor no puede volver a habilitarse excepto por el propietario.<br \/>\n<strong>Radar Garmin:<\/strong> un sensor de radar Garmin integrado te permite saber cu\u00e1ndo hay tr\u00e1fico detr\u00e1s de ti. La tecnolog\u00eda Radar de Garmin puede detectar coches a una distancia de hasta 140 metros. MasterMind brindar\u00e1 a los pasajeros una alerta visual, audible y t\u00e1ctil de la distancia relativa y la velocidad de un veh\u00edculo que se aproxima.<br \/>\nBater\u00eda del tubo diagonal totalmente integrada, extra\u00edble y bloqueable: f\u00e1cil de cargar y f\u00e1cil de asegurar.<br \/>\nEquipado con guardabarros DRYTECH, luces LED delanteras y traseras y portaequipajes HD trasero con capacidad de 27 kg. El portaequipajes trasero es compatible con asientos de bicicleta para ni\u00f1os y la bicicleta tambi\u00e9n est\u00e1 clasificada para arrastrar un remolque de eje pasante.<br \/>\nLargo alcance: con un alcance para viajar a cualquier lugar, recorra hasta 75 millas (120 km) o 5,5 horas con una sola carga (modo ecol\u00f3gico).   <\/p>\n<p>SPECS<\/p>\n<ul>\n<li>E-bike<\/li>\n<li>Specialized 2.2 MOTOR<br \/>\n, 90Nm torque, custom tuned motor, 250W rated<\/li>\n<li>UI\/REMOTE<br \/>\nMasterMind TCD, w\/handlebar remote, built-in anti-theft feature, Bluetooth\u00ae connectivity, customizable display pages<\/li>\n<li>Specialized U2-710 BATTERY<br \/>\n, alloy casing, state of charge display, 710Wh<\/li>\n<li>CARGADOR<br \/>\nCustom charger, 42V4A w\/ Rosenberger plug, 100-240V<br \/>\nCuadro<\/li>\n<li>E5 FRAME<br \/>\nAluminum, bottom bracket motor mount, fully integrated &amp;lockable downtube battery, internal cable routing, lock and front rack mount, sliding dropout<\/li>\n<li>HUGS. SILL\u00cdN<br \/>\nSpecialized Alloy 34.9, Steel Bolt<\/li>\n<li>Rockshox Recon Silver RL FORK<br \/>\n, 80mm travel, Motion-Control, fender-mounts<\/li>\n<li>Shimano 4 piston front brake, CUES, BL-U8000, Br-U8020, Sm-Ma-F180P\/P2Shimano\n<\/li>\n<li>REAR BRAKE<br \/>\nShimano 4 pistons, CUES,BL-U8000, Br-U8020<\/li>\n<li>CAMBIO<br \/>\nShimano, RD-U8000, CUES, Gs 11-Speed, Top Normal, Shadow Plus Design, Direct Attachment<\/li>\n<li>MANDOS DE CAMBIO<br \/>\nShimano, SL-U8000-11IR, CUES, Right, 11-Speed Rapidfire, W\/O Optical Gear Display, I-Spec Ii<\/li>\n<li>CASETE<br \/>\nShimano, CS-LG400-11, CUES, 11-Speed, 11-50T<\/li>\n<li>CADENA<br \/>\nShimano LG500<\/li>\n<li>Custom alloy forged crankarms BOTTOM BRACKET<br \/>\n, 170mm<\/li>\n<li>PLATOS<br \/>\n48T<\/li>\n<li>Custom chaincover chain<br \/>\nprotector<\/li>\n<li>RIMS<br \/>\n650b disc, double-wall alloy, pinned, 32h<\/li>\n<li>FRONT HUB<br \/>\nSpecialized alloy front hub disc, sealed cardridge bearings, 6-bolt, 15x110mm thru-axle, 32h<\/li>\n<li>BUJE TRASERO<br \/>\nSpecialized Alloy Rear Hub Disc, Sealed Cardridge Bearings, 6-Bolt, 12X148mm Thru-Axle, 32H, Hd Steel Fhb<\/li>\n<li>DT Swiss Industry RADIOS\n<\/li>\n<li>TYRE.<br \/>\nPathfinder Sport Reflect, 650Bx2.3<\/li>\n<li>Pathfinder Sport Reflect REAR<br \/>\nTIRE, 650Bx2.3<\/li>\n<li>CAMERAS<br \/>\nStandard 40mm SV 650Bx1.75-2.4<\/li>\n<li>STEM<br \/>\nSpecialized Flowset, 3D-forged alloy, 20-degree rise, 31.8mm clamp<\/li>\n<li>HANDLEBAR<br \/>\nSpecialized, alloy, 15-degree backsweep, 46mm rise, 31.8mm<\/li>\n<li>ERGON GRIPS<br \/>\n, GA30-S Custom, 134.8mm Length<\/li>\n<li>Bridge Sport Saddle<br \/>\n, Steel rails, 155mm<\/li>\n<li>SEATPOST<br \/>\nCane Creek, Thudbuster St 30.9 mm<\/li>\n<li>Specialized Commuter PEDALS<br \/>\n w\/ grip tape &amp; reflectors<\/li>\n<li>Radar<br \/>\nIntegrated Garmin Radar, with custom information displayed directly on the Mastermind TCD<\/li>\n<li>LEZYNE Power StVZO E500+ FRONT<br \/>\nLIGHT, 500 Lumens<\/li>\n<li>REAR LIGHT<br \/>\nSpanninga, Stvzo, Commuter Glow With Brake XEr<\/li>\n<li>KICKSTAND<br \/>\nSpecialized , 40mm mount<\/li>\n<li>Specialized rack,<br \/>\n MIK HD interface, built-in pannier mounts, 27kg max load<\/li>\n<li>MUDGUARDS<br \/>\nSpecialized DRYTECH fenders, 65mm width, aluminum fenderstay<\/li>\n<li>Turbo System Lock PADLOCK\n<\/li>\n<li>\nSpecialized brass bell bell<\/li>\n<\/ul>\n","protected":false},"excerpt":{"rendered":"<p>Specialized Vado tiene todo lo que necesitas para el transporte con el mejor rendimiento. Aporta una naturaleza equilibrada a la forma en que se maneja y niveles superiores de comodidad. <\/p>\n","protected":false},"featured_media":393137,"comment_status":"open","ping_status":"closed","template":"","meta":{"_acf_changed":false,"_et_pb_use_builder":"","_et_pb_old_content":"","_et_gb_content_width":"","inline_featured_image":false},"product_brand":[],"product_cat":[4347,5279,347,5275,5277,5274,5278,5276,359],"product_tag":[],"class_list":{"0":"post-429137","1":"product","2":"type-product","3":"status-publish","4":"has-post-thumbnail","6":"product_cat-black-friday-2-en","7":"product_cat-bicicletas-urbanas-en","8":"product_cat-electric","9":"product_cat-bicicletas-electricas-aluminio-en","10":"product_cat-bicicletas-electricas-paseo-en","11":"product_cat-bicicletas-electricas-specialized-en","12":"product_cat-bicicletas-electricas-trekking-en","13":"product_cat-bicicletas-electricas-urbanas-en","14":"product_cat-outlet-en","15":"product_shipping_class-bicicletas-en","17":"first","18":"instock","19":"sale","20":"taxable","21":"shipping-taxable","22":"purchasable","23":"product-type-variable","24":"wvs-archive-product-wrapper"},"acf":[],"yoast_head":"<!-- This site is optimized with the Yoast SEO Premium plugin v26.7 (Yoast SEO v26.7) - https:\/\/yoast.com\/wordpress\/plugins\/seo\/ -->\n<title>Specialized Vado 5.0 NB 2025 GR-100<\/title>\n<meta name=\"description\" content=\"Tiene todo lo que necesitas para el transporte el\u00e9ctrico. Aporta una naturaleza equilibrada a la forma en que se maneja y niveles superiores de comodidad.\" \/>\n<meta name=\"robots\" content=\"index, follow, max-snippet:-1, max-image-preview:large, max-video-preview:-1\" \/>\n<link rel=\"canonical\" href=\"https:\/\/gr-100.com\/en\/producto\/specialized-vado-5-0-nb-2025\/\" \/>\n<meta property=\"og:locale\" content=\"en_US\" \/>\n<meta property=\"og:type\" content=\"article\" \/>\n<meta property=\"og:title\" content=\"Specialized Vado 5.0 NB 2025\" \/>\n<meta property=\"og:description\" content=\"Tiene todo lo que necesitas para el transporte el\u00e9ctrico. Aporta una naturaleza equilibrada a la forma en que se maneja y niveles superiores de comodidad.\" \/>\n<meta property=\"og:url\" content=\"https:\/\/gr-100.com\/en\/producto\/specialized-vado-5-0-nb-2025\/\" \/>\n<meta property=\"og:site_name\" content=\"Gr-100 Tienda de ciclismo Specialized\" \/>\n<meta property=\"article:publisher\" content=\"https:\/\/www.facebook.com\/Gr100Bikes\" \/>\n<meta property=\"og:image\" content=\"https:\/\/gr-100.com\/wp-content\/uploads\/2024\/10\/Vado-5.0-NB-2025-1.jpg\" \/>\n\t<meta property=\"og:image:width\" content=\"1000\" \/>\n\t<meta property=\"og:image:height\" content=\"1000\" \/>\n\t<meta property=\"og:image:type\" content=\"image\/jpeg\" \/>\n<meta name=\"twitter:card\" content=\"summary_large_image\" \/>\n<meta name=\"twitter:label1\" content=\"Est. reading time\" \/>\n\t<meta name=\"twitter:data1\" content=\"3 minutes\" \/>\n<script type=\"application\/ld+json\" class=\"yoast-schema-graph\">{\"@context\":\"https:\/\/schema.org\",\"@graph\":[{\"@type\":\"WebPage\",\"@id\":\"https:\/\/gr-100.com\/en\/producto\/specialized-vado-5-0-nb-2025\/\",\"url\":\"https:\/\/gr-100.com\/en\/producto\/specialized-vado-5-0-nb-2025\/\",\"name\":\"Specialized Vado 5.0 NB 2025 GR-100\",\"isPartOf\":{\"@id\":\"https:\/\/gr-100.com\/#website\"},\"primaryImageOfPage\":{\"@id\":\"https:\/\/gr-100.com\/en\/producto\/specialized-vado-5-0-nb-2025\/#primaryimage\"},\"image\":{\"@id\":\"https:\/\/gr-100.com\/en\/producto\/specialized-vado-5-0-nb-2025\/#primaryimage\"},\"thumbnailUrl\":\"https:\/\/gr-100.com\/wp-content\/uploads\/2024\/10\/Vado-5.0-NB-2025-1.jpg\",\"datePublished\":\"2024-10-16T10:59:30+00:00\",\"description\":\"Tiene todo lo que necesitas para el transporte el\u00e9ctrico. Aporta una naturaleza equilibrada a la forma en que se maneja y niveles superiores de comodidad.\",\"breadcrumb\":{\"@id\":\"https:\/\/gr-100.com\/en\/producto\/specialized-vado-5-0-nb-2025\/#breadcrumb\"},\"inLanguage\":\"en-US\",\"potentialAction\":[{\"@type\":\"ReadAction\",\"target\":[\"https:\/\/gr-100.com\/en\/producto\/specialized-vado-5-0-nb-2025\/\"]}]},{\"@type\":\"ImageObject\",\"inLanguage\":\"en-US\",\"@id\":\"https:\/\/gr-100.com\/en\/producto\/specialized-vado-5-0-nb-2025\/#primaryimage\",\"url\":\"https:\/\/gr-100.com\/wp-content\/uploads\/2024\/10\/Vado-5.0-NB-2025-1.jpg\",\"contentUrl\":\"https:\/\/gr-100.com\/wp-content\/uploads\/2024\/10\/Vado-5.0-NB-2025-1.jpg\",\"width\":1000,\"height\":1000},{\"@type\":\"BreadcrumbList\",\"@id\":\"https:\/\/gr-100.com\/en\/producto\/specialized-vado-5-0-nb-2025\/#breadcrumb\",\"itemListElement\":[{\"@type\":\"ListItem\",\"position\":1,\"name\":\"Portada\",\"item\":\"https:\/\/gr-100.com\/pt-pt\/\"},{\"@type\":\"ListItem\",\"position\":2,\"name\":\"Productos\",\"item\":\"https:\/\/gr-100.com\/?post_type=product\"},{\"@type\":\"ListItem\",\"position\":3,\"name\":\"Specialized Vado 5.0 NB 2025\"}]},{\"@type\":\"WebSite\",\"@id\":\"https:\/\/gr-100.com\/#website\",\"url\":\"https:\/\/gr-100.com\/\",\"name\":\"Gr-100 Tienda de ciclismo Specialized\",\"description\":\"GR-100 tenemos todas las gamas de bicicletas Specialized al mejor precio.\",\"publisher\":{\"@id\":\"https:\/\/gr-100.com\/#organization\"},\"alternateName\":\"Gr-100 Bikes\",\"potentialAction\":[{\"@type\":\"SearchAction\",\"target\":{\"@type\":\"EntryPoint\",\"urlTemplate\":\"https:\/\/gr-100.com\/?s={search_term_string}\"},\"query-input\":{\"@type\":\"PropertyValueSpecification\",\"valueRequired\":true,\"valueName\":\"search_term_string\"}}],\"inLanguage\":\"en-US\"},{\"@type\":\"Organization\",\"@id\":\"https:\/\/gr-100.com\/#organization\",\"name\":\"Gr-100\",\"url\":\"https:\/\/gr-100.com\/\",\"logo\":{\"@type\":\"ImageObject\",\"inLanguage\":\"en-US\",\"@id\":\"https:\/\/gr-100.com\/#\/schema\/logo\/image\/\",\"url\":\"https:\/\/gr-100.com\/wp-content\/uploads\/2023\/08\/logo-gr-100-bikes.png\",\"contentUrl\":\"https:\/\/gr-100.com\/wp-content\/uploads\/2023\/08\/logo-gr-100-bikes.png\",\"width\":707,\"height\":284,\"caption\":\"Gr-100\"},\"image\":{\"@id\":\"https:\/\/gr-100.com\/#\/schema\/logo\/image\/\"},\"sameAs\":[\"https:\/\/www.facebook.com\/Gr100Bikes\",\"https:\/\/www.instagram.com\/gr100bikes\/\",\"https:\/\/www.tiktok.com\/@gr100bikes\",\"https:\/\/twitter.com\/gr100mtbteam\",\"https:\/\/www.youtube.com\/c\/GR100Specialized\"]}]}<\/script>\n<!-- \/ Yoast SEO Premium plugin. -->","yoast_head_json":{"title":"Specialized Vado 5.0 NB 2025 GR-100","description":"Tiene todo lo que necesitas para el transporte el\u00e9ctrico. Aporta una naturaleza equilibrada a la forma en que se maneja y niveles superiores de comodidad.","robots":{"index":"index","follow":"follow","max-snippet":"max-snippet:-1","max-image-preview":"max-image-preview:large","max-video-preview":"max-video-preview:-1"},"canonical":"https:\/\/gr-100.com\/en\/producto\/specialized-vado-5-0-nb-2025\/","og_locale":"en_US","og_type":"article","og_title":"Specialized Vado 5.0 NB 2025","og_description":"Tiene todo lo que necesitas para el transporte el\u00e9ctrico. Aporta una naturaleza equilibrada a la forma en que se maneja y niveles superiores de comodidad.","og_url":"https:\/\/gr-100.com\/en\/producto\/specialized-vado-5-0-nb-2025\/","og_site_name":"Gr-100 Tienda de ciclismo Specialized","article_publisher":"https:\/\/www.facebook.com\/Gr100Bikes","og_image":[{"width":1000,"height":1000,"url":"https:\/\/gr-100.com\/wp-content\/uploads\/2024\/10\/Vado-5.0-NB-2025-1.jpg","type":"image\/jpeg"}],"twitter_card":"summary_large_image","twitter_misc":{"Est. reading time":"3 minutes"},"schema":{"@context":"https:\/\/schema.org","@graph":[{"@type":"WebPage","@id":"https:\/\/gr-100.com\/en\/producto\/specialized-vado-5-0-nb-2025\/","url":"https:\/\/gr-100.com\/en\/producto\/specialized-vado-5-0-nb-2025\/","name":"Specialized Vado 5.0 NB 2025 GR-100","isPartOf":{"@id":"https:\/\/gr-100.com\/#website"},"primaryImageOfPage":{"@id":"https:\/\/gr-100.com\/en\/producto\/specialized-vado-5-0-nb-2025\/#primaryimage"},"image":{"@id":"https:\/\/gr-100.com\/en\/producto\/specialized-vado-5-0-nb-2025\/#primaryimage"},"thumbnailUrl":"https:\/\/gr-100.com\/wp-content\/uploads\/2024\/10\/Vado-5.0-NB-2025-1.jpg","datePublished":"2024-10-16T10:59:30+00:00","description":"Tiene todo lo que necesitas para el transporte el\u00e9ctrico. Aporta una naturaleza equilibrada a la forma en que se maneja y niveles superiores de comodidad.","breadcrumb":{"@id":"https:\/\/gr-100.com\/en\/producto\/specialized-vado-5-0-nb-2025\/#breadcrumb"},"inLanguage":"en-US","potentialAction":[{"@type":"ReadAction","target":["https:\/\/gr-100.com\/en\/producto\/specialized-vado-5-0-nb-2025\/"]}]},{"@type":"ImageObject","inLanguage":"en-US","@id":"https:\/\/gr-100.com\/en\/producto\/specialized-vado-5-0-nb-2025\/#primaryimage","url":"https:\/\/gr-100.com\/wp-content\/uploads\/2024\/10\/Vado-5.0-NB-2025-1.jpg","contentUrl":"https:\/\/gr-100.com\/wp-content\/uploads\/2024\/10\/Vado-5.0-NB-2025-1.jpg","width":1000,"height":1000},{"@type":"BreadcrumbList","@id":"https:\/\/gr-100.com\/en\/producto\/specialized-vado-5-0-nb-2025\/#breadcrumb","itemListElement":[{"@type":"ListItem","position":1,"name":"Portada","item":"https:\/\/gr-100.com\/pt-pt\/"},{"@type":"ListItem","position":2,"name":"Productos","item":"https:\/\/gr-100.com\/?post_type=product"},{"@type":"ListItem","position":3,"name":"Specialized Vado 5.0 NB 2025"}]},{"@type":"WebSite","@id":"https:\/\/gr-100.com\/#website","url":"https:\/\/gr-100.com\/","name":"Gr-100 Tienda de ciclismo Specialized","description":"GR-100 tenemos todas las gamas de bicicletas Specialized al mejor precio.","publisher":{"@id":"https:\/\/gr-100.com\/#organization"},"alternateName":"Gr-100 Bikes","potentialAction":[{"@type":"SearchAction","target":{"@type":"EntryPoint","urlTemplate":"https:\/\/gr-100.com\/?s={search_term_string}"},"query-input":{"@type":"PropertyValueSpecification","valueRequired":true,"valueName":"search_term_string"}}],"inLanguage":"en-US"},{"@type":"Organization","@id":"https:\/\/gr-100.com\/#organization","name":"Gr-100","url":"https:\/\/gr-100.com\/","logo":{"@type":"ImageObject","inLanguage":"en-US","@id":"https:\/\/gr-100.com\/#\/schema\/logo\/image\/","url":"https:\/\/gr-100.com\/wp-content\/uploads\/2023\/08\/logo-gr-100-bikes.png","contentUrl":"https:\/\/gr-100.com\/wp-content\/uploads\/2023\/08\/logo-gr-100-bikes.png","width":707,"height":284,"caption":"Gr-100"},"image":{"@id":"https:\/\/gr-100.com\/#\/schema\/logo\/image\/"},"sameAs":["https:\/\/www.facebook.com\/Gr100Bikes","https:\/\/www.instagram.com\/gr100bikes\/","https:\/\/www.tiktok.com\/@gr100bikes","https:\/\/twitter.com\/gr100mtbteam","https:\/\/www.youtube.com\/c\/GR100Specialized"]}]}},"_links":{"self":[{"href":"https:\/\/gr-100.com\/en\/wp-json\/wp\/v2\/product\/429137","targetHints":{"allow":["GET"]}}],"collection":[{"href":"https:\/\/gr-100.com\/en\/wp-json\/wp\/v2\/product"}],"about":[{"href":"https:\/\/gr-100.com\/en\/wp-json\/wp\/v2\/types\/product"}],"replies":[{"embeddable":true,"href":"https:\/\/gr-100.com\/en\/wp-json\/wp\/v2\/comments?post=429137"}],"wp:featuredmedia":[{"embeddable":true,"href":"https:\/\/gr-100.com\/en\/wp-json\/wp\/v2\/media\/393137"}],"wp:attachment":[{"href":"https:\/\/gr-100.com\/en\/wp-json\/wp\/v2\/media?parent=429137"}],"wp:term":[{"taxonomy":"product_brand","embeddable":true,"href":"https:\/\/gr-100.com\/en\/wp-json\/wp\/v2\/product_brand?post=429137"},{"taxonomy":"product_cat","embeddable":true,"href":"https:\/\/gr-100.com\/en\/wp-json\/wp\/v2\/product_cat?post=429137"},{"taxonomy":"product_tag","embeddable":true,"href":"https:\/\/gr-100.com\/en\/wp-json\/wp\/v2\/product_tag?post=429137"}],"curies":[{"name":"wp","href":"https:\/\/api.w.org\/{rel}","templated":true}]}}