{"id":429168,"date":"2024-12-26T11:20:36","date_gmt":"2024-12-26T10:20:36","guid":{"rendered":"https:\/\/gr-100.com\/producto\/specialized-turbo-porto-2025\/"},"modified":"2024-12-26T11:20:36","modified_gmt":"2024-12-26T09:20:36","slug":"specialized-turbo-porto-2025","status":"publish","type":"product","link":"https:\/\/gr-100.com\/en\/producto\/specialized-turbo-porto-2025\/","title":{"rendered":"Specialized Turbo Porto 2025"},"content":{"rendered":"<p>AMPLIFICACI\u00d3N SUPERNATURAL &#8211; Conduce como un profesional, vayas donde vayas. Con 90 Nm de par motor y una bater\u00eda de 710 vatios, ninguna bicicleta el\u00e9ctrica de su categor\u00eda tiene m\u00e1s potencia. Eso significa que puedes ir a velocidad de crucero f\u00e1cilmente y mantenerte ah\u00ed todo el tiempo que haga falta. No importa si el colegio de tus hijos es la cima del Alpe d&#8217;Huez, toda esa potencia combinada con la legendaria suavidad del sistema Turbo e-bike significa que puedes cargarlos y subir sin esfuerzo.   <\/p>\n<p>PERFORMANCE WITH PURPOSE &#8211; Agile on any road, with any load. The Porto inspires rider confidence from day one. The low wheelbase means starting, stopping, getting on and off the bike, even when loaded, is a breeze, as is the ride. It may be long, and often loaded with people and gear, but it rides like a normal bike (or better). By implementing a long tail for loading, rather than a large front-loading basket, it can also be parked like a normal bike.    <\/p>\n<p>We believe Porto offers the safest and most stable ride on the market, regardless of the load (up to 200 kg!), for riders of all levels. And, like any other premium means of transport, the Porto fits you perfectly, so riders from 155 cm to 195 cm enjoy the same safety and comfort. <\/p>\n<p>FUNCI\u00d3N FAMILIAR &#8211; Hemos pensado en todo, para que puedas hacer cualquier cosa. La Porto no es un transport\u00edn de carga simplificado&#8230; Viene cargado con un portaequipajes delantero incluido y un portaequipajes trasero de cola larga, preparado para asientos infantiles, asientos de pasajero, maletas e innumerables accesorios. Est\u00e1 construida pensando en tu familia, dise\u00f1ada para una conducci\u00f3n estable y \u00e1gil cuando llevas lo m\u00e1s preciado, sin sacrificar un \u00e1pice de estilo. Todas las e-bikes de carga pueden transportar personas, pero la Porto est\u00e1 hecha para transportar personas. Cuando es tu familia la que va detr\u00e1s, la diferencia importa.     <\/p>\n<p>&#8211; 90 Nm of torque.<\/p>\n<p>&#8211; 710 watt battery for up to 5 hours of autonomy.<\/p>\n<p>&#8211; Speed limit with electric assistance 25 km\/h, speed is subject to country regulations.<\/p>\n<p>&#8211; Maximum adjustability for a comfortable ride for any rider between 155 cm and 195 cm.<\/p>\n<p>&#8211; Long queue for passengers, equipment and anything else you can think of.<\/p>\n<p>&#8211; Includes front and rear grills.<\/p>\n<p>&#8211; Interior lock and anti-theft lock.<\/p>\n<p>&#8211; TCU on the bars, infinitely customizable with the Specialized App.<\/p>\n<p>&#8211; Includes personalized Porto Frame Bag.<\/p>\n<p>&#8211; The European Cyclists&#8217; Federation offers nearly 300 options for tax incentives and purchase premiums for the purchase of electric bicycles. Cyclists are encouraged to investigate these options. <\/p>\n","protected":false},"excerpt":{"rendered":"<p>La nueva Turbo Porto es m\u00e1s que la bicicleta el\u00e9ctrica de carga m\u00e1s \u00fatil y potente de su categor\u00eda. Est\u00e1 meticulosamente dise\u00f1ada para que usted, su familia y sus cosas se desplacen de la forma m\u00e1s eficiente, refinada y bella&#8230; porque lo que usted monta significa algo&#8230; <\/p>\n","protected":false},"featured_media":399671,"comment_status":"open","ping_status":"closed","template":"","meta":{"_acf_changed":false,"_et_pb_use_builder":"","_et_pb_old_content":"","_et_gb_content_width":"","inline_featured_image":false},"product_brand":[],"product_cat":[2449,5279,347,5275,5277,5274,5276,2472,2689],"product_tag":[],"class_list":{"0":"post-429168","1":"product","2":"type-product","3":"status-publish","4":"has-post-thumbnail","6":"product_cat-bicycles","7":"product_cat-bicicletas-urbanas-en","8":"product_cat-electric","9":"product_cat-bicicletas-electricas-aluminio-en","10":"product_cat-bicicletas-electricas-paseo-en","11":"product_cat-bicicletas-electricas-specialized-en","12":"product_cat-bicicletas-electricas-urbanas-en","13":"product_cat-specialized-bikes","14":"product_cat-specialized-offers","16":"first","17":"instock","18":"sale","19":"taxable","20":"shipping-taxable","21":"purchasable","22":"product-type-simple"},"acf":[],"yoast_head":"<!-- This site is optimized with the Yoast SEO Premium plugin v26.7 (Yoast SEO v26.7) - https:\/\/yoast.com\/wordpress\/plugins\/seo\/ -->\n<title>Specialized Turbo Porto 2025 GR-100<\/title>\n<meta name=\"description\" content=\"More than the most useful, powerful cargo ebike in its class. Designed to get you, your family and your stuff around more efficiently, refined and beautifully.\" \/>\n<meta name=\"robots\" content=\"index, follow, max-snippet:-1, max-image-preview:large, max-video-preview:-1\" \/>\n<link rel=\"canonical\" href=\"https:\/\/gr-100.com\/en\/producto\/specialized-turbo-porto-2025\/\" \/>\n<meta property=\"og:locale\" content=\"en_US\" \/>\n<meta property=\"og:type\" content=\"article\" \/>\n<meta property=\"og:title\" content=\"Specialized Turbo Porto 2025\" \/>\n<meta property=\"og:description\" content=\"More than the most useful, powerful cargo ebike in its class. Designed to get you, your family and your stuff around more efficiently, refined and beautifully.\" \/>\n<meta property=\"og:url\" content=\"https:\/\/gr-100.com\/en\/producto\/specialized-turbo-porto-2025\/\" \/>\n<meta property=\"og:site_name\" content=\"Gr-100 Tienda de ciclismo Specialized\" \/>\n<meta property=\"article:publisher\" content=\"https:\/\/www.facebook.com\/Gr100Bikes\" \/>\n<meta property=\"og:image\" content=\"https:\/\/gr-100.com\/wp-content\/uploads\/2024\/12\/Diseno-sin-titulo-2024-12-26T120658.690.jpg\" \/>\n\t<meta property=\"og:image:width\" content=\"1000\" \/>\n\t<meta property=\"og:image:height\" content=\"1000\" \/>\n\t<meta property=\"og:image:type\" content=\"image\/jpeg\" \/>\n<meta name=\"twitter:card\" content=\"summary_large_image\" \/>\n<meta name=\"twitter:label1\" content=\"Est. reading time\" \/>\n\t<meta name=\"twitter:data1\" content=\"2 minutes\" \/>\n<script type=\"application\/ld+json\" class=\"yoast-schema-graph\">{\"@context\":\"https:\/\/schema.org\",\"@graph\":[{\"@type\":\"WebPage\",\"@id\":\"https:\/\/gr-100.com\/en\/producto\/specialized-turbo-porto-2025\/\",\"url\":\"https:\/\/gr-100.com\/en\/producto\/specialized-turbo-porto-2025\/\",\"name\":\"Specialized Turbo Porto 2025 GR-100\",\"isPartOf\":{\"@id\":\"https:\/\/gr-100.com\/#website\"},\"primaryImageOfPage\":{\"@id\":\"https:\/\/gr-100.com\/en\/producto\/specialized-turbo-porto-2025\/#primaryimage\"},\"image\":{\"@id\":\"https:\/\/gr-100.com\/en\/producto\/specialized-turbo-porto-2025\/#primaryimage\"},\"thumbnailUrl\":\"https:\/\/gr-100.com\/wp-content\/uploads\/2024\/12\/Diseno-sin-titulo-2024-12-26T120658.690.jpg\",\"datePublished\":\"2024-12-26T10:20:36+00:00\",\"description\":\"More than the most useful, powerful cargo ebike in its class. Designed to get you, your family and your stuff around more efficiently, refined and beautifully.\",\"breadcrumb\":{\"@id\":\"https:\/\/gr-100.com\/en\/producto\/specialized-turbo-porto-2025\/#breadcrumb\"},\"inLanguage\":\"en-US\",\"potentialAction\":[{\"@type\":\"ReadAction\",\"target\":[\"https:\/\/gr-100.com\/en\/producto\/specialized-turbo-porto-2025\/\"]}]},{\"@type\":\"ImageObject\",\"inLanguage\":\"en-US\",\"@id\":\"https:\/\/gr-100.com\/en\/producto\/specialized-turbo-porto-2025\/#primaryimage\",\"url\":\"https:\/\/gr-100.com\/wp-content\/uploads\/2024\/12\/Diseno-sin-titulo-2024-12-26T120658.690.jpg\",\"contentUrl\":\"https:\/\/gr-100.com\/wp-content\/uploads\/2024\/12\/Diseno-sin-titulo-2024-12-26T120658.690.jpg\",\"width\":1000,\"height\":1000},{\"@type\":\"BreadcrumbList\",\"@id\":\"https:\/\/gr-100.com\/en\/producto\/specialized-turbo-porto-2025\/#breadcrumb\",\"itemListElement\":[{\"@type\":\"ListItem\",\"position\":1,\"name\":\"Portada\",\"item\":\"https:\/\/gr-100.com\/pt-pt\/\"},{\"@type\":\"ListItem\",\"position\":2,\"name\":\"Productos\",\"item\":\"https:\/\/gr-100.com\/?post_type=product\"},{\"@type\":\"ListItem\",\"position\":3,\"name\":\"Specialized Turbo Porto 2025\"}]},{\"@type\":\"WebSite\",\"@id\":\"https:\/\/gr-100.com\/#website\",\"url\":\"https:\/\/gr-100.com\/\",\"name\":\"Gr-100 Tienda de ciclismo Specialized\",\"description\":\"GR-100 tenemos todas las gamas de bicicletas Specialized al mejor precio.\",\"publisher\":{\"@id\":\"https:\/\/gr-100.com\/#organization\"},\"alternateName\":\"Gr-100 Bikes\",\"potentialAction\":[{\"@type\":\"SearchAction\",\"target\":{\"@type\":\"EntryPoint\",\"urlTemplate\":\"https:\/\/gr-100.com\/?s={search_term_string}\"},\"query-input\":{\"@type\":\"PropertyValueSpecification\",\"valueRequired\":true,\"valueName\":\"search_term_string\"}}],\"inLanguage\":\"en-US\"},{\"@type\":\"Organization\",\"@id\":\"https:\/\/gr-100.com\/#organization\",\"name\":\"Gr-100\",\"url\":\"https:\/\/gr-100.com\/\",\"logo\":{\"@type\":\"ImageObject\",\"inLanguage\":\"en-US\",\"@id\":\"https:\/\/gr-100.com\/#\/schema\/logo\/image\/\",\"url\":\"https:\/\/gr-100.com\/wp-content\/uploads\/2023\/08\/logo-gr-100-bikes.png\",\"contentUrl\":\"https:\/\/gr-100.com\/wp-content\/uploads\/2023\/08\/logo-gr-100-bikes.png\",\"width\":707,\"height\":284,\"caption\":\"Gr-100\"},\"image\":{\"@id\":\"https:\/\/gr-100.com\/#\/schema\/logo\/image\/\"},\"sameAs\":[\"https:\/\/www.facebook.com\/Gr100Bikes\",\"https:\/\/www.instagram.com\/gr100bikes\/\",\"https:\/\/www.tiktok.com\/@gr100bikes\",\"https:\/\/twitter.com\/gr100mtbteam\",\"https:\/\/www.youtube.com\/c\/GR100Specialized\"]}]}<\/script>\n<!-- \/ Yoast SEO Premium plugin. -->","yoast_head_json":{"title":"Specialized Turbo Porto 2025 GR-100","description":"More than the most useful, powerful cargo ebike in its class. Designed to get you, your family and your stuff around more efficiently, refined and beautifully.","robots":{"index":"index","follow":"follow","max-snippet":"max-snippet:-1","max-image-preview":"max-image-preview:large","max-video-preview":"max-video-preview:-1"},"canonical":"https:\/\/gr-100.com\/en\/producto\/specialized-turbo-porto-2025\/","og_locale":"en_US","og_type":"article","og_title":"Specialized Turbo Porto 2025","og_description":"More than the most useful, powerful cargo ebike in its class. Designed to get you, your family and your stuff around more efficiently, refined and beautifully.","og_url":"https:\/\/gr-100.com\/en\/producto\/specialized-turbo-porto-2025\/","og_site_name":"Gr-100 Tienda de ciclismo Specialized","article_publisher":"https:\/\/www.facebook.com\/Gr100Bikes","og_image":[{"width":1000,"height":1000,"url":"https:\/\/gr-100.com\/wp-content\/uploads\/2024\/12\/Diseno-sin-titulo-2024-12-26T120658.690.jpg","type":"image\/jpeg"}],"twitter_card":"summary_large_image","twitter_misc":{"Est. reading time":"2 minutes"},"schema":{"@context":"https:\/\/schema.org","@graph":[{"@type":"WebPage","@id":"https:\/\/gr-100.com\/en\/producto\/specialized-turbo-porto-2025\/","url":"https:\/\/gr-100.com\/en\/producto\/specialized-turbo-porto-2025\/","name":"Specialized Turbo Porto 2025 GR-100","isPartOf":{"@id":"https:\/\/gr-100.com\/#website"},"primaryImageOfPage":{"@id":"https:\/\/gr-100.com\/en\/producto\/specialized-turbo-porto-2025\/#primaryimage"},"image":{"@id":"https:\/\/gr-100.com\/en\/producto\/specialized-turbo-porto-2025\/#primaryimage"},"thumbnailUrl":"https:\/\/gr-100.com\/wp-content\/uploads\/2024\/12\/Diseno-sin-titulo-2024-12-26T120658.690.jpg","datePublished":"2024-12-26T10:20:36+00:00","description":"More than the most useful, powerful cargo ebike in its class. Designed to get you, your family and your stuff around more efficiently, refined and beautifully.","breadcrumb":{"@id":"https:\/\/gr-100.com\/en\/producto\/specialized-turbo-porto-2025\/#breadcrumb"},"inLanguage":"en-US","potentialAction":[{"@type":"ReadAction","target":["https:\/\/gr-100.com\/en\/producto\/specialized-turbo-porto-2025\/"]}]},{"@type":"ImageObject","inLanguage":"en-US","@id":"https:\/\/gr-100.com\/en\/producto\/specialized-turbo-porto-2025\/#primaryimage","url":"https:\/\/gr-100.com\/wp-content\/uploads\/2024\/12\/Diseno-sin-titulo-2024-12-26T120658.690.jpg","contentUrl":"https:\/\/gr-100.com\/wp-content\/uploads\/2024\/12\/Diseno-sin-titulo-2024-12-26T120658.690.jpg","width":1000,"height":1000},{"@type":"BreadcrumbList","@id":"https:\/\/gr-100.com\/en\/producto\/specialized-turbo-porto-2025\/#breadcrumb","itemListElement":[{"@type":"ListItem","position":1,"name":"Portada","item":"https:\/\/gr-100.com\/pt-pt\/"},{"@type":"ListItem","position":2,"name":"Productos","item":"https:\/\/gr-100.com\/?post_type=product"},{"@type":"ListItem","position":3,"name":"Specialized Turbo Porto 2025"}]},{"@type":"WebSite","@id":"https:\/\/gr-100.com\/#website","url":"https:\/\/gr-100.com\/","name":"Gr-100 Tienda de ciclismo Specialized","description":"GR-100 tenemos todas las gamas de bicicletas Specialized al mejor precio.","publisher":{"@id":"https:\/\/gr-100.com\/#organization"},"alternateName":"Gr-100 Bikes","potentialAction":[{"@type":"SearchAction","target":{"@type":"EntryPoint","urlTemplate":"https:\/\/gr-100.com\/?s={search_term_string}"},"query-input":{"@type":"PropertyValueSpecification","valueRequired":true,"valueName":"search_term_string"}}],"inLanguage":"en-US"},{"@type":"Organization","@id":"https:\/\/gr-100.com\/#organization","name":"Gr-100","url":"https:\/\/gr-100.com\/","logo":{"@type":"ImageObject","inLanguage":"en-US","@id":"https:\/\/gr-100.com\/#\/schema\/logo\/image\/","url":"https:\/\/gr-100.com\/wp-content\/uploads\/2023\/08\/logo-gr-100-bikes.png","contentUrl":"https:\/\/gr-100.com\/wp-content\/uploads\/2023\/08\/logo-gr-100-bikes.png","width":707,"height":284,"caption":"Gr-100"},"image":{"@id":"https:\/\/gr-100.com\/#\/schema\/logo\/image\/"},"sameAs":["https:\/\/www.facebook.com\/Gr100Bikes","https:\/\/www.instagram.com\/gr100bikes\/","https:\/\/www.tiktok.com\/@gr100bikes","https:\/\/twitter.com\/gr100mtbteam","https:\/\/www.youtube.com\/c\/GR100Specialized"]}]}},"_links":{"self":[{"href":"https:\/\/gr-100.com\/en\/wp-json\/wp\/v2\/product\/429168","targetHints":{"allow":["GET"]}}],"collection":[{"href":"https:\/\/gr-100.com\/en\/wp-json\/wp\/v2\/product"}],"about":[{"href":"https:\/\/gr-100.com\/en\/wp-json\/wp\/v2\/types\/product"}],"replies":[{"embeddable":true,"href":"https:\/\/gr-100.com\/en\/wp-json\/wp\/v2\/comments?post=429168"}],"wp:featuredmedia":[{"embeddable":true,"href":"https:\/\/gr-100.com\/en\/wp-json\/wp\/v2\/media\/399671"}],"wp:attachment":[{"href":"https:\/\/gr-100.com\/en\/wp-json\/wp\/v2\/media?parent=429168"}],"wp:term":[{"taxonomy":"product_brand","embeddable":true,"href":"https:\/\/gr-100.com\/en\/wp-json\/wp\/v2\/product_brand?post=429168"},{"taxonomy":"product_cat","embeddable":true,"href":"https:\/\/gr-100.com\/en\/wp-json\/wp\/v2\/product_cat?post=429168"},{"taxonomy":"product_tag","embeddable":true,"href":"https:\/\/gr-100.com\/en\/wp-json\/wp\/v2\/product_tag?post=429168"}],"curies":[{"name":"wp","href":"https:\/\/api.w.org\/{rel}","templated":true}]}}