{"id":429297,"date":"2025-12-16T13:29:40","date_gmt":"2025-12-16T12:29:40","guid":{"rendered":"https:\/\/gr-100.com\/producto\/specialized-neumatico-de-competicion-s-works-turbo-tlr\/"},"modified":"2025-12-16T13:29:40","modified_gmt":"2025-12-16T11:29:40","slug":"specialized-neumatico-de-competicion-s-works-turbo-tlr","status":"publish","type":"product","link":"https:\/\/gr-100.com\/en\/producto\/specialized-neumatico-de-competicion-s-works-turbo-tlr\/","title":{"rendered":"Specialized Neum\u00e1tico de competici\u00f3n S-Works Turbo TLR"},"content":{"rendered":"<ul>\n<li>Uses<\/li>\n<li>Competiciones, entrenamientos y salidas en bici<\/li>\n<li>Tread<\/li>\n<li>Centro de rodadura + flancos lisos = m\u00e1s velocidad<\/li>\n<li>Compound<\/li>\n<li>Compuesto GRIPTON T2\/T5, siempre velocidad<\/li>\n<li>Housing<\/li>\n<li>Bandas antipinchazos de 3 capas 120TPI<\/li>\n<li>Combinaci\u00f3n de ruedas recomendada<\/li>\n<li>Roval Rapide y Alpinist<\/li>\n<li>Approximate weight<\/li>\n<li>700x28c, 275g&lt;br&gt;700x28c TAN, 265g&lt;br&gt;700x30c, 285g&lt;br&gt;700x30c TAN, 275g<\/li>\n<\/ul>\n","protected":false},"excerpt":{"rendered":"<p>S-WORKSEl neum\u00e1tico S-Works Turbo TLR ofrece la combinaci\u00f3n definitiva de velocidad en carretera y durabilidad. La banda de rodadura optimizada con compuesto dual GRIPTON T2\/T5 mejora la resistencia a la rodadura en un 10 %, mientras que una construcci\u00f3n eficiente reduce el peso 20 g para una aceleraci\u00f3n y ascensos m\u00e1s r\u00e1pidos. La resistente carcasa TLR con una banda adicional antipinchazos hace que este sea el neum\u00e1tico ideal durante toda la temporada, en condiciones tanto mojadas como secas. Para competir y entrenar con un solo neum\u00e1tico, S-Works Turbo TLR es la opci\u00f3n perfecta.   <\/p>\n","protected":false},"featured_media":422893,"comment_status":"open","ping_status":"closed","template":"","meta":{"_acf_changed":false,"_et_pb_use_builder":"","_et_pb_old_content":"","_et_gb_content_width":"","inline_featured_image":false},"product_brand":[],"product_cat":[335,337],"product_tag":[],"class_list":{"0":"post-429297","1":"product","2":"type-product","3":"status-publish","4":"has-post-thumbnail","6":"product_cat-components","7":"product_cat-covers-and-chambers","8":"pa_tamanos-700x28-en","9":"pa_tamanos-700x30-en","11":"first","12":"instock","13":"taxable","14":"shipping-taxable","15":"purchasable","16":"product-type-variable","17":"wvs-archive-product-wrapper"},"acf":[],"yoast_head":"<!-- This site is optimized with the Yoast SEO Premium plugin v26.7 (Yoast SEO v26.7) - https:\/\/yoast.com\/wordpress\/plugins\/seo\/ -->\n<title>Specialized Neum\u00e1tico de competici\u00f3n S-Works Turbo TLR GR-100<\/title>\n<meta name=\"description\" content=\"El neum\u00e1tico S-Works Turbo TLR ofrece la combinaci\u00f3n definitiva de velocidad en carretera y durabilidad. La banda de rodadura optimizada con compuesto dual GRIPTON T2\/T5 mejora la resistencia a la rodadura en un 10 %, mientras que una construcci\u00f3n eficiente reduce el peso 20 g para una aceleraci\u00f3n y ascensos m\u00e1s r\u00e1pidos. La resistente carcasa TLR con una banda adicional antipinchazos hace que este sea el neum\u00e1tico ideal durante toda la temporada, en condiciones tanto mojadas como secas. Para competir y entrenar con un solo neum\u00e1tico, S-Works Turbo TLR es la opci\u00f3n perfecta.\" \/>\n<meta name=\"robots\" content=\"index, follow, max-snippet:-1, max-image-preview:large, max-video-preview:-1\" \/>\n<link rel=\"canonical\" href=\"https:\/\/gr-100.com\/en\/producto\/specialized-neumatico-de-competicion-s-works-turbo-tlr\/\" \/>\n<meta property=\"og:locale\" content=\"en_US\" \/>\n<meta property=\"og:type\" content=\"article\" \/>\n<meta property=\"og:title\" content=\"Specialized Neum\u00e1tico de competici\u00f3n S-Works Turbo TLR\" \/>\n<meta property=\"og:description\" content=\"El neum\u00e1tico S-Works Turbo TLR ofrece la combinaci\u00f3n definitiva de velocidad en carretera y durabilidad. La banda de rodadura optimizada con compuesto dual GRIPTON T2\/T5 mejora la resistencia a la rodadura en un 10 %, mientras que una construcci\u00f3n eficiente reduce el peso 20 g para una aceleraci\u00f3n y ascensos m\u00e1s r\u00e1pidos. La resistente carcasa TLR con una banda adicional antipinchazos hace que este sea el neum\u00e1tico ideal durante toda la temporada, en condiciones tanto mojadas como secas. Para competir y entrenar con un solo neum\u00e1tico, S-Works Turbo TLR es la opci\u00f3n perfecta.\" \/>\n<meta property=\"og:url\" content=\"https:\/\/gr-100.com\/en\/producto\/specialized-neumatico-de-competicion-s-works-turbo-tlr\/\" \/>\n<meta property=\"og:site_name\" content=\"Gr-100 Tienda de ciclismo Specialized\" \/>\n<meta property=\"article:publisher\" content=\"https:\/\/www.facebook.com\/Gr100Bikes\" \/>\n<meta property=\"og:image\" content=\"https:\/\/gr-100.com\/wp-content\/uploads\/2025\/12\/Diseno-sin-titulo-2025-12-16T115314.240.jpg\" \/>\n\t<meta property=\"og:image:width\" content=\"1000\" \/>\n\t<meta property=\"og:image:height\" content=\"1000\" \/>\n\t<meta property=\"og:image:type\" content=\"image\/jpeg\" \/>\n<meta name=\"twitter:card\" content=\"summary_large_image\" \/>\n<script type=\"application\/ld+json\" class=\"yoast-schema-graph\">{\"@context\":\"https:\/\/schema.org\",\"@graph\":[{\"@type\":\"WebPage\",\"@id\":\"https:\/\/gr-100.com\/en\/producto\/specialized-neumatico-de-competicion-s-works-turbo-tlr\/\",\"url\":\"https:\/\/gr-100.com\/en\/producto\/specialized-neumatico-de-competicion-s-works-turbo-tlr\/\",\"name\":\"Specialized Neum\u00e1tico de competici\u00f3n S-Works Turbo TLR GR-100\",\"isPartOf\":{\"@id\":\"https:\/\/gr-100.com\/#website\"},\"primaryImageOfPage\":{\"@id\":\"https:\/\/gr-100.com\/en\/producto\/specialized-neumatico-de-competicion-s-works-turbo-tlr\/#primaryimage\"},\"image\":{\"@id\":\"https:\/\/gr-100.com\/en\/producto\/specialized-neumatico-de-competicion-s-works-turbo-tlr\/#primaryimage\"},\"thumbnailUrl\":\"https:\/\/gr-100.com\/wp-content\/uploads\/2025\/12\/Diseno-sin-titulo-2025-12-16T115314.240.jpg\",\"datePublished\":\"2025-12-16T12:29:40+00:00\",\"description\":\"El neum\u00e1tico S-Works Turbo TLR ofrece la combinaci\u00f3n definitiva de velocidad en carretera y durabilidad. La banda de rodadura optimizada con compuesto dual GRIPTON T2\/T5 mejora la resistencia a la rodadura en un 10 %, mientras que una construcci\u00f3n eficiente reduce el peso 20 g para una aceleraci\u00f3n y ascensos m\u00e1s r\u00e1pidos. La resistente carcasa TLR con una banda adicional antipinchazos hace que este sea el neum\u00e1tico ideal durante toda la temporada, en condiciones tanto mojadas como secas. Para competir y entrenar con un solo neum\u00e1tico, S-Works Turbo TLR es la opci\u00f3n perfecta.\",\"breadcrumb\":{\"@id\":\"https:\/\/gr-100.com\/en\/producto\/specialized-neumatico-de-competicion-s-works-turbo-tlr\/#breadcrumb\"},\"inLanguage\":\"en-US\",\"potentialAction\":[{\"@type\":\"ReadAction\",\"target\":[\"https:\/\/gr-100.com\/en\/producto\/specialized-neumatico-de-competicion-s-works-turbo-tlr\/\"]}]},{\"@type\":\"ImageObject\",\"inLanguage\":\"en-US\",\"@id\":\"https:\/\/gr-100.com\/en\/producto\/specialized-neumatico-de-competicion-s-works-turbo-tlr\/#primaryimage\",\"url\":\"https:\/\/gr-100.com\/wp-content\/uploads\/2025\/12\/Diseno-sin-titulo-2025-12-16T115314.240.jpg\",\"contentUrl\":\"https:\/\/gr-100.com\/wp-content\/uploads\/2025\/12\/Diseno-sin-titulo-2025-12-16T115314.240.jpg\",\"width\":1000,\"height\":1000},{\"@type\":\"BreadcrumbList\",\"@id\":\"https:\/\/gr-100.com\/en\/producto\/specialized-neumatico-de-competicion-s-works-turbo-tlr\/#breadcrumb\",\"itemListElement\":[{\"@type\":\"ListItem\",\"position\":1,\"name\":\"Portada\",\"item\":\"https:\/\/gr-100.com\/pt-pt\/\"},{\"@type\":\"ListItem\",\"position\":2,\"name\":\"Productos\",\"item\":\"https:\/\/gr-100.com\/?post_type=product\"},{\"@type\":\"ListItem\",\"position\":3,\"name\":\"Specialized Neum\u00e1tico de competici\u00f3n S-Works Turbo TLR\"}]},{\"@type\":\"WebSite\",\"@id\":\"https:\/\/gr-100.com\/#website\",\"url\":\"https:\/\/gr-100.com\/\",\"name\":\"Gr-100 Tienda de ciclismo Specialized\",\"description\":\"GR-100 tenemos todas las gamas de bicicletas Specialized al mejor precio.\",\"publisher\":{\"@id\":\"https:\/\/gr-100.com\/#organization\"},\"alternateName\":\"Gr-100 Bikes\",\"potentialAction\":[{\"@type\":\"SearchAction\",\"target\":{\"@type\":\"EntryPoint\",\"urlTemplate\":\"https:\/\/gr-100.com\/?s={search_term_string}\"},\"query-input\":{\"@type\":\"PropertyValueSpecification\",\"valueRequired\":true,\"valueName\":\"search_term_string\"}}],\"inLanguage\":\"en-US\"},{\"@type\":\"Organization\",\"@id\":\"https:\/\/gr-100.com\/#organization\",\"name\":\"Gr-100\",\"url\":\"https:\/\/gr-100.com\/\",\"logo\":{\"@type\":\"ImageObject\",\"inLanguage\":\"en-US\",\"@id\":\"https:\/\/gr-100.com\/#\/schema\/logo\/image\/\",\"url\":\"https:\/\/gr-100.com\/wp-content\/uploads\/2023\/08\/logo-gr-100-bikes.png\",\"contentUrl\":\"https:\/\/gr-100.com\/wp-content\/uploads\/2023\/08\/logo-gr-100-bikes.png\",\"width\":707,\"height\":284,\"caption\":\"Gr-100\"},\"image\":{\"@id\":\"https:\/\/gr-100.com\/#\/schema\/logo\/image\/\"},\"sameAs\":[\"https:\/\/www.facebook.com\/Gr100Bikes\",\"https:\/\/www.instagram.com\/gr100bikes\/\",\"https:\/\/www.tiktok.com\/@gr100bikes\",\"https:\/\/twitter.com\/gr100mtbteam\",\"https:\/\/www.youtube.com\/c\/GR100Specialized\"]}]}<\/script>\n<!-- \/ Yoast SEO Premium plugin. -->","yoast_head_json":{"title":"Specialized Neum\u00e1tico de competici\u00f3n S-Works Turbo TLR GR-100","description":"El neum\u00e1tico S-Works Turbo TLR ofrece la combinaci\u00f3n definitiva de velocidad en carretera y durabilidad. La banda de rodadura optimizada con compuesto dual GRIPTON T2\/T5 mejora la resistencia a la rodadura en un 10 %, mientras que una construcci\u00f3n eficiente reduce el peso 20 g para una aceleraci\u00f3n y ascensos m\u00e1s r\u00e1pidos. La resistente carcasa TLR con una banda adicional antipinchazos hace que este sea el neum\u00e1tico ideal durante toda la temporada, en condiciones tanto mojadas como secas. Para competir y entrenar con un solo neum\u00e1tico, S-Works Turbo TLR es la opci\u00f3n perfecta.","robots":{"index":"index","follow":"follow","max-snippet":"max-snippet:-1","max-image-preview":"max-image-preview:large","max-video-preview":"max-video-preview:-1"},"canonical":"https:\/\/gr-100.com\/en\/producto\/specialized-neumatico-de-competicion-s-works-turbo-tlr\/","og_locale":"en_US","og_type":"article","og_title":"Specialized Neum\u00e1tico de competici\u00f3n S-Works Turbo TLR","og_description":"El neum\u00e1tico S-Works Turbo TLR ofrece la combinaci\u00f3n definitiva de velocidad en carretera y durabilidad. La banda de rodadura optimizada con compuesto dual GRIPTON T2\/T5 mejora la resistencia a la rodadura en un 10 %, mientras que una construcci\u00f3n eficiente reduce el peso 20 g para una aceleraci\u00f3n y ascensos m\u00e1s r\u00e1pidos. La resistente carcasa TLR con una banda adicional antipinchazos hace que este sea el neum\u00e1tico ideal durante toda la temporada, en condiciones tanto mojadas como secas. Para competir y entrenar con un solo neum\u00e1tico, S-Works Turbo TLR es la opci\u00f3n perfecta.","og_url":"https:\/\/gr-100.com\/en\/producto\/specialized-neumatico-de-competicion-s-works-turbo-tlr\/","og_site_name":"Gr-100 Tienda de ciclismo Specialized","article_publisher":"https:\/\/www.facebook.com\/Gr100Bikes","og_image":[{"width":1000,"height":1000,"url":"https:\/\/gr-100.com\/wp-content\/uploads\/2025\/12\/Diseno-sin-titulo-2025-12-16T115314.240.jpg","type":"image\/jpeg"}],"twitter_card":"summary_large_image","schema":{"@context":"https:\/\/schema.org","@graph":[{"@type":"WebPage","@id":"https:\/\/gr-100.com\/en\/producto\/specialized-neumatico-de-competicion-s-works-turbo-tlr\/","url":"https:\/\/gr-100.com\/en\/producto\/specialized-neumatico-de-competicion-s-works-turbo-tlr\/","name":"Specialized Neum\u00e1tico de competici\u00f3n S-Works Turbo TLR GR-100","isPartOf":{"@id":"https:\/\/gr-100.com\/#website"},"primaryImageOfPage":{"@id":"https:\/\/gr-100.com\/en\/producto\/specialized-neumatico-de-competicion-s-works-turbo-tlr\/#primaryimage"},"image":{"@id":"https:\/\/gr-100.com\/en\/producto\/specialized-neumatico-de-competicion-s-works-turbo-tlr\/#primaryimage"},"thumbnailUrl":"https:\/\/gr-100.com\/wp-content\/uploads\/2025\/12\/Diseno-sin-titulo-2025-12-16T115314.240.jpg","datePublished":"2025-12-16T12:29:40+00:00","description":"El neum\u00e1tico S-Works Turbo TLR ofrece la combinaci\u00f3n definitiva de velocidad en carretera y durabilidad. La banda de rodadura optimizada con compuesto dual GRIPTON T2\/T5 mejora la resistencia a la rodadura en un 10 %, mientras que una construcci\u00f3n eficiente reduce el peso 20 g para una aceleraci\u00f3n y ascensos m\u00e1s r\u00e1pidos. La resistente carcasa TLR con una banda adicional antipinchazos hace que este sea el neum\u00e1tico ideal durante toda la temporada, en condiciones tanto mojadas como secas. Para competir y entrenar con un solo neum\u00e1tico, S-Works Turbo TLR es la opci\u00f3n perfecta.","breadcrumb":{"@id":"https:\/\/gr-100.com\/en\/producto\/specialized-neumatico-de-competicion-s-works-turbo-tlr\/#breadcrumb"},"inLanguage":"en-US","potentialAction":[{"@type":"ReadAction","target":["https:\/\/gr-100.com\/en\/producto\/specialized-neumatico-de-competicion-s-works-turbo-tlr\/"]}]},{"@type":"ImageObject","inLanguage":"en-US","@id":"https:\/\/gr-100.com\/en\/producto\/specialized-neumatico-de-competicion-s-works-turbo-tlr\/#primaryimage","url":"https:\/\/gr-100.com\/wp-content\/uploads\/2025\/12\/Diseno-sin-titulo-2025-12-16T115314.240.jpg","contentUrl":"https:\/\/gr-100.com\/wp-content\/uploads\/2025\/12\/Diseno-sin-titulo-2025-12-16T115314.240.jpg","width":1000,"height":1000},{"@type":"BreadcrumbList","@id":"https:\/\/gr-100.com\/en\/producto\/specialized-neumatico-de-competicion-s-works-turbo-tlr\/#breadcrumb","itemListElement":[{"@type":"ListItem","position":1,"name":"Portada","item":"https:\/\/gr-100.com\/pt-pt\/"},{"@type":"ListItem","position":2,"name":"Productos","item":"https:\/\/gr-100.com\/?post_type=product"},{"@type":"ListItem","position":3,"name":"Specialized Neum\u00e1tico de competici\u00f3n S-Works Turbo TLR"}]},{"@type":"WebSite","@id":"https:\/\/gr-100.com\/#website","url":"https:\/\/gr-100.com\/","name":"Gr-100 Tienda de ciclismo Specialized","description":"GR-100 tenemos todas las gamas de bicicletas Specialized al mejor precio.","publisher":{"@id":"https:\/\/gr-100.com\/#organization"},"alternateName":"Gr-100 Bikes","potentialAction":[{"@type":"SearchAction","target":{"@type":"EntryPoint","urlTemplate":"https:\/\/gr-100.com\/?s={search_term_string}"},"query-input":{"@type":"PropertyValueSpecification","valueRequired":true,"valueName":"search_term_string"}}],"inLanguage":"en-US"},{"@type":"Organization","@id":"https:\/\/gr-100.com\/#organization","name":"Gr-100","url":"https:\/\/gr-100.com\/","logo":{"@type":"ImageObject","inLanguage":"en-US","@id":"https:\/\/gr-100.com\/#\/schema\/logo\/image\/","url":"https:\/\/gr-100.com\/wp-content\/uploads\/2023\/08\/logo-gr-100-bikes.png","contentUrl":"https:\/\/gr-100.com\/wp-content\/uploads\/2023\/08\/logo-gr-100-bikes.png","width":707,"height":284,"caption":"Gr-100"},"image":{"@id":"https:\/\/gr-100.com\/#\/schema\/logo\/image\/"},"sameAs":["https:\/\/www.facebook.com\/Gr100Bikes","https:\/\/www.instagram.com\/gr100bikes\/","https:\/\/www.tiktok.com\/@gr100bikes","https:\/\/twitter.com\/gr100mtbteam","https:\/\/www.youtube.com\/c\/GR100Specialized"]}]}},"_links":{"self":[{"href":"https:\/\/gr-100.com\/en\/wp-json\/wp\/v2\/product\/429297","targetHints":{"allow":["GET"]}}],"collection":[{"href":"https:\/\/gr-100.com\/en\/wp-json\/wp\/v2\/product"}],"about":[{"href":"https:\/\/gr-100.com\/en\/wp-json\/wp\/v2\/types\/product"}],"replies":[{"embeddable":true,"href":"https:\/\/gr-100.com\/en\/wp-json\/wp\/v2\/comments?post=429297"}],"wp:featuredmedia":[{"embeddable":true,"href":"https:\/\/gr-100.com\/en\/wp-json\/wp\/v2\/media\/422893"}],"wp:attachment":[{"href":"https:\/\/gr-100.com\/en\/wp-json\/wp\/v2\/media?parent=429297"}],"wp:term":[{"taxonomy":"product_brand","embeddable":true,"href":"https:\/\/gr-100.com\/en\/wp-json\/wp\/v2\/product_brand?post=429297"},{"taxonomy":"product_cat","embeddable":true,"href":"https:\/\/gr-100.com\/en\/wp-json\/wp\/v2\/product_cat?post=429297"},{"taxonomy":"product_tag","embeddable":true,"href":"https:\/\/gr-100.com\/en\/wp-json\/wp\/v2\/product_tag?post=429297"}],"curies":[{"name":"wp","href":"https:\/\/api.w.org\/{rel}","templated":true}]}}