{"id":429413,"date":"2025-04-01T10:35:11","date_gmt":"2025-04-01T08:35:11","guid":{"rendered":"https:\/\/gr-100.com\/producto\/fox-casco-speedframe-solid\/"},"modified":"2025-04-01T10:35:11","modified_gmt":"2025-04-01T08:35:11","slug":"fox-casco-speedframe-solid","status":"publish","type":"product","link":"https:\/\/gr-100.com\/en\/producto\/fox-casco-speedframe-solid\/","title":{"rendered":"Fox Casco Speedframe Solid"},"content":{"rendered":"<p>El casco Speedframe Solid presenta el ic\u00f3nico estilo de Fox, adem\u00e1s de Mips\u00ae para mantenerte protegido en los senderos, ventilaci\u00f3n optimizada para que est\u00e9s siempre fresco y el sistema 360\u00b0 Fit, que logra un ajuste perfecto. Si le sumamos el ADN del legendario dise\u00f1o agresivo de Fox, el resultado es uno de los cascos de MTB m\u00e1s preparados para arrasar en la modalidad trail a d\u00eda de hoy. <\/p>\n<p>Specs<\/p>\n<ul>\n<li>Se ha demostrado que, cuando se integra en un casco, el sistema de protecci\u00f3n adicional Mips\u00ae reduce el movimiento rotacional ya que absorbe y redirige las energ\u00edas y fuerzas que, de otro modo, se transmitir\u00edan al cerebro<\/li>\n<li>La ventilaci\u00f3n optimizada con EPS moldeado con canales proporciona una refrigeraci\u00f3n eficiente<\/li>\n<li>Forro extra\u00edble y lavable que absorbe la humedad<\/li>\n<li>El sistema 360\u00b0 Fit te permite el ajuste perfecto en cada salida<\/li>\n<li>La pantalla ajustable con una mano es compatible con gafas de sol o de protecci\u00f3n<\/li>\n<li>Soluci\u00f3n espec\u00edfica para guardar las gafas de sol<\/li>\n<li>Tallas: peque\u00f1a, mediana y grande<\/li>\n<li>Regulaci\u00f3n del ajuste<\/li>\n<li>Sistema 360\u00b0 Fit: gira la rueda en sentido antihorario para aflojar y en sentido horario para apretar; permite un ajuste preciso. Ajusta el casco cuando lo lleves puesto <\/li>\n<li>Soporte trasero: cuatro puntos de ajuste mueven el soporte hacia arriba o hacia abajo de tu cabeza para asegurar el mejor ajuste posible<\/li>\n<li>Como referencia adecuada, los nuevos cascos Speedframe RS, Speedframe Pro y Speedframe comparten la misma forma de cabeza que la generaci\u00f3n anterior<\/li>\n<\/ul>\n","protected":false},"excerpt":{"rendered":"<p>Protecci\u00f3n esencial, casco abierto de rendimiento<\/p>\n","protected":false},"featured_media":405298,"comment_status":"open","ping_status":"closed","template":"","meta":{"_acf_changed":false,"_et_pb_use_builder":"","_et_pb_old_content":"","_et_gb_content_width":"","inline_featured_image":false},"product_brand":[],"product_cat":[317,319],"product_tag":[],"class_list":{"0":"post-429413","1":"product","2":"type-product","3":"status-publish","4":"has-post-thumbnail","6":"product_cat-accessories","7":"product_cat-helmets","9":"first","10":"outofstock","11":"taxable","12":"shipping-taxable","13":"purchasable","14":"product-type-variable","15":"wvs-archive-product-wrapper"},"acf":[],"yoast_head":"<!-- This site is optimized with the Yoast SEO Premium plugin v26.7 (Yoast SEO v26.7) - https:\/\/yoast.com\/wordpress\/plugins\/seo\/ -->\n<title>Fox Casco Speedframe Solid Gr-100 Fox Casco Speedframe Solid<\/title>\n<meta name=\"description\" content=\"El casco Speedframe Solid presenta el ic\u00f3nico estilo de Fox, adem\u00e1s de Mips\u00ae para mantenerte protegido en los senderos, ventilaci\u00f3n optimizada\" \/>\n<meta name=\"robots\" content=\"index, follow, max-snippet:-1, max-image-preview:large, max-video-preview:-1\" \/>\n<link rel=\"canonical\" href=\"https:\/\/gr-100.com\/en\/producto\/fox-casco-speedframe-solid\/\" \/>\n<meta property=\"og:locale\" content=\"en_US\" \/>\n<meta property=\"og:type\" content=\"article\" \/>\n<meta property=\"og:title\" content=\"Fox Casco Speedframe Solid\" \/>\n<meta property=\"og:description\" content=\"El casco Speedframe Solid presenta el ic\u00f3nico estilo de Fox, adem\u00e1s de Mips\u00ae para mantenerte protegido en los senderos, ventilaci\u00f3n optimizada\" \/>\n<meta property=\"og:url\" content=\"https:\/\/gr-100.com\/en\/producto\/fox-casco-speedframe-solid\/\" \/>\n<meta property=\"og:site_name\" content=\"Gr-100 Tienda de ciclismo Specialized\" \/>\n<meta property=\"article:publisher\" content=\"https:\/\/www.facebook.com\/Gr100Bikes\" \/>\n<meta property=\"og:image\" content=\"https:\/\/gr-100.com\/wp-content\/uploads\/2025\/04\/33497001_1-CASCO-FOX-1.jpg\" \/>\n\t<meta property=\"og:image:width\" content=\"1500\" \/>\n\t<meta property=\"og:image:height\" content=\"1500\" \/>\n\t<meta property=\"og:image:type\" content=\"image\/jpeg\" \/>\n<meta name=\"twitter:card\" content=\"summary_large_image\" \/>\n<meta name=\"twitter:label1\" content=\"Est. reading time\" \/>\n\t<meta name=\"twitter:data1\" content=\"1 minute\" \/>\n<script type=\"application\/ld+json\" class=\"yoast-schema-graph\">{\"@context\":\"https:\/\/schema.org\",\"@graph\":[{\"@type\":\"WebPage\",\"@id\":\"https:\/\/gr-100.com\/en\/producto\/fox-casco-speedframe-solid\/\",\"url\":\"https:\/\/gr-100.com\/en\/producto\/fox-casco-speedframe-solid\/\",\"name\":\"Fox Casco Speedframe Solid Gr-100 Fox Casco Speedframe Solid\",\"isPartOf\":{\"@id\":\"https:\/\/gr-100.com\/#website\"},\"primaryImageOfPage\":{\"@id\":\"https:\/\/gr-100.com\/en\/producto\/fox-casco-speedframe-solid\/#primaryimage\"},\"image\":{\"@id\":\"https:\/\/gr-100.com\/en\/producto\/fox-casco-speedframe-solid\/#primaryimage\"},\"thumbnailUrl\":\"https:\/\/gr-100.com\/wp-content\/uploads\/2025\/04\/33497001_1-CASCO-FOX-1.jpg\",\"datePublished\":\"2025-04-01T08:35:11+00:00\",\"description\":\"El casco Speedframe Solid presenta el ic\u00f3nico estilo de Fox, adem\u00e1s de Mips\u00ae para mantenerte protegido en los senderos, ventilaci\u00f3n optimizada\",\"breadcrumb\":{\"@id\":\"https:\/\/gr-100.com\/en\/producto\/fox-casco-speedframe-solid\/#breadcrumb\"},\"inLanguage\":\"en-US\",\"potentialAction\":[{\"@type\":\"ReadAction\",\"target\":[\"https:\/\/gr-100.com\/en\/producto\/fox-casco-speedframe-solid\/\"]}]},{\"@type\":\"ImageObject\",\"inLanguage\":\"en-US\",\"@id\":\"https:\/\/gr-100.com\/en\/producto\/fox-casco-speedframe-solid\/#primaryimage\",\"url\":\"https:\/\/gr-100.com\/wp-content\/uploads\/2025\/04\/33497001_1-CASCO-FOX-1.jpg\",\"contentUrl\":\"https:\/\/gr-100.com\/wp-content\/uploads\/2025\/04\/33497001_1-CASCO-FOX-1.jpg\",\"width\":1500,\"height\":1500},{\"@type\":\"BreadcrumbList\",\"@id\":\"https:\/\/gr-100.com\/en\/producto\/fox-casco-speedframe-solid\/#breadcrumb\",\"itemListElement\":[{\"@type\":\"ListItem\",\"position\":1,\"name\":\"Portada\",\"item\":\"https:\/\/gr-100.com\/pt-pt\/\"},{\"@type\":\"ListItem\",\"position\":2,\"name\":\"Productos\",\"item\":\"https:\/\/gr-100.com\/?post_type=product\"},{\"@type\":\"ListItem\",\"position\":3,\"name\":\"Fox Casco Speedframe Solid\"}]},{\"@type\":\"WebSite\",\"@id\":\"https:\/\/gr-100.com\/#website\",\"url\":\"https:\/\/gr-100.com\/\",\"name\":\"Gr-100 Tienda de ciclismo Specialized\",\"description\":\"GR-100 tenemos todas las gamas de bicicletas Specialized al mejor precio.\",\"publisher\":{\"@id\":\"https:\/\/gr-100.com\/#organization\"},\"alternateName\":\"Gr-100 Bikes\",\"potentialAction\":[{\"@type\":\"SearchAction\",\"target\":{\"@type\":\"EntryPoint\",\"urlTemplate\":\"https:\/\/gr-100.com\/?s={search_term_string}\"},\"query-input\":{\"@type\":\"PropertyValueSpecification\",\"valueRequired\":true,\"valueName\":\"search_term_string\"}}],\"inLanguage\":\"en-US\"},{\"@type\":\"Organization\",\"@id\":\"https:\/\/gr-100.com\/#organization\",\"name\":\"Gr-100\",\"url\":\"https:\/\/gr-100.com\/\",\"logo\":{\"@type\":\"ImageObject\",\"inLanguage\":\"en-US\",\"@id\":\"https:\/\/gr-100.com\/#\/schema\/logo\/image\/\",\"url\":\"https:\/\/gr-100.com\/wp-content\/uploads\/2023\/08\/logo-gr-100-bikes.png\",\"contentUrl\":\"https:\/\/gr-100.com\/wp-content\/uploads\/2023\/08\/logo-gr-100-bikes.png\",\"width\":707,\"height\":284,\"caption\":\"Gr-100\"},\"image\":{\"@id\":\"https:\/\/gr-100.com\/#\/schema\/logo\/image\/\"},\"sameAs\":[\"https:\/\/www.facebook.com\/Gr100Bikes\",\"https:\/\/www.instagram.com\/gr100bikes\/\",\"https:\/\/www.tiktok.com\/@gr100bikes\",\"https:\/\/twitter.com\/gr100mtbteam\",\"https:\/\/www.youtube.com\/c\/GR100Specialized\"]}]}<\/script>\n<!-- \/ Yoast SEO Premium plugin. -->","yoast_head_json":{"title":"Fox Casco Speedframe Solid Gr-100 Fox Casco Speedframe Solid","description":"El casco Speedframe Solid presenta el ic\u00f3nico estilo de Fox, adem\u00e1s de Mips\u00ae para mantenerte protegido en los senderos, ventilaci\u00f3n optimizada","robots":{"index":"index","follow":"follow","max-snippet":"max-snippet:-1","max-image-preview":"max-image-preview:large","max-video-preview":"max-video-preview:-1"},"canonical":"https:\/\/gr-100.com\/en\/producto\/fox-casco-speedframe-solid\/","og_locale":"en_US","og_type":"article","og_title":"Fox Casco Speedframe Solid","og_description":"El casco Speedframe Solid presenta el ic\u00f3nico estilo de Fox, adem\u00e1s de Mips\u00ae para mantenerte protegido en los senderos, ventilaci\u00f3n optimizada","og_url":"https:\/\/gr-100.com\/en\/producto\/fox-casco-speedframe-solid\/","og_site_name":"Gr-100 Tienda de ciclismo Specialized","article_publisher":"https:\/\/www.facebook.com\/Gr100Bikes","og_image":[{"width":1500,"height":1500,"url":"https:\/\/gr-100.com\/wp-content\/uploads\/2025\/04\/33497001_1-CASCO-FOX-1.jpg","type":"image\/jpeg"}],"twitter_card":"summary_large_image","twitter_misc":{"Est. reading time":"1 minute"},"schema":{"@context":"https:\/\/schema.org","@graph":[{"@type":"WebPage","@id":"https:\/\/gr-100.com\/en\/producto\/fox-casco-speedframe-solid\/","url":"https:\/\/gr-100.com\/en\/producto\/fox-casco-speedframe-solid\/","name":"Fox Casco Speedframe Solid Gr-100 Fox Casco Speedframe Solid","isPartOf":{"@id":"https:\/\/gr-100.com\/#website"},"primaryImageOfPage":{"@id":"https:\/\/gr-100.com\/en\/producto\/fox-casco-speedframe-solid\/#primaryimage"},"image":{"@id":"https:\/\/gr-100.com\/en\/producto\/fox-casco-speedframe-solid\/#primaryimage"},"thumbnailUrl":"https:\/\/gr-100.com\/wp-content\/uploads\/2025\/04\/33497001_1-CASCO-FOX-1.jpg","datePublished":"2025-04-01T08:35:11+00:00","description":"El casco Speedframe Solid presenta el ic\u00f3nico estilo de Fox, adem\u00e1s de Mips\u00ae para mantenerte protegido en los senderos, ventilaci\u00f3n optimizada","breadcrumb":{"@id":"https:\/\/gr-100.com\/en\/producto\/fox-casco-speedframe-solid\/#breadcrumb"},"inLanguage":"en-US","potentialAction":[{"@type":"ReadAction","target":["https:\/\/gr-100.com\/en\/producto\/fox-casco-speedframe-solid\/"]}]},{"@type":"ImageObject","inLanguage":"en-US","@id":"https:\/\/gr-100.com\/en\/producto\/fox-casco-speedframe-solid\/#primaryimage","url":"https:\/\/gr-100.com\/wp-content\/uploads\/2025\/04\/33497001_1-CASCO-FOX-1.jpg","contentUrl":"https:\/\/gr-100.com\/wp-content\/uploads\/2025\/04\/33497001_1-CASCO-FOX-1.jpg","width":1500,"height":1500},{"@type":"BreadcrumbList","@id":"https:\/\/gr-100.com\/en\/producto\/fox-casco-speedframe-solid\/#breadcrumb","itemListElement":[{"@type":"ListItem","position":1,"name":"Portada","item":"https:\/\/gr-100.com\/pt-pt\/"},{"@type":"ListItem","position":2,"name":"Productos","item":"https:\/\/gr-100.com\/?post_type=product"},{"@type":"ListItem","position":3,"name":"Fox Casco Speedframe Solid"}]},{"@type":"WebSite","@id":"https:\/\/gr-100.com\/#website","url":"https:\/\/gr-100.com\/","name":"Gr-100 Tienda de ciclismo Specialized","description":"GR-100 tenemos todas las gamas de bicicletas Specialized al mejor precio.","publisher":{"@id":"https:\/\/gr-100.com\/#organization"},"alternateName":"Gr-100 Bikes","potentialAction":[{"@type":"SearchAction","target":{"@type":"EntryPoint","urlTemplate":"https:\/\/gr-100.com\/?s={search_term_string}"},"query-input":{"@type":"PropertyValueSpecification","valueRequired":true,"valueName":"search_term_string"}}],"inLanguage":"en-US"},{"@type":"Organization","@id":"https:\/\/gr-100.com\/#organization","name":"Gr-100","url":"https:\/\/gr-100.com\/","logo":{"@type":"ImageObject","inLanguage":"en-US","@id":"https:\/\/gr-100.com\/#\/schema\/logo\/image\/","url":"https:\/\/gr-100.com\/wp-content\/uploads\/2023\/08\/logo-gr-100-bikes.png","contentUrl":"https:\/\/gr-100.com\/wp-content\/uploads\/2023\/08\/logo-gr-100-bikes.png","width":707,"height":284,"caption":"Gr-100"},"image":{"@id":"https:\/\/gr-100.com\/#\/schema\/logo\/image\/"},"sameAs":["https:\/\/www.facebook.com\/Gr100Bikes","https:\/\/www.instagram.com\/gr100bikes\/","https:\/\/www.tiktok.com\/@gr100bikes","https:\/\/twitter.com\/gr100mtbteam","https:\/\/www.youtube.com\/c\/GR100Specialized"]}]}},"_links":{"self":[{"href":"https:\/\/gr-100.com\/en\/wp-json\/wp\/v2\/product\/429413","targetHints":{"allow":["GET"]}}],"collection":[{"href":"https:\/\/gr-100.com\/en\/wp-json\/wp\/v2\/product"}],"about":[{"href":"https:\/\/gr-100.com\/en\/wp-json\/wp\/v2\/types\/product"}],"replies":[{"embeddable":true,"href":"https:\/\/gr-100.com\/en\/wp-json\/wp\/v2\/comments?post=429413"}],"wp:featuredmedia":[{"embeddable":true,"href":"https:\/\/gr-100.com\/en\/wp-json\/wp\/v2\/media\/405298"}],"wp:attachment":[{"href":"https:\/\/gr-100.com\/en\/wp-json\/wp\/v2\/media?parent=429413"}],"wp:term":[{"taxonomy":"product_brand","embeddable":true,"href":"https:\/\/gr-100.com\/en\/wp-json\/wp\/v2\/product_brand?post=429413"},{"taxonomy":"product_cat","embeddable":true,"href":"https:\/\/gr-100.com\/en\/wp-json\/wp\/v2\/product_cat?post=429413"},{"taxonomy":"product_tag","embeddable":true,"href":"https:\/\/gr-100.com\/en\/wp-json\/wp\/v2\/product_tag?post=429413"}],"curies":[{"name":"wp","href":"https:\/\/api.w.org\/{rel}","templated":true}]}}