{"id":429417,"date":"2025-03-25T12:18:33","date_gmt":"2025-03-25T11:18:33","guid":{"rendered":"https:\/\/gr-100.com\/producto\/specialized-mio-2-nin\/"},"modified":"2025-03-25T12:18:33","modified_gmt":"2025-03-25T10:18:33","slug":"specialized-mio-2-nin","status":"publish","type":"product","link":"https:\/\/gr-100.com\/en\/producto\/specialized-mio-2-nin\/","title":{"rendered":"Specialized Mio 2 ni\u00f1@"},"content":{"rendered":"<ul>\n<li>Equipado con Mips.<\/li>\n<li>Sistema de ajuste Headset SX con tallaje orientado a los m\u00e1s peque\u00f1os, dise\u00f1ado para un ajuste f\u00e1cil y preciso.<\/li>\n<li>Calota inyectada que mejora la resistencia y reduce el peso.<\/li>\n<li>Separador de las correas Tri-Fix para mejorar la comodidad y facilitar su ajuste.<\/li>\n<li>Correa reflectante y adhesivo trasero para aumentar la visibilidad en condiciones de poca luz.<\/li>\n<li>46-51 cm OSFM talla infantil, aproximadamente hasta los 3 a\u00f1os.<\/li>\n<\/ul>\n","protected":false},"excerpt":{"rendered":"<p>Mant\u00e9n a tu peque\u00f1o ciclista en el camino hacia la libertad sobre dos ruedas con el nuevo casco Mio 2. Gracias a una exclusiva colaboraci\u00f3n con el KTH Royal Institute of Technology (KTH) y Mips, compartimos los dise\u00f1os CAD de nuestros cascos y estudiamos los cr\u00e1neos maleables de los m\u00e1s peque\u00f1os mediante el an\u00e1lisis de elementos finitos (FEA). Como las cabezas de los ni\u00f1os son m\u00e1s blandas y a\u00fan est\u00e1n desarroll\u00e1ndose, el resultado de esta colaboraci\u00f3n ha sido el uso de espuma de baja densidad.  <\/p>\n","protected":false},"featured_media":404160,"comment_status":"open","ping_status":"closed","template":"","meta":{"_acf_changed":false,"_et_pb_use_builder":"","_et_pb_old_content":"","_et_gb_content_width":"","inline_featured_image":false},"product_brand":[],"product_cat":[317,319],"product_tag":[],"class_list":{"0":"post-429417","1":"product","2":"type-product","3":"status-publish","4":"has-post-thumbnail","6":"product_cat-accessories","7":"product_cat-helmets","9":"first","10":"instock","11":"taxable","12":"shipping-taxable","13":"purchasable","14":"product-type-variable","15":"wvs-archive-product-wrapper"},"acf":[],"yoast_head":"<!-- This site is optimized with the Yoast SEO Premium plugin v26.7 (Yoast SEO v26.7) - https:\/\/yoast.com\/wordpress\/plugins\/seo\/ -->\n<title>Specialized Mio 2 ni\u00f1@ GR-100<\/title>\n<meta name=\"description\" content=\"Mant\u00e9n a tu peque\u00f1o ciclista en el camino hacia la libertad sobre 2 ruedas. Gracias a la colaboraci\u00f3n con el KTH Royal Institute of Technology (KTH) y Mips\" \/>\n<meta name=\"robots\" content=\"index, follow, max-snippet:-1, max-image-preview:large, max-video-preview:-1\" \/>\n<link rel=\"canonical\" href=\"https:\/\/gr-100.com\/en\/producto\/specialized-mio-2-nin\/\" \/>\n<meta property=\"og:locale\" content=\"en_US\" \/>\n<meta property=\"og:type\" content=\"article\" \/>\n<meta property=\"og:title\" content=\"Specialized Mio 2 ni\u00f1@\" \/>\n<meta property=\"og:description\" content=\"Mant\u00e9n a tu peque\u00f1o ciclista en el camino hacia la libertad sobre 2 ruedas. Gracias a la colaboraci\u00f3n con el KTH Royal Institute of Technology (KTH) y Mips\" \/>\n<meta property=\"og:url\" content=\"https:\/\/gr-100.com\/en\/producto\/specialized-mio-2-nin\/\" \/>\n<meta property=\"og:site_name\" content=\"Gr-100 Tienda de ciclismo Specialized\" \/>\n<meta property=\"article:publisher\" content=\"https:\/\/www.facebook.com\/Gr100Bikes\" \/>\n<meta property=\"og:image\" content=\"https:\/\/gr-100.com\/wp-content\/uploads\/2025\/03\/Diseno-sin-titulo-2025-03-25T125215.568.jpg\" \/>\n\t<meta property=\"og:image:width\" content=\"1000\" \/>\n\t<meta property=\"og:image:height\" content=\"1000\" \/>\n\t<meta property=\"og:image:type\" content=\"image\/jpeg\" \/>\n<meta name=\"twitter:card\" content=\"summary_large_image\" \/>\n<script type=\"application\/ld+json\" class=\"yoast-schema-graph\">{\"@context\":\"https:\/\/schema.org\",\"@graph\":[{\"@type\":\"WebPage\",\"@id\":\"https:\/\/gr-100.com\/en\/producto\/specialized-mio-2-nin\/\",\"url\":\"https:\/\/gr-100.com\/en\/producto\/specialized-mio-2-nin\/\",\"name\":\"Specialized Mio 2 ni\u00f1@ GR-100\",\"isPartOf\":{\"@id\":\"https:\/\/gr-100.com\/#website\"},\"primaryImageOfPage\":{\"@id\":\"https:\/\/gr-100.com\/en\/producto\/specialized-mio-2-nin\/#primaryimage\"},\"image\":{\"@id\":\"https:\/\/gr-100.com\/en\/producto\/specialized-mio-2-nin\/#primaryimage\"},\"thumbnailUrl\":\"https:\/\/gr-100.com\/wp-content\/uploads\/2025\/03\/Diseno-sin-titulo-2025-03-25T125215.568.jpg\",\"datePublished\":\"2025-03-25T11:18:33+00:00\",\"description\":\"Mant\u00e9n a tu peque\u00f1o ciclista en el camino hacia la libertad sobre 2 ruedas. Gracias a la colaboraci\u00f3n con el KTH Royal Institute of Technology (KTH) y Mips\",\"breadcrumb\":{\"@id\":\"https:\/\/gr-100.com\/en\/producto\/specialized-mio-2-nin\/#breadcrumb\"},\"inLanguage\":\"en-US\",\"potentialAction\":[{\"@type\":\"ReadAction\",\"target\":[\"https:\/\/gr-100.com\/en\/producto\/specialized-mio-2-nin\/\"]}]},{\"@type\":\"ImageObject\",\"inLanguage\":\"en-US\",\"@id\":\"https:\/\/gr-100.com\/en\/producto\/specialized-mio-2-nin\/#primaryimage\",\"url\":\"https:\/\/gr-100.com\/wp-content\/uploads\/2025\/03\/Diseno-sin-titulo-2025-03-25T125215.568.jpg\",\"contentUrl\":\"https:\/\/gr-100.com\/wp-content\/uploads\/2025\/03\/Diseno-sin-titulo-2025-03-25T125215.568.jpg\",\"width\":1000,\"height\":1000},{\"@type\":\"BreadcrumbList\",\"@id\":\"https:\/\/gr-100.com\/en\/producto\/specialized-mio-2-nin\/#breadcrumb\",\"itemListElement\":[{\"@type\":\"ListItem\",\"position\":1,\"name\":\"Portada\",\"item\":\"https:\/\/gr-100.com\/pt-pt\/\"},{\"@type\":\"ListItem\",\"position\":2,\"name\":\"Productos\",\"item\":\"https:\/\/gr-100.com\/?post_type=product\"},{\"@type\":\"ListItem\",\"position\":3,\"name\":\"Specialized Mio 2 ni\u00f1@\"}]},{\"@type\":\"WebSite\",\"@id\":\"https:\/\/gr-100.com\/#website\",\"url\":\"https:\/\/gr-100.com\/\",\"name\":\"Gr-100 Tienda de ciclismo Specialized\",\"description\":\"GR-100 tenemos todas las gamas de bicicletas Specialized al mejor precio.\",\"publisher\":{\"@id\":\"https:\/\/gr-100.com\/#organization\"},\"alternateName\":\"Gr-100 Bikes\",\"potentialAction\":[{\"@type\":\"SearchAction\",\"target\":{\"@type\":\"EntryPoint\",\"urlTemplate\":\"https:\/\/gr-100.com\/?s={search_term_string}\"},\"query-input\":{\"@type\":\"PropertyValueSpecification\",\"valueRequired\":true,\"valueName\":\"search_term_string\"}}],\"inLanguage\":\"en-US\"},{\"@type\":\"Organization\",\"@id\":\"https:\/\/gr-100.com\/#organization\",\"name\":\"Gr-100\",\"url\":\"https:\/\/gr-100.com\/\",\"logo\":{\"@type\":\"ImageObject\",\"inLanguage\":\"en-US\",\"@id\":\"https:\/\/gr-100.com\/#\/schema\/logo\/image\/\",\"url\":\"https:\/\/gr-100.com\/wp-content\/uploads\/2023\/08\/logo-gr-100-bikes.png\",\"contentUrl\":\"https:\/\/gr-100.com\/wp-content\/uploads\/2023\/08\/logo-gr-100-bikes.png\",\"width\":707,\"height\":284,\"caption\":\"Gr-100\"},\"image\":{\"@id\":\"https:\/\/gr-100.com\/#\/schema\/logo\/image\/\"},\"sameAs\":[\"https:\/\/www.facebook.com\/Gr100Bikes\",\"https:\/\/www.instagram.com\/gr100bikes\/\",\"https:\/\/www.tiktok.com\/@gr100bikes\",\"https:\/\/twitter.com\/gr100mtbteam\",\"https:\/\/www.youtube.com\/c\/GR100Specialized\"]}]}<\/script>\n<!-- \/ Yoast SEO Premium plugin. -->","yoast_head_json":{"title":"Specialized Mio 2 ni\u00f1@ GR-100","description":"Mant\u00e9n a tu peque\u00f1o ciclista en el camino hacia la libertad sobre 2 ruedas. Gracias a la colaboraci\u00f3n con el KTH Royal Institute of Technology (KTH) y Mips","robots":{"index":"index","follow":"follow","max-snippet":"max-snippet:-1","max-image-preview":"max-image-preview:large","max-video-preview":"max-video-preview:-1"},"canonical":"https:\/\/gr-100.com\/en\/producto\/specialized-mio-2-nin\/","og_locale":"en_US","og_type":"article","og_title":"Specialized Mio 2 ni\u00f1@","og_description":"Mant\u00e9n a tu peque\u00f1o ciclista en el camino hacia la libertad sobre 2 ruedas. Gracias a la colaboraci\u00f3n con el KTH Royal Institute of Technology (KTH) y Mips","og_url":"https:\/\/gr-100.com\/en\/producto\/specialized-mio-2-nin\/","og_site_name":"Gr-100 Tienda de ciclismo Specialized","article_publisher":"https:\/\/www.facebook.com\/Gr100Bikes","og_image":[{"width":1000,"height":1000,"url":"https:\/\/gr-100.com\/wp-content\/uploads\/2025\/03\/Diseno-sin-titulo-2025-03-25T125215.568.jpg","type":"image\/jpeg"}],"twitter_card":"summary_large_image","schema":{"@context":"https:\/\/schema.org","@graph":[{"@type":"WebPage","@id":"https:\/\/gr-100.com\/en\/producto\/specialized-mio-2-nin\/","url":"https:\/\/gr-100.com\/en\/producto\/specialized-mio-2-nin\/","name":"Specialized Mio 2 ni\u00f1@ GR-100","isPartOf":{"@id":"https:\/\/gr-100.com\/#website"},"primaryImageOfPage":{"@id":"https:\/\/gr-100.com\/en\/producto\/specialized-mio-2-nin\/#primaryimage"},"image":{"@id":"https:\/\/gr-100.com\/en\/producto\/specialized-mio-2-nin\/#primaryimage"},"thumbnailUrl":"https:\/\/gr-100.com\/wp-content\/uploads\/2025\/03\/Diseno-sin-titulo-2025-03-25T125215.568.jpg","datePublished":"2025-03-25T11:18:33+00:00","description":"Mant\u00e9n a tu peque\u00f1o ciclista en el camino hacia la libertad sobre 2 ruedas. Gracias a la colaboraci\u00f3n con el KTH Royal Institute of Technology (KTH) y Mips","breadcrumb":{"@id":"https:\/\/gr-100.com\/en\/producto\/specialized-mio-2-nin\/#breadcrumb"},"inLanguage":"en-US","potentialAction":[{"@type":"ReadAction","target":["https:\/\/gr-100.com\/en\/producto\/specialized-mio-2-nin\/"]}]},{"@type":"ImageObject","inLanguage":"en-US","@id":"https:\/\/gr-100.com\/en\/producto\/specialized-mio-2-nin\/#primaryimage","url":"https:\/\/gr-100.com\/wp-content\/uploads\/2025\/03\/Diseno-sin-titulo-2025-03-25T125215.568.jpg","contentUrl":"https:\/\/gr-100.com\/wp-content\/uploads\/2025\/03\/Diseno-sin-titulo-2025-03-25T125215.568.jpg","width":1000,"height":1000},{"@type":"BreadcrumbList","@id":"https:\/\/gr-100.com\/en\/producto\/specialized-mio-2-nin\/#breadcrumb","itemListElement":[{"@type":"ListItem","position":1,"name":"Portada","item":"https:\/\/gr-100.com\/pt-pt\/"},{"@type":"ListItem","position":2,"name":"Productos","item":"https:\/\/gr-100.com\/?post_type=product"},{"@type":"ListItem","position":3,"name":"Specialized Mio 2 ni\u00f1@"}]},{"@type":"WebSite","@id":"https:\/\/gr-100.com\/#website","url":"https:\/\/gr-100.com\/","name":"Gr-100 Tienda de ciclismo Specialized","description":"GR-100 tenemos todas las gamas de bicicletas Specialized al mejor precio.","publisher":{"@id":"https:\/\/gr-100.com\/#organization"},"alternateName":"Gr-100 Bikes","potentialAction":[{"@type":"SearchAction","target":{"@type":"EntryPoint","urlTemplate":"https:\/\/gr-100.com\/?s={search_term_string}"},"query-input":{"@type":"PropertyValueSpecification","valueRequired":true,"valueName":"search_term_string"}}],"inLanguage":"en-US"},{"@type":"Organization","@id":"https:\/\/gr-100.com\/#organization","name":"Gr-100","url":"https:\/\/gr-100.com\/","logo":{"@type":"ImageObject","inLanguage":"en-US","@id":"https:\/\/gr-100.com\/#\/schema\/logo\/image\/","url":"https:\/\/gr-100.com\/wp-content\/uploads\/2023\/08\/logo-gr-100-bikes.png","contentUrl":"https:\/\/gr-100.com\/wp-content\/uploads\/2023\/08\/logo-gr-100-bikes.png","width":707,"height":284,"caption":"Gr-100"},"image":{"@id":"https:\/\/gr-100.com\/#\/schema\/logo\/image\/"},"sameAs":["https:\/\/www.facebook.com\/Gr100Bikes","https:\/\/www.instagram.com\/gr100bikes\/","https:\/\/www.tiktok.com\/@gr100bikes","https:\/\/twitter.com\/gr100mtbteam","https:\/\/www.youtube.com\/c\/GR100Specialized"]}]}},"_links":{"self":[{"href":"https:\/\/gr-100.com\/en\/wp-json\/wp\/v2\/product\/429417","targetHints":{"allow":["GET"]}}],"collection":[{"href":"https:\/\/gr-100.com\/en\/wp-json\/wp\/v2\/product"}],"about":[{"href":"https:\/\/gr-100.com\/en\/wp-json\/wp\/v2\/types\/product"}],"replies":[{"embeddable":true,"href":"https:\/\/gr-100.com\/en\/wp-json\/wp\/v2\/comments?post=429417"}],"wp:featuredmedia":[{"embeddable":true,"href":"https:\/\/gr-100.com\/en\/wp-json\/wp\/v2\/media\/404160"}],"wp:attachment":[{"href":"https:\/\/gr-100.com\/en\/wp-json\/wp\/v2\/media?parent=429417"}],"wp:term":[{"taxonomy":"product_brand","embeddable":true,"href":"https:\/\/gr-100.com\/en\/wp-json\/wp\/v2\/product_brand?post=429417"},{"taxonomy":"product_cat","embeddable":true,"href":"https:\/\/gr-100.com\/en\/wp-json\/wp\/v2\/product_cat?post=429417"},{"taxonomy":"product_tag","embeddable":true,"href":"https:\/\/gr-100.com\/en\/wp-json\/wp\/v2\/product_tag?post=429417"}],"curies":[{"name":"wp","href":"https:\/\/api.w.org\/{rel}","templated":true}]}}