{"id":429435,"date":"2025-03-25T11:20:36","date_gmt":"2025-03-25T10:20:36","guid":{"rendered":"https:\/\/gr-100.com\/producto\/specialized-gambit\/"},"modified":"2025-03-25T11:20:36","modified_gmt":"2025-03-25T09:20:36","slug":"specialized-gambit","status":"publish","type":"product","link":"https:\/\/gr-100.com\/en\/producto\/specialized-gambit\/","title":{"rendered":"Specialized Gambit"},"content":{"rendered":"<ul>\n<li>Combina una carcasa de fibra de carbono ligera, con un respaldo de estructura de policarbonato y cinco piezas optimizadas de espuma de densidad espec\u00edfica (patente pendiente) para conseguir un peso reducido, un ajuste optimizado y una mayor ventilaci\u00f3n. Certificado ASTM DH (1952). <\/li>\n<li>Ajuste m\u00e1s preciso y personalizado gracias al sistema Integrated Fit System ajustable del Gambit que se adapta a las variaciones en las formas de la cabeza y la base occipital.<\/li>\n<li>El ajuste de la base occipital personaliza el ajuste para una mayor comodidad y te permite ajustar el \u00e1ngulo del casco para asegurar que tu casco y tus gafas est\u00e9n perfectamente sincronizados<\/li>\n<li>Las almohadillas ajustables en 4 posiciones ofrecen un ajuste perfecto para cualquier forma de cabeza.<\/li>\n<li>La visera fija integrada con funci\u00f3n de ruptura proporciona un amplio campo de visi\u00f3n al tiempo que protege contra los elementos del sendero.<\/li>\n<li>Peso: 640 gramos (talla M).<\/li>\n<li>El aumento del flujo de aire y la ventilaci\u00f3n mejorada del sistema SBC Integrated Fit eliminan el acolchado excesivo con un ajuste de fricci\u00f3n tradicional.<\/li>\n<li>MIPS SL con nuestro exclusivo soporte perforado integra la tecnolog\u00eda MIPS dentro del acolchado del casco y reduce la retenci\u00f3n de humedad al tiempo que mejora la transpirabilidad.<\/li>\n<li>El dise\u00f1o de Din\u00e1mica de Fluidos Computacional proporciona el volumen m\u00e1ximo de canalizaci\u00f3n interna para un flujo de aire \u00f3ptimo a trav\u00e9s del casco. El sistema 4D proporciona un espacio <\/li>\n<li>entre el casco y la frente, lo que lleva un flujo de aire a los canales de aire internos a cualquier velocidad.<\/li>\n<li>Este casco es ANGi ready, con un montaje en el sistema de ajuste dise\u00f1ado para una f\u00e1cil integraci\u00f3n con nuestro sensor de accidentes ANGi.<\/li>\n<\/ul>\n","protected":false},"excerpt":{"rendered":"<p>Redefine tu zona de confort. Un casco integral con certificado para DH con la ventilaci\u00f3n y el ajuste de un casco abierto. Nuestro equipo de desarrollo ha trabajado en conjunto para que todos estos factores estuviesen interconectados durante las fases de dise\u00f1o e ingenier\u00eda, y as\u00ed crear un casco con un rendimiento revolucionario que ofrece m\u00e1s que la suma de sus partes.  <\/p>\n<p>&nbsp;<\/p>\n","protected":false},"featured_media":403986,"comment_status":"open","ping_status":"closed","template":"","meta":{"_acf_changed":false,"_et_pb_use_builder":"","_et_pb_old_content":"","_et_gb_content_width":"","inline_featured_image":false},"product_brand":[],"product_cat":[317,319],"product_tag":[],"class_list":{"0":"post-429435","1":"product","2":"type-product","3":"status-publish","4":"has-post-thumbnail","6":"product_cat-accessories","7":"product_cat-helmets","9":"first","10":"instock","11":"sale","12":"taxable","13":"shipping-taxable","14":"purchasable","15":"product-type-variable","16":"wvs-archive-product-wrapper"},"acf":[],"yoast_head":"<!-- This site is optimized with the Yoast SEO Premium plugin v26.7 (Yoast SEO v26.7) - https:\/\/yoast.com\/wordpress\/plugins\/seo\/ -->\n<title>Specialized Gambit GR-100<\/title>\n<meta name=\"description\" content=\"Redefine tu zona de confort. Un casco integral con certificado para DH con la ventilaci\u00f3n y el ajuste de un casco abierto. Nuestro equipo de desarrollo ha trabajado en conjunto para que todos estos factores estuviesen interconectados durante las fases de dise\u00f1o e ingenier\u00eda, y as\u00ed crear un casco con un rendimiento revolucionario que ofrece m\u00e1s que la suma de sus partes.\" \/>\n<meta name=\"robots\" content=\"index, follow, max-snippet:-1, max-image-preview:large, max-video-preview:-1\" \/>\n<link rel=\"canonical\" href=\"https:\/\/gr-100.com\/en\/producto\/specialized-gambit\/\" \/>\n<meta property=\"og:locale\" content=\"en_US\" \/>\n<meta property=\"og:type\" content=\"article\" \/>\n<meta property=\"og:title\" content=\"Specialized Gambit\" \/>\n<meta property=\"og:description\" content=\"Redefine tu zona de confort. Un casco integral con certificado para DH con la ventilaci\u00f3n y el ajuste de un casco abierto. Nuestro equipo de desarrollo ha trabajado en conjunto para que todos estos factores estuviesen interconectados durante las fases de dise\u00f1o e ingenier\u00eda, y as\u00ed crear un casco con un rendimiento revolucionario que ofrece m\u00e1s que la suma de sus partes.\" \/>\n<meta property=\"og:url\" content=\"https:\/\/gr-100.com\/en\/producto\/specialized-gambit\/\" \/>\n<meta property=\"og:site_name\" content=\"Gr-100 Tienda de ciclismo Specialized\" \/>\n<meta property=\"article:publisher\" content=\"https:\/\/www.facebook.com\/Gr100Bikes\" \/>\n<meta property=\"og:image\" content=\"https:\/\/gr-100.com\/wp-content\/uploads\/2025\/03\/Diseno-sin-titulo-2025-03-25T115539.010.jpg\" \/>\n\t<meta property=\"og:image:width\" content=\"1000\" \/>\n\t<meta property=\"og:image:height\" content=\"1000\" \/>\n\t<meta property=\"og:image:type\" content=\"image\/jpeg\" \/>\n<meta name=\"twitter:card\" content=\"summary_large_image\" \/>\n<meta name=\"twitter:label1\" content=\"Est. reading time\" \/>\n\t<meta name=\"twitter:data1\" content=\"1 minute\" \/>\n<script type=\"application\/ld+json\" class=\"yoast-schema-graph\">{\"@context\":\"https:\/\/schema.org\",\"@graph\":[{\"@type\":\"WebPage\",\"@id\":\"https:\/\/gr-100.com\/en\/producto\/specialized-gambit\/\",\"url\":\"https:\/\/gr-100.com\/en\/producto\/specialized-gambit\/\",\"name\":\"Specialized Gambit GR-100\",\"isPartOf\":{\"@id\":\"https:\/\/gr-100.com\/#website\"},\"primaryImageOfPage\":{\"@id\":\"https:\/\/gr-100.com\/en\/producto\/specialized-gambit\/#primaryimage\"},\"image\":{\"@id\":\"https:\/\/gr-100.com\/en\/producto\/specialized-gambit\/#primaryimage\"},\"thumbnailUrl\":\"https:\/\/gr-100.com\/wp-content\/uploads\/2025\/03\/Diseno-sin-titulo-2025-03-25T115539.010.jpg\",\"datePublished\":\"2025-03-25T10:20:36+00:00\",\"description\":\"Redefine tu zona de confort. Un casco integral con certificado para DH con la ventilaci\u00f3n y el ajuste de un casco abierto. Nuestro equipo de desarrollo ha trabajado en conjunto para que todos estos factores estuviesen interconectados durante las fases de dise\u00f1o e ingenier\u00eda, y as\u00ed crear un casco con un rendimiento revolucionario que ofrece m\u00e1s que la suma de sus partes.\",\"breadcrumb\":{\"@id\":\"https:\/\/gr-100.com\/en\/producto\/specialized-gambit\/#breadcrumb\"},\"inLanguage\":\"en-US\",\"potentialAction\":[{\"@type\":\"ReadAction\",\"target\":[\"https:\/\/gr-100.com\/en\/producto\/specialized-gambit\/\"]}]},{\"@type\":\"ImageObject\",\"inLanguage\":\"en-US\",\"@id\":\"https:\/\/gr-100.com\/en\/producto\/specialized-gambit\/#primaryimage\",\"url\":\"https:\/\/gr-100.com\/wp-content\/uploads\/2025\/03\/Diseno-sin-titulo-2025-03-25T115539.010.jpg\",\"contentUrl\":\"https:\/\/gr-100.com\/wp-content\/uploads\/2025\/03\/Diseno-sin-titulo-2025-03-25T115539.010.jpg\",\"width\":1000,\"height\":1000},{\"@type\":\"BreadcrumbList\",\"@id\":\"https:\/\/gr-100.com\/en\/producto\/specialized-gambit\/#breadcrumb\",\"itemListElement\":[{\"@type\":\"ListItem\",\"position\":1,\"name\":\"Portada\",\"item\":\"https:\/\/gr-100.com\/pt-pt\/\"},{\"@type\":\"ListItem\",\"position\":2,\"name\":\"Productos\",\"item\":\"https:\/\/gr-100.com\/?post_type=product\"},{\"@type\":\"ListItem\",\"position\":3,\"name\":\"Specialized Gambit\"}]},{\"@type\":\"WebSite\",\"@id\":\"https:\/\/gr-100.com\/#website\",\"url\":\"https:\/\/gr-100.com\/\",\"name\":\"Gr-100 Tienda de ciclismo Specialized\",\"description\":\"GR-100 tenemos todas las gamas de bicicletas Specialized al mejor precio.\",\"publisher\":{\"@id\":\"https:\/\/gr-100.com\/#organization\"},\"alternateName\":\"Gr-100 Bikes\",\"potentialAction\":[{\"@type\":\"SearchAction\",\"target\":{\"@type\":\"EntryPoint\",\"urlTemplate\":\"https:\/\/gr-100.com\/?s={search_term_string}\"},\"query-input\":{\"@type\":\"PropertyValueSpecification\",\"valueRequired\":true,\"valueName\":\"search_term_string\"}}],\"inLanguage\":\"en-US\"},{\"@type\":\"Organization\",\"@id\":\"https:\/\/gr-100.com\/#organization\",\"name\":\"Gr-100\",\"url\":\"https:\/\/gr-100.com\/\",\"logo\":{\"@type\":\"ImageObject\",\"inLanguage\":\"en-US\",\"@id\":\"https:\/\/gr-100.com\/#\/schema\/logo\/image\/\",\"url\":\"https:\/\/gr-100.com\/wp-content\/uploads\/2023\/08\/logo-gr-100-bikes.png\",\"contentUrl\":\"https:\/\/gr-100.com\/wp-content\/uploads\/2023\/08\/logo-gr-100-bikes.png\",\"width\":707,\"height\":284,\"caption\":\"Gr-100\"},\"image\":{\"@id\":\"https:\/\/gr-100.com\/#\/schema\/logo\/image\/\"},\"sameAs\":[\"https:\/\/www.facebook.com\/Gr100Bikes\",\"https:\/\/www.instagram.com\/gr100bikes\/\",\"https:\/\/www.tiktok.com\/@gr100bikes\",\"https:\/\/twitter.com\/gr100mtbteam\",\"https:\/\/www.youtube.com\/c\/GR100Specialized\"]}]}<\/script>\n<!-- \/ Yoast SEO Premium plugin. -->","yoast_head_json":{"title":"Specialized Gambit GR-100","description":"Redefine tu zona de confort. Un casco integral con certificado para DH con la ventilaci\u00f3n y el ajuste de un casco abierto. Nuestro equipo de desarrollo ha trabajado en conjunto para que todos estos factores estuviesen interconectados durante las fases de dise\u00f1o e ingenier\u00eda, y as\u00ed crear un casco con un rendimiento revolucionario que ofrece m\u00e1s que la suma de sus partes.","robots":{"index":"index","follow":"follow","max-snippet":"max-snippet:-1","max-image-preview":"max-image-preview:large","max-video-preview":"max-video-preview:-1"},"canonical":"https:\/\/gr-100.com\/en\/producto\/specialized-gambit\/","og_locale":"en_US","og_type":"article","og_title":"Specialized Gambit","og_description":"Redefine tu zona de confort. Un casco integral con certificado para DH con la ventilaci\u00f3n y el ajuste de un casco abierto. Nuestro equipo de desarrollo ha trabajado en conjunto para que todos estos factores estuviesen interconectados durante las fases de dise\u00f1o e ingenier\u00eda, y as\u00ed crear un casco con un rendimiento revolucionario que ofrece m\u00e1s que la suma de sus partes.","og_url":"https:\/\/gr-100.com\/en\/producto\/specialized-gambit\/","og_site_name":"Gr-100 Tienda de ciclismo Specialized","article_publisher":"https:\/\/www.facebook.com\/Gr100Bikes","og_image":[{"width":1000,"height":1000,"url":"https:\/\/gr-100.com\/wp-content\/uploads\/2025\/03\/Diseno-sin-titulo-2025-03-25T115539.010.jpg","type":"image\/jpeg"}],"twitter_card":"summary_large_image","twitter_misc":{"Est. reading time":"1 minute"},"schema":{"@context":"https:\/\/schema.org","@graph":[{"@type":"WebPage","@id":"https:\/\/gr-100.com\/en\/producto\/specialized-gambit\/","url":"https:\/\/gr-100.com\/en\/producto\/specialized-gambit\/","name":"Specialized Gambit GR-100","isPartOf":{"@id":"https:\/\/gr-100.com\/#website"},"primaryImageOfPage":{"@id":"https:\/\/gr-100.com\/en\/producto\/specialized-gambit\/#primaryimage"},"image":{"@id":"https:\/\/gr-100.com\/en\/producto\/specialized-gambit\/#primaryimage"},"thumbnailUrl":"https:\/\/gr-100.com\/wp-content\/uploads\/2025\/03\/Diseno-sin-titulo-2025-03-25T115539.010.jpg","datePublished":"2025-03-25T10:20:36+00:00","description":"Redefine tu zona de confort. Un casco integral con certificado para DH con la ventilaci\u00f3n y el ajuste de un casco abierto. Nuestro equipo de desarrollo ha trabajado en conjunto para que todos estos factores estuviesen interconectados durante las fases de dise\u00f1o e ingenier\u00eda, y as\u00ed crear un casco con un rendimiento revolucionario que ofrece m\u00e1s que la suma de sus partes.","breadcrumb":{"@id":"https:\/\/gr-100.com\/en\/producto\/specialized-gambit\/#breadcrumb"},"inLanguage":"en-US","potentialAction":[{"@type":"ReadAction","target":["https:\/\/gr-100.com\/en\/producto\/specialized-gambit\/"]}]},{"@type":"ImageObject","inLanguage":"en-US","@id":"https:\/\/gr-100.com\/en\/producto\/specialized-gambit\/#primaryimage","url":"https:\/\/gr-100.com\/wp-content\/uploads\/2025\/03\/Diseno-sin-titulo-2025-03-25T115539.010.jpg","contentUrl":"https:\/\/gr-100.com\/wp-content\/uploads\/2025\/03\/Diseno-sin-titulo-2025-03-25T115539.010.jpg","width":1000,"height":1000},{"@type":"BreadcrumbList","@id":"https:\/\/gr-100.com\/en\/producto\/specialized-gambit\/#breadcrumb","itemListElement":[{"@type":"ListItem","position":1,"name":"Portada","item":"https:\/\/gr-100.com\/pt-pt\/"},{"@type":"ListItem","position":2,"name":"Productos","item":"https:\/\/gr-100.com\/?post_type=product"},{"@type":"ListItem","position":3,"name":"Specialized Gambit"}]},{"@type":"WebSite","@id":"https:\/\/gr-100.com\/#website","url":"https:\/\/gr-100.com\/","name":"Gr-100 Tienda de ciclismo Specialized","description":"GR-100 tenemos todas las gamas de bicicletas Specialized al mejor precio.","publisher":{"@id":"https:\/\/gr-100.com\/#organization"},"alternateName":"Gr-100 Bikes","potentialAction":[{"@type":"SearchAction","target":{"@type":"EntryPoint","urlTemplate":"https:\/\/gr-100.com\/?s={search_term_string}"},"query-input":{"@type":"PropertyValueSpecification","valueRequired":true,"valueName":"search_term_string"}}],"inLanguage":"en-US"},{"@type":"Organization","@id":"https:\/\/gr-100.com\/#organization","name":"Gr-100","url":"https:\/\/gr-100.com\/","logo":{"@type":"ImageObject","inLanguage":"en-US","@id":"https:\/\/gr-100.com\/#\/schema\/logo\/image\/","url":"https:\/\/gr-100.com\/wp-content\/uploads\/2023\/08\/logo-gr-100-bikes.png","contentUrl":"https:\/\/gr-100.com\/wp-content\/uploads\/2023\/08\/logo-gr-100-bikes.png","width":707,"height":284,"caption":"Gr-100"},"image":{"@id":"https:\/\/gr-100.com\/#\/schema\/logo\/image\/"},"sameAs":["https:\/\/www.facebook.com\/Gr100Bikes","https:\/\/www.instagram.com\/gr100bikes\/","https:\/\/www.tiktok.com\/@gr100bikes","https:\/\/twitter.com\/gr100mtbteam","https:\/\/www.youtube.com\/c\/GR100Specialized"]}]}},"_links":{"self":[{"href":"https:\/\/gr-100.com\/en\/wp-json\/wp\/v2\/product\/429435","targetHints":{"allow":["GET"]}}],"collection":[{"href":"https:\/\/gr-100.com\/en\/wp-json\/wp\/v2\/product"}],"about":[{"href":"https:\/\/gr-100.com\/en\/wp-json\/wp\/v2\/types\/product"}],"replies":[{"embeddable":true,"href":"https:\/\/gr-100.com\/en\/wp-json\/wp\/v2\/comments?post=429435"}],"wp:featuredmedia":[{"embeddable":true,"href":"https:\/\/gr-100.com\/en\/wp-json\/wp\/v2\/media\/403986"}],"wp:attachment":[{"href":"https:\/\/gr-100.com\/en\/wp-json\/wp\/v2\/media?parent=429435"}],"wp:term":[{"taxonomy":"product_brand","embeddable":true,"href":"https:\/\/gr-100.com\/en\/wp-json\/wp\/v2\/product_brand?post=429435"},{"taxonomy":"product_cat","embeddable":true,"href":"https:\/\/gr-100.com\/en\/wp-json\/wp\/v2\/product_cat?post=429435"},{"taxonomy":"product_tag","embeddable":true,"href":"https:\/\/gr-100.com\/en\/wp-json\/wp\/v2\/product_tag?post=429435"}],"curies":[{"name":"wp","href":"https:\/\/api.w.org\/{rel}","templated":true}]}}