{"id":429857,"date":"2024-07-01T09:17:30","date_gmt":"2024-07-01T08:17:30","guid":{"rendered":"https:\/\/gr-100.com\/producto\/specialized-tactic-4-con-mips\/"},"modified":"2024-07-01T09:17:30","modified_gmt":"2024-07-01T07:17:30","slug":"specialized-tactic-4-con-mips","status":"publish","type":"product","link":"https:\/\/gr-100.com\/en\/producto\/specialized-tactic-4-con-mips\/","title":{"rendered":"Specialized Tactic 4 con MIPS"},"content":{"rendered":"<p>CARACTERISTICAS:<\/p>\n<ul>\n<li>Con un ajuste m\u00e1s preciso y personalizado gracias al delgado, e incre\u00edblemente ajustable, Integrated Fit System del Tactic, que se adapta a las variaciones en la forma de la cabeza y la base occipital.<\/li>\n<li>El ajuste de la base occipital personaliza el ajuste para mayor comodidad y te permite ajustar el \u00e1ngulo del casco para asegurarte que tanto tu casco y como tus gafas est\u00e9n perfectamente sincronizados.<\/li>\n<li>La visera fija integrada proporciona una mayor visi\u00f3n en los senderos y una interfaz perfecta con las gafas. Los canales para gafas dise\u00f1ados espec\u00edficamente, te ofrecen un lugar perfecto para alojar las gafas en cualquier momento. <\/li>\n<li>Peso medio: 380 gramos (medio).<\/li>\n<li>El dise\u00f1o de Din\u00e1mica de Fluidos Computacional integra el volumen m\u00e1ximo de canalizaci\u00f3n interna para un flujo de aire \u00f3ptimo a trav\u00e9s del casco, que extrae el calor de la cabeza. La refrigeraci\u00f3n de la frente 4D proporciona un gran espacio entre el casco y la frente, que atrae el flujo del aire hacia los canales ventilaci\u00f3n internos a cualquier velocidad. <\/li>\n<li>Ya sea para montar en bici normal o e-MTB, el Tactic cuenta con la certificaci\u00f3n NTA 8776.<\/li>\n<li>El Tactic ha obtenido la calificaci\u00f3n m\u00e1s alta de casco en el Virginia Tech\u00ae con 5 estrellas otorgada por el Instituto Polit\u00e9cnico y la Universidad Estatal de Virginia de renombre internacional.<\/li>\n<li>Equipado con MIPS Evolve.<\/li>\n<li>El sistema de ajuste integrado permite una cobertura occipital extendida.<\/li>\n<li>Este casco est\u00e1 preparado para ANGi, con un montaje en el sistema de ajuste dise\u00f1ado para una f\u00e1cil integraci\u00f3n con nuestro sensor de accidentes ANGi.<\/li>\n<\/ul>\n","protected":false},"excerpt":{"rendered":"<p>Lo tienes todo en tu Tactic. Con una combinaci\u00f3n sin precedentes de ajuste, ventilaci\u00f3n y confianza en la conducci\u00f3n tanto en trail como enduro, el casco Tactic ofrece una cobertura excepcional y una integraci\u00f3n perfecta con m\u00e1scara o gafas. <\/p>\n","protected":false},"featured_media":284866,"comment_status":"closed","ping_status":"closed","template":"","meta":{"_acf_changed":false,"_et_pb_use_builder":"","_et_pb_old_content":"","_et_gb_content_width":"","inline_featured_image":false},"product_brand":[],"product_cat":[5366,4347,317,319,2450],"product_tag":[],"class_list":{"0":"post-429857","1":"product","2":"type-product","3":"status-publish","4":"has-post-thumbnail","6":"product_cat-descuentos-en","7":"product_cat-black-friday-2-en","8":"product_cat-accessories","9":"product_cat-helmets","10":"product_cat-offers","11":"product_shipping_class-accesorios-en","12":"product_shipping_class-accessories","14":"first","15":"instock","16":"sale","17":"taxable","18":"shipping-taxable","19":"purchasable","20":"product-type-variable","21":"wvs-archive-product-wrapper"},"acf":[],"yoast_head":"<!-- This site is optimized with the Yoast SEO Premium plugin v26.7 (Yoast SEO v26.7) - https:\/\/yoast.com\/wordpress\/plugins\/seo\/ -->\n<title>Specialized Tactic 4 con MIPS GR-100 SPECIALIZED<\/title>\n<meta name=\"description\" content=\"Con un ajuste m\u00e1s preciso y personalizado gracias al delgado, e incre\u00edblemente ajustable, Integrated Fit System del Tactic,\" \/>\n<meta name=\"robots\" content=\"index, follow, max-snippet:-1, max-image-preview:large, max-video-preview:-1\" \/>\n<link rel=\"canonical\" href=\"https:\/\/gr-100.com\/en\/producto\/specialized-tactic-4-con-mips\/\" \/>\n<meta property=\"og:locale\" content=\"en_US\" \/>\n<meta property=\"og:type\" content=\"article\" \/>\n<meta property=\"og:title\" content=\"Specialized Tactic 4 con MIPS\" \/>\n<meta property=\"og:description\" content=\"Con un ajuste m\u00e1s preciso y personalizado gracias al delgado, e incre\u00edblemente ajustable, Integrated Fit System del Tactic,\" \/>\n<meta property=\"og:url\" content=\"https:\/\/gr-100.com\/en\/producto\/specialized-tactic-4-con-mips\/\" \/>\n<meta property=\"og:site_name\" content=\"Gr-100 Tienda de ciclismo Specialized\" \/>\n<meta property=\"article:publisher\" content=\"https:\/\/www.facebook.com\/Gr100Bikes\" \/>\n<meta property=\"og:image\" content=\"https:\/\/gr-100.com\/wp-content\/uploads\/2024\/05\/22-60221-130_HLMT_TACTIC-4-.jpg\" \/>\n\t<meta property=\"og:image:width\" content=\"1000\" \/>\n\t<meta property=\"og:image:height\" content=\"1000\" \/>\n\t<meta property=\"og:image:type\" content=\"image\/jpeg\" \/>\n<meta name=\"twitter:card\" content=\"summary_large_image\" \/>\n<meta name=\"twitter:label1\" content=\"Est. reading time\" \/>\n\t<meta name=\"twitter:data1\" content=\"1 minute\" \/>\n<script type=\"application\/ld+json\" class=\"yoast-schema-graph\">{\"@context\":\"https:\/\/schema.org\",\"@graph\":[{\"@type\":\"WebPage\",\"@id\":\"https:\/\/gr-100.com\/en\/producto\/specialized-tactic-4-con-mips\/\",\"url\":\"https:\/\/gr-100.com\/en\/producto\/specialized-tactic-4-con-mips\/\",\"name\":\"Specialized Tactic 4 con MIPS GR-100 SPECIALIZED\",\"isPartOf\":{\"@id\":\"https:\/\/gr-100.com\/#website\"},\"primaryImageOfPage\":{\"@id\":\"https:\/\/gr-100.com\/en\/producto\/specialized-tactic-4-con-mips\/#primaryimage\"},\"image\":{\"@id\":\"https:\/\/gr-100.com\/en\/producto\/specialized-tactic-4-con-mips\/#primaryimage\"},\"thumbnailUrl\":\"https:\/\/gr-100.com\/wp-content\/uploads\/2024\/05\/22-60221-130_HLMT_TACTIC-4-.jpg\",\"datePublished\":\"2024-07-01T08:17:30+00:00\",\"description\":\"Con un ajuste m\u00e1s preciso y personalizado gracias al delgado, e incre\u00edblemente ajustable, Integrated Fit System del Tactic,\",\"breadcrumb\":{\"@id\":\"https:\/\/gr-100.com\/en\/producto\/specialized-tactic-4-con-mips\/#breadcrumb\"},\"inLanguage\":\"en-US\",\"potentialAction\":[{\"@type\":\"ReadAction\",\"target\":[\"https:\/\/gr-100.com\/en\/producto\/specialized-tactic-4-con-mips\/\"]}]},{\"@type\":\"ImageObject\",\"inLanguage\":\"en-US\",\"@id\":\"https:\/\/gr-100.com\/en\/producto\/specialized-tactic-4-con-mips\/#primaryimage\",\"url\":\"https:\/\/gr-100.com\/wp-content\/uploads\/2024\/05\/22-60221-130_HLMT_TACTIC-4-.jpg\",\"contentUrl\":\"https:\/\/gr-100.com\/wp-content\/uploads\/2024\/05\/22-60221-130_HLMT_TACTIC-4-.jpg\",\"width\":1000,\"height\":1000},{\"@type\":\"BreadcrumbList\",\"@id\":\"https:\/\/gr-100.com\/en\/producto\/specialized-tactic-4-con-mips\/#breadcrumb\",\"itemListElement\":[{\"@type\":\"ListItem\",\"position\":1,\"name\":\"Portada\",\"item\":\"https:\/\/gr-100.com\/pt-pt\/\"},{\"@type\":\"ListItem\",\"position\":2,\"name\":\"Productos\",\"item\":\"https:\/\/gr-100.com\/?post_type=product\"},{\"@type\":\"ListItem\",\"position\":3,\"name\":\"Specialized Tactic 4 con MIPS\"}]},{\"@type\":\"WebSite\",\"@id\":\"https:\/\/gr-100.com\/#website\",\"url\":\"https:\/\/gr-100.com\/\",\"name\":\"Gr-100 Tienda de ciclismo Specialized\",\"description\":\"GR-100 tenemos todas las gamas de bicicletas Specialized al mejor precio.\",\"publisher\":{\"@id\":\"https:\/\/gr-100.com\/#organization\"},\"alternateName\":\"Gr-100 Bikes\",\"potentialAction\":[{\"@type\":\"SearchAction\",\"target\":{\"@type\":\"EntryPoint\",\"urlTemplate\":\"https:\/\/gr-100.com\/?s={search_term_string}\"},\"query-input\":{\"@type\":\"PropertyValueSpecification\",\"valueRequired\":true,\"valueName\":\"search_term_string\"}}],\"inLanguage\":\"en-US\"},{\"@type\":\"Organization\",\"@id\":\"https:\/\/gr-100.com\/#organization\",\"name\":\"Gr-100\",\"url\":\"https:\/\/gr-100.com\/\",\"logo\":{\"@type\":\"ImageObject\",\"inLanguage\":\"en-US\",\"@id\":\"https:\/\/gr-100.com\/#\/schema\/logo\/image\/\",\"url\":\"https:\/\/gr-100.com\/wp-content\/uploads\/2023\/08\/logo-gr-100-bikes.png\",\"contentUrl\":\"https:\/\/gr-100.com\/wp-content\/uploads\/2023\/08\/logo-gr-100-bikes.png\",\"width\":707,\"height\":284,\"caption\":\"Gr-100\"},\"image\":{\"@id\":\"https:\/\/gr-100.com\/#\/schema\/logo\/image\/\"},\"sameAs\":[\"https:\/\/www.facebook.com\/Gr100Bikes\",\"https:\/\/www.instagram.com\/gr100bikes\/\",\"https:\/\/www.tiktok.com\/@gr100bikes\",\"https:\/\/twitter.com\/gr100mtbteam\",\"https:\/\/www.youtube.com\/c\/GR100Specialized\"]}]}<\/script>\n<!-- \/ Yoast SEO Premium plugin. -->","yoast_head_json":{"title":"Specialized Tactic 4 con MIPS GR-100 SPECIALIZED","description":"Con un ajuste m\u00e1s preciso y personalizado gracias al delgado, e incre\u00edblemente ajustable, Integrated Fit System del Tactic,","robots":{"index":"index","follow":"follow","max-snippet":"max-snippet:-1","max-image-preview":"max-image-preview:large","max-video-preview":"max-video-preview:-1"},"canonical":"https:\/\/gr-100.com\/en\/producto\/specialized-tactic-4-con-mips\/","og_locale":"en_US","og_type":"article","og_title":"Specialized Tactic 4 con MIPS","og_description":"Con un ajuste m\u00e1s preciso y personalizado gracias al delgado, e incre\u00edblemente ajustable, Integrated Fit System del Tactic,","og_url":"https:\/\/gr-100.com\/en\/producto\/specialized-tactic-4-con-mips\/","og_site_name":"Gr-100 Tienda de ciclismo Specialized","article_publisher":"https:\/\/www.facebook.com\/Gr100Bikes","og_image":[{"width":1000,"height":1000,"url":"https:\/\/gr-100.com\/wp-content\/uploads\/2024\/05\/22-60221-130_HLMT_TACTIC-4-.jpg","type":"image\/jpeg"}],"twitter_card":"summary_large_image","twitter_misc":{"Est. reading time":"1 minute"},"schema":{"@context":"https:\/\/schema.org","@graph":[{"@type":"WebPage","@id":"https:\/\/gr-100.com\/en\/producto\/specialized-tactic-4-con-mips\/","url":"https:\/\/gr-100.com\/en\/producto\/specialized-tactic-4-con-mips\/","name":"Specialized Tactic 4 con MIPS GR-100 SPECIALIZED","isPartOf":{"@id":"https:\/\/gr-100.com\/#website"},"primaryImageOfPage":{"@id":"https:\/\/gr-100.com\/en\/producto\/specialized-tactic-4-con-mips\/#primaryimage"},"image":{"@id":"https:\/\/gr-100.com\/en\/producto\/specialized-tactic-4-con-mips\/#primaryimage"},"thumbnailUrl":"https:\/\/gr-100.com\/wp-content\/uploads\/2024\/05\/22-60221-130_HLMT_TACTIC-4-.jpg","datePublished":"2024-07-01T08:17:30+00:00","description":"Con un ajuste m\u00e1s preciso y personalizado gracias al delgado, e incre\u00edblemente ajustable, Integrated Fit System del Tactic,","breadcrumb":{"@id":"https:\/\/gr-100.com\/en\/producto\/specialized-tactic-4-con-mips\/#breadcrumb"},"inLanguage":"en-US","potentialAction":[{"@type":"ReadAction","target":["https:\/\/gr-100.com\/en\/producto\/specialized-tactic-4-con-mips\/"]}]},{"@type":"ImageObject","inLanguage":"en-US","@id":"https:\/\/gr-100.com\/en\/producto\/specialized-tactic-4-con-mips\/#primaryimage","url":"https:\/\/gr-100.com\/wp-content\/uploads\/2024\/05\/22-60221-130_HLMT_TACTIC-4-.jpg","contentUrl":"https:\/\/gr-100.com\/wp-content\/uploads\/2024\/05\/22-60221-130_HLMT_TACTIC-4-.jpg","width":1000,"height":1000},{"@type":"BreadcrumbList","@id":"https:\/\/gr-100.com\/en\/producto\/specialized-tactic-4-con-mips\/#breadcrumb","itemListElement":[{"@type":"ListItem","position":1,"name":"Portada","item":"https:\/\/gr-100.com\/pt-pt\/"},{"@type":"ListItem","position":2,"name":"Productos","item":"https:\/\/gr-100.com\/?post_type=product"},{"@type":"ListItem","position":3,"name":"Specialized Tactic 4 con MIPS"}]},{"@type":"WebSite","@id":"https:\/\/gr-100.com\/#website","url":"https:\/\/gr-100.com\/","name":"Gr-100 Tienda de ciclismo Specialized","description":"GR-100 tenemos todas las gamas de bicicletas Specialized al mejor precio.","publisher":{"@id":"https:\/\/gr-100.com\/#organization"},"alternateName":"Gr-100 Bikes","potentialAction":[{"@type":"SearchAction","target":{"@type":"EntryPoint","urlTemplate":"https:\/\/gr-100.com\/?s={search_term_string}"},"query-input":{"@type":"PropertyValueSpecification","valueRequired":true,"valueName":"search_term_string"}}],"inLanguage":"en-US"},{"@type":"Organization","@id":"https:\/\/gr-100.com\/#organization","name":"Gr-100","url":"https:\/\/gr-100.com\/","logo":{"@type":"ImageObject","inLanguage":"en-US","@id":"https:\/\/gr-100.com\/#\/schema\/logo\/image\/","url":"https:\/\/gr-100.com\/wp-content\/uploads\/2023\/08\/logo-gr-100-bikes.png","contentUrl":"https:\/\/gr-100.com\/wp-content\/uploads\/2023\/08\/logo-gr-100-bikes.png","width":707,"height":284,"caption":"Gr-100"},"image":{"@id":"https:\/\/gr-100.com\/#\/schema\/logo\/image\/"},"sameAs":["https:\/\/www.facebook.com\/Gr100Bikes","https:\/\/www.instagram.com\/gr100bikes\/","https:\/\/www.tiktok.com\/@gr100bikes","https:\/\/twitter.com\/gr100mtbteam","https:\/\/www.youtube.com\/c\/GR100Specialized"]}]}},"_links":{"self":[{"href":"https:\/\/gr-100.com\/en\/wp-json\/wp\/v2\/product\/429857","targetHints":{"allow":["GET"]}}],"collection":[{"href":"https:\/\/gr-100.com\/en\/wp-json\/wp\/v2\/product"}],"about":[{"href":"https:\/\/gr-100.com\/en\/wp-json\/wp\/v2\/types\/product"}],"replies":[{"embeddable":true,"href":"https:\/\/gr-100.com\/en\/wp-json\/wp\/v2\/comments?post=429857"}],"wp:featuredmedia":[{"embeddable":true,"href":"https:\/\/gr-100.com\/en\/wp-json\/wp\/v2\/media\/284866"}],"wp:attachment":[{"href":"https:\/\/gr-100.com\/en\/wp-json\/wp\/v2\/media?parent=429857"}],"wp:term":[{"taxonomy":"product_brand","embeddable":true,"href":"https:\/\/gr-100.com\/en\/wp-json\/wp\/v2\/product_brand?post=429857"},{"taxonomy":"product_cat","embeddable":true,"href":"https:\/\/gr-100.com\/en\/wp-json\/wp\/v2\/product_cat?post=429857"},{"taxonomy":"product_tag","embeddable":true,"href":"https:\/\/gr-100.com\/en\/wp-json\/wp\/v2\/product_tag?post=429857"}],"curies":[{"name":"wp","href":"https:\/\/api.w.org\/{rel}","templated":true}]}}