{"id":430437,"date":"2024-07-01T15:13:23","date_gmt":"2024-07-01T14:13:23","guid":{"rendered":"https:\/\/gr-100.com\/producto\/specialized-hemisphere-antipinchazos-con-aro-con-alambre-todoterreno-y-reflectante\/"},"modified":"2024-07-01T15:13:23","modified_gmt":"2024-07-01T13:13:23","slug":"specialized-hemisphere-antipinchazos-con-aro-con-alambre-todoterreno-y-reflectante","status":"publish","type":"product","link":"https:\/\/gr-100.com\/en\/producto\/specialized-hemisphere-antipinchazos-con-aro-con-alambre-todoterreno-y-reflectante\/","title":{"rendered":"Specialized Hemisphere antipinchazos con aro con alambre todoterreno y reflectante"},"content":{"rendered":"<p>Descubre los nuevos neum\u00e1ticos Hemisphere, la elecci\u00f3n definitiva para los ciclistas urbanos y los que se desplazan diariamente al trabajo, que buscan durabilidad y rendimiento sin igual. Dise\u00f1ados para aquellos que buscan aventuras m\u00e1s all\u00e1 de las calles de la ciudad, los Hemisphere hacen que los pinchazos sean cosa del pasado, gracias a su protecci\u00f3n BlackBelt de primer nivel. Combinando un avanzado compuesto de goma para una mayor longevidad y tracci\u00f3n multi-terreno para una conducci\u00f3n segura en cualquier superficie y con cualquier clima, los Hemisphere ofrecen un neum\u00e1tico duradero y resistente.  <\/p>\n<p><strong>TRACCI\u00d3N MULTITERRENO:<\/strong> La combinaci\u00f3n de tacos de varios tama\u00f1os distribuidos por todo el neum\u00e1tico en un patr\u00f3n espec\u00edfico permiten una conducci\u00f3n suave, segura y silenciosa desde las calles de la ciudad hasta los caminos de tierra para cuando te sientas aventurero.<\/p>\n<p><strong>FIABILIDAD:<\/strong> La protecci\u00f3n BlackBelt ofrece una protecci\u00f3n de primera clase contra los pinchazos, dando como resultado unos neum\u00e1ticos fiables y duraderos.<br \/>\n<strong>LONGEVIDAD:<\/strong> El neum\u00e1tico Hemisphere est\u00e1 fabricado con un compuesto de caucho de alto rendimiento dise\u00f1ado para llegar hasta el final temporada tras temporada, para que no tengas que preocuparte de cambiar tus neum\u00e1ticos en un futuro pr\u00f3ximo.<\/p>\n<ul>\n<li>Taqueado vers\u00e1til que ofrece agarre en asfalto y gravilla.<\/li>\n<li>Los tacos estrechamente espaciados ofrecen una conducci\u00f3n silenciosa con un manejo suave y seguraa<\/li>\n<li>Protecci\u00f3n BlackBelt antipinchazos<\/li>\n<li>Carcasa: 60 TPI<\/li>\n<li>27,5 x 2,3&#8243;, psi 35-65, peso aproximado 785g<\/li>\n<li>700 x 47mm, psi 35-65, peso aproximado 650g<\/li>\n<li>700 x 51mm, psi 35-65, peso aproximado 685g<\/li>\n<li>Aro: Alambre<\/li>\n<\/ul>\n","protected":false},"excerpt":{"rendered":"<p>Antipinchazos con aro con alambre, todoterreno y reflectante.<\/p>\n","protected":false},"featured_media":308628,"comment_status":"closed","ping_status":"closed","template":"","meta":{"_acf_changed":false,"_et_pb_use_builder":"","_et_pb_old_content":"","_et_gb_content_width":"","inline_featured_image":false},"product_brand":[],"product_cat":[335,337],"product_tag":[],"class_list":{"0":"post-430437","1":"product","2":"type-product","3":"status-publish","4":"has-post-thumbnail","6":"product_cat-components","7":"product_cat-covers-and-chambers","8":"product_shipping_class-components","10":"first","11":"instock","12":"taxable","13":"shipping-taxable","14":"purchasable","15":"product-type-variable","16":"wvs-archive-product-wrapper"},"acf":[],"yoast_head":"<!-- This site is optimized with the Yoast SEO Premium plugin v26.7 (Yoast SEO v26.7) - https:\/\/yoast.com\/wordpress\/plugins\/seo\/ -->\n<title>Specialized Hemisphere antipinchazos con aro con alambre todoterreno y reflectante GR-100<\/title>\n<meta name=\"description\" content=\"Antipinchazos con aro con alambre, todoterreno y reflectante. Taqueado vers\u00e1til que ofrece agarre en asfalto y gravilla. 27.5\/650B X 2.3. 700 X 47\" \/>\n<meta name=\"robots\" content=\"index, follow, max-snippet:-1, max-image-preview:large, max-video-preview:-1\" \/>\n<link rel=\"canonical\" href=\"https:\/\/gr-100.com\/en\/producto\/specialized-hemisphere-antipinchazos-con-aro-con-alambre-todoterreno-y-reflectante\/\" \/>\n<meta property=\"og:locale\" content=\"en_US\" \/>\n<meta property=\"og:type\" content=\"article\" \/>\n<meta property=\"og:title\" content=\"Specialized Hemisphere antipinchazos con aro con alambre todoterreno y reflectante\" \/>\n<meta property=\"og:description\" content=\"Antipinchazos con aro con alambre, todoterreno y reflectante. Taqueado vers\u00e1til que ofrece agarre en asfalto y gravilla. 27.5\/650B X 2.3. 700 X 47\" \/>\n<meta property=\"og:url\" content=\"https:\/\/gr-100.com\/en\/producto\/specialized-hemisphere-antipinchazos-con-aro-con-alambre-todoterreno-y-reflectante\/\" \/>\n<meta property=\"og:site_name\" content=\"Gr-100 Tienda de ciclismo Specialized\" \/>\n<meta property=\"article:publisher\" content=\"https:\/\/www.facebook.com\/Gr100Bikes\" \/>\n<meta property=\"og:image\" content=\"https:\/\/gr-100.com\/wp-content\/uploads\/2024\/05\/Hemisphere-Flat-Resistant-Wirebead-All-terrain-Reflect1.jpg\" \/>\n\t<meta property=\"og:image:width\" content=\"1000\" \/>\n\t<meta property=\"og:image:height\" content=\"1000\" \/>\n\t<meta property=\"og:image:type\" content=\"image\/jpeg\" \/>\n<meta name=\"twitter:card\" content=\"summary_large_image\" \/>\n<meta name=\"twitter:label1\" content=\"Est. reading time\" \/>\n\t<meta name=\"twitter:data1\" content=\"1 minute\" \/>\n<script type=\"application\/ld+json\" class=\"yoast-schema-graph\">{\"@context\":\"https:\/\/schema.org\",\"@graph\":[{\"@type\":\"WebPage\",\"@id\":\"https:\/\/gr-100.com\/en\/producto\/specialized-hemisphere-antipinchazos-con-aro-con-alambre-todoterreno-y-reflectante\/\",\"url\":\"https:\/\/gr-100.com\/en\/producto\/specialized-hemisphere-antipinchazos-con-aro-con-alambre-todoterreno-y-reflectante\/\",\"name\":\"Specialized Hemisphere antipinchazos con aro con alambre todoterreno y reflectante GR-100\",\"isPartOf\":{\"@id\":\"https:\/\/gr-100.com\/#website\"},\"primaryImageOfPage\":{\"@id\":\"https:\/\/gr-100.com\/en\/producto\/specialized-hemisphere-antipinchazos-con-aro-con-alambre-todoterreno-y-reflectante\/#primaryimage\"},\"image\":{\"@id\":\"https:\/\/gr-100.com\/en\/producto\/specialized-hemisphere-antipinchazos-con-aro-con-alambre-todoterreno-y-reflectante\/#primaryimage\"},\"thumbnailUrl\":\"https:\/\/gr-100.com\/wp-content\/uploads\/2024\/05\/Hemisphere-Flat-Resistant-Wirebead-All-terrain-Reflect1.jpg\",\"datePublished\":\"2024-07-01T14:13:23+00:00\",\"description\":\"Antipinchazos con aro con alambre, todoterreno y reflectante. Taqueado vers\u00e1til que ofrece agarre en asfalto y gravilla. 27.5\/650B X 2.3. 700 X 47\",\"breadcrumb\":{\"@id\":\"https:\/\/gr-100.com\/en\/producto\/specialized-hemisphere-antipinchazos-con-aro-con-alambre-todoterreno-y-reflectante\/#breadcrumb\"},\"inLanguage\":\"en-US\",\"potentialAction\":[{\"@type\":\"ReadAction\",\"target\":[\"https:\/\/gr-100.com\/en\/producto\/specialized-hemisphere-antipinchazos-con-aro-con-alambre-todoterreno-y-reflectante\/\"]}]},{\"@type\":\"ImageObject\",\"inLanguage\":\"en-US\",\"@id\":\"https:\/\/gr-100.com\/en\/producto\/specialized-hemisphere-antipinchazos-con-aro-con-alambre-todoterreno-y-reflectante\/#primaryimage\",\"url\":\"https:\/\/gr-100.com\/wp-content\/uploads\/2024\/05\/Hemisphere-Flat-Resistant-Wirebead-All-terrain-Reflect1.jpg\",\"contentUrl\":\"https:\/\/gr-100.com\/wp-content\/uploads\/2024\/05\/Hemisphere-Flat-Resistant-Wirebead-All-terrain-Reflect1.jpg\",\"width\":1000,\"height\":1000},{\"@type\":\"BreadcrumbList\",\"@id\":\"https:\/\/gr-100.com\/en\/producto\/specialized-hemisphere-antipinchazos-con-aro-con-alambre-todoterreno-y-reflectante\/#breadcrumb\",\"itemListElement\":[{\"@type\":\"ListItem\",\"position\":1,\"name\":\"Portada\",\"item\":\"https:\/\/gr-100.com\/pt-pt\/\"},{\"@type\":\"ListItem\",\"position\":2,\"name\":\"Productos\",\"item\":\"https:\/\/gr-100.com\/?post_type=product\"},{\"@type\":\"ListItem\",\"position\":3,\"name\":\"Specialized Hemisphere antipinchazos con aro con alambre todoterreno y reflectante\"}]},{\"@type\":\"WebSite\",\"@id\":\"https:\/\/gr-100.com\/#website\",\"url\":\"https:\/\/gr-100.com\/\",\"name\":\"Gr-100 Tienda de ciclismo Specialized\",\"description\":\"GR-100 tenemos todas las gamas de bicicletas Specialized al mejor precio.\",\"publisher\":{\"@id\":\"https:\/\/gr-100.com\/#organization\"},\"alternateName\":\"Gr-100 Bikes\",\"potentialAction\":[{\"@type\":\"SearchAction\",\"target\":{\"@type\":\"EntryPoint\",\"urlTemplate\":\"https:\/\/gr-100.com\/?s={search_term_string}\"},\"query-input\":{\"@type\":\"PropertyValueSpecification\",\"valueRequired\":true,\"valueName\":\"search_term_string\"}}],\"inLanguage\":\"en-US\"},{\"@type\":\"Organization\",\"@id\":\"https:\/\/gr-100.com\/#organization\",\"name\":\"Gr-100\",\"url\":\"https:\/\/gr-100.com\/\",\"logo\":{\"@type\":\"ImageObject\",\"inLanguage\":\"en-US\",\"@id\":\"https:\/\/gr-100.com\/#\/schema\/logo\/image\/\",\"url\":\"https:\/\/gr-100.com\/wp-content\/uploads\/2023\/08\/logo-gr-100-bikes.png\",\"contentUrl\":\"https:\/\/gr-100.com\/wp-content\/uploads\/2023\/08\/logo-gr-100-bikes.png\",\"width\":707,\"height\":284,\"caption\":\"Gr-100\"},\"image\":{\"@id\":\"https:\/\/gr-100.com\/#\/schema\/logo\/image\/\"},\"sameAs\":[\"https:\/\/www.facebook.com\/Gr100Bikes\",\"https:\/\/www.instagram.com\/gr100bikes\/\",\"https:\/\/www.tiktok.com\/@gr100bikes\",\"https:\/\/twitter.com\/gr100mtbteam\",\"https:\/\/www.youtube.com\/c\/GR100Specialized\"]}]}<\/script>\n<!-- \/ Yoast SEO Premium plugin. -->","yoast_head_json":{"title":"Specialized Hemisphere antipinchazos con aro con alambre todoterreno y reflectante GR-100","description":"Antipinchazos con aro con alambre, todoterreno y reflectante. Taqueado vers\u00e1til que ofrece agarre en asfalto y gravilla. 27.5\/650B X 2.3. 700 X 47","robots":{"index":"index","follow":"follow","max-snippet":"max-snippet:-1","max-image-preview":"max-image-preview:large","max-video-preview":"max-video-preview:-1"},"canonical":"https:\/\/gr-100.com\/en\/producto\/specialized-hemisphere-antipinchazos-con-aro-con-alambre-todoterreno-y-reflectante\/","og_locale":"en_US","og_type":"article","og_title":"Specialized Hemisphere antipinchazos con aro con alambre todoterreno y reflectante","og_description":"Antipinchazos con aro con alambre, todoterreno y reflectante. Taqueado vers\u00e1til que ofrece agarre en asfalto y gravilla. 27.5\/650B X 2.3. 700 X 47","og_url":"https:\/\/gr-100.com\/en\/producto\/specialized-hemisphere-antipinchazos-con-aro-con-alambre-todoterreno-y-reflectante\/","og_site_name":"Gr-100 Tienda de ciclismo Specialized","article_publisher":"https:\/\/www.facebook.com\/Gr100Bikes","og_image":[{"width":1000,"height":1000,"url":"https:\/\/gr-100.com\/wp-content\/uploads\/2024\/05\/Hemisphere-Flat-Resistant-Wirebead-All-terrain-Reflect1.jpg","type":"image\/jpeg"}],"twitter_card":"summary_large_image","twitter_misc":{"Est. reading time":"1 minute"},"schema":{"@context":"https:\/\/schema.org","@graph":[{"@type":"WebPage","@id":"https:\/\/gr-100.com\/en\/producto\/specialized-hemisphere-antipinchazos-con-aro-con-alambre-todoterreno-y-reflectante\/","url":"https:\/\/gr-100.com\/en\/producto\/specialized-hemisphere-antipinchazos-con-aro-con-alambre-todoterreno-y-reflectante\/","name":"Specialized Hemisphere antipinchazos con aro con alambre todoterreno y reflectante GR-100","isPartOf":{"@id":"https:\/\/gr-100.com\/#website"},"primaryImageOfPage":{"@id":"https:\/\/gr-100.com\/en\/producto\/specialized-hemisphere-antipinchazos-con-aro-con-alambre-todoterreno-y-reflectante\/#primaryimage"},"image":{"@id":"https:\/\/gr-100.com\/en\/producto\/specialized-hemisphere-antipinchazos-con-aro-con-alambre-todoterreno-y-reflectante\/#primaryimage"},"thumbnailUrl":"https:\/\/gr-100.com\/wp-content\/uploads\/2024\/05\/Hemisphere-Flat-Resistant-Wirebead-All-terrain-Reflect1.jpg","datePublished":"2024-07-01T14:13:23+00:00","description":"Antipinchazos con aro con alambre, todoterreno y reflectante. Taqueado vers\u00e1til que ofrece agarre en asfalto y gravilla. 27.5\/650B X 2.3. 700 X 47","breadcrumb":{"@id":"https:\/\/gr-100.com\/en\/producto\/specialized-hemisphere-antipinchazos-con-aro-con-alambre-todoterreno-y-reflectante\/#breadcrumb"},"inLanguage":"en-US","potentialAction":[{"@type":"ReadAction","target":["https:\/\/gr-100.com\/en\/producto\/specialized-hemisphere-antipinchazos-con-aro-con-alambre-todoterreno-y-reflectante\/"]}]},{"@type":"ImageObject","inLanguage":"en-US","@id":"https:\/\/gr-100.com\/en\/producto\/specialized-hemisphere-antipinchazos-con-aro-con-alambre-todoterreno-y-reflectante\/#primaryimage","url":"https:\/\/gr-100.com\/wp-content\/uploads\/2024\/05\/Hemisphere-Flat-Resistant-Wirebead-All-terrain-Reflect1.jpg","contentUrl":"https:\/\/gr-100.com\/wp-content\/uploads\/2024\/05\/Hemisphere-Flat-Resistant-Wirebead-All-terrain-Reflect1.jpg","width":1000,"height":1000},{"@type":"BreadcrumbList","@id":"https:\/\/gr-100.com\/en\/producto\/specialized-hemisphere-antipinchazos-con-aro-con-alambre-todoterreno-y-reflectante\/#breadcrumb","itemListElement":[{"@type":"ListItem","position":1,"name":"Portada","item":"https:\/\/gr-100.com\/pt-pt\/"},{"@type":"ListItem","position":2,"name":"Productos","item":"https:\/\/gr-100.com\/?post_type=product"},{"@type":"ListItem","position":3,"name":"Specialized Hemisphere antipinchazos con aro con alambre todoterreno y reflectante"}]},{"@type":"WebSite","@id":"https:\/\/gr-100.com\/#website","url":"https:\/\/gr-100.com\/","name":"Gr-100 Tienda de ciclismo Specialized","description":"GR-100 tenemos todas las gamas de bicicletas Specialized al mejor precio.","publisher":{"@id":"https:\/\/gr-100.com\/#organization"},"alternateName":"Gr-100 Bikes","potentialAction":[{"@type":"SearchAction","target":{"@type":"EntryPoint","urlTemplate":"https:\/\/gr-100.com\/?s={search_term_string}"},"query-input":{"@type":"PropertyValueSpecification","valueRequired":true,"valueName":"search_term_string"}}],"inLanguage":"en-US"},{"@type":"Organization","@id":"https:\/\/gr-100.com\/#organization","name":"Gr-100","url":"https:\/\/gr-100.com\/","logo":{"@type":"ImageObject","inLanguage":"en-US","@id":"https:\/\/gr-100.com\/#\/schema\/logo\/image\/","url":"https:\/\/gr-100.com\/wp-content\/uploads\/2023\/08\/logo-gr-100-bikes.png","contentUrl":"https:\/\/gr-100.com\/wp-content\/uploads\/2023\/08\/logo-gr-100-bikes.png","width":707,"height":284,"caption":"Gr-100"},"image":{"@id":"https:\/\/gr-100.com\/#\/schema\/logo\/image\/"},"sameAs":["https:\/\/www.facebook.com\/Gr100Bikes","https:\/\/www.instagram.com\/gr100bikes\/","https:\/\/www.tiktok.com\/@gr100bikes","https:\/\/twitter.com\/gr100mtbteam","https:\/\/www.youtube.com\/c\/GR100Specialized"]}]}},"_links":{"self":[{"href":"https:\/\/gr-100.com\/en\/wp-json\/wp\/v2\/product\/430437","targetHints":{"allow":["GET"]}}],"collection":[{"href":"https:\/\/gr-100.com\/en\/wp-json\/wp\/v2\/product"}],"about":[{"href":"https:\/\/gr-100.com\/en\/wp-json\/wp\/v2\/types\/product"}],"replies":[{"embeddable":true,"href":"https:\/\/gr-100.com\/en\/wp-json\/wp\/v2\/comments?post=430437"}],"wp:featuredmedia":[{"embeddable":true,"href":"https:\/\/gr-100.com\/en\/wp-json\/wp\/v2\/media\/308628"}],"wp:attachment":[{"href":"https:\/\/gr-100.com\/en\/wp-json\/wp\/v2\/media?parent=430437"}],"wp:term":[{"taxonomy":"product_brand","embeddable":true,"href":"https:\/\/gr-100.com\/en\/wp-json\/wp\/v2\/product_brand?post=430437"},{"taxonomy":"product_cat","embeddable":true,"href":"https:\/\/gr-100.com\/en\/wp-json\/wp\/v2\/product_cat?post=430437"},{"taxonomy":"product_tag","embeddable":true,"href":"https:\/\/gr-100.com\/en\/wp-json\/wp\/v2\/product_tag?post=430437"}],"curies":[{"name":"wp","href":"https:\/\/api.w.org\/{rel}","templated":true}]}}