{"id":430546,"date":"2024-07-01T14:29:37","date_gmt":"2024-07-01T13:29:37","guid":{"rendered":"https:\/\/gr-100.com\/producto\/specialized-eliminator-grid-gravity-27-5-650b-x-2-6\/"},"modified":"2024-07-01T14:29:37","modified_gmt":"2024-07-01T12:29:37","slug":"specialized-eliminator-grid-gravity-27-5-650b-x-2-6","status":"publish","type":"product","link":"https:\/\/gr-100.com\/en\/producto\/specialized-eliminator-grid-gravity-27-5-650b-x-2-6\/","title":{"rendered":"Specialized Eliminator Grid Gravity 27.5\/650B X 2.6"},"content":{"rendered":"<ul>\n<li>Carcasa: 60TPI, Dual-Ply<\/li>\n<li>Aro: Plegable<\/li>\n<li>Flanco recubierto de butilo = 2Bliss Ready<\/li>\n<li>Compuesto: GRIPTON\u00ae T7\/T9<\/li>\n<li>650Bx2.3&#8243;, psi 25-50,peso aproximado 1050g<\/li>\n<li>650Bx2.6&#8243;, psi 20-40, peso aproximado 1100g<\/li>\n<li>29&#215;2.3&#8243;, psi 25-50, peso aproximado 1300g<\/li>\n<li>29&#215;2.6&#8243;, psi 20-40, peso aproximado 1400g<\/li>\n<\/ul>\n","protected":false},"excerpt":{"rendered":"<p>Los ciclistas de Enduro y e-MTB necesitan la m\u00e1xima versatilidad en un neum\u00e1tico y el Eliminator GRID GRAVITY 2Bliss Ready lo ofrece. Nuestros neum\u00e1ticos GRID GRAVITY est\u00e1n fabricados con una construcci\u00f3n de 2 capas superresistentes para la estabilidad en las curvas y la protecci\u00f3n contra pinchazos. A partir de esta base s\u00f3lida, hemos a\u00f1adido compuestos duales con una banda de rodadura central de compuesto T7 de r\u00e1pido rodaje y los \u00faltimos tacos de hombro de compuesto T9 de agarre, para una combinaci\u00f3n de m\u00e1xima velocidad, durabilidad y tracci\u00f3n en las curvas.  <\/p>\n","protected":false},"featured_media":306216,"comment_status":"closed","ping_status":"closed","template":"","meta":{"_acf_changed":false,"_et_pb_use_builder":"","_et_pb_old_content":"","_et_gb_content_width":"","inline_featured_image":false},"product_brand":[],"product_cat":[335,337],"product_tag":[],"class_list":{"0":"post-430546","1":"product","2":"type-product","3":"status-publish","4":"has-post-thumbnail","6":"product_cat-components","7":"product_cat-covers-and-chambers","8":"product_shipping_class-components","10":"first","11":"instock","12":"taxable","13":"shipping-taxable","14":"purchasable","15":"product-type-variable","16":"wvs-archive-product-wrapper"},"acf":[],"yoast_head":"<!-- This site is optimized with the Yoast SEO Premium plugin v26.7 (Yoast SEO v26.7) - https:\/\/yoast.com\/wordpress\/plugins\/seo\/ -->\n<title>Specialized Eliminator Grid Gravity 27.5\/650B X 2.6 GR-100 Bikes<\/title>\n<meta name=\"description\" content=\"GRID GRAVITY est\u00e1n fabricados con una construcci\u00f3n de 2 capas superresistentes para la estabilidad en las curvas y la protecci\u00f3n contra pinchazos.\" \/>\n<meta name=\"robots\" content=\"index, follow, max-snippet:-1, max-image-preview:large, max-video-preview:-1\" \/>\n<link rel=\"canonical\" href=\"https:\/\/gr-100.com\/en\/producto\/specialized-eliminator-grid-gravity-27-5-650b-x-2-6\/\" \/>\n<meta property=\"og:locale\" content=\"en_US\" \/>\n<meta property=\"og:type\" content=\"article\" \/>\n<meta property=\"og:title\" content=\"Specialized Eliminator Grid Gravity 27.5\/650B X 2.6\" \/>\n<meta property=\"og:description\" content=\"GRID GRAVITY est\u00e1n fabricados con una construcci\u00f3n de 2 capas superresistentes para la estabilidad en las curvas y la protecci\u00f3n contra pinchazos.\" \/>\n<meta property=\"og:url\" content=\"https:\/\/gr-100.com\/en\/producto\/specialized-eliminator-grid-gravity-27-5-650b-x-2-6\/\" \/>\n<meta property=\"og:site_name\" content=\"Gr-100 Tienda de ciclismo Specialized\" \/>\n<meta property=\"article:publisher\" content=\"https:\/\/www.facebook.com\/Gr100Bikes\" \/>\n<meta property=\"og:image\" content=\"https:\/\/gr-100.com\/wp-content\/uploads\/2024\/05\/My-project-2024-01-26T125520.256.jpeg\" \/>\n\t<meta property=\"og:image:width\" content=\"1000\" \/>\n\t<meta property=\"og:image:height\" content=\"1000\" \/>\n\t<meta property=\"og:image:type\" content=\"image\/jpeg\" \/>\n<meta name=\"twitter:card\" content=\"summary_large_image\" \/>\n<script type=\"application\/ld+json\" class=\"yoast-schema-graph\">{\"@context\":\"https:\/\/schema.org\",\"@graph\":[{\"@type\":\"WebPage\",\"@id\":\"https:\/\/gr-100.com\/en\/producto\/specialized-eliminator-grid-gravity-27-5-650b-x-2-6\/\",\"url\":\"https:\/\/gr-100.com\/en\/producto\/specialized-eliminator-grid-gravity-27-5-650b-x-2-6\/\",\"name\":\"Specialized Eliminator Grid Gravity 27.5\/650B X 2.6 GR-100 Bikes\",\"isPartOf\":{\"@id\":\"https:\/\/gr-100.com\/#website\"},\"primaryImageOfPage\":{\"@id\":\"https:\/\/gr-100.com\/en\/producto\/specialized-eliminator-grid-gravity-27-5-650b-x-2-6\/#primaryimage\"},\"image\":{\"@id\":\"https:\/\/gr-100.com\/en\/producto\/specialized-eliminator-grid-gravity-27-5-650b-x-2-6\/#primaryimage\"},\"thumbnailUrl\":\"https:\/\/gr-100.com\/wp-content\/uploads\/2024\/05\/My-project-2024-01-26T125520.256.jpeg\",\"datePublished\":\"2024-07-01T13:29:37+00:00\",\"description\":\"GRID GRAVITY est\u00e1n fabricados con una construcci\u00f3n de 2 capas superresistentes para la estabilidad en las curvas y la protecci\u00f3n contra pinchazos.\",\"breadcrumb\":{\"@id\":\"https:\/\/gr-100.com\/en\/producto\/specialized-eliminator-grid-gravity-27-5-650b-x-2-6\/#breadcrumb\"},\"inLanguage\":\"en-US\",\"potentialAction\":[{\"@type\":\"ReadAction\",\"target\":[\"https:\/\/gr-100.com\/en\/producto\/specialized-eliminator-grid-gravity-27-5-650b-x-2-6\/\"]}]},{\"@type\":\"ImageObject\",\"inLanguage\":\"en-US\",\"@id\":\"https:\/\/gr-100.com\/en\/producto\/specialized-eliminator-grid-gravity-27-5-650b-x-2-6\/#primaryimage\",\"url\":\"https:\/\/gr-100.com\/wp-content\/uploads\/2024\/05\/My-project-2024-01-26T125520.256.jpeg\",\"contentUrl\":\"https:\/\/gr-100.com\/wp-content\/uploads\/2024\/05\/My-project-2024-01-26T125520.256.jpeg\",\"width\":1000,\"height\":1000},{\"@type\":\"BreadcrumbList\",\"@id\":\"https:\/\/gr-100.com\/en\/producto\/specialized-eliminator-grid-gravity-27-5-650b-x-2-6\/#breadcrumb\",\"itemListElement\":[{\"@type\":\"ListItem\",\"position\":1,\"name\":\"Portada\",\"item\":\"https:\/\/gr-100.com\/pt-pt\/\"},{\"@type\":\"ListItem\",\"position\":2,\"name\":\"Productos\",\"item\":\"https:\/\/gr-100.com\/?post_type=product\"},{\"@type\":\"ListItem\",\"position\":3,\"name\":\"Specialized Eliminator Grid Gravity 27.5\/650B X 2.6\"}]},{\"@type\":\"WebSite\",\"@id\":\"https:\/\/gr-100.com\/#website\",\"url\":\"https:\/\/gr-100.com\/\",\"name\":\"Gr-100 Tienda de ciclismo Specialized\",\"description\":\"GR-100 tenemos todas las gamas de bicicletas Specialized al mejor precio.\",\"publisher\":{\"@id\":\"https:\/\/gr-100.com\/#organization\"},\"alternateName\":\"Gr-100 Bikes\",\"potentialAction\":[{\"@type\":\"SearchAction\",\"target\":{\"@type\":\"EntryPoint\",\"urlTemplate\":\"https:\/\/gr-100.com\/?s={search_term_string}\"},\"query-input\":{\"@type\":\"PropertyValueSpecification\",\"valueRequired\":true,\"valueName\":\"search_term_string\"}}],\"inLanguage\":\"en-US\"},{\"@type\":\"Organization\",\"@id\":\"https:\/\/gr-100.com\/#organization\",\"name\":\"Gr-100\",\"url\":\"https:\/\/gr-100.com\/\",\"logo\":{\"@type\":\"ImageObject\",\"inLanguage\":\"en-US\",\"@id\":\"https:\/\/gr-100.com\/#\/schema\/logo\/image\/\",\"url\":\"https:\/\/gr-100.com\/wp-content\/uploads\/2023\/08\/logo-gr-100-bikes.png\",\"contentUrl\":\"https:\/\/gr-100.com\/wp-content\/uploads\/2023\/08\/logo-gr-100-bikes.png\",\"width\":707,\"height\":284,\"caption\":\"Gr-100\"},\"image\":{\"@id\":\"https:\/\/gr-100.com\/#\/schema\/logo\/image\/\"},\"sameAs\":[\"https:\/\/www.facebook.com\/Gr100Bikes\",\"https:\/\/www.instagram.com\/gr100bikes\/\",\"https:\/\/www.tiktok.com\/@gr100bikes\",\"https:\/\/twitter.com\/gr100mtbteam\",\"https:\/\/www.youtube.com\/c\/GR100Specialized\"]}]}<\/script>\n<!-- \/ Yoast SEO Premium plugin. -->","yoast_head_json":{"title":"Specialized Eliminator Grid Gravity 27.5\/650B X 2.6 GR-100 Bikes","description":"GRID GRAVITY est\u00e1n fabricados con una construcci\u00f3n de 2 capas superresistentes para la estabilidad en las curvas y la protecci\u00f3n contra pinchazos.","robots":{"index":"index","follow":"follow","max-snippet":"max-snippet:-1","max-image-preview":"max-image-preview:large","max-video-preview":"max-video-preview:-1"},"canonical":"https:\/\/gr-100.com\/en\/producto\/specialized-eliminator-grid-gravity-27-5-650b-x-2-6\/","og_locale":"en_US","og_type":"article","og_title":"Specialized Eliminator Grid Gravity 27.5\/650B X 2.6","og_description":"GRID GRAVITY est\u00e1n fabricados con una construcci\u00f3n de 2 capas superresistentes para la estabilidad en las curvas y la protecci\u00f3n contra pinchazos.","og_url":"https:\/\/gr-100.com\/en\/producto\/specialized-eliminator-grid-gravity-27-5-650b-x-2-6\/","og_site_name":"Gr-100 Tienda de ciclismo Specialized","article_publisher":"https:\/\/www.facebook.com\/Gr100Bikes","og_image":[{"width":1000,"height":1000,"url":"https:\/\/gr-100.com\/wp-content\/uploads\/2024\/05\/My-project-2024-01-26T125520.256.jpeg","type":"image\/jpeg"}],"twitter_card":"summary_large_image","schema":{"@context":"https:\/\/schema.org","@graph":[{"@type":"WebPage","@id":"https:\/\/gr-100.com\/en\/producto\/specialized-eliminator-grid-gravity-27-5-650b-x-2-6\/","url":"https:\/\/gr-100.com\/en\/producto\/specialized-eliminator-grid-gravity-27-5-650b-x-2-6\/","name":"Specialized Eliminator Grid Gravity 27.5\/650B X 2.6 GR-100 Bikes","isPartOf":{"@id":"https:\/\/gr-100.com\/#website"},"primaryImageOfPage":{"@id":"https:\/\/gr-100.com\/en\/producto\/specialized-eliminator-grid-gravity-27-5-650b-x-2-6\/#primaryimage"},"image":{"@id":"https:\/\/gr-100.com\/en\/producto\/specialized-eliminator-grid-gravity-27-5-650b-x-2-6\/#primaryimage"},"thumbnailUrl":"https:\/\/gr-100.com\/wp-content\/uploads\/2024\/05\/My-project-2024-01-26T125520.256.jpeg","datePublished":"2024-07-01T13:29:37+00:00","description":"GRID GRAVITY est\u00e1n fabricados con una construcci\u00f3n de 2 capas superresistentes para la estabilidad en las curvas y la protecci\u00f3n contra pinchazos.","breadcrumb":{"@id":"https:\/\/gr-100.com\/en\/producto\/specialized-eliminator-grid-gravity-27-5-650b-x-2-6\/#breadcrumb"},"inLanguage":"en-US","potentialAction":[{"@type":"ReadAction","target":["https:\/\/gr-100.com\/en\/producto\/specialized-eliminator-grid-gravity-27-5-650b-x-2-6\/"]}]},{"@type":"ImageObject","inLanguage":"en-US","@id":"https:\/\/gr-100.com\/en\/producto\/specialized-eliminator-grid-gravity-27-5-650b-x-2-6\/#primaryimage","url":"https:\/\/gr-100.com\/wp-content\/uploads\/2024\/05\/My-project-2024-01-26T125520.256.jpeg","contentUrl":"https:\/\/gr-100.com\/wp-content\/uploads\/2024\/05\/My-project-2024-01-26T125520.256.jpeg","width":1000,"height":1000},{"@type":"BreadcrumbList","@id":"https:\/\/gr-100.com\/en\/producto\/specialized-eliminator-grid-gravity-27-5-650b-x-2-6\/#breadcrumb","itemListElement":[{"@type":"ListItem","position":1,"name":"Portada","item":"https:\/\/gr-100.com\/pt-pt\/"},{"@type":"ListItem","position":2,"name":"Productos","item":"https:\/\/gr-100.com\/?post_type=product"},{"@type":"ListItem","position":3,"name":"Specialized Eliminator Grid Gravity 27.5\/650B X 2.6"}]},{"@type":"WebSite","@id":"https:\/\/gr-100.com\/#website","url":"https:\/\/gr-100.com\/","name":"Gr-100 Tienda de ciclismo Specialized","description":"GR-100 tenemos todas las gamas de bicicletas Specialized al mejor precio.","publisher":{"@id":"https:\/\/gr-100.com\/#organization"},"alternateName":"Gr-100 Bikes","potentialAction":[{"@type":"SearchAction","target":{"@type":"EntryPoint","urlTemplate":"https:\/\/gr-100.com\/?s={search_term_string}"},"query-input":{"@type":"PropertyValueSpecification","valueRequired":true,"valueName":"search_term_string"}}],"inLanguage":"en-US"},{"@type":"Organization","@id":"https:\/\/gr-100.com\/#organization","name":"Gr-100","url":"https:\/\/gr-100.com\/","logo":{"@type":"ImageObject","inLanguage":"en-US","@id":"https:\/\/gr-100.com\/#\/schema\/logo\/image\/","url":"https:\/\/gr-100.com\/wp-content\/uploads\/2023\/08\/logo-gr-100-bikes.png","contentUrl":"https:\/\/gr-100.com\/wp-content\/uploads\/2023\/08\/logo-gr-100-bikes.png","width":707,"height":284,"caption":"Gr-100"},"image":{"@id":"https:\/\/gr-100.com\/#\/schema\/logo\/image\/"},"sameAs":["https:\/\/www.facebook.com\/Gr100Bikes","https:\/\/www.instagram.com\/gr100bikes\/","https:\/\/www.tiktok.com\/@gr100bikes","https:\/\/twitter.com\/gr100mtbteam","https:\/\/www.youtube.com\/c\/GR100Specialized"]}]}},"_links":{"self":[{"href":"https:\/\/gr-100.com\/en\/wp-json\/wp\/v2\/product\/430546","targetHints":{"allow":["GET"]}}],"collection":[{"href":"https:\/\/gr-100.com\/en\/wp-json\/wp\/v2\/product"}],"about":[{"href":"https:\/\/gr-100.com\/en\/wp-json\/wp\/v2\/types\/product"}],"replies":[{"embeddable":true,"href":"https:\/\/gr-100.com\/en\/wp-json\/wp\/v2\/comments?post=430546"}],"wp:featuredmedia":[{"embeddable":true,"href":"https:\/\/gr-100.com\/en\/wp-json\/wp\/v2\/media\/306216"}],"wp:attachment":[{"href":"https:\/\/gr-100.com\/en\/wp-json\/wp\/v2\/media?parent=430546"}],"wp:term":[{"taxonomy":"product_brand","embeddable":true,"href":"https:\/\/gr-100.com\/en\/wp-json\/wp\/v2\/product_brand?post=430546"},{"taxonomy":"product_cat","embeddable":true,"href":"https:\/\/gr-100.com\/en\/wp-json\/wp\/v2\/product_cat?post=430546"},{"taxonomy":"product_tag","embeddable":true,"href":"https:\/\/gr-100.com\/en\/wp-json\/wp\/v2\/product_tag?post=430546"}],"curies":[{"name":"wp","href":"https:\/\/api.w.org\/{rel}","templated":true}]}}