{"id":431689,"date":"2025-12-15T13:41:09","date_gmt":"2025-12-15T11:41:09","guid":{"rendered":"https:\/\/gr-100.com\/producto\/specialized-s-works-carbon-zee-cage-ii-izquierda\/"},"modified":"2025-12-15T13:41:09","modified_gmt":"2025-12-15T11:41:09","slug":"specialized-s-works-carbon-zee-cage-ii-izquierda","status":"publish","type":"product","link":"https:\/\/gr-100.com\/en\/producto\/specialized-s-works-carbon-zee-cage-ii-izquierda\/","title":{"rendered":"Specialized S-Works Carbon Zee Cage II \u2013 Izquierda"},"content":{"rendered":"<ul>\n<li>El dise\u00f1o SWAT\u2122 permite la integraci\u00f3n del almacenamiento y las herramientas.<\/li>\n<li>La construcci\u00f3n de carbono FACT logra una espl\u00e9ndida fusi\u00f3n de resistencia y ligereza.<\/li>\n<li>Dise\u00f1ado para un f\u00e1cil acceso de entrada y salida lateral del bid\u00f3n en cuadros compactos.<\/li>\n<li>Entrada desde el lado izquierdo en el tubo diagonal, lado derecho en el tubo de sill\u00edn.<\/li>\n<li>Compatible con SWAT\u2122 Cage Mount MTB Tool.<\/li>\n<li>Compatible con MTB SWAT\u2122 Box (en cuadros con esta funcionalidad)<\/li>\n<li>Peso: 28 g<\/li>\n<\/ul>\n","protected":false},"excerpt":{"rendered":"<p>El S-Works Carbon Zee Cage II es un portabidones de fibra de carbono 100% FACT compatible con soluciones SWAT\u2122 para la integraci\u00f3n de herramientas y almacenamiento. Adem\u00e1s, cuenta con un exclusivo dise\u00f1o de carga hacia la izquierda que te permitir\u00e1 acceder f\u00e1cilmente a los bidones cuando el espacio del cuadro sea limitado o cuando pedaleas agarrado en la curva del manillar. <\/p>\n","protected":false},"featured_media":422765,"comment_status":"open","ping_status":"closed","template":"","meta":{"_acf_changed":false,"_et_pb_use_builder":"","_et_pb_old_content":"","_et_gb_content_width":"","inline_featured_image":false},"product_brand":[],"product_cat":[317,326],"product_tag":[],"class_list":{"0":"post-431689","1":"product","2":"type-product","3":"status-publish","4":"has-post-thumbnail","6":"product_cat-accessories","7":"product_cat-various-accessories","9":"first","10":"instock","11":"taxable","12":"shipping-taxable","13":"purchasable","14":"product-type-simple"},"acf":[],"yoast_head":"<!-- This site is optimized with the Yoast SEO Premium plugin v26.7 (Yoast SEO v26.7) - https:\/\/yoast.com\/wordpress\/plugins\/seo\/ -->\n<title>Specialized S-Works Carbon Zee Cage II \u2013 Izquierda GR-100<\/title>\n<meta name=\"description\" content=\"El S-Works Carbon Zee Cage II es un portabidones de fibra de carbono 100% FACT compatible con soluciones SWAT\u2122 para la integraci\u00f3n de herramientas y almacenamiento. Adem\u00e1s, cuenta con un exclusivo dise\u00f1o de carga hacia la izquierda que te permitir\u00e1 acceder f\u00e1cilmente a los bidones cuando el espacio del cuadro sea limitado o cuando pedaleas agarrado en la curva del manillar.\" \/>\n<meta name=\"robots\" content=\"index, follow, max-snippet:-1, max-image-preview:large, max-video-preview:-1\" \/>\n<link rel=\"canonical\" href=\"https:\/\/gr-100.com\/en\/producto\/specialized-s-works-carbon-zee-cage-ii-izquierda\/\" \/>\n<meta property=\"og:locale\" content=\"en_US\" \/>\n<meta property=\"og:type\" content=\"article\" \/>\n<meta property=\"og:title\" content=\"Specialized S-Works Carbon Zee Cage II \u2013 Izquierda\" \/>\n<meta property=\"og:description\" content=\"El S-Works Carbon Zee Cage II es un portabidones de fibra de carbono 100% FACT compatible con soluciones SWAT\u2122 para la integraci\u00f3n de herramientas y almacenamiento. Adem\u00e1s, cuenta con un exclusivo dise\u00f1o de carga hacia la izquierda que te permitir\u00e1 acceder f\u00e1cilmente a los bidones cuando el espacio del cuadro sea limitado o cuando pedaleas agarrado en la curva del manillar.\" \/>\n<meta property=\"og:url\" content=\"https:\/\/gr-100.com\/en\/producto\/specialized-s-works-carbon-zee-cage-ii-izquierda\/\" \/>\n<meta property=\"og:site_name\" content=\"Gr-100 Tienda de ciclismo Specialized\" \/>\n<meta property=\"article:publisher\" content=\"https:\/\/www.facebook.com\/Gr100Bikes\" \/>\n<meta property=\"og:image\" content=\"https:\/\/gr-100.com\/wp-content\/uploads\/2025\/12\/Considera-la-Vado-como-tu-bicicleta-de-transporte-de-alto-rendimiento-que-te-lleva-a-donde-quieras-con-una-combinacion-inigualable-de-velocidad-fiabilidad-y-confianza.-Ya-sea-que-la-cargues-con-19.jpg\" \/>\n\t<meta property=\"og:image:width\" content=\"1000\" \/>\n\t<meta property=\"og:image:height\" content=\"1000\" \/>\n\t<meta property=\"og:image:type\" content=\"image\/jpeg\" \/>\n<meta name=\"twitter:card\" content=\"summary_large_image\" \/>\n<script type=\"application\/ld+json\" class=\"yoast-schema-graph\">{\"@context\":\"https:\/\/schema.org\",\"@graph\":[{\"@type\":\"WebPage\",\"@id\":\"https:\/\/gr-100.com\/en\/producto\/specialized-s-works-carbon-zee-cage-ii-izquierda\/\",\"url\":\"https:\/\/gr-100.com\/en\/producto\/specialized-s-works-carbon-zee-cage-ii-izquierda\/\",\"name\":\"Specialized S-Works Carbon Zee Cage II \u2013 Izquierda GR-100\",\"isPartOf\":{\"@id\":\"https:\/\/gr-100.com\/#website\"},\"primaryImageOfPage\":{\"@id\":\"https:\/\/gr-100.com\/en\/producto\/specialized-s-works-carbon-zee-cage-ii-izquierda\/#primaryimage\"},\"image\":{\"@id\":\"https:\/\/gr-100.com\/en\/producto\/specialized-s-works-carbon-zee-cage-ii-izquierda\/#primaryimage\"},\"thumbnailUrl\":\"https:\/\/gr-100.com\/wp-content\/uploads\/2025\/12\/Considera-la-Vado-como-tu-bicicleta-de-transporte-de-alto-rendimiento-que-te-lleva-a-donde-quieras-con-una-combinacion-inigualable-de-velocidad-fiabilidad-y-confianza.-Ya-sea-que-la-cargues-con-19.jpg\",\"datePublished\":\"2025-12-15T11:41:09+00:00\",\"description\":\"El S-Works Carbon Zee Cage II es un portabidones de fibra de carbono 100% FACT compatible con soluciones SWAT\u2122 para la integraci\u00f3n de herramientas y almacenamiento. Adem\u00e1s, cuenta con un exclusivo dise\u00f1o de carga hacia la izquierda que te permitir\u00e1 acceder f\u00e1cilmente a los bidones cuando el espacio del cuadro sea limitado o cuando pedaleas agarrado en la curva del manillar.\",\"breadcrumb\":{\"@id\":\"https:\/\/gr-100.com\/en\/producto\/specialized-s-works-carbon-zee-cage-ii-izquierda\/#breadcrumb\"},\"inLanguage\":\"en-US\",\"potentialAction\":[{\"@type\":\"ReadAction\",\"target\":[\"https:\/\/gr-100.com\/en\/producto\/specialized-s-works-carbon-zee-cage-ii-izquierda\/\"]}]},{\"@type\":\"ImageObject\",\"inLanguage\":\"en-US\",\"@id\":\"https:\/\/gr-100.com\/en\/producto\/specialized-s-works-carbon-zee-cage-ii-izquierda\/#primaryimage\",\"url\":\"https:\/\/gr-100.com\/wp-content\/uploads\/2025\/12\/Considera-la-Vado-como-tu-bicicleta-de-transporte-de-alto-rendimiento-que-te-lleva-a-donde-quieras-con-una-combinacion-inigualable-de-velocidad-fiabilidad-y-confianza.-Ya-sea-que-la-cargues-con-19.jpg\",\"contentUrl\":\"https:\/\/gr-100.com\/wp-content\/uploads\/2025\/12\/Considera-la-Vado-como-tu-bicicleta-de-transporte-de-alto-rendimiento-que-te-lleva-a-donde-quieras-con-una-combinacion-inigualable-de-velocidad-fiabilidad-y-confianza.-Ya-sea-que-la-cargues-con-19.jpg\",\"width\":1000,\"height\":1000},{\"@type\":\"BreadcrumbList\",\"@id\":\"https:\/\/gr-100.com\/en\/producto\/specialized-s-works-carbon-zee-cage-ii-izquierda\/#breadcrumb\",\"itemListElement\":[{\"@type\":\"ListItem\",\"position\":1,\"name\":\"Portada\",\"item\":\"https:\/\/gr-100.com\/pt-pt\/\"},{\"@type\":\"ListItem\",\"position\":2,\"name\":\"Productos\",\"item\":\"https:\/\/gr-100.com\/?post_type=product\"},{\"@type\":\"ListItem\",\"position\":3,\"name\":\"Specialized S-Works Carbon Zee Cage II \u2013 Izquierda\"}]},{\"@type\":\"WebSite\",\"@id\":\"https:\/\/gr-100.com\/#website\",\"url\":\"https:\/\/gr-100.com\/\",\"name\":\"Gr-100 Tienda de ciclismo Specialized\",\"description\":\"GR-100 tenemos todas las gamas de bicicletas Specialized al mejor precio.\",\"publisher\":{\"@id\":\"https:\/\/gr-100.com\/#organization\"},\"alternateName\":\"Gr-100 Bikes\",\"potentialAction\":[{\"@type\":\"SearchAction\",\"target\":{\"@type\":\"EntryPoint\",\"urlTemplate\":\"https:\/\/gr-100.com\/?s={search_term_string}\"},\"query-input\":{\"@type\":\"PropertyValueSpecification\",\"valueRequired\":true,\"valueName\":\"search_term_string\"}}],\"inLanguage\":\"en-US\"},{\"@type\":\"Organization\",\"@id\":\"https:\/\/gr-100.com\/#organization\",\"name\":\"Gr-100\",\"url\":\"https:\/\/gr-100.com\/\",\"logo\":{\"@type\":\"ImageObject\",\"inLanguage\":\"en-US\",\"@id\":\"https:\/\/gr-100.com\/#\/schema\/logo\/image\/\",\"url\":\"https:\/\/gr-100.com\/wp-content\/uploads\/2023\/08\/logo-gr-100-bikes.png\",\"contentUrl\":\"https:\/\/gr-100.com\/wp-content\/uploads\/2023\/08\/logo-gr-100-bikes.png\",\"width\":707,\"height\":284,\"caption\":\"Gr-100\"},\"image\":{\"@id\":\"https:\/\/gr-100.com\/#\/schema\/logo\/image\/\"},\"sameAs\":[\"https:\/\/www.facebook.com\/Gr100Bikes\",\"https:\/\/www.instagram.com\/gr100bikes\/\",\"https:\/\/www.tiktok.com\/@gr100bikes\",\"https:\/\/twitter.com\/gr100mtbteam\",\"https:\/\/www.youtube.com\/c\/GR100Specialized\"]}]}<\/script>\n<!-- \/ Yoast SEO Premium plugin. -->","yoast_head_json":{"title":"Specialized S-Works Carbon Zee Cage II \u2013 Izquierda GR-100","description":"El S-Works Carbon Zee Cage II es un portabidones de fibra de carbono 100% FACT compatible con soluciones SWAT\u2122 para la integraci\u00f3n de herramientas y almacenamiento. Adem\u00e1s, cuenta con un exclusivo dise\u00f1o de carga hacia la izquierda que te permitir\u00e1 acceder f\u00e1cilmente a los bidones cuando el espacio del cuadro sea limitado o cuando pedaleas agarrado en la curva del manillar.","robots":{"index":"index","follow":"follow","max-snippet":"max-snippet:-1","max-image-preview":"max-image-preview:large","max-video-preview":"max-video-preview:-1"},"canonical":"https:\/\/gr-100.com\/en\/producto\/specialized-s-works-carbon-zee-cage-ii-izquierda\/","og_locale":"en_US","og_type":"article","og_title":"Specialized S-Works Carbon Zee Cage II \u2013 Izquierda","og_description":"El S-Works Carbon Zee Cage II es un portabidones de fibra de carbono 100% FACT compatible con soluciones SWAT\u2122 para la integraci\u00f3n de herramientas y almacenamiento. Adem\u00e1s, cuenta con un exclusivo dise\u00f1o de carga hacia la izquierda que te permitir\u00e1 acceder f\u00e1cilmente a los bidones cuando el espacio del cuadro sea limitado o cuando pedaleas agarrado en la curva del manillar.","og_url":"https:\/\/gr-100.com\/en\/producto\/specialized-s-works-carbon-zee-cage-ii-izquierda\/","og_site_name":"Gr-100 Tienda de ciclismo Specialized","article_publisher":"https:\/\/www.facebook.com\/Gr100Bikes","og_image":[{"width":1000,"height":1000,"url":"https:\/\/gr-100.com\/wp-content\/uploads\/2025\/12\/Considera-la-Vado-como-tu-bicicleta-de-transporte-de-alto-rendimiento-que-te-lleva-a-donde-quieras-con-una-combinacion-inigualable-de-velocidad-fiabilidad-y-confianza.-Ya-sea-que-la-cargues-con-19.jpg","type":"image\/jpeg"}],"twitter_card":"summary_large_image","schema":{"@context":"https:\/\/schema.org","@graph":[{"@type":"WebPage","@id":"https:\/\/gr-100.com\/en\/producto\/specialized-s-works-carbon-zee-cage-ii-izquierda\/","url":"https:\/\/gr-100.com\/en\/producto\/specialized-s-works-carbon-zee-cage-ii-izquierda\/","name":"Specialized S-Works Carbon Zee Cage II \u2013 Izquierda GR-100","isPartOf":{"@id":"https:\/\/gr-100.com\/#website"},"primaryImageOfPage":{"@id":"https:\/\/gr-100.com\/en\/producto\/specialized-s-works-carbon-zee-cage-ii-izquierda\/#primaryimage"},"image":{"@id":"https:\/\/gr-100.com\/en\/producto\/specialized-s-works-carbon-zee-cage-ii-izquierda\/#primaryimage"},"thumbnailUrl":"https:\/\/gr-100.com\/wp-content\/uploads\/2025\/12\/Considera-la-Vado-como-tu-bicicleta-de-transporte-de-alto-rendimiento-que-te-lleva-a-donde-quieras-con-una-combinacion-inigualable-de-velocidad-fiabilidad-y-confianza.-Ya-sea-que-la-cargues-con-19.jpg","datePublished":"2025-12-15T11:41:09+00:00","description":"El S-Works Carbon Zee Cage II es un portabidones de fibra de carbono 100% FACT compatible con soluciones SWAT\u2122 para la integraci\u00f3n de herramientas y almacenamiento. Adem\u00e1s, cuenta con un exclusivo dise\u00f1o de carga hacia la izquierda que te permitir\u00e1 acceder f\u00e1cilmente a los bidones cuando el espacio del cuadro sea limitado o cuando pedaleas agarrado en la curva del manillar.","breadcrumb":{"@id":"https:\/\/gr-100.com\/en\/producto\/specialized-s-works-carbon-zee-cage-ii-izquierda\/#breadcrumb"},"inLanguage":"en-US","potentialAction":[{"@type":"ReadAction","target":["https:\/\/gr-100.com\/en\/producto\/specialized-s-works-carbon-zee-cage-ii-izquierda\/"]}]},{"@type":"ImageObject","inLanguage":"en-US","@id":"https:\/\/gr-100.com\/en\/producto\/specialized-s-works-carbon-zee-cage-ii-izquierda\/#primaryimage","url":"https:\/\/gr-100.com\/wp-content\/uploads\/2025\/12\/Considera-la-Vado-como-tu-bicicleta-de-transporte-de-alto-rendimiento-que-te-lleva-a-donde-quieras-con-una-combinacion-inigualable-de-velocidad-fiabilidad-y-confianza.-Ya-sea-que-la-cargues-con-19.jpg","contentUrl":"https:\/\/gr-100.com\/wp-content\/uploads\/2025\/12\/Considera-la-Vado-como-tu-bicicleta-de-transporte-de-alto-rendimiento-que-te-lleva-a-donde-quieras-con-una-combinacion-inigualable-de-velocidad-fiabilidad-y-confianza.-Ya-sea-que-la-cargues-con-19.jpg","width":1000,"height":1000},{"@type":"BreadcrumbList","@id":"https:\/\/gr-100.com\/en\/producto\/specialized-s-works-carbon-zee-cage-ii-izquierda\/#breadcrumb","itemListElement":[{"@type":"ListItem","position":1,"name":"Portada","item":"https:\/\/gr-100.com\/pt-pt\/"},{"@type":"ListItem","position":2,"name":"Productos","item":"https:\/\/gr-100.com\/?post_type=product"},{"@type":"ListItem","position":3,"name":"Specialized S-Works Carbon Zee Cage II \u2013 Izquierda"}]},{"@type":"WebSite","@id":"https:\/\/gr-100.com\/#website","url":"https:\/\/gr-100.com\/","name":"Gr-100 Tienda de ciclismo Specialized","description":"GR-100 tenemos todas las gamas de bicicletas Specialized al mejor precio.","publisher":{"@id":"https:\/\/gr-100.com\/#organization"},"alternateName":"Gr-100 Bikes","potentialAction":[{"@type":"SearchAction","target":{"@type":"EntryPoint","urlTemplate":"https:\/\/gr-100.com\/?s={search_term_string}"},"query-input":{"@type":"PropertyValueSpecification","valueRequired":true,"valueName":"search_term_string"}}],"inLanguage":"en-US"},{"@type":"Organization","@id":"https:\/\/gr-100.com\/#organization","name":"Gr-100","url":"https:\/\/gr-100.com\/","logo":{"@type":"ImageObject","inLanguage":"en-US","@id":"https:\/\/gr-100.com\/#\/schema\/logo\/image\/","url":"https:\/\/gr-100.com\/wp-content\/uploads\/2023\/08\/logo-gr-100-bikes.png","contentUrl":"https:\/\/gr-100.com\/wp-content\/uploads\/2023\/08\/logo-gr-100-bikes.png","width":707,"height":284,"caption":"Gr-100"},"image":{"@id":"https:\/\/gr-100.com\/#\/schema\/logo\/image\/"},"sameAs":["https:\/\/www.facebook.com\/Gr100Bikes","https:\/\/www.instagram.com\/gr100bikes\/","https:\/\/www.tiktok.com\/@gr100bikes","https:\/\/twitter.com\/gr100mtbteam","https:\/\/www.youtube.com\/c\/GR100Specialized"]}]}},"_links":{"self":[{"href":"https:\/\/gr-100.com\/en\/wp-json\/wp\/v2\/product\/431689","targetHints":{"allow":["GET"]}}],"collection":[{"href":"https:\/\/gr-100.com\/en\/wp-json\/wp\/v2\/product"}],"about":[{"href":"https:\/\/gr-100.com\/en\/wp-json\/wp\/v2\/types\/product"}],"replies":[{"embeddable":true,"href":"https:\/\/gr-100.com\/en\/wp-json\/wp\/v2\/comments?post=431689"}],"wp:featuredmedia":[{"embeddable":true,"href":"https:\/\/gr-100.com\/en\/wp-json\/wp\/v2\/media\/422765"}],"wp:attachment":[{"href":"https:\/\/gr-100.com\/en\/wp-json\/wp\/v2\/media?parent=431689"}],"wp:term":[{"taxonomy":"product_brand","embeddable":true,"href":"https:\/\/gr-100.com\/en\/wp-json\/wp\/v2\/product_brand?post=431689"},{"taxonomy":"product_cat","embeddable":true,"href":"https:\/\/gr-100.com\/en\/wp-json\/wp\/v2\/product_cat?post=431689"},{"taxonomy":"product_tag","embeddable":true,"href":"https:\/\/gr-100.com\/en\/wp-json\/wp\/v2\/product_tag?post=431689"}],"curies":[{"name":"wp","href":"https:\/\/api.w.org\/{rel}","templated":true}]}}