{"id":432285,"date":"2025-08-21T14:08:20","date_gmt":"2025-08-21T13:08:20","guid":{"rendered":"https:\/\/gr-100.com\/producto\/roval-rapide-clx-iii-2026-gloss-carbon-white\/"},"modified":"2025-08-21T14:08:20","modified_gmt":"2025-08-21T12:08:20","slug":"roval-rapide-clx-iii-2026-gloss-carbon-white","status":"publish","type":"product","link":"https:\/\/gr-100.com\/en\/producto\/roval-rapide-clx-iii-2026-gloss-carbon-white\/","title":{"rendered":"Roval Rapide CLX III 2026 Gloss Carbon White"},"content":{"rendered":"<p>Las nuevas ruedas Roval Rapide CLX III rompen las convenciones aerodin\u00e1micas para ofrecer una velocidad sin igual en cualquier tipo de recorrido. En la parte delantera, una llanta de perfil profundo corta el aire justo donde m\u00e1s se necesita. En la parte trasera, una llanta de perfil m\u00e1s bajo y radios de carbono reducen 215 g, lo que permite una aceleraci\u00f3n explosiva y un control extremadamente preciso. Adem\u00e1s, los bordes FlatStop Bead Hooks requieren un 39 % m\u00e1s de fuerza para pinchar, ofreci\u00e9ndote la mejor protecci\u00f3n de su clase para darlo todo hasta la l\u00ednea de meta. Llega r\u00e1pido, siempre, en cualquier recorrido, con las Roval Rapide CLX III.    <\/p>\n<ul>\n<li>Technical specifications<\/li>\n<li>Llantas<br \/>\nTama\u00f1o de rueda \/ ETRTO: 622 \u00d7 21 (700c)<br \/>\nCompatibilidad Tubeless: S\u00ed<br \/>\nCompatibilidad con insertos: S\u00ed<br \/>\nCompatibilidad de frenos: Disco (Centerlock)<br \/>\nConstrucci\u00f3n de la llanta: Carbono, tipo clincher con gancho<br \/>\nLongitud de v\u00e1lvula: V\u00e1lvula Tubeless Roval de aleaci\u00f3n, 70 mm<br \/>\nN\u00famero de orificios: Delantera: 18H \/ Trasera: 24H<br \/>\nLlanta trasera<br \/>\nModelo: Rapide CLX III Carbon Clincher Rear, 700c (CR2471)<\/li>\n<li>Dimensiones:<br \/>\nProfundidad: 48 mm<br \/>\nAncho externo (en el punto m\u00e1s ancho): 31,3 mm<br \/>\nAncho interno: 21 mm<br \/>\nAncho del gancho del tal\u00f3n: 4,1 mm<br \/>\nLlanta delantera<br \/>\nModelo: Rapide CLX Team Carbon Clincher, 700c (CR2470)<br \/>\nDimensiones:<br \/>\nProfundidad: 51 mm<br \/>\nAncho externo (en el punto m\u00e1s ancho): 35 mm<br \/>\nAncho interno: 21 mm<br \/>\nAncho del gancho del tal\u00f3n: 5,5 mm<\/li>\n<li>Bujes<br \/>\nBuje trasero: Roval Low Flange Road Hub, Center Lock, 12&#215;142 mm (LF19-R)<br \/>\nCuerpo del n\u00facleo trasero: DT Swiss Ratchet EXP (36T), compatible con Sram XD-R<br \/>\nRodamientos traseros (DT Sinc, cer\u00e1micos):<br \/>\nLado de transmisi\u00f3n (DS): 1526 (15 x 26 x 7 mm)<br \/>\nLado opuesto (NDS): 6802 (15 x 24 x 5 mm)<br \/>\nBuje delantero: Roval Low Flange Road Hub, Center Lock, 12&#215;100 mm, tapas exteriores de 19 mm (LF18-F)<br \/>\nRodamientos delanteros (DT Sinc, cer\u00e1micos):<br \/>\nDS: 6802 (15 x 24 x 5 mm)<br \/>\nNDS: 6802 (15 x 24 x 5 mm)<\/li>\n<li>Radios y cabecillas<br \/>\nCabecillas: Arris MK4, de aleaci\u00f3n, 6 mm<br \/>\nRadios traseros: Roval by Arris, radios aero de material compuesto con extremos de titanio, tipo T-headCantidad: 24 (DS: 277 mm, NDS: 273 mm)<br \/>\nPatr\u00f3n de cruce: Un cruce \/ Tres cruces (2:1), sin solapar<br \/>\nRadios delanteros: Roval by Arris, radios aero de material compuesto con extremos de titanio, tipo T-head<br \/>\nCantidad: 18 (DS: 264 mm, NDS: 274 mm)<br \/>\nPatr\u00f3n de cruce: Dos cruces \/ Radial (2:1), sin solapar<br \/>\nInformaci\u00f3n sobre neum\u00e1ticos<br \/>\nAncho de cinta Tubeless: 25 mm<br \/>\nTipo de neum\u00e1tico: Clincher Tubeless y con c\u00e1mara<br \/>\nNeum\u00e1tico recomendado: RapidAir TLR, 28 mm<br \/>\nAnchos de neum\u00e1ticos aprobados: 24 mm \u2013 38 mm<\/li>\n<li>Presi\u00f3n m\u00e1xima:<br \/>\nTubeless: 110 psi<br \/>\nCon c\u00e1mara: 130 psi<br \/>\nPara neum\u00e1ticos de 36-38 mm: Tubeless 60 psi \/ Con c\u00e1mara 60 psi<\/li>\n<li>Peso<br \/>\nPeso total del juego de ruedas: 1305 g (con v\u00e1lvulas y cinta)<br \/>\nPeso trasero: 705 g (con v\u00e1lvulas y cinta)<br \/>\nPeso delantero: 600 g (con v\u00e1lvulas y cinta)<\/li>\n<li>General<br \/>\nGarant\u00eda: Garant\u00eda limitada de por vida<br \/>\nM\u00e9todo de ensamblado: Hechas a mano<br \/>\nL\u00edmite de peso: 125 kg \/ 275 lb<br \/>\nCertificaciones: ISO 5775-2, Aprobadas por la UCI<br \/>\nAprobadas para e-bike: No<\/li>\n<li>Extras incluidos:<br \/>\n4 radios y cabecillas de repuesto<br \/>\nBolsa para ruedas Roval<br \/>\nN\u00facleo Shimano HG 11\/12 velocidades para carretera + tapas de extremo (solo para la rueda trasera)<\/li>\n<\/ul>\n","protected":false},"excerpt":{"rendered":"<p>Las nuevas ruedas Roval Rapide CLX III rompen las convenciones aerodin\u00e1micas para ofrecer una velocidad sin igual en cualquier tipo de recorrido.<\/p>\n","protected":false},"featured_media":413708,"comment_status":"open","ping_status":"closed","template":"","meta":{"_acf_changed":false,"_et_pb_use_builder":"","_et_pb_old_content":"","_et_gb_content_width":"","inline_featured_image":false},"product_brand":[],"product_cat":[335,343],"product_tag":[],"class_list":{"0":"post-432285","1":"product","2":"type-product","3":"status-publish","4":"has-post-thumbnail","6":"product_cat-components","7":"product_cat-wheels","8":"product_shipping_class-components","9":"pa_tamanos-700c-front-en","10":"pa_tamanos-700c-rear-en","12":"first","13":"instock","14":"sale","15":"taxable","16":"shipping-taxable","17":"purchasable","18":"product-type-variable","19":"wvs-archive-product-wrapper"},"acf":[],"yoast_head":"<!-- This site is optimized with the Yoast SEO Premium plugin v26.7 (Yoast SEO v26.7) - https:\/\/yoast.com\/wordpress\/plugins\/seo\/ -->\n<title>Roval Rapide CLX III 2026 Gloss Carbon White GR 100<\/title>\n<meta name=\"description\" content=\"Las nuevas ruedas Roval Rapide CLX III rompen las convenciones aerodin\u00e1micas para ofrecer una velocidad sin igual en cualquier tipo de recorrido.\" \/>\n<meta name=\"robots\" content=\"index, follow, max-snippet:-1, max-image-preview:large, max-video-preview:-1\" \/>\n<link rel=\"canonical\" href=\"https:\/\/gr-100.com\/en\/producto\/roval-rapide-clx-iii-2026-gloss-carbon-white\/\" \/>\n<meta property=\"og:locale\" content=\"en_US\" \/>\n<meta property=\"og:type\" content=\"article\" \/>\n<meta property=\"og:title\" content=\"Roval Rapide CLX III 2026 Gloss Carbon White\" \/>\n<meta property=\"og:description\" content=\"Las nuevas ruedas Roval Rapide CLX III rompen las convenciones aerodin\u00e1micas para ofrecer una velocidad sin igual en cualquier tipo de recorrido.\" \/>\n<meta property=\"og:url\" content=\"https:\/\/gr-100.com\/en\/producto\/roval-rapide-clx-iii-2026-gloss-carbon-white\/\" \/>\n<meta property=\"og:site_name\" content=\"Gr-100 Tienda de ciclismo Specialized\" \/>\n<meta property=\"article:publisher\" content=\"https:\/\/www.facebook.com\/Gr100Bikes\" \/>\n<meta property=\"og:image\" content=\"https:\/\/gr-100.com\/wp-content\/uploads\/2025\/08\/RAPIDE-CLX-III-700C-w.jpg\" \/>\n\t<meta property=\"og:image:width\" content=\"1000\" \/>\n\t<meta property=\"og:image:height\" content=\"1000\" \/>\n\t<meta property=\"og:image:type\" content=\"image\/jpeg\" \/>\n<meta name=\"twitter:card\" content=\"summary_large_image\" \/>\n<meta name=\"twitter:label1\" content=\"Est. reading time\" \/>\n\t<meta name=\"twitter:data1\" content=\"3 minutes\" \/>\n<script type=\"application\/ld+json\" class=\"yoast-schema-graph\">{\"@context\":\"https:\/\/schema.org\",\"@graph\":[{\"@type\":\"WebPage\",\"@id\":\"https:\/\/gr-100.com\/en\/producto\/roval-rapide-clx-iii-2026-gloss-carbon-white\/\",\"url\":\"https:\/\/gr-100.com\/en\/producto\/roval-rapide-clx-iii-2026-gloss-carbon-white\/\",\"name\":\"Roval Rapide CLX III 2026 Gloss Carbon White GR 100\",\"isPartOf\":{\"@id\":\"https:\/\/gr-100.com\/#website\"},\"primaryImageOfPage\":{\"@id\":\"https:\/\/gr-100.com\/en\/producto\/roval-rapide-clx-iii-2026-gloss-carbon-white\/#primaryimage\"},\"image\":{\"@id\":\"https:\/\/gr-100.com\/en\/producto\/roval-rapide-clx-iii-2026-gloss-carbon-white\/#primaryimage\"},\"thumbnailUrl\":\"https:\/\/gr-100.com\/wp-content\/uploads\/2025\/08\/RAPIDE-CLX-III-700C-w.jpg\",\"datePublished\":\"2025-08-21T13:08:20+00:00\",\"description\":\"Las nuevas ruedas Roval Rapide CLX III rompen las convenciones aerodin\u00e1micas para ofrecer una velocidad sin igual en cualquier tipo de recorrido.\",\"breadcrumb\":{\"@id\":\"https:\/\/gr-100.com\/en\/producto\/roval-rapide-clx-iii-2026-gloss-carbon-white\/#breadcrumb\"},\"inLanguage\":\"en-US\",\"potentialAction\":[{\"@type\":\"ReadAction\",\"target\":[\"https:\/\/gr-100.com\/en\/producto\/roval-rapide-clx-iii-2026-gloss-carbon-white\/\"]}]},{\"@type\":\"ImageObject\",\"inLanguage\":\"en-US\",\"@id\":\"https:\/\/gr-100.com\/en\/producto\/roval-rapide-clx-iii-2026-gloss-carbon-white\/#primaryimage\",\"url\":\"https:\/\/gr-100.com\/wp-content\/uploads\/2025\/08\/RAPIDE-CLX-III-700C-w.jpg\",\"contentUrl\":\"https:\/\/gr-100.com\/wp-content\/uploads\/2025\/08\/RAPIDE-CLX-III-700C-w.jpg\",\"width\":1000,\"height\":1000},{\"@type\":\"BreadcrumbList\",\"@id\":\"https:\/\/gr-100.com\/en\/producto\/roval-rapide-clx-iii-2026-gloss-carbon-white\/#breadcrumb\",\"itemListElement\":[{\"@type\":\"ListItem\",\"position\":1,\"name\":\"Portada\",\"item\":\"https:\/\/gr-100.com\/pt-pt\/\"},{\"@type\":\"ListItem\",\"position\":2,\"name\":\"Productos\",\"item\":\"https:\/\/gr-100.com\/?post_type=product\"},{\"@type\":\"ListItem\",\"position\":3,\"name\":\"Roval Rapide CLX III 2026 Gloss Carbon White\"}]},{\"@type\":\"WebSite\",\"@id\":\"https:\/\/gr-100.com\/#website\",\"url\":\"https:\/\/gr-100.com\/\",\"name\":\"Gr-100 Tienda de ciclismo Specialized\",\"description\":\"GR-100 tenemos todas las gamas de bicicletas Specialized al mejor precio.\",\"publisher\":{\"@id\":\"https:\/\/gr-100.com\/#organization\"},\"alternateName\":\"Gr-100 Bikes\",\"potentialAction\":[{\"@type\":\"SearchAction\",\"target\":{\"@type\":\"EntryPoint\",\"urlTemplate\":\"https:\/\/gr-100.com\/?s={search_term_string}\"},\"query-input\":{\"@type\":\"PropertyValueSpecification\",\"valueRequired\":true,\"valueName\":\"search_term_string\"}}],\"inLanguage\":\"en-US\"},{\"@type\":\"Organization\",\"@id\":\"https:\/\/gr-100.com\/#organization\",\"name\":\"Gr-100\",\"url\":\"https:\/\/gr-100.com\/\",\"logo\":{\"@type\":\"ImageObject\",\"inLanguage\":\"en-US\",\"@id\":\"https:\/\/gr-100.com\/#\/schema\/logo\/image\/\",\"url\":\"https:\/\/gr-100.com\/wp-content\/uploads\/2023\/08\/logo-gr-100-bikes.png\",\"contentUrl\":\"https:\/\/gr-100.com\/wp-content\/uploads\/2023\/08\/logo-gr-100-bikes.png\",\"width\":707,\"height\":284,\"caption\":\"Gr-100\"},\"image\":{\"@id\":\"https:\/\/gr-100.com\/#\/schema\/logo\/image\/\"},\"sameAs\":[\"https:\/\/www.facebook.com\/Gr100Bikes\",\"https:\/\/www.instagram.com\/gr100bikes\/\",\"https:\/\/www.tiktok.com\/@gr100bikes\",\"https:\/\/twitter.com\/gr100mtbteam\",\"https:\/\/www.youtube.com\/c\/GR100Specialized\"]}]}<\/script>\n<!-- \/ Yoast SEO Premium plugin. -->","yoast_head_json":{"title":"Roval Rapide CLX III 2026 Gloss Carbon White GR 100","description":"Las nuevas ruedas Roval Rapide CLX III rompen las convenciones aerodin\u00e1micas para ofrecer una velocidad sin igual en cualquier tipo de recorrido.","robots":{"index":"index","follow":"follow","max-snippet":"max-snippet:-1","max-image-preview":"max-image-preview:large","max-video-preview":"max-video-preview:-1"},"canonical":"https:\/\/gr-100.com\/en\/producto\/roval-rapide-clx-iii-2026-gloss-carbon-white\/","og_locale":"en_US","og_type":"article","og_title":"Roval Rapide CLX III 2026 Gloss Carbon White","og_description":"Las nuevas ruedas Roval Rapide CLX III rompen las convenciones aerodin\u00e1micas para ofrecer una velocidad sin igual en cualquier tipo de recorrido.","og_url":"https:\/\/gr-100.com\/en\/producto\/roval-rapide-clx-iii-2026-gloss-carbon-white\/","og_site_name":"Gr-100 Tienda de ciclismo Specialized","article_publisher":"https:\/\/www.facebook.com\/Gr100Bikes","og_image":[{"width":1000,"height":1000,"url":"https:\/\/gr-100.com\/wp-content\/uploads\/2025\/08\/RAPIDE-CLX-III-700C-w.jpg","type":"image\/jpeg"}],"twitter_card":"summary_large_image","twitter_misc":{"Est. reading time":"3 minutes"},"schema":{"@context":"https:\/\/schema.org","@graph":[{"@type":"WebPage","@id":"https:\/\/gr-100.com\/en\/producto\/roval-rapide-clx-iii-2026-gloss-carbon-white\/","url":"https:\/\/gr-100.com\/en\/producto\/roval-rapide-clx-iii-2026-gloss-carbon-white\/","name":"Roval Rapide CLX III 2026 Gloss Carbon White GR 100","isPartOf":{"@id":"https:\/\/gr-100.com\/#website"},"primaryImageOfPage":{"@id":"https:\/\/gr-100.com\/en\/producto\/roval-rapide-clx-iii-2026-gloss-carbon-white\/#primaryimage"},"image":{"@id":"https:\/\/gr-100.com\/en\/producto\/roval-rapide-clx-iii-2026-gloss-carbon-white\/#primaryimage"},"thumbnailUrl":"https:\/\/gr-100.com\/wp-content\/uploads\/2025\/08\/RAPIDE-CLX-III-700C-w.jpg","datePublished":"2025-08-21T13:08:20+00:00","description":"Las nuevas ruedas Roval Rapide CLX III rompen las convenciones aerodin\u00e1micas para ofrecer una velocidad sin igual en cualquier tipo de recorrido.","breadcrumb":{"@id":"https:\/\/gr-100.com\/en\/producto\/roval-rapide-clx-iii-2026-gloss-carbon-white\/#breadcrumb"},"inLanguage":"en-US","potentialAction":[{"@type":"ReadAction","target":["https:\/\/gr-100.com\/en\/producto\/roval-rapide-clx-iii-2026-gloss-carbon-white\/"]}]},{"@type":"ImageObject","inLanguage":"en-US","@id":"https:\/\/gr-100.com\/en\/producto\/roval-rapide-clx-iii-2026-gloss-carbon-white\/#primaryimage","url":"https:\/\/gr-100.com\/wp-content\/uploads\/2025\/08\/RAPIDE-CLX-III-700C-w.jpg","contentUrl":"https:\/\/gr-100.com\/wp-content\/uploads\/2025\/08\/RAPIDE-CLX-III-700C-w.jpg","width":1000,"height":1000},{"@type":"BreadcrumbList","@id":"https:\/\/gr-100.com\/en\/producto\/roval-rapide-clx-iii-2026-gloss-carbon-white\/#breadcrumb","itemListElement":[{"@type":"ListItem","position":1,"name":"Portada","item":"https:\/\/gr-100.com\/pt-pt\/"},{"@type":"ListItem","position":2,"name":"Productos","item":"https:\/\/gr-100.com\/?post_type=product"},{"@type":"ListItem","position":3,"name":"Roval Rapide CLX III 2026 Gloss Carbon White"}]},{"@type":"WebSite","@id":"https:\/\/gr-100.com\/#website","url":"https:\/\/gr-100.com\/","name":"Gr-100 Tienda de ciclismo Specialized","description":"GR-100 tenemos todas las gamas de bicicletas Specialized al mejor precio.","publisher":{"@id":"https:\/\/gr-100.com\/#organization"},"alternateName":"Gr-100 Bikes","potentialAction":[{"@type":"SearchAction","target":{"@type":"EntryPoint","urlTemplate":"https:\/\/gr-100.com\/?s={search_term_string}"},"query-input":{"@type":"PropertyValueSpecification","valueRequired":true,"valueName":"search_term_string"}}],"inLanguage":"en-US"},{"@type":"Organization","@id":"https:\/\/gr-100.com\/#organization","name":"Gr-100","url":"https:\/\/gr-100.com\/","logo":{"@type":"ImageObject","inLanguage":"en-US","@id":"https:\/\/gr-100.com\/#\/schema\/logo\/image\/","url":"https:\/\/gr-100.com\/wp-content\/uploads\/2023\/08\/logo-gr-100-bikes.png","contentUrl":"https:\/\/gr-100.com\/wp-content\/uploads\/2023\/08\/logo-gr-100-bikes.png","width":707,"height":284,"caption":"Gr-100"},"image":{"@id":"https:\/\/gr-100.com\/#\/schema\/logo\/image\/"},"sameAs":["https:\/\/www.facebook.com\/Gr100Bikes","https:\/\/www.instagram.com\/gr100bikes\/","https:\/\/www.tiktok.com\/@gr100bikes","https:\/\/twitter.com\/gr100mtbteam","https:\/\/www.youtube.com\/c\/GR100Specialized"]}]}},"_links":{"self":[{"href":"https:\/\/gr-100.com\/en\/wp-json\/wp\/v2\/product\/432285","targetHints":{"allow":["GET"]}}],"collection":[{"href":"https:\/\/gr-100.com\/en\/wp-json\/wp\/v2\/product"}],"about":[{"href":"https:\/\/gr-100.com\/en\/wp-json\/wp\/v2\/types\/product"}],"replies":[{"embeddable":true,"href":"https:\/\/gr-100.com\/en\/wp-json\/wp\/v2\/comments?post=432285"}],"wp:featuredmedia":[{"embeddable":true,"href":"https:\/\/gr-100.com\/en\/wp-json\/wp\/v2\/media\/413708"}],"wp:attachment":[{"href":"https:\/\/gr-100.com\/en\/wp-json\/wp\/v2\/media?parent=432285"}],"wp:term":[{"taxonomy":"product_brand","embeddable":true,"href":"https:\/\/gr-100.com\/en\/wp-json\/wp\/v2\/product_brand?post=432285"},{"taxonomy":"product_cat","embeddable":true,"href":"https:\/\/gr-100.com\/en\/wp-json\/wp\/v2\/product_cat?post=432285"},{"taxonomy":"product_tag","embeddable":true,"href":"https:\/\/gr-100.com\/en\/wp-json\/wp\/v2\/product_tag?post=432285"}],"curies":[{"name":"wp","href":"https:\/\/api.w.org\/{rel}","templated":true}]}}