{"id":432364,"date":"2024-07-01T09:03:46","date_gmt":"2024-07-01T08:03:46","guid":{"rendered":"https:\/\/gr-100.com\/producto\/specialized-roadsport-cubiertas\/"},"modified":"2024-07-01T09:03:46","modified_gmt":"2024-07-01T07:03:46","slug":"specialized-roadsport-cubiertas","status":"publish","type":"product","link":"https:\/\/gr-100.com\/en\/producto\/specialized-roadsport-cubiertas\/","title":{"rendered":"Specialized Roadsport Cubiertas"},"content":{"rendered":"<p>El neum\u00e1tico Roadsport actualizado presenta uno de nuestros cl\u00e1sicos y m\u00e1s vers\u00e1tiles dise\u00f1os de banda de rodamiento junto con la protecci\u00f3n de tal\u00f3n a tal\u00f3n de nuestra carcasa Endurant de primera calidad. Esta actualizaci\u00f3n le da al neum\u00e1tico mayor velocidad, agarre y durabilidad, todo en un paquete m\u00e1s ligero. Tambi\u00e9n actualizamos el caucho con un nuevo compuesto de agarre extra que proporciona un manejo seguro y predecible en una variedad de condiciones. As\u00ed que no es sorprendente que ya se haya convertido en el favorito de los empleados de Specialized.   <\/p>\n<p>CARACTERISTICAS:<\/p>\n<ul>\n<li>Carcasa: 60TPI<\/li>\n<li>Aro: Alambre<\/li>\n<li>Compuesto: 60a<\/li>\n<li>Anti-puncture protection: Endurant<\/li>\n<li>26&#215;1 3\/8&#8243;, psi 70-90, peso aproximado 515g<\/li>\n<li>27&#215;1 1\/4&#8243;, psi 85-95, peso aproximado 545g<\/li>\n<li>700x24mm, psi 100-125, peso aproximado 335g<\/li>\n<li>700x26mm, psi 100-125, peso aproximado 360g<\/li>\n<li>700x28mm, psi 85-95, peso aproximado 420g<\/li>\n<li>700x32mm, psi 85-95, peso aproximado 460g<\/li>\n<\/ul>\n","protected":false},"excerpt":{"rendered":"<p>El neum\u00e1tico Roadsport actualizado presenta uno de nuestros cl\u00e1sicos y m\u00e1s vers\u00e1tiles dise\u00f1os de banda de rodamiento junto con la protecci\u00f3n de tal\u00f3n a tal\u00f3n de nuestra carcasa Endurant de primera calidad.<\/p>\n","protected":false},"featured_media":284296,"comment_status":"closed","ping_status":"closed","template":"","meta":{"_acf_changed":false,"_et_pb_use_builder":"","_et_pb_old_content":"","_et_gb_content_width":"","inline_featured_image":false},"product_brand":[],"product_cat":[335,337],"product_tag":[],"class_list":{"0":"post-432364","1":"product","2":"type-product","3":"status-publish","4":"has-post-thumbnail","6":"product_cat-components","7":"product_cat-covers-and-chambers","8":"product_shipping_class-components","10":"first","11":"instock","12":"taxable","13":"shipping-taxable","14":"purchasable","15":"product-type-variable","16":"wvs-archive-product-wrapper"},"acf":[],"yoast_head":"<!-- This site is optimized with the Yoast SEO Premium plugin v26.7 (Yoast SEO v26.7) - https:\/\/yoast.com\/wordpress\/plugins\/seo\/ -->\n<title>Specialized Roadsport Cubiertas - GR-100<\/title>\n<meta name=\"description\" content=\"El neum\u00e1tico Roadsport actualizado presenta uno de nuestros cl\u00e1sicos y m\u00e1s vers\u00e1tiles dise\u00f1os de banda de rodamiento junto con la protecci\u00f3n.\" \/>\n<meta name=\"robots\" content=\"index, follow, max-snippet:-1, max-image-preview:large, max-video-preview:-1\" \/>\n<link rel=\"canonical\" href=\"https:\/\/gr-100.com\/en\/producto\/specialized-roadsport-cubiertas\/\" \/>\n<meta property=\"og:locale\" content=\"en_US\" \/>\n<meta property=\"og:type\" content=\"article\" \/>\n<meta property=\"og:title\" content=\"Specialized Roadsport Cubiertas\" \/>\n<meta property=\"og:description\" content=\"El neum\u00e1tico Roadsport actualizado presenta uno de nuestros cl\u00e1sicos y m\u00e1s vers\u00e1tiles dise\u00f1os de banda de rodamiento junto con la protecci\u00f3n.\" \/>\n<meta property=\"og:url\" content=\"https:\/\/gr-100.com\/en\/producto\/specialized-roadsport-cubiertas\/\" \/>\n<meta property=\"og:site_name\" content=\"Gr-100 Tienda de ciclismo Specialized\" \/>\n<meta property=\"article:publisher\" content=\"https:\/\/www.facebook.com\/Gr100Bikes\" \/>\n<meta property=\"og:image\" content=\"https:\/\/gr-100.com\/wp-content\/uploads\/2024\/05\/11-Screenshot-of-RoadSport-.jpg\" \/>\n\t<meta property=\"og:image:width\" content=\"1000\" \/>\n\t<meta property=\"og:image:height\" content=\"1000\" \/>\n\t<meta property=\"og:image:type\" content=\"image\/jpeg\" \/>\n<meta name=\"twitter:card\" content=\"summary_large_image\" \/>\n<meta name=\"twitter:label1\" content=\"Est. reading time\" \/>\n\t<meta name=\"twitter:data1\" content=\"1 minute\" \/>\n<script type=\"application\/ld+json\" class=\"yoast-schema-graph\">{\"@context\":\"https:\/\/schema.org\",\"@graph\":[{\"@type\":\"WebPage\",\"@id\":\"https:\/\/gr-100.com\/en\/producto\/specialized-roadsport-cubiertas\/\",\"url\":\"https:\/\/gr-100.com\/en\/producto\/specialized-roadsport-cubiertas\/\",\"name\":\"Specialized Roadsport Cubiertas - GR-100\",\"isPartOf\":{\"@id\":\"https:\/\/gr-100.com\/#website\"},\"primaryImageOfPage\":{\"@id\":\"https:\/\/gr-100.com\/en\/producto\/specialized-roadsport-cubiertas\/#primaryimage\"},\"image\":{\"@id\":\"https:\/\/gr-100.com\/en\/producto\/specialized-roadsport-cubiertas\/#primaryimage\"},\"thumbnailUrl\":\"https:\/\/gr-100.com\/wp-content\/uploads\/2024\/05\/11-Screenshot-of-RoadSport-.jpg\",\"datePublished\":\"2024-07-01T08:03:46+00:00\",\"description\":\"El neum\u00e1tico Roadsport actualizado presenta uno de nuestros cl\u00e1sicos y m\u00e1s vers\u00e1tiles dise\u00f1os de banda de rodamiento junto con la protecci\u00f3n.\",\"breadcrumb\":{\"@id\":\"https:\/\/gr-100.com\/en\/producto\/specialized-roadsport-cubiertas\/#breadcrumb\"},\"inLanguage\":\"en-US\",\"potentialAction\":[{\"@type\":\"ReadAction\",\"target\":[\"https:\/\/gr-100.com\/en\/producto\/specialized-roadsport-cubiertas\/\"]}]},{\"@type\":\"ImageObject\",\"inLanguage\":\"en-US\",\"@id\":\"https:\/\/gr-100.com\/en\/producto\/specialized-roadsport-cubiertas\/#primaryimage\",\"url\":\"https:\/\/gr-100.com\/wp-content\/uploads\/2024\/05\/11-Screenshot-of-RoadSport-.jpg\",\"contentUrl\":\"https:\/\/gr-100.com\/wp-content\/uploads\/2024\/05\/11-Screenshot-of-RoadSport-.jpg\",\"width\":1000,\"height\":1000},{\"@type\":\"BreadcrumbList\",\"@id\":\"https:\/\/gr-100.com\/en\/producto\/specialized-roadsport-cubiertas\/#breadcrumb\",\"itemListElement\":[{\"@type\":\"ListItem\",\"position\":1,\"name\":\"Portada\",\"item\":\"https:\/\/gr-100.com\/pt-pt\/\"},{\"@type\":\"ListItem\",\"position\":2,\"name\":\"Productos\",\"item\":\"https:\/\/gr-100.com\/?post_type=product\"},{\"@type\":\"ListItem\",\"position\":3,\"name\":\"Specialized Roadsport Cubiertas\"}]},{\"@type\":\"WebSite\",\"@id\":\"https:\/\/gr-100.com\/#website\",\"url\":\"https:\/\/gr-100.com\/\",\"name\":\"Gr-100 Tienda de ciclismo Specialized\",\"description\":\"GR-100 tenemos todas las gamas de bicicletas Specialized al mejor precio.\",\"publisher\":{\"@id\":\"https:\/\/gr-100.com\/#organization\"},\"alternateName\":\"Gr-100 Bikes\",\"potentialAction\":[{\"@type\":\"SearchAction\",\"target\":{\"@type\":\"EntryPoint\",\"urlTemplate\":\"https:\/\/gr-100.com\/?s={search_term_string}\"},\"query-input\":{\"@type\":\"PropertyValueSpecification\",\"valueRequired\":true,\"valueName\":\"search_term_string\"}}],\"inLanguage\":\"en-US\"},{\"@type\":\"Organization\",\"@id\":\"https:\/\/gr-100.com\/#organization\",\"name\":\"Gr-100\",\"url\":\"https:\/\/gr-100.com\/\",\"logo\":{\"@type\":\"ImageObject\",\"inLanguage\":\"en-US\",\"@id\":\"https:\/\/gr-100.com\/#\/schema\/logo\/image\/\",\"url\":\"https:\/\/gr-100.com\/wp-content\/uploads\/2023\/08\/logo-gr-100-bikes.png\",\"contentUrl\":\"https:\/\/gr-100.com\/wp-content\/uploads\/2023\/08\/logo-gr-100-bikes.png\",\"width\":707,\"height\":284,\"caption\":\"Gr-100\"},\"image\":{\"@id\":\"https:\/\/gr-100.com\/#\/schema\/logo\/image\/\"},\"sameAs\":[\"https:\/\/www.facebook.com\/Gr100Bikes\",\"https:\/\/www.instagram.com\/gr100bikes\/\",\"https:\/\/www.tiktok.com\/@gr100bikes\",\"https:\/\/twitter.com\/gr100mtbteam\",\"https:\/\/www.youtube.com\/c\/GR100Specialized\"]}]}<\/script>\n<!-- \/ Yoast SEO Premium plugin. -->","yoast_head_json":{"title":"Specialized Roadsport Cubiertas - GR-100","description":"El neum\u00e1tico Roadsport actualizado presenta uno de nuestros cl\u00e1sicos y m\u00e1s vers\u00e1tiles dise\u00f1os de banda de rodamiento junto con la protecci\u00f3n.","robots":{"index":"index","follow":"follow","max-snippet":"max-snippet:-1","max-image-preview":"max-image-preview:large","max-video-preview":"max-video-preview:-1"},"canonical":"https:\/\/gr-100.com\/en\/producto\/specialized-roadsport-cubiertas\/","og_locale":"en_US","og_type":"article","og_title":"Specialized Roadsport Cubiertas","og_description":"El neum\u00e1tico Roadsport actualizado presenta uno de nuestros cl\u00e1sicos y m\u00e1s vers\u00e1tiles dise\u00f1os de banda de rodamiento junto con la protecci\u00f3n.","og_url":"https:\/\/gr-100.com\/en\/producto\/specialized-roadsport-cubiertas\/","og_site_name":"Gr-100 Tienda de ciclismo Specialized","article_publisher":"https:\/\/www.facebook.com\/Gr100Bikes","og_image":[{"width":1000,"height":1000,"url":"https:\/\/gr-100.com\/wp-content\/uploads\/2024\/05\/11-Screenshot-of-RoadSport-.jpg","type":"image\/jpeg"}],"twitter_card":"summary_large_image","twitter_misc":{"Est. reading time":"1 minute"},"schema":{"@context":"https:\/\/schema.org","@graph":[{"@type":"WebPage","@id":"https:\/\/gr-100.com\/en\/producto\/specialized-roadsport-cubiertas\/","url":"https:\/\/gr-100.com\/en\/producto\/specialized-roadsport-cubiertas\/","name":"Specialized Roadsport Cubiertas - GR-100","isPartOf":{"@id":"https:\/\/gr-100.com\/#website"},"primaryImageOfPage":{"@id":"https:\/\/gr-100.com\/en\/producto\/specialized-roadsport-cubiertas\/#primaryimage"},"image":{"@id":"https:\/\/gr-100.com\/en\/producto\/specialized-roadsport-cubiertas\/#primaryimage"},"thumbnailUrl":"https:\/\/gr-100.com\/wp-content\/uploads\/2024\/05\/11-Screenshot-of-RoadSport-.jpg","datePublished":"2024-07-01T08:03:46+00:00","description":"El neum\u00e1tico Roadsport actualizado presenta uno de nuestros cl\u00e1sicos y m\u00e1s vers\u00e1tiles dise\u00f1os de banda de rodamiento junto con la protecci\u00f3n.","breadcrumb":{"@id":"https:\/\/gr-100.com\/en\/producto\/specialized-roadsport-cubiertas\/#breadcrumb"},"inLanguage":"en-US","potentialAction":[{"@type":"ReadAction","target":["https:\/\/gr-100.com\/en\/producto\/specialized-roadsport-cubiertas\/"]}]},{"@type":"ImageObject","inLanguage":"en-US","@id":"https:\/\/gr-100.com\/en\/producto\/specialized-roadsport-cubiertas\/#primaryimage","url":"https:\/\/gr-100.com\/wp-content\/uploads\/2024\/05\/11-Screenshot-of-RoadSport-.jpg","contentUrl":"https:\/\/gr-100.com\/wp-content\/uploads\/2024\/05\/11-Screenshot-of-RoadSport-.jpg","width":1000,"height":1000},{"@type":"BreadcrumbList","@id":"https:\/\/gr-100.com\/en\/producto\/specialized-roadsport-cubiertas\/#breadcrumb","itemListElement":[{"@type":"ListItem","position":1,"name":"Portada","item":"https:\/\/gr-100.com\/pt-pt\/"},{"@type":"ListItem","position":2,"name":"Productos","item":"https:\/\/gr-100.com\/?post_type=product"},{"@type":"ListItem","position":3,"name":"Specialized Roadsport Cubiertas"}]},{"@type":"WebSite","@id":"https:\/\/gr-100.com\/#website","url":"https:\/\/gr-100.com\/","name":"Gr-100 Tienda de ciclismo Specialized","description":"GR-100 tenemos todas las gamas de bicicletas Specialized al mejor precio.","publisher":{"@id":"https:\/\/gr-100.com\/#organization"},"alternateName":"Gr-100 Bikes","potentialAction":[{"@type":"SearchAction","target":{"@type":"EntryPoint","urlTemplate":"https:\/\/gr-100.com\/?s={search_term_string}"},"query-input":{"@type":"PropertyValueSpecification","valueRequired":true,"valueName":"search_term_string"}}],"inLanguage":"en-US"},{"@type":"Organization","@id":"https:\/\/gr-100.com\/#organization","name":"Gr-100","url":"https:\/\/gr-100.com\/","logo":{"@type":"ImageObject","inLanguage":"en-US","@id":"https:\/\/gr-100.com\/#\/schema\/logo\/image\/","url":"https:\/\/gr-100.com\/wp-content\/uploads\/2023\/08\/logo-gr-100-bikes.png","contentUrl":"https:\/\/gr-100.com\/wp-content\/uploads\/2023\/08\/logo-gr-100-bikes.png","width":707,"height":284,"caption":"Gr-100"},"image":{"@id":"https:\/\/gr-100.com\/#\/schema\/logo\/image\/"},"sameAs":["https:\/\/www.facebook.com\/Gr100Bikes","https:\/\/www.instagram.com\/gr100bikes\/","https:\/\/www.tiktok.com\/@gr100bikes","https:\/\/twitter.com\/gr100mtbteam","https:\/\/www.youtube.com\/c\/GR100Specialized"]}]}},"_links":{"self":[{"href":"https:\/\/gr-100.com\/en\/wp-json\/wp\/v2\/product\/432364","targetHints":{"allow":["GET"]}}],"collection":[{"href":"https:\/\/gr-100.com\/en\/wp-json\/wp\/v2\/product"}],"about":[{"href":"https:\/\/gr-100.com\/en\/wp-json\/wp\/v2\/types\/product"}],"replies":[{"embeddable":true,"href":"https:\/\/gr-100.com\/en\/wp-json\/wp\/v2\/comments?post=432364"}],"wp:featuredmedia":[{"embeddable":true,"href":"https:\/\/gr-100.com\/en\/wp-json\/wp\/v2\/media\/284296"}],"wp:attachment":[{"href":"https:\/\/gr-100.com\/en\/wp-json\/wp\/v2\/media?parent=432364"}],"wp:term":[{"taxonomy":"product_brand","embeddable":true,"href":"https:\/\/gr-100.com\/en\/wp-json\/wp\/v2\/product_brand?post=432364"},{"taxonomy":"product_cat","embeddable":true,"href":"https:\/\/gr-100.com\/en\/wp-json\/wp\/v2\/product_cat?post=432364"},{"taxonomy":"product_tag","embeddable":true,"href":"https:\/\/gr-100.com\/en\/wp-json\/wp\/v2\/product_tag?post=432364"}],"curies":[{"name":"wp","href":"https:\/\/api.w.org\/{rel}","templated":true}]}}