{"id":436299,"date":"2026-02-10T13:45:02","date_gmt":"2026-02-10T11:45:02","guid":{"rendered":"https:\/\/gr-100.com\/?post_type=product&#038;p=436299"},"modified":"2026-04-15T09:42:51","modified_gmt":"2026-04-15T08:42:51","slug":"specialized-turbo-kenevo-sl-2-comp-2026","status":"publish","type":"product","link":"https:\/\/gr-100.com\/en\/producto\/specialized-turbo-kenevo-sl-2-comp-2026\/","title":{"rendered":"Specialized Turbo Kenevo SL 2 Comp Carbon 2026"},"content":{"rendered":"<ul>\n<li>El sistema de motor Turbo Kenevo Super Light es una integraci\u00f3n total del motor SL 1.2 y la bater\u00eda de 320 Wh de la bicicleta con un controlador radicalmente avanzado y perfectamente integrado. El resultado es una potencia masiva, de hasta 25 km\/h, para llegar a la cima de tu bajada favorita con la mitad de esfuerzo, y mucho m\u00e1s r\u00e1pido, proporcionando a\u00fan m\u00e1s de la calidad de conducci\u00f3n que anhelas, y m\u00e1s de lo que nunca antes hab\u00eda sido posible.<\/li>\n<li>Nuestra TCU MasterMind de \u00faltima generaci\u00f3n es tu centro de informaci\u00f3n, con campos de visualizaci\u00f3n personalizables que incluyen el porcentaje exacto de nivel de bater\u00eda, y cuenta con nuestra funci\u00f3n MicroTune totalmente nueva, montada en el manillar, para ajustar la entrega de potencia en incrementos del 10%, de modo que obtengas exactamente la ayuda que necesitas para experimentar exactamente la conducci\u00f3n que deseas.<\/li>\n<li>Las ruedas de 29&#8243; delanteras y traseras proporcionan una conducci\u00f3n \u00e1gil que aplasta a otras MTB el\u00e9ctricas de gran potencia. El generoso puesto de mandos te centra en la bicicleta, optimizando la tracci\u00f3n y el control en las curvas. El eje de pedalier bajo, el \u00e1ngulo lanzado del tubo de direcci\u00f3n y el offset reducido de la horquilla mantienen la estabilidad en terrenos abruptos.<\/li>\n<li>La geometr\u00eda de la Turbo Kenevo Super Light puede ajustarse para adaptarse a cualquier terreno. Seis configuraciones de geometr\u00eda distintas permiten un ajuste sencillo para perfeccionar el rendimiento en cualquier terreno. El \u00e1ngulo de direcci\u00f3n puede ajustarse entre 63 y 65,5 grados. La altura del pedalier puede ajustarse 7 mm hacia arriba o hacia abajo. Nunca hemos hecho una bicicleta de trail m\u00e1s ajustable y adaptable.<\/li>\n<li>Los 170 mm de recorrido de la Turbo Kenevo Super Light, inspirados en nuestra Enduro, son suaves en los peque\u00f1os baches, devoran los impactos grandes sin inmutarse y ofrecen una respuesta de pedaleo asombrosa y entregan tu potencia sobre los pedales con total eficiencia.<\/li>\n<li>El S-Sizing de la Turbo Kenevo Super Light se basa en lo que importa: el tama\u00f1o y el estilo del ciclista, no la altura de la entrepierna. Seis tama\u00f1os, todos con longitudes de tubo de direcci\u00f3n y distancia entre ejes similares, te permiten elegir el tama\u00f1o que mejor se adapte a tu estilo individual. Las tallas m\u00e1s peque\u00f1as ser\u00e1n m\u00e1s \u00e1giles y manejables, mientras que las tallas m\u00e1s grandes ofrecen m\u00e1s estabilidad y una conducci\u00f3n m\u00e1s espaciosa.<\/li>\n<li>Especificaciones t\u00e9cnicas<\/li>\n<li>E-bike<br \/>\nMotor<br \/>\nSpecialized SL 1.2 Custom Rx Trail Tuned Motor<br \/>\nPantalla de control\/Remoto<br \/>\nSpecialized MasterMind TCU, percentage of remaining charge, 120 possible display configurations, MicroTune assist adjustment, over-the-air updates, ANT+\/Bluetooth\u00ae, w\/Handlebar remote<br \/>\nBater\u00eda<br \/>\nSpecialized SL1-320, fully integrated, 320Wh<br \/>\nCargador<br \/>\nCustom charger, 48V System w\/ SL system charger plug<\/li>\n<li>Cuadro<br \/>\nCuadro<br \/>\nFACT 11m full carbon, 29&#8243;, full internal cable routing, 148mm spacing, fully sealed cartridge bearings, 170mm rear travel, geo adjust head tube, geo adjust horst pivot<br \/>\nAbrazadera del sill\u00edn<br \/>\nAlloy, 38.6mm<\/li>\n<li>Suspensi\u00f3n<br \/>\nAmortiguador trasero<br \/>\nRockshox SuperDeluxe Select rear shock, 230&#215;62.5mm<br \/>\nHorquilla<br \/>\nRockShox Zeb Select, Charger RC damper, 15x110mm, 44mm offset, 170mm of travel<\/li>\n<li>Frenos<br \/>\nFreno delantero<br \/>\nSRAM Maven Bronze, 4-piston caliper, hydraulic disc<br \/>\nFreno trasero<br \/>\nSRAM Maven Bronze, 4-piston caliper, hydraulic disc<\/li>\n<li>Transmisi\u00f3n<br \/>\nDesviador trasero<br \/>\nSRAM S-1000 Eagle AXS Transmission<br \/>\nManetas de cambio<br \/>\nSRAM AXS POD Controller w\/discrete clamp<br \/>\nCassette<br \/>\nSRAM 1270 Transmission Cassette, 12 Spd,10-52t<br \/>\nCadena<br \/>\nSRAM GX Eagle Transmission 12-Speed Flattop Chain<br \/>\nPlatos y bielas<br \/>\nSRAM Alloy Crankset, 165mm, Dub interface<br \/>\nPlatos<br \/>\nSRAM T-type ring, 32t, alloy<\/li>\n<li>Ruedas y neum\u00e1ticos<br \/>\nLlantas<br \/>\nSpecialized, hookless alloy, 30mm inner width, tubeless ready<br \/>\nBuje delantero<br \/>\nSpecialized alloy front hub disc, sealed cardridge bearings, 6-bolt, 15x110mm thru-axle, 32h<br \/>\nBuje trasero<br \/>\nSpecialized alloy rear hub disc, sealed cartridge bearings, 6-Bolt, 12X148mm thru-axle, 28h, HG Steel Fhb<br \/>\nRadios<br \/>\nDT Swiss Elemental<br \/>\nNeum\u00e1tico delantero<br \/>\nButcher, GRID GRAVITY casing, GRIPTON\u00ae T9 compound, TLR, 29&#215;2.4&#8243;<br \/>\nNeum\u00e1tico trasero<br \/>\nButcher, GRID GRAVITY casing, GRIPTON\u00ae T9 compound, TLR, 29&#215;2.4&#8243;<br \/>\nC\u00e1maras<br \/>\nSpecialized Turbo Tube<\/li>\n<li>Cockpit<br \/>\nPotencia<br \/>\nAlloy Trail Stem, 35mm bar bore<br \/>\nManillar<br \/>\nAlloy handlebars, 35mm diameter, 8 degree back sweep, 6 degree up sweep, S1\/S2: 780mm\/30mm rise, S3-S6: 800mm\/50mm rise<br \/>\nPu\u00f1os<br \/>\nSpecialized Trail Grips<br \/>\nSill\u00edn<br \/>\nBridge Comp, Hollow Cr-mo rails 155\/143<br \/>\nTija del sill\u00edn<br \/>\nX-Fusion Manic, infinite adjustable, two-bolt head, bottom mount cable routing, remote SLR LE lever, 34.9mm, S2: 125mm, S3\/S4: 150mm, S5: 170mm<\/li>\n<li>Accesorios<br \/>\nSWAT<br \/>\nSWAT CC steerer tube integrated tool with chain tool and link<\/li>\n<li>Detalles del producto<br \/>\nIdentificador del producto<br \/>\n221334<br \/>\nPeso<br \/>\nPeso<br \/>\n20.19 kg (44 lb, 8.2 oz)<\/li>\n<\/ul>\n","protected":false},"excerpt":{"rendered":"<p>Disfruta por los senderos m\u00e1s grandes como nunca antes con la nueva Kenevo SL 2. Elevando la conducci\u00f3n que define la categor\u00eda de nuestro galardonado cuadro de la Enduro, la Kenevo SL 2 obtiene una amplificaci\u00f3n inigualable, una eficiencia l\u00edder en su clase y un peso superligero de nuestro sistema Turbo SL 1.2.<\/p>\n","protected":false},"featured_media":436300,"comment_status":"open","ping_status":"closed","template":"","meta":{"_acf_changed":false,"_et_pb_use_builder":"","_et_pb_old_content":"","_et_gb_content_width":"","inline_featured_image":false},"product_brand":[],"product_cat":[4330,420,23,5211,5214,5208,27],"product_tag":[],"class_list":{"0":"post-436299","1":"product","2":"type-product","3":"status-publish","4":"has-post-thumbnail","6":"product_cat-black-friday-2","7":"product_cat-bicicletas","8":"product_cat-bicicletas-electricas","9":"product_cat-bicicletas-electricas-carbono","10":"product_cat-bicicletas-electricas-enduro-trail","11":"product_cat-bicicletas-electricas-specialized","12":"product_cat-outlet","14":"first","15":"instock","16":"sale","17":"taxable","18":"shipping-taxable","19":"purchasable","20":"product-type-variable","21":"wvs-archive-product-wrapper"},"acf":[],"yoast_head":"<!-- This site is optimized with the Yoast SEO Premium plugin v26.7 (Yoast SEO v26.7) - https:\/\/yoast.com\/wordpress\/plugins\/seo\/ -->\n<title>Specialized Turbo Kenevo SL 2 Comp Carbon 2026 Gr-100<\/title>\n<meta name=\"description\" content=\"Disfruta por los senderos m\u00e1s grandes como nunca antes con la nueva Kenevo SL 2. Elevando la conducci\u00f3n que define la categor\u00eda de nuestro galardonado cuadro de la Enduro, la Kenevo SL 2 obtiene una amplificaci\u00f3n inigualable, una eficiencia l\u00edder en su clase y un peso superligero de nuestro sistema Turbo SL 1.2.\" \/>\n<meta name=\"robots\" content=\"index, follow, max-snippet:-1, max-image-preview:large, max-video-preview:-1\" \/>\n<link rel=\"canonical\" href=\"https:\/\/gr-100.com\/producto\/specialized-turbo-kenevo-sl-2-comp-2026\/\" \/>\n<meta property=\"og:locale\" content=\"en_US\" \/>\n<meta property=\"og:type\" content=\"article\" \/>\n<meta property=\"og:title\" content=\"Specialized Turbo Kenevo SL 2 Comp Carbon 2026\" \/>\n<meta property=\"og:description\" content=\"Disfruta por los senderos m\u00e1s grandes como nunca antes con la nueva Kenevo SL 2. Elevando la conducci\u00f3n que define la categor\u00eda de nuestro galardonado cuadro de la Enduro, la Kenevo SL 2 obtiene una amplificaci\u00f3n inigualable, una eficiencia l\u00edder en su clase y un peso superligero de nuestro sistema Turbo SL 1.2.\" \/>\n<meta property=\"og:url\" content=\"https:\/\/gr-100.com\/producto\/specialized-turbo-kenevo-sl-2-comp-2026\/\" \/>\n<meta property=\"og:site_name\" content=\"Gr-100 Tienda de ciclismo Specialized\" \/>\n<meta property=\"article:publisher\" content=\"https:\/\/www.facebook.com\/Gr100Bikes\" \/>\n<meta property=\"article:modified_time\" content=\"2026-04-15T08:42:51+00:00\" \/>\n<meta property=\"og:image\" content=\"https:\/\/gr-100.com\/wp-content\/uploads\/2026\/02\/Specialized-Turbo-Kenevo-SL-2.jpg\" \/>\n\t<meta property=\"og:image:width\" content=\"1000\" \/>\n\t<meta property=\"og:image:height\" content=\"1000\" \/>\n\t<meta property=\"og:image:type\" content=\"image\/jpeg\" \/>\n<meta name=\"twitter:card\" content=\"summary_large_image\" \/>\n<meta name=\"twitter:label1\" content=\"Est. reading time\" \/>\n\t<meta name=\"twitter:data1\" content=\"4 minutes\" \/>\n<script type=\"application\/ld+json\" class=\"yoast-schema-graph\">{\"@context\":\"https:\/\/schema.org\",\"@graph\":[{\"@type\":\"WebPage\",\"@id\":\"https:\/\/gr-100.com\/producto\/specialized-turbo-kenevo-sl-2-comp-2026\/\",\"url\":\"https:\/\/gr-100.com\/producto\/specialized-turbo-kenevo-sl-2-comp-2026\/\",\"name\":\"Specialized Turbo Kenevo SL 2 Comp Carbon 2026 Gr-100\",\"isPartOf\":{\"@id\":\"https:\/\/gr-100.com\/#website\"},\"primaryImageOfPage\":{\"@id\":\"https:\/\/gr-100.com\/producto\/specialized-turbo-kenevo-sl-2-comp-2026\/#primaryimage\"},\"image\":{\"@id\":\"https:\/\/gr-100.com\/producto\/specialized-turbo-kenevo-sl-2-comp-2026\/#primaryimage\"},\"thumbnailUrl\":\"https:\/\/gr-100.com\/wp-content\/uploads\/2026\/02\/Specialized-Turbo-Kenevo-SL-2.jpg\",\"datePublished\":\"2026-02-10T11:45:02+00:00\",\"dateModified\":\"2026-04-15T08:42:51+00:00\",\"description\":\"Disfruta por los senderos m\u00e1s grandes como nunca antes con la nueva Kenevo SL 2. Elevando la conducci\u00f3n que define la categor\u00eda de nuestro galardonado cuadro de la Enduro, la Kenevo SL 2 obtiene una amplificaci\u00f3n inigualable, una eficiencia l\u00edder en su clase y un peso superligero de nuestro sistema Turbo SL 1.2.\",\"breadcrumb\":{\"@id\":\"https:\/\/gr-100.com\/producto\/specialized-turbo-kenevo-sl-2-comp-2026\/#breadcrumb\"},\"inLanguage\":\"en-US\",\"potentialAction\":[{\"@type\":\"ReadAction\",\"target\":[\"https:\/\/gr-100.com\/producto\/specialized-turbo-kenevo-sl-2-comp-2026\/\"]}]},{\"@type\":\"ImageObject\",\"inLanguage\":\"en-US\",\"@id\":\"https:\/\/gr-100.com\/producto\/specialized-turbo-kenevo-sl-2-comp-2026\/#primaryimage\",\"url\":\"https:\/\/gr-100.com\/wp-content\/uploads\/2026\/02\/Specialized-Turbo-Kenevo-SL-2.jpg\",\"contentUrl\":\"https:\/\/gr-100.com\/wp-content\/uploads\/2026\/02\/Specialized-Turbo-Kenevo-SL-2.jpg\",\"width\":1000,\"height\":1000},{\"@type\":\"BreadcrumbList\",\"@id\":\"https:\/\/gr-100.com\/producto\/specialized-turbo-kenevo-sl-2-comp-2026\/#breadcrumb\",\"itemListElement\":[{\"@type\":\"ListItem\",\"position\":1,\"name\":\"Portada\",\"item\":\"https:\/\/gr-100.com\/pt-pt\/\"},{\"@type\":\"ListItem\",\"position\":2,\"name\":\"Productos\",\"item\":\"https:\/\/gr-100.com\/?post_type=product\"},{\"@type\":\"ListItem\",\"position\":3,\"name\":\"Specialized Turbo Kenevo SL 2 Comp Carbon 2026\"}]},{\"@type\":\"WebSite\",\"@id\":\"https:\/\/gr-100.com\/#website\",\"url\":\"https:\/\/gr-100.com\/\",\"name\":\"Gr-100 Tienda de ciclismo Specialized\",\"description\":\"GR-100 tenemos todas las gamas de bicicletas Specialized al mejor precio.\",\"publisher\":{\"@id\":\"https:\/\/gr-100.com\/#organization\"},\"alternateName\":\"Gr-100 Bikes\",\"potentialAction\":[{\"@type\":\"SearchAction\",\"target\":{\"@type\":\"EntryPoint\",\"urlTemplate\":\"https:\/\/gr-100.com\/?s={search_term_string}\"},\"query-input\":{\"@type\":\"PropertyValueSpecification\",\"valueRequired\":true,\"valueName\":\"search_term_string\"}}],\"inLanguage\":\"en-US\"},{\"@type\":\"Organization\",\"@id\":\"https:\/\/gr-100.com\/#organization\",\"name\":\"Gr-100\",\"url\":\"https:\/\/gr-100.com\/\",\"logo\":{\"@type\":\"ImageObject\",\"inLanguage\":\"en-US\",\"@id\":\"https:\/\/gr-100.com\/#\/schema\/logo\/image\/\",\"url\":\"https:\/\/gr-100.com\/wp-content\/uploads\/2023\/08\/logo-gr-100-bikes.png\",\"contentUrl\":\"https:\/\/gr-100.com\/wp-content\/uploads\/2023\/08\/logo-gr-100-bikes.png\",\"width\":707,\"height\":284,\"caption\":\"Gr-100\"},\"image\":{\"@id\":\"https:\/\/gr-100.com\/#\/schema\/logo\/image\/\"},\"sameAs\":[\"https:\/\/www.facebook.com\/Gr100Bikes\",\"https:\/\/www.instagram.com\/gr100bikes\/\",\"https:\/\/www.tiktok.com\/@gr100bikes\",\"https:\/\/twitter.com\/gr100mtbteam\",\"https:\/\/www.youtube.com\/c\/GR100Specialized\"]}]}<\/script>\n<!-- \/ Yoast SEO Premium plugin. -->","yoast_head_json":{"title":"Specialized Turbo Kenevo SL 2 Comp Carbon 2026 Gr-100","description":"Disfruta por los senderos m\u00e1s grandes como nunca antes con la nueva Kenevo SL 2. Elevando la conducci\u00f3n que define la categor\u00eda de nuestro galardonado cuadro de la Enduro, la Kenevo SL 2 obtiene una amplificaci\u00f3n inigualable, una eficiencia l\u00edder en su clase y un peso superligero de nuestro sistema Turbo SL 1.2.","robots":{"index":"index","follow":"follow","max-snippet":"max-snippet:-1","max-image-preview":"max-image-preview:large","max-video-preview":"max-video-preview:-1"},"canonical":"https:\/\/gr-100.com\/producto\/specialized-turbo-kenevo-sl-2-comp-2026\/","og_locale":"en_US","og_type":"article","og_title":"Specialized Turbo Kenevo SL 2 Comp Carbon 2026","og_description":"Disfruta por los senderos m\u00e1s grandes como nunca antes con la nueva Kenevo SL 2. Elevando la conducci\u00f3n que define la categor\u00eda de nuestro galardonado cuadro de la Enduro, la Kenevo SL 2 obtiene una amplificaci\u00f3n inigualable, una eficiencia l\u00edder en su clase y un peso superligero de nuestro sistema Turbo SL 1.2.","og_url":"https:\/\/gr-100.com\/producto\/specialized-turbo-kenevo-sl-2-comp-2026\/","og_site_name":"Gr-100 Tienda de ciclismo Specialized","article_publisher":"https:\/\/www.facebook.com\/Gr100Bikes","article_modified_time":"2026-04-15T08:42:51+00:00","og_image":[{"width":1000,"height":1000,"url":"https:\/\/gr-100.com\/wp-content\/uploads\/2026\/02\/Specialized-Turbo-Kenevo-SL-2.jpg","type":"image\/jpeg"}],"twitter_card":"summary_large_image","twitter_misc":{"Est. reading time":"4 minutes"},"schema":{"@context":"https:\/\/schema.org","@graph":[{"@type":"WebPage","@id":"https:\/\/gr-100.com\/producto\/specialized-turbo-kenevo-sl-2-comp-2026\/","url":"https:\/\/gr-100.com\/producto\/specialized-turbo-kenevo-sl-2-comp-2026\/","name":"Specialized Turbo Kenevo SL 2 Comp Carbon 2026 Gr-100","isPartOf":{"@id":"https:\/\/gr-100.com\/#website"},"primaryImageOfPage":{"@id":"https:\/\/gr-100.com\/producto\/specialized-turbo-kenevo-sl-2-comp-2026\/#primaryimage"},"image":{"@id":"https:\/\/gr-100.com\/producto\/specialized-turbo-kenevo-sl-2-comp-2026\/#primaryimage"},"thumbnailUrl":"https:\/\/gr-100.com\/wp-content\/uploads\/2026\/02\/Specialized-Turbo-Kenevo-SL-2.jpg","datePublished":"2026-02-10T11:45:02+00:00","dateModified":"2026-04-15T08:42:51+00:00","description":"Disfruta por los senderos m\u00e1s grandes como nunca antes con la nueva Kenevo SL 2. Elevando la conducci\u00f3n que define la categor\u00eda de nuestro galardonado cuadro de la Enduro, la Kenevo SL 2 obtiene una amplificaci\u00f3n inigualable, una eficiencia l\u00edder en su clase y un peso superligero de nuestro sistema Turbo SL 1.2.","breadcrumb":{"@id":"https:\/\/gr-100.com\/producto\/specialized-turbo-kenevo-sl-2-comp-2026\/#breadcrumb"},"inLanguage":"en-US","potentialAction":[{"@type":"ReadAction","target":["https:\/\/gr-100.com\/producto\/specialized-turbo-kenevo-sl-2-comp-2026\/"]}]},{"@type":"ImageObject","inLanguage":"en-US","@id":"https:\/\/gr-100.com\/producto\/specialized-turbo-kenevo-sl-2-comp-2026\/#primaryimage","url":"https:\/\/gr-100.com\/wp-content\/uploads\/2026\/02\/Specialized-Turbo-Kenevo-SL-2.jpg","contentUrl":"https:\/\/gr-100.com\/wp-content\/uploads\/2026\/02\/Specialized-Turbo-Kenevo-SL-2.jpg","width":1000,"height":1000},{"@type":"BreadcrumbList","@id":"https:\/\/gr-100.com\/producto\/specialized-turbo-kenevo-sl-2-comp-2026\/#breadcrumb","itemListElement":[{"@type":"ListItem","position":1,"name":"Portada","item":"https:\/\/gr-100.com\/pt-pt\/"},{"@type":"ListItem","position":2,"name":"Productos","item":"https:\/\/gr-100.com\/?post_type=product"},{"@type":"ListItem","position":3,"name":"Specialized Turbo Kenevo SL 2 Comp Carbon 2026"}]},{"@type":"WebSite","@id":"https:\/\/gr-100.com\/#website","url":"https:\/\/gr-100.com\/","name":"Gr-100 Tienda de ciclismo Specialized","description":"GR-100 tenemos todas las gamas de bicicletas Specialized al mejor precio.","publisher":{"@id":"https:\/\/gr-100.com\/#organization"},"alternateName":"Gr-100 Bikes","potentialAction":[{"@type":"SearchAction","target":{"@type":"EntryPoint","urlTemplate":"https:\/\/gr-100.com\/?s={search_term_string}"},"query-input":{"@type":"PropertyValueSpecification","valueRequired":true,"valueName":"search_term_string"}}],"inLanguage":"en-US"},{"@type":"Organization","@id":"https:\/\/gr-100.com\/#organization","name":"Gr-100","url":"https:\/\/gr-100.com\/","logo":{"@type":"ImageObject","inLanguage":"en-US","@id":"https:\/\/gr-100.com\/#\/schema\/logo\/image\/","url":"https:\/\/gr-100.com\/wp-content\/uploads\/2023\/08\/logo-gr-100-bikes.png","contentUrl":"https:\/\/gr-100.com\/wp-content\/uploads\/2023\/08\/logo-gr-100-bikes.png","width":707,"height":284,"caption":"Gr-100"},"image":{"@id":"https:\/\/gr-100.com\/#\/schema\/logo\/image\/"},"sameAs":["https:\/\/www.facebook.com\/Gr100Bikes","https:\/\/www.instagram.com\/gr100bikes\/","https:\/\/www.tiktok.com\/@gr100bikes","https:\/\/twitter.com\/gr100mtbteam","https:\/\/www.youtube.com\/c\/GR100Specialized"]}]}},"_links":{"self":[{"href":"https:\/\/gr-100.com\/en\/wp-json\/wp\/v2\/product\/436299","targetHints":{"allow":["GET"]}}],"collection":[{"href":"https:\/\/gr-100.com\/en\/wp-json\/wp\/v2\/product"}],"about":[{"href":"https:\/\/gr-100.com\/en\/wp-json\/wp\/v2\/types\/product"}],"replies":[{"embeddable":true,"href":"https:\/\/gr-100.com\/en\/wp-json\/wp\/v2\/comments?post=436299"}],"wp:featuredmedia":[{"embeddable":true,"href":"https:\/\/gr-100.com\/en\/wp-json\/wp\/v2\/media\/436300"}],"wp:attachment":[{"href":"https:\/\/gr-100.com\/en\/wp-json\/wp\/v2\/media?parent=436299"}],"wp:term":[{"taxonomy":"product_brand","embeddable":true,"href":"https:\/\/gr-100.com\/en\/wp-json\/wp\/v2\/product_brand?post=436299"},{"taxonomy":"product_cat","embeddable":true,"href":"https:\/\/gr-100.com\/en\/wp-json\/wp\/v2\/product_cat?post=436299"},{"taxonomy":"product_tag","embeddable":true,"href":"https:\/\/gr-100.com\/en\/wp-json\/wp\/v2\/product_tag?post=436299"}],"curies":[{"name":"wp","href":"https:\/\/api.w.org\/{rel}","templated":true}]}}