{"id":436856,"date":"2024-11-22T16:52:03","date_gmt":"2024-11-22T14:52:03","guid":{"rendered":"https:\/\/gr-100.com\/producto\/specialized-p-2-24-2023\/"},"modified":"2026-03-22T07:47:07","modified_gmt":"2026-03-22T06:47:07","slug":"specialized-p-2-24-2023","status":"publish","type":"product","link":"https:\/\/gr-100.com\/en\/producto\/specialized-p-2-24-2023\/","title":{"rendered":"Specialized P.2 24\u00b4\u00b4 2023"},"content":{"rendered":"<p>Este cuadro P.Series totalmente redise\u00f1ado ofrece a los ciclistas de todas las tallas un punto de partida hacia una vida sobre ruedas. Su geometr\u00eda basada en el rendimiento y el cockpit hacen que los riders se sientan m\u00e1s c\u00f3modos tanto aprendiendo en el pumptrack como volando en los saltos de los senderos.<\/p>\n<p>Ante todo simplicidad: Para el ciclista que se centra en la progresi\u00f3n, eliminar cualquier otra variable es primordial. El cuadro de aluminio ligero y duradero de la P.Series resiste las duras exigencias del <strong>Dirt Jump <\/strong>e integra los cables en el interior. <\/p>\n<p>&nbsp;<\/p>\n<p>Tecnolog\u00eda de alta resistencia: El buje Boost en la parte trasera, el tubo de direcci\u00f3n c\u00f3nico y la caja de pedalier roscada hacen que las P.Series sean r\u00edgidas y f\u00e1ciles de mantener. La bici viene de serie con los nuevos neum\u00e1ticos Kicker 2.1&#8221; (aunque se pueden montar neum\u00e1ticos de hasta 2.35&#8221; de Trail, con los que podr\u00e1s encontrar velocidad y agarre en casi cualquier terreno. <\/p>\n<ul>\n<li><strong>Cuadro<\/strong>: Specialized P.2, A1 Premium Alloy, 24&#8243;, Fully Butted Tubing, Tapered Head Tube, BSA 73mm BB Shell, 12x148TA Sliding Dropouts, Single Speed or Geared Compatible, 52mm CL, Internal cable routing, 30.9 Seat Tube, Dropper Post Compatible<\/li>\n<li><strong>Horquilla<\/strong>: Manitou J-Unit Comp 24&#8243;, 100mm Travel, DJ Tune, 15x110mm thru-axle, Tapered ST<\/li>\n<li><strong>Transmission: <\/strong>\n<ul>\n<li>Cassette: 13T SS Cog<\/li>\n<li>Plato: 30T<\/li>\n<li>Pedalier: BSA 73mm<\/li>\n<li>Cadena: KMC Z1, 1\/2&#215;3\/32&#8243;, Single Speed<\/li>\n<li>Bielas: Specialized P.series, Forged, 24mm Spindle, 52mm CL, 140mm Length<\/li>\n<\/ul>\n<\/li>\n<li><strong>Frenos:<\/strong>\n<ul>\n<li>Freno delantero: Radius CX7, Mechanical Disc, 160mm Rotor<\/li>\n<li>Freno trasero: Sram Level T, Hydraulic Disc, 160mm Rotor<\/li>\n<\/ul>\n<\/li>\n<li><strong>Ruedas y neum\u00e1ticos: <\/strong>\n<ul>\n<li>Buje delantero: Alloy, sealed cartridge bearings, 15x110mm thru-axle, 6-bolt, 32h<\/li>\n<li>Buje trasero: Alloy, Single Speed, sealed cartridge bearings, 12x148mm thru-axle, 6-bolt, 32h<\/li>\n<li>Llantas: Specialized P.Series, 24&#8243;, 32h, 26mm ID, Disc Brake Only<\/li>\n<li>Neum\u00e1tico delantero: Specialized Kicker Sport, 24&#215;2.1&#8243;<\/li>\n<li>Neum\u00e1tico trasero: Specialized Kicker Sport, 24&#215;2.1&#8243;<\/li>\n<li>Spokes: Stainless, 14g<\/li>\n<li>C\u00e1maras: 24&#8243; Inner Tube, SV<\/li>\n<\/ul>\n<\/li>\n<li><strong>Otros componentes:<\/strong>\n<ul>\n<li>Potencia : Specialized Alloy Trail Stem<\/li>\n<li>Sill\u00edn: Specialized P.series, Steel Rails<\/li>\n<li>Manillar: Specialized P.Series MTB Dirt, 6061 alloy, 9-degree backsweep, 6-degree upsweep, 38mm rise, 750mm width, 31.8mm clamp<\/li>\n<li>Pu\u00f1os: Specialized Trail Grips, lock-on<\/li>\n<li>Tija de sill\u00edn: Specialized, 6061 alloy, 2-bolt clamp, 0mm setback, 30.9mm<\/li>\n<li>Cierre de tija: : Alloy, single-bolt, 34.9mm<\/li>\n<\/ul>\n<\/li>\n<li>Pedales: Specialized Platform Pedal<\/li>\n<li>Peso aproximado: 10.5kg (23 lb, 2.4 oz)<\/li>\n<\/ul>\n<p>&nbsp;<\/p>\n<p>&nbsp;<\/p>\n","protected":false},"excerpt":{"rendered":"<p>Este cuadro P.Series totalmente redise\u00f1ado ofrece a los ciclistas de todas las tallas un punto de partida hacia una vida sobre ruedas.<\/p>\n","protected":false},"featured_media":397199,"comment_status":"open","ping_status":"closed","template":"","meta":{"_acf_changed":false,"_et_pb_use_builder":"","_et_pb_old_content":"","_et_gb_content_width":"","inline_featured_image":false},"product_brand":[],"product_cat":[5440,5367,5366,4347,2449,358,2472,2450,2689,359],"product_tag":[],"class_list":{"0":"post-436856","1":"product","2":"type-product","3":"status-publish","4":"has-post-thumbnail","6":"product_cat-aluminum-mountain-bikes","7":"product_cat-bicicletas-montana-specialized-en","8":"product_cat-descuentos-en","9":"product_cat-black-friday-2-en","10":"product_cat-bicycles","11":"product_cat-mountain","12":"product_cat-specialized-bikes","13":"product_cat-offers","14":"product_cat-specialized-offers","15":"product_cat-outlet-en","16":"product_shipping_class-bicicletas-en","18":"first","19":"instock","20":"sale","21":"taxable","22":"shipping-taxable","23":"purchasable","24":"product-type-variable","25":"wvs-archive-product-wrapper"},"acf":[],"yoast_head":"<!-- This site is optimized with the Yoast SEO Premium plugin v26.7 (Yoast SEO v26.7) - https:\/\/yoast.com\/wordpress\/plugins\/seo\/ -->\n<title>Specialized P.2 24\u00b4\u00b4 2023 Specialized P.2 2023<\/title>\n<meta name=\"description\" content=\"Este cuadro P.Series totalmente redise\u00f1ado ofrece a los ciclistas de todas las tallas un punto de partida hacia una vida sobre ruedas.\" \/>\n<meta name=\"robots\" content=\"index, follow, max-snippet:-1, max-image-preview:large, max-video-preview:-1\" \/>\n<link rel=\"canonical\" href=\"https:\/\/gr-100.com\/en\/producto\/specialized-p-2-24-2023\/\" \/>\n<meta property=\"og:locale\" content=\"en_US\" \/>\n<meta property=\"og:type\" content=\"article\" \/>\n<meta property=\"og:title\" content=\"Specialized P.2 24\u00b4\u00b4 2023\" \/>\n<meta property=\"og:description\" content=\"Este cuadro P.Series totalmente redise\u00f1ado ofrece a los ciclistas de todas las tallas un punto de partida hacia una vida sobre ruedas.\" \/>\n<meta property=\"og:url\" content=\"https:\/\/gr-100.com\/en\/producto\/specialized-p-2-24-2023\/\" \/>\n<meta property=\"og:site_name\" content=\"Gr-100 Tienda de ciclismo Specialized\" \/>\n<meta property=\"article:publisher\" content=\"https:\/\/www.facebook.com\/Gr100Bikes\" \/>\n<meta property=\"article:modified_time\" content=\"2026-03-22T06:47:07+00:00\" \/>\n<meta property=\"og:image\" content=\"https:\/\/gr-100.com\/wp-content\/uploads\/2024\/11\/P.2.png\" \/>\n\t<meta property=\"og:image:width\" content=\"1000\" \/>\n\t<meta property=\"og:image:height\" content=\"1000\" \/>\n\t<meta property=\"og:image:type\" content=\"image\/png\" \/>\n<meta name=\"twitter:card\" content=\"summary_large_image\" \/>\n<meta name=\"twitter:label1\" content=\"Est. reading time\" \/>\n\t<meta name=\"twitter:data1\" content=\"2 minutes\" \/>\n<script type=\"application\/ld+json\" class=\"yoast-schema-graph\">{\"@context\":\"https:\/\/schema.org\",\"@graph\":[{\"@type\":\"WebPage\",\"@id\":\"https:\/\/gr-100.com\/en\/producto\/specialized-p-2-24-2023\/\",\"url\":\"https:\/\/gr-100.com\/en\/producto\/specialized-p-2-24-2023\/\",\"name\":\"Specialized P.2 24\u00b4\u00b4 2023 Specialized P.2 2023\",\"isPartOf\":{\"@id\":\"https:\/\/gr-100.com\/#website\"},\"primaryImageOfPage\":{\"@id\":\"https:\/\/gr-100.com\/en\/producto\/specialized-p-2-24-2023\/#primaryimage\"},\"image\":{\"@id\":\"https:\/\/gr-100.com\/en\/producto\/specialized-p-2-24-2023\/#primaryimage\"},\"thumbnailUrl\":\"https:\/\/gr-100.com\/wp-content\/uploads\/2024\/11\/P.2.png\",\"datePublished\":\"2024-11-22T14:52:03+00:00\",\"dateModified\":\"2026-03-22T06:47:07+00:00\",\"description\":\"Este cuadro P.Series totalmente redise\u00f1ado ofrece a los ciclistas de todas las tallas un punto de partida hacia una vida sobre ruedas.\",\"breadcrumb\":{\"@id\":\"https:\/\/gr-100.com\/en\/producto\/specialized-p-2-24-2023\/#breadcrumb\"},\"inLanguage\":\"en-US\",\"potentialAction\":[{\"@type\":\"ReadAction\",\"target\":[\"https:\/\/gr-100.com\/en\/producto\/specialized-p-2-24-2023\/\"]}]},{\"@type\":\"ImageObject\",\"inLanguage\":\"en-US\",\"@id\":\"https:\/\/gr-100.com\/en\/producto\/specialized-p-2-24-2023\/#primaryimage\",\"url\":\"https:\/\/gr-100.com\/wp-content\/uploads\/2024\/11\/P.2.png\",\"contentUrl\":\"https:\/\/gr-100.com\/wp-content\/uploads\/2024\/11\/P.2.png\",\"width\":1000,\"height\":1000},{\"@type\":\"BreadcrumbList\",\"@id\":\"https:\/\/gr-100.com\/en\/producto\/specialized-p-2-24-2023\/#breadcrumb\",\"itemListElement\":[{\"@type\":\"ListItem\",\"position\":1,\"name\":\"Portada\",\"item\":\"https:\/\/gr-100.com\/pt-pt\/\"},{\"@type\":\"ListItem\",\"position\":2,\"name\":\"Productos\",\"item\":\"https:\/\/gr-100.com\/?post_type=product\"},{\"@type\":\"ListItem\",\"position\":3,\"name\":\"Specialized P.2 24\u00b4\u00b4 2023\"}]},{\"@type\":\"WebSite\",\"@id\":\"https:\/\/gr-100.com\/#website\",\"url\":\"https:\/\/gr-100.com\/\",\"name\":\"Gr-100 Tienda de ciclismo Specialized\",\"description\":\"GR-100 tenemos todas las gamas de bicicletas Specialized al mejor precio.\",\"publisher\":{\"@id\":\"https:\/\/gr-100.com\/#organization\"},\"alternateName\":\"Gr-100 Bikes\",\"potentialAction\":[{\"@type\":\"SearchAction\",\"target\":{\"@type\":\"EntryPoint\",\"urlTemplate\":\"https:\/\/gr-100.com\/?s={search_term_string}\"},\"query-input\":{\"@type\":\"PropertyValueSpecification\",\"valueRequired\":true,\"valueName\":\"search_term_string\"}}],\"inLanguage\":\"en-US\"},{\"@type\":\"Organization\",\"@id\":\"https:\/\/gr-100.com\/#organization\",\"name\":\"Gr-100\",\"url\":\"https:\/\/gr-100.com\/\",\"logo\":{\"@type\":\"ImageObject\",\"inLanguage\":\"en-US\",\"@id\":\"https:\/\/gr-100.com\/#\/schema\/logo\/image\/\",\"url\":\"https:\/\/gr-100.com\/wp-content\/uploads\/2023\/08\/logo-gr-100-bikes.png\",\"contentUrl\":\"https:\/\/gr-100.com\/wp-content\/uploads\/2023\/08\/logo-gr-100-bikes.png\",\"width\":707,\"height\":284,\"caption\":\"Gr-100\"},\"image\":{\"@id\":\"https:\/\/gr-100.com\/#\/schema\/logo\/image\/\"},\"sameAs\":[\"https:\/\/www.facebook.com\/Gr100Bikes\",\"https:\/\/www.instagram.com\/gr100bikes\/\",\"https:\/\/www.tiktok.com\/@gr100bikes\",\"https:\/\/twitter.com\/gr100mtbteam\",\"https:\/\/www.youtube.com\/c\/GR100Specialized\"]}]}<\/script>\n<!-- \/ Yoast SEO Premium plugin. -->","yoast_head_json":{"title":"Specialized P.2 24\u00b4\u00b4 2023 Specialized P.2 2023","description":"Este cuadro P.Series totalmente redise\u00f1ado ofrece a los ciclistas de todas las tallas un punto de partida hacia una vida sobre ruedas.","robots":{"index":"index","follow":"follow","max-snippet":"max-snippet:-1","max-image-preview":"max-image-preview:large","max-video-preview":"max-video-preview:-1"},"canonical":"https:\/\/gr-100.com\/en\/producto\/specialized-p-2-24-2023\/","og_locale":"en_US","og_type":"article","og_title":"Specialized P.2 24\u00b4\u00b4 2023","og_description":"Este cuadro P.Series totalmente redise\u00f1ado ofrece a los ciclistas de todas las tallas un punto de partida hacia una vida sobre ruedas.","og_url":"https:\/\/gr-100.com\/en\/producto\/specialized-p-2-24-2023\/","og_site_name":"Gr-100 Tienda de ciclismo Specialized","article_publisher":"https:\/\/www.facebook.com\/Gr100Bikes","article_modified_time":"2026-03-22T06:47:07+00:00","og_image":[{"width":1000,"height":1000,"url":"https:\/\/gr-100.com\/wp-content\/uploads\/2024\/11\/P.2.png","type":"image\/png"}],"twitter_card":"summary_large_image","twitter_misc":{"Est. reading time":"2 minutes"},"schema":{"@context":"https:\/\/schema.org","@graph":[{"@type":"WebPage","@id":"https:\/\/gr-100.com\/en\/producto\/specialized-p-2-24-2023\/","url":"https:\/\/gr-100.com\/en\/producto\/specialized-p-2-24-2023\/","name":"Specialized P.2 24\u00b4\u00b4 2023 Specialized P.2 2023","isPartOf":{"@id":"https:\/\/gr-100.com\/#website"},"primaryImageOfPage":{"@id":"https:\/\/gr-100.com\/en\/producto\/specialized-p-2-24-2023\/#primaryimage"},"image":{"@id":"https:\/\/gr-100.com\/en\/producto\/specialized-p-2-24-2023\/#primaryimage"},"thumbnailUrl":"https:\/\/gr-100.com\/wp-content\/uploads\/2024\/11\/P.2.png","datePublished":"2024-11-22T14:52:03+00:00","dateModified":"2026-03-22T06:47:07+00:00","description":"Este cuadro P.Series totalmente redise\u00f1ado ofrece a los ciclistas de todas las tallas un punto de partida hacia una vida sobre ruedas.","breadcrumb":{"@id":"https:\/\/gr-100.com\/en\/producto\/specialized-p-2-24-2023\/#breadcrumb"},"inLanguage":"en-US","potentialAction":[{"@type":"ReadAction","target":["https:\/\/gr-100.com\/en\/producto\/specialized-p-2-24-2023\/"]}]},{"@type":"ImageObject","inLanguage":"en-US","@id":"https:\/\/gr-100.com\/en\/producto\/specialized-p-2-24-2023\/#primaryimage","url":"https:\/\/gr-100.com\/wp-content\/uploads\/2024\/11\/P.2.png","contentUrl":"https:\/\/gr-100.com\/wp-content\/uploads\/2024\/11\/P.2.png","width":1000,"height":1000},{"@type":"BreadcrumbList","@id":"https:\/\/gr-100.com\/en\/producto\/specialized-p-2-24-2023\/#breadcrumb","itemListElement":[{"@type":"ListItem","position":1,"name":"Portada","item":"https:\/\/gr-100.com\/pt-pt\/"},{"@type":"ListItem","position":2,"name":"Productos","item":"https:\/\/gr-100.com\/?post_type=product"},{"@type":"ListItem","position":3,"name":"Specialized P.2 24\u00b4\u00b4 2023"}]},{"@type":"WebSite","@id":"https:\/\/gr-100.com\/#website","url":"https:\/\/gr-100.com\/","name":"Gr-100 Tienda de ciclismo Specialized","description":"GR-100 tenemos todas las gamas de bicicletas Specialized al mejor precio.","publisher":{"@id":"https:\/\/gr-100.com\/#organization"},"alternateName":"Gr-100 Bikes","potentialAction":[{"@type":"SearchAction","target":{"@type":"EntryPoint","urlTemplate":"https:\/\/gr-100.com\/?s={search_term_string}"},"query-input":{"@type":"PropertyValueSpecification","valueRequired":true,"valueName":"search_term_string"}}],"inLanguage":"en-US"},{"@type":"Organization","@id":"https:\/\/gr-100.com\/#organization","name":"Gr-100","url":"https:\/\/gr-100.com\/","logo":{"@type":"ImageObject","inLanguage":"en-US","@id":"https:\/\/gr-100.com\/#\/schema\/logo\/image\/","url":"https:\/\/gr-100.com\/wp-content\/uploads\/2023\/08\/logo-gr-100-bikes.png","contentUrl":"https:\/\/gr-100.com\/wp-content\/uploads\/2023\/08\/logo-gr-100-bikes.png","width":707,"height":284,"caption":"Gr-100"},"image":{"@id":"https:\/\/gr-100.com\/#\/schema\/logo\/image\/"},"sameAs":["https:\/\/www.facebook.com\/Gr100Bikes","https:\/\/www.instagram.com\/gr100bikes\/","https:\/\/www.tiktok.com\/@gr100bikes","https:\/\/twitter.com\/gr100mtbteam","https:\/\/www.youtube.com\/c\/GR100Specialized"]}]}},"_links":{"self":[{"href":"https:\/\/gr-100.com\/en\/wp-json\/wp\/v2\/product\/436856","targetHints":{"allow":["GET"]}}],"collection":[{"href":"https:\/\/gr-100.com\/en\/wp-json\/wp\/v2\/product"}],"about":[{"href":"https:\/\/gr-100.com\/en\/wp-json\/wp\/v2\/types\/product"}],"replies":[{"embeddable":true,"href":"https:\/\/gr-100.com\/en\/wp-json\/wp\/v2\/comments?post=436856"}],"wp:featuredmedia":[{"embeddable":true,"href":"https:\/\/gr-100.com\/en\/wp-json\/wp\/v2\/media\/397199"}],"wp:attachment":[{"href":"https:\/\/gr-100.com\/en\/wp-json\/wp\/v2\/media?parent=436856"}],"wp:term":[{"taxonomy":"product_brand","embeddable":true,"href":"https:\/\/gr-100.com\/en\/wp-json\/wp\/v2\/product_brand?post=436856"},{"taxonomy":"product_cat","embeddable":true,"href":"https:\/\/gr-100.com\/en\/wp-json\/wp\/v2\/product_cat?post=436856"},{"taxonomy":"product_tag","embeddable":true,"href":"https:\/\/gr-100.com\/en\/wp-json\/wp\/v2\/product_tag?post=436856"}],"curies":[{"name":"wp","href":"https:\/\/api.w.org\/{rel}","templated":true}]}}