{"id":437713,"date":"2025-09-17T13:06:20","date_gmt":"2025-09-17T12:06:20","guid":{"rendered":"https:\/\/gr-100.com\/producto\/specialized-turbo-como-4-0-igh-2026\/"},"modified":"2025-09-17T13:06:20","modified_gmt":"2025-09-17T11:06:20","slug":"specialized-turbo-como-4-0-igh-2026","status":"publish","type":"product","link":"https:\/\/gr-100.com\/en\/producto\/specialized-turbo-como-4-0-igh-2026\/","title":{"rendered":"Specialized Turbo Como 4.0 IGH 2026"},"content":{"rendered":"<ul>\n<li>C\u00d3MODA<br \/>\nUna posici\u00f3n de conducci\u00f3n erguida y un manejo suave est\u00e1n optimizados para brindar comodidad, confianza y control durante todo el d\u00eda.<br \/>\nF\u00c1CIL DE USAR<br \/>\nEl dise\u00f1o estilizado de la Como y su cuadro de acceso bajo hacen que esta e-bike sea funcional, accesible y perfecta para el uso diario.<\/li>\n<li>POTENTE<br \/>\nEres t\u00fa, solo que m\u00e1s r\u00e1pido \u2014 para ser precisos, 4 veces t\u00fa. El sistema Turbo Full Power detecta la fuerza que aplicas al pedalear y amplifica tu esfuerzo de manera natural hasta cuatro veces, lo que te permite subir cualquier colina o llegar a cualquier destino sin sudar. Literalmente.  <\/li>\n<li>SUAVE<br \/>\nDisfruta de la comodidad en todo momento con una horquilla delantera con suspensi\u00f3n de 80 mm, neum\u00e1ticos de gran volumen y un poste de asiento con suspensi\u00f3n que suaviza los impactos m\u00e1s duros.<\/li>\n<li>TURBO<br \/>\nEl coraz\u00f3n de la Como es su tecnolog\u00eda Turbo: un avanzado sistema el\u00e9ctrico integrado que combina potencia, sensaci\u00f3n de pedaleo natural, funciones antirrobo, consejos de entrenamiento y una computadora de a bordo con funciones completas.<\/li>\n<li>SEGURA<br \/>\nLa Como tiene funciones antirrobo integradas. Desactiva el motor con solo presionar un bot\u00f3n para que nadie pueda volver a encenderlo sin tu PIN personalizado. Para mayor seguridad, la bater\u00eda puede bloquearse dentro del cuadro o retirarse f\u00e1cilmente para llevarla contigo. \u00a1Ladrones, ni lo intenten!   <\/li>\n<li>SILENCIOSA<br \/>\nEl motor Turbo Full Power ofrece una amplificaci\u00f3n suave, silenciosa y continua para una experiencia silenciosa en cualquier terreno.<br \/>\nNota: El l\u00edmite de velocidad a la que el motor deja de asistir puede variar seg\u00fan la regi\u00f3n y las normativas locales. Esto tambi\u00e9n puede afectar la autonom\u00eda: un l\u00edmite de velocidad m\u00e1s alto puede resultar en una menor duraci\u00f3n de la bater\u00eda. <\/li>\n<li>MOTOR Y BATER\u00cdA<br \/>\nEl motor Turbo Full Power 2.0 y la bater\u00eda de 710Wh ofrecen una experiencia de conducci\u00f3n sin igual, con una amplificaci\u00f3n fluida, continua y sorprendentemente silenciosa de tu esfuerzo, hasta una velocidad de 45 km\/h (28 mph).<br \/>\nEl controlador integrado responde instant\u00e1neamente a tu pedaleo, amplificando tu esfuerzo de forma intuitiva y con una sensaci\u00f3n de pedaleo incre\u00edblemente natural.<\/li>\n<li>CAMBIO AUTOM\u00c1TICO ENVIOLO<br \/>\nEl sistema de cambio interno continuo enviolo TR IGH cuenta con un buje de cambios interno dise\u00f1ado especialmente y un controlador a juego.<br \/>\nSu tecnolog\u00eda de cambio progresivo manual es tan f\u00e1cil de usar como subir o bajar el volumen de una radio. Esto permite a los ciclistas concentrarse en lo m\u00e1s importante: el tr\u00e1fico, el entorno o simplemente disfrutar del paseo. <\/li>\n<li>PANTALLA MASTERMIND Y APP SPECIALIZED<br \/>\nLa pantalla MasterMind muestra toda la informaci\u00f3n relevante de tu recorrido y permite ajustar en tiempo real los niveles de asistencia.<br \/>\nSe integra perfectamente con la app Specialized para acceder a herramientas de optimizaci\u00f3n de autonom\u00eda, ajustes avanzados, diagn\u00f3sticos durante el viaje y mucho m\u00e1s.<\/li>\n<li>EFICIENCIA SUAVE COMPROBADA<br \/>\nDesarrollamos un mecanismo de prueba personalizado para analizar vibraciones incluso en frecuencias muy peque\u00f1as, lo que mejora la comodidad y la visibilidad.<br \/>\nEsta precisi\u00f3n, combinada con la tija de suspensi\u00f3n, neum\u00e1ticos de gran volumen y la horquilla de suspensi\u00f3n de 80 mm, har\u00e1 que las irregularidades del camino pr\u00e1cticamente desaparezcan ante tus ojos.<\/li>\n<li>FUNCIONES ADICIONALES DESTACADAS<br \/>\nBloqueo del sistema Turbo: Usa la app Specialized para desactivar el motor y activar la alarma con sensor de movimiento. Una vez bloqueado, solo el propietario podr\u00e1 volver a activarlo.<br \/>\nBater\u00eda integrada, extra\u00edble y bloqueable: F\u00e1cil de cargar, f\u00e1cil de asegurar.<br \/>\nEquipamiento completo: Guardabarros DRYTECH, luces LED delantera y trasera.<br \/>\nPortaequipajes HD trasero con capacidad de 27 kg: Compatible con asientos infantiles y tambi\u00e9n apta para remolques con eje pasante.<br \/>\nAutonom\u00eda de largo alcance: Llega hasta 120 km (75 millas) o 5.5 horas en modo Eco. <\/li>\n<li>TECHNICAL SPECIFICATIONS<\/li>\n<li>E-BIKE<br \/>\nCargador:<br \/>\nCargador personalizado, 42V4A con conector Rosenberger, 100-240V.<br \/>\nCableado:<br \/>\nArn\u00e9s de cables personalizado.<br \/>\nPantalla \/ Control Remoto:<br \/>\nPantalla MasterMind TCD con control remoto en el manillar, funci\u00f3n antirrobo incorporada, conectividad Bluetooth\u00ae y p\u00e1ginas de visualizaci\u00f3n personalizables.<br \/>\nMotor:<br \/>\nSpecialized 2.0, con 70 Nm de par motor, ajuste personalizado, 250W nominales.<br \/>\nBater\u00eda:<br \/>\nSpecialized U2-710, bater\u00eda integrada con indicador de carga, 710 Wh, certificada UL.<\/li>\n<li>CUADRO<br \/>\nCuadro:<br \/>\nAluminio E5, montaje del motor en la caja del pedalier, bater\u00eda totalmente integrada y bloqueable en el tubo diagonal, guiado interno de cables, soporte para candado y portaequipajes delantero, punteras deslizantes.<br \/>\nAbrazadera del asiento:<br \/>\nTipo tornillo de aleaci\u00f3n Specialized, 42.9 mm.<br \/>\nSUSPENSI\u00d3N<br \/>\nHorquilla delantera:<br \/>\nSR Suntour MobieA32, recorrido de 80 mm, con bloqueo, soportes para guardabarros y soporte integrado para luz delantera.<\/li>\n<li>FRENOS<br \/>\nFreno delantero:<br \/>\nShimano BR-MT200, freno de disco hidr\u00e1ulico, rotor de 180 mm.<br \/>\nFreno trasero:<br \/>\nShimano BR-MT200, freno de disco hidr\u00e1ulico, rotor de 160 mm.<\/li>\n<li>TRANSMISI\u00d3N<br \/>\nCorrea:<br \/>\nGates Carbon Drive CDX, 122 dientes, color negro.<br \/>\nCambio Interno (IGH):<br \/>\nEnviolo Integrated Gear Hub, con cambio manual.<br \/>\nManeta de cambio:<br \/>\nEnviolo Twist Display Pure.<br \/>\nPi\u00f1\u00f3n:<br \/>\nGates de 22 dientes.<br \/>\nPlato:<br \/>\nGates Carbon Drive CDC, 50 dientes, color negro.<br \/>\nBielas:<br \/>\nPraxis, Brose ISIS, 165 mm, BCD 104 mm.<br \/>\nCubrecadena:<br \/>\nSpecialized Belt Cover.<\/li>\n<li>RUEDAS Y NEUM\u00c1TICOS<br \/>\nLlantas:<br \/>\n650b para disco, de aleaci\u00f3n de doble pared, engarzadas, 32 orificios.<br \/>\nRadios:<br \/>\nDT Swiss Elemental.<br \/>\nNeum\u00e1tico delantero:<br \/>\nHemisphere Flat Protection Reflect, 650b x 2.3.<br \/>\nNeum\u00e1tico trasero:<br \/>\nHemisphere Flat Protection Reflect, 650b x 2.3.<br \/>\nBuje delantero:<br \/>\nBuje de aleaci\u00f3n Specialized, rodamientos sellados, disco de 6 tornillos, eje pasante de 15&#215;110 mm, 32 orificios.<br \/>\nC\u00e1maras:<br \/>\nV\u00e1lvula Schrader est\u00e1ndar de 40 mm, para neum\u00e1ticos de 650Bx1.75-2.4.<br \/>\nBuje trasero:<br \/>\nEnviolo CITY, rango de cambio del 310%, disco de 6 tornillos, eje de 10&#215;135 mm, 32 orificios.<\/li>\n<li>COMPONENTES (COCKPIT)<br \/>\nSill\u00edn:<br \/>\nBody Geometry Comfort Gel, 200 mm de ancho, con asa integrada.<br \/>\nPu\u00f1os:<br \/>\nSpecialized Body Geometry Contour, con fijaci\u00f3n lock-on.<br \/>\nManillar:<br \/>\nManillar\/potencia integrada Specialized Como.<br \/>\nPotencia:<br \/>\nPotencia integrada Specialized.<br \/>\nTija del sill\u00edn:<br \/>\nSuspensi\u00f3n de resorte, aleaci\u00f3n, recorrido de 40 mm, di\u00e1metro de 30.9 mm, abrazadera de 2 tornillos, con casquillo de 34.9 mm.<\/li>\n<li>ACCESORIOS<br \/>\nEspejo retrovisor:<br \/>\nEspejo trasero en el manillar, de aluminio.<br \/>\nLuz delantera:<br \/>\nLezyne Ebike Hecto StVZO E350+, 350 l\u00famenes, cable de 160 cm, con reflector.<br \/>\nTimbre:<br \/>\nTimbre simple.<br \/>\nLuz trasera:<br \/>\nSpanninga StVZO Commuter Glow con luz de freno XEr.<br \/>\nPedales:<br \/>\nSpecialized Commuter con cinta antideslizante y reflectores.<br \/>\nGuardabarros:<br \/>\nSpecialized DRYTECH, ancho de 65 mm, con varillas de aluminio.<br \/>\nPata de cabra:<br \/>\nPata de cabra Specialized, soporte de 40 mm.<br \/>\nPortabultos trasero:<br \/>\nPortabultos Specialized con interfaz MIK HD, soportes integrados para alforjas, capacidad m\u00e1xima de carga de 27 kg.<br \/>\nCandado de bicicleta:<br \/>\nSistema de Bloqueo Turbo (Turbo System Lock).<\/li>\n<li>PESO<br \/>\nTama\u00f1o de referencia para el peso:<br \/>\nTalla M (MD)<\/li>\n<\/ul>\n","protected":false},"excerpt":{"rendered":"<p>La Como es una bicicleta el\u00e9ctrica relajada, con un dise\u00f1o limpio y una posici\u00f3n de conducci\u00f3n erguida que ofrece comodidad y estilo con total facilidad. Esta e-bike de potencia completa ha sido dise\u00f1ada para la ciudad y viene equipada con guardabarros, luces y un cuadro de acceso bajo, lo que la hace perfecta para los desplazamientos diarios o para pasear por la ciudad.<br \/>\nLa Como ofrece la mejor combinaci\u00f3n de potencia, autonom\u00eda y funcionalidad, manteni\u00e9ndose incre\u00edblemente vers\u00e1til. Nunca tendr\u00e1s que elegir entre comodidad y estilo. Te sorprender\u00e1s inventando excusas para volver a salir a rodar.   <\/p>\n","protected":false},"featured_media":416227,"comment_status":"open","ping_status":"closed","template":"","meta":{"_acf_changed":false,"_et_pb_use_builder":"","_et_pb_old_content":"","_et_gb_content_width":"","inline_featured_image":false},"product_brand":[],"product_cat":[2449,5279,347,5275,5277,5274,5278,5276],"product_tag":[],"class_list":{"0":"post-437713","1":"product","2":"type-product","3":"status-publish","4":"has-post-thumbnail","6":"product_cat-bicycles","7":"product_cat-bicicletas-urbanas-en","8":"product_cat-electric","9":"product_cat-bicicletas-electricas-aluminio-en","10":"product_cat-bicicletas-electricas-paseo-en","11":"product_cat-bicicletas-electricas-specialized-en","12":"product_cat-bicicletas-electricas-trekking-en","13":"product_cat-bicicletas-electricas-urbanas-en","14":"product_shipping_class-bicicletas-en","16":"first","17":"instock","18":"taxable","19":"shipping-taxable","20":"purchasable","21":"product-type-variable","22":"wvs-archive-product-wrapper"},"acf":[],"yoast_head":"<!-- This site is optimized with the Yoast SEO Premium plugin v26.7 (Yoast SEO v26.7) - https:\/\/yoast.com\/wordpress\/plugins\/seo\/ -->\n<title>Specialized Turbo Como 4.0 IGH 2026 GR-100<\/title>\n<meta name=\"description\" content=\"La Como es una bicicleta el\u00e9ctrica relajada, con un dise\u00f1o limpio y una posici\u00f3n de conducci\u00f3n erguida que ofrece comodidad y estilo con total facilidad.\" \/>\n<meta name=\"robots\" content=\"index, follow, max-snippet:-1, max-image-preview:large, max-video-preview:-1\" \/>\n<link rel=\"canonical\" href=\"https:\/\/gr-100.com\/en\/producto\/specialized-turbo-como-4-0-igh-2026\/\" \/>\n<meta property=\"og:locale\" content=\"en_US\" \/>\n<meta property=\"og:type\" content=\"article\" \/>\n<meta property=\"og:title\" content=\"Specialized Turbo Como 4.0 IGH 2026\" \/>\n<meta property=\"og:description\" content=\"La Como es una bicicleta el\u00e9ctrica relajada, con un dise\u00f1o limpio y una posici\u00f3n de conducci\u00f3n erguida que ofrece comodidad y estilo con total facilidad.\" \/>\n<meta property=\"og:url\" content=\"https:\/\/gr-100.com\/en\/producto\/specialized-turbo-como-4-0-igh-2026\/\" \/>\n<meta property=\"og:site_name\" content=\"Gr-100 Tienda de ciclismo Specialized\" \/>\n<meta property=\"article:publisher\" content=\"https:\/\/www.facebook.com\/Gr100Bikes\" \/>\n<meta property=\"og:image\" content=\"https:\/\/gr-100.com\/wp-content\/uploads\/2025\/09\/Diseno-sin-titulo-2025-09-17T123557.071.jpg\" \/>\n\t<meta property=\"og:image:width\" content=\"1000\" \/>\n\t<meta property=\"og:image:height\" content=\"1000\" \/>\n\t<meta property=\"og:image:type\" content=\"image\/jpeg\" \/>\n<meta name=\"twitter:card\" content=\"summary_large_image\" \/>\n<meta name=\"twitter:label1\" content=\"Est. reading time\" \/>\n\t<meta name=\"twitter:data1\" content=\"6 minutes\" \/>\n<script type=\"application\/ld+json\" class=\"yoast-schema-graph\">{\"@context\":\"https:\/\/schema.org\",\"@graph\":[{\"@type\":\"WebPage\",\"@id\":\"https:\/\/gr-100.com\/en\/producto\/specialized-turbo-como-4-0-igh-2026\/\",\"url\":\"https:\/\/gr-100.com\/en\/producto\/specialized-turbo-como-4-0-igh-2026\/\",\"name\":\"Specialized Turbo Como 4.0 IGH 2026 GR-100\",\"isPartOf\":{\"@id\":\"https:\/\/gr-100.com\/#website\"},\"primaryImageOfPage\":{\"@id\":\"https:\/\/gr-100.com\/en\/producto\/specialized-turbo-como-4-0-igh-2026\/#primaryimage\"},\"image\":{\"@id\":\"https:\/\/gr-100.com\/en\/producto\/specialized-turbo-como-4-0-igh-2026\/#primaryimage\"},\"thumbnailUrl\":\"https:\/\/gr-100.com\/wp-content\/uploads\/2025\/09\/Diseno-sin-titulo-2025-09-17T123557.071.jpg\",\"datePublished\":\"2025-09-17T12:06:20+00:00\",\"description\":\"La Como es una bicicleta el\u00e9ctrica relajada, con un dise\u00f1o limpio y una posici\u00f3n de conducci\u00f3n erguida que ofrece comodidad y estilo con total facilidad.\",\"breadcrumb\":{\"@id\":\"https:\/\/gr-100.com\/en\/producto\/specialized-turbo-como-4-0-igh-2026\/#breadcrumb\"},\"inLanguage\":\"en-US\",\"potentialAction\":[{\"@type\":\"ReadAction\",\"target\":[\"https:\/\/gr-100.com\/en\/producto\/specialized-turbo-como-4-0-igh-2026\/\"]}]},{\"@type\":\"ImageObject\",\"inLanguage\":\"en-US\",\"@id\":\"https:\/\/gr-100.com\/en\/producto\/specialized-turbo-como-4-0-igh-2026\/#primaryimage\",\"url\":\"https:\/\/gr-100.com\/wp-content\/uploads\/2025\/09\/Diseno-sin-titulo-2025-09-17T123557.071.jpg\",\"contentUrl\":\"https:\/\/gr-100.com\/wp-content\/uploads\/2025\/09\/Diseno-sin-titulo-2025-09-17T123557.071.jpg\",\"width\":1000,\"height\":1000},{\"@type\":\"BreadcrumbList\",\"@id\":\"https:\/\/gr-100.com\/en\/producto\/specialized-turbo-como-4-0-igh-2026\/#breadcrumb\",\"itemListElement\":[{\"@type\":\"ListItem\",\"position\":1,\"name\":\"Portada\",\"item\":\"https:\/\/gr-100.com\/pt-pt\/\"},{\"@type\":\"ListItem\",\"position\":2,\"name\":\"Productos\",\"item\":\"https:\/\/gr-100.com\/?post_type=product\"},{\"@type\":\"ListItem\",\"position\":3,\"name\":\"Specialized Turbo Como 4.0 IGH 2026\"}]},{\"@type\":\"WebSite\",\"@id\":\"https:\/\/gr-100.com\/#website\",\"url\":\"https:\/\/gr-100.com\/\",\"name\":\"Gr-100 Tienda de ciclismo Specialized\",\"description\":\"GR-100 tenemos todas las gamas de bicicletas Specialized al mejor precio.\",\"publisher\":{\"@id\":\"https:\/\/gr-100.com\/#organization\"},\"alternateName\":\"Gr-100 Bikes\",\"potentialAction\":[{\"@type\":\"SearchAction\",\"target\":{\"@type\":\"EntryPoint\",\"urlTemplate\":\"https:\/\/gr-100.com\/?s={search_term_string}\"},\"query-input\":{\"@type\":\"PropertyValueSpecification\",\"valueRequired\":true,\"valueName\":\"search_term_string\"}}],\"inLanguage\":\"en-US\"},{\"@type\":\"Organization\",\"@id\":\"https:\/\/gr-100.com\/#organization\",\"name\":\"Gr-100\",\"url\":\"https:\/\/gr-100.com\/\",\"logo\":{\"@type\":\"ImageObject\",\"inLanguage\":\"en-US\",\"@id\":\"https:\/\/gr-100.com\/#\/schema\/logo\/image\/\",\"url\":\"https:\/\/gr-100.com\/wp-content\/uploads\/2023\/08\/logo-gr-100-bikes.png\",\"contentUrl\":\"https:\/\/gr-100.com\/wp-content\/uploads\/2023\/08\/logo-gr-100-bikes.png\",\"width\":707,\"height\":284,\"caption\":\"Gr-100\"},\"image\":{\"@id\":\"https:\/\/gr-100.com\/#\/schema\/logo\/image\/\"},\"sameAs\":[\"https:\/\/www.facebook.com\/Gr100Bikes\",\"https:\/\/www.instagram.com\/gr100bikes\/\",\"https:\/\/www.tiktok.com\/@gr100bikes\",\"https:\/\/twitter.com\/gr100mtbteam\",\"https:\/\/www.youtube.com\/c\/GR100Specialized\"]}]}<\/script>\n<!-- \/ Yoast SEO Premium plugin. -->","yoast_head_json":{"title":"Specialized Turbo Como 4.0 IGH 2026 GR-100","description":"La Como es una bicicleta el\u00e9ctrica relajada, con un dise\u00f1o limpio y una posici\u00f3n de conducci\u00f3n erguida que ofrece comodidad y estilo con total facilidad.","robots":{"index":"index","follow":"follow","max-snippet":"max-snippet:-1","max-image-preview":"max-image-preview:large","max-video-preview":"max-video-preview:-1"},"canonical":"https:\/\/gr-100.com\/en\/producto\/specialized-turbo-como-4-0-igh-2026\/","og_locale":"en_US","og_type":"article","og_title":"Specialized Turbo Como 4.0 IGH 2026","og_description":"La Como es una bicicleta el\u00e9ctrica relajada, con un dise\u00f1o limpio y una posici\u00f3n de conducci\u00f3n erguida que ofrece comodidad y estilo con total facilidad.","og_url":"https:\/\/gr-100.com\/en\/producto\/specialized-turbo-como-4-0-igh-2026\/","og_site_name":"Gr-100 Tienda de ciclismo Specialized","article_publisher":"https:\/\/www.facebook.com\/Gr100Bikes","og_image":[{"width":1000,"height":1000,"url":"https:\/\/gr-100.com\/wp-content\/uploads\/2025\/09\/Diseno-sin-titulo-2025-09-17T123557.071.jpg","type":"image\/jpeg"}],"twitter_card":"summary_large_image","twitter_misc":{"Est. reading time":"6 minutes"},"schema":{"@context":"https:\/\/schema.org","@graph":[{"@type":"WebPage","@id":"https:\/\/gr-100.com\/en\/producto\/specialized-turbo-como-4-0-igh-2026\/","url":"https:\/\/gr-100.com\/en\/producto\/specialized-turbo-como-4-0-igh-2026\/","name":"Specialized Turbo Como 4.0 IGH 2026 GR-100","isPartOf":{"@id":"https:\/\/gr-100.com\/#website"},"primaryImageOfPage":{"@id":"https:\/\/gr-100.com\/en\/producto\/specialized-turbo-como-4-0-igh-2026\/#primaryimage"},"image":{"@id":"https:\/\/gr-100.com\/en\/producto\/specialized-turbo-como-4-0-igh-2026\/#primaryimage"},"thumbnailUrl":"https:\/\/gr-100.com\/wp-content\/uploads\/2025\/09\/Diseno-sin-titulo-2025-09-17T123557.071.jpg","datePublished":"2025-09-17T12:06:20+00:00","description":"La Como es una bicicleta el\u00e9ctrica relajada, con un dise\u00f1o limpio y una posici\u00f3n de conducci\u00f3n erguida que ofrece comodidad y estilo con total facilidad.","breadcrumb":{"@id":"https:\/\/gr-100.com\/en\/producto\/specialized-turbo-como-4-0-igh-2026\/#breadcrumb"},"inLanguage":"en-US","potentialAction":[{"@type":"ReadAction","target":["https:\/\/gr-100.com\/en\/producto\/specialized-turbo-como-4-0-igh-2026\/"]}]},{"@type":"ImageObject","inLanguage":"en-US","@id":"https:\/\/gr-100.com\/en\/producto\/specialized-turbo-como-4-0-igh-2026\/#primaryimage","url":"https:\/\/gr-100.com\/wp-content\/uploads\/2025\/09\/Diseno-sin-titulo-2025-09-17T123557.071.jpg","contentUrl":"https:\/\/gr-100.com\/wp-content\/uploads\/2025\/09\/Diseno-sin-titulo-2025-09-17T123557.071.jpg","width":1000,"height":1000},{"@type":"BreadcrumbList","@id":"https:\/\/gr-100.com\/en\/producto\/specialized-turbo-como-4-0-igh-2026\/#breadcrumb","itemListElement":[{"@type":"ListItem","position":1,"name":"Portada","item":"https:\/\/gr-100.com\/pt-pt\/"},{"@type":"ListItem","position":2,"name":"Productos","item":"https:\/\/gr-100.com\/?post_type=product"},{"@type":"ListItem","position":3,"name":"Specialized Turbo Como 4.0 IGH 2026"}]},{"@type":"WebSite","@id":"https:\/\/gr-100.com\/#website","url":"https:\/\/gr-100.com\/","name":"Gr-100 Tienda de ciclismo Specialized","description":"GR-100 tenemos todas las gamas de bicicletas Specialized al mejor precio.","publisher":{"@id":"https:\/\/gr-100.com\/#organization"},"alternateName":"Gr-100 Bikes","potentialAction":[{"@type":"SearchAction","target":{"@type":"EntryPoint","urlTemplate":"https:\/\/gr-100.com\/?s={search_term_string}"},"query-input":{"@type":"PropertyValueSpecification","valueRequired":true,"valueName":"search_term_string"}}],"inLanguage":"en-US"},{"@type":"Organization","@id":"https:\/\/gr-100.com\/#organization","name":"Gr-100","url":"https:\/\/gr-100.com\/","logo":{"@type":"ImageObject","inLanguage":"en-US","@id":"https:\/\/gr-100.com\/#\/schema\/logo\/image\/","url":"https:\/\/gr-100.com\/wp-content\/uploads\/2023\/08\/logo-gr-100-bikes.png","contentUrl":"https:\/\/gr-100.com\/wp-content\/uploads\/2023\/08\/logo-gr-100-bikes.png","width":707,"height":284,"caption":"Gr-100"},"image":{"@id":"https:\/\/gr-100.com\/#\/schema\/logo\/image\/"},"sameAs":["https:\/\/www.facebook.com\/Gr100Bikes","https:\/\/www.instagram.com\/gr100bikes\/","https:\/\/www.tiktok.com\/@gr100bikes","https:\/\/twitter.com\/gr100mtbteam","https:\/\/www.youtube.com\/c\/GR100Specialized"]}]}},"_links":{"self":[{"href":"https:\/\/gr-100.com\/en\/wp-json\/wp\/v2\/product\/437713","targetHints":{"allow":["GET"]}}],"collection":[{"href":"https:\/\/gr-100.com\/en\/wp-json\/wp\/v2\/product"}],"about":[{"href":"https:\/\/gr-100.com\/en\/wp-json\/wp\/v2\/types\/product"}],"replies":[{"embeddable":true,"href":"https:\/\/gr-100.com\/en\/wp-json\/wp\/v2\/comments?post=437713"}],"wp:featuredmedia":[{"embeddable":true,"href":"https:\/\/gr-100.com\/en\/wp-json\/wp\/v2\/media\/416227"}],"wp:attachment":[{"href":"https:\/\/gr-100.com\/en\/wp-json\/wp\/v2\/media?parent=437713"}],"wp:term":[{"taxonomy":"product_brand","embeddable":true,"href":"https:\/\/gr-100.com\/en\/wp-json\/wp\/v2\/product_brand?post=437713"},{"taxonomy":"product_cat","embeddable":true,"href":"https:\/\/gr-100.com\/en\/wp-json\/wp\/v2\/product_cat?post=437713"},{"taxonomy":"product_tag","embeddable":true,"href":"https:\/\/gr-100.com\/en\/wp-json\/wp\/v2\/product_tag?post=437713"}],"curies":[{"name":"wp","href":"https:\/\/api.w.org\/{rel}","templated":true}]}}