{"id":442180,"date":"2026-03-03T12:17:19","date_gmt":"2026-03-03T11:17:19","guid":{"rendered":"https:\/\/gr-100.com\/?post_type=product&#038;p=442180"},"modified":"2026-04-11T17:48:37","modified_gmt":"2026-04-11T16:48:37","slug":"gobik-culotte-hombre-corte-k10-diamond","status":"publish","type":"product","link":"https:\/\/gr-100.com\/en\/producto\/gobik-culotte-hombre-corte-k10-diamond\/","title":{"rendered":"Gobik Culotte Hombre Corte k10 Diamond"},"content":{"rendered":"<p>Desarrollado para ofrecer el m\u00e1ximo rendimiento, este culotte combina un dise\u00f1o minimalista con materiales de \u00faltima generaci\u00f3n. Su tejido DUALKNIT PRO, de punto circular garantiza una excelente elasticidad, opacidad, transpirabilidad y alta durabilidad. La elevada presencia de poliamida proporciona un tacto suave y un secado r\u00e1pido, manteniendo la piel confortable incluso en salidas prolongadas.<\/p>\n<p>Los tirantes ergon\u00f3micos, confeccionados en corte vivo y con cintas de anchura ampliada, incorporan hilo de grafeno que mejora la regulaci\u00f3n t\u00e9rmica, neutraliza olores y evita la acumulaci\u00f3n de humedad. Las perneras, rematadas sin costuras, ofrecen un ajuste preciso y ligero, eliminando puntos de presi\u00f3n y aportando una sensaci\u00f3n de segunda piel incluso en rutas exigentes.<\/p>\n<ul>\n<li>Una prenda t\u00e9cnica concebida para ciclistas que exigen confort, funcionalidad y alto rendimiento en cada salida.<\/li>\n<li>Tejido de poliamida DUALKNIT PRO.<\/li>\n<li>Patr\u00f3n minimalista con costuras reducidas.<\/li>\n<li>Peso ultraligero y gran elasticidad.<\/li>\n<li>Badanas de alto rendimiento Graphene by Elastic Interface\u00ae.<\/li>\n<li>Tirante ergon\u00f3mico en corte vivo sin costuras.<\/li>\n<li>Apertura posterior termosellada.<\/li>\n<li>Cintas de los hombros con hilo de grafeno.<\/li>\n<li>Corte vivo sin costuras en muslos.<\/li>\n<li>Logotipo en silicona con acabado gloss.<\/li>\n<li>Longitud de pierna est\u00e1ndar.<\/li>\n<\/ul>\n","protected":false},"excerpt":{"rendered":"<p>Desarrollado para ofrecer el m\u00e1ximo rendimiento, este culotte combina un dise\u00f1o minimalista con materiales de \u00faltima generaci\u00f3n. Su tejido DUALKNIT PRO, de punto circular garantiza una excelente elasticidad, opacidad, transpirabilidad y alta durabilidad. La elevada presencia de poliamida proporciona un tacto suave y un secado r\u00e1pido, manteniendo la piel confortable incluso en salidas prolongadas.<\/p>\n","protected":false},"featured_media":442184,"comment_status":"open","ping_status":"closed","template":"","meta":{"_acf_changed":false,"_et_pb_use_builder":"","_et_pb_old_content":"","_et_gb_content_width":"","inline_featured_image":false},"product_brand":[],"product_cat":[50,51],"product_tag":[],"class_list":{"0":"post-442180","1":"product","2":"type-product","3":"status-publish","4":"has-post-thumbnail","6":"product_cat-equipaciones","7":"product_cat-ropa","8":"product_shipping_class-equipacion","10":"first","11":"instock","12":"taxable","13":"shipping-taxable","14":"purchasable","15":"product-type-variable","16":"wvs-archive-product-wrapper"},"acf":[],"yoast_head":"<!-- This site is optimized with the Yoast SEO Premium plugin v26.7 (Yoast SEO v26.7) - https:\/\/yoast.com\/wordpress\/plugins\/seo\/ -->\n<title>Gobik Culotte Hombre Corte k10 Diamond<\/title>\n<meta name=\"description\" content=\"Desarrollado para ofrecer el m\u00e1ximo rendimiento, este culotte combina un dise\u00f1o minimalista con materiales de \u00faltima generaci\u00f3n. Su tejido DUALKNIT PRO, de punto circular garantiza una excelente elasticidad, opacidad, transpirabilidad y alta durabilidad. La elevada presencia de poliamida proporciona un tacto suave y un secado r\u00e1pido, manteniendo la piel confortable incluso en salidas prolongadas.\" \/>\n<meta name=\"robots\" content=\"index, follow, max-snippet:-1, max-image-preview:large, max-video-preview:-1\" \/>\n<link rel=\"canonical\" href=\"https:\/\/gr-100.com\/producto\/gobik-culotte-hombre-corte-k10-diamond\/\" \/>\n<meta property=\"og:locale\" content=\"en_US\" \/>\n<meta property=\"og:type\" content=\"article\" \/>\n<meta property=\"og:title\" content=\"Gobik Culotte Hombre Corte k10 Diamond\" \/>\n<meta property=\"og:description\" content=\"Desarrollado para ofrecer el m\u00e1ximo rendimiento, este culotte combina un dise\u00f1o minimalista con materiales de \u00faltima generaci\u00f3n. Su tejido DUALKNIT PRO, de punto circular garantiza una excelente elasticidad, opacidad, transpirabilidad y alta durabilidad. La elevada presencia de poliamida proporciona un tacto suave y un secado r\u00e1pido, manteniendo la piel confortable incluso en salidas prolongadas.\" \/>\n<meta property=\"og:url\" content=\"https:\/\/gr-100.com\/producto\/gobik-culotte-hombre-corte-k10-diamond\/\" \/>\n<meta property=\"og:site_name\" content=\"Gr-100 Tienda de ciclismo Specialized\" \/>\n<meta property=\"article:publisher\" content=\"https:\/\/www.facebook.com\/Gr100Bikes\" \/>\n<meta property=\"article:modified_time\" content=\"2026-04-11T16:48:37+00:00\" \/>\n<meta property=\"og:image\" content=\"https:\/\/gr-100.com\/wp-content\/uploads\/2026\/03\/Gobik-Culotte-Hombre-Corte-k10-Diamond.jpg\" \/>\n\t<meta property=\"og:image:width\" content=\"1000\" \/>\n\t<meta property=\"og:image:height\" content=\"1000\" \/>\n\t<meta property=\"og:image:type\" content=\"image\/jpeg\" \/>\n<meta name=\"twitter:card\" content=\"summary_large_image\" \/>\n<meta name=\"twitter:label1\" content=\"Est. reading time\" \/>\n\t<meta name=\"twitter:data1\" content=\"2 minutes\" \/>\n<script type=\"application\/ld+json\" class=\"yoast-schema-graph\">{\"@context\":\"https:\/\/schema.org\",\"@graph\":[{\"@type\":\"WebPage\",\"@id\":\"https:\/\/gr-100.com\/producto\/gobik-culotte-hombre-corte-k10-diamond\/\",\"url\":\"https:\/\/gr-100.com\/producto\/gobik-culotte-hombre-corte-k10-diamond\/\",\"name\":\"Gobik Culotte Hombre Corte k10 Diamond\",\"isPartOf\":{\"@id\":\"https:\/\/gr-100.com\/#website\"},\"primaryImageOfPage\":{\"@id\":\"https:\/\/gr-100.com\/producto\/gobik-culotte-hombre-corte-k10-diamond\/#primaryimage\"},\"image\":{\"@id\":\"https:\/\/gr-100.com\/producto\/gobik-culotte-hombre-corte-k10-diamond\/#primaryimage\"},\"thumbnailUrl\":\"https:\/\/gr-100.com\/wp-content\/uploads\/2026\/03\/Gobik-Culotte-Hombre-Corte-k10-Diamond.jpg\",\"datePublished\":\"2026-03-03T11:17:19+00:00\",\"dateModified\":\"2026-04-11T16:48:37+00:00\",\"description\":\"Desarrollado para ofrecer el m\u00e1ximo rendimiento, este culotte combina un dise\u00f1o minimalista con materiales de \u00faltima generaci\u00f3n. Su tejido DUALKNIT PRO, de punto circular garantiza una excelente elasticidad, opacidad, transpirabilidad y alta durabilidad. La elevada presencia de poliamida proporciona un tacto suave y un secado r\u00e1pido, manteniendo la piel confortable incluso en salidas prolongadas.\",\"breadcrumb\":{\"@id\":\"https:\/\/gr-100.com\/producto\/gobik-culotte-hombre-corte-k10-diamond\/#breadcrumb\"},\"inLanguage\":\"en-US\",\"potentialAction\":[{\"@type\":\"ReadAction\",\"target\":[\"https:\/\/gr-100.com\/producto\/gobik-culotte-hombre-corte-k10-diamond\/\"]}]},{\"@type\":\"ImageObject\",\"inLanguage\":\"en-US\",\"@id\":\"https:\/\/gr-100.com\/producto\/gobik-culotte-hombre-corte-k10-diamond\/#primaryimage\",\"url\":\"https:\/\/gr-100.com\/wp-content\/uploads\/2026\/03\/Gobik-Culotte-Hombre-Corte-k10-Diamond.jpg\",\"contentUrl\":\"https:\/\/gr-100.com\/wp-content\/uploads\/2026\/03\/Gobik-Culotte-Hombre-Corte-k10-Diamond.jpg\",\"width\":1000,\"height\":1000},{\"@type\":\"BreadcrumbList\",\"@id\":\"https:\/\/gr-100.com\/producto\/gobik-culotte-hombre-corte-k10-diamond\/#breadcrumb\",\"itemListElement\":[{\"@type\":\"ListItem\",\"position\":1,\"name\":\"Portada\",\"item\":\"https:\/\/gr-100.com\/pt-pt\/\"},{\"@type\":\"ListItem\",\"position\":2,\"name\":\"Productos\",\"item\":\"https:\/\/gr-100.com\/?post_type=product\"},{\"@type\":\"ListItem\",\"position\":3,\"name\":\"Gobik Culotte Hombre Corte k10 Diamond\"}]},{\"@type\":\"WebSite\",\"@id\":\"https:\/\/gr-100.com\/#website\",\"url\":\"https:\/\/gr-100.com\/\",\"name\":\"Gr-100 Tienda de ciclismo Specialized\",\"description\":\"GR-100 tenemos todas las gamas de bicicletas Specialized al mejor precio.\",\"publisher\":{\"@id\":\"https:\/\/gr-100.com\/#organization\"},\"alternateName\":\"Gr-100 Bikes\",\"potentialAction\":[{\"@type\":\"SearchAction\",\"target\":{\"@type\":\"EntryPoint\",\"urlTemplate\":\"https:\/\/gr-100.com\/?s={search_term_string}\"},\"query-input\":{\"@type\":\"PropertyValueSpecification\",\"valueRequired\":true,\"valueName\":\"search_term_string\"}}],\"inLanguage\":\"en-US\"},{\"@type\":\"Organization\",\"@id\":\"https:\/\/gr-100.com\/#organization\",\"name\":\"Gr-100\",\"url\":\"https:\/\/gr-100.com\/\",\"logo\":{\"@type\":\"ImageObject\",\"inLanguage\":\"en-US\",\"@id\":\"https:\/\/gr-100.com\/#\/schema\/logo\/image\/\",\"url\":\"https:\/\/gr-100.com\/wp-content\/uploads\/2023\/08\/logo-gr-100-bikes.png\",\"contentUrl\":\"https:\/\/gr-100.com\/wp-content\/uploads\/2023\/08\/logo-gr-100-bikes.png\",\"width\":707,\"height\":284,\"caption\":\"Gr-100\"},\"image\":{\"@id\":\"https:\/\/gr-100.com\/#\/schema\/logo\/image\/\"},\"sameAs\":[\"https:\/\/www.facebook.com\/Gr100Bikes\",\"https:\/\/www.instagram.com\/gr100bikes\/\",\"https:\/\/www.tiktok.com\/@gr100bikes\",\"https:\/\/twitter.com\/gr100mtbteam\",\"https:\/\/www.youtube.com\/c\/GR100Specialized\"]}]}<\/script>\n<!-- \/ Yoast SEO Premium plugin. -->","yoast_head_json":{"title":"Gobik Culotte Hombre Corte k10 Diamond","description":"Desarrollado para ofrecer el m\u00e1ximo rendimiento, este culotte combina un dise\u00f1o minimalista con materiales de \u00faltima generaci\u00f3n. Su tejido DUALKNIT PRO, de punto circular garantiza una excelente elasticidad, opacidad, transpirabilidad y alta durabilidad. La elevada presencia de poliamida proporciona un tacto suave y un secado r\u00e1pido, manteniendo la piel confortable incluso en salidas prolongadas.","robots":{"index":"index","follow":"follow","max-snippet":"max-snippet:-1","max-image-preview":"max-image-preview:large","max-video-preview":"max-video-preview:-1"},"canonical":"https:\/\/gr-100.com\/producto\/gobik-culotte-hombre-corte-k10-diamond\/","og_locale":"en_US","og_type":"article","og_title":"Gobik Culotte Hombre Corte k10 Diamond","og_description":"Desarrollado para ofrecer el m\u00e1ximo rendimiento, este culotte combina un dise\u00f1o minimalista con materiales de \u00faltima generaci\u00f3n. Su tejido DUALKNIT PRO, de punto circular garantiza una excelente elasticidad, opacidad, transpirabilidad y alta durabilidad. La elevada presencia de poliamida proporciona un tacto suave y un secado r\u00e1pido, manteniendo la piel confortable incluso en salidas prolongadas.","og_url":"https:\/\/gr-100.com\/producto\/gobik-culotte-hombre-corte-k10-diamond\/","og_site_name":"Gr-100 Tienda de ciclismo Specialized","article_publisher":"https:\/\/www.facebook.com\/Gr100Bikes","article_modified_time":"2026-04-11T16:48:37+00:00","og_image":[{"width":1000,"height":1000,"url":"https:\/\/gr-100.com\/wp-content\/uploads\/2026\/03\/Gobik-Culotte-Hombre-Corte-k10-Diamond.jpg","type":"image\/jpeg"}],"twitter_card":"summary_large_image","twitter_misc":{"Est. reading time":"2 minutes"},"schema":{"@context":"https:\/\/schema.org","@graph":[{"@type":"WebPage","@id":"https:\/\/gr-100.com\/producto\/gobik-culotte-hombre-corte-k10-diamond\/","url":"https:\/\/gr-100.com\/producto\/gobik-culotte-hombre-corte-k10-diamond\/","name":"Gobik Culotte Hombre Corte k10 Diamond","isPartOf":{"@id":"https:\/\/gr-100.com\/#website"},"primaryImageOfPage":{"@id":"https:\/\/gr-100.com\/producto\/gobik-culotte-hombre-corte-k10-diamond\/#primaryimage"},"image":{"@id":"https:\/\/gr-100.com\/producto\/gobik-culotte-hombre-corte-k10-diamond\/#primaryimage"},"thumbnailUrl":"https:\/\/gr-100.com\/wp-content\/uploads\/2026\/03\/Gobik-Culotte-Hombre-Corte-k10-Diamond.jpg","datePublished":"2026-03-03T11:17:19+00:00","dateModified":"2026-04-11T16:48:37+00:00","description":"Desarrollado para ofrecer el m\u00e1ximo rendimiento, este culotte combina un dise\u00f1o minimalista con materiales de \u00faltima generaci\u00f3n. Su tejido DUALKNIT PRO, de punto circular garantiza una excelente elasticidad, opacidad, transpirabilidad y alta durabilidad. La elevada presencia de poliamida proporciona un tacto suave y un secado r\u00e1pido, manteniendo la piel confortable incluso en salidas prolongadas.","breadcrumb":{"@id":"https:\/\/gr-100.com\/producto\/gobik-culotte-hombre-corte-k10-diamond\/#breadcrumb"},"inLanguage":"en-US","potentialAction":[{"@type":"ReadAction","target":["https:\/\/gr-100.com\/producto\/gobik-culotte-hombre-corte-k10-diamond\/"]}]},{"@type":"ImageObject","inLanguage":"en-US","@id":"https:\/\/gr-100.com\/producto\/gobik-culotte-hombre-corte-k10-diamond\/#primaryimage","url":"https:\/\/gr-100.com\/wp-content\/uploads\/2026\/03\/Gobik-Culotte-Hombre-Corte-k10-Diamond.jpg","contentUrl":"https:\/\/gr-100.com\/wp-content\/uploads\/2026\/03\/Gobik-Culotte-Hombre-Corte-k10-Diamond.jpg","width":1000,"height":1000},{"@type":"BreadcrumbList","@id":"https:\/\/gr-100.com\/producto\/gobik-culotte-hombre-corte-k10-diamond\/#breadcrumb","itemListElement":[{"@type":"ListItem","position":1,"name":"Portada","item":"https:\/\/gr-100.com\/pt-pt\/"},{"@type":"ListItem","position":2,"name":"Productos","item":"https:\/\/gr-100.com\/?post_type=product"},{"@type":"ListItem","position":3,"name":"Gobik Culotte Hombre Corte k10 Diamond"}]},{"@type":"WebSite","@id":"https:\/\/gr-100.com\/#website","url":"https:\/\/gr-100.com\/","name":"Gr-100 Tienda de ciclismo Specialized","description":"GR-100 tenemos todas las gamas de bicicletas Specialized al mejor precio.","publisher":{"@id":"https:\/\/gr-100.com\/#organization"},"alternateName":"Gr-100 Bikes","potentialAction":[{"@type":"SearchAction","target":{"@type":"EntryPoint","urlTemplate":"https:\/\/gr-100.com\/?s={search_term_string}"},"query-input":{"@type":"PropertyValueSpecification","valueRequired":true,"valueName":"search_term_string"}}],"inLanguage":"en-US"},{"@type":"Organization","@id":"https:\/\/gr-100.com\/#organization","name":"Gr-100","url":"https:\/\/gr-100.com\/","logo":{"@type":"ImageObject","inLanguage":"en-US","@id":"https:\/\/gr-100.com\/#\/schema\/logo\/image\/","url":"https:\/\/gr-100.com\/wp-content\/uploads\/2023\/08\/logo-gr-100-bikes.png","contentUrl":"https:\/\/gr-100.com\/wp-content\/uploads\/2023\/08\/logo-gr-100-bikes.png","width":707,"height":284,"caption":"Gr-100"},"image":{"@id":"https:\/\/gr-100.com\/#\/schema\/logo\/image\/"},"sameAs":["https:\/\/www.facebook.com\/Gr100Bikes","https:\/\/www.instagram.com\/gr100bikes\/","https:\/\/www.tiktok.com\/@gr100bikes","https:\/\/twitter.com\/gr100mtbteam","https:\/\/www.youtube.com\/c\/GR100Specialized"]}]}},"_links":{"self":[{"href":"https:\/\/gr-100.com\/en\/wp-json\/wp\/v2\/product\/442180","targetHints":{"allow":["GET"]}}],"collection":[{"href":"https:\/\/gr-100.com\/en\/wp-json\/wp\/v2\/product"}],"about":[{"href":"https:\/\/gr-100.com\/en\/wp-json\/wp\/v2\/types\/product"}],"replies":[{"embeddable":true,"href":"https:\/\/gr-100.com\/en\/wp-json\/wp\/v2\/comments?post=442180"}],"wp:featuredmedia":[{"embeddable":true,"href":"https:\/\/gr-100.com\/en\/wp-json\/wp\/v2\/media\/442184"}],"wp:attachment":[{"href":"https:\/\/gr-100.com\/en\/wp-json\/wp\/v2\/media?parent=442180"}],"wp:term":[{"taxonomy":"product_brand","embeddable":true,"href":"https:\/\/gr-100.com\/en\/wp-json\/wp\/v2\/product_brand?post=442180"},{"taxonomy":"product_cat","embeddable":true,"href":"https:\/\/gr-100.com\/en\/wp-json\/wp\/v2\/product_cat?post=442180"},{"taxonomy":"product_tag","embeddable":true,"href":"https:\/\/gr-100.com\/en\/wp-json\/wp\/v2\/product_tag?post=442180"}],"curies":[{"name":"wp","href":"https:\/\/api.w.org\/{rel}","templated":true}]}}