{"id":442239,"date":"2026-03-03T13:05:51","date_gmt":"2026-03-03T12:05:51","guid":{"rendered":"https:\/\/gr-100.com\/?post_type=product&#038;p=442239"},"modified":"2026-04-23T10:21:37","modified_gmt":"2026-04-23T08:21:37","slug":"gobik-maillot-manga-corta-hombre-attitude-2-0-crash","status":"publish","type":"product","link":"https:\/\/gr-100.com\/en\/producto\/gobik-maillot-manga-corta-hombre-attitude-2-0-crash\/","title":{"rendered":"Gobik Maillot Manga Corta Hombre  Attitude 2.0 Crash"},"content":{"rendered":"<p>La elegancia, la ingenier\u00eda de materiales y los procesos de confecci\u00f3n m\u00e1s innovadores se unen para dar vida a una prenda \u00fanica, dise\u00f1ada para satisfacer las demandas de los ciclistas m\u00e1s exigentes.<\/p>\n<p>Cada detalle ha sido cuidadosamente pensado para ofrecer el m\u00e1ximo rendimiento, desde su ajuste ergon\u00f3mico que se adapta perfectamente al cuerpo hasta el uso de tejidos t\u00e9cnicos que optimizan la aerodin\u00e1mica y la transpirabilidad.<\/p>\n<p>Con un inconfundible estilo vanguardista, esta prenda no solo te permitir\u00e1 destacar visualmente en las rutas m\u00e1s exigentes, sino que tambi\u00e9n te brindar\u00e1 el confort y las prestaciones necesarias para superar tus propios l\u00edmites.<\/p>\n<p>Perfecta para quienes buscan combinar alto rendimiento, sofisticaci\u00f3n y una est\u00e9tica que marca la diferencia.<\/p>\n<ul>\n<li>Patronaje minimalista sin costuras.<\/li>\n<li>Mangas extralargas termoselladas.<\/li>\n<li>Cremallera vista completamente limpia.<\/li>\n<li>Bolsillos con aberturas termoselladas.<\/li>\n<li>Cintura delantera termosellada.<\/li>\n<li>Cintura trasera en goma siliconada.<\/li>\n<li>Franja reflectante tejida.<\/li>\n<li>Detalle reflectante posterior superior.<br \/>\nCONDICIONES \u00d3PTIMAS DE USO<br \/>\nTECNOLOG\u00cdA<\/li>\n<li>Esta prenda presenta un cambio significativo en el \u00e1rea de confecci\u00f3n, evolucionando desde procesos tradicionales a nuevas t\u00e9cnicas de bonding o costura sin hilo. Con ello, se ha conseguido reducir el peso del maillot en un 20% respecto al modelo anterior.<\/li>\n<li>Las mangas se alargan y pierden la cinta, estando rematadas con dobladillo termosellado. Utilizan un tejido acanalado que combina l\u00edneas satinadas y mate.<\/li>\n<li>La cremallera queda vista y completamente limpia por el exterior. La leng\u00fceta de protecci\u00f3n se reduce, cubriendo \u00fanicamente el extremo inferior, evitando la posible fricci\u00f3n con el culotte.<\/li>\n<li>La cintura delantera goza de un cuidado acabado termosellado.<\/li>\n<li>En la parte trasera, sus 3 bolsillos de corte angular reforzados, tienen un nuevo tejido texturizado que favorece la disipaci\u00f3n del aire. Sus aberturas est\u00e1n rematadas mediante bonding para minimizar el peso al m\u00e1ximo.<\/li>\n<li>La cintura delantera y la abertura del bolsillo en la espalda, terminan dobladas y termoselladas.<\/li>\n<li>La espalda termina con goma siliconada en la cintura, incluyendo una franja reflectante tejida.<\/li>\n<li>Se incluye tambi\u00e9n un detalle reflectante en la zona superior de la espalda.<\/li>\n<\/ul>\n","protected":false},"excerpt":{"rendered":"<p>La elegancia, la ingenier\u00eda de materiales y los procesos de confecci\u00f3n m\u00e1s innovadores se unen para dar vida a una prenda \u00fanica, dise\u00f1ada para satisfacer las demandas de los ciclistas m\u00e1s exigentes.<\/p>\n","protected":false},"featured_media":442240,"comment_status":"open","ping_status":"closed","template":"","meta":{"_acf_changed":false,"_et_pb_use_builder":"","_et_pb_old_content":"","_et_gb_content_width":"","inline_featured_image":false},"product_brand":[],"product_cat":[50,51],"product_tag":[],"class_list":{"0":"post-442239","1":"product","2":"type-product","3":"status-publish","4":"has-post-thumbnail","6":"product_cat-equipaciones","7":"product_cat-ropa","8":"product_shipping_class-equipacion","10":"first","11":"instock","12":"taxable","13":"shipping-taxable","14":"purchasable","15":"product-type-variable","16":"wvs-archive-product-wrapper"},"acf":[],"yoast_head":"<!-- This site is optimized with the Yoast SEO Premium plugin v26.7 (Yoast SEO v26.7) - https:\/\/yoast.com\/wordpress\/plugins\/seo\/ -->\n<title>Gobik Maillot Manga Corta Hombre Attitude 2.0 Crash<\/title>\n<meta name=\"description\" content=\"La elegancia, la ingenier\u00eda de materiales y los procesos de confecci\u00f3n m\u00e1s innovadores se unen para dar vida a una prenda \u00fanica, dise\u00f1ada para satisfacer las demandas de los ciclistas m\u00e1s exigentes.\" \/>\n<meta name=\"robots\" content=\"index, follow, max-snippet:-1, max-image-preview:large, max-video-preview:-1\" \/>\n<link rel=\"canonical\" href=\"https:\/\/gr-100.com\/producto\/gobik-maillot-manga-corta-hombre-attitude-2-0-crash\/\" \/>\n<meta property=\"og:locale\" content=\"en_US\" \/>\n<meta property=\"og:type\" content=\"article\" \/>\n<meta property=\"og:title\" content=\"Gobik Maillot Manga Corta Hombre Attitude 2.0 Crash\" \/>\n<meta property=\"og:description\" content=\"La elegancia, la ingenier\u00eda de materiales y los procesos de confecci\u00f3n m\u00e1s innovadores se unen para dar vida a una prenda \u00fanica, dise\u00f1ada para satisfacer las demandas de los ciclistas m\u00e1s exigentes.\" \/>\n<meta property=\"og:url\" content=\"https:\/\/gr-100.com\/producto\/gobik-maillot-manga-corta-hombre-attitude-2-0-crash\/\" \/>\n<meta property=\"og:site_name\" content=\"Gr-100 Tienda de ciclismo Specialized\" \/>\n<meta property=\"article:publisher\" content=\"https:\/\/www.facebook.com\/Gr100Bikes\" \/>\n<meta property=\"article:modified_time\" content=\"2026-04-23T08:21:37+00:00\" \/>\n<meta property=\"og:image\" content=\"https:\/\/gr-100.com\/wp-content\/uploads\/2026\/03\/Gobik-Culotte-Hombre-Corte-k10-Diamond-1-1.jpg\" \/>\n\t<meta property=\"og:image:width\" content=\"1000\" \/>\n\t<meta property=\"og:image:height\" content=\"1000\" \/>\n\t<meta property=\"og:image:type\" content=\"image\/jpeg\" \/>\n<meta name=\"twitter:card\" content=\"summary_large_image\" \/>\n<meta name=\"twitter:label1\" content=\"Est. reading time\" \/>\n\t<meta name=\"twitter:data1\" content=\"2 minutes\" \/>\n<script type=\"application\/ld+json\" class=\"yoast-schema-graph\">{\"@context\":\"https:\/\/schema.org\",\"@graph\":[{\"@type\":\"WebPage\",\"@id\":\"https:\/\/gr-100.com\/producto\/gobik-maillot-manga-corta-hombre-attitude-2-0-crash\/\",\"url\":\"https:\/\/gr-100.com\/producto\/gobik-maillot-manga-corta-hombre-attitude-2-0-crash\/\",\"name\":\"Gobik Maillot Manga Corta Hombre Attitude 2.0 Crash\",\"isPartOf\":{\"@id\":\"https:\/\/gr-100.com\/#website\"},\"primaryImageOfPage\":{\"@id\":\"https:\/\/gr-100.com\/producto\/gobik-maillot-manga-corta-hombre-attitude-2-0-crash\/#primaryimage\"},\"image\":{\"@id\":\"https:\/\/gr-100.com\/producto\/gobik-maillot-manga-corta-hombre-attitude-2-0-crash\/#primaryimage\"},\"thumbnailUrl\":\"https:\/\/gr-100.com\/wp-content\/uploads\/2026\/03\/Gobik-Culotte-Hombre-Corte-k10-Diamond-1-1.jpg\",\"datePublished\":\"2026-03-03T12:05:51+00:00\",\"dateModified\":\"2026-04-23T08:21:37+00:00\",\"description\":\"La elegancia, la ingenier\u00eda de materiales y los procesos de confecci\u00f3n m\u00e1s innovadores se unen para dar vida a una prenda \u00fanica, dise\u00f1ada para satisfacer las demandas de los ciclistas m\u00e1s exigentes.\",\"breadcrumb\":{\"@id\":\"https:\/\/gr-100.com\/producto\/gobik-maillot-manga-corta-hombre-attitude-2-0-crash\/#breadcrumb\"},\"inLanguage\":\"en-US\",\"potentialAction\":[{\"@type\":\"ReadAction\",\"target\":[\"https:\/\/gr-100.com\/producto\/gobik-maillot-manga-corta-hombre-attitude-2-0-crash\/\"]}]},{\"@type\":\"ImageObject\",\"inLanguage\":\"en-US\",\"@id\":\"https:\/\/gr-100.com\/producto\/gobik-maillot-manga-corta-hombre-attitude-2-0-crash\/#primaryimage\",\"url\":\"https:\/\/gr-100.com\/wp-content\/uploads\/2026\/03\/Gobik-Culotte-Hombre-Corte-k10-Diamond-1-1.jpg\",\"contentUrl\":\"https:\/\/gr-100.com\/wp-content\/uploads\/2026\/03\/Gobik-Culotte-Hombre-Corte-k10-Diamond-1-1.jpg\",\"width\":1000,\"height\":1000},{\"@type\":\"BreadcrumbList\",\"@id\":\"https:\/\/gr-100.com\/producto\/gobik-maillot-manga-corta-hombre-attitude-2-0-crash\/#breadcrumb\",\"itemListElement\":[{\"@type\":\"ListItem\",\"position\":1,\"name\":\"Portada\",\"item\":\"https:\/\/gr-100.com\/pt-pt\/\"},{\"@type\":\"ListItem\",\"position\":2,\"name\":\"Productos\",\"item\":\"https:\/\/gr-100.com\/?post_type=product\"},{\"@type\":\"ListItem\",\"position\":3,\"name\":\"Gobik Maillot Manga Corta Hombre Attitude 2.0 Crash\"}]},{\"@type\":\"WebSite\",\"@id\":\"https:\/\/gr-100.com\/#website\",\"url\":\"https:\/\/gr-100.com\/\",\"name\":\"Gr-100 Tienda de ciclismo Specialized\",\"description\":\"GR-100 tenemos todas las gamas de bicicletas Specialized al mejor precio.\",\"publisher\":{\"@id\":\"https:\/\/gr-100.com\/#organization\"},\"alternateName\":\"Gr-100 Bikes\",\"potentialAction\":[{\"@type\":\"SearchAction\",\"target\":{\"@type\":\"EntryPoint\",\"urlTemplate\":\"https:\/\/gr-100.com\/?s={search_term_string}\"},\"query-input\":{\"@type\":\"PropertyValueSpecification\",\"valueRequired\":true,\"valueName\":\"search_term_string\"}}],\"inLanguage\":\"en-US\"},{\"@type\":\"Organization\",\"@id\":\"https:\/\/gr-100.com\/#organization\",\"name\":\"Gr-100\",\"url\":\"https:\/\/gr-100.com\/\",\"logo\":{\"@type\":\"ImageObject\",\"inLanguage\":\"en-US\",\"@id\":\"https:\/\/gr-100.com\/#\/schema\/logo\/image\/\",\"url\":\"https:\/\/gr-100.com\/wp-content\/uploads\/2023\/08\/logo-gr-100-bikes.png\",\"contentUrl\":\"https:\/\/gr-100.com\/wp-content\/uploads\/2023\/08\/logo-gr-100-bikes.png\",\"width\":707,\"height\":284,\"caption\":\"Gr-100\"},\"image\":{\"@id\":\"https:\/\/gr-100.com\/#\/schema\/logo\/image\/\"},\"sameAs\":[\"https:\/\/www.facebook.com\/Gr100Bikes\",\"https:\/\/www.instagram.com\/gr100bikes\/\",\"https:\/\/www.tiktok.com\/@gr100bikes\",\"https:\/\/twitter.com\/gr100mtbteam\",\"https:\/\/www.youtube.com\/c\/GR100Specialized\"]}]}<\/script>\n<!-- \/ Yoast SEO Premium plugin. -->","yoast_head_json":{"title":"Gobik Maillot Manga Corta Hombre Attitude 2.0 Crash","description":"La elegancia, la ingenier\u00eda de materiales y los procesos de confecci\u00f3n m\u00e1s innovadores se unen para dar vida a una prenda \u00fanica, dise\u00f1ada para satisfacer las demandas de los ciclistas m\u00e1s exigentes.","robots":{"index":"index","follow":"follow","max-snippet":"max-snippet:-1","max-image-preview":"max-image-preview:large","max-video-preview":"max-video-preview:-1"},"canonical":"https:\/\/gr-100.com\/producto\/gobik-maillot-manga-corta-hombre-attitude-2-0-crash\/","og_locale":"en_US","og_type":"article","og_title":"Gobik Maillot Manga Corta Hombre Attitude 2.0 Crash","og_description":"La elegancia, la ingenier\u00eda de materiales y los procesos de confecci\u00f3n m\u00e1s innovadores se unen para dar vida a una prenda \u00fanica, dise\u00f1ada para satisfacer las demandas de los ciclistas m\u00e1s exigentes.","og_url":"https:\/\/gr-100.com\/producto\/gobik-maillot-manga-corta-hombre-attitude-2-0-crash\/","og_site_name":"Gr-100 Tienda de ciclismo Specialized","article_publisher":"https:\/\/www.facebook.com\/Gr100Bikes","article_modified_time":"2026-04-23T08:21:37+00:00","og_image":[{"width":1000,"height":1000,"url":"https:\/\/gr-100.com\/wp-content\/uploads\/2026\/03\/Gobik-Culotte-Hombre-Corte-k10-Diamond-1-1.jpg","type":"image\/jpeg"}],"twitter_card":"summary_large_image","twitter_misc":{"Est. reading time":"2 minutes"},"schema":{"@context":"https:\/\/schema.org","@graph":[{"@type":"WebPage","@id":"https:\/\/gr-100.com\/producto\/gobik-maillot-manga-corta-hombre-attitude-2-0-crash\/","url":"https:\/\/gr-100.com\/producto\/gobik-maillot-manga-corta-hombre-attitude-2-0-crash\/","name":"Gobik Maillot Manga Corta Hombre Attitude 2.0 Crash","isPartOf":{"@id":"https:\/\/gr-100.com\/#website"},"primaryImageOfPage":{"@id":"https:\/\/gr-100.com\/producto\/gobik-maillot-manga-corta-hombre-attitude-2-0-crash\/#primaryimage"},"image":{"@id":"https:\/\/gr-100.com\/producto\/gobik-maillot-manga-corta-hombre-attitude-2-0-crash\/#primaryimage"},"thumbnailUrl":"https:\/\/gr-100.com\/wp-content\/uploads\/2026\/03\/Gobik-Culotte-Hombre-Corte-k10-Diamond-1-1.jpg","datePublished":"2026-03-03T12:05:51+00:00","dateModified":"2026-04-23T08:21:37+00:00","description":"La elegancia, la ingenier\u00eda de materiales y los procesos de confecci\u00f3n m\u00e1s innovadores se unen para dar vida a una prenda \u00fanica, dise\u00f1ada para satisfacer las demandas de los ciclistas m\u00e1s exigentes.","breadcrumb":{"@id":"https:\/\/gr-100.com\/producto\/gobik-maillot-manga-corta-hombre-attitude-2-0-crash\/#breadcrumb"},"inLanguage":"en-US","potentialAction":[{"@type":"ReadAction","target":["https:\/\/gr-100.com\/producto\/gobik-maillot-manga-corta-hombre-attitude-2-0-crash\/"]}]},{"@type":"ImageObject","inLanguage":"en-US","@id":"https:\/\/gr-100.com\/producto\/gobik-maillot-manga-corta-hombre-attitude-2-0-crash\/#primaryimage","url":"https:\/\/gr-100.com\/wp-content\/uploads\/2026\/03\/Gobik-Culotte-Hombre-Corte-k10-Diamond-1-1.jpg","contentUrl":"https:\/\/gr-100.com\/wp-content\/uploads\/2026\/03\/Gobik-Culotte-Hombre-Corte-k10-Diamond-1-1.jpg","width":1000,"height":1000},{"@type":"BreadcrumbList","@id":"https:\/\/gr-100.com\/producto\/gobik-maillot-manga-corta-hombre-attitude-2-0-crash\/#breadcrumb","itemListElement":[{"@type":"ListItem","position":1,"name":"Portada","item":"https:\/\/gr-100.com\/pt-pt\/"},{"@type":"ListItem","position":2,"name":"Productos","item":"https:\/\/gr-100.com\/?post_type=product"},{"@type":"ListItem","position":3,"name":"Gobik Maillot Manga Corta Hombre Attitude 2.0 Crash"}]},{"@type":"WebSite","@id":"https:\/\/gr-100.com\/#website","url":"https:\/\/gr-100.com\/","name":"Gr-100 Tienda de ciclismo Specialized","description":"GR-100 tenemos todas las gamas de bicicletas Specialized al mejor precio.","publisher":{"@id":"https:\/\/gr-100.com\/#organization"},"alternateName":"Gr-100 Bikes","potentialAction":[{"@type":"SearchAction","target":{"@type":"EntryPoint","urlTemplate":"https:\/\/gr-100.com\/?s={search_term_string}"},"query-input":{"@type":"PropertyValueSpecification","valueRequired":true,"valueName":"search_term_string"}}],"inLanguage":"en-US"},{"@type":"Organization","@id":"https:\/\/gr-100.com\/#organization","name":"Gr-100","url":"https:\/\/gr-100.com\/","logo":{"@type":"ImageObject","inLanguage":"en-US","@id":"https:\/\/gr-100.com\/#\/schema\/logo\/image\/","url":"https:\/\/gr-100.com\/wp-content\/uploads\/2023\/08\/logo-gr-100-bikes.png","contentUrl":"https:\/\/gr-100.com\/wp-content\/uploads\/2023\/08\/logo-gr-100-bikes.png","width":707,"height":284,"caption":"Gr-100"},"image":{"@id":"https:\/\/gr-100.com\/#\/schema\/logo\/image\/"},"sameAs":["https:\/\/www.facebook.com\/Gr100Bikes","https:\/\/www.instagram.com\/gr100bikes\/","https:\/\/www.tiktok.com\/@gr100bikes","https:\/\/twitter.com\/gr100mtbteam","https:\/\/www.youtube.com\/c\/GR100Specialized"]}]}},"_links":{"self":[{"href":"https:\/\/gr-100.com\/en\/wp-json\/wp\/v2\/product\/442239","targetHints":{"allow":["GET"]}}],"collection":[{"href":"https:\/\/gr-100.com\/en\/wp-json\/wp\/v2\/product"}],"about":[{"href":"https:\/\/gr-100.com\/en\/wp-json\/wp\/v2\/types\/product"}],"replies":[{"embeddable":true,"href":"https:\/\/gr-100.com\/en\/wp-json\/wp\/v2\/comments?post=442239"}],"wp:featuredmedia":[{"embeddable":true,"href":"https:\/\/gr-100.com\/en\/wp-json\/wp\/v2\/media\/442240"}],"wp:attachment":[{"href":"https:\/\/gr-100.com\/en\/wp-json\/wp\/v2\/media?parent=442239"}],"wp:term":[{"taxonomy":"product_brand","embeddable":true,"href":"https:\/\/gr-100.com\/en\/wp-json\/wp\/v2\/product_brand?post=442239"},{"taxonomy":"product_cat","embeddable":true,"href":"https:\/\/gr-100.com\/en\/wp-json\/wp\/v2\/product_cat?post=442239"},{"taxonomy":"product_tag","embeddable":true,"href":"https:\/\/gr-100.com\/en\/wp-json\/wp\/v2\/product_tag?post=442239"}],"curies":[{"name":"wp","href":"https:\/\/api.w.org\/{rel}","templated":true}]}}