{"id":446529,"date":"2026-03-12T12:39:19","date_gmt":"2026-03-12T11:39:19","guid":{"rendered":"https:\/\/gr-100.com\/?post_type=product&#038;p=446529"},"modified":"2026-03-12T12:44:31","modified_gmt":"2026-03-12T11:44:31","slug":"specialized-s-works-torch-wide-copia-copia","status":"publish","type":"product","link":"https:\/\/gr-100.com\/en\/producto\/specialized-s-works-torch-wide-copia-copia\/","title":{"rendered":"Specialized S-Works Torch Wide (copia) (copia)"},"content":{"rendered":"<ul>\n<li><strong>*** IMPORTANTE PARA UN AJUSTE ANCHO*** la nueva placa de la suela es 4 mm m\u00e1s ancha que el ancho est\u00e1ndar (8 mm m\u00e1s ancha que las S-Works 7).<\/strong><\/li>\n<\/ul>\n<p>Aprovechando la ciencia de datos, refinamos cada detalle de las S-Works Torch para mejorar el ajuste y el rendimiento. El cable BOA\u00ae se desplaza hacia abajo y en \u00e1ngulo, lo que evita que se levante el primer metatarso y ofrece una estructura que mejora la transferencia de potencia, al tiempo que elimina la presi\u00f3n o pliegues no deseados. Los materiales de la parte superior, m\u00e1s adaptables, permiten el movimiento natural del pie donde se necesita para tener mayor comodidad, mientras que el refuerzo zonal basado en datos mantiene el pie en su sitio, asegurando una entrega de potencia n\u00edtida y una eficiencia \u00f3ptima.  <\/p>\n<ul>\n<li>La parte superior redise\u00f1ada presenta refuerzos en zonas clave y tambi\u00e9n ofrece zonas de sujeci\u00f3n adaptable para crear un ajuste tal que desaparece en el pie.<\/li>\n<li>Seg\u00fan los datos recopilados de los escaneos de los pies de Ret\u00fcl, la nueva suela de carbono es 4 mm m\u00e1s ancha en el metartarsal que la generaci\u00f3n anterior de zapatillas S-Works 7.<\/li>\n<li>Al optimizar su construcci\u00f3n, la nueva suela de carbono es 20g m\u00e1s ligera que la de la S-Works 7. El refuerzo interno &#8220;I-Beam&#8221; asegura que mantenga la misma rigidez -\u00edndice 15- que la generaci\u00f3n anterior. <\/li>\n<li>La horma actualizada utiliza los datos de Ret\u00fcl para adaptarse mejor a la forma de los pies de los ciclistas, inclin\u00e1ndose ligeramente hacia el lateral para ofrecer un ajuste m\u00e1s ce\u00f1ido y cercano al pie.<\/li>\n<li>La pieza del Tal\u00f3n asim\u00e9trico da m\u00e1s espacio al tend\u00f3n de Aquiles, ofreciendo soporte a la parte media a la vez que elimina material de la parte lateral, lo que permite un collar m\u00e1s bajo.<\/li>\n<li>El guiado de cables BOA\u00ae actualizado mejora el cierre y reduce la presi\u00f3n en los ligamentos anteriores del tobillo.<\/li>\n<li>Diales BOA\u00ae S3 de aluminio para microajustes en marcha, respaldados por la garant\u00eda BOA\u00ae.<\/li>\n<li>Los tornillos de las calas de titanio se pueden mover para colocar el pedal o las calas 5 mm hacia atr\u00e1s. El ajuste de la cala de tres tornillos se adapta a la mayor\u00eda de pedales de carretera. <\/li>\n<li>Tac\u00f3n reemplazable y de material antideslizante con tornillos roscados internamente para mayor seguridad.<\/li>\n<\/ul>\n","protected":false},"excerpt":{"rendered":"<p><strong>*** IMPORTANTE PARA UN AJUSTE ANCHO*** la nueva placa de la suela es 4 mm m\u00e1s ancha que el ancho est\u00e1ndar (8 mm m\u00e1s ancha que las S-Works 7). <\/strong>Las S-Works Torch son la evoluci\u00f3n de las zapatillas con m\u00e1s victorias dentro del ciclismo. Usando la tecnolog\u00eda Body Geometry junto con biomim\u00e9tica, ciencia de datos y artesan\u00eda obsesiva, hemos dise\u00f1ado un calzado construido tan cuidadosamente que olvidar\u00e1s que lo llevas puesto. <\/p>\n","protected":false},"featured_media":441439,"comment_status":"closed","ping_status":"closed","template":"","meta":{"_acf_changed":false,"_et_pb_use_builder":"off","_et_pb_old_content":"Aprovechando la ciencia de datos, refinamos cada detalle de las S-Works Torch para mejorar el ajuste y el rendimiento. El cable BOA\u00ae se desplaza hacia abajo y en \u00e1ngulo, lo que evita que se levante el primer metatarso y ofrece una estructura que mejora la transferencia de potencia, al tiempo que elimina la presi\u00f3n o pliegues no deseados. Los materiales de la parte superior, m\u00e1s adaptables, permiten el movimiento natural del pie donde se necesita para tener mayor comodidad, mientras que el refuerzo zonal basado en datos mantiene el pie en su sitio, asegurando una entrega de potencia n\u00edtida y una eficiencia \u00f3ptima.\r\n<ul>\r\n \t<li>La parte superior redise\u00f1ada presenta refuerzos en zonas clave y tambi\u00e9n ofrece zonas de sujeci\u00f3n adaptable para crear un ajuste tal que desaparece en el pie.<\/li>\r\n \t<li>Seg\u00fan los datos recopilados de los escaneos de los pies de Ret\u00fcl, la nueva suela de carbono es 4 mm m\u00e1s ancha en el metartarsal que la generaci\u00f3n anterior de zapatillas S-Works 7.<\/li>\r\n \t<li>Al optimizar su construcci\u00f3n, la nueva suela de carbono es 20g m\u00e1s ligera que la de la S-Works 7. El refuerzo interno \"I-Beam\" asegura que mantenga la misma rigidez -\u00edndice 15- que la generaci\u00f3n anterior.<\/li>\r\n \t<li>La horma actualizada utiliza los datos de Ret\u00fcl para adaptarse mejor a la forma de los pies de los ciclistas, inclin\u00e1ndose ligeramente hacia el lateral para ofrecer un ajuste m\u00e1s ce\u00f1ido y cercano al pie.<\/li>\r\n \t<li>La pieza del Tal\u00f3n asim\u00e9trico da m\u00e1s espacio al tend\u00f3n de Aquiles, ofreciendo soporte a la parte media a la vez que elimina material de la parte lateral, lo que permite un collar m\u00e1s bajo.<\/li>\r\n \t<li>El guiado de cables BOA\u00ae actualizado mejora el cierre y reduce la presi\u00f3n en los ligamentos anteriores del tobillo.<\/li>\r\n \t<li>Diales BOA\u00ae S3 de aluminio para microajustes en marcha, respaldados por la garant\u00eda BOA\u00ae.<\/li>\r\n \t<li>Los tornillos de las calas de titanio se pueden mover para colocar el pedal o las calas 5 mm hacia atr\u00e1s. El ajuste de la cala de tres tornillos se adapta a la mayor\u00eda de pedales de carretera.<\/li>\r\n \t<li>Tac\u00f3n reemplazable y de material antideslizante con tornillos roscados internamente para mayor seguridad.<\/li>\r\n \t<li>*** IMPORTANTE PARA UN AJUSTE ANCHO*** la nueva placa de la suela es 4 mm m\u00e1s ancha que el ancho est\u00e1ndar (8 mm m\u00e1s ancha que las S-Works 7).<\/li>\r\n<\/ul>","_et_gb_content_width":"","inline_featured_image":false},"product_brand":[],"product_cat":[5366,317,327,2958],"product_tag":[],"class_list":{"0":"post-446529","1":"product","2":"type-product","3":"status-publish","4":"has-post-thumbnail","6":"product_cat-descuentos-en","7":"product_cat-accessories","8":"product_cat-sports-shoes","9":"product_cat-super-offers","10":"product_shipping_class-accesorios-en","11":"product_shipping_class-accessories","13":"first","14":"instock","15":"taxable","16":"shipping-taxable","17":"purchasable","18":"product-type-variable","19":"wvs-archive-product-wrapper"},"acf":[],"yoast_head":"<!-- This site is optimized with the Yoast SEO Premium plugin v26.7 (Yoast SEO v26.7) - https:\/\/yoast.com\/wordpress\/plugins\/seo\/ -->\n<title>Specialized S-Works Torch Wide (copia) (copia) en Oferta<\/title>\n<meta name=\"description\" content=\"GR-100 Specialized. Better prices without competition. Request your personalized offer. Oferta zapatillas carretera Specialized S-Works Torch 2025\" \/>\n<meta name=\"robots\" content=\"index, follow, max-snippet:-1, max-image-preview:large, max-video-preview:-1\" \/>\n<link rel=\"canonical\" href=\"https:\/\/gr-100.com\/en\/producto\/specialized-s-works-torch-wide-copia-copia\/\" \/>\n<meta property=\"og:locale\" content=\"en_US\" \/>\n<meta property=\"og:type\" content=\"article\" \/>\n<meta property=\"og:title\" content=\"Specialized S-Works Torch Wide (copia) (copia)\" \/>\n<meta property=\"og:description\" content=\"GR-100 Specialized. Better prices without competition. Request your personalized offer. Oferta zapatillas carretera Specialized S-Works Torch 2025\" \/>\n<meta property=\"og:url\" content=\"https:\/\/gr-100.com\/en\/producto\/specialized-s-works-torch-wide-copia-copia\/\" \/>\n<meta property=\"og:site_name\" content=\"Gr-100 Tienda de ciclismo Specialized\" \/>\n<meta property=\"article:publisher\" content=\"https:\/\/www.facebook.com\/Gr100Bikes\" \/>\n<meta property=\"article:modified_time\" content=\"2026-03-12T11:44:31+00:00\" \/>\n<meta property=\"og:image\" content=\"https:\/\/gr-100.com\/wp-content\/uploads\/2026\/02\/S-Works-Torch-Horse-Year.jpg\" \/>\n\t<meta property=\"og:image:width\" content=\"1000\" \/>\n\t<meta property=\"og:image:height\" content=\"1000\" \/>\n\t<meta property=\"og:image:type\" content=\"image\/jpeg\" \/>\n<meta name=\"twitter:card\" content=\"summary_large_image\" \/>\n<meta name=\"twitter:label1\" content=\"Est. reading time\" \/>\n\t<meta name=\"twitter:data1\" content=\"2 minutes\" \/>\n<script type=\"application\/ld+json\" class=\"yoast-schema-graph\">{\"@context\":\"https:\/\/schema.org\",\"@graph\":[{\"@type\":\"WebPage\",\"@id\":\"https:\/\/gr-100.com\/en\/producto\/specialized-s-works-torch-wide-copia-copia\/\",\"url\":\"https:\/\/gr-100.com\/en\/producto\/specialized-s-works-torch-wide-copia-copia\/\",\"name\":\"Specialized S-Works Torch Wide (copia) (copia) en Oferta\",\"isPartOf\":{\"@id\":\"https:\/\/gr-100.com\/#website\"},\"primaryImageOfPage\":{\"@id\":\"https:\/\/gr-100.com\/en\/producto\/specialized-s-works-torch-wide-copia-copia\/#primaryimage\"},\"image\":{\"@id\":\"https:\/\/gr-100.com\/en\/producto\/specialized-s-works-torch-wide-copia-copia\/#primaryimage\"},\"thumbnailUrl\":\"https:\/\/gr-100.com\/wp-content\/uploads\/2026\/02\/S-Works-Torch-Horse-Year.jpg\",\"datePublished\":\"2026-03-12T11:39:19+00:00\",\"dateModified\":\"2026-03-12T11:44:31+00:00\",\"description\":\"GR-100 Specialized. Better prices without competition. Request your personalized offer. Oferta zapatillas carretera Specialized S-Works Torch 2025\",\"breadcrumb\":{\"@id\":\"https:\/\/gr-100.com\/en\/producto\/specialized-s-works-torch-wide-copia-copia\/#breadcrumb\"},\"inLanguage\":\"en-US\",\"potentialAction\":[{\"@type\":\"ReadAction\",\"target\":[\"https:\/\/gr-100.com\/en\/producto\/specialized-s-works-torch-wide-copia-copia\/\"]}]},{\"@type\":\"ImageObject\",\"inLanguage\":\"en-US\",\"@id\":\"https:\/\/gr-100.com\/en\/producto\/specialized-s-works-torch-wide-copia-copia\/#primaryimage\",\"url\":\"https:\/\/gr-100.com\/wp-content\/uploads\/2026\/02\/S-Works-Torch-Horse-Year.jpg\",\"contentUrl\":\"https:\/\/gr-100.com\/wp-content\/uploads\/2026\/02\/S-Works-Torch-Horse-Year.jpg\",\"width\":1000,\"height\":1000},{\"@type\":\"BreadcrumbList\",\"@id\":\"https:\/\/gr-100.com\/en\/producto\/specialized-s-works-torch-wide-copia-copia\/#breadcrumb\",\"itemListElement\":[{\"@type\":\"ListItem\",\"position\":1,\"name\":\"Portada\",\"item\":\"https:\/\/gr-100.com\/pt-pt\/\"},{\"@type\":\"ListItem\",\"position\":2,\"name\":\"Productos\",\"item\":\"https:\/\/gr-100.com\/?post_type=product\"},{\"@type\":\"ListItem\",\"position\":3,\"name\":\"Specialized S-Works Torch Wide (copia) (copia)\"}]},{\"@type\":\"WebSite\",\"@id\":\"https:\/\/gr-100.com\/#website\",\"url\":\"https:\/\/gr-100.com\/\",\"name\":\"Gr-100 Tienda de ciclismo Specialized\",\"description\":\"GR-100 tenemos todas las gamas de bicicletas Specialized al mejor precio.\",\"publisher\":{\"@id\":\"https:\/\/gr-100.com\/#organization\"},\"alternateName\":\"Gr-100 Bikes\",\"potentialAction\":[{\"@type\":\"SearchAction\",\"target\":{\"@type\":\"EntryPoint\",\"urlTemplate\":\"https:\/\/gr-100.com\/?s={search_term_string}\"},\"query-input\":{\"@type\":\"PropertyValueSpecification\",\"valueRequired\":true,\"valueName\":\"search_term_string\"}}],\"inLanguage\":\"en-US\"},{\"@type\":\"Organization\",\"@id\":\"https:\/\/gr-100.com\/#organization\",\"name\":\"Gr-100\",\"url\":\"https:\/\/gr-100.com\/\",\"logo\":{\"@type\":\"ImageObject\",\"inLanguage\":\"en-US\",\"@id\":\"https:\/\/gr-100.com\/#\/schema\/logo\/image\/\",\"url\":\"https:\/\/gr-100.com\/wp-content\/uploads\/2023\/08\/logo-gr-100-bikes.png\",\"contentUrl\":\"https:\/\/gr-100.com\/wp-content\/uploads\/2023\/08\/logo-gr-100-bikes.png\",\"width\":707,\"height\":284,\"caption\":\"Gr-100\"},\"image\":{\"@id\":\"https:\/\/gr-100.com\/#\/schema\/logo\/image\/\"},\"sameAs\":[\"https:\/\/www.facebook.com\/Gr100Bikes\",\"https:\/\/www.instagram.com\/gr100bikes\/\",\"https:\/\/www.tiktok.com\/@gr100bikes\",\"https:\/\/twitter.com\/gr100mtbteam\",\"https:\/\/www.youtube.com\/c\/GR100Specialized\"]}]}<\/script>\n<!-- \/ Yoast SEO Premium plugin. -->","yoast_head_json":{"title":"Specialized S-Works Torch Wide (copia) (copia) en Oferta","description":"GR-100 Specialized. Better prices without competition. Request your personalized offer. Oferta zapatillas carretera Specialized S-Works Torch 2025","robots":{"index":"index","follow":"follow","max-snippet":"max-snippet:-1","max-image-preview":"max-image-preview:large","max-video-preview":"max-video-preview:-1"},"canonical":"https:\/\/gr-100.com\/en\/producto\/specialized-s-works-torch-wide-copia-copia\/","og_locale":"en_US","og_type":"article","og_title":"Specialized S-Works Torch Wide (copia) (copia)","og_description":"GR-100 Specialized. Better prices without competition. Request your personalized offer. Oferta zapatillas carretera Specialized S-Works Torch 2025","og_url":"https:\/\/gr-100.com\/en\/producto\/specialized-s-works-torch-wide-copia-copia\/","og_site_name":"Gr-100 Tienda de ciclismo Specialized","article_publisher":"https:\/\/www.facebook.com\/Gr100Bikes","article_modified_time":"2026-03-12T11:44:31+00:00","og_image":[{"width":1000,"height":1000,"url":"https:\/\/gr-100.com\/wp-content\/uploads\/2026\/02\/S-Works-Torch-Horse-Year.jpg","type":"image\/jpeg"}],"twitter_card":"summary_large_image","twitter_misc":{"Est. reading time":"2 minutes"},"schema":{"@context":"https:\/\/schema.org","@graph":[{"@type":"WebPage","@id":"https:\/\/gr-100.com\/en\/producto\/specialized-s-works-torch-wide-copia-copia\/","url":"https:\/\/gr-100.com\/en\/producto\/specialized-s-works-torch-wide-copia-copia\/","name":"Specialized S-Works Torch Wide (copia) (copia) en Oferta","isPartOf":{"@id":"https:\/\/gr-100.com\/#website"},"primaryImageOfPage":{"@id":"https:\/\/gr-100.com\/en\/producto\/specialized-s-works-torch-wide-copia-copia\/#primaryimage"},"image":{"@id":"https:\/\/gr-100.com\/en\/producto\/specialized-s-works-torch-wide-copia-copia\/#primaryimage"},"thumbnailUrl":"https:\/\/gr-100.com\/wp-content\/uploads\/2026\/02\/S-Works-Torch-Horse-Year.jpg","datePublished":"2026-03-12T11:39:19+00:00","dateModified":"2026-03-12T11:44:31+00:00","description":"GR-100 Specialized. Better prices without competition. Request your personalized offer. Oferta zapatillas carretera Specialized S-Works Torch 2025","breadcrumb":{"@id":"https:\/\/gr-100.com\/en\/producto\/specialized-s-works-torch-wide-copia-copia\/#breadcrumb"},"inLanguage":"en-US","potentialAction":[{"@type":"ReadAction","target":["https:\/\/gr-100.com\/en\/producto\/specialized-s-works-torch-wide-copia-copia\/"]}]},{"@type":"ImageObject","inLanguage":"en-US","@id":"https:\/\/gr-100.com\/en\/producto\/specialized-s-works-torch-wide-copia-copia\/#primaryimage","url":"https:\/\/gr-100.com\/wp-content\/uploads\/2026\/02\/S-Works-Torch-Horse-Year.jpg","contentUrl":"https:\/\/gr-100.com\/wp-content\/uploads\/2026\/02\/S-Works-Torch-Horse-Year.jpg","width":1000,"height":1000},{"@type":"BreadcrumbList","@id":"https:\/\/gr-100.com\/en\/producto\/specialized-s-works-torch-wide-copia-copia\/#breadcrumb","itemListElement":[{"@type":"ListItem","position":1,"name":"Portada","item":"https:\/\/gr-100.com\/pt-pt\/"},{"@type":"ListItem","position":2,"name":"Productos","item":"https:\/\/gr-100.com\/?post_type=product"},{"@type":"ListItem","position":3,"name":"Specialized S-Works Torch Wide (copia) (copia)"}]},{"@type":"WebSite","@id":"https:\/\/gr-100.com\/#website","url":"https:\/\/gr-100.com\/","name":"Gr-100 Tienda de ciclismo Specialized","description":"GR-100 tenemos todas las gamas de bicicletas Specialized al mejor precio.","publisher":{"@id":"https:\/\/gr-100.com\/#organization"},"alternateName":"Gr-100 Bikes","potentialAction":[{"@type":"SearchAction","target":{"@type":"EntryPoint","urlTemplate":"https:\/\/gr-100.com\/?s={search_term_string}"},"query-input":{"@type":"PropertyValueSpecification","valueRequired":true,"valueName":"search_term_string"}}],"inLanguage":"en-US"},{"@type":"Organization","@id":"https:\/\/gr-100.com\/#organization","name":"Gr-100","url":"https:\/\/gr-100.com\/","logo":{"@type":"ImageObject","inLanguage":"en-US","@id":"https:\/\/gr-100.com\/#\/schema\/logo\/image\/","url":"https:\/\/gr-100.com\/wp-content\/uploads\/2023\/08\/logo-gr-100-bikes.png","contentUrl":"https:\/\/gr-100.com\/wp-content\/uploads\/2023\/08\/logo-gr-100-bikes.png","width":707,"height":284,"caption":"Gr-100"},"image":{"@id":"https:\/\/gr-100.com\/#\/schema\/logo\/image\/"},"sameAs":["https:\/\/www.facebook.com\/Gr100Bikes","https:\/\/www.instagram.com\/gr100bikes\/","https:\/\/www.tiktok.com\/@gr100bikes","https:\/\/twitter.com\/gr100mtbteam","https:\/\/www.youtube.com\/c\/GR100Specialized"]}]}},"_links":{"self":[{"href":"https:\/\/gr-100.com\/en\/wp-json\/wp\/v2\/product\/446529","targetHints":{"allow":["GET"]}}],"collection":[{"href":"https:\/\/gr-100.com\/en\/wp-json\/wp\/v2\/product"}],"about":[{"href":"https:\/\/gr-100.com\/en\/wp-json\/wp\/v2\/types\/product"}],"replies":[{"embeddable":true,"href":"https:\/\/gr-100.com\/en\/wp-json\/wp\/v2\/comments?post=446529"}],"wp:featuredmedia":[{"embeddable":true,"href":"https:\/\/gr-100.com\/en\/wp-json\/wp\/v2\/media\/441439"}],"wp:attachment":[{"href":"https:\/\/gr-100.com\/en\/wp-json\/wp\/v2\/media?parent=446529"}],"wp:term":[{"taxonomy":"product_brand","embeddable":true,"href":"https:\/\/gr-100.com\/en\/wp-json\/wp\/v2\/product_brand?post=446529"},{"taxonomy":"product_cat","embeddable":true,"href":"https:\/\/gr-100.com\/en\/wp-json\/wp\/v2\/product_cat?post=446529"},{"taxonomy":"product_tag","embeddable":true,"href":"https:\/\/gr-100.com\/en\/wp-json\/wp\/v2\/product_tag?post=446529"}],"curies":[{"name":"wp","href":"https:\/\/api.w.org\/{rel}","templated":true}]}}