{"id":446609,"date":"2026-03-12T13:32:38","date_gmt":"2026-03-12T12:32:38","guid":{"rendered":"https:\/\/gr-100.com\/?post_type=product&#038;p=446609"},"modified":"2026-03-12T13:33:57","modified_gmt":"2026-03-12T12:33:57","slug":"specialized-cubierta-carretera-cotton-tlr-2027","status":"publish","type":"product","link":"https:\/\/gr-100.com\/en\/producto\/specialized-cubierta-carretera-cotton-tlr-2027\/","title":{"rendered":"Specialized Cubierta Carretera Cotton TLR 2027"},"content":{"rendered":"<ul>\n<li>Nacidos de la necesidad de las carreras profesionales y perfeccionados para las carreteras reales, nuestros neum\u00e1ticos Cotton TLR ofrecen una velocidad, agarre y comodidad sin igual. La exclusiva carcasa Poly-Cotton-Corespun con vulcanizaci\u00f3n sin costuras combina un resistente n\u00facleo de poli\u00e9ster con fibras de algod\u00f3n flexibles para un recorrido r\u00e1pido, seguro y suave. Preparado para tubeless, probado en el \u00e1mbito de las carreras y dise\u00f1ado para quienes exigen cada vatio y cada ventaja: puro rendimiento que podr\u00e1s sentir en cada curva.<\/li>\n<li>Uso<br \/>\nCarreras y ciclismo de carretera<\/li>\n<li>Rodadura<br \/>\nCentro de rodadura r\u00e1pido con banda de rodadura lateral reducida para una mayor velocidad.<\/li>\n<li>Compuesto<br \/>\nCompuesto Dual GRIPTION, T2\/T5<\/li>\n<li>Carcasa<br \/>\n320 TPI, TLR Cotton<\/li>\n<li>Recomendaci\u00f3n de emparejamientos de ruedas<br \/>\nRoval Rapide, Sprint y Alpinist<\/li>\n<li>Peso Aproximado<br \/>\n700x28c, 280g&lt;br&gt;700x30c, 290g&lt;br&gt;700x32c, 320g<\/li>\n<\/ul>\n","protected":false},"excerpt":{"rendered":"<p>Nacidos de la necesidad de las carreras profesionales y perfeccionados para las carreteras reales, nuestros neum\u00e1ticos Cotton TLR ofrecen una velocidad, agarre y comodidad sin igual.<\/p>\n","protected":false},"featured_media":446628,"comment_status":"open","ping_status":"closed","template":"","meta":{"_acf_changed":false,"_et_pb_use_builder":"","_et_pb_old_content":"","_et_gb_content_width":"","inline_featured_image":false},"product_brand":[],"product_cat":[25,45],"product_tag":[],"class_list":{"0":"post-446609","1":"product","2":"type-product","3":"status-publish","4":"has-post-thumbnail","6":"product_cat-componentes","7":"product_cat-cubiertas-y-camaras","8":"pa_tamanos-700x28","9":"pa_tamanos-700x30","10":"pa_tamanos-700x32","12":"first","13":"instock","14":"taxable","15":"shipping-taxable","16":"purchasable","17":"product-type-variable","18":"wvs-archive-product-wrapper"},"acf":[],"yoast_head":"<!-- This site is optimized with the Yoast SEO Premium plugin v26.7 (Yoast SEO v26.7) - https:\/\/yoast.com\/wordpress\/plugins\/seo\/ -->\n<title>Specialized Cubierta Carretera Cotton TLR 2027<\/title>\n<meta name=\"description\" content=\"Nacidos de la necesidad de las carreras profesionales y perfeccionados para las carreteras reales, nuestros neum\u00e1ticos Cotton TLR ofrecen una velocidad, agarre y comodidad sin igual.\" \/>\n<meta name=\"robots\" content=\"index, follow, max-snippet:-1, max-image-preview:large, max-video-preview:-1\" \/>\n<link rel=\"canonical\" href=\"https:\/\/gr-100.com\/producto\/specialized-cubierta-carretera-cotton-tlr-2027\/\" \/>\n<meta property=\"og:locale\" content=\"en_US\" \/>\n<meta property=\"og:type\" content=\"article\" \/>\n<meta property=\"og:title\" content=\"Specialized Cubierta Carretera Cotton TLR 2027\" \/>\n<meta property=\"og:description\" content=\"Nacidos de la necesidad de las carreras profesionales y perfeccionados para las carreteras reales, nuestros neum\u00e1ticos Cotton TLR ofrecen una velocidad, agarre y comodidad sin igual.\" \/>\n<meta property=\"og:url\" content=\"https:\/\/gr-100.com\/producto\/specialized-cubierta-carretera-cotton-tlr-2027\/\" \/>\n<meta property=\"og:site_name\" content=\"Gr-100 Tienda de ciclismo Specialized\" \/>\n<meta property=\"article:publisher\" content=\"https:\/\/www.facebook.com\/Gr100Bikes\" \/>\n<meta property=\"article:modified_time\" content=\"2026-03-12T12:33:57+00:00\" \/>\n<meta property=\"og:image\" content=\"https:\/\/gr-100.com\/wp-content\/uploads\/2026\/03\/Gobik-Culotte-Hombre-Corte-k10-Diamond-4-3.jpg\" \/>\n\t<meta property=\"og:image:width\" content=\"1000\" \/>\n\t<meta property=\"og:image:height\" content=\"1000\" \/>\n\t<meta property=\"og:image:type\" content=\"image\/jpeg\" \/>\n<meta name=\"twitter:card\" content=\"summary_large_image\" \/>\n<meta name=\"twitter:label1\" content=\"Est. reading time\" \/>\n\t<meta name=\"twitter:data1\" content=\"1 minute\" \/>\n<script type=\"application\/ld+json\" class=\"yoast-schema-graph\">{\"@context\":\"https:\/\/schema.org\",\"@graph\":[{\"@type\":\"WebPage\",\"@id\":\"https:\/\/gr-100.com\/producto\/specialized-cubierta-carretera-cotton-tlr-2027\/\",\"url\":\"https:\/\/gr-100.com\/producto\/specialized-cubierta-carretera-cotton-tlr-2027\/\",\"name\":\"Specialized Cubierta Carretera Cotton TLR 2027\",\"isPartOf\":{\"@id\":\"https:\/\/gr-100.com\/#website\"},\"primaryImageOfPage\":{\"@id\":\"https:\/\/gr-100.com\/producto\/specialized-cubierta-carretera-cotton-tlr-2027\/#primaryimage\"},\"image\":{\"@id\":\"https:\/\/gr-100.com\/producto\/specialized-cubierta-carretera-cotton-tlr-2027\/#primaryimage\"},\"thumbnailUrl\":\"https:\/\/gr-100.com\/wp-content\/uploads\/2026\/03\/Gobik-Culotte-Hombre-Corte-k10-Diamond-4-3.jpg\",\"datePublished\":\"2026-03-12T12:32:38+00:00\",\"dateModified\":\"2026-03-12T12:33:57+00:00\",\"description\":\"Nacidos de la necesidad de las carreras profesionales y perfeccionados para las carreteras reales, nuestros neum\u00e1ticos Cotton TLR ofrecen una velocidad, agarre y comodidad sin igual.\",\"breadcrumb\":{\"@id\":\"https:\/\/gr-100.com\/producto\/specialized-cubierta-carretera-cotton-tlr-2027\/#breadcrumb\"},\"inLanguage\":\"en-US\",\"potentialAction\":[{\"@type\":\"ReadAction\",\"target\":[\"https:\/\/gr-100.com\/producto\/specialized-cubierta-carretera-cotton-tlr-2027\/\"]}]},{\"@type\":\"ImageObject\",\"inLanguage\":\"en-US\",\"@id\":\"https:\/\/gr-100.com\/producto\/specialized-cubierta-carretera-cotton-tlr-2027\/#primaryimage\",\"url\":\"https:\/\/gr-100.com\/wp-content\/uploads\/2026\/03\/Gobik-Culotte-Hombre-Corte-k10-Diamond-4-3.jpg\",\"contentUrl\":\"https:\/\/gr-100.com\/wp-content\/uploads\/2026\/03\/Gobik-Culotte-Hombre-Corte-k10-Diamond-4-3.jpg\",\"width\":1000,\"height\":1000},{\"@type\":\"BreadcrumbList\",\"@id\":\"https:\/\/gr-100.com\/producto\/specialized-cubierta-carretera-cotton-tlr-2027\/#breadcrumb\",\"itemListElement\":[{\"@type\":\"ListItem\",\"position\":1,\"name\":\"Portada\",\"item\":\"https:\/\/gr-100.com\/pt-pt\/\"},{\"@type\":\"ListItem\",\"position\":2,\"name\":\"Productos\",\"item\":\"https:\/\/gr-100.com\/?post_type=product\"},{\"@type\":\"ListItem\",\"position\":3,\"name\":\"Specialized Cubierta Carretera Cotton TLR 2027\"}]},{\"@type\":\"WebSite\",\"@id\":\"https:\/\/gr-100.com\/#website\",\"url\":\"https:\/\/gr-100.com\/\",\"name\":\"Gr-100 Tienda de ciclismo Specialized\",\"description\":\"GR-100 tenemos todas las gamas de bicicletas Specialized al mejor precio.\",\"publisher\":{\"@id\":\"https:\/\/gr-100.com\/#organization\"},\"alternateName\":\"Gr-100 Bikes\",\"potentialAction\":[{\"@type\":\"SearchAction\",\"target\":{\"@type\":\"EntryPoint\",\"urlTemplate\":\"https:\/\/gr-100.com\/?s={search_term_string}\"},\"query-input\":{\"@type\":\"PropertyValueSpecification\",\"valueRequired\":true,\"valueName\":\"search_term_string\"}}],\"inLanguage\":\"en-US\"},{\"@type\":\"Organization\",\"@id\":\"https:\/\/gr-100.com\/#organization\",\"name\":\"Gr-100\",\"url\":\"https:\/\/gr-100.com\/\",\"logo\":{\"@type\":\"ImageObject\",\"inLanguage\":\"en-US\",\"@id\":\"https:\/\/gr-100.com\/#\/schema\/logo\/image\/\",\"url\":\"https:\/\/gr-100.com\/wp-content\/uploads\/2023\/08\/logo-gr-100-bikes.png\",\"contentUrl\":\"https:\/\/gr-100.com\/wp-content\/uploads\/2023\/08\/logo-gr-100-bikes.png\",\"width\":707,\"height\":284,\"caption\":\"Gr-100\"},\"image\":{\"@id\":\"https:\/\/gr-100.com\/#\/schema\/logo\/image\/\"},\"sameAs\":[\"https:\/\/www.facebook.com\/Gr100Bikes\",\"https:\/\/www.instagram.com\/gr100bikes\/\",\"https:\/\/www.tiktok.com\/@gr100bikes\",\"https:\/\/twitter.com\/gr100mtbteam\",\"https:\/\/www.youtube.com\/c\/GR100Specialized\"]}]}<\/script>\n<!-- \/ Yoast SEO Premium plugin. -->","yoast_head_json":{"title":"Specialized Cubierta Carretera Cotton TLR 2027","description":"Nacidos de la necesidad de las carreras profesionales y perfeccionados para las carreteras reales, nuestros neum\u00e1ticos Cotton TLR ofrecen una velocidad, agarre y comodidad sin igual.","robots":{"index":"index","follow":"follow","max-snippet":"max-snippet:-1","max-image-preview":"max-image-preview:large","max-video-preview":"max-video-preview:-1"},"canonical":"https:\/\/gr-100.com\/producto\/specialized-cubierta-carretera-cotton-tlr-2027\/","og_locale":"en_US","og_type":"article","og_title":"Specialized Cubierta Carretera Cotton TLR 2027","og_description":"Nacidos de la necesidad de las carreras profesionales y perfeccionados para las carreteras reales, nuestros neum\u00e1ticos Cotton TLR ofrecen una velocidad, agarre y comodidad sin igual.","og_url":"https:\/\/gr-100.com\/producto\/specialized-cubierta-carretera-cotton-tlr-2027\/","og_site_name":"Gr-100 Tienda de ciclismo Specialized","article_publisher":"https:\/\/www.facebook.com\/Gr100Bikes","article_modified_time":"2026-03-12T12:33:57+00:00","og_image":[{"width":1000,"height":1000,"url":"https:\/\/gr-100.com\/wp-content\/uploads\/2026\/03\/Gobik-Culotte-Hombre-Corte-k10-Diamond-4-3.jpg","type":"image\/jpeg"}],"twitter_card":"summary_large_image","twitter_misc":{"Est. reading time":"1 minute"},"schema":{"@context":"https:\/\/schema.org","@graph":[{"@type":"WebPage","@id":"https:\/\/gr-100.com\/producto\/specialized-cubierta-carretera-cotton-tlr-2027\/","url":"https:\/\/gr-100.com\/producto\/specialized-cubierta-carretera-cotton-tlr-2027\/","name":"Specialized Cubierta Carretera Cotton TLR 2027","isPartOf":{"@id":"https:\/\/gr-100.com\/#website"},"primaryImageOfPage":{"@id":"https:\/\/gr-100.com\/producto\/specialized-cubierta-carretera-cotton-tlr-2027\/#primaryimage"},"image":{"@id":"https:\/\/gr-100.com\/producto\/specialized-cubierta-carretera-cotton-tlr-2027\/#primaryimage"},"thumbnailUrl":"https:\/\/gr-100.com\/wp-content\/uploads\/2026\/03\/Gobik-Culotte-Hombre-Corte-k10-Diamond-4-3.jpg","datePublished":"2026-03-12T12:32:38+00:00","dateModified":"2026-03-12T12:33:57+00:00","description":"Nacidos de la necesidad de las carreras profesionales y perfeccionados para las carreteras reales, nuestros neum\u00e1ticos Cotton TLR ofrecen una velocidad, agarre y comodidad sin igual.","breadcrumb":{"@id":"https:\/\/gr-100.com\/producto\/specialized-cubierta-carretera-cotton-tlr-2027\/#breadcrumb"},"inLanguage":"en-US","potentialAction":[{"@type":"ReadAction","target":["https:\/\/gr-100.com\/producto\/specialized-cubierta-carretera-cotton-tlr-2027\/"]}]},{"@type":"ImageObject","inLanguage":"en-US","@id":"https:\/\/gr-100.com\/producto\/specialized-cubierta-carretera-cotton-tlr-2027\/#primaryimage","url":"https:\/\/gr-100.com\/wp-content\/uploads\/2026\/03\/Gobik-Culotte-Hombre-Corte-k10-Diamond-4-3.jpg","contentUrl":"https:\/\/gr-100.com\/wp-content\/uploads\/2026\/03\/Gobik-Culotte-Hombre-Corte-k10-Diamond-4-3.jpg","width":1000,"height":1000},{"@type":"BreadcrumbList","@id":"https:\/\/gr-100.com\/producto\/specialized-cubierta-carretera-cotton-tlr-2027\/#breadcrumb","itemListElement":[{"@type":"ListItem","position":1,"name":"Portada","item":"https:\/\/gr-100.com\/pt-pt\/"},{"@type":"ListItem","position":2,"name":"Productos","item":"https:\/\/gr-100.com\/?post_type=product"},{"@type":"ListItem","position":3,"name":"Specialized Cubierta Carretera Cotton TLR 2027"}]},{"@type":"WebSite","@id":"https:\/\/gr-100.com\/#website","url":"https:\/\/gr-100.com\/","name":"Gr-100 Tienda de ciclismo Specialized","description":"GR-100 tenemos todas las gamas de bicicletas Specialized al mejor precio.","publisher":{"@id":"https:\/\/gr-100.com\/#organization"},"alternateName":"Gr-100 Bikes","potentialAction":[{"@type":"SearchAction","target":{"@type":"EntryPoint","urlTemplate":"https:\/\/gr-100.com\/?s={search_term_string}"},"query-input":{"@type":"PropertyValueSpecification","valueRequired":true,"valueName":"search_term_string"}}],"inLanguage":"en-US"},{"@type":"Organization","@id":"https:\/\/gr-100.com\/#organization","name":"Gr-100","url":"https:\/\/gr-100.com\/","logo":{"@type":"ImageObject","inLanguage":"en-US","@id":"https:\/\/gr-100.com\/#\/schema\/logo\/image\/","url":"https:\/\/gr-100.com\/wp-content\/uploads\/2023\/08\/logo-gr-100-bikes.png","contentUrl":"https:\/\/gr-100.com\/wp-content\/uploads\/2023\/08\/logo-gr-100-bikes.png","width":707,"height":284,"caption":"Gr-100"},"image":{"@id":"https:\/\/gr-100.com\/#\/schema\/logo\/image\/"},"sameAs":["https:\/\/www.facebook.com\/Gr100Bikes","https:\/\/www.instagram.com\/gr100bikes\/","https:\/\/www.tiktok.com\/@gr100bikes","https:\/\/twitter.com\/gr100mtbteam","https:\/\/www.youtube.com\/c\/GR100Specialized"]}]}},"_links":{"self":[{"href":"https:\/\/gr-100.com\/en\/wp-json\/wp\/v2\/product\/446609","targetHints":{"allow":["GET"]}}],"collection":[{"href":"https:\/\/gr-100.com\/en\/wp-json\/wp\/v2\/product"}],"about":[{"href":"https:\/\/gr-100.com\/en\/wp-json\/wp\/v2\/types\/product"}],"replies":[{"embeddable":true,"href":"https:\/\/gr-100.com\/en\/wp-json\/wp\/v2\/comments?post=446609"}],"wp:featuredmedia":[{"embeddable":true,"href":"https:\/\/gr-100.com\/en\/wp-json\/wp\/v2\/media\/446628"}],"wp:attachment":[{"href":"https:\/\/gr-100.com\/en\/wp-json\/wp\/v2\/media?parent=446609"}],"wp:term":[{"taxonomy":"product_brand","embeddable":true,"href":"https:\/\/gr-100.com\/en\/wp-json\/wp\/v2\/product_brand?post=446609"},{"taxonomy":"product_cat","embeddable":true,"href":"https:\/\/gr-100.com\/en\/wp-json\/wp\/v2\/product_cat?post=446609"},{"taxonomy":"product_tag","embeddable":true,"href":"https:\/\/gr-100.com\/en\/wp-json\/wp\/v2\/product_tag?post=446609"}],"curies":[{"name":"wp","href":"https:\/\/api.w.org\/{rel}","templated":true}]}}