{"id":447763,"date":"2026-03-16T13:13:08","date_gmt":"2026-03-16T12:13:08","guid":{"rendered":"https:\/\/gr-100.com\/?post_type=product&#038;p=447763"},"modified":"2026-03-16T13:13:09","modified_gmt":"2026-03-16T12:13:09","slug":"specialized-turbo-vado-sl-2-4-0-step-through-2027","status":"publish","type":"product","link":"https:\/\/gr-100.com\/en\/producto\/specialized-turbo-vado-sl-2-4-0-step-through-2027\/","title":{"rendered":"Specialized Turbo Vado SL 2 4.0 Step-Through 2027"},"content":{"rendered":"<ul>\n<li>Nada ofrece m\u00e1s potencia, velocidad y autonom\u00eda con tan poco peso como la Turbo Vado SL 2. Es una m\u00e1quina de alto rendimiento, dise\u00f1ada para que te diviertas en tus entrenos o tus trayectos al trabajo.  Es la bici de tus sue\u00f1os: su cuadro de aluminio es ultraligero , la suspensi\u00f3n Future Shock te regala una conducci\u00f3n ultrasuave, la postura ergon\u00f3mica te ayuda a llevarla casi de forma telep\u00e1tica y su motor ultraligero tiene una potencia sobrenatural.<\/li>\n<li>Technical Specifications<\/li>\n<li>E-Bike<br \/>\nMotor: Specialized SL 1.2 Custom Rx Trail Tuned<br \/>\nPantalla \/ remoto: HMI TLA, H3, SBC-D10, compatible EUBR, APLW2, APLUTO, DAYTON<br \/>\nBater\u00eda: Specialized SL2-520 totalmente integrada, 520 Wh<br \/>\nCargador: Cargador personalizado, sistema de 48 V con conector para sistema SL<\/li>\n<li>Cuadro<br \/>\nCuadro: 2025 Vado SL Step-Through (cuadro bajo)<br \/>\nAbrazadera del sill\u00edn: Aluminio, 38,6 mm<\/li>\n<li>Suspensi\u00f3n<br \/>\nHorquilla: Vado SL Fork con soportes Tubus para portabultos delantero hasta 14 kg<\/li>\n<li>Frenos<br \/>\nFreno delantero: Tektro HD-R285, disco hidr\u00e1ulico<br \/>\nFreno trasero: Tektro HD-R285, disco hidr\u00e1ulico<\/li>\n<li>Transmisi\u00f3n<br \/>\nCambio trasero: Shimano CUES RD-U6000, 11 velocidades, Shadow Plus<br \/>\nManetas de cambio: Shimano CUES Rapidfire Plus, 10 velocidades con indicador \u00f3ptico (SL-U6000-10R)<br \/>\nCassette: Shimano CUES CS-LG400-10, 10 velocidades, 11-48T<br \/>\nCadena: KMC eGlide para sistema CUES de 11 velocidades<br \/>\nBielas \/ pedalier: SRAM Alloy Crankset con interfaz DUB<br \/>\nPlato: Praxis, 44 dientes, BCD 104 mm<br \/>\nCubrecadenas: Specialized personalizado<\/li>\n<li>Ruedas y neum\u00e1ticos<br \/>\nLlantas: Aluminio de doble pared, ancho interno 27 mm, 28 radios<br \/>\nBuje delantero: Aluminio, disco 6 tornillos, rodamientos sellados, eje pasante 12&#215;100 mm, 24 radios<br \/>\nBuje trasero: Bear Pawls, disco 6 tornillos, rodamientos sellados, eje 12&#215;142 mm<br \/>\nRadios: DT Swiss Elemental<br \/>\nNeum\u00e1tico delantero: Specialized Hemisphere con protecci\u00f3n antipinchazos, flancos reflectantes, 700x47c<br \/>\nNeum\u00e1tico trasero: Specialized Hemisphere con protecci\u00f3n antipinchazos, flancos reflectantes, 700x47c<br \/>\nC\u00e1maras: 29 x 1.75\u20132.4, v\u00e1lvula Schrader de 40 mm<\/li>\n<li>Cockpit<br \/>\nPotencia: Specialized Stealth Stem de aluminio, 31.8 mm, soporte integrado para pantalla y luz<br \/>\nTalla S: 60 mm \/ 17\u00b0<br \/>\nTallas M-L-XL: 75 mm \/ 15.5\u00b0<br \/>\nManillar: Specialized aluminio, backsweep 9\u00b0, elevaci\u00f3n 15 mm, 31.8 mm<br \/>\nPu\u00f1os: Specialized Body Geometry<br \/>\nSill\u00edn: Bridge Sport, ra\u00edles de acero, 155 mm<br \/>\nTija del sill\u00edn: Specialized aluminio, un tornillo, offset 21 mm, 27.2 mm<\/li>\n<li>Accesorios<br \/>\nPedales: Specialized Commuter con cinta antideslizante y reflectores<br \/>\nLuz delantera: Lezyne Ebike Power STVZO E500+, 350 l\u00famenes con reflector<br \/>\nLuz trasera: Fu An FC28-12V con cable adicional de 1500 mm<br \/>\nTimbre: Bell<\/li>\n<li>Detalles del producto<br \/>\nIdentificador: 295058<br \/>\nCertificaci\u00f3n: Cumple normas UL 2849 (sistema el\u00e9ctrico) y\/o UL 2271 (bater\u00eda) certificadas por UL Solutions o SGS<\/li>\n<li>Peso<br \/>\n18,75 kg (41 lb 5,4 oz)<br \/>\nTalla: MD (Medium)<\/li>\n<\/ul>\n","protected":false},"excerpt":{"rendered":"<p>Nada ofrece m\u00e1s potencia, velocidad y autonom\u00eda con tan poco peso como la Turbo Vado SL 2. Es una m\u00e1quina de alto rendimiento, dise\u00f1ada para que te diviertas en tus entrenos o tus trayectos al trabajo. <\/p>\n","protected":false},"featured_media":447501,"comment_status":"open","ping_status":"closed","template":"","meta":{"_acf_changed":false,"_et_pb_use_builder":"","_et_pb_old_content":"","_et_gb_content_width":"","inline_featured_image":false},"product_brand":[],"product_cat":[4347,347,5275,5277,5274,5278,5276],"product_tag":[],"class_list":{"0":"post-447763","1":"product","2":"type-product","3":"status-publish","4":"has-post-thumbnail","6":"product_cat-black-friday-2-en","7":"product_cat-electric","8":"product_cat-bicicletas-electricas-aluminio-en","9":"product_cat-bicicletas-electricas-paseo-en","10":"product_cat-bicicletas-electricas-specialized-en","11":"product_cat-bicicletas-electricas-trekking-en","12":"product_cat-bicicletas-electricas-urbanas-en","14":"first","15":"instock","16":"sale","17":"taxable","18":"shipping-taxable","19":"purchasable","20":"product-type-variable","21":"wvs-archive-product-wrapper"},"acf":[],"yoast_head":"<!-- This site is optimized with the Yoast SEO Premium plugin v26.7 (Yoast SEO v26.7) - https:\/\/yoast.com\/wordpress\/plugins\/seo\/ -->\n<title>Specialized Turbo Vado SL 2 4.0 Step-Through 2027<\/title>\n<meta name=\"description\" content=\"Nada ofrece m\u00e1s potencia, velocidad y autonom\u00eda con tan poco peso como la Turbo Vado SL 2. Es una m\u00e1quina de alto rendimiento, dise\u00f1ada para que te diviertas en tus entrenos o tus trayectos al trabajo.\" \/>\n<meta name=\"robots\" content=\"index, follow, max-snippet:-1, max-image-preview:large, max-video-preview:-1\" \/>\n<link rel=\"canonical\" href=\"https:\/\/gr-100.com\/en\/producto\/specialized-turbo-vado-sl-2-4-0-step-through-2027\/\" \/>\n<meta property=\"og:locale\" content=\"en_US\" \/>\n<meta property=\"og:type\" content=\"article\" \/>\n<meta property=\"og:title\" content=\"Specialized Turbo Vado SL 2 4.0 Step-Through 2027\" \/>\n<meta property=\"og:description\" content=\"Nada ofrece m\u00e1s potencia, velocidad y autonom\u00eda con tan poco peso como la Turbo Vado SL 2. Es una m\u00e1quina de alto rendimiento, dise\u00f1ada para que te diviertas en tus entrenos o tus trayectos al trabajo.\" \/>\n<meta property=\"og:url\" content=\"https:\/\/gr-100.com\/en\/producto\/specialized-turbo-vado-sl-2-4-0-step-through-2027\/\" \/>\n<meta property=\"og:site_name\" content=\"Gr-100 Tienda de ciclismo Specialized\" \/>\n<meta property=\"article:publisher\" content=\"https:\/\/www.facebook.com\/Gr100Bikes\" \/>\n<meta property=\"article:modified_time\" content=\"2026-03-16T12:13:09+00:00\" \/>\n<meta property=\"og:image\" content=\"https:\/\/gr-100.com\/wp-content\/uploads\/2026\/03\/Gobik-Culotte-Hombre-Corte-k10-Diamond-5-2.jpg\" \/>\n\t<meta property=\"og:image:width\" content=\"1000\" \/>\n\t<meta property=\"og:image:height\" content=\"1000\" \/>\n\t<meta property=\"og:image:type\" content=\"image\/jpeg\" \/>\n<meta name=\"twitter:card\" content=\"summary_large_image\" \/>\n<meta name=\"twitter:label1\" content=\"Est. reading time\" \/>\n\t<meta name=\"twitter:data1\" content=\"2 minutes\" \/>\n<script type=\"application\/ld+json\" class=\"yoast-schema-graph\">{\"@context\":\"https:\/\/schema.org\",\"@graph\":[{\"@type\":\"WebPage\",\"@id\":\"https:\/\/gr-100.com\/en\/producto\/specialized-turbo-vado-sl-2-4-0-step-through-2027\/\",\"url\":\"https:\/\/gr-100.com\/en\/producto\/specialized-turbo-vado-sl-2-4-0-step-through-2027\/\",\"name\":\"Specialized Turbo Vado SL 2 4.0 Step-Through 2027\",\"isPartOf\":{\"@id\":\"https:\/\/gr-100.com\/#website\"},\"primaryImageOfPage\":{\"@id\":\"https:\/\/gr-100.com\/en\/producto\/specialized-turbo-vado-sl-2-4-0-step-through-2027\/#primaryimage\"},\"image\":{\"@id\":\"https:\/\/gr-100.com\/en\/producto\/specialized-turbo-vado-sl-2-4-0-step-through-2027\/#primaryimage\"},\"thumbnailUrl\":\"https:\/\/gr-100.com\/wp-content\/uploads\/2026\/03\/Gobik-Culotte-Hombre-Corte-k10-Diamond-5-2.jpg\",\"datePublished\":\"2026-03-16T12:13:08+00:00\",\"dateModified\":\"2026-03-16T12:13:09+00:00\",\"description\":\"Nada ofrece m\u00e1s potencia, velocidad y autonom\u00eda con tan poco peso como la Turbo Vado SL 2. Es una m\u00e1quina de alto rendimiento, dise\u00f1ada para que te diviertas en tus entrenos o tus trayectos al trabajo.\",\"breadcrumb\":{\"@id\":\"https:\/\/gr-100.com\/en\/producto\/specialized-turbo-vado-sl-2-4-0-step-through-2027\/#breadcrumb\"},\"inLanguage\":\"en-US\",\"potentialAction\":[{\"@type\":\"ReadAction\",\"target\":[\"https:\/\/gr-100.com\/en\/producto\/specialized-turbo-vado-sl-2-4-0-step-through-2027\/\"]}]},{\"@type\":\"ImageObject\",\"inLanguage\":\"en-US\",\"@id\":\"https:\/\/gr-100.com\/en\/producto\/specialized-turbo-vado-sl-2-4-0-step-through-2027\/#primaryimage\",\"url\":\"https:\/\/gr-100.com\/wp-content\/uploads\/2026\/03\/Gobik-Culotte-Hombre-Corte-k10-Diamond-5-2.jpg\",\"contentUrl\":\"https:\/\/gr-100.com\/wp-content\/uploads\/2026\/03\/Gobik-Culotte-Hombre-Corte-k10-Diamond-5-2.jpg\",\"width\":1000,\"height\":1000},{\"@type\":\"BreadcrumbList\",\"@id\":\"https:\/\/gr-100.com\/en\/producto\/specialized-turbo-vado-sl-2-4-0-step-through-2027\/#breadcrumb\",\"itemListElement\":[{\"@type\":\"ListItem\",\"position\":1,\"name\":\"Portada\",\"item\":\"https:\/\/gr-100.com\/pt-pt\/\"},{\"@type\":\"ListItem\",\"position\":2,\"name\":\"Productos\",\"item\":\"https:\/\/gr-100.com\/?post_type=product\"},{\"@type\":\"ListItem\",\"position\":3,\"name\":\"Specialized Turbo Vado SL 2 4.0 Step-Through 2027\"}]},{\"@type\":\"WebSite\",\"@id\":\"https:\/\/gr-100.com\/#website\",\"url\":\"https:\/\/gr-100.com\/\",\"name\":\"Gr-100 Tienda de ciclismo Specialized\",\"description\":\"GR-100 tenemos todas las gamas de bicicletas Specialized al mejor precio.\",\"publisher\":{\"@id\":\"https:\/\/gr-100.com\/#organization\"},\"alternateName\":\"Gr-100 Bikes\",\"potentialAction\":[{\"@type\":\"SearchAction\",\"target\":{\"@type\":\"EntryPoint\",\"urlTemplate\":\"https:\/\/gr-100.com\/?s={search_term_string}\"},\"query-input\":{\"@type\":\"PropertyValueSpecification\",\"valueRequired\":true,\"valueName\":\"search_term_string\"}}],\"inLanguage\":\"en-US\"},{\"@type\":\"Organization\",\"@id\":\"https:\/\/gr-100.com\/#organization\",\"name\":\"Gr-100\",\"url\":\"https:\/\/gr-100.com\/\",\"logo\":{\"@type\":\"ImageObject\",\"inLanguage\":\"en-US\",\"@id\":\"https:\/\/gr-100.com\/#\/schema\/logo\/image\/\",\"url\":\"https:\/\/gr-100.com\/wp-content\/uploads\/2023\/08\/logo-gr-100-bikes.png\",\"contentUrl\":\"https:\/\/gr-100.com\/wp-content\/uploads\/2023\/08\/logo-gr-100-bikes.png\",\"width\":707,\"height\":284,\"caption\":\"Gr-100\"},\"image\":{\"@id\":\"https:\/\/gr-100.com\/#\/schema\/logo\/image\/\"},\"sameAs\":[\"https:\/\/www.facebook.com\/Gr100Bikes\",\"https:\/\/www.instagram.com\/gr100bikes\/\",\"https:\/\/www.tiktok.com\/@gr100bikes\",\"https:\/\/twitter.com\/gr100mtbteam\",\"https:\/\/www.youtube.com\/c\/GR100Specialized\"]}]}<\/script>\n<!-- \/ Yoast SEO Premium plugin. -->","yoast_head_json":{"title":"Specialized Turbo Vado SL 2 4.0 Step-Through 2027","description":"Nada ofrece m\u00e1s potencia, velocidad y autonom\u00eda con tan poco peso como la Turbo Vado SL 2. Es una m\u00e1quina de alto rendimiento, dise\u00f1ada para que te diviertas en tus entrenos o tus trayectos al trabajo.","robots":{"index":"index","follow":"follow","max-snippet":"max-snippet:-1","max-image-preview":"max-image-preview:large","max-video-preview":"max-video-preview:-1"},"canonical":"https:\/\/gr-100.com\/en\/producto\/specialized-turbo-vado-sl-2-4-0-step-through-2027\/","og_locale":"en_US","og_type":"article","og_title":"Specialized Turbo Vado SL 2 4.0 Step-Through 2027","og_description":"Nada ofrece m\u00e1s potencia, velocidad y autonom\u00eda con tan poco peso como la Turbo Vado SL 2. Es una m\u00e1quina de alto rendimiento, dise\u00f1ada para que te diviertas en tus entrenos o tus trayectos al trabajo.","og_url":"https:\/\/gr-100.com\/en\/producto\/specialized-turbo-vado-sl-2-4-0-step-through-2027\/","og_site_name":"Gr-100 Tienda de ciclismo Specialized","article_publisher":"https:\/\/www.facebook.com\/Gr100Bikes","article_modified_time":"2026-03-16T12:13:09+00:00","og_image":[{"width":1000,"height":1000,"url":"https:\/\/gr-100.com\/wp-content\/uploads\/2026\/03\/Gobik-Culotte-Hombre-Corte-k10-Diamond-5-2.jpg","type":"image\/jpeg"}],"twitter_card":"summary_large_image","twitter_misc":{"Est. reading time":"2 minutes"},"schema":{"@context":"https:\/\/schema.org","@graph":[{"@type":"WebPage","@id":"https:\/\/gr-100.com\/en\/producto\/specialized-turbo-vado-sl-2-4-0-step-through-2027\/","url":"https:\/\/gr-100.com\/en\/producto\/specialized-turbo-vado-sl-2-4-0-step-through-2027\/","name":"Specialized Turbo Vado SL 2 4.0 Step-Through 2027","isPartOf":{"@id":"https:\/\/gr-100.com\/#website"},"primaryImageOfPage":{"@id":"https:\/\/gr-100.com\/en\/producto\/specialized-turbo-vado-sl-2-4-0-step-through-2027\/#primaryimage"},"image":{"@id":"https:\/\/gr-100.com\/en\/producto\/specialized-turbo-vado-sl-2-4-0-step-through-2027\/#primaryimage"},"thumbnailUrl":"https:\/\/gr-100.com\/wp-content\/uploads\/2026\/03\/Gobik-Culotte-Hombre-Corte-k10-Diamond-5-2.jpg","datePublished":"2026-03-16T12:13:08+00:00","dateModified":"2026-03-16T12:13:09+00:00","description":"Nada ofrece m\u00e1s potencia, velocidad y autonom\u00eda con tan poco peso como la Turbo Vado SL 2. Es una m\u00e1quina de alto rendimiento, dise\u00f1ada para que te diviertas en tus entrenos o tus trayectos al trabajo.","breadcrumb":{"@id":"https:\/\/gr-100.com\/en\/producto\/specialized-turbo-vado-sl-2-4-0-step-through-2027\/#breadcrumb"},"inLanguage":"en-US","potentialAction":[{"@type":"ReadAction","target":["https:\/\/gr-100.com\/en\/producto\/specialized-turbo-vado-sl-2-4-0-step-through-2027\/"]}]},{"@type":"ImageObject","inLanguage":"en-US","@id":"https:\/\/gr-100.com\/en\/producto\/specialized-turbo-vado-sl-2-4-0-step-through-2027\/#primaryimage","url":"https:\/\/gr-100.com\/wp-content\/uploads\/2026\/03\/Gobik-Culotte-Hombre-Corte-k10-Diamond-5-2.jpg","contentUrl":"https:\/\/gr-100.com\/wp-content\/uploads\/2026\/03\/Gobik-Culotte-Hombre-Corte-k10-Diamond-5-2.jpg","width":1000,"height":1000},{"@type":"BreadcrumbList","@id":"https:\/\/gr-100.com\/en\/producto\/specialized-turbo-vado-sl-2-4-0-step-through-2027\/#breadcrumb","itemListElement":[{"@type":"ListItem","position":1,"name":"Portada","item":"https:\/\/gr-100.com\/pt-pt\/"},{"@type":"ListItem","position":2,"name":"Productos","item":"https:\/\/gr-100.com\/?post_type=product"},{"@type":"ListItem","position":3,"name":"Specialized Turbo Vado SL 2 4.0 Step-Through 2027"}]},{"@type":"WebSite","@id":"https:\/\/gr-100.com\/#website","url":"https:\/\/gr-100.com\/","name":"Gr-100 Tienda de ciclismo Specialized","description":"GR-100 tenemos todas las gamas de bicicletas Specialized al mejor precio.","publisher":{"@id":"https:\/\/gr-100.com\/#organization"},"alternateName":"Gr-100 Bikes","potentialAction":[{"@type":"SearchAction","target":{"@type":"EntryPoint","urlTemplate":"https:\/\/gr-100.com\/?s={search_term_string}"},"query-input":{"@type":"PropertyValueSpecification","valueRequired":true,"valueName":"search_term_string"}}],"inLanguage":"en-US"},{"@type":"Organization","@id":"https:\/\/gr-100.com\/#organization","name":"Gr-100","url":"https:\/\/gr-100.com\/","logo":{"@type":"ImageObject","inLanguage":"en-US","@id":"https:\/\/gr-100.com\/#\/schema\/logo\/image\/","url":"https:\/\/gr-100.com\/wp-content\/uploads\/2023\/08\/logo-gr-100-bikes.png","contentUrl":"https:\/\/gr-100.com\/wp-content\/uploads\/2023\/08\/logo-gr-100-bikes.png","width":707,"height":284,"caption":"Gr-100"},"image":{"@id":"https:\/\/gr-100.com\/#\/schema\/logo\/image\/"},"sameAs":["https:\/\/www.facebook.com\/Gr100Bikes","https:\/\/www.instagram.com\/gr100bikes\/","https:\/\/www.tiktok.com\/@gr100bikes","https:\/\/twitter.com\/gr100mtbteam","https:\/\/www.youtube.com\/c\/GR100Specialized"]}]}},"_links":{"self":[{"href":"https:\/\/gr-100.com\/en\/wp-json\/wp\/v2\/product\/447763","targetHints":{"allow":["GET"]}}],"collection":[{"href":"https:\/\/gr-100.com\/en\/wp-json\/wp\/v2\/product"}],"about":[{"href":"https:\/\/gr-100.com\/en\/wp-json\/wp\/v2\/types\/product"}],"replies":[{"embeddable":true,"href":"https:\/\/gr-100.com\/en\/wp-json\/wp\/v2\/comments?post=447763"}],"wp:featuredmedia":[{"embeddable":true,"href":"https:\/\/gr-100.com\/en\/wp-json\/wp\/v2\/media\/447501"}],"wp:attachment":[{"href":"https:\/\/gr-100.com\/en\/wp-json\/wp\/v2\/media?parent=447763"}],"wp:term":[{"taxonomy":"product_brand","embeddable":true,"href":"https:\/\/gr-100.com\/en\/wp-json\/wp\/v2\/product_brand?post=447763"},{"taxonomy":"product_cat","embeddable":true,"href":"https:\/\/gr-100.com\/en\/wp-json\/wp\/v2\/product_cat?post=447763"},{"taxonomy":"product_tag","embeddable":true,"href":"https:\/\/gr-100.com\/en\/wp-json\/wp\/v2\/product_tag?post=447763"}],"curies":[{"name":"wp","href":"https:\/\/api.w.org\/{rel}","templated":true}]}}