{"id":448785,"date":"2026-03-18T15:26:03","date_gmt":"2026-03-18T14:26:03","guid":{"rendered":"https:\/\/gr-100.com\/?post_type=product&#038;p=448785"},"modified":"2026-03-18T15:58:13","modified_gmt":"2026-03-18T14:58:13","slug":"specialized-epic-8-comp-2025-copia","status":"publish","type":"product","link":"https:\/\/gr-100.com\/en\/producto\/specialized-epic-8-comp-2025-copia\/","title":{"rendered":"Specialized Epic 8 Comp 2026"},"content":{"rendered":"<p>If you&#8217;re an XC racer or prioritize absolute speed on your ride, the Epic 8 is the bike for you.<\/p>\n<p><strong>UNMATCHED CAPACITY:<\/strong> The most capable 120mm bike on the planet. You&#8217;ll be amazed at how the Epic 8&#8217;s progressive geometry delivers technical terrain capability along with fast, efficient climbing and acceleration performance. <\/p>\n<p><strong>WHAT BACHE:<\/strong> Compared to the previous generation, the new Epic 8 absorbs 12% more shock and vibration forces than the previous generation, leaving you less fatigued and more powerful over time so you can keep moving forward while others suffer.<\/p>\n<p><strong>RIDE DYNAMICS TUNING:<\/strong> The Specialized Ride Dynamics team developed custom tuning for the Epic 8&#8217;s new shock. Our unique damping characteristics, prescribed by Ride Dynamics, holistically elevate the riding experience. By tuning the shocks together with the chassis leverage rates and new kinematics, we are able to deliver a bike that is beyond the sum of its parts.  <\/p>\n<p><strong>BIOMECHANICAL EFFICIENCY:<\/strong> By optimizing suspension kinematics, Specialized&#8217;s Ride Dynamics team reduced inefficient pedal-induced roll by 20% while maintaining active suspension for effective bump force management, ensuring you stay in the most efficient pedaling position. It&#8217;s the most efficient pedal-powered suspension bike we&#8217;ve tested. <\/p>\n<p><strong>MORE WITH LESS:<\/strong> With the Epic 8, we didn&#8217;t spend a single extra gram for maximum frame capacity. All models now feature SWAT 4.0 to carry all your trail essentials, and an integrated steering stop to avoid the ubiquitous top tube scar the first time you crash and your handlebars spin. In fact, the new Epic 8 S-WORKS frame has lost weight (76 grams to be exact) while getting these new additions.  <\/p>\n<ul class=\"bullet_points\">\n<li class=\"bullet_item\">The most capable 120mm bike on the planet. 12% more bump absorption and 20% less pedal roll. <\/li>\n<li class=\"bullet_item\">SRAM Level Bronze Stealth 4-piston SRAM brakes offer trail-ready stopping power in a race-ready system.<\/li>\n<li class=\"bullet_item\">Reliable and durable GX Eagle 12-speed groupset<\/li>\n<li class=\"bullet_item\">Lightweight and durable Specialized aluminum rims<\/li>\n<li class=\"bullet_item\">RockShox SIDLuxe Select+ shock and SID Select forks developed by Ride Dynamics<\/li>\n<li class=\"bullet_item\">Custom shock with 3 unique damping settings<\/li>\n<li class=\"bullet_item\">SWAT 4.0 on the down tube to carry trail essentials<\/li>\n<\/ul>\n<p><strong>SPECS<\/strong><\/p>\n<p><strong>Picture<\/strong><\/p>\n<ul>\n<li><strong>Frame:<\/strong> FACT 11m Carbon, Progressive XC Race Geometry, Rider-First Engineered\u2122, SWAT downtube storage, threaded BB, 12x148mm UDH compatible rear dropout, internal cable routing, 120mm of travel<\/li>\n<li><strong>Saddle clamp:<\/strong> Specialized Alloy 34.9, Steel Bolt<\/li>\n<\/ul>\n<p><strong>Suspension<\/strong><\/p>\n<ul>\n<li><strong>Fork:<\/strong> RockShox SID Select, Ride Dynamics developed 3 position, TwistLoc remote adjust, Debon Air, 15x110mm, 44mm offset, 120mm Travel<\/li>\n<li><strong>Rear shock:<\/strong> RockShox SIDLuxe Select+, Ride Dynamics developed 3 position, TwistLoc remote adjust, Solo Air, 190x45mm<\/li>\n<\/ul>\n<p><strong>Brakes<\/strong><\/p>\n<ul>\n<li><strong>Rear brake:<\/strong> SRAM Motive Bronze, 4-piston caliper, hydraulic disc, 160mm rotor<\/li>\n<li><strong>Front brake:<\/strong> SRAM Motive Bronze, 4-piston caliper, hydraulic disc, 180mm rotor<\/li>\n<\/ul>\n<p><strong>Transmission<\/strong><\/p>\n<ul>\n<li><strong>Cassette:<\/strong> SRAM 1270 Transmission Cassette, 12 Spd, 10-52t<\/li>\n<li><strong>Manetas de cambio:<\/strong> SRAM AXS POD Controller<\/li>\n<li><strong>Caja de pedalier:<\/strong> SRAM DUB<\/li>\n<\/ul>\n","protected":false},"excerpt":{"rendered":"<p>The new Epic 8 evolves the formula of speed through capacity, efficiency and lightweight integration. Modern XC tracks demand more and more capacity day by day. Enter the Epic 8. Its improved kinematics make it the most efficient pedaling bike we&#8217;ve tested, while custom (and tuned) shocks absorb every bump. He is a wolf in wolf clothing.    <\/p>\n","protected":false},"featured_media":448831,"comment_status":"open","ping_status":"closed","template":"","meta":{"_acf_changed":false,"_et_pb_use_builder":"","_et_pb_old_content":"","_et_gb_content_width":"","inline_featured_image":false},"product_brand":[],"product_cat":[5370,5368,5371,5369,5367,358],"product_tag":[],"class_list":{"0":"post-448785","1":"product","2":"type-product","3":"status-publish","4":"has-post-thumbnail","6":"product_cat-bicicletas-montana-29-en","7":"product_cat-bicicletas-montana-carbono-en","8":"product_cat-bicicletas-montana-cross-country-xc-en","9":"product_cat-bicicletas-montana-doble-suspension-en","10":"product_cat-bicicletas-montana-specialized-en","11":"product_cat-mountain","12":"product_shipping_class-bicicletas-en","14":"first","15":"instock","16":"taxable","17":"shipping-taxable","18":"purchasable","19":"product-type-variable","20":"wvs-archive-product-wrapper"},"acf":[],"yoast_head":"<!-- This site is optimized with the Yoast SEO Premium plugin v26.7 (Yoast SEO v26.7) - https:\/\/yoast.com\/wordpress\/plugins\/seo\/ -->\n<title>Specialized Epic 8 Comp 2026 GR-100<\/title>\n<meta name=\"description\" content=\"La bicicleta de 120 mm m\u00e1s capaz del planeta. 12% m\u00e1s de absorci\u00f3n de baches y un 20% menos de balanceo del pedal. RockShox SID Select. SRAM S-1000 Eagle.\" \/>\n<meta name=\"robots\" content=\"index, follow, max-snippet:-1, max-image-preview:large, max-video-preview:-1\" \/>\n<link rel=\"canonical\" href=\"https:\/\/gr-100.com\/en\/producto\/specialized-epic-8-comp-2025-copia\/\" \/>\n<meta property=\"og:locale\" content=\"en_US\" \/>\n<meta property=\"og:type\" content=\"article\" \/>\n<meta property=\"og:title\" content=\"Specialized Epic 8 Comp 2026\" \/>\n<meta property=\"og:description\" content=\"La bicicleta de 120 mm m\u00e1s capaz del planeta. 12% m\u00e1s de absorci\u00f3n de baches y un 20% menos de balanceo del pedal. RockShox SID Select. SRAM S-1000 Eagle.\" \/>\n<meta property=\"og:url\" content=\"https:\/\/gr-100.com\/en\/producto\/specialized-epic-8-comp-2025-copia\/\" \/>\n<meta property=\"og:site_name\" content=\"Gr-100 Tienda de ciclismo Specialized\" \/>\n<meta property=\"article:publisher\" content=\"https:\/\/www.facebook.com\/Gr100Bikes\" \/>\n<meta property=\"article:modified_time\" content=\"2026-03-18T14:58:13+00:00\" \/>\n<meta property=\"og:image\" content=\"https:\/\/gr-100.com\/wp-content\/uploads\/2026\/03\/Epic-8-Comp-Gloss-Emerald-Metallic.jpg\" \/>\n\t<meta property=\"og:image:width\" content=\"1000\" \/>\n\t<meta property=\"og:image:height\" content=\"1000\" \/>\n\t<meta property=\"og:image:type\" content=\"image\/jpeg\" \/>\n<meta name=\"twitter:card\" content=\"summary_large_image\" \/>\n<meta name=\"twitter:label1\" content=\"Est. reading time\" \/>\n\t<meta name=\"twitter:data1\" content=\"2 minutes\" \/>\n<script type=\"application\/ld+json\" class=\"yoast-schema-graph\">{\"@context\":\"https:\/\/schema.org\",\"@graph\":[{\"@type\":\"WebPage\",\"@id\":\"https:\/\/gr-100.com\/en\/producto\/specialized-epic-8-comp-2025-copia\/\",\"url\":\"https:\/\/gr-100.com\/en\/producto\/specialized-epic-8-comp-2025-copia\/\",\"name\":\"Specialized Epic 8 Comp 2026 GR-100\",\"isPartOf\":{\"@id\":\"https:\/\/gr-100.com\/#website\"},\"primaryImageOfPage\":{\"@id\":\"https:\/\/gr-100.com\/en\/producto\/specialized-epic-8-comp-2025-copia\/#primaryimage\"},\"image\":{\"@id\":\"https:\/\/gr-100.com\/en\/producto\/specialized-epic-8-comp-2025-copia\/#primaryimage\"},\"thumbnailUrl\":\"https:\/\/gr-100.com\/wp-content\/uploads\/2026\/03\/Epic-8-Comp-Gloss-Emerald-Metallic.jpg\",\"datePublished\":\"2026-03-18T14:26:03+00:00\",\"dateModified\":\"2026-03-18T14:58:13+00:00\",\"description\":\"La bicicleta de 120 mm m\u00e1s capaz del planeta. 12% m\u00e1s de absorci\u00f3n de baches y un 20% menos de balanceo del pedal. RockShox SID Select. SRAM S-1000 Eagle.\",\"breadcrumb\":{\"@id\":\"https:\/\/gr-100.com\/en\/producto\/specialized-epic-8-comp-2025-copia\/#breadcrumb\"},\"inLanguage\":\"en-US\",\"potentialAction\":[{\"@type\":\"ReadAction\",\"target\":[\"https:\/\/gr-100.com\/en\/producto\/specialized-epic-8-comp-2025-copia\/\"]}]},{\"@type\":\"ImageObject\",\"inLanguage\":\"en-US\",\"@id\":\"https:\/\/gr-100.com\/en\/producto\/specialized-epic-8-comp-2025-copia\/#primaryimage\",\"url\":\"https:\/\/gr-100.com\/wp-content\/uploads\/2026\/03\/Epic-8-Comp-Gloss-Emerald-Metallic.jpg\",\"contentUrl\":\"https:\/\/gr-100.com\/wp-content\/uploads\/2026\/03\/Epic-8-Comp-Gloss-Emerald-Metallic.jpg\",\"width\":1000,\"height\":1000},{\"@type\":\"BreadcrumbList\",\"@id\":\"https:\/\/gr-100.com\/en\/producto\/specialized-epic-8-comp-2025-copia\/#breadcrumb\",\"itemListElement\":[{\"@type\":\"ListItem\",\"position\":1,\"name\":\"Portada\",\"item\":\"https:\/\/gr-100.com\/pt-pt\/\"},{\"@type\":\"ListItem\",\"position\":2,\"name\":\"Productos\",\"item\":\"https:\/\/gr-100.com\/?post_type=product\"},{\"@type\":\"ListItem\",\"position\":3,\"name\":\"Specialized Epic 8 Comp 2026\"}]},{\"@type\":\"WebSite\",\"@id\":\"https:\/\/gr-100.com\/#website\",\"url\":\"https:\/\/gr-100.com\/\",\"name\":\"Gr-100 Tienda de ciclismo Specialized\",\"description\":\"GR-100 tenemos todas las gamas de bicicletas Specialized al mejor precio.\",\"publisher\":{\"@id\":\"https:\/\/gr-100.com\/#organization\"},\"alternateName\":\"Gr-100 Bikes\",\"potentialAction\":[{\"@type\":\"SearchAction\",\"target\":{\"@type\":\"EntryPoint\",\"urlTemplate\":\"https:\/\/gr-100.com\/?s={search_term_string}\"},\"query-input\":{\"@type\":\"PropertyValueSpecification\",\"valueRequired\":true,\"valueName\":\"search_term_string\"}}],\"inLanguage\":\"en-US\"},{\"@type\":\"Organization\",\"@id\":\"https:\/\/gr-100.com\/#organization\",\"name\":\"Gr-100\",\"url\":\"https:\/\/gr-100.com\/\",\"logo\":{\"@type\":\"ImageObject\",\"inLanguage\":\"en-US\",\"@id\":\"https:\/\/gr-100.com\/#\/schema\/logo\/image\/\",\"url\":\"https:\/\/gr-100.com\/wp-content\/uploads\/2023\/08\/logo-gr-100-bikes.png\",\"contentUrl\":\"https:\/\/gr-100.com\/wp-content\/uploads\/2023\/08\/logo-gr-100-bikes.png\",\"width\":707,\"height\":284,\"caption\":\"Gr-100\"},\"image\":{\"@id\":\"https:\/\/gr-100.com\/#\/schema\/logo\/image\/\"},\"sameAs\":[\"https:\/\/www.facebook.com\/Gr100Bikes\",\"https:\/\/www.instagram.com\/gr100bikes\/\",\"https:\/\/www.tiktok.com\/@gr100bikes\",\"https:\/\/twitter.com\/gr100mtbteam\",\"https:\/\/www.youtube.com\/c\/GR100Specialized\"]}]}<\/script>\n<!-- \/ Yoast SEO Premium plugin. -->","yoast_head_json":{"title":"Specialized Epic 8 Comp 2026 GR-100","description":"La bicicleta de 120 mm m\u00e1s capaz del planeta. 12% m\u00e1s de absorci\u00f3n de baches y un 20% menos de balanceo del pedal. RockShox SID Select. SRAM S-1000 Eagle.","robots":{"index":"index","follow":"follow","max-snippet":"max-snippet:-1","max-image-preview":"max-image-preview:large","max-video-preview":"max-video-preview:-1"},"canonical":"https:\/\/gr-100.com\/en\/producto\/specialized-epic-8-comp-2025-copia\/","og_locale":"en_US","og_type":"article","og_title":"Specialized Epic 8 Comp 2026","og_description":"La bicicleta de 120 mm m\u00e1s capaz del planeta. 12% m\u00e1s de absorci\u00f3n de baches y un 20% menos de balanceo del pedal. RockShox SID Select. SRAM S-1000 Eagle.","og_url":"https:\/\/gr-100.com\/en\/producto\/specialized-epic-8-comp-2025-copia\/","og_site_name":"Gr-100 Tienda de ciclismo Specialized","article_publisher":"https:\/\/www.facebook.com\/Gr100Bikes","article_modified_time":"2026-03-18T14:58:13+00:00","og_image":[{"width":1000,"height":1000,"url":"https:\/\/gr-100.com\/wp-content\/uploads\/2026\/03\/Epic-8-Comp-Gloss-Emerald-Metallic.jpg","type":"image\/jpeg"}],"twitter_card":"summary_large_image","twitter_misc":{"Est. reading time":"2 minutes"},"schema":{"@context":"https:\/\/schema.org","@graph":[{"@type":"WebPage","@id":"https:\/\/gr-100.com\/en\/producto\/specialized-epic-8-comp-2025-copia\/","url":"https:\/\/gr-100.com\/en\/producto\/specialized-epic-8-comp-2025-copia\/","name":"Specialized Epic 8 Comp 2026 GR-100","isPartOf":{"@id":"https:\/\/gr-100.com\/#website"},"primaryImageOfPage":{"@id":"https:\/\/gr-100.com\/en\/producto\/specialized-epic-8-comp-2025-copia\/#primaryimage"},"image":{"@id":"https:\/\/gr-100.com\/en\/producto\/specialized-epic-8-comp-2025-copia\/#primaryimage"},"thumbnailUrl":"https:\/\/gr-100.com\/wp-content\/uploads\/2026\/03\/Epic-8-Comp-Gloss-Emerald-Metallic.jpg","datePublished":"2026-03-18T14:26:03+00:00","dateModified":"2026-03-18T14:58:13+00:00","description":"La bicicleta de 120 mm m\u00e1s capaz del planeta. 12% m\u00e1s de absorci\u00f3n de baches y un 20% menos de balanceo del pedal. RockShox SID Select. SRAM S-1000 Eagle.","breadcrumb":{"@id":"https:\/\/gr-100.com\/en\/producto\/specialized-epic-8-comp-2025-copia\/#breadcrumb"},"inLanguage":"en-US","potentialAction":[{"@type":"ReadAction","target":["https:\/\/gr-100.com\/en\/producto\/specialized-epic-8-comp-2025-copia\/"]}]},{"@type":"ImageObject","inLanguage":"en-US","@id":"https:\/\/gr-100.com\/en\/producto\/specialized-epic-8-comp-2025-copia\/#primaryimage","url":"https:\/\/gr-100.com\/wp-content\/uploads\/2026\/03\/Epic-8-Comp-Gloss-Emerald-Metallic.jpg","contentUrl":"https:\/\/gr-100.com\/wp-content\/uploads\/2026\/03\/Epic-8-Comp-Gloss-Emerald-Metallic.jpg","width":1000,"height":1000},{"@type":"BreadcrumbList","@id":"https:\/\/gr-100.com\/en\/producto\/specialized-epic-8-comp-2025-copia\/#breadcrumb","itemListElement":[{"@type":"ListItem","position":1,"name":"Portada","item":"https:\/\/gr-100.com\/pt-pt\/"},{"@type":"ListItem","position":2,"name":"Productos","item":"https:\/\/gr-100.com\/?post_type=product"},{"@type":"ListItem","position":3,"name":"Specialized Epic 8 Comp 2026"}]},{"@type":"WebSite","@id":"https:\/\/gr-100.com\/#website","url":"https:\/\/gr-100.com\/","name":"Gr-100 Tienda de ciclismo Specialized","description":"GR-100 tenemos todas las gamas de bicicletas Specialized al mejor precio.","publisher":{"@id":"https:\/\/gr-100.com\/#organization"},"alternateName":"Gr-100 Bikes","potentialAction":[{"@type":"SearchAction","target":{"@type":"EntryPoint","urlTemplate":"https:\/\/gr-100.com\/?s={search_term_string}"},"query-input":{"@type":"PropertyValueSpecification","valueRequired":true,"valueName":"search_term_string"}}],"inLanguage":"en-US"},{"@type":"Organization","@id":"https:\/\/gr-100.com\/#organization","name":"Gr-100","url":"https:\/\/gr-100.com\/","logo":{"@type":"ImageObject","inLanguage":"en-US","@id":"https:\/\/gr-100.com\/#\/schema\/logo\/image\/","url":"https:\/\/gr-100.com\/wp-content\/uploads\/2023\/08\/logo-gr-100-bikes.png","contentUrl":"https:\/\/gr-100.com\/wp-content\/uploads\/2023\/08\/logo-gr-100-bikes.png","width":707,"height":284,"caption":"Gr-100"},"image":{"@id":"https:\/\/gr-100.com\/#\/schema\/logo\/image\/"},"sameAs":["https:\/\/www.facebook.com\/Gr100Bikes","https:\/\/www.instagram.com\/gr100bikes\/","https:\/\/www.tiktok.com\/@gr100bikes","https:\/\/twitter.com\/gr100mtbteam","https:\/\/www.youtube.com\/c\/GR100Specialized"]}]}},"_links":{"self":[{"href":"https:\/\/gr-100.com\/en\/wp-json\/wp\/v2\/product\/448785","targetHints":{"allow":["GET"]}}],"collection":[{"href":"https:\/\/gr-100.com\/en\/wp-json\/wp\/v2\/product"}],"about":[{"href":"https:\/\/gr-100.com\/en\/wp-json\/wp\/v2\/types\/product"}],"replies":[{"embeddable":true,"href":"https:\/\/gr-100.com\/en\/wp-json\/wp\/v2\/comments?post=448785"}],"wp:featuredmedia":[{"embeddable":true,"href":"https:\/\/gr-100.com\/en\/wp-json\/wp\/v2\/media\/448831"}],"wp:attachment":[{"href":"https:\/\/gr-100.com\/en\/wp-json\/wp\/v2\/media?parent=448785"}],"wp:term":[{"taxonomy":"product_brand","embeddable":true,"href":"https:\/\/gr-100.com\/en\/wp-json\/wp\/v2\/product_brand?post=448785"},{"taxonomy":"product_cat","embeddable":true,"href":"https:\/\/gr-100.com\/en\/wp-json\/wp\/v2\/product_cat?post=448785"},{"taxonomy":"product_tag","embeddable":true,"href":"https:\/\/gr-100.com\/en\/wp-json\/wp\/v2\/product_tag?post=448785"}],"curies":[{"name":"wp","href":"https:\/\/api.w.org\/{rel}","templated":true}]}}