{"id":460155,"date":"2026-04-24T14:02:07","date_gmt":"2026-04-24T12:02:07","guid":{"rendered":"https:\/\/gr-100.com\/?post_type=product&#038;p=460155"},"modified":"2026-04-24T14:02:07","modified_gmt":"2026-04-24T12:02:07","slug":"oakley-bxtr","status":"publish","type":"product","link":"https:\/\/gr-100.com\/en\/producto\/oakley-bxtr\/","title":{"rendered":"Oakley BXTR"},"content":{"rendered":"<ul>\n<li>Lentes prizm black ,Montura matte black<br \/>\nBXTR rinde homenaje a Baxter Street, un popular destino para el skate en Los \u00c1ngeles donde el estilo y la autenticidad siempre est\u00e1n a la vista, igual que esta montura. Las gafas de sol son el resultado de la estrecha colaboraci\u00f3n entre el equipo de dise\u00f1adores de Oakley\u00ae y los amigos de la marca, en busca de la siguiente propuesta moderna de gafas para el d\u00eda a d\u00eda. Como gui\u00f1o a nuestro legado, las BXTR tienen un dise\u00f1o de pantalla y varillas modernizadas con forma de gatillo inspiradas en las de las gafas de sol Razor Blade originales, mezclado con un estilo moderno que eleva la individualidad. El material de la montura de origen vegetal BiO-Matter\u00ae* proporciona comodidad, ligereza y durabilidad.<br \/>\n*El BiO-Matter est\u00e1 fabricado con biomateriales con un contenido m\u00ednimo de 56% de carbono derivado de materiales org\u00e1nicos (proporci\u00f3n representante de aceite de ricino a fuentes f\u00f3siles)<br \/>\n\u2022 DISE\u00d1O &#8211; Dise\u00f1o de pantalla moderno inspirado en la primera montura de rendimiento deportivo de Oakley<br \/>\n\u2022 MATERIAL DE MONTURA &#8211; La ligereza y durabilidad de la montura de BiO-Matter\u00ae proporcionan comodidad durante todo el d\u00eda<br \/>\n\u2022 GUI\u00d1O AL PASADO &#8211; El dise\u00f1o modernizado de las varillas con forma de gatillo est\u00e1 inspirado en las ic\u00f3nicas Razor Blade de Oakley<br \/>\n\u2022 AGARRE ANTIDESLIZANTE: Las plaquetas nasales de Unobtainium\u00ae ofrecen un agarre antideslizante cuando est\u00e1n h\u00famedas para ayudar a aumentar la retenci\u00f3n<br \/>\n\u2022 VE M\u00c1S DETALLES &#8211; Disponible con la tecnolog\u00eda de lentes Prizm\u2122, dise\u00f1ada para realzar el color y el contraste y permitirte ver m\u00e1s detalles.<\/li>\n<\/ul>\n","protected":false},"excerpt":{"rendered":"<p>BXTR rinde homenaje a Baxter Street, un popular destino para el skate en Los \u00c1ngeles donde el estilo y la autenticidad siempre est\u00e1n a la vista,<\/p>\n","protected":false},"featured_media":460135,"comment_status":"open","ping_status":"closed","template":"","meta":{"_acf_changed":false,"_et_pb_use_builder":"","_et_pb_old_content":"","_et_gb_content_width":"","inline_featured_image":false},"product_brand":[],"product_cat":[317,320],"product_tag":[],"class_list":{"0":"post-460155","1":"product","2":"type-product","3":"status-publish","4":"has-post-thumbnail","6":"product_cat-accessories","7":"product_cat-glasses","9":"first","10":"instock","11":"sale","12":"taxable","13":"shipping-taxable","14":"purchasable","15":"product-type-simple"},"acf":[],"yoast_head":"<!-- This site is optimized with the Yoast SEO Premium plugin v26.7 (Yoast SEO v26.7) - https:\/\/yoast.com\/wordpress\/plugins\/seo\/ -->\n<title>Oakley BXTR<\/title>\n<meta name=\"description\" content=\"BXTR rinde homenaje a Baxter Street, un popular destino para el skate en Los \u00c1ngeles donde el estilo y la autenticidad siempre est\u00e1n a la vista,\" \/>\n<meta name=\"robots\" content=\"index, follow, max-snippet:-1, max-image-preview:large, max-video-preview:-1\" \/>\n<link rel=\"canonical\" href=\"https:\/\/gr-100.com\/en\/producto\/oakley-bxtr\/\" \/>\n<meta property=\"og:locale\" content=\"en_US\" \/>\n<meta property=\"og:type\" content=\"article\" \/>\n<meta property=\"og:title\" content=\"Oakley BXTR\" \/>\n<meta property=\"og:description\" content=\"BXTR rinde homenaje a Baxter Street, un popular destino para el skate en Los \u00c1ngeles donde el estilo y la autenticidad siempre est\u00e1n a la vista,\" \/>\n<meta property=\"og:url\" content=\"https:\/\/gr-100.com\/en\/producto\/oakley-bxtr\/\" \/>\n<meta property=\"og:site_name\" content=\"Gr-100 Tienda de ciclismo Specialized\" \/>\n<meta property=\"article:publisher\" content=\"https:\/\/www.facebook.com\/Gr100Bikes\" \/>\n<meta property=\"og:image\" content=\"https:\/\/gr-100.com\/wp-content\/uploads\/2026\/04\/Gobik-Culotte-Hombre-Corte-k10-Diamond-11-3.jpg\" \/>\n\t<meta property=\"og:image:width\" content=\"1000\" \/>\n\t<meta property=\"og:image:height\" content=\"1000\" \/>\n\t<meta property=\"og:image:type\" content=\"image\/jpeg\" \/>\n<meta name=\"twitter:card\" content=\"summary_large_image\" \/>\n<meta name=\"twitter:label1\" content=\"Est. reading time\" \/>\n\t<meta name=\"twitter:data1\" content=\"1 minute\" \/>\n<script type=\"application\/ld+json\" class=\"yoast-schema-graph\">{\"@context\":\"https:\/\/schema.org\",\"@graph\":[{\"@type\":\"WebPage\",\"@id\":\"https:\/\/gr-100.com\/en\/producto\/oakley-bxtr\/\",\"url\":\"https:\/\/gr-100.com\/en\/producto\/oakley-bxtr\/\",\"name\":\"Oakley BXTR\",\"isPartOf\":{\"@id\":\"https:\/\/gr-100.com\/#website\"},\"primaryImageOfPage\":{\"@id\":\"https:\/\/gr-100.com\/en\/producto\/oakley-bxtr\/#primaryimage\"},\"image\":{\"@id\":\"https:\/\/gr-100.com\/en\/producto\/oakley-bxtr\/#primaryimage\"},\"thumbnailUrl\":\"https:\/\/gr-100.com\/wp-content\/uploads\/2026\/04\/Gobik-Culotte-Hombre-Corte-k10-Diamond-11-3.jpg\",\"datePublished\":\"2026-04-24T12:02:07+00:00\",\"description\":\"BXTR rinde homenaje a Baxter Street, un popular destino para el skate en Los \u00c1ngeles donde el estilo y la autenticidad siempre est\u00e1n a la vista,\",\"breadcrumb\":{\"@id\":\"https:\/\/gr-100.com\/en\/producto\/oakley-bxtr\/#breadcrumb\"},\"inLanguage\":\"en-US\",\"potentialAction\":[{\"@type\":\"ReadAction\",\"target\":[\"https:\/\/gr-100.com\/en\/producto\/oakley-bxtr\/\"]}]},{\"@type\":\"ImageObject\",\"inLanguage\":\"en-US\",\"@id\":\"https:\/\/gr-100.com\/en\/producto\/oakley-bxtr\/#primaryimage\",\"url\":\"https:\/\/gr-100.com\/wp-content\/uploads\/2026\/04\/Gobik-Culotte-Hombre-Corte-k10-Diamond-11-3.jpg\",\"contentUrl\":\"https:\/\/gr-100.com\/wp-content\/uploads\/2026\/04\/Gobik-Culotte-Hombre-Corte-k10-Diamond-11-3.jpg\",\"width\":1000,\"height\":1000},{\"@type\":\"BreadcrumbList\",\"@id\":\"https:\/\/gr-100.com\/en\/producto\/oakley-bxtr\/#breadcrumb\",\"itemListElement\":[{\"@type\":\"ListItem\",\"position\":1,\"name\":\"Portada\",\"item\":\"https:\/\/gr-100.com\/pt-pt\/\"},{\"@type\":\"ListItem\",\"position\":2,\"name\":\"Productos\",\"item\":\"https:\/\/gr-100.com\/?post_type=product\"},{\"@type\":\"ListItem\",\"position\":3,\"name\":\"Oakley BXTR\"}]},{\"@type\":\"WebSite\",\"@id\":\"https:\/\/gr-100.com\/#website\",\"url\":\"https:\/\/gr-100.com\/\",\"name\":\"Gr-100 Tienda de ciclismo Specialized\",\"description\":\"GR-100 tenemos todas las gamas de bicicletas Specialized al mejor precio.\",\"publisher\":{\"@id\":\"https:\/\/gr-100.com\/#organization\"},\"alternateName\":\"Gr-100 Bikes\",\"potentialAction\":[{\"@type\":\"SearchAction\",\"target\":{\"@type\":\"EntryPoint\",\"urlTemplate\":\"https:\/\/gr-100.com\/?s={search_term_string}\"},\"query-input\":{\"@type\":\"PropertyValueSpecification\",\"valueRequired\":true,\"valueName\":\"search_term_string\"}}],\"inLanguage\":\"en-US\"},{\"@type\":\"Organization\",\"@id\":\"https:\/\/gr-100.com\/#organization\",\"name\":\"Gr-100\",\"url\":\"https:\/\/gr-100.com\/\",\"logo\":{\"@type\":\"ImageObject\",\"inLanguage\":\"en-US\",\"@id\":\"https:\/\/gr-100.com\/#\/schema\/logo\/image\/\",\"url\":\"https:\/\/gr-100.com\/wp-content\/uploads\/2023\/08\/logo-gr-100-bikes.png\",\"contentUrl\":\"https:\/\/gr-100.com\/wp-content\/uploads\/2023\/08\/logo-gr-100-bikes.png\",\"width\":707,\"height\":284,\"caption\":\"Gr-100\"},\"image\":{\"@id\":\"https:\/\/gr-100.com\/#\/schema\/logo\/image\/\"},\"sameAs\":[\"https:\/\/www.facebook.com\/Gr100Bikes\",\"https:\/\/www.instagram.com\/gr100bikes\/\",\"https:\/\/www.tiktok.com\/@gr100bikes\",\"https:\/\/twitter.com\/gr100mtbteam\",\"https:\/\/www.youtube.com\/c\/GR100Specialized\"]}]}<\/script>\n<!-- \/ Yoast SEO Premium plugin. -->","yoast_head_json":{"title":"Oakley BXTR","description":"BXTR rinde homenaje a Baxter Street, un popular destino para el skate en Los \u00c1ngeles donde el estilo y la autenticidad siempre est\u00e1n a la vista,","robots":{"index":"index","follow":"follow","max-snippet":"max-snippet:-1","max-image-preview":"max-image-preview:large","max-video-preview":"max-video-preview:-1"},"canonical":"https:\/\/gr-100.com\/en\/producto\/oakley-bxtr\/","og_locale":"en_US","og_type":"article","og_title":"Oakley BXTR","og_description":"BXTR rinde homenaje a Baxter Street, un popular destino para el skate en Los \u00c1ngeles donde el estilo y la autenticidad siempre est\u00e1n a la vista,","og_url":"https:\/\/gr-100.com\/en\/producto\/oakley-bxtr\/","og_site_name":"Gr-100 Tienda de ciclismo Specialized","article_publisher":"https:\/\/www.facebook.com\/Gr100Bikes","og_image":[{"width":1000,"height":1000,"url":"https:\/\/gr-100.com\/wp-content\/uploads\/2026\/04\/Gobik-Culotte-Hombre-Corte-k10-Diamond-11-3.jpg","type":"image\/jpeg"}],"twitter_card":"summary_large_image","twitter_misc":{"Est. reading time":"1 minute"},"schema":{"@context":"https:\/\/schema.org","@graph":[{"@type":"WebPage","@id":"https:\/\/gr-100.com\/en\/producto\/oakley-bxtr\/","url":"https:\/\/gr-100.com\/en\/producto\/oakley-bxtr\/","name":"Oakley BXTR","isPartOf":{"@id":"https:\/\/gr-100.com\/#website"},"primaryImageOfPage":{"@id":"https:\/\/gr-100.com\/en\/producto\/oakley-bxtr\/#primaryimage"},"image":{"@id":"https:\/\/gr-100.com\/en\/producto\/oakley-bxtr\/#primaryimage"},"thumbnailUrl":"https:\/\/gr-100.com\/wp-content\/uploads\/2026\/04\/Gobik-Culotte-Hombre-Corte-k10-Diamond-11-3.jpg","datePublished":"2026-04-24T12:02:07+00:00","description":"BXTR rinde homenaje a Baxter Street, un popular destino para el skate en Los \u00c1ngeles donde el estilo y la autenticidad siempre est\u00e1n a la vista,","breadcrumb":{"@id":"https:\/\/gr-100.com\/en\/producto\/oakley-bxtr\/#breadcrumb"},"inLanguage":"en-US","potentialAction":[{"@type":"ReadAction","target":["https:\/\/gr-100.com\/en\/producto\/oakley-bxtr\/"]}]},{"@type":"ImageObject","inLanguage":"en-US","@id":"https:\/\/gr-100.com\/en\/producto\/oakley-bxtr\/#primaryimage","url":"https:\/\/gr-100.com\/wp-content\/uploads\/2026\/04\/Gobik-Culotte-Hombre-Corte-k10-Diamond-11-3.jpg","contentUrl":"https:\/\/gr-100.com\/wp-content\/uploads\/2026\/04\/Gobik-Culotte-Hombre-Corte-k10-Diamond-11-3.jpg","width":1000,"height":1000},{"@type":"BreadcrumbList","@id":"https:\/\/gr-100.com\/en\/producto\/oakley-bxtr\/#breadcrumb","itemListElement":[{"@type":"ListItem","position":1,"name":"Portada","item":"https:\/\/gr-100.com\/pt-pt\/"},{"@type":"ListItem","position":2,"name":"Productos","item":"https:\/\/gr-100.com\/?post_type=product"},{"@type":"ListItem","position":3,"name":"Oakley BXTR"}]},{"@type":"WebSite","@id":"https:\/\/gr-100.com\/#website","url":"https:\/\/gr-100.com\/","name":"Gr-100 Tienda de ciclismo Specialized","description":"GR-100 tenemos todas las gamas de bicicletas Specialized al mejor precio.","publisher":{"@id":"https:\/\/gr-100.com\/#organization"},"alternateName":"Gr-100 Bikes","potentialAction":[{"@type":"SearchAction","target":{"@type":"EntryPoint","urlTemplate":"https:\/\/gr-100.com\/?s={search_term_string}"},"query-input":{"@type":"PropertyValueSpecification","valueRequired":true,"valueName":"search_term_string"}}],"inLanguage":"en-US"},{"@type":"Organization","@id":"https:\/\/gr-100.com\/#organization","name":"Gr-100","url":"https:\/\/gr-100.com\/","logo":{"@type":"ImageObject","inLanguage":"en-US","@id":"https:\/\/gr-100.com\/#\/schema\/logo\/image\/","url":"https:\/\/gr-100.com\/wp-content\/uploads\/2023\/08\/logo-gr-100-bikes.png","contentUrl":"https:\/\/gr-100.com\/wp-content\/uploads\/2023\/08\/logo-gr-100-bikes.png","width":707,"height":284,"caption":"Gr-100"},"image":{"@id":"https:\/\/gr-100.com\/#\/schema\/logo\/image\/"},"sameAs":["https:\/\/www.facebook.com\/Gr100Bikes","https:\/\/www.instagram.com\/gr100bikes\/","https:\/\/www.tiktok.com\/@gr100bikes","https:\/\/twitter.com\/gr100mtbteam","https:\/\/www.youtube.com\/c\/GR100Specialized"]}]}},"_links":{"self":[{"href":"https:\/\/gr-100.com\/en\/wp-json\/wp\/v2\/product\/460155","targetHints":{"allow":["GET"]}}],"collection":[{"href":"https:\/\/gr-100.com\/en\/wp-json\/wp\/v2\/product"}],"about":[{"href":"https:\/\/gr-100.com\/en\/wp-json\/wp\/v2\/types\/product"}],"replies":[{"embeddable":true,"href":"https:\/\/gr-100.com\/en\/wp-json\/wp\/v2\/comments?post=460155"}],"wp:featuredmedia":[{"embeddable":true,"href":"https:\/\/gr-100.com\/en\/wp-json\/wp\/v2\/media\/460135"}],"wp:attachment":[{"href":"https:\/\/gr-100.com\/en\/wp-json\/wp\/v2\/media?parent=460155"}],"wp:term":[{"taxonomy":"product_brand","embeddable":true,"href":"https:\/\/gr-100.com\/en\/wp-json\/wp\/v2\/product_brand?post=460155"},{"taxonomy":"product_cat","embeddable":true,"href":"https:\/\/gr-100.com\/en\/wp-json\/wp\/v2\/product_cat?post=460155"},{"taxonomy":"product_tag","embeddable":true,"href":"https:\/\/gr-100.com\/en\/wp-json\/wp\/v2\/product_tag?post=460155"}],"curies":[{"name":"wp","href":"https:\/\/api.w.org\/{rel}","templated":true}]}}