{"id":263415,"date":"2023-08-08T09:44:25","date_gmt":"2023-08-08T08:44:25","guid":{"rendered":"https:\/\/nuevo.gr-100.com\/reembolso_devoluciones\/"},"modified":"2026-03-19T13:04:58","modified_gmt":"2026-03-19T12:04:58","slug":"envios-y-devoluciones","status":"publish","type":"page","link":"https:\/\/gr-100.com\/pt-pt\/envios-y-devoluciones\/","title":{"rendered":"Envios e devolu\u00e7\u00f5es"},"content":{"rendered":"<p>[et_pb_section fb_built=&#8221;1&#8243; _builder_version=&#8221;4.22.1&#8243; _module_preset=&#8221;default&#8221; collapsed=&#8221;off&#8221; global_colors_info=&#8221;{}&#8221;][et_pb_row _builder_version=&#8221;4.22.1&#8243; _module_preset=&#8221;default&#8221; min_height=&#8221;111px&#8221; global_colors_info=&#8221;{}&#8221;][et_pb_column type=&#8221;4_4&#8243; _builder_version=&#8221;4.22.1&#8243; _module_preset=&#8221;default&#8221; global_colors_info=&#8221;{}&#8221;][et_pb_text module_class=&#8221;title_no_wrap header_line&#8221; _builder_version=&#8221;4.23.1&#8243; _module_preset=&#8221;default&#8221; header_font=&#8221;Montserrat|600|on|on|||||&#8221; header_text_align=&#8221;center&#8221; header_text_color=&#8221;#000000&#8243; custom_margin=&#8221;3em||||false|false&#8221; custom_margin_tablet=&#8221;2em||||false|false&#8221; custom_margin_phone=&#8221;1em||||false|false&#8221; custom_margin_last_edited=&#8221;on|phone&#8221; header_text_align_tablet=&#8221;left&#8221; header_text_align_phone=&#8221;center&#8221; header_text_align_last_edited=&#8221;on|phone&#8221; text_orientation_tablet=&#8221;&#8221; text_orientation_phone=&#8221;center&#8221; text_orientation_last_edited=&#8221;on|phone&#8221; custom_css_before=&#8221;position: absolute;||    bottom: -15px;||    left: 33%;||    right: 33%;||    height: 4px;||    background: #E73B1A;||    content: %22%22;&#8221; global_colors_info=&#8221;{}&#8221;]<\/p>\n<h1>Envios e Devolu\u00e7\u00f5es<\/h1>\n<p>[\/et_pb_text][\/et_pb_column][\/et_pb_row][et_pb_row column_structure=&#8221;1_4,1_4,1_4,1_4&#8243; _builder_version=&#8221;4.23.1&#8243; _module_preset=&#8221;default&#8221; custom_padding=&#8221;||27px|||&#8221; global_colors_info=&#8221;{}&#8221;][et_pb_column type=&#8221;1_4&#8243; _builder_version=&#8221;4.23.1&#8243; _module_preset=&#8221;default&#8221; global_colors_info=&#8221;{}&#8221;][et_pb_image src=&#8221;https:\/\/gr-100.com\/wp-content\/uploads\/2024\/05\/envio_gratis.png&#8221; title_text=&#8221;envio_gratis&#8221; align=&#8221;center&#8221; disabled_on=&#8221;off|off|off&#8221; _builder_version=&#8221;4.23.1&#8243; _module_preset=&#8221;default&#8221; global_colors_info=&#8221;{}&#8221;][\/et_pb_image][et_pb_text disabled_on=&#8221;off|off|off&#8221; _builder_version=&#8221;4.23.1&#8243; _module_preset=&#8221;default&#8221; global_colors_info=&#8221;{}&#8221;]<\/p>\n<p style=\"text-align: center;\"><strong>ENVIO<\/strong><br \/>O custo do envio de bicicletas \u00e9 de 50\u20ac e o dos restantes produtos a partir de 6\u20ac.<\/p>\n<p>[\/et_pb_text][\/et_pb_column][et_pb_column type=&#8221;1_4&#8243; _builder_version=&#8221;4.23.1&#8243; _module_preset=&#8221;default&#8221; global_colors_info=&#8221;{}&#8221;][et_pb_image src=&#8221;https:\/\/gr-100.com\/wp-content\/uploads\/2024\/05\/recogida_tienda.png&#8221; title_text=&#8221;recogida_tienda&#8221; align=&#8221;center&#8221; _builder_version=&#8221;4.23.1&#8243; _module_preset=&#8221;default&#8221; global_colors_info=&#8221;{}&#8221;][\/et_pb_image][et_pb_text _builder_version=&#8221;4.23.1&#8243; _module_preset=&#8221;default&#8221; global_colors_info=&#8221;{}&#8221;]<\/p>\n<p style=\"text-align: center;\"><strong>RETIRADA NA LOJA<\/strong><br \/>Levantamento gratuito. Pode encontrar a loja mais pr\u00f3xima de si <span style=\"color: #ff0000;\"><a href=\"https:\/\/gr-100.com\/pt-pt\/nuestras-tiendas\/\" style=\"color: #ff0000;\">AQU\u00cd&gt;&gt;<\/a><\/span><\/p>\n<p>[\/et_pb_text][\/et_pb_column][et_pb_column type=&#8221;1_4&#8243; _builder_version=&#8221;4.23.1&#8243; _module_preset=&#8221;default&#8221; global_colors_info=&#8221;{}&#8221;][et_pb_image src=&#8221;https:\/\/gr-100.com\/wp-content\/uploads\/2024\/05\/entrega.png&#8221; title_text=&#8221;entrega&#8221; align=&#8221;center&#8221; _builder_version=&#8221;4.23.1&#8243; _module_preset=&#8221;default&#8221; global_colors_info=&#8221;{}&#8221;][\/et_pb_image][et_pb_text _builder_version=&#8221;4.23.1&#8243; _module_preset=&#8221;default&#8221; global_colors_info=&#8221;{}&#8221;]<\/p>\n<p style=\"text-align: center;\"><strong>ENTREGA<\/strong><br \/>Entregas en 1 \/ 2 d\u00edas h\u00e1biles. Alguns produtos podem sofrer atrasos na entrega, devido \u00e0 localiza\u00e7\u00e3o do nosso armazenamento de stocks.<\/p>\n<p>[\/et_pb_text][\/et_pb_column][et_pb_column type=&#8221;1_4&#8243; _builder_version=&#8221;4.23.1&#8243; _module_preset=&#8221;default&#8221; global_colors_info=&#8221;{}&#8221;][et_pb_image src=&#8221;https:\/\/gr-100.com\/wp-content\/uploads\/2023\/09\/icono-taller.png&#8221; title_text=&#8221;icono-taller&#8221; align=&#8221;center&#8221; _builder_version=&#8221;4.23.1&#8243; _module_preset=&#8221;default&#8221; global_colors_info=&#8221;{}&#8221;][\/et_pb_image][et_pb_text _builder_version=&#8221;4.23.1&#8243; _module_preset=&#8221;default&#8221; global_colors_info=&#8221;{}&#8221;]<\/p>\n<p style=\"text-align: center;\"><strong>BICICLETAS<\/strong><br \/>Ajustado e revisto nas nossas oficinas<\/p>\n<p>[\/et_pb_text][\/et_pb_column][\/et_pb_row][et_pb_row _builder_version=&#8221;4.27.4&#8243; _module_preset=&#8221;default&#8221; global_colors_info=&#8221;{}&#8221;][et_pb_column type=&#8221;4_4&#8243; _builder_version=&#8221;4.23.1&#8243; _module_preset=&#8221;default&#8221; global_colors_info=&#8221;{}&#8221;][et_pb_accordion _builder_version=&#8221;4.27.4&#8243; _module_preset=&#8221;default&#8221; global_colors_info=&#8221;{}&#8221;][et_pb_accordion_item title=&#8221;Envio para Portugal&#8221; open=&#8221;on&#8221; _builder_version=&#8221;4.23.1&#8243; _module_preset=&#8221;default&#8221; global_colors_info=&#8221;{}&#8221;]<\/p>\n<p>O custo do envio de bicicletas \u00e9 de 50 \u20ac e o dos restantes produtos a partir de 6 \u20ac.<br \/>A GR-100 oferece-lhe a possibilidade de levantar a sua encomenda na loja. Recolha gratuita na loja. Pode encontrar a loja mais pr\u00f3xima de si <span style=\"color: #ff0000;\"><a href=\"https:\/\/gr-100.com\/pt-pt\/nuestras-tiendas\/\" style=\"color: #ff0000;\">AQU\u00cd.<\/a><\/span><\/p>\n<p>[\/et_pb_accordion_item][et_pb_accordion_item title=&#8221;Env\u00edos para as Ilhas Can\u00e1rias, Ceuta e Melilha&#8221; _builder_version=&#8221;4.23.1&#8243; _module_preset=&#8221;default&#8221; global_colors_info=&#8221;{}&#8221; open=&#8221;off&#8221;]<\/p>\n<p>Para este tipo de envio, o custo ser\u00e1 de 150 euros. O IVA (21%) n\u00e3o ser\u00e1 cobrado, mas o sistema aduaneiro aplicar\u00e1 os impostos correspondentes. Em caso algum poderemos determinar o montante dos impostos a pagar pelo cliente aquando da rece\u00e7\u00e3o da encomenda, uma vez que, no caso das Ilhas Can\u00e1rias, por exemplo, depende do \u201cI.G.C.\u201d e da \u201cAlf\u00e2ndega das Ilhas Can\u00e1rias\u201d. <\/p>\n<p>[\/et_pb_accordion_item][et_pb_accordion_item title=&#8221;Expedi\u00e7\u00f5es para o resto da Europa&#8221; _builder_version=&#8221;4.27.4&#8243; _module_preset=&#8221;default&#8221; global_colors_info=&#8221;{}&#8221; open=&#8221;off&#8221;]<\/p>\n<p>Os envios para o resto da Europa t\u00eam um custo a partir de 50\u20ac.<\/p>\n<p>[\/et_pb_accordion_item][\/et_pb_accordion][\/et_pb_column][\/et_pb_row][et_pb_row _builder_version=&#8221;4.22.1&#8243; _module_preset=&#8221;default&#8221; custom_margin=&#8221;3em||3em||false|false&#8221; custom_margin_tablet=&#8221;2em||2em||false|false&#8221; custom_margin_phone=&#8221;1em||1em||false|false&#8221; custom_margin_last_edited=&#8221;on|phone&#8221; global_colors_info=&#8221;{}&#8221;][et_pb_column type=&#8221;4_4&#8243; _builder_version=&#8221;4.22.1&#8243; _module_preset=&#8221;default&#8221; global_colors_info=&#8221;{}&#8221;][et_pb_text _builder_version=&#8221;4.27.4&#8243; _module_preset=&#8221;default&#8221; text_font=&#8221;Montserrat||||||||&#8221; link_text_color=&#8221;#E73B1A&#8221; hover_enabled=&#8221;0&#8243; global_colors_info=&#8221;{}&#8221; sticky_enabled=&#8221;0&#8243;]<\/p>\n<p><strong>DEVOLU\u00c7\u00d5ES<\/strong><\/p>\n<p>O comprador tem o direito de rescindir o presente contrato no prazo de 14 dias de calend\u00e1rio sem indicar qualquer motivo.<\/p>\n<p>O prazo de retrata\u00e7\u00e3o expira 14 dias de calend\u00e1rio ap\u00f3s o dia \u201cem que o comprador ou um terceiro indicado pelo comprador, com exce\u00e7\u00e3o do transportador, tenha adquirido a posse material do \u00faltimo dos referidos bens\u201d.<\/p>\n<p>Para exercer o seu direito de rescis\u00e3o, deve comunicar-nos a Gr 100 Plasencia S.L., Pasaje Salvador, LOCAL 1 ZONA A, Plasencia, 10600 , C\u00e1ceres, Espanha; telefone +34 927 099 020 e endere\u00e7o de correio eletr\u00f3nico info@gr-100.com a sua decis\u00e3o de rescindir o contrato atrav\u00e9s de uma declara\u00e7\u00e3o inequ\u00edvoca (por exemplo, uma carta enviada por correio ou correio eletr\u00f3nico). Pode utilizar o modelo de formul\u00e1rio de retrata\u00e7\u00e3o abaixo indicado, embora a sua utiliza\u00e7\u00e3o n\u00e3o seja obrigat\u00f3ria.<\/p>\n<p>Para que o prazo de retrata\u00e7\u00e3o seja respeitado, basta que a comunica\u00e7\u00e3o relativa ao exerc\u00edcio deste direito seja enviada antes do termo do prazo de retrata\u00e7\u00e3o.<\/p>\n<p><strong>Consequ\u00eancias da retrata\u00e7\u00e3o<\/strong><br \/>Em caso de retrata\u00e7\u00e3o do contrato pelo consumidor, o Vendedor reembolsa todos os pagamentos recebidos do consumidor, incluindo os custos de entrega (com exce\u00e7\u00e3o dos custos adicionais resultantes da escolha de um m\u00e9todo de entrega diferente do m\u00e9todo de entrega normal menos dispendioso proposto pelo Vendedor), sem demora injustificada e, em qualquer caso, o mais tardar 14 dias de calend\u00e1rio a contar da data em que o Vendedor \u00e9 informado da sua decis\u00e3o de retrata\u00e7\u00e3o do contrato. O reembolso ser\u00e1 efectuado atrav\u00e9s do mesmo meio de pagamento utilizado pelo cliente na transa\u00e7\u00e3o inicial, salvo acordo expresso em contr\u00e1rio do cliente; em qualquer caso, o cliente n\u00e3o incorrer\u00e1 em quaisquer custos em resultado do reembolso. Podemos reter o reembolso at\u00e9 recebermos os bens de volta ou at\u00e9 o cliente apresentar prova da devolu\u00e7\u00e3o dos bens, consoante a condi\u00e7\u00e3o que se verificar primeiro.<\/p>\n<p>O comprador deve devolver-nos ou entregar-nos diretamente os bens sem demora injustificada e, em qualquer caso, o mais tardar 14 dias de calend\u00e1rio a contar da data em que nos notificar da sua decis\u00e3o de rescindir o contrato. O prazo considera-se cumprido se o utilizador devolver os bens antes do seu termo. O utilizador suporta os custos directos da devolu\u00e7\u00e3o do bem.<\/p>\n<p>O utilizador s\u00f3 \u00e9 respons\u00e1vel por qualquer diminui\u00e7\u00e3o do valor do bem resultante de um manuseamento que n\u00e3o seja o necess\u00e1rio para determinar a natureza, as caracter\u00edsticas e o funcionamento do bem.<\/p>\n<p><strong>Excep\u00e7\u00f5es ao direito de rescis\u00e3o<\/strong><br \/>O direito de retrata\u00e7\u00e3o n\u00e3o \u00e9 aplic\u00e1vel aos contratos relativos a:<\/p>\n<p>\u2013 Fornecimento de bens fabricados segundo as especifica\u00e7\u00f5es do consumidor e do utilizador ou claramente personalizados.<br \/>\u2013 O fornecimento de bens suscept\u00edveis de se deteriorarem ou de expirarem rapidamente.<br \/>\u2013 Fornecimento de bens selados que n\u00e3o possam ser devolvidos por raz\u00f5es de prote\u00e7\u00e3o da sa\u00fade ou de higiene e que tenham sido abertos ap\u00f3s a entrega.<br \/>\u2013 Fornecimento de grava\u00e7\u00f5es de som ou de v\u00eddeo seladas ou de programas inform\u00e1ticos selados que tenham sido retirados do selo pelo consumidor e pelo utilizador ap\u00f3s a entrega.<\/p>\n<p><strong>Modelo de formul\u00e1rio de retirada<\/strong><br \/>(este formul\u00e1rio s\u00f3 deve ser preenchido e enviado se o utilizador pretender rescindir o contrato)<\/p>\n<p>&#8211; Ao cuidado de Gr 100 Plasencia S.L., Pasaje Salvador, LOCAL 1 ZONA A, Plasencia, 10600 , C\u00e1ceres, Espanha; telefone +34 927 099 020 e endere\u00e7o eletr\u00f3nico info@gr-100.com<\/p>\n<p>\u2013 Venho por este meio informar-vos (*) de que rescindo o meu\/nosso (*) contrato de venda do seguinte bem\/presta\u00e7\u00e3o do seguinte servi\u00e7o (*)<\/p>\n<p>\u2013 Encomendado\/recebido em (*)<\/p>\n<p>\u2013 Nome(s) do(s) consumidor(es) e do(s) utilizador(es)<\/p>\n<p>\u2013 Domic\u00edlio do consumidor e do utilizador ou dos consumidores e utilizadores<\/p>\n<p>\u2013 Assinatura do consumidor e do(s) utilizador(es) (apenas se o presente formul\u00e1rio for apresentado em papel)<\/p>\n<p>\u2013 Data<\/p>\n<p>(*) Riscar o que n\u00e3o interessa.<\/p>\n<p><strong>Cancelamento da encomenda pelo GR-100.com<\/strong><br \/>No caso de cancelamento da encomenda pela gr-100.com, dependendo da disponibilidade de stock no nosso armaz\u00e9m, os reembolsos ser\u00e3o feitos no mesmo dia ou no dia seguinte, na mesma forma de pagamento.<\/p>\n<section><strong>Pol\u00edtica de Envios e Log\u00edstica na GR-100 Bikes<\/strong><br \/>Na <strong>GR-100 Bikes<\/strong> estamos plenamente conscientes da ilus\u00e3o e da import\u00e2ncia que tem para cada ciclista receber a sua compra a tempo. Por este motivo, contamos com uma equipa especializada dedicada exclusivamente a agilizar a sa\u00edda das tuas encomendas das nossas instala\u00e7\u00f5es, garantindo que o processo de expedi\u00e7\u00e3o seja o mais eficiente poss\u00edvel.<br \/><strong>Condi\u00e7\u00f5es Gerais de Envio<\/strong><br \/>O c\u00e1lculo dos prazos de entrega \u00e9 realizado sempre em dias \u00fateis (de segunda a sexta-feira), pelo que as festividades locais, regionais ou nacionais poder\u00e3o afetar a data final de rece\u00e7\u00e3o.<\/p>\n<blockquote>\n<p><strong>Nota sobre pagamentos:<\/strong> Se optares pela transfer\u00eancia banc\u00e1ria como m\u00e9todo de pagamento, o envio ser\u00e1 processado assim que o valor der entrada na nossa conta, o que poder\u00e1 deslocar ligeiramente a data de entrega prevista.<\/p>\n<\/blockquote>\n<ul>\n<li><strong>Per\u00edodos de alta procura:<\/strong> Durante campanhas especiais (Black Friday, promo\u00e7\u00f5es exclusivas) ou \u00e9pocas festivas como o Natal e Reis, n\u00e3o podemos garantir que as transportadoras cumpram estritamente os prazos habituais devido ao elevado volume de mercadoria que gerem.<\/li>\n<li><strong>Gest\u00e3o de volumes de grandes dimens\u00f5es:<\/strong> A <strong>GR-100 Bikes<\/strong> reserva-se a faculdade de ajustar os m\u00e9todos e tempos de entrega sem aviso pr\u00e9vio no caso de produtos de grandes dimens\u00f5es, como bicicletas completas, ou situa\u00e7\u00f5es log\u00edsticas excecionais.<\/li>\n<li><strong>Restri\u00e7\u00f5es de destino:<\/strong> Sob circunst\u00e2ncia alguma ser\u00e3o efetuadas entregas em apartados de correio.<\/li>\n<li><strong>Montagem e ajuste t\u00e9cnico:<\/strong> No caso da compra de bicicletas, os prazos de envio podem ser superiores. Isto deve-se ao facto de cada unidade ser submetida a um rigoroso processo de montagem e ajuste personalizado pelos nossos mec\u00e2nicos profissionais antes de ser embalada, para assegurar que chegue pronta a rolar.<\/li>\n<\/ul>\n<p align=\"center\"><em>Sob nenhum pretexto a <strong>GR-100 Bikes<\/strong> se responsabilizar\u00e1 por eventuais atrasos na entrega derivados do servi\u00e7o da transportadora externa.<\/em><\/p>\n<\/section>\n<p>[\/et_pb_text][\/et_pb_column][\/et_pb_row][\/et_pb_section]<\/p>\n","protected":false},"excerpt":{"rendered":"<p>Envios e Devolu\u00e7\u00f5esENVIOO custo do envio de bicicletas \u00e9 de 50\u20ac e o dos restantes produtos a partir de 6\u20ac.RETIRADA NA LOJALevantamento gratuito. Pode encontrar a loja mais pr\u00f3xima de si AQU\u00cd&gt;&gt;ENTREGAEntregas en 1 \/ 2 d\u00edas h\u00e1biles. Alguns produtos podem sofrer atrasos na entrega, devido \u00e0 localiza\u00e7\u00e3o do nosso armazenamento de stocks.BICICLETASAjustado e revisto [&hellip;]<\/p>\n","protected":false},"author":2147,"featured_media":0,"parent":0,"menu_order":0,"comment_status":"closed","ping_status":"closed","template":"","meta":{"_acf_changed":false,"_et_pb_use_builder":"on","_et_pb_old_content":"","_et_gb_content_width":"","inline_featured_image":false,"footnotes":""},"class_list":["post-263415","page","type-page","status-publish","hentry"],"acf":[],"yoast_head":"<!-- This site is optimized with the Yoast SEO Premium plugin v26.7 (Yoast SEO v26.7) - https:\/\/yoast.com\/wordpress\/plugins\/seo\/ -->\n<title>Envios e devolu\u00e7\u00f5es<\/title>\n<meta name=\"robots\" content=\"index, follow, max-snippet:-1, max-image-preview:large, max-video-preview:-1\" \/>\n<link rel=\"canonical\" href=\"https:\/\/gr-100.com\/envios-y-devoluciones\/\" \/>\n<meta property=\"og:locale\" content=\"pt_PT\" \/>\n<meta property=\"og:type\" content=\"article\" \/>\n<meta property=\"og:title\" content=\"Envios e devolu\u00e7\u00f5es\" \/>\n<meta property=\"og:description\" content=\"Envios e Devolu\u00e7\u00f5esENVIOO custo do envio de bicicletas \u00e9 de 50\u20ac e o dos restantes produtos a partir de 6\u20ac.RETIRADA NA LOJALevantamento gratuito. Pode encontrar a loja mais pr\u00f3xima de si AQU\u00cd&gt;&gt;ENTREGAEntregas en 1 \/ 2 d\u00edas h\u00e1biles. Alguns produtos podem sofrer atrasos na entrega, devido \u00e0 localiza\u00e7\u00e3o do nosso armazenamento de stocks.BICICLETASAjustado e revisto [&hellip;]\" \/>\n<meta property=\"og:url\" content=\"https:\/\/gr-100.com\/envios-y-devoluciones\/\" \/>\n<meta property=\"og:site_name\" content=\"Gr-100 Tienda de ciclismo Specialized\" \/>\n<meta property=\"article:publisher\" content=\"https:\/\/www.facebook.com\/Gr100Bikes\" \/>\n<meta property=\"article:modified_time\" content=\"2026-03-19T12:04:58+00:00\" \/>\n<meta name=\"twitter:card\" content=\"summary_large_image\" \/>\n<meta name=\"twitter:label1\" content=\"Tempo estimado de leitura\" \/>\n\t<meta name=\"twitter:data1\" content=\"5 minutos\" \/>\n<script type=\"application\/ld+json\" class=\"yoast-schema-graph\">{\"@context\":\"https:\/\/schema.org\",\"@graph\":[{\"@type\":\"WebPage\",\"@id\":\"https:\/\/gr-100.com\/envios-y-devoluciones\/\",\"url\":\"https:\/\/gr-100.com\/envios-y-devoluciones\/\",\"name\":\"Envios e devolu\u00e7\u00f5es\",\"isPartOf\":{\"@id\":\"https:\/\/gr-100.com\/#website\"},\"datePublished\":\"2023-08-08T08:44:25+00:00\",\"dateModified\":\"2026-03-19T12:04:58+00:00\",\"breadcrumb\":{\"@id\":\"https:\/\/gr-100.com\/envios-y-devoluciones\/#breadcrumb\"},\"inLanguage\":\"pt-PT\",\"potentialAction\":[{\"@type\":\"ReadAction\",\"target\":[\"https:\/\/gr-100.com\/envios-y-devoluciones\/\"]}]},{\"@type\":\"BreadcrumbList\",\"@id\":\"https:\/\/gr-100.com\/envios-y-devoluciones\/#breadcrumb\",\"itemListElement\":[{\"@type\":\"ListItem\",\"position\":1,\"name\":\"Portada\",\"item\":\"https:\/\/gr-100.com\/en\/\"},{\"@type\":\"ListItem\",\"position\":2,\"name\":\"Envios e devolu\u00e7\u00f5es\"}]},{\"@type\":\"WebSite\",\"@id\":\"https:\/\/gr-100.com\/#website\",\"url\":\"https:\/\/gr-100.com\/\",\"name\":\"Gr-100 Tienda de ciclismo Specialized\",\"description\":\"GR-100 tenemos todas las gamas de bicicletas Specialized al mejor precio.\",\"publisher\":{\"@id\":\"https:\/\/gr-100.com\/#organization\"},\"alternateName\":\"Gr-100 Bikes\",\"potentialAction\":[{\"@type\":\"SearchAction\",\"target\":{\"@type\":\"EntryPoint\",\"urlTemplate\":\"https:\/\/gr-100.com\/?s={search_term_string}\"},\"query-input\":{\"@type\":\"PropertyValueSpecification\",\"valueRequired\":true,\"valueName\":\"search_term_string\"}}],\"inLanguage\":\"pt-PT\"},{\"@type\":\"Organization\",\"@id\":\"https:\/\/gr-100.com\/#organization\",\"name\":\"Gr-100\",\"url\":\"https:\/\/gr-100.com\/\",\"logo\":{\"@type\":\"ImageObject\",\"inLanguage\":\"pt-PT\",\"@id\":\"https:\/\/gr-100.com\/#\/schema\/logo\/image\/\",\"url\":\"https:\/\/gr-100.com\/wp-content\/uploads\/2023\/08\/logo-gr-100-bikes.png\",\"contentUrl\":\"https:\/\/gr-100.com\/wp-content\/uploads\/2023\/08\/logo-gr-100-bikes.png\",\"width\":707,\"height\":284,\"caption\":\"Gr-100\"},\"image\":{\"@id\":\"https:\/\/gr-100.com\/#\/schema\/logo\/image\/\"},\"sameAs\":[\"https:\/\/www.facebook.com\/Gr100Bikes\",\"https:\/\/www.instagram.com\/gr100bikes\/\",\"https:\/\/www.tiktok.com\/@gr100bikes\",\"https:\/\/twitter.com\/gr100mtbteam\",\"https:\/\/www.youtube.com\/c\/GR100Specialized\"]}]}<\/script>\n<!-- \/ Yoast SEO Premium plugin. -->","yoast_head_json":{"title":"Envios e devolu\u00e7\u00f5es","robots":{"index":"index","follow":"follow","max-snippet":"max-snippet:-1","max-image-preview":"max-image-preview:large","max-video-preview":"max-video-preview:-1"},"canonical":"https:\/\/gr-100.com\/envios-y-devoluciones\/","og_locale":"pt_PT","og_type":"article","og_title":"Envios e devolu\u00e7\u00f5es","og_description":"Envios e Devolu\u00e7\u00f5esENVIOO custo do envio de bicicletas \u00e9 de 50\u20ac e o dos restantes produtos a partir de 6\u20ac.RETIRADA NA LOJALevantamento gratuito. Pode encontrar a loja mais pr\u00f3xima de si AQU\u00cd&gt;&gt;ENTREGAEntregas en 1 \/ 2 d\u00edas h\u00e1biles. Alguns produtos podem sofrer atrasos na entrega, devido \u00e0 localiza\u00e7\u00e3o do nosso armazenamento de stocks.BICICLETASAjustado e revisto [&hellip;]","og_url":"https:\/\/gr-100.com\/envios-y-devoluciones\/","og_site_name":"Gr-100 Tienda de ciclismo Specialized","article_publisher":"https:\/\/www.facebook.com\/Gr100Bikes","article_modified_time":"2026-03-19T12:04:58+00:00","twitter_card":"summary_large_image","twitter_misc":{"Tempo estimado de leitura":"5 minutos"},"schema":{"@context":"https:\/\/schema.org","@graph":[{"@type":"WebPage","@id":"https:\/\/gr-100.com\/envios-y-devoluciones\/","url":"https:\/\/gr-100.com\/envios-y-devoluciones\/","name":"Envios e devolu\u00e7\u00f5es","isPartOf":{"@id":"https:\/\/gr-100.com\/#website"},"datePublished":"2023-08-08T08:44:25+00:00","dateModified":"2026-03-19T12:04:58+00:00","breadcrumb":{"@id":"https:\/\/gr-100.com\/envios-y-devoluciones\/#breadcrumb"},"inLanguage":"pt-PT","potentialAction":[{"@type":"ReadAction","target":["https:\/\/gr-100.com\/envios-y-devoluciones\/"]}]},{"@type":"BreadcrumbList","@id":"https:\/\/gr-100.com\/envios-y-devoluciones\/#breadcrumb","itemListElement":[{"@type":"ListItem","position":1,"name":"Portada","item":"https:\/\/gr-100.com\/en\/"},{"@type":"ListItem","position":2,"name":"Envios e devolu\u00e7\u00f5es"}]},{"@type":"WebSite","@id":"https:\/\/gr-100.com\/#website","url":"https:\/\/gr-100.com\/","name":"Gr-100 Tienda de ciclismo Specialized","description":"GR-100 tenemos todas las gamas de bicicletas Specialized al mejor precio.","publisher":{"@id":"https:\/\/gr-100.com\/#organization"},"alternateName":"Gr-100 Bikes","potentialAction":[{"@type":"SearchAction","target":{"@type":"EntryPoint","urlTemplate":"https:\/\/gr-100.com\/?s={search_term_string}"},"query-input":{"@type":"PropertyValueSpecification","valueRequired":true,"valueName":"search_term_string"}}],"inLanguage":"pt-PT"},{"@type":"Organization","@id":"https:\/\/gr-100.com\/#organization","name":"Gr-100","url":"https:\/\/gr-100.com\/","logo":{"@type":"ImageObject","inLanguage":"pt-PT","@id":"https:\/\/gr-100.com\/#\/schema\/logo\/image\/","url":"https:\/\/gr-100.com\/wp-content\/uploads\/2023\/08\/logo-gr-100-bikes.png","contentUrl":"https:\/\/gr-100.com\/wp-content\/uploads\/2023\/08\/logo-gr-100-bikes.png","width":707,"height":284,"caption":"Gr-100"},"image":{"@id":"https:\/\/gr-100.com\/#\/schema\/logo\/image\/"},"sameAs":["https:\/\/www.facebook.com\/Gr100Bikes","https:\/\/www.instagram.com\/gr100bikes\/","https:\/\/www.tiktok.com\/@gr100bikes","https:\/\/twitter.com\/gr100mtbteam","https:\/\/www.youtube.com\/c\/GR100Specialized"]}]}},"_links":{"self":[{"href":"https:\/\/gr-100.com\/pt-pt\/wp-json\/wp\/v2\/pages\/263415","targetHints":{"allow":["GET"]}}],"collection":[{"href":"https:\/\/gr-100.com\/pt-pt\/wp-json\/wp\/v2\/pages"}],"about":[{"href":"https:\/\/gr-100.com\/pt-pt\/wp-json\/wp\/v2\/types\/page"}],"author":[{"embeddable":true,"href":"https:\/\/gr-100.com\/pt-pt\/wp-json\/wp\/v2\/users\/2147"}],"replies":[{"embeddable":true,"href":"https:\/\/gr-100.com\/pt-pt\/wp-json\/wp\/v2\/comments?post=263415"}],"version-history":[{"count":7,"href":"https:\/\/gr-100.com\/pt-pt\/wp-json\/wp\/v2\/pages\/263415\/revisions"}],"predecessor-version":[{"id":449119,"href":"https:\/\/gr-100.com\/pt-pt\/wp-json\/wp\/v2\/pages\/263415\/revisions\/449119"}],"wp:attachment":[{"href":"https:\/\/gr-100.com\/pt-pt\/wp-json\/wp\/v2\/media?parent=263415"}],"curies":[{"name":"wp","href":"https:\/\/api.w.org\/{rel}","templated":true}]}}