{"id":370152,"date":"2024-07-01T08:17:27","date_gmt":"2024-07-01T08:17:27","guid":{"rendered":"https:\/\/nuevo.gr-100.com\/producto\/rapidair-tire-sealant\/"},"modified":"2025-09-22T16:45:18","modified_gmt":"2025-09-22T14:45:18","slug":"rapidair-tire-sealant","status":"publish","type":"product","link":"https:\/\/gr-100.com\/pt-pt\/producto\/rapidair-tire-sealant\/","title":{"rendered":"Rapidair Tire Sealant"},"content":{"rendered":"<p>Nuestro nuevo sellador de neum\u00e1ticos RapidAir ha sido dise\u00f1ado a medida junto a nuestros nuevos neum\u00e1ticos RapidAir y las ruedas Roval para ser la configuraci\u00f3n de neum\u00e1ticos m\u00e1s r\u00e1pida que existe.<\/p>\n<p>A trav\u00e9s del desarrollo, hemos aprendido que los neum\u00e1ticos de alta presi\u00f3n de 24-30 mm requieren una f\u00f3rmula totalmente diferente para sellar los pinchazos. Nuestra nueva mezcla exclusiva no solo sella inmediatamente los pinchazos de hasta 3 mm en un amplio rango de temperaturas, sino que, a diferencia de otros selladores, el sellador RapidAir tambi\u00e9n mantendr\u00e1 el sellado cuando se vuelva a inflar a la presi\u00f3n de conducci\u00f3n normal.<\/p>\n<ul>\n<li>Sella al instante con una pedida m\u00ednima de presi\u00f3n.<\/li>\n<li>Compatible con CO2.<\/li>\n<li>Funciona con un amplio rango de temperatura (-20\u00b0 \u2013 70\u00b0C).<\/li>\n<li>Crea el tap\u00f3n m\u00e1s resistente despu\u00e9s del sellado.<\/li>\n<li>Sin da\u00f1os en las piezas de la bicicleta.<\/li>\n<li>Cantidad recomendada de sellador por neum\u00e1tico: Tama\u00f1o del neum\u00e1tico 24-26 mm &#8211; 40 ml; 28-30 mm &#8211; 50 ml Para un rendimiento optimo, utilizar 60ml para cualquier neum\u00e1tico de 24-30 mm<\/li>\n<\/ul>\n","protected":false},"excerpt":{"rendered":"<p>RAPIDAIR TIRE SEALANT 60 ml. Nuestro nuevo sellador de neum\u00e1ticos RapidAir ha sido dise\u00f1ado junto a nuestros nuevos neum\u00e1ticos RapidAir y las ruedas Roval<\/p>\n","protected":false},"featured_media":270611,"comment_status":"closed","ping_status":"closed","template":"","meta":{"_acf_changed":false,"_et_pb_use_builder":"","_et_pb_old_content":"","_et_gb_content_width":"","inline_featured_image":false},"product_brand":[],"product_cat":[26,2364],"product_tag":[],"class_list":{"0":"post-370152","1":"product","2":"type-product","3":"status-publish","4":"has-post-thumbnail","6":"product_cat-accesorios","7":"product_cat-mantenimiento-bicicletas","9":"first","10":"outofstock","11":"sale","12":"taxable","13":"shipping-taxable","14":"purchasable","15":"product-type-simple"},"acf":[],"yoast_head":"<!-- This site is optimized with the Yoast SEO Premium plugin v26.7 (Yoast SEO v26.7) - https:\/\/yoast.com\/wordpress\/plugins\/seo\/ -->\n<title>Rapidair Tire Sealant SELLANTE 2BLISS GR-100<\/title>\n<meta name=\"description\" content=\"RAPIDAIR TIRE SEALANT. Nuestro nuevo sellador de neum\u00e1ticos RapidAir ha sido dise\u00f1ado junto a nuestros nuevos neum\u00e1ticos RapidAir y las ruedas Roval\" \/>\n<meta name=\"robots\" content=\"index, follow, max-snippet:-1, max-image-preview:large, max-video-preview:-1\" \/>\n<link rel=\"canonical\" href=\"https:\/\/gr-100.com\/producto\/rapidair-tire-sealant\/\" \/>\n<meta property=\"og:locale\" content=\"pt_PT\" \/>\n<meta property=\"og:type\" content=\"article\" \/>\n<meta property=\"og:title\" content=\"Rapidair Tire Sealant\" \/>\n<meta property=\"og:description\" content=\"RAPIDAIR TIRE SEALANT. Nuestro nuevo sellador de neum\u00e1ticos RapidAir ha sido dise\u00f1ado junto a nuestros nuevos neum\u00e1ticos RapidAir y las ruedas Roval\" \/>\n<meta property=\"og:url\" content=\"https:\/\/gr-100.com\/producto\/rapidair-tire-sealant\/\" \/>\n<meta property=\"og:site_name\" content=\"Gr-100 Tienda de ciclismo Specialized\" \/>\n<meta property=\"article:publisher\" content=\"https:\/\/www.facebook.com\/Gr100Bikes\" \/>\n<meta property=\"article:modified_time\" content=\"2025-09-22T14:45:18+00:00\" \/>\n<meta property=\"og:image\" content=\"https:\/\/gr-100.com\/wp-content\/uploads\/2024\/05\/54120-210__RAPIDAIR-TIRE-SE.jpg\" \/>\n\t<meta property=\"og:image:width\" content=\"1000\" \/>\n\t<meta property=\"og:image:height\" content=\"1000\" \/>\n\t<meta property=\"og:image:type\" content=\"image\/jpeg\" \/>\n<meta name=\"twitter:card\" content=\"summary_large_image\" \/>\n<meta name=\"twitter:label1\" content=\"Tempo estimado de leitura\" \/>\n\t<meta name=\"twitter:data1\" content=\"1 minuto\" \/>\n<script type=\"application\/ld+json\" class=\"yoast-schema-graph\">{\"@context\":\"https:\/\/schema.org\",\"@graph\":[{\"@type\":\"WebPage\",\"@id\":\"https:\/\/gr-100.com\/producto\/rapidair-tire-sealant\/\",\"url\":\"https:\/\/gr-100.com\/producto\/rapidair-tire-sealant\/\",\"name\":\"Rapidair Tire Sealant SELLANTE 2BLISS GR-100\",\"isPartOf\":{\"@id\":\"https:\/\/gr-100.com\/#website\"},\"primaryImageOfPage\":{\"@id\":\"https:\/\/gr-100.com\/producto\/rapidair-tire-sealant\/#primaryimage\"},\"image\":{\"@id\":\"https:\/\/gr-100.com\/producto\/rapidair-tire-sealant\/#primaryimage\"},\"thumbnailUrl\":\"https:\/\/gr-100.com\/wp-content\/uploads\/2024\/05\/54120-210__RAPIDAIR-TIRE-SE.jpg\",\"datePublished\":\"2024-07-01T08:17:27+00:00\",\"dateModified\":\"2025-09-22T14:45:18+00:00\",\"description\":\"RAPIDAIR TIRE SEALANT. Nuestro nuevo sellador de neum\u00e1ticos RapidAir ha sido dise\u00f1ado junto a nuestros nuevos neum\u00e1ticos RapidAir y las ruedas Roval\",\"breadcrumb\":{\"@id\":\"https:\/\/gr-100.com\/producto\/rapidair-tire-sealant\/#breadcrumb\"},\"inLanguage\":\"pt-PT\",\"potentialAction\":[{\"@type\":\"ReadAction\",\"target\":[\"https:\/\/gr-100.com\/producto\/rapidair-tire-sealant\/\"]}]},{\"@type\":\"ImageObject\",\"inLanguage\":\"pt-PT\",\"@id\":\"https:\/\/gr-100.com\/producto\/rapidair-tire-sealant\/#primaryimage\",\"url\":\"https:\/\/gr-100.com\/wp-content\/uploads\/2024\/05\/54120-210__RAPIDAIR-TIRE-SE.jpg\",\"contentUrl\":\"https:\/\/gr-100.com\/wp-content\/uploads\/2024\/05\/54120-210__RAPIDAIR-TIRE-SE.jpg\",\"width\":1000,\"height\":1000},{\"@type\":\"BreadcrumbList\",\"@id\":\"https:\/\/gr-100.com\/producto\/rapidair-tire-sealant\/#breadcrumb\",\"itemListElement\":[{\"@type\":\"ListItem\",\"position\":1,\"name\":\"Portada\",\"item\":\"https:\/\/gr-100.com\/en\/\"},{\"@type\":\"ListItem\",\"position\":2,\"name\":\"Productos\",\"item\":\"https:\/\/gr-100.com\/?post_type=product\"},{\"@type\":\"ListItem\",\"position\":3,\"name\":\"Rapidair Tire Sealant\"}]},{\"@type\":\"WebSite\",\"@id\":\"https:\/\/gr-100.com\/#website\",\"url\":\"https:\/\/gr-100.com\/\",\"name\":\"Gr-100 Tienda de ciclismo Specialized\",\"description\":\"GR-100 tenemos todas las gamas de bicicletas Specialized al mejor precio.\",\"publisher\":{\"@id\":\"https:\/\/gr-100.com\/#organization\"},\"alternateName\":\"Gr-100 Bikes\",\"potentialAction\":[{\"@type\":\"SearchAction\",\"target\":{\"@type\":\"EntryPoint\",\"urlTemplate\":\"https:\/\/gr-100.com\/?s={search_term_string}\"},\"query-input\":{\"@type\":\"PropertyValueSpecification\",\"valueRequired\":true,\"valueName\":\"search_term_string\"}}],\"inLanguage\":\"pt-PT\"},{\"@type\":\"Organization\",\"@id\":\"https:\/\/gr-100.com\/#organization\",\"name\":\"Gr-100\",\"url\":\"https:\/\/gr-100.com\/\",\"logo\":{\"@type\":\"ImageObject\",\"inLanguage\":\"pt-PT\",\"@id\":\"https:\/\/gr-100.com\/#\/schema\/logo\/image\/\",\"url\":\"https:\/\/gr-100.com\/wp-content\/uploads\/2023\/08\/logo-gr-100-bikes.png\",\"contentUrl\":\"https:\/\/gr-100.com\/wp-content\/uploads\/2023\/08\/logo-gr-100-bikes.png\",\"width\":707,\"height\":284,\"caption\":\"Gr-100\"},\"image\":{\"@id\":\"https:\/\/gr-100.com\/#\/schema\/logo\/image\/\"},\"sameAs\":[\"https:\/\/www.facebook.com\/Gr100Bikes\",\"https:\/\/www.instagram.com\/gr100bikes\/\",\"https:\/\/www.tiktok.com\/@gr100bikes\",\"https:\/\/twitter.com\/gr100mtbteam\",\"https:\/\/www.youtube.com\/c\/GR100Specialized\"]}]}<\/script>\n<!-- \/ Yoast SEO Premium plugin. -->","yoast_head_json":{"title":"Rapidair Tire Sealant SELLANTE 2BLISS GR-100","description":"RAPIDAIR TIRE SEALANT. Nuestro nuevo sellador de neum\u00e1ticos RapidAir ha sido dise\u00f1ado junto a nuestros nuevos neum\u00e1ticos RapidAir y las ruedas Roval","robots":{"index":"index","follow":"follow","max-snippet":"max-snippet:-1","max-image-preview":"max-image-preview:large","max-video-preview":"max-video-preview:-1"},"canonical":"https:\/\/gr-100.com\/producto\/rapidair-tire-sealant\/","og_locale":"pt_PT","og_type":"article","og_title":"Rapidair Tire Sealant","og_description":"RAPIDAIR TIRE SEALANT. Nuestro nuevo sellador de neum\u00e1ticos RapidAir ha sido dise\u00f1ado junto a nuestros nuevos neum\u00e1ticos RapidAir y las ruedas Roval","og_url":"https:\/\/gr-100.com\/producto\/rapidair-tire-sealant\/","og_site_name":"Gr-100 Tienda de ciclismo Specialized","article_publisher":"https:\/\/www.facebook.com\/Gr100Bikes","article_modified_time":"2025-09-22T14:45:18+00:00","og_image":[{"width":1000,"height":1000,"url":"https:\/\/gr-100.com\/wp-content\/uploads\/2024\/05\/54120-210__RAPIDAIR-TIRE-SE.jpg","type":"image\/jpeg"}],"twitter_card":"summary_large_image","twitter_misc":{"Tempo estimado de leitura":"1 minuto"},"schema":{"@context":"https:\/\/schema.org","@graph":[{"@type":"WebPage","@id":"https:\/\/gr-100.com\/producto\/rapidair-tire-sealant\/","url":"https:\/\/gr-100.com\/producto\/rapidair-tire-sealant\/","name":"Rapidair Tire Sealant SELLANTE 2BLISS GR-100","isPartOf":{"@id":"https:\/\/gr-100.com\/#website"},"primaryImageOfPage":{"@id":"https:\/\/gr-100.com\/producto\/rapidair-tire-sealant\/#primaryimage"},"image":{"@id":"https:\/\/gr-100.com\/producto\/rapidair-tire-sealant\/#primaryimage"},"thumbnailUrl":"https:\/\/gr-100.com\/wp-content\/uploads\/2024\/05\/54120-210__RAPIDAIR-TIRE-SE.jpg","datePublished":"2024-07-01T08:17:27+00:00","dateModified":"2025-09-22T14:45:18+00:00","description":"RAPIDAIR TIRE SEALANT. Nuestro nuevo sellador de neum\u00e1ticos RapidAir ha sido dise\u00f1ado junto a nuestros nuevos neum\u00e1ticos RapidAir y las ruedas Roval","breadcrumb":{"@id":"https:\/\/gr-100.com\/producto\/rapidair-tire-sealant\/#breadcrumb"},"inLanguage":"pt-PT","potentialAction":[{"@type":"ReadAction","target":["https:\/\/gr-100.com\/producto\/rapidair-tire-sealant\/"]}]},{"@type":"ImageObject","inLanguage":"pt-PT","@id":"https:\/\/gr-100.com\/producto\/rapidair-tire-sealant\/#primaryimage","url":"https:\/\/gr-100.com\/wp-content\/uploads\/2024\/05\/54120-210__RAPIDAIR-TIRE-SE.jpg","contentUrl":"https:\/\/gr-100.com\/wp-content\/uploads\/2024\/05\/54120-210__RAPIDAIR-TIRE-SE.jpg","width":1000,"height":1000},{"@type":"BreadcrumbList","@id":"https:\/\/gr-100.com\/producto\/rapidair-tire-sealant\/#breadcrumb","itemListElement":[{"@type":"ListItem","position":1,"name":"Portada","item":"https:\/\/gr-100.com\/en\/"},{"@type":"ListItem","position":2,"name":"Productos","item":"https:\/\/gr-100.com\/?post_type=product"},{"@type":"ListItem","position":3,"name":"Rapidair Tire Sealant"}]},{"@type":"WebSite","@id":"https:\/\/gr-100.com\/#website","url":"https:\/\/gr-100.com\/","name":"Gr-100 Tienda de ciclismo Specialized","description":"GR-100 tenemos todas las gamas de bicicletas Specialized al mejor precio.","publisher":{"@id":"https:\/\/gr-100.com\/#organization"},"alternateName":"Gr-100 Bikes","potentialAction":[{"@type":"SearchAction","target":{"@type":"EntryPoint","urlTemplate":"https:\/\/gr-100.com\/?s={search_term_string}"},"query-input":{"@type":"PropertyValueSpecification","valueRequired":true,"valueName":"search_term_string"}}],"inLanguage":"pt-PT"},{"@type":"Organization","@id":"https:\/\/gr-100.com\/#organization","name":"Gr-100","url":"https:\/\/gr-100.com\/","logo":{"@type":"ImageObject","inLanguage":"pt-PT","@id":"https:\/\/gr-100.com\/#\/schema\/logo\/image\/","url":"https:\/\/gr-100.com\/wp-content\/uploads\/2023\/08\/logo-gr-100-bikes.png","contentUrl":"https:\/\/gr-100.com\/wp-content\/uploads\/2023\/08\/logo-gr-100-bikes.png","width":707,"height":284,"caption":"Gr-100"},"image":{"@id":"https:\/\/gr-100.com\/#\/schema\/logo\/image\/"},"sameAs":["https:\/\/www.facebook.com\/Gr100Bikes","https:\/\/www.instagram.com\/gr100bikes\/","https:\/\/www.tiktok.com\/@gr100bikes","https:\/\/twitter.com\/gr100mtbteam","https:\/\/www.youtube.com\/c\/GR100Specialized"]}]}},"_links":{"self":[{"href":"https:\/\/gr-100.com\/pt-pt\/wp-json\/wp\/v2\/product\/370152","targetHints":{"allow":["GET"]}}],"collection":[{"href":"https:\/\/gr-100.com\/pt-pt\/wp-json\/wp\/v2\/product"}],"about":[{"href":"https:\/\/gr-100.com\/pt-pt\/wp-json\/wp\/v2\/types\/product"}],"replies":[{"embeddable":true,"href":"https:\/\/gr-100.com\/pt-pt\/wp-json\/wp\/v2\/comments?post=370152"}],"wp:featuredmedia":[{"embeddable":true,"href":"https:\/\/gr-100.com\/pt-pt\/wp-json\/wp\/v2\/media\/270611"}],"wp:attachment":[{"href":"https:\/\/gr-100.com\/pt-pt\/wp-json\/wp\/v2\/media?parent=370152"}],"wp:term":[{"taxonomy":"product_brand","embeddable":true,"href":"https:\/\/gr-100.com\/pt-pt\/wp-json\/wp\/v2\/product_brand?post=370152"},{"taxonomy":"product_cat","embeddable":true,"href":"https:\/\/gr-100.com\/pt-pt\/wp-json\/wp\/v2\/product_cat?post=370152"},{"taxonomy":"product_tag","embeddable":true,"href":"https:\/\/gr-100.com\/pt-pt\/wp-json\/wp\/v2\/product_tag?post=370152"}],"curies":[{"name":"wp","href":"https:\/\/api.w.org\/{rel}","templated":true}]}}