{"id":370170,"date":"2024-07-01T08:18:06","date_gmt":"2024-07-01T08:18:06","guid":{"rendered":"https:\/\/nuevo.gr-100.com\/producto\/specialized-power-comp\/"},"modified":"2026-04-23T12:16:06","modified_gmt":"2026-04-23T10:16:06","slug":"specialized-power-comp","status":"publish","type":"product","link":"https:\/\/gr-100.com\/pt-pt\/producto\/specialized-power-comp\/","title":{"rendered":"Specialized Power Comp"},"content":{"rendered":"<p>El sill\u00edn Power Comp dispone de una carcasa r\u00edgida reforzada con carbono y dise\u00f1o Body Geometry ideal tanto para hombres como para mujeres. La diferencia la encontramos en los ra\u00edles, de Cr-Mo para ser exactos. Esto significa que sacrificar\u00e1s apenas 17 gramos en aras de la durabilidad, pero disfrutar\u00e1s del mismo rendimiento superior en todas las posiciones con apoyo, especialmente las m\u00e1s agresivas. Probado mediante comprobaciones del flujo sangu\u00edneo y puntos de presi\u00f3n, y con acolchado de PU de nivel dos de grado medio, canal Body Geometry alargado y extra ancho, y apoyo adecuado de los isquiones, este sill\u00edn te ofrece comodidad durante todo el d\u00eda.<\/p>\n<ul>\n<li>Dise\u00f1o Body Geometry probada en el laboratorio asegura el flujo sangu\u00edneo a las arterias sensibles, tanto en hombres como mujeres.<\/li>\n<li>R\u00edgida carcasa reforzada en carbono para mayor duraci\u00f3n y eficiencia en rutas de todo el d\u00eda.<\/li>\n<li>Ligera espuma de PU con pastillas de gel, mayor comodidad en rutas m\u00e1s largas.<\/li>\n<li>Ligeros y resistentes ra\u00edles de Cr-Mo.<\/li>\n<li>Cubierta resistente, ligera e impermeable.<\/li>\n<li>Nivel acolchado 2: acolchado media densidad, buena sensaci\u00f3n sobre la bici y con el relleno justo.<\/li>\n<li>Compatible con montaje SWAT\u2122, con roscas situadas en la base del sill\u00edn para tener plena integraci\u00f3n en soluciones del almacenamiento.<\/li>\n<li>Talla 143 mm \/ Peso 247 g<\/li>\n<li>Talla 155 mm \/ Peso 253 g<\/li>\n<\/ul>\n","protected":false},"excerpt":{"rendered":"<p>El sill\u00edn Power Comp dispone de una carcasa r\u00edgida reforzada con carbono y dise\u00f1o Body Geometry ideal tanto para hombres como para mujeres.<\/p>\n","protected":false},"featured_media":270661,"comment_status":"closed","ping_status":"closed","template":"","meta":{"_acf_changed":false,"_et_pb_use_builder":"","_et_pb_old_content":"","_et_gb_content_width":"","inline_featured_image":false},"product_brand":[],"product_cat":[25,56],"product_tag":[],"class_list":{"0":"post-370170","1":"product","2":"type-product","3":"status-publish","4":"has-post-thumbnail","6":"product_cat-componentes","7":"product_cat-sillines","8":"product_shipping_class-componentes","9":"pa_tamanos-2170","10":"pa_tamanos-2171","12":"first","13":"instock","14":"taxable","15":"shipping-taxable","16":"purchasable","17":"product-type-variable","18":"wvs-archive-product-wrapper"},"acf":[],"yoast_head":"<!-- This site is optimized with the Yoast SEO Premium plugin v26.7 (Yoast SEO v26.7) - https:\/\/yoast.com\/wordpress\/plugins\/seo\/ -->\n<title>Specialized Power Comp Sillines - GR-100<\/title>\n<meta name=\"description\" content=\"SPECIALIZED POWER COMP. El sill\u00edn Dispone de una carcasa r\u00edgida reforzada con carbono y dise\u00f1o Body Geometry ideal tanto para hombres como para mujeres.\" \/>\n<meta name=\"robots\" content=\"index, follow, max-snippet:-1, max-image-preview:large, max-video-preview:-1\" \/>\n<link rel=\"canonical\" href=\"https:\/\/gr-100.com\/producto\/specialized-power-comp\/\" \/>\n<meta property=\"og:locale\" content=\"pt_PT\" \/>\n<meta property=\"og:type\" content=\"article\" \/>\n<meta property=\"og:title\" content=\"Specialized Power Comp\" \/>\n<meta property=\"og:description\" content=\"SPECIALIZED POWER COMP. El sill\u00edn Dispone de una carcasa r\u00edgida reforzada con carbono y dise\u00f1o Body Geometry ideal tanto para hombres como para mujeres.\" \/>\n<meta property=\"og:url\" content=\"https:\/\/gr-100.com\/producto\/specialized-power-comp\/\" \/>\n<meta property=\"og:site_name\" content=\"Gr-100 Tienda de ciclismo Specialized\" \/>\n<meta property=\"article:publisher\" content=\"https:\/\/www.facebook.com\/Gr100Bikes\" \/>\n<meta property=\"article:modified_time\" content=\"2026-04-23T10:16:06+00:00\" \/>\n<meta property=\"og:image\" content=\"https:\/\/gr-100.com\/wp-content\/uploads\/2024\/05\/1-27116-180_SDDL_POWER-COMP.jpg\" \/>\n\t<meta property=\"og:image:width\" content=\"1000\" \/>\n\t<meta property=\"og:image:height\" content=\"1000\" \/>\n\t<meta property=\"og:image:type\" content=\"image\/jpeg\" \/>\n<meta name=\"twitter:card\" content=\"summary_large_image\" \/>\n<meta name=\"twitter:label1\" content=\"Tempo estimado de leitura\" \/>\n\t<meta name=\"twitter:data1\" content=\"2 minutos\" \/>\n<script type=\"application\/ld+json\" class=\"yoast-schema-graph\">{\"@context\":\"https:\/\/schema.org\",\"@graph\":[{\"@type\":\"WebPage\",\"@id\":\"https:\/\/gr-100.com\/producto\/specialized-power-comp\/\",\"url\":\"https:\/\/gr-100.com\/producto\/specialized-power-comp\/\",\"name\":\"Specialized Power Comp Sillines - GR-100\",\"isPartOf\":{\"@id\":\"https:\/\/gr-100.com\/#website\"},\"primaryImageOfPage\":{\"@id\":\"https:\/\/gr-100.com\/producto\/specialized-power-comp\/#primaryimage\"},\"image\":{\"@id\":\"https:\/\/gr-100.com\/producto\/specialized-power-comp\/#primaryimage\"},\"thumbnailUrl\":\"https:\/\/gr-100.com\/wp-content\/uploads\/2024\/05\/1-27116-180_SDDL_POWER-COMP.jpg\",\"datePublished\":\"2024-07-01T08:18:06+00:00\",\"dateModified\":\"2026-04-23T10:16:06+00:00\",\"description\":\"SPECIALIZED POWER COMP. El sill\u00edn Dispone de una carcasa r\u00edgida reforzada con carbono y dise\u00f1o Body Geometry ideal tanto para hombres como para mujeres.\",\"breadcrumb\":{\"@id\":\"https:\/\/gr-100.com\/producto\/specialized-power-comp\/#breadcrumb\"},\"inLanguage\":\"pt-PT\",\"potentialAction\":[{\"@type\":\"ReadAction\",\"target\":[\"https:\/\/gr-100.com\/producto\/specialized-power-comp\/\"]}]},{\"@type\":\"ImageObject\",\"inLanguage\":\"pt-PT\",\"@id\":\"https:\/\/gr-100.com\/producto\/specialized-power-comp\/#primaryimage\",\"url\":\"https:\/\/gr-100.com\/wp-content\/uploads\/2024\/05\/1-27116-180_SDDL_POWER-COMP.jpg\",\"contentUrl\":\"https:\/\/gr-100.com\/wp-content\/uploads\/2024\/05\/1-27116-180_SDDL_POWER-COMP.jpg\",\"width\":1000,\"height\":1000},{\"@type\":\"BreadcrumbList\",\"@id\":\"https:\/\/gr-100.com\/producto\/specialized-power-comp\/#breadcrumb\",\"itemListElement\":[{\"@type\":\"ListItem\",\"position\":1,\"name\":\"Portada\",\"item\":\"https:\/\/gr-100.com\/en\/\"},{\"@type\":\"ListItem\",\"position\":2,\"name\":\"Productos\",\"item\":\"https:\/\/gr-100.com\/?post_type=product\"},{\"@type\":\"ListItem\",\"position\":3,\"name\":\"Specialized Power Comp\"}]},{\"@type\":\"WebSite\",\"@id\":\"https:\/\/gr-100.com\/#website\",\"url\":\"https:\/\/gr-100.com\/\",\"name\":\"Gr-100 Tienda de ciclismo Specialized\",\"description\":\"GR-100 tenemos todas las gamas de bicicletas Specialized al mejor precio.\",\"publisher\":{\"@id\":\"https:\/\/gr-100.com\/#organization\"},\"alternateName\":\"Gr-100 Bikes\",\"potentialAction\":[{\"@type\":\"SearchAction\",\"target\":{\"@type\":\"EntryPoint\",\"urlTemplate\":\"https:\/\/gr-100.com\/?s={search_term_string}\"},\"query-input\":{\"@type\":\"PropertyValueSpecification\",\"valueRequired\":true,\"valueName\":\"search_term_string\"}}],\"inLanguage\":\"pt-PT\"},{\"@type\":\"Organization\",\"@id\":\"https:\/\/gr-100.com\/#organization\",\"name\":\"Gr-100\",\"url\":\"https:\/\/gr-100.com\/\",\"logo\":{\"@type\":\"ImageObject\",\"inLanguage\":\"pt-PT\",\"@id\":\"https:\/\/gr-100.com\/#\/schema\/logo\/image\/\",\"url\":\"https:\/\/gr-100.com\/wp-content\/uploads\/2023\/08\/logo-gr-100-bikes.png\",\"contentUrl\":\"https:\/\/gr-100.com\/wp-content\/uploads\/2023\/08\/logo-gr-100-bikes.png\",\"width\":707,\"height\":284,\"caption\":\"Gr-100\"},\"image\":{\"@id\":\"https:\/\/gr-100.com\/#\/schema\/logo\/image\/\"},\"sameAs\":[\"https:\/\/www.facebook.com\/Gr100Bikes\",\"https:\/\/www.instagram.com\/gr100bikes\/\",\"https:\/\/www.tiktok.com\/@gr100bikes\",\"https:\/\/twitter.com\/gr100mtbteam\",\"https:\/\/www.youtube.com\/c\/GR100Specialized\"]}]}<\/script>\n<!-- \/ Yoast SEO Premium plugin. -->","yoast_head_json":{"title":"Specialized Power Comp Sillines - GR-100","description":"SPECIALIZED POWER COMP. El sill\u00edn Dispone de una carcasa r\u00edgida reforzada con carbono y dise\u00f1o Body Geometry ideal tanto para hombres como para mujeres.","robots":{"index":"index","follow":"follow","max-snippet":"max-snippet:-1","max-image-preview":"max-image-preview:large","max-video-preview":"max-video-preview:-1"},"canonical":"https:\/\/gr-100.com\/producto\/specialized-power-comp\/","og_locale":"pt_PT","og_type":"article","og_title":"Specialized Power Comp","og_description":"SPECIALIZED POWER COMP. El sill\u00edn Dispone de una carcasa r\u00edgida reforzada con carbono y dise\u00f1o Body Geometry ideal tanto para hombres como para mujeres.","og_url":"https:\/\/gr-100.com\/producto\/specialized-power-comp\/","og_site_name":"Gr-100 Tienda de ciclismo Specialized","article_publisher":"https:\/\/www.facebook.com\/Gr100Bikes","article_modified_time":"2026-04-23T10:16:06+00:00","og_image":[{"width":1000,"height":1000,"url":"https:\/\/gr-100.com\/wp-content\/uploads\/2024\/05\/1-27116-180_SDDL_POWER-COMP.jpg","type":"image\/jpeg"}],"twitter_card":"summary_large_image","twitter_misc":{"Tempo estimado de leitura":"2 minutos"},"schema":{"@context":"https:\/\/schema.org","@graph":[{"@type":"WebPage","@id":"https:\/\/gr-100.com\/producto\/specialized-power-comp\/","url":"https:\/\/gr-100.com\/producto\/specialized-power-comp\/","name":"Specialized Power Comp Sillines - GR-100","isPartOf":{"@id":"https:\/\/gr-100.com\/#website"},"primaryImageOfPage":{"@id":"https:\/\/gr-100.com\/producto\/specialized-power-comp\/#primaryimage"},"image":{"@id":"https:\/\/gr-100.com\/producto\/specialized-power-comp\/#primaryimage"},"thumbnailUrl":"https:\/\/gr-100.com\/wp-content\/uploads\/2024\/05\/1-27116-180_SDDL_POWER-COMP.jpg","datePublished":"2024-07-01T08:18:06+00:00","dateModified":"2026-04-23T10:16:06+00:00","description":"SPECIALIZED POWER COMP. El sill\u00edn Dispone de una carcasa r\u00edgida reforzada con carbono y dise\u00f1o Body Geometry ideal tanto para hombres como para mujeres.","breadcrumb":{"@id":"https:\/\/gr-100.com\/producto\/specialized-power-comp\/#breadcrumb"},"inLanguage":"pt-PT","potentialAction":[{"@type":"ReadAction","target":["https:\/\/gr-100.com\/producto\/specialized-power-comp\/"]}]},{"@type":"ImageObject","inLanguage":"pt-PT","@id":"https:\/\/gr-100.com\/producto\/specialized-power-comp\/#primaryimage","url":"https:\/\/gr-100.com\/wp-content\/uploads\/2024\/05\/1-27116-180_SDDL_POWER-COMP.jpg","contentUrl":"https:\/\/gr-100.com\/wp-content\/uploads\/2024\/05\/1-27116-180_SDDL_POWER-COMP.jpg","width":1000,"height":1000},{"@type":"BreadcrumbList","@id":"https:\/\/gr-100.com\/producto\/specialized-power-comp\/#breadcrumb","itemListElement":[{"@type":"ListItem","position":1,"name":"Portada","item":"https:\/\/gr-100.com\/en\/"},{"@type":"ListItem","position":2,"name":"Productos","item":"https:\/\/gr-100.com\/?post_type=product"},{"@type":"ListItem","position":3,"name":"Specialized Power Comp"}]},{"@type":"WebSite","@id":"https:\/\/gr-100.com\/#website","url":"https:\/\/gr-100.com\/","name":"Gr-100 Tienda de ciclismo Specialized","description":"GR-100 tenemos todas las gamas de bicicletas Specialized al mejor precio.","publisher":{"@id":"https:\/\/gr-100.com\/#organization"},"alternateName":"Gr-100 Bikes","potentialAction":[{"@type":"SearchAction","target":{"@type":"EntryPoint","urlTemplate":"https:\/\/gr-100.com\/?s={search_term_string}"},"query-input":{"@type":"PropertyValueSpecification","valueRequired":true,"valueName":"search_term_string"}}],"inLanguage":"pt-PT"},{"@type":"Organization","@id":"https:\/\/gr-100.com\/#organization","name":"Gr-100","url":"https:\/\/gr-100.com\/","logo":{"@type":"ImageObject","inLanguage":"pt-PT","@id":"https:\/\/gr-100.com\/#\/schema\/logo\/image\/","url":"https:\/\/gr-100.com\/wp-content\/uploads\/2023\/08\/logo-gr-100-bikes.png","contentUrl":"https:\/\/gr-100.com\/wp-content\/uploads\/2023\/08\/logo-gr-100-bikes.png","width":707,"height":284,"caption":"Gr-100"},"image":{"@id":"https:\/\/gr-100.com\/#\/schema\/logo\/image\/"},"sameAs":["https:\/\/www.facebook.com\/Gr100Bikes","https:\/\/www.instagram.com\/gr100bikes\/","https:\/\/www.tiktok.com\/@gr100bikes","https:\/\/twitter.com\/gr100mtbteam","https:\/\/www.youtube.com\/c\/GR100Specialized"]}]}},"_links":{"self":[{"href":"https:\/\/gr-100.com\/pt-pt\/wp-json\/wp\/v2\/product\/370170","targetHints":{"allow":["GET"]}}],"collection":[{"href":"https:\/\/gr-100.com\/pt-pt\/wp-json\/wp\/v2\/product"}],"about":[{"href":"https:\/\/gr-100.com\/pt-pt\/wp-json\/wp\/v2\/types\/product"}],"replies":[{"embeddable":true,"href":"https:\/\/gr-100.com\/pt-pt\/wp-json\/wp\/v2\/comments?post=370170"}],"wp:featuredmedia":[{"embeddable":true,"href":"https:\/\/gr-100.com\/pt-pt\/wp-json\/wp\/v2\/media\/270661"}],"wp:attachment":[{"href":"https:\/\/gr-100.com\/pt-pt\/wp-json\/wp\/v2\/media?parent=370170"}],"wp:term":[{"taxonomy":"product_brand","embeddable":true,"href":"https:\/\/gr-100.com\/pt-pt\/wp-json\/wp\/v2\/product_brand?post=370170"},{"taxonomy":"product_cat","embeddable":true,"href":"https:\/\/gr-100.com\/pt-pt\/wp-json\/wp\/v2\/product_cat?post=370170"},{"taxonomy":"product_tag","embeddable":true,"href":"https:\/\/gr-100.com\/pt-pt\/wp-json\/wp\/v2\/product_tag?post=370170"}],"curies":[{"name":"wp","href":"https:\/\/api.w.org\/{rel}","templated":true}]}}