{"id":370254,"date":"2024-07-01T08:21:09","date_gmt":"2024-07-01T08:21:09","guid":{"rendered":"https:\/\/nuevo.gr-100.com\/producto\/specialized-propero-iii-w-mips\/"},"modified":"2025-09-22T15:48:46","modified_gmt":"2025-09-22T13:48:46","slug":"specialized-propero-iii-w-mips","status":"publish","type":"product","link":"https:\/\/gr-100.com\/pt-pt\/producto\/specialized-propero-iii-w-mips\/","title":{"rendered":"Specialized Propero III W\/ Mips"},"content":{"rendered":"<ul>\n<li>Equipado con MIPS.<\/li>\n<li>Incluye una suscripci\u00f3n de por vida a la aplicaci\u00f3n Specialized Ride.<\/li>\n<li>Sistema de refrigeraci\u00f3n 4th Dimension con ventana frontal Mega Mouthport<\/li>\n<li>Estructura interna reforzada de composite que permite mayor ventilaci\u00f3n para mantenerte fresco.<\/li>\n<li>Sistema de refrigeraci\u00f3n 4th Dimension con ventana frontal Mega Mouthport<\/li>\n<li>Matriz interna de fefuerzo de composite que permite \u00e1reas de ventilaci\u00f3n mayores.<\/li>\n<li>Este casco es ANGi ready, un sistema de ajuste dise\u00f1ado para facilitar la integraci\u00f3n con nuestro sensor de accidentes ANGi.<\/li>\n<li>Nuestro sensor ANGi disponible como accesorio te ofrece a ti y a tus seres queridos una tranquilidad como nunca antes, cuando se combina con nuestra aplicaci\u00f3n Specialized Ride, el sensor ANGi evaluar\u00e1 las fuerzas que act\u00faan sobre el casco en caso de accidente y, si es necesario, enviar\u00e1 un mensaje de texto a sus contactos especificados con tu ubicaci\u00f3n.<\/li>\n<\/ul>\n","protected":false},"excerpt":{"rendered":"<p>Este modelo es conocido por su incre\u00edble ajuste y gran valor. Nuestro nuevo ANGI utilizado con nuestra app te ofrece mas seguridad que nunca.<\/p>\n","protected":false},"featured_media":270798,"comment_status":"closed","ping_status":"closed","template":"","meta":{"_acf_changed":false,"_et_pb_use_builder":"","_et_pb_old_content":"","_et_gb_content_width":"","inline_featured_image":false},"product_brand":[],"product_cat":[26,46,429],"product_tag":[],"class_list":{"0":"post-370254","1":"product","2":"type-product","3":"status-publish","4":"has-post-thumbnail","6":"product_cat-accesorios","7":"product_cat-cascos","8":"product_cat-ofertas","9":"product_shipping_class-accesorios","11":"first","12":"outofstock","13":"taxable","14":"shipping-taxable","15":"product-type-variable","16":"wvs-archive-product-wrapper"},"acf":[],"yoast_head":"<!-- This site is optimized with the Yoast SEO Premium plugin v26.7 (Yoast SEO v26.7) - https:\/\/yoast.com\/wordpress\/plugins\/seo\/ -->\n<title>Specialized Propero III W\/ Mips - GR-100<\/title>\n<meta name=\"description\" content=\"PROPERO III W\/ MIPS modelo conocido por su incre\u00edble ajuste y gran valor. Nuestro nuevo ANGI utilizado con nuestra app ofrece mas seguridad.\" \/>\n<meta name=\"robots\" content=\"index, follow, max-snippet:-1, max-image-preview:large, max-video-preview:-1\" \/>\n<link rel=\"canonical\" href=\"https:\/\/gr-100.com\/producto\/specialized-propero-iii-w-mips\/\" \/>\n<meta property=\"og:locale\" content=\"pt_PT\" \/>\n<meta property=\"og:type\" content=\"article\" \/>\n<meta property=\"og:title\" content=\"Specialized Propero III W\/ Mips\" \/>\n<meta property=\"og:description\" content=\"PROPERO III W\/ MIPS modelo conocido por su incre\u00edble ajuste y gran valor. Nuestro nuevo ANGI utilizado con nuestra app ofrece mas seguridad.\" \/>\n<meta property=\"og:url\" content=\"https:\/\/gr-100.com\/producto\/specialized-propero-iii-w-mips\/\" \/>\n<meta property=\"og:site_name\" content=\"Gr-100 Tienda de ciclismo Specialized\" \/>\n<meta property=\"article:publisher\" content=\"https:\/\/www.facebook.com\/Gr100Bikes\" \/>\n<meta property=\"article:modified_time\" content=\"2025-09-22T13:48:46+00:00\" \/>\n<meta property=\"og:image\" content=\"https:\/\/gr-100.com\/wp-content\/uploads\/2024\/05\/60122-121_HLMT_PROPERO-3-HL-1.jpg\" \/>\n\t<meta property=\"og:image:width\" content=\"1000\" \/>\n\t<meta property=\"og:image:height\" content=\"1000\" \/>\n\t<meta property=\"og:image:type\" content=\"image\/jpeg\" \/>\n<meta name=\"twitter:card\" content=\"summary_large_image\" \/>\n<meta name=\"twitter:label1\" content=\"Tempo estimado de leitura\" \/>\n\t<meta name=\"twitter:data1\" content=\"1 minuto\" \/>\n<script type=\"application\/ld+json\" class=\"yoast-schema-graph\">{\"@context\":\"https:\/\/schema.org\",\"@graph\":[{\"@type\":\"WebPage\",\"@id\":\"https:\/\/gr-100.com\/producto\/specialized-propero-iii-w-mips\/\",\"url\":\"https:\/\/gr-100.com\/producto\/specialized-propero-iii-w-mips\/\",\"name\":\"Specialized Propero III W\/ Mips - GR-100\",\"isPartOf\":{\"@id\":\"https:\/\/gr-100.com\/#website\"},\"primaryImageOfPage\":{\"@id\":\"https:\/\/gr-100.com\/producto\/specialized-propero-iii-w-mips\/#primaryimage\"},\"image\":{\"@id\":\"https:\/\/gr-100.com\/producto\/specialized-propero-iii-w-mips\/#primaryimage\"},\"thumbnailUrl\":\"https:\/\/gr-100.com\/wp-content\/uploads\/2024\/05\/60122-121_HLMT_PROPERO-3-HL-1.jpg\",\"datePublished\":\"2024-07-01T08:21:09+00:00\",\"dateModified\":\"2025-09-22T13:48:46+00:00\",\"description\":\"PROPERO III W\/ MIPS modelo conocido por su incre\u00edble ajuste y gran valor. Nuestro nuevo ANGI utilizado con nuestra app ofrece mas seguridad.\",\"breadcrumb\":{\"@id\":\"https:\/\/gr-100.com\/producto\/specialized-propero-iii-w-mips\/#breadcrumb\"},\"inLanguage\":\"pt-PT\",\"potentialAction\":[{\"@type\":\"ReadAction\",\"target\":[\"https:\/\/gr-100.com\/producto\/specialized-propero-iii-w-mips\/\"]}]},{\"@type\":\"ImageObject\",\"inLanguage\":\"pt-PT\",\"@id\":\"https:\/\/gr-100.com\/producto\/specialized-propero-iii-w-mips\/#primaryimage\",\"url\":\"https:\/\/gr-100.com\/wp-content\/uploads\/2024\/05\/60122-121_HLMT_PROPERO-3-HL-1.jpg\",\"contentUrl\":\"https:\/\/gr-100.com\/wp-content\/uploads\/2024\/05\/60122-121_HLMT_PROPERO-3-HL-1.jpg\",\"width\":1000,\"height\":1000},{\"@type\":\"BreadcrumbList\",\"@id\":\"https:\/\/gr-100.com\/producto\/specialized-propero-iii-w-mips\/#breadcrumb\",\"itemListElement\":[{\"@type\":\"ListItem\",\"position\":1,\"name\":\"Portada\",\"item\":\"https:\/\/gr-100.com\/en\/\"},{\"@type\":\"ListItem\",\"position\":2,\"name\":\"Productos\",\"item\":\"https:\/\/gr-100.com\/?post_type=product\"},{\"@type\":\"ListItem\",\"position\":3,\"name\":\"Specialized Propero III W\/ Mips\"}]},{\"@type\":\"WebSite\",\"@id\":\"https:\/\/gr-100.com\/#website\",\"url\":\"https:\/\/gr-100.com\/\",\"name\":\"Gr-100 Tienda de ciclismo Specialized\",\"description\":\"GR-100 tenemos todas las gamas de bicicletas Specialized al mejor precio.\",\"publisher\":{\"@id\":\"https:\/\/gr-100.com\/#organization\"},\"alternateName\":\"Gr-100 Bikes\",\"potentialAction\":[{\"@type\":\"SearchAction\",\"target\":{\"@type\":\"EntryPoint\",\"urlTemplate\":\"https:\/\/gr-100.com\/?s={search_term_string}\"},\"query-input\":{\"@type\":\"PropertyValueSpecification\",\"valueRequired\":true,\"valueName\":\"search_term_string\"}}],\"inLanguage\":\"pt-PT\"},{\"@type\":\"Organization\",\"@id\":\"https:\/\/gr-100.com\/#organization\",\"name\":\"Gr-100\",\"url\":\"https:\/\/gr-100.com\/\",\"logo\":{\"@type\":\"ImageObject\",\"inLanguage\":\"pt-PT\",\"@id\":\"https:\/\/gr-100.com\/#\/schema\/logo\/image\/\",\"url\":\"https:\/\/gr-100.com\/wp-content\/uploads\/2023\/08\/logo-gr-100-bikes.png\",\"contentUrl\":\"https:\/\/gr-100.com\/wp-content\/uploads\/2023\/08\/logo-gr-100-bikes.png\",\"width\":707,\"height\":284,\"caption\":\"Gr-100\"},\"image\":{\"@id\":\"https:\/\/gr-100.com\/#\/schema\/logo\/image\/\"},\"sameAs\":[\"https:\/\/www.facebook.com\/Gr100Bikes\",\"https:\/\/www.instagram.com\/gr100bikes\/\",\"https:\/\/www.tiktok.com\/@gr100bikes\",\"https:\/\/twitter.com\/gr100mtbteam\",\"https:\/\/www.youtube.com\/c\/GR100Specialized\"]}]}<\/script>\n<!-- \/ Yoast SEO Premium plugin. -->","yoast_head_json":{"title":"Specialized Propero III W\/ Mips - GR-100","description":"PROPERO III W\/ MIPS modelo conocido por su incre\u00edble ajuste y gran valor. Nuestro nuevo ANGI utilizado con nuestra app ofrece mas seguridad.","robots":{"index":"index","follow":"follow","max-snippet":"max-snippet:-1","max-image-preview":"max-image-preview:large","max-video-preview":"max-video-preview:-1"},"canonical":"https:\/\/gr-100.com\/producto\/specialized-propero-iii-w-mips\/","og_locale":"pt_PT","og_type":"article","og_title":"Specialized Propero III W\/ Mips","og_description":"PROPERO III W\/ MIPS modelo conocido por su incre\u00edble ajuste y gran valor. Nuestro nuevo ANGI utilizado con nuestra app ofrece mas seguridad.","og_url":"https:\/\/gr-100.com\/producto\/specialized-propero-iii-w-mips\/","og_site_name":"Gr-100 Tienda de ciclismo Specialized","article_publisher":"https:\/\/www.facebook.com\/Gr100Bikes","article_modified_time":"2025-09-22T13:48:46+00:00","og_image":[{"width":1000,"height":1000,"url":"https:\/\/gr-100.com\/wp-content\/uploads\/2024\/05\/60122-121_HLMT_PROPERO-3-HL-1.jpg","type":"image\/jpeg"}],"twitter_card":"summary_large_image","twitter_misc":{"Tempo estimado de leitura":"1 minuto"},"schema":{"@context":"https:\/\/schema.org","@graph":[{"@type":"WebPage","@id":"https:\/\/gr-100.com\/producto\/specialized-propero-iii-w-mips\/","url":"https:\/\/gr-100.com\/producto\/specialized-propero-iii-w-mips\/","name":"Specialized Propero III W\/ Mips - GR-100","isPartOf":{"@id":"https:\/\/gr-100.com\/#website"},"primaryImageOfPage":{"@id":"https:\/\/gr-100.com\/producto\/specialized-propero-iii-w-mips\/#primaryimage"},"image":{"@id":"https:\/\/gr-100.com\/producto\/specialized-propero-iii-w-mips\/#primaryimage"},"thumbnailUrl":"https:\/\/gr-100.com\/wp-content\/uploads\/2024\/05\/60122-121_HLMT_PROPERO-3-HL-1.jpg","datePublished":"2024-07-01T08:21:09+00:00","dateModified":"2025-09-22T13:48:46+00:00","description":"PROPERO III W\/ MIPS modelo conocido por su incre\u00edble ajuste y gran valor. Nuestro nuevo ANGI utilizado con nuestra app ofrece mas seguridad.","breadcrumb":{"@id":"https:\/\/gr-100.com\/producto\/specialized-propero-iii-w-mips\/#breadcrumb"},"inLanguage":"pt-PT","potentialAction":[{"@type":"ReadAction","target":["https:\/\/gr-100.com\/producto\/specialized-propero-iii-w-mips\/"]}]},{"@type":"ImageObject","inLanguage":"pt-PT","@id":"https:\/\/gr-100.com\/producto\/specialized-propero-iii-w-mips\/#primaryimage","url":"https:\/\/gr-100.com\/wp-content\/uploads\/2024\/05\/60122-121_HLMT_PROPERO-3-HL-1.jpg","contentUrl":"https:\/\/gr-100.com\/wp-content\/uploads\/2024\/05\/60122-121_HLMT_PROPERO-3-HL-1.jpg","width":1000,"height":1000},{"@type":"BreadcrumbList","@id":"https:\/\/gr-100.com\/producto\/specialized-propero-iii-w-mips\/#breadcrumb","itemListElement":[{"@type":"ListItem","position":1,"name":"Portada","item":"https:\/\/gr-100.com\/en\/"},{"@type":"ListItem","position":2,"name":"Productos","item":"https:\/\/gr-100.com\/?post_type=product"},{"@type":"ListItem","position":3,"name":"Specialized Propero III W\/ Mips"}]},{"@type":"WebSite","@id":"https:\/\/gr-100.com\/#website","url":"https:\/\/gr-100.com\/","name":"Gr-100 Tienda de ciclismo Specialized","description":"GR-100 tenemos todas las gamas de bicicletas Specialized al mejor precio.","publisher":{"@id":"https:\/\/gr-100.com\/#organization"},"alternateName":"Gr-100 Bikes","potentialAction":[{"@type":"SearchAction","target":{"@type":"EntryPoint","urlTemplate":"https:\/\/gr-100.com\/?s={search_term_string}"},"query-input":{"@type":"PropertyValueSpecification","valueRequired":true,"valueName":"search_term_string"}}],"inLanguage":"pt-PT"},{"@type":"Organization","@id":"https:\/\/gr-100.com\/#organization","name":"Gr-100","url":"https:\/\/gr-100.com\/","logo":{"@type":"ImageObject","inLanguage":"pt-PT","@id":"https:\/\/gr-100.com\/#\/schema\/logo\/image\/","url":"https:\/\/gr-100.com\/wp-content\/uploads\/2023\/08\/logo-gr-100-bikes.png","contentUrl":"https:\/\/gr-100.com\/wp-content\/uploads\/2023\/08\/logo-gr-100-bikes.png","width":707,"height":284,"caption":"Gr-100"},"image":{"@id":"https:\/\/gr-100.com\/#\/schema\/logo\/image\/"},"sameAs":["https:\/\/www.facebook.com\/Gr100Bikes","https:\/\/www.instagram.com\/gr100bikes\/","https:\/\/www.tiktok.com\/@gr100bikes","https:\/\/twitter.com\/gr100mtbteam","https:\/\/www.youtube.com\/c\/GR100Specialized"]}]}},"_links":{"self":[{"href":"https:\/\/gr-100.com\/pt-pt\/wp-json\/wp\/v2\/product\/370254","targetHints":{"allow":["GET"]}}],"collection":[{"href":"https:\/\/gr-100.com\/pt-pt\/wp-json\/wp\/v2\/product"}],"about":[{"href":"https:\/\/gr-100.com\/pt-pt\/wp-json\/wp\/v2\/types\/product"}],"replies":[{"embeddable":true,"href":"https:\/\/gr-100.com\/pt-pt\/wp-json\/wp\/v2\/comments?post=370254"}],"wp:featuredmedia":[{"embeddable":true,"href":"https:\/\/gr-100.com\/pt-pt\/wp-json\/wp\/v2\/media\/270798"}],"wp:attachment":[{"href":"https:\/\/gr-100.com\/pt-pt\/wp-json\/wp\/v2\/media?parent=370254"}],"wp:term":[{"taxonomy":"product_brand","embeddable":true,"href":"https:\/\/gr-100.com\/pt-pt\/wp-json\/wp\/v2\/product_brand?post=370254"},{"taxonomy":"product_cat","embeddable":true,"href":"https:\/\/gr-100.com\/pt-pt\/wp-json\/wp\/v2\/product_cat?post=370254"},{"taxonomy":"product_tag","embeddable":true,"href":"https:\/\/gr-100.com\/pt-pt\/wp-json\/wp\/v2\/product_tag?post=370254"}],"curies":[{"name":"wp","href":"https:\/\/api.w.org\/{rel}","templated":true}]}}