{"id":370757,"date":"2024-07-01T08:39:43","date_gmt":"2024-07-01T08:39:43","guid":{"rendered":"https:\/\/nuevo.gr-100.com\/producto\/air-tool-hp\/"},"modified":"2025-12-24T14:19:40","modified_gmt":"2025-12-24T12:19:40","slug":"air-tool-hp","status":"publish","type":"product","link":"https:\/\/gr-100.com\/pt-pt\/producto\/air-tool-hp\/","title":{"rendered":"Air Tool Hp"},"content":{"rendered":"<p>\u2022 Man\u00f3metro sobredimensionado de 2.5 &#8220;(64 mm), clasificado para 180 psi (13 bar)<br \/>\n\u2022 Base de acero y construcci\u00f3n de barril de aluminio<br \/>\n\u2022 Mango de ala ergon\u00f3mico<br \/>\n\u2022 Pantalones de 42 &#8220;(106 cm)<br \/>\n\u2022 30% m\u00e1s f\u00e1cil de bombear a alta presi\u00f3n<br \/>\n\u2022 Selecci\u00f3n autom\u00e1tica de tecnolog\u00eda SwitchHitter II<\/p>\n","protected":false},"excerpt":{"rendered":"<p>Dise\u00f1ada para alcanzar altas presiones con el m\u00ednimo esfuerzo, la HP necesita hasta un 30% menos de esfuerzo para inflar un neum\u00e1tico de 700c a 100psi<\/p>\n","protected":false},"featured_media":271793,"comment_status":"closed","ping_status":"closed","template":"","meta":{"_acf_changed":false,"_et_pb_use_builder":"","_et_pb_old_content":"","_et_gb_content_width":"","inline_featured_image":false},"product_brand":[],"product_cat":[26,65],"product_tag":[],"class_list":{"0":"post-370757","1":"product","2":"type-product","3":"status-publish","4":"has-post-thumbnail","6":"product_cat-accesorios","7":"product_cat-bombas","9":"first","10":"instock","11":"taxable","12":"shipping-taxable","13":"purchasable","14":"product-type-simple"},"acf":[],"yoast_head":"<!-- This site is optimized with the Yoast SEO Premium plugin v26.7 (Yoast SEO v26.7) - https:\/\/yoast.com\/wordpress\/plugins\/seo\/ -->\n<title>Air Tool Hp GR-100 BOMBA SPECIALIZED HP<\/title>\n<meta name=\"description\" content=\"AIR TOOL HP. Altas presiones con el m\u00ednimo esfuerzo, la HP necesita hasta un 30% menos de esfuerzo para inflar un neum\u00e1tico de 700c a 100psi\" \/>\n<meta name=\"robots\" content=\"index, follow, max-snippet:-1, max-image-preview:large, max-video-preview:-1\" \/>\n<link rel=\"canonical\" href=\"https:\/\/gr-100.com\/producto\/air-tool-hp\/\" \/>\n<meta property=\"og:locale\" content=\"pt_PT\" \/>\n<meta property=\"og:type\" content=\"article\" \/>\n<meta property=\"og:title\" content=\"Air Tool Hp\" \/>\n<meta property=\"og:description\" content=\"AIR TOOL HP. Altas presiones con el m\u00ednimo esfuerzo, la HP necesita hasta un 30% menos de esfuerzo para inflar un neum\u00e1tico de 700c a 100psi\" \/>\n<meta property=\"og:url\" content=\"https:\/\/gr-100.com\/producto\/air-tool-hp\/\" \/>\n<meta property=\"og:site_name\" content=\"Gr-100 Tienda de ciclismo Specialized\" \/>\n<meta property=\"article:publisher\" content=\"https:\/\/www.facebook.com\/Gr100Bikes\" \/>\n<meta property=\"article:modified_time\" content=\"2025-12-24T12:19:40+00:00\" \/>\n<meta property=\"og:image\" content=\"https:\/\/gr-100.com\/wp-content\/uploads\/2024\/05\/11560.jpg\" \/>\n\t<meta property=\"og:image:width\" content=\"1000\" \/>\n\t<meta property=\"og:image:height\" content=\"1000\" \/>\n\t<meta property=\"og:image:type\" content=\"image\/jpeg\" \/>\n<meta name=\"twitter:card\" content=\"summary_large_image\" \/>\n<meta name=\"twitter:label1\" content=\"Tempo estimado de leitura\" \/>\n\t<meta name=\"twitter:data1\" content=\"1 minuto\" \/>\n<script type=\"application\/ld+json\" class=\"yoast-schema-graph\">{\"@context\":\"https:\/\/schema.org\",\"@graph\":[{\"@type\":\"WebPage\",\"@id\":\"https:\/\/gr-100.com\/producto\/air-tool-hp\/\",\"url\":\"https:\/\/gr-100.com\/producto\/air-tool-hp\/\",\"name\":\"Air Tool Hp GR-100 BOMBA SPECIALIZED HP\",\"isPartOf\":{\"@id\":\"https:\/\/gr-100.com\/#website\"},\"primaryImageOfPage\":{\"@id\":\"https:\/\/gr-100.com\/producto\/air-tool-hp\/#primaryimage\"},\"image\":{\"@id\":\"https:\/\/gr-100.com\/producto\/air-tool-hp\/#primaryimage\"},\"thumbnailUrl\":\"https:\/\/gr-100.com\/wp-content\/uploads\/2024\/05\/11560.jpg\",\"datePublished\":\"2024-07-01T08:39:43+00:00\",\"dateModified\":\"2025-12-24T12:19:40+00:00\",\"description\":\"AIR TOOL HP. Altas presiones con el m\u00ednimo esfuerzo, la HP necesita hasta un 30% menos de esfuerzo para inflar un neum\u00e1tico de 700c a 100psi\",\"breadcrumb\":{\"@id\":\"https:\/\/gr-100.com\/producto\/air-tool-hp\/#breadcrumb\"},\"inLanguage\":\"pt-PT\",\"potentialAction\":[{\"@type\":\"ReadAction\",\"target\":[\"https:\/\/gr-100.com\/producto\/air-tool-hp\/\"]}]},{\"@type\":\"ImageObject\",\"inLanguage\":\"pt-PT\",\"@id\":\"https:\/\/gr-100.com\/producto\/air-tool-hp\/#primaryimage\",\"url\":\"https:\/\/gr-100.com\/wp-content\/uploads\/2024\/05\/11560.jpg\",\"contentUrl\":\"https:\/\/gr-100.com\/wp-content\/uploads\/2024\/05\/11560.jpg\",\"width\":1000,\"height\":1000},{\"@type\":\"BreadcrumbList\",\"@id\":\"https:\/\/gr-100.com\/producto\/air-tool-hp\/#breadcrumb\",\"itemListElement\":[{\"@type\":\"ListItem\",\"position\":1,\"name\":\"Portada\",\"item\":\"https:\/\/gr-100.com\/en\/\"},{\"@type\":\"ListItem\",\"position\":2,\"name\":\"Productos\",\"item\":\"https:\/\/gr-100.com\/?post_type=product\"},{\"@type\":\"ListItem\",\"position\":3,\"name\":\"Air Tool Hp\"}]},{\"@type\":\"WebSite\",\"@id\":\"https:\/\/gr-100.com\/#website\",\"url\":\"https:\/\/gr-100.com\/\",\"name\":\"Gr-100 Tienda de ciclismo Specialized\",\"description\":\"GR-100 tenemos todas las gamas de bicicletas Specialized al mejor precio.\",\"publisher\":{\"@id\":\"https:\/\/gr-100.com\/#organization\"},\"alternateName\":\"Gr-100 Bikes\",\"potentialAction\":[{\"@type\":\"SearchAction\",\"target\":{\"@type\":\"EntryPoint\",\"urlTemplate\":\"https:\/\/gr-100.com\/?s={search_term_string}\"},\"query-input\":{\"@type\":\"PropertyValueSpecification\",\"valueRequired\":true,\"valueName\":\"search_term_string\"}}],\"inLanguage\":\"pt-PT\"},{\"@type\":\"Organization\",\"@id\":\"https:\/\/gr-100.com\/#organization\",\"name\":\"Gr-100\",\"url\":\"https:\/\/gr-100.com\/\",\"logo\":{\"@type\":\"ImageObject\",\"inLanguage\":\"pt-PT\",\"@id\":\"https:\/\/gr-100.com\/#\/schema\/logo\/image\/\",\"url\":\"https:\/\/gr-100.com\/wp-content\/uploads\/2023\/08\/logo-gr-100-bikes.png\",\"contentUrl\":\"https:\/\/gr-100.com\/wp-content\/uploads\/2023\/08\/logo-gr-100-bikes.png\",\"width\":707,\"height\":284,\"caption\":\"Gr-100\"},\"image\":{\"@id\":\"https:\/\/gr-100.com\/#\/schema\/logo\/image\/\"},\"sameAs\":[\"https:\/\/www.facebook.com\/Gr100Bikes\",\"https:\/\/www.instagram.com\/gr100bikes\/\",\"https:\/\/www.tiktok.com\/@gr100bikes\",\"https:\/\/twitter.com\/gr100mtbteam\",\"https:\/\/www.youtube.com\/c\/GR100Specialized\"]}]}<\/script>\n<!-- \/ Yoast SEO Premium plugin. -->","yoast_head_json":{"title":"Air Tool Hp GR-100 BOMBA SPECIALIZED HP","description":"AIR TOOL HP. Altas presiones con el m\u00ednimo esfuerzo, la HP necesita hasta un 30% menos de esfuerzo para inflar un neum\u00e1tico de 700c a 100psi","robots":{"index":"index","follow":"follow","max-snippet":"max-snippet:-1","max-image-preview":"max-image-preview:large","max-video-preview":"max-video-preview:-1"},"canonical":"https:\/\/gr-100.com\/producto\/air-tool-hp\/","og_locale":"pt_PT","og_type":"article","og_title":"Air Tool Hp","og_description":"AIR TOOL HP. Altas presiones con el m\u00ednimo esfuerzo, la HP necesita hasta un 30% menos de esfuerzo para inflar un neum\u00e1tico de 700c a 100psi","og_url":"https:\/\/gr-100.com\/producto\/air-tool-hp\/","og_site_name":"Gr-100 Tienda de ciclismo Specialized","article_publisher":"https:\/\/www.facebook.com\/Gr100Bikes","article_modified_time":"2025-12-24T12:19:40+00:00","og_image":[{"width":1000,"height":1000,"url":"https:\/\/gr-100.com\/wp-content\/uploads\/2024\/05\/11560.jpg","type":"image\/jpeg"}],"twitter_card":"summary_large_image","twitter_misc":{"Tempo estimado de leitura":"1 minuto"},"schema":{"@context":"https:\/\/schema.org","@graph":[{"@type":"WebPage","@id":"https:\/\/gr-100.com\/producto\/air-tool-hp\/","url":"https:\/\/gr-100.com\/producto\/air-tool-hp\/","name":"Air Tool Hp GR-100 BOMBA SPECIALIZED HP","isPartOf":{"@id":"https:\/\/gr-100.com\/#website"},"primaryImageOfPage":{"@id":"https:\/\/gr-100.com\/producto\/air-tool-hp\/#primaryimage"},"image":{"@id":"https:\/\/gr-100.com\/producto\/air-tool-hp\/#primaryimage"},"thumbnailUrl":"https:\/\/gr-100.com\/wp-content\/uploads\/2024\/05\/11560.jpg","datePublished":"2024-07-01T08:39:43+00:00","dateModified":"2025-12-24T12:19:40+00:00","description":"AIR TOOL HP. Altas presiones con el m\u00ednimo esfuerzo, la HP necesita hasta un 30% menos de esfuerzo para inflar un neum\u00e1tico de 700c a 100psi","breadcrumb":{"@id":"https:\/\/gr-100.com\/producto\/air-tool-hp\/#breadcrumb"},"inLanguage":"pt-PT","potentialAction":[{"@type":"ReadAction","target":["https:\/\/gr-100.com\/producto\/air-tool-hp\/"]}]},{"@type":"ImageObject","inLanguage":"pt-PT","@id":"https:\/\/gr-100.com\/producto\/air-tool-hp\/#primaryimage","url":"https:\/\/gr-100.com\/wp-content\/uploads\/2024\/05\/11560.jpg","contentUrl":"https:\/\/gr-100.com\/wp-content\/uploads\/2024\/05\/11560.jpg","width":1000,"height":1000},{"@type":"BreadcrumbList","@id":"https:\/\/gr-100.com\/producto\/air-tool-hp\/#breadcrumb","itemListElement":[{"@type":"ListItem","position":1,"name":"Portada","item":"https:\/\/gr-100.com\/en\/"},{"@type":"ListItem","position":2,"name":"Productos","item":"https:\/\/gr-100.com\/?post_type=product"},{"@type":"ListItem","position":3,"name":"Air Tool Hp"}]},{"@type":"WebSite","@id":"https:\/\/gr-100.com\/#website","url":"https:\/\/gr-100.com\/","name":"Gr-100 Tienda de ciclismo Specialized","description":"GR-100 tenemos todas las gamas de bicicletas Specialized al mejor precio.","publisher":{"@id":"https:\/\/gr-100.com\/#organization"},"alternateName":"Gr-100 Bikes","potentialAction":[{"@type":"SearchAction","target":{"@type":"EntryPoint","urlTemplate":"https:\/\/gr-100.com\/?s={search_term_string}"},"query-input":{"@type":"PropertyValueSpecification","valueRequired":true,"valueName":"search_term_string"}}],"inLanguage":"pt-PT"},{"@type":"Organization","@id":"https:\/\/gr-100.com\/#organization","name":"Gr-100","url":"https:\/\/gr-100.com\/","logo":{"@type":"ImageObject","inLanguage":"pt-PT","@id":"https:\/\/gr-100.com\/#\/schema\/logo\/image\/","url":"https:\/\/gr-100.com\/wp-content\/uploads\/2023\/08\/logo-gr-100-bikes.png","contentUrl":"https:\/\/gr-100.com\/wp-content\/uploads\/2023\/08\/logo-gr-100-bikes.png","width":707,"height":284,"caption":"Gr-100"},"image":{"@id":"https:\/\/gr-100.com\/#\/schema\/logo\/image\/"},"sameAs":["https:\/\/www.facebook.com\/Gr100Bikes","https:\/\/www.instagram.com\/gr100bikes\/","https:\/\/www.tiktok.com\/@gr100bikes","https:\/\/twitter.com\/gr100mtbteam","https:\/\/www.youtube.com\/c\/GR100Specialized"]}]}},"_links":{"self":[{"href":"https:\/\/gr-100.com\/pt-pt\/wp-json\/wp\/v2\/product\/370757","targetHints":{"allow":["GET"]}}],"collection":[{"href":"https:\/\/gr-100.com\/pt-pt\/wp-json\/wp\/v2\/product"}],"about":[{"href":"https:\/\/gr-100.com\/pt-pt\/wp-json\/wp\/v2\/types\/product"}],"replies":[{"embeddable":true,"href":"https:\/\/gr-100.com\/pt-pt\/wp-json\/wp\/v2\/comments?post=370757"}],"wp:featuredmedia":[{"embeddable":true,"href":"https:\/\/gr-100.com\/pt-pt\/wp-json\/wp\/v2\/media\/271793"}],"wp:attachment":[{"href":"https:\/\/gr-100.com\/pt-pt\/wp-json\/wp\/v2\/media?parent=370757"}],"wp:term":[{"taxonomy":"product_brand","embeddable":true,"href":"https:\/\/gr-100.com\/pt-pt\/wp-json\/wp\/v2\/product_brand?post=370757"},{"taxonomy":"product_cat","embeddable":true,"href":"https:\/\/gr-100.com\/pt-pt\/wp-json\/wp\/v2\/product_cat?post=370757"},{"taxonomy":"product_tag","embeddable":true,"href":"https:\/\/gr-100.com\/pt-pt\/wp-json\/wp\/v2\/product_tag?post=370757"}],"curies":[{"name":"wp","href":"https:\/\/api.w.org\/{rel}","templated":true}]}}