{"id":370758,"date":"2024-07-01T08:39:46","date_gmt":"2024-07-01T08:39:46","guid":{"rendered":"https:\/\/nuevo.gr-100.com\/producto\/specialized-air-tool-comp-floor-pump\/"},"modified":"2025-12-24T14:15:47","modified_gmt":"2025-12-24T12:15:47","slug":"specialized-air-tool-comp-floor-pump","status":"publish","type":"product","link":"https:\/\/gr-100.com\/pt-pt\/producto\/specialized-air-tool-comp-floor-pump\/","title":{"rendered":"Specialized Air Tool Comp Floor Pump"},"content":{"rendered":"<ul>\n<li>Medidor sobredimensionado (76 mm) con doble escala para ruedas de monta\u00f1a 0-30 PSI (2.2 bar) y para ruedas de carretera 39.120 PSI (8.2 bar).<\/li>\n<li>Cabezal SwitchHitter II, autom\u00e1ticamente se adapta a las v\u00e1lvulas Schraeder y Presta.<\/li>\n<li>Base de acero, cuerpo de aluminio.<\/li>\n<li>Mango ergon\u00f3mico para mayor comodidad.<\/li>\n<li>Presi\u00f3n m\u00e1xima: 150 PSI (10.3bar)<\/li>\n<li>M\u00e1xima presi\u00f3n: 120 PSI (8.3 bar)<\/li>\n<li>Volumen por carrera: 365cc<\/li>\n<\/ul>\n","protected":false},"excerpt":{"rendered":"<p>Todos necesitamos una bomba de pie en casa, pero no cualquier bomba de pie te servir\u00e1. Necesitas una que sea fiable, vers\u00e1til y precisa, como nuestra nueva Air Tool Comp. Puedes comprobar todas las presiones con un man\u00f3metro doble que te ofrece la precisi\u00f3n de baja presi\u00f3n que requieren los neum\u00e1ticos de tu bicicleta de monta\u00f1a, al mismo tiempo que satisface las necesidades de alta presi\u00f3n de tus neum\u00e1ticos de carretera y gravel. Es posible que los 365cc por carrera no sea lo m\u00e1s recomendable para una bomba MTB, pero esta infla los neum\u00e1ticos grandes r\u00e1pidamente por lo se convierte en una gran herramienta para inflar r\u00e1pido.<\/p>\n","protected":false},"featured_media":271796,"comment_status":"closed","ping_status":"closed","template":"","meta":{"_acf_changed":false,"_et_pb_use_builder":"","_et_pb_old_content":"","_et_gb_content_width":"","inline_featured_image":false},"product_brand":[],"product_cat":[26,65],"product_tag":[],"class_list":{"0":"post-370758","1":"product","2":"type-product","3":"status-publish","4":"has-post-thumbnail","6":"product_cat-accesorios","7":"product_cat-bombas","9":"first","10":"instock","11":"taxable","12":"shipping-taxable","13":"purchasable","14":"product-type-simple"},"acf":[],"yoast_head":"<!-- This site is optimized with the Yoast SEO Premium plugin v26.7 (Yoast SEO v26.7) - https:\/\/yoast.com\/wordpress\/plugins\/seo\/ -->\n<title>Specialized Air Tool Comp Floor Pump Specialized Air Tool<\/title>\n<meta name=\"description\" content=\"AIR TOOL COMP V2. Todas las presiones, man\u00f3metro doble, la precisi\u00f3n de baja presi\u00f3n de monta\u00f1a, y las de alta presi\u00f3n de carretera y gravel.\" \/>\n<meta name=\"robots\" content=\"index, follow, max-snippet:-1, max-image-preview:large, max-video-preview:-1\" \/>\n<link rel=\"canonical\" href=\"https:\/\/gr-100.com\/producto\/specialized-air-tool-comp-floor-pump\/\" \/>\n<meta property=\"og:locale\" content=\"pt_PT\" \/>\n<meta property=\"og:type\" content=\"article\" \/>\n<meta property=\"og:title\" content=\"Specialized Air Tool Comp Floor Pump\" \/>\n<meta property=\"og:description\" content=\"AIR TOOL COMP V2. Todas las presiones, man\u00f3metro doble, la precisi\u00f3n de baja presi\u00f3n de monta\u00f1a, y las de alta presi\u00f3n de carretera y gravel.\" \/>\n<meta property=\"og:url\" content=\"https:\/\/gr-100.com\/producto\/specialized-air-tool-comp-floor-pump\/\" \/>\n<meta property=\"og:site_name\" content=\"Gr-100 Tienda de ciclismo Specialized\" \/>\n<meta property=\"article:publisher\" content=\"https:\/\/www.facebook.com\/Gr100Bikes\" \/>\n<meta property=\"article:modified_time\" content=\"2025-12-24T12:15:47+00:00\" \/>\n<meta property=\"og:image\" content=\"https:\/\/gr-100.com\/wp-content\/uploads\/2024\/05\/47220-210_PUMP_AIR-TOOL-COM.jpg\" \/>\n\t<meta property=\"og:image:width\" content=\"1000\" \/>\n\t<meta property=\"og:image:height\" content=\"1000\" \/>\n\t<meta property=\"og:image:type\" content=\"image\/jpeg\" \/>\n<meta name=\"twitter:card\" content=\"summary_large_image\" \/>\n<meta name=\"twitter:label1\" content=\"Tempo estimado de leitura\" \/>\n\t<meta name=\"twitter:data1\" content=\"1 minuto\" \/>\n<script type=\"application\/ld+json\" class=\"yoast-schema-graph\">{\"@context\":\"https:\/\/schema.org\",\"@graph\":[{\"@type\":\"WebPage\",\"@id\":\"https:\/\/gr-100.com\/producto\/specialized-air-tool-comp-floor-pump\/\",\"url\":\"https:\/\/gr-100.com\/producto\/specialized-air-tool-comp-floor-pump\/\",\"name\":\"Specialized Air Tool Comp Floor Pump Specialized Air Tool\",\"isPartOf\":{\"@id\":\"https:\/\/gr-100.com\/#website\"},\"primaryImageOfPage\":{\"@id\":\"https:\/\/gr-100.com\/producto\/specialized-air-tool-comp-floor-pump\/#primaryimage\"},\"image\":{\"@id\":\"https:\/\/gr-100.com\/producto\/specialized-air-tool-comp-floor-pump\/#primaryimage\"},\"thumbnailUrl\":\"https:\/\/gr-100.com\/wp-content\/uploads\/2024\/05\/47220-210_PUMP_AIR-TOOL-COM.jpg\",\"datePublished\":\"2024-07-01T08:39:46+00:00\",\"dateModified\":\"2025-12-24T12:15:47+00:00\",\"description\":\"AIR TOOL COMP V2. Todas las presiones, man\u00f3metro doble, la precisi\u00f3n de baja presi\u00f3n de monta\u00f1a, y las de alta presi\u00f3n de carretera y gravel.\",\"breadcrumb\":{\"@id\":\"https:\/\/gr-100.com\/producto\/specialized-air-tool-comp-floor-pump\/#breadcrumb\"},\"inLanguage\":\"pt-PT\",\"potentialAction\":[{\"@type\":\"ReadAction\",\"target\":[\"https:\/\/gr-100.com\/producto\/specialized-air-tool-comp-floor-pump\/\"]}]},{\"@type\":\"ImageObject\",\"inLanguage\":\"pt-PT\",\"@id\":\"https:\/\/gr-100.com\/producto\/specialized-air-tool-comp-floor-pump\/#primaryimage\",\"url\":\"https:\/\/gr-100.com\/wp-content\/uploads\/2024\/05\/47220-210_PUMP_AIR-TOOL-COM.jpg\",\"contentUrl\":\"https:\/\/gr-100.com\/wp-content\/uploads\/2024\/05\/47220-210_PUMP_AIR-TOOL-COM.jpg\",\"width\":1000,\"height\":1000},{\"@type\":\"BreadcrumbList\",\"@id\":\"https:\/\/gr-100.com\/producto\/specialized-air-tool-comp-floor-pump\/#breadcrumb\",\"itemListElement\":[{\"@type\":\"ListItem\",\"position\":1,\"name\":\"Portada\",\"item\":\"https:\/\/gr-100.com\/en\/\"},{\"@type\":\"ListItem\",\"position\":2,\"name\":\"Productos\",\"item\":\"https:\/\/gr-100.com\/?post_type=product\"},{\"@type\":\"ListItem\",\"position\":3,\"name\":\"Specialized Air Tool Comp Floor Pump\"}]},{\"@type\":\"WebSite\",\"@id\":\"https:\/\/gr-100.com\/#website\",\"url\":\"https:\/\/gr-100.com\/\",\"name\":\"Gr-100 Tienda de ciclismo Specialized\",\"description\":\"GR-100 tenemos todas las gamas de bicicletas Specialized al mejor precio.\",\"publisher\":{\"@id\":\"https:\/\/gr-100.com\/#organization\"},\"alternateName\":\"Gr-100 Bikes\",\"potentialAction\":[{\"@type\":\"SearchAction\",\"target\":{\"@type\":\"EntryPoint\",\"urlTemplate\":\"https:\/\/gr-100.com\/?s={search_term_string}\"},\"query-input\":{\"@type\":\"PropertyValueSpecification\",\"valueRequired\":true,\"valueName\":\"search_term_string\"}}],\"inLanguage\":\"pt-PT\"},{\"@type\":\"Organization\",\"@id\":\"https:\/\/gr-100.com\/#organization\",\"name\":\"Gr-100\",\"url\":\"https:\/\/gr-100.com\/\",\"logo\":{\"@type\":\"ImageObject\",\"inLanguage\":\"pt-PT\",\"@id\":\"https:\/\/gr-100.com\/#\/schema\/logo\/image\/\",\"url\":\"https:\/\/gr-100.com\/wp-content\/uploads\/2023\/08\/logo-gr-100-bikes.png\",\"contentUrl\":\"https:\/\/gr-100.com\/wp-content\/uploads\/2023\/08\/logo-gr-100-bikes.png\",\"width\":707,\"height\":284,\"caption\":\"Gr-100\"},\"image\":{\"@id\":\"https:\/\/gr-100.com\/#\/schema\/logo\/image\/\"},\"sameAs\":[\"https:\/\/www.facebook.com\/Gr100Bikes\",\"https:\/\/www.instagram.com\/gr100bikes\/\",\"https:\/\/www.tiktok.com\/@gr100bikes\",\"https:\/\/twitter.com\/gr100mtbteam\",\"https:\/\/www.youtube.com\/c\/GR100Specialized\"]}]}<\/script>\n<!-- \/ Yoast SEO Premium plugin. -->","yoast_head_json":{"title":"Specialized Air Tool Comp Floor Pump Specialized Air Tool","description":"AIR TOOL COMP V2. Todas las presiones, man\u00f3metro doble, la precisi\u00f3n de baja presi\u00f3n de monta\u00f1a, y las de alta presi\u00f3n de carretera y gravel.","robots":{"index":"index","follow":"follow","max-snippet":"max-snippet:-1","max-image-preview":"max-image-preview:large","max-video-preview":"max-video-preview:-1"},"canonical":"https:\/\/gr-100.com\/producto\/specialized-air-tool-comp-floor-pump\/","og_locale":"pt_PT","og_type":"article","og_title":"Specialized Air Tool Comp Floor Pump","og_description":"AIR TOOL COMP V2. Todas las presiones, man\u00f3metro doble, la precisi\u00f3n de baja presi\u00f3n de monta\u00f1a, y las de alta presi\u00f3n de carretera y gravel.","og_url":"https:\/\/gr-100.com\/producto\/specialized-air-tool-comp-floor-pump\/","og_site_name":"Gr-100 Tienda de ciclismo Specialized","article_publisher":"https:\/\/www.facebook.com\/Gr100Bikes","article_modified_time":"2025-12-24T12:15:47+00:00","og_image":[{"width":1000,"height":1000,"url":"https:\/\/gr-100.com\/wp-content\/uploads\/2024\/05\/47220-210_PUMP_AIR-TOOL-COM.jpg","type":"image\/jpeg"}],"twitter_card":"summary_large_image","twitter_misc":{"Tempo estimado de leitura":"1 minuto"},"schema":{"@context":"https:\/\/schema.org","@graph":[{"@type":"WebPage","@id":"https:\/\/gr-100.com\/producto\/specialized-air-tool-comp-floor-pump\/","url":"https:\/\/gr-100.com\/producto\/specialized-air-tool-comp-floor-pump\/","name":"Specialized Air Tool Comp Floor Pump Specialized Air Tool","isPartOf":{"@id":"https:\/\/gr-100.com\/#website"},"primaryImageOfPage":{"@id":"https:\/\/gr-100.com\/producto\/specialized-air-tool-comp-floor-pump\/#primaryimage"},"image":{"@id":"https:\/\/gr-100.com\/producto\/specialized-air-tool-comp-floor-pump\/#primaryimage"},"thumbnailUrl":"https:\/\/gr-100.com\/wp-content\/uploads\/2024\/05\/47220-210_PUMP_AIR-TOOL-COM.jpg","datePublished":"2024-07-01T08:39:46+00:00","dateModified":"2025-12-24T12:15:47+00:00","description":"AIR TOOL COMP V2. Todas las presiones, man\u00f3metro doble, la precisi\u00f3n de baja presi\u00f3n de monta\u00f1a, y las de alta presi\u00f3n de carretera y gravel.","breadcrumb":{"@id":"https:\/\/gr-100.com\/producto\/specialized-air-tool-comp-floor-pump\/#breadcrumb"},"inLanguage":"pt-PT","potentialAction":[{"@type":"ReadAction","target":["https:\/\/gr-100.com\/producto\/specialized-air-tool-comp-floor-pump\/"]}]},{"@type":"ImageObject","inLanguage":"pt-PT","@id":"https:\/\/gr-100.com\/producto\/specialized-air-tool-comp-floor-pump\/#primaryimage","url":"https:\/\/gr-100.com\/wp-content\/uploads\/2024\/05\/47220-210_PUMP_AIR-TOOL-COM.jpg","contentUrl":"https:\/\/gr-100.com\/wp-content\/uploads\/2024\/05\/47220-210_PUMP_AIR-TOOL-COM.jpg","width":1000,"height":1000},{"@type":"BreadcrumbList","@id":"https:\/\/gr-100.com\/producto\/specialized-air-tool-comp-floor-pump\/#breadcrumb","itemListElement":[{"@type":"ListItem","position":1,"name":"Portada","item":"https:\/\/gr-100.com\/en\/"},{"@type":"ListItem","position":2,"name":"Productos","item":"https:\/\/gr-100.com\/?post_type=product"},{"@type":"ListItem","position":3,"name":"Specialized Air Tool Comp Floor Pump"}]},{"@type":"WebSite","@id":"https:\/\/gr-100.com\/#website","url":"https:\/\/gr-100.com\/","name":"Gr-100 Tienda de ciclismo Specialized","description":"GR-100 tenemos todas las gamas de bicicletas Specialized al mejor precio.","publisher":{"@id":"https:\/\/gr-100.com\/#organization"},"alternateName":"Gr-100 Bikes","potentialAction":[{"@type":"SearchAction","target":{"@type":"EntryPoint","urlTemplate":"https:\/\/gr-100.com\/?s={search_term_string}"},"query-input":{"@type":"PropertyValueSpecification","valueRequired":true,"valueName":"search_term_string"}}],"inLanguage":"pt-PT"},{"@type":"Organization","@id":"https:\/\/gr-100.com\/#organization","name":"Gr-100","url":"https:\/\/gr-100.com\/","logo":{"@type":"ImageObject","inLanguage":"pt-PT","@id":"https:\/\/gr-100.com\/#\/schema\/logo\/image\/","url":"https:\/\/gr-100.com\/wp-content\/uploads\/2023\/08\/logo-gr-100-bikes.png","contentUrl":"https:\/\/gr-100.com\/wp-content\/uploads\/2023\/08\/logo-gr-100-bikes.png","width":707,"height":284,"caption":"Gr-100"},"image":{"@id":"https:\/\/gr-100.com\/#\/schema\/logo\/image\/"},"sameAs":["https:\/\/www.facebook.com\/Gr100Bikes","https:\/\/www.instagram.com\/gr100bikes\/","https:\/\/www.tiktok.com\/@gr100bikes","https:\/\/twitter.com\/gr100mtbteam","https:\/\/www.youtube.com\/c\/GR100Specialized"]}]}},"_links":{"self":[{"href":"https:\/\/gr-100.com\/pt-pt\/wp-json\/wp\/v2\/product\/370758","targetHints":{"allow":["GET"]}}],"collection":[{"href":"https:\/\/gr-100.com\/pt-pt\/wp-json\/wp\/v2\/product"}],"about":[{"href":"https:\/\/gr-100.com\/pt-pt\/wp-json\/wp\/v2\/types\/product"}],"replies":[{"embeddable":true,"href":"https:\/\/gr-100.com\/pt-pt\/wp-json\/wp\/v2\/comments?post=370758"}],"wp:featuredmedia":[{"embeddable":true,"href":"https:\/\/gr-100.com\/pt-pt\/wp-json\/wp\/v2\/media\/271796"}],"wp:attachment":[{"href":"https:\/\/gr-100.com\/pt-pt\/wp-json\/wp\/v2\/media?parent=370758"}],"wp:term":[{"taxonomy":"product_brand","embeddable":true,"href":"https:\/\/gr-100.com\/pt-pt\/wp-json\/wp\/v2\/product_brand?post=370758"},{"taxonomy":"product_cat","embeddable":true,"href":"https:\/\/gr-100.com\/pt-pt\/wp-json\/wp\/v2\/product_cat?post=370758"},{"taxonomy":"product_tag","embeddable":true,"href":"https:\/\/gr-100.com\/pt-pt\/wp-json\/wp\/v2\/product_tag?post=370758"}],"curies":[{"name":"wp","href":"https:\/\/api.w.org\/{rel}","templated":true}]}}