{"id":370759,"date":"2024-07-01T08:39:46","date_gmt":"2024-07-01T08:39:46","guid":{"rendered":"https:\/\/nuevo.gr-100.com\/producto\/air-tool-road-mini-pump-with-spool\/"},"modified":"2025-12-24T14:47:36","modified_gmt":"2025-12-24T12:47:36","slug":"air-tool-road-mini-pump-with-spool","status":"publish","type":"product","link":"https:\/\/gr-100.com\/pt-pt\/producto\/air-tool-road-mini-pump-with-spool\/","title":{"rendered":"Air Tool Road Mini Pump With Spool"},"content":{"rendered":"<ul>\n<li>El nuevo dise\u00f1o de c\u00e1mara doble invertida aumenta la capacidad de manejo de aire en un 58% en comparaci\u00f3n con nuestro dise\u00f1o anterior, lo que reduce el tiempo de bombeo hasta en dos minutos.<\/li>\n<li>Incluye un ingenioso carrete para tubos para almacenar de forma compacta los tubos de carretera hasta 28 \u00b0 C sin riesgo de da\u00f1os por roce contra el v\u00e1stago de la v\u00e1lvula.<\/li>\n<li>Pesta\u00f1a de bloqueo integrada para la palanca SWAT \u2122 incluida.<\/li>\n<li>El cabezal Presta only mantiene el tama\u00f1o y el peso al m\u00ednimo, mientras que la cubierta antipolvo mantiene limpio el interior.<\/li>\n<li>Barril exterior mecanizado para mayor agarre durante el bombeo.<\/li>\n<li>C\u00e1mara interior y exterior totalmente de aluminio para un rendimiento duradero.<\/li>\n<li>Presi\u00f3n m\u00e1xima: 100 PSI (6,9 bar)<\/li>\n<li>Volumen por carrera: 30 cc<\/li>\n<li>Tubo no incluido.<\/li>\n<\/ul>\n","protected":false},"excerpt":{"rendered":"<p>Creemos que el mejor sitio para llevar tus bombas compactas son en el bolsillin del maillot o en la bolsa bajo el sill\u00edn con una c\u00e1mara y desmontables. Por suerte para ti, su reducido tama\u00f1o ofrece un gran funcionamiento en esta bomba de aluminio que integra un soporte para c\u00e1maras y desmontables (incluido) para organizar todas tus herramientas necesarias para un pinchazo.<\/p>\n","protected":false},"featured_media":271800,"comment_status":"closed","ping_status":"closed","template":"","meta":{"_acf_changed":false,"_et_pb_use_builder":"","_et_pb_old_content":"","_et_gb_content_width":"","inline_featured_image":false},"product_brand":[],"product_cat":[26,67],"product_tag":[],"class_list":{"0":"post-370759","1":"product","2":"type-product","3":"status-publish","4":"has-post-thumbnail","6":"product_cat-accesorios","7":"product_cat-varios-accesorios","9":"first","10":"instock","11":"taxable","12":"shipping-taxable","13":"purchasable","14":"product-type-simple"},"acf":[],"yoast_head":"<!-- This site is optimized with the Yoast SEO Premium plugin v26.7 (Yoast SEO v26.7) - https:\/\/yoast.com\/wordpress\/plugins\/seo\/ -->\n<title>Air Tool Road Mini Pump With Spool GR-100 BOMBAS<\/title>\n<meta name=\"description\" content=\"AIR TOOL ROAD MINI PUMP WITH SPOOL. El mejor sitio para llevar tus bombas son el maillot o la bolsa del sill\u00edn con c\u00e1mara y desmontables.\" \/>\n<meta name=\"robots\" content=\"index, follow, max-snippet:-1, max-image-preview:large, max-video-preview:-1\" \/>\n<link rel=\"canonical\" href=\"https:\/\/gr-100.com\/producto\/air-tool-road-mini-pump-with-spool\/\" \/>\n<meta property=\"og:locale\" content=\"pt_PT\" \/>\n<meta property=\"og:type\" content=\"article\" \/>\n<meta property=\"og:title\" content=\"Air Tool Road Mini Pump With Spool\" \/>\n<meta property=\"og:description\" content=\"AIR TOOL ROAD MINI PUMP WITH SPOOL. El mejor sitio para llevar tus bombas son el maillot o la bolsa del sill\u00edn con c\u00e1mara y desmontables.\" \/>\n<meta property=\"og:url\" content=\"https:\/\/gr-100.com\/producto\/air-tool-road-mini-pump-with-spool\/\" \/>\n<meta property=\"og:site_name\" content=\"Gr-100 Tienda de ciclismo Specialized\" \/>\n<meta property=\"article:publisher\" content=\"https:\/\/www.facebook.com\/Gr100Bikes\" \/>\n<meta property=\"article:modified_time\" content=\"2025-12-24T12:47:36+00:00\" \/>\n<meta property=\"og:image\" content=\"https:\/\/gr-100.com\/wp-content\/uploads\/2024\/05\/r47218-401_PUMP_AIR-TOOL-RO.jpg\" \/>\n\t<meta property=\"og:image:width\" content=\"1000\" \/>\n\t<meta property=\"og:image:height\" content=\"1000\" \/>\n\t<meta property=\"og:image:type\" content=\"image\/jpeg\" \/>\n<meta name=\"twitter:card\" content=\"summary_large_image\" \/>\n<meta name=\"twitter:label1\" content=\"Tempo estimado de leitura\" \/>\n\t<meta name=\"twitter:data1\" content=\"1 minuto\" \/>\n<script type=\"application\/ld+json\" class=\"yoast-schema-graph\">{\"@context\":\"https:\/\/schema.org\",\"@graph\":[{\"@type\":\"WebPage\",\"@id\":\"https:\/\/gr-100.com\/producto\/air-tool-road-mini-pump-with-spool\/\",\"url\":\"https:\/\/gr-100.com\/producto\/air-tool-road-mini-pump-with-spool\/\",\"name\":\"Air Tool Road Mini Pump With Spool GR-100 BOMBAS\",\"isPartOf\":{\"@id\":\"https:\/\/gr-100.com\/#website\"},\"primaryImageOfPage\":{\"@id\":\"https:\/\/gr-100.com\/producto\/air-tool-road-mini-pump-with-spool\/#primaryimage\"},\"image\":{\"@id\":\"https:\/\/gr-100.com\/producto\/air-tool-road-mini-pump-with-spool\/#primaryimage\"},\"thumbnailUrl\":\"https:\/\/gr-100.com\/wp-content\/uploads\/2024\/05\/r47218-401_PUMP_AIR-TOOL-RO.jpg\",\"datePublished\":\"2024-07-01T08:39:46+00:00\",\"dateModified\":\"2025-12-24T12:47:36+00:00\",\"description\":\"AIR TOOL ROAD MINI PUMP WITH SPOOL. El mejor sitio para llevar tus bombas son el maillot o la bolsa del sill\u00edn con c\u00e1mara y desmontables.\",\"breadcrumb\":{\"@id\":\"https:\/\/gr-100.com\/producto\/air-tool-road-mini-pump-with-spool\/#breadcrumb\"},\"inLanguage\":\"pt-PT\",\"potentialAction\":[{\"@type\":\"ReadAction\",\"target\":[\"https:\/\/gr-100.com\/producto\/air-tool-road-mini-pump-with-spool\/\"]}]},{\"@type\":\"ImageObject\",\"inLanguage\":\"pt-PT\",\"@id\":\"https:\/\/gr-100.com\/producto\/air-tool-road-mini-pump-with-spool\/#primaryimage\",\"url\":\"https:\/\/gr-100.com\/wp-content\/uploads\/2024\/05\/r47218-401_PUMP_AIR-TOOL-RO.jpg\",\"contentUrl\":\"https:\/\/gr-100.com\/wp-content\/uploads\/2024\/05\/r47218-401_PUMP_AIR-TOOL-RO.jpg\",\"width\":1000,\"height\":1000},{\"@type\":\"BreadcrumbList\",\"@id\":\"https:\/\/gr-100.com\/producto\/air-tool-road-mini-pump-with-spool\/#breadcrumb\",\"itemListElement\":[{\"@type\":\"ListItem\",\"position\":1,\"name\":\"Portada\",\"item\":\"https:\/\/gr-100.com\/en\/\"},{\"@type\":\"ListItem\",\"position\":2,\"name\":\"Productos\",\"item\":\"https:\/\/gr-100.com\/?post_type=product\"},{\"@type\":\"ListItem\",\"position\":3,\"name\":\"Air Tool Road Mini Pump With Spool\"}]},{\"@type\":\"WebSite\",\"@id\":\"https:\/\/gr-100.com\/#website\",\"url\":\"https:\/\/gr-100.com\/\",\"name\":\"Gr-100 Tienda de ciclismo Specialized\",\"description\":\"GR-100 tenemos todas las gamas de bicicletas Specialized al mejor precio.\",\"publisher\":{\"@id\":\"https:\/\/gr-100.com\/#organization\"},\"alternateName\":\"Gr-100 Bikes\",\"potentialAction\":[{\"@type\":\"SearchAction\",\"target\":{\"@type\":\"EntryPoint\",\"urlTemplate\":\"https:\/\/gr-100.com\/?s={search_term_string}\"},\"query-input\":{\"@type\":\"PropertyValueSpecification\",\"valueRequired\":true,\"valueName\":\"search_term_string\"}}],\"inLanguage\":\"pt-PT\"},{\"@type\":\"Organization\",\"@id\":\"https:\/\/gr-100.com\/#organization\",\"name\":\"Gr-100\",\"url\":\"https:\/\/gr-100.com\/\",\"logo\":{\"@type\":\"ImageObject\",\"inLanguage\":\"pt-PT\",\"@id\":\"https:\/\/gr-100.com\/#\/schema\/logo\/image\/\",\"url\":\"https:\/\/gr-100.com\/wp-content\/uploads\/2023\/08\/logo-gr-100-bikes.png\",\"contentUrl\":\"https:\/\/gr-100.com\/wp-content\/uploads\/2023\/08\/logo-gr-100-bikes.png\",\"width\":707,\"height\":284,\"caption\":\"Gr-100\"},\"image\":{\"@id\":\"https:\/\/gr-100.com\/#\/schema\/logo\/image\/\"},\"sameAs\":[\"https:\/\/www.facebook.com\/Gr100Bikes\",\"https:\/\/www.instagram.com\/gr100bikes\/\",\"https:\/\/www.tiktok.com\/@gr100bikes\",\"https:\/\/twitter.com\/gr100mtbteam\",\"https:\/\/www.youtube.com\/c\/GR100Specialized\"]}]}<\/script>\n<!-- \/ Yoast SEO Premium plugin. -->","yoast_head_json":{"title":"Air Tool Road Mini Pump With Spool GR-100 BOMBAS","description":"AIR TOOL ROAD MINI PUMP WITH SPOOL. El mejor sitio para llevar tus bombas son el maillot o la bolsa del sill\u00edn con c\u00e1mara y desmontables.","robots":{"index":"index","follow":"follow","max-snippet":"max-snippet:-1","max-image-preview":"max-image-preview:large","max-video-preview":"max-video-preview:-1"},"canonical":"https:\/\/gr-100.com\/producto\/air-tool-road-mini-pump-with-spool\/","og_locale":"pt_PT","og_type":"article","og_title":"Air Tool Road Mini Pump With Spool","og_description":"AIR TOOL ROAD MINI PUMP WITH SPOOL. El mejor sitio para llevar tus bombas son el maillot o la bolsa del sill\u00edn con c\u00e1mara y desmontables.","og_url":"https:\/\/gr-100.com\/producto\/air-tool-road-mini-pump-with-spool\/","og_site_name":"Gr-100 Tienda de ciclismo Specialized","article_publisher":"https:\/\/www.facebook.com\/Gr100Bikes","article_modified_time":"2025-12-24T12:47:36+00:00","og_image":[{"width":1000,"height":1000,"url":"https:\/\/gr-100.com\/wp-content\/uploads\/2024\/05\/r47218-401_PUMP_AIR-TOOL-RO.jpg","type":"image\/jpeg"}],"twitter_card":"summary_large_image","twitter_misc":{"Tempo estimado de leitura":"1 minuto"},"schema":{"@context":"https:\/\/schema.org","@graph":[{"@type":"WebPage","@id":"https:\/\/gr-100.com\/producto\/air-tool-road-mini-pump-with-spool\/","url":"https:\/\/gr-100.com\/producto\/air-tool-road-mini-pump-with-spool\/","name":"Air Tool Road Mini Pump With Spool GR-100 BOMBAS","isPartOf":{"@id":"https:\/\/gr-100.com\/#website"},"primaryImageOfPage":{"@id":"https:\/\/gr-100.com\/producto\/air-tool-road-mini-pump-with-spool\/#primaryimage"},"image":{"@id":"https:\/\/gr-100.com\/producto\/air-tool-road-mini-pump-with-spool\/#primaryimage"},"thumbnailUrl":"https:\/\/gr-100.com\/wp-content\/uploads\/2024\/05\/r47218-401_PUMP_AIR-TOOL-RO.jpg","datePublished":"2024-07-01T08:39:46+00:00","dateModified":"2025-12-24T12:47:36+00:00","description":"AIR TOOL ROAD MINI PUMP WITH SPOOL. El mejor sitio para llevar tus bombas son el maillot o la bolsa del sill\u00edn con c\u00e1mara y desmontables.","breadcrumb":{"@id":"https:\/\/gr-100.com\/producto\/air-tool-road-mini-pump-with-spool\/#breadcrumb"},"inLanguage":"pt-PT","potentialAction":[{"@type":"ReadAction","target":["https:\/\/gr-100.com\/producto\/air-tool-road-mini-pump-with-spool\/"]}]},{"@type":"ImageObject","inLanguage":"pt-PT","@id":"https:\/\/gr-100.com\/producto\/air-tool-road-mini-pump-with-spool\/#primaryimage","url":"https:\/\/gr-100.com\/wp-content\/uploads\/2024\/05\/r47218-401_PUMP_AIR-TOOL-RO.jpg","contentUrl":"https:\/\/gr-100.com\/wp-content\/uploads\/2024\/05\/r47218-401_PUMP_AIR-TOOL-RO.jpg","width":1000,"height":1000},{"@type":"BreadcrumbList","@id":"https:\/\/gr-100.com\/producto\/air-tool-road-mini-pump-with-spool\/#breadcrumb","itemListElement":[{"@type":"ListItem","position":1,"name":"Portada","item":"https:\/\/gr-100.com\/en\/"},{"@type":"ListItem","position":2,"name":"Productos","item":"https:\/\/gr-100.com\/?post_type=product"},{"@type":"ListItem","position":3,"name":"Air Tool Road Mini Pump With Spool"}]},{"@type":"WebSite","@id":"https:\/\/gr-100.com\/#website","url":"https:\/\/gr-100.com\/","name":"Gr-100 Tienda de ciclismo Specialized","description":"GR-100 tenemos todas las gamas de bicicletas Specialized al mejor precio.","publisher":{"@id":"https:\/\/gr-100.com\/#organization"},"alternateName":"Gr-100 Bikes","potentialAction":[{"@type":"SearchAction","target":{"@type":"EntryPoint","urlTemplate":"https:\/\/gr-100.com\/?s={search_term_string}"},"query-input":{"@type":"PropertyValueSpecification","valueRequired":true,"valueName":"search_term_string"}}],"inLanguage":"pt-PT"},{"@type":"Organization","@id":"https:\/\/gr-100.com\/#organization","name":"Gr-100","url":"https:\/\/gr-100.com\/","logo":{"@type":"ImageObject","inLanguage":"pt-PT","@id":"https:\/\/gr-100.com\/#\/schema\/logo\/image\/","url":"https:\/\/gr-100.com\/wp-content\/uploads\/2023\/08\/logo-gr-100-bikes.png","contentUrl":"https:\/\/gr-100.com\/wp-content\/uploads\/2023\/08\/logo-gr-100-bikes.png","width":707,"height":284,"caption":"Gr-100"},"image":{"@id":"https:\/\/gr-100.com\/#\/schema\/logo\/image\/"},"sameAs":["https:\/\/www.facebook.com\/Gr100Bikes","https:\/\/www.instagram.com\/gr100bikes\/","https:\/\/www.tiktok.com\/@gr100bikes","https:\/\/twitter.com\/gr100mtbteam","https:\/\/www.youtube.com\/c\/GR100Specialized"]}]}},"_links":{"self":[{"href":"https:\/\/gr-100.com\/pt-pt\/wp-json\/wp\/v2\/product\/370759","targetHints":{"allow":["GET"]}}],"collection":[{"href":"https:\/\/gr-100.com\/pt-pt\/wp-json\/wp\/v2\/product"}],"about":[{"href":"https:\/\/gr-100.com\/pt-pt\/wp-json\/wp\/v2\/types\/product"}],"replies":[{"embeddable":true,"href":"https:\/\/gr-100.com\/pt-pt\/wp-json\/wp\/v2\/comments?post=370759"}],"wp:featuredmedia":[{"embeddable":true,"href":"https:\/\/gr-100.com\/pt-pt\/wp-json\/wp\/v2\/media\/271800"}],"wp:attachment":[{"href":"https:\/\/gr-100.com\/pt-pt\/wp-json\/wp\/v2\/media?parent=370759"}],"wp:term":[{"taxonomy":"product_brand","embeddable":true,"href":"https:\/\/gr-100.com\/pt-pt\/wp-json\/wp\/v2\/product_brand?post=370759"},{"taxonomy":"product_cat","embeddable":true,"href":"https:\/\/gr-100.com\/pt-pt\/wp-json\/wp\/v2\/product_cat?post=370759"},{"taxonomy":"product_tag","embeddable":true,"href":"https:\/\/gr-100.com\/pt-pt\/wp-json\/wp\/v2\/product_tag?post=370759"}],"curies":[{"name":"wp","href":"https:\/\/api.w.org\/{rel}","templated":true}]}}