{"id":371009,"date":"2024-07-01T08:49:19","date_gmt":"2024-07-01T08:49:19","guid":{"rendered":"https:\/\/nuevo.gr-100.com\/producto\/dt-swiss-d-232-one\/"},"modified":"2025-11-27T11:18:02","modified_gmt":"2025-11-27T09:18:02","slug":"dt-swiss-d-232-one","status":"publish","type":"product","link":"https:\/\/gr-100.com\/pt-pt\/producto\/dt-swiss-d-232-one\/","title":{"rendered":"Dt Swiss D 232 One"},"content":{"rendered":"<ul>\n<li>PESO NETO\u00a0 369 g<\/li>\n<\/ul>\n<ul>\n<li>PESO M\u00c1XIMO MTB\u00a0 130 kg<\/li>\n<\/ul>\n<ul>\n<li>CLASIFICACI\u00d3N ASTM MTB\u00a0 3<\/li>\n<\/ul>\n<ul>\n<li>CARRERA [A]\u00a0 60 mm<\/li>\n<\/ul>\n<ul>\n<li>DI\u00c1METRO DE LA TIJA DEL SILL\u00cdN\u00a0 30.9 mm<\/li>\n<li>MATERIAL FIJACI\u00d3N DEL SILL\u00cdN\u00a0 Carbon<\/li>\n<li>MATERIAL DE LA TIJA DEL SILL\u00cdN\u00a0 Carbon<\/li>\n<li>DIMENSIONES<\/li>\n<li>EXTENSI\u00d3N M\u00cdNIMA [B]\u00a0 210 mm<\/li>\n<li>INSERCI\u00d3N M\u00c1XIMA [G]\u00a0 190 mm<\/li>\n<li>INSERCI\u00d3N M\u00cdNIMA [C]\u00a0 90 mm<\/li>\n<li>EXTENSI\u00d3N M\u00c1XIMA [F]\u00a0 310 mm<\/li>\n<li>ALTURA TOTAL [H]\u00a0 150 mm<\/li>\n<li>LONGITUD QUICKCONNECTOR [E]\u00a0 45 mm<\/li>\n<li>LONGITUD TOTAL [D]\u00a0 400 mm<\/li>\n<li>TECNOLOG\u00cdA<\/li>\n<li>TIPO DE CONTROL\u00a0 Mechanical<\/li>\n<li>MECANISMO DE ACCIONAMIENTO\u00a0 Mechanical<\/li>\n<li>COMPATIBILIDAD\u00a0 L1<\/li>\n<li>\u00a0POSICI\u00d3N DE ACCIONAMIENTO\u00a0 2, up &amp; down<\/li>\n<li>FIJACI\u00d3N DEL SILL\u00cdN\u00a0 2-Bolt vertical<\/li>\n<\/ul>\n","protected":false},"excerpt":{"rendered":"<p>Desarrollada especialmente para el cross country, la tija de sill\u00edn telesc\u00f3pica D 232 ONE es ultraligera, fiable y f\u00e1cil de mantenimiento gracias a su tecnolog\u00eda UPSIDEROP. Con su fijaci\u00f3n de silla y su tubo de carbono, la D 232 ONE ofrece un recorrido de 60 mm y un peso de pluma de tan solo 369 g. !<\/p>\n","protected":false},"featured_media":272309,"comment_status":"closed","ping_status":"closed","template":"","meta":{"_acf_changed":false,"_et_pb_use_builder":"","_et_pb_old_content":"","_et_gb_content_width":"","inline_featured_image":false},"product_brand":[],"product_cat":[25],"product_tag":[],"class_list":{"0":"post-371009","1":"product","2":"type-product","3":"status-publish","4":"has-post-thumbnail","6":"product_cat-componentes","7":"product_shipping_class-componentes","9":"first","10":"instock","11":"taxable","12":"shipping-taxable","13":"purchasable","14":"product-type-simple"},"acf":[],"yoast_head":"<!-- This site is optimized with the Yoast SEO Premium plugin v26.7 (Yoast SEO v26.7) - https:\/\/yoast.com\/wordpress\/plugins\/seo\/ -->\n<title>Dt Swiss D 232 One GR-100 DT SWISS TIJA D 232 ONE<\/title>\n<meta name=\"description\" content=\"DT SWISS D 232 ONE. Una tija telesc\u00f3pica ultraligera y fiable: el sue\u00f1o de todo ciclista de XC. Desarrollada especialmente para el XC\" \/>\n<meta name=\"robots\" content=\"index, follow, max-snippet:-1, max-image-preview:large, max-video-preview:-1\" \/>\n<link rel=\"canonical\" href=\"https:\/\/gr-100.com\/producto\/dt-swiss-d-232-one\/\" \/>\n<meta property=\"og:locale\" content=\"pt_PT\" \/>\n<meta property=\"og:type\" content=\"article\" \/>\n<meta property=\"og:title\" content=\"Dt Swiss D 232 One\" \/>\n<meta property=\"og:description\" content=\"DT SWISS D 232 ONE. Una tija telesc\u00f3pica ultraligera y fiable: el sue\u00f1o de todo ciclista de XC. Desarrollada especialmente para el XC\" \/>\n<meta property=\"og:url\" content=\"https:\/\/gr-100.com\/producto\/dt-swiss-d-232-one\/\" \/>\n<meta property=\"og:site_name\" content=\"Gr-100 Tienda de ciclismo Specialized\" \/>\n<meta property=\"article:publisher\" content=\"https:\/\/www.facebook.com\/Gr100Bikes\" \/>\n<meta property=\"article:modified_time\" content=\"2025-11-27T09:18:02+00:00\" \/>\n<meta property=\"og:image\" content=\"https:\/\/gr-100.com\/wp-content\/uploads\/2024\/05\/232one_clamp_productdetail-.jpg\" \/>\n\t<meta property=\"og:image:width\" content=\"1000\" \/>\n\t<meta property=\"og:image:height\" content=\"1000\" \/>\n\t<meta property=\"og:image:type\" content=\"image\/jpeg\" \/>\n<meta name=\"twitter:card\" content=\"summary_large_image\" \/>\n<meta name=\"twitter:label1\" content=\"Tempo estimado de leitura\" \/>\n\t<meta name=\"twitter:data1\" content=\"1 minuto\" \/>\n<script type=\"application\/ld+json\" class=\"yoast-schema-graph\">{\"@context\":\"https:\/\/schema.org\",\"@graph\":[{\"@type\":\"WebPage\",\"@id\":\"https:\/\/gr-100.com\/producto\/dt-swiss-d-232-one\/\",\"url\":\"https:\/\/gr-100.com\/producto\/dt-swiss-d-232-one\/\",\"name\":\"Dt Swiss D 232 One GR-100 DT SWISS TIJA D 232 ONE\",\"isPartOf\":{\"@id\":\"https:\/\/gr-100.com\/#website\"},\"primaryImageOfPage\":{\"@id\":\"https:\/\/gr-100.com\/producto\/dt-swiss-d-232-one\/#primaryimage\"},\"image\":{\"@id\":\"https:\/\/gr-100.com\/producto\/dt-swiss-d-232-one\/#primaryimage\"},\"thumbnailUrl\":\"https:\/\/gr-100.com\/wp-content\/uploads\/2024\/05\/232one_clamp_productdetail-.jpg\",\"datePublished\":\"2024-07-01T08:49:19+00:00\",\"dateModified\":\"2025-11-27T09:18:02+00:00\",\"description\":\"DT SWISS D 232 ONE. Una tija telesc\u00f3pica ultraligera y fiable: el sue\u00f1o de todo ciclista de XC. Desarrollada especialmente para el XC\",\"breadcrumb\":{\"@id\":\"https:\/\/gr-100.com\/producto\/dt-swiss-d-232-one\/#breadcrumb\"},\"inLanguage\":\"pt-PT\",\"potentialAction\":[{\"@type\":\"ReadAction\",\"target\":[\"https:\/\/gr-100.com\/producto\/dt-swiss-d-232-one\/\"]}]},{\"@type\":\"ImageObject\",\"inLanguage\":\"pt-PT\",\"@id\":\"https:\/\/gr-100.com\/producto\/dt-swiss-d-232-one\/#primaryimage\",\"url\":\"https:\/\/gr-100.com\/wp-content\/uploads\/2024\/05\/232one_clamp_productdetail-.jpg\",\"contentUrl\":\"https:\/\/gr-100.com\/wp-content\/uploads\/2024\/05\/232one_clamp_productdetail-.jpg\",\"width\":1000,\"height\":1000},{\"@type\":\"BreadcrumbList\",\"@id\":\"https:\/\/gr-100.com\/producto\/dt-swiss-d-232-one\/#breadcrumb\",\"itemListElement\":[{\"@type\":\"ListItem\",\"position\":1,\"name\":\"Portada\",\"item\":\"https:\/\/gr-100.com\/en\/\"},{\"@type\":\"ListItem\",\"position\":2,\"name\":\"Productos\",\"item\":\"https:\/\/gr-100.com\/?post_type=product\"},{\"@type\":\"ListItem\",\"position\":3,\"name\":\"Dt Swiss D 232 One\"}]},{\"@type\":\"WebSite\",\"@id\":\"https:\/\/gr-100.com\/#website\",\"url\":\"https:\/\/gr-100.com\/\",\"name\":\"Gr-100 Tienda de ciclismo Specialized\",\"description\":\"GR-100 tenemos todas las gamas de bicicletas Specialized al mejor precio.\",\"publisher\":{\"@id\":\"https:\/\/gr-100.com\/#organization\"},\"alternateName\":\"Gr-100 Bikes\",\"potentialAction\":[{\"@type\":\"SearchAction\",\"target\":{\"@type\":\"EntryPoint\",\"urlTemplate\":\"https:\/\/gr-100.com\/?s={search_term_string}\"},\"query-input\":{\"@type\":\"PropertyValueSpecification\",\"valueRequired\":true,\"valueName\":\"search_term_string\"}}],\"inLanguage\":\"pt-PT\"},{\"@type\":\"Organization\",\"@id\":\"https:\/\/gr-100.com\/#organization\",\"name\":\"Gr-100\",\"url\":\"https:\/\/gr-100.com\/\",\"logo\":{\"@type\":\"ImageObject\",\"inLanguage\":\"pt-PT\",\"@id\":\"https:\/\/gr-100.com\/#\/schema\/logo\/image\/\",\"url\":\"https:\/\/gr-100.com\/wp-content\/uploads\/2023\/08\/logo-gr-100-bikes.png\",\"contentUrl\":\"https:\/\/gr-100.com\/wp-content\/uploads\/2023\/08\/logo-gr-100-bikes.png\",\"width\":707,\"height\":284,\"caption\":\"Gr-100\"},\"image\":{\"@id\":\"https:\/\/gr-100.com\/#\/schema\/logo\/image\/\"},\"sameAs\":[\"https:\/\/www.facebook.com\/Gr100Bikes\",\"https:\/\/www.instagram.com\/gr100bikes\/\",\"https:\/\/www.tiktok.com\/@gr100bikes\",\"https:\/\/twitter.com\/gr100mtbteam\",\"https:\/\/www.youtube.com\/c\/GR100Specialized\"]}]}<\/script>\n<!-- \/ Yoast SEO Premium plugin. -->","yoast_head_json":{"title":"Dt Swiss D 232 One GR-100 DT SWISS TIJA D 232 ONE","description":"DT SWISS D 232 ONE. Una tija telesc\u00f3pica ultraligera y fiable: el sue\u00f1o de todo ciclista de XC. Desarrollada especialmente para el XC","robots":{"index":"index","follow":"follow","max-snippet":"max-snippet:-1","max-image-preview":"max-image-preview:large","max-video-preview":"max-video-preview:-1"},"canonical":"https:\/\/gr-100.com\/producto\/dt-swiss-d-232-one\/","og_locale":"pt_PT","og_type":"article","og_title":"Dt Swiss D 232 One","og_description":"DT SWISS D 232 ONE. Una tija telesc\u00f3pica ultraligera y fiable: el sue\u00f1o de todo ciclista de XC. Desarrollada especialmente para el XC","og_url":"https:\/\/gr-100.com\/producto\/dt-swiss-d-232-one\/","og_site_name":"Gr-100 Tienda de ciclismo Specialized","article_publisher":"https:\/\/www.facebook.com\/Gr100Bikes","article_modified_time":"2025-11-27T09:18:02+00:00","og_image":[{"width":1000,"height":1000,"url":"https:\/\/gr-100.com\/wp-content\/uploads\/2024\/05\/232one_clamp_productdetail-.jpg","type":"image\/jpeg"}],"twitter_card":"summary_large_image","twitter_misc":{"Tempo estimado de leitura":"1 minuto"},"schema":{"@context":"https:\/\/schema.org","@graph":[{"@type":"WebPage","@id":"https:\/\/gr-100.com\/producto\/dt-swiss-d-232-one\/","url":"https:\/\/gr-100.com\/producto\/dt-swiss-d-232-one\/","name":"Dt Swiss D 232 One GR-100 DT SWISS TIJA D 232 ONE","isPartOf":{"@id":"https:\/\/gr-100.com\/#website"},"primaryImageOfPage":{"@id":"https:\/\/gr-100.com\/producto\/dt-swiss-d-232-one\/#primaryimage"},"image":{"@id":"https:\/\/gr-100.com\/producto\/dt-swiss-d-232-one\/#primaryimage"},"thumbnailUrl":"https:\/\/gr-100.com\/wp-content\/uploads\/2024\/05\/232one_clamp_productdetail-.jpg","datePublished":"2024-07-01T08:49:19+00:00","dateModified":"2025-11-27T09:18:02+00:00","description":"DT SWISS D 232 ONE. Una tija telesc\u00f3pica ultraligera y fiable: el sue\u00f1o de todo ciclista de XC. Desarrollada especialmente para el XC","breadcrumb":{"@id":"https:\/\/gr-100.com\/producto\/dt-swiss-d-232-one\/#breadcrumb"},"inLanguage":"pt-PT","potentialAction":[{"@type":"ReadAction","target":["https:\/\/gr-100.com\/producto\/dt-swiss-d-232-one\/"]}]},{"@type":"ImageObject","inLanguage":"pt-PT","@id":"https:\/\/gr-100.com\/producto\/dt-swiss-d-232-one\/#primaryimage","url":"https:\/\/gr-100.com\/wp-content\/uploads\/2024\/05\/232one_clamp_productdetail-.jpg","contentUrl":"https:\/\/gr-100.com\/wp-content\/uploads\/2024\/05\/232one_clamp_productdetail-.jpg","width":1000,"height":1000},{"@type":"BreadcrumbList","@id":"https:\/\/gr-100.com\/producto\/dt-swiss-d-232-one\/#breadcrumb","itemListElement":[{"@type":"ListItem","position":1,"name":"Portada","item":"https:\/\/gr-100.com\/en\/"},{"@type":"ListItem","position":2,"name":"Productos","item":"https:\/\/gr-100.com\/?post_type=product"},{"@type":"ListItem","position":3,"name":"Dt Swiss D 232 One"}]},{"@type":"WebSite","@id":"https:\/\/gr-100.com\/#website","url":"https:\/\/gr-100.com\/","name":"Gr-100 Tienda de ciclismo Specialized","description":"GR-100 tenemos todas las gamas de bicicletas Specialized al mejor precio.","publisher":{"@id":"https:\/\/gr-100.com\/#organization"},"alternateName":"Gr-100 Bikes","potentialAction":[{"@type":"SearchAction","target":{"@type":"EntryPoint","urlTemplate":"https:\/\/gr-100.com\/?s={search_term_string}"},"query-input":{"@type":"PropertyValueSpecification","valueRequired":true,"valueName":"search_term_string"}}],"inLanguage":"pt-PT"},{"@type":"Organization","@id":"https:\/\/gr-100.com\/#organization","name":"Gr-100","url":"https:\/\/gr-100.com\/","logo":{"@type":"ImageObject","inLanguage":"pt-PT","@id":"https:\/\/gr-100.com\/#\/schema\/logo\/image\/","url":"https:\/\/gr-100.com\/wp-content\/uploads\/2023\/08\/logo-gr-100-bikes.png","contentUrl":"https:\/\/gr-100.com\/wp-content\/uploads\/2023\/08\/logo-gr-100-bikes.png","width":707,"height":284,"caption":"Gr-100"},"image":{"@id":"https:\/\/gr-100.com\/#\/schema\/logo\/image\/"},"sameAs":["https:\/\/www.facebook.com\/Gr100Bikes","https:\/\/www.instagram.com\/gr100bikes\/","https:\/\/www.tiktok.com\/@gr100bikes","https:\/\/twitter.com\/gr100mtbteam","https:\/\/www.youtube.com\/c\/GR100Specialized"]}]}},"_links":{"self":[{"href":"https:\/\/gr-100.com\/pt-pt\/wp-json\/wp\/v2\/product\/371009","targetHints":{"allow":["GET"]}}],"collection":[{"href":"https:\/\/gr-100.com\/pt-pt\/wp-json\/wp\/v2\/product"}],"about":[{"href":"https:\/\/gr-100.com\/pt-pt\/wp-json\/wp\/v2\/types\/product"}],"replies":[{"embeddable":true,"href":"https:\/\/gr-100.com\/pt-pt\/wp-json\/wp\/v2\/comments?post=371009"}],"wp:featuredmedia":[{"embeddable":true,"href":"https:\/\/gr-100.com\/pt-pt\/wp-json\/wp\/v2\/media\/272309"}],"wp:attachment":[{"href":"https:\/\/gr-100.com\/pt-pt\/wp-json\/wp\/v2\/media?parent=371009"}],"wp:term":[{"taxonomy":"product_brand","embeddable":true,"href":"https:\/\/gr-100.com\/pt-pt\/wp-json\/wp\/v2\/product_brand?post=371009"},{"taxonomy":"product_cat","embeddable":true,"href":"https:\/\/gr-100.com\/pt-pt\/wp-json\/wp\/v2\/product_cat?post=371009"},{"taxonomy":"product_tag","embeddable":true,"href":"https:\/\/gr-100.com\/pt-pt\/wp-json\/wp\/v2\/product_tag?post=371009"}],"curies":[{"name":"wp","href":"https:\/\/api.w.org\/{rel}","templated":true}]}}