{"id":371242,"date":"2024-07-01T09:00:11","date_gmt":"2024-07-01T09:00:11","guid":{"rendered":"https:\/\/nuevo.gr-100.com\/producto\/specialized-sitero-plus-155\/"},"modified":"2026-03-13T12:56:36","modified_gmt":"2026-03-13T11:56:36","slug":"specialized-sitero-plus-155","status":"publish","type":"product","link":"https:\/\/gr-100.com\/pt-pt\/producto\/specialized-sitero-plus-155\/","title":{"rendered":"Specialized Sitero Plus 155"},"content":{"rendered":"<p>Dise\u00f1ado de la mano de nuestros especialistas Ret\u00fcl, doctores e ingenieros , el Sitero Plus es el mejor sill\u00edn para adoptar posiciones aerodin\u00e1micas. Un canal central amplio, forma progresiva, acolchado de nivel 2 y varias opciones de anchura te permiten ir largas horas acoplado sin molestias. Y para asegurarnos de que es el mejor sill\u00edn de triatl\u00f3n y contrarreloj, tiene railes Chromorly y un adaptador SWAT para almacenar todo lo que necesites de forma integrada.<\/p>\n<p>CARACTERISTICAS:<\/p>\n<ul>\n<li>Gran comodidad en posici\u00f3n aerodin\u00e1mica para todo tipo de ciclistas.<\/li>\n<li>Acolchado ligero para las rutas largas.<\/li>\n<li>Cubierta el\u00e1stica de cuatro sentidos para dar m\u00e1s comodidad.<\/li>\n<li>Acolchado de nivel 3: densidad media \/baja de espuma para una comodidad superior.<\/li>\n<li>Railes duraderos Cr-Mo.<\/li>\n<li>Adaptador para instalar bidon o accesorios.<\/li>\n<li>Adaptadores compatibles para SWAT para integrar todos los accesorios.<\/li>\n<\/ul>\n","protected":false},"excerpt":{"rendered":"<p>Dise\u00f1ado de la mano de nuestros especialistas Ret\u00fcl, doctores e ingenieros , el Sitero Plus es el mejor sill\u00edn para adoptar posiciones aerodin\u00e1micas.<\/p>\n","protected":false},"featured_media":272713,"comment_status":"closed","ping_status":"closed","template":"","meta":{"_acf_changed":false,"_et_pb_use_builder":"","_et_pb_old_content":"","_et_gb_content_width":"","inline_featured_image":false},"product_brand":[],"product_cat":[25,56],"product_tag":[],"class_list":{"0":"post-371242","1":"product","2":"type-product","3":"status-publish","4":"has-post-thumbnail","6":"product_cat-componentes","7":"product_cat-sillines","8":"product_shipping_class-componentes","10":"first","11":"outofstock","12":"taxable","13":"shipping-taxable","14":"product-type-variable","15":"wvs-archive-product-wrapper"},"acf":[],"yoast_head":"<!-- This site is optimized with the Yoast SEO Premium plugin v26.7 (Yoast SEO v26.7) - https:\/\/yoast.com\/wordpress\/plugins\/seo\/ -->\n<title>Specialized Sitero Plus 155 GR-100 SPECIALIZED SITERO PLUS<\/title>\n<meta name=\"description\" content=\"Dise\u00f1ado de la mano de nuestros especialistas Ret\u00fcl, doctores e ingenieros , el Sitero Plus es el mejor sill\u00edn para adoptar posiciones aero\" \/>\n<meta name=\"robots\" content=\"index, follow, max-snippet:-1, max-image-preview:large, max-video-preview:-1\" \/>\n<link rel=\"canonical\" href=\"https:\/\/gr-100.com\/producto\/specialized-sitero-plus-155\/\" \/>\n<meta property=\"og:locale\" content=\"pt_PT\" \/>\n<meta property=\"og:type\" content=\"article\" \/>\n<meta property=\"og:title\" content=\"Specialized Sitero Plus 155\" \/>\n<meta property=\"og:description\" content=\"Dise\u00f1ado de la mano de nuestros especialistas Ret\u00fcl, doctores e ingenieros , el Sitero Plus es el mejor sill\u00edn para adoptar posiciones aero\" \/>\n<meta property=\"og:url\" content=\"https:\/\/gr-100.com\/producto\/specialized-sitero-plus-155\/\" \/>\n<meta property=\"og:site_name\" content=\"Gr-100 Tienda de ciclismo Specialized\" \/>\n<meta property=\"article:publisher\" content=\"https:\/\/www.facebook.com\/Gr100Bikes\" \/>\n<meta property=\"article:modified_time\" content=\"2026-03-13T11:56:36+00:00\" \/>\n<meta property=\"og:image\" content=\"https:\/\/gr-100.com\/wp-content\/uploads\/2024\/05\/111-Screenshot-of-Sitero-Pl.jpg\" \/>\n\t<meta property=\"og:image:width\" content=\"1000\" \/>\n\t<meta property=\"og:image:height\" content=\"1000\" \/>\n\t<meta property=\"og:image:type\" content=\"image\/jpeg\" \/>\n<meta name=\"twitter:card\" content=\"summary_large_image\" \/>\n<meta name=\"twitter:label1\" content=\"Tempo estimado de leitura\" \/>\n\t<meta name=\"twitter:data1\" content=\"1 minuto\" \/>\n<script type=\"application\/ld+json\" class=\"yoast-schema-graph\">{\"@context\":\"https:\/\/schema.org\",\"@graph\":[{\"@type\":\"WebPage\",\"@id\":\"https:\/\/gr-100.com\/producto\/specialized-sitero-plus-155\/\",\"url\":\"https:\/\/gr-100.com\/producto\/specialized-sitero-plus-155\/\",\"name\":\"Specialized Sitero Plus 155 GR-100 SPECIALIZED SITERO PLUS\",\"isPartOf\":{\"@id\":\"https:\/\/gr-100.com\/#website\"},\"primaryImageOfPage\":{\"@id\":\"https:\/\/gr-100.com\/producto\/specialized-sitero-plus-155\/#primaryimage\"},\"image\":{\"@id\":\"https:\/\/gr-100.com\/producto\/specialized-sitero-plus-155\/#primaryimage\"},\"thumbnailUrl\":\"https:\/\/gr-100.com\/wp-content\/uploads\/2024\/05\/111-Screenshot-of-Sitero-Pl.jpg\",\"datePublished\":\"2024-07-01T09:00:11+00:00\",\"dateModified\":\"2026-03-13T11:56:36+00:00\",\"description\":\"Dise\u00f1ado de la mano de nuestros especialistas Ret\u00fcl, doctores e ingenieros , el Sitero Plus es el mejor sill\u00edn para adoptar posiciones aero\",\"breadcrumb\":{\"@id\":\"https:\/\/gr-100.com\/producto\/specialized-sitero-plus-155\/#breadcrumb\"},\"inLanguage\":\"pt-PT\",\"potentialAction\":[{\"@type\":\"ReadAction\",\"target\":[\"https:\/\/gr-100.com\/producto\/specialized-sitero-plus-155\/\"]}]},{\"@type\":\"ImageObject\",\"inLanguage\":\"pt-PT\",\"@id\":\"https:\/\/gr-100.com\/producto\/specialized-sitero-plus-155\/#primaryimage\",\"url\":\"https:\/\/gr-100.com\/wp-content\/uploads\/2024\/05\/111-Screenshot-of-Sitero-Pl.jpg\",\"contentUrl\":\"https:\/\/gr-100.com\/wp-content\/uploads\/2024\/05\/111-Screenshot-of-Sitero-Pl.jpg\",\"width\":1000,\"height\":1000},{\"@type\":\"BreadcrumbList\",\"@id\":\"https:\/\/gr-100.com\/producto\/specialized-sitero-plus-155\/#breadcrumb\",\"itemListElement\":[{\"@type\":\"ListItem\",\"position\":1,\"name\":\"Portada\",\"item\":\"https:\/\/gr-100.com\/en\/\"},{\"@type\":\"ListItem\",\"position\":2,\"name\":\"Productos\",\"item\":\"https:\/\/gr-100.com\/?post_type=product\"},{\"@type\":\"ListItem\",\"position\":3,\"name\":\"Specialized Sitero Plus 155\"}]},{\"@type\":\"WebSite\",\"@id\":\"https:\/\/gr-100.com\/#website\",\"url\":\"https:\/\/gr-100.com\/\",\"name\":\"Gr-100 Tienda de ciclismo Specialized\",\"description\":\"GR-100 tenemos todas las gamas de bicicletas Specialized al mejor precio.\",\"publisher\":{\"@id\":\"https:\/\/gr-100.com\/#organization\"},\"alternateName\":\"Gr-100 Bikes\",\"potentialAction\":[{\"@type\":\"SearchAction\",\"target\":{\"@type\":\"EntryPoint\",\"urlTemplate\":\"https:\/\/gr-100.com\/?s={search_term_string}\"},\"query-input\":{\"@type\":\"PropertyValueSpecification\",\"valueRequired\":true,\"valueName\":\"search_term_string\"}}],\"inLanguage\":\"pt-PT\"},{\"@type\":\"Organization\",\"@id\":\"https:\/\/gr-100.com\/#organization\",\"name\":\"Gr-100\",\"url\":\"https:\/\/gr-100.com\/\",\"logo\":{\"@type\":\"ImageObject\",\"inLanguage\":\"pt-PT\",\"@id\":\"https:\/\/gr-100.com\/#\/schema\/logo\/image\/\",\"url\":\"https:\/\/gr-100.com\/wp-content\/uploads\/2023\/08\/logo-gr-100-bikes.png\",\"contentUrl\":\"https:\/\/gr-100.com\/wp-content\/uploads\/2023\/08\/logo-gr-100-bikes.png\",\"width\":707,\"height\":284,\"caption\":\"Gr-100\"},\"image\":{\"@id\":\"https:\/\/gr-100.com\/#\/schema\/logo\/image\/\"},\"sameAs\":[\"https:\/\/www.facebook.com\/Gr100Bikes\",\"https:\/\/www.instagram.com\/gr100bikes\/\",\"https:\/\/www.tiktok.com\/@gr100bikes\",\"https:\/\/twitter.com\/gr100mtbteam\",\"https:\/\/www.youtube.com\/c\/GR100Specialized\"]}]}<\/script>\n<!-- \/ Yoast SEO Premium plugin. -->","yoast_head_json":{"title":"Specialized Sitero Plus 155 GR-100 SPECIALIZED SITERO PLUS","description":"Dise\u00f1ado de la mano de nuestros especialistas Ret\u00fcl, doctores e ingenieros , el Sitero Plus es el mejor sill\u00edn para adoptar posiciones aero","robots":{"index":"index","follow":"follow","max-snippet":"max-snippet:-1","max-image-preview":"max-image-preview:large","max-video-preview":"max-video-preview:-1"},"canonical":"https:\/\/gr-100.com\/producto\/specialized-sitero-plus-155\/","og_locale":"pt_PT","og_type":"article","og_title":"Specialized Sitero Plus 155","og_description":"Dise\u00f1ado de la mano de nuestros especialistas Ret\u00fcl, doctores e ingenieros , el Sitero Plus es el mejor sill\u00edn para adoptar posiciones aero","og_url":"https:\/\/gr-100.com\/producto\/specialized-sitero-plus-155\/","og_site_name":"Gr-100 Tienda de ciclismo Specialized","article_publisher":"https:\/\/www.facebook.com\/Gr100Bikes","article_modified_time":"2026-03-13T11:56:36+00:00","og_image":[{"width":1000,"height":1000,"url":"https:\/\/gr-100.com\/wp-content\/uploads\/2024\/05\/111-Screenshot-of-Sitero-Pl.jpg","type":"image\/jpeg"}],"twitter_card":"summary_large_image","twitter_misc":{"Tempo estimado de leitura":"1 minuto"},"schema":{"@context":"https:\/\/schema.org","@graph":[{"@type":"WebPage","@id":"https:\/\/gr-100.com\/producto\/specialized-sitero-plus-155\/","url":"https:\/\/gr-100.com\/producto\/specialized-sitero-plus-155\/","name":"Specialized Sitero Plus 155 GR-100 SPECIALIZED SITERO PLUS","isPartOf":{"@id":"https:\/\/gr-100.com\/#website"},"primaryImageOfPage":{"@id":"https:\/\/gr-100.com\/producto\/specialized-sitero-plus-155\/#primaryimage"},"image":{"@id":"https:\/\/gr-100.com\/producto\/specialized-sitero-plus-155\/#primaryimage"},"thumbnailUrl":"https:\/\/gr-100.com\/wp-content\/uploads\/2024\/05\/111-Screenshot-of-Sitero-Pl.jpg","datePublished":"2024-07-01T09:00:11+00:00","dateModified":"2026-03-13T11:56:36+00:00","description":"Dise\u00f1ado de la mano de nuestros especialistas Ret\u00fcl, doctores e ingenieros , el Sitero Plus es el mejor sill\u00edn para adoptar posiciones aero","breadcrumb":{"@id":"https:\/\/gr-100.com\/producto\/specialized-sitero-plus-155\/#breadcrumb"},"inLanguage":"pt-PT","potentialAction":[{"@type":"ReadAction","target":["https:\/\/gr-100.com\/producto\/specialized-sitero-plus-155\/"]}]},{"@type":"ImageObject","inLanguage":"pt-PT","@id":"https:\/\/gr-100.com\/producto\/specialized-sitero-plus-155\/#primaryimage","url":"https:\/\/gr-100.com\/wp-content\/uploads\/2024\/05\/111-Screenshot-of-Sitero-Pl.jpg","contentUrl":"https:\/\/gr-100.com\/wp-content\/uploads\/2024\/05\/111-Screenshot-of-Sitero-Pl.jpg","width":1000,"height":1000},{"@type":"BreadcrumbList","@id":"https:\/\/gr-100.com\/producto\/specialized-sitero-plus-155\/#breadcrumb","itemListElement":[{"@type":"ListItem","position":1,"name":"Portada","item":"https:\/\/gr-100.com\/en\/"},{"@type":"ListItem","position":2,"name":"Productos","item":"https:\/\/gr-100.com\/?post_type=product"},{"@type":"ListItem","position":3,"name":"Specialized Sitero Plus 155"}]},{"@type":"WebSite","@id":"https:\/\/gr-100.com\/#website","url":"https:\/\/gr-100.com\/","name":"Gr-100 Tienda de ciclismo Specialized","description":"GR-100 tenemos todas las gamas de bicicletas Specialized al mejor precio.","publisher":{"@id":"https:\/\/gr-100.com\/#organization"},"alternateName":"Gr-100 Bikes","potentialAction":[{"@type":"SearchAction","target":{"@type":"EntryPoint","urlTemplate":"https:\/\/gr-100.com\/?s={search_term_string}"},"query-input":{"@type":"PropertyValueSpecification","valueRequired":true,"valueName":"search_term_string"}}],"inLanguage":"pt-PT"},{"@type":"Organization","@id":"https:\/\/gr-100.com\/#organization","name":"Gr-100","url":"https:\/\/gr-100.com\/","logo":{"@type":"ImageObject","inLanguage":"pt-PT","@id":"https:\/\/gr-100.com\/#\/schema\/logo\/image\/","url":"https:\/\/gr-100.com\/wp-content\/uploads\/2023\/08\/logo-gr-100-bikes.png","contentUrl":"https:\/\/gr-100.com\/wp-content\/uploads\/2023\/08\/logo-gr-100-bikes.png","width":707,"height":284,"caption":"Gr-100"},"image":{"@id":"https:\/\/gr-100.com\/#\/schema\/logo\/image\/"},"sameAs":["https:\/\/www.facebook.com\/Gr100Bikes","https:\/\/www.instagram.com\/gr100bikes\/","https:\/\/www.tiktok.com\/@gr100bikes","https:\/\/twitter.com\/gr100mtbteam","https:\/\/www.youtube.com\/c\/GR100Specialized"]}]}},"_links":{"self":[{"href":"https:\/\/gr-100.com\/pt-pt\/wp-json\/wp\/v2\/product\/371242","targetHints":{"allow":["GET"]}}],"collection":[{"href":"https:\/\/gr-100.com\/pt-pt\/wp-json\/wp\/v2\/product"}],"about":[{"href":"https:\/\/gr-100.com\/pt-pt\/wp-json\/wp\/v2\/types\/product"}],"replies":[{"embeddable":true,"href":"https:\/\/gr-100.com\/pt-pt\/wp-json\/wp\/v2\/comments?post=371242"}],"wp:featuredmedia":[{"embeddable":true,"href":"https:\/\/gr-100.com\/pt-pt\/wp-json\/wp\/v2\/media\/272713"}],"wp:attachment":[{"href":"https:\/\/gr-100.com\/pt-pt\/wp-json\/wp\/v2\/media?parent=371242"}],"wp:term":[{"taxonomy":"product_brand","embeddable":true,"href":"https:\/\/gr-100.com\/pt-pt\/wp-json\/wp\/v2\/product_brand?post=371242"},{"taxonomy":"product_cat","embeddable":true,"href":"https:\/\/gr-100.com\/pt-pt\/wp-json\/wp\/v2\/product_cat?post=371242"},{"taxonomy":"product_tag","embeddable":true,"href":"https:\/\/gr-100.com\/pt-pt\/wp-json\/wp\/v2\/product_tag?post=371242"}],"curies":[{"name":"wp","href":"https:\/\/api.w.org\/{rel}","templated":true}]}}