{"id":371316,"date":"2024-07-01T09:03:11","date_gmt":"2024-07-01T09:03:11","guid":{"rendered":"https:\/\/nuevo.gr-100.com\/producto\/specialized-tracer-pro-2bliss-ready-cubiertas-2022\/"},"modified":"2026-03-24T08:41:25","modified_gmt":"2026-03-24T07:41:25","slug":"specialized-tracer-pro-2bliss-ready-cubiertas-2022","status":"publish","type":"product","link":"https:\/\/gr-100.com\/pt-pt\/producto\/specialized-tracer-pro-2bliss-ready-cubiertas-2022\/","title":{"rendered":"Specialized Tracer Pro 2bliss Ready Cubiertas"},"content":{"rendered":"<p>El Tracer Pro 2Bliss Ready combina lo mejor de dos mundos y redefine tu experiencia personal de ciclocross en condiciones secas e intermedias. Una configuraci\u00f3n de tacos estirados y correctamente colocados en el centro y el \u00e1rea de transici\u00f3n proporciona muchos bordes para mantenerte en completo control mientras giras, frenas y desmontas \/ montas. Los tacos ligeramente m\u00e1s altos tambi\u00e9n permiten tomar curvas con confianza a alta velocidad. Mientras tanto, el compuesto GRIPTON\u00ae se mantiene flexible a temperaturas bajo cero e incluso ofrece un agarre sorprendente sobre las ra\u00edces h\u00famedas. Todo esto hace que el Tracer Pro sea un tremendo neum\u00e1tico de grava y aventura, ya que rueda bien sobre el asfalto y se engancha en la tierra y la grava. Y con esta versi\u00f3n 2Bliss Ready, tambi\u00e9n se beneficiar\u00e1 de su versatilidad, capacidad para ejecutar presiones m\u00e1s bajas en los neum\u00e1ticos y mayor protecci\u00f3n contra pinchazos.<\/p>\n<p>CARACTERISTICAS:<\/p>\n<ul>\n<li>Carcasa: 60 TPI<\/li>\n<li>Aro: Plegable<\/li>\n<li>Compuesto: GRIPTON\u00ae<\/li>\n<li>Compuesto: GRIPTON\u00ae<\/li>\n<li>700 x 33mm, psi 35~65, peso aproximado 365g<\/li>\n<li>700 x 38mm, psi 50-80, peso aproximado 455g<\/li>\n<li>700 x 42mm, psi 50-80, peso aproximado 525g<\/li>\n<li>700 x 47mm, psi 35-65, peso aproximado 595g<\/li>\n<li>Protecci\u00f3n antipinchazos:700x33c: BlackBelt, 700x38c: Endurant Casing y BlackBelt<\/li>\n<\/ul>\n","protected":false},"excerpt":{"rendered":"<p>El Tracer Pro 2Bliss Ready combina lo mejor de dos mundos y redefine tu experiencia personal de ciclocross en condiciones secas e intermedias.<\/p>\n","protected":false},"featured_media":272830,"comment_status":"closed","ping_status":"closed","template":"","meta":{"_acf_changed":false,"_et_pb_use_builder":"","_et_pb_old_content":"","_et_gb_content_width":"","inline_featured_image":false},"product_brand":[],"product_cat":[25,45],"product_tag":[],"class_list":{"0":"post-371316","1":"product","2":"type-product","3":"status-publish","4":"has-post-thumbnail","6":"product_cat-componentes","7":"product_cat-cubiertas-y-camaras","8":"product_shipping_class-componentes","10":"first","11":"instock","12":"taxable","13":"shipping-taxable","14":"purchasable","15":"product-type-variable","16":"wvs-archive-product-wrapper"},"acf":[],"yoast_head":"<!-- This site is optimized with the Yoast SEO Premium plugin v26.7 (Yoast SEO v26.7) - https:\/\/yoast.com\/wordpress\/plugins\/seo\/ -->\n<title>Specialized Tracer Pro 2bliss Ready Cubiertas<\/title>\n<meta name=\"description\" content=\"El Tracer Pro 2Bliss Ready combina lo mejor de dos mundos y redefine tu experiencia personal de ciclocross en condiciones secas e intermedias\" \/>\n<meta name=\"robots\" content=\"index, follow, max-snippet:-1, max-image-preview:large, max-video-preview:-1\" \/>\n<link rel=\"canonical\" href=\"https:\/\/gr-100.com\/producto\/specialized-tracer-pro-2bliss-ready-cubiertas-2022\/\" \/>\n<meta property=\"og:locale\" content=\"pt_PT\" \/>\n<meta property=\"og:type\" content=\"article\" \/>\n<meta property=\"og:title\" content=\"Specialized Tracer Pro 2bliss Ready Cubiertas\" \/>\n<meta property=\"og:description\" content=\"El Tracer Pro 2Bliss Ready combina lo mejor de dos mundos y redefine tu experiencia personal de ciclocross en condiciones secas e intermedias\" \/>\n<meta property=\"og:url\" content=\"https:\/\/gr-100.com\/producto\/specialized-tracer-pro-2bliss-ready-cubiertas-2022\/\" \/>\n<meta property=\"og:site_name\" content=\"Gr-100 Tienda de ciclismo Specialized\" \/>\n<meta property=\"article:publisher\" content=\"https:\/\/www.facebook.com\/Gr100Bikes\" \/>\n<meta property=\"article:modified_time\" content=\"2026-03-24T07:41:25+00:00\" \/>\n<meta property=\"og:image\" content=\"https:\/\/gr-100.com\/wp-content\/uploads\/2024\/05\/11-Screenshot-of-Tracer-Pro.jpg\" \/>\n\t<meta property=\"og:image:width\" content=\"1000\" \/>\n\t<meta property=\"og:image:height\" content=\"1000\" \/>\n\t<meta property=\"og:image:type\" content=\"image\/jpeg\" \/>\n<meta name=\"twitter:card\" content=\"summary_large_image\" \/>\n<meta name=\"twitter:label1\" content=\"Tempo estimado de leitura\" \/>\n\t<meta name=\"twitter:data1\" content=\"2 minutos\" \/>\n<script type=\"application\/ld+json\" class=\"yoast-schema-graph\">{\"@context\":\"https:\/\/schema.org\",\"@graph\":[{\"@type\":\"WebPage\",\"@id\":\"https:\/\/gr-100.com\/producto\/specialized-tracer-pro-2bliss-ready-cubiertas-2022\/\",\"url\":\"https:\/\/gr-100.com\/producto\/specialized-tracer-pro-2bliss-ready-cubiertas-2022\/\",\"name\":\"Specialized Tracer Pro 2bliss Ready Cubiertas\",\"isPartOf\":{\"@id\":\"https:\/\/gr-100.com\/#website\"},\"primaryImageOfPage\":{\"@id\":\"https:\/\/gr-100.com\/producto\/specialized-tracer-pro-2bliss-ready-cubiertas-2022\/#primaryimage\"},\"image\":{\"@id\":\"https:\/\/gr-100.com\/producto\/specialized-tracer-pro-2bliss-ready-cubiertas-2022\/#primaryimage\"},\"thumbnailUrl\":\"https:\/\/gr-100.com\/wp-content\/uploads\/2024\/05\/11-Screenshot-of-Tracer-Pro.jpg\",\"datePublished\":\"2024-07-01T09:03:11+00:00\",\"dateModified\":\"2026-03-24T07:41:25+00:00\",\"description\":\"El Tracer Pro 2Bliss Ready combina lo mejor de dos mundos y redefine tu experiencia personal de ciclocross en condiciones secas e intermedias\",\"breadcrumb\":{\"@id\":\"https:\/\/gr-100.com\/producto\/specialized-tracer-pro-2bliss-ready-cubiertas-2022\/#breadcrumb\"},\"inLanguage\":\"pt-PT\",\"potentialAction\":[{\"@type\":\"ReadAction\",\"target\":[\"https:\/\/gr-100.com\/producto\/specialized-tracer-pro-2bliss-ready-cubiertas-2022\/\"]}]},{\"@type\":\"ImageObject\",\"inLanguage\":\"pt-PT\",\"@id\":\"https:\/\/gr-100.com\/producto\/specialized-tracer-pro-2bliss-ready-cubiertas-2022\/#primaryimage\",\"url\":\"https:\/\/gr-100.com\/wp-content\/uploads\/2024\/05\/11-Screenshot-of-Tracer-Pro.jpg\",\"contentUrl\":\"https:\/\/gr-100.com\/wp-content\/uploads\/2024\/05\/11-Screenshot-of-Tracer-Pro.jpg\",\"width\":1000,\"height\":1000},{\"@type\":\"BreadcrumbList\",\"@id\":\"https:\/\/gr-100.com\/producto\/specialized-tracer-pro-2bliss-ready-cubiertas-2022\/#breadcrumb\",\"itemListElement\":[{\"@type\":\"ListItem\",\"position\":1,\"name\":\"Portada\",\"item\":\"https:\/\/gr-100.com\/en\/\"},{\"@type\":\"ListItem\",\"position\":2,\"name\":\"Productos\",\"item\":\"https:\/\/gr-100.com\/?post_type=product\"},{\"@type\":\"ListItem\",\"position\":3,\"name\":\"Specialized Tracer Pro 2bliss Ready Cubiertas\"}]},{\"@type\":\"WebSite\",\"@id\":\"https:\/\/gr-100.com\/#website\",\"url\":\"https:\/\/gr-100.com\/\",\"name\":\"Gr-100 Tienda de ciclismo Specialized\",\"description\":\"GR-100 tenemos todas las gamas de bicicletas Specialized al mejor precio.\",\"publisher\":{\"@id\":\"https:\/\/gr-100.com\/#organization\"},\"alternateName\":\"Gr-100 Bikes\",\"potentialAction\":[{\"@type\":\"SearchAction\",\"target\":{\"@type\":\"EntryPoint\",\"urlTemplate\":\"https:\/\/gr-100.com\/?s={search_term_string}\"},\"query-input\":{\"@type\":\"PropertyValueSpecification\",\"valueRequired\":true,\"valueName\":\"search_term_string\"}}],\"inLanguage\":\"pt-PT\"},{\"@type\":\"Organization\",\"@id\":\"https:\/\/gr-100.com\/#organization\",\"name\":\"Gr-100\",\"url\":\"https:\/\/gr-100.com\/\",\"logo\":{\"@type\":\"ImageObject\",\"inLanguage\":\"pt-PT\",\"@id\":\"https:\/\/gr-100.com\/#\/schema\/logo\/image\/\",\"url\":\"https:\/\/gr-100.com\/wp-content\/uploads\/2023\/08\/logo-gr-100-bikes.png\",\"contentUrl\":\"https:\/\/gr-100.com\/wp-content\/uploads\/2023\/08\/logo-gr-100-bikes.png\",\"width\":707,\"height\":284,\"caption\":\"Gr-100\"},\"image\":{\"@id\":\"https:\/\/gr-100.com\/#\/schema\/logo\/image\/\"},\"sameAs\":[\"https:\/\/www.facebook.com\/Gr100Bikes\",\"https:\/\/www.instagram.com\/gr100bikes\/\",\"https:\/\/www.tiktok.com\/@gr100bikes\",\"https:\/\/twitter.com\/gr100mtbteam\",\"https:\/\/www.youtube.com\/c\/GR100Specialized\"]}]}<\/script>\n<!-- \/ Yoast SEO Premium plugin. -->","yoast_head_json":{"title":"Specialized Tracer Pro 2bliss Ready Cubiertas","description":"El Tracer Pro 2Bliss Ready combina lo mejor de dos mundos y redefine tu experiencia personal de ciclocross en condiciones secas e intermedias","robots":{"index":"index","follow":"follow","max-snippet":"max-snippet:-1","max-image-preview":"max-image-preview:large","max-video-preview":"max-video-preview:-1"},"canonical":"https:\/\/gr-100.com\/producto\/specialized-tracer-pro-2bliss-ready-cubiertas-2022\/","og_locale":"pt_PT","og_type":"article","og_title":"Specialized Tracer Pro 2bliss Ready Cubiertas","og_description":"El Tracer Pro 2Bliss Ready combina lo mejor de dos mundos y redefine tu experiencia personal de ciclocross en condiciones secas e intermedias","og_url":"https:\/\/gr-100.com\/producto\/specialized-tracer-pro-2bliss-ready-cubiertas-2022\/","og_site_name":"Gr-100 Tienda de ciclismo Specialized","article_publisher":"https:\/\/www.facebook.com\/Gr100Bikes","article_modified_time":"2026-03-24T07:41:25+00:00","og_image":[{"width":1000,"height":1000,"url":"https:\/\/gr-100.com\/wp-content\/uploads\/2024\/05\/11-Screenshot-of-Tracer-Pro.jpg","type":"image\/jpeg"}],"twitter_card":"summary_large_image","twitter_misc":{"Tempo estimado de leitura":"2 minutos"},"schema":{"@context":"https:\/\/schema.org","@graph":[{"@type":"WebPage","@id":"https:\/\/gr-100.com\/producto\/specialized-tracer-pro-2bliss-ready-cubiertas-2022\/","url":"https:\/\/gr-100.com\/producto\/specialized-tracer-pro-2bliss-ready-cubiertas-2022\/","name":"Specialized Tracer Pro 2bliss Ready Cubiertas","isPartOf":{"@id":"https:\/\/gr-100.com\/#website"},"primaryImageOfPage":{"@id":"https:\/\/gr-100.com\/producto\/specialized-tracer-pro-2bliss-ready-cubiertas-2022\/#primaryimage"},"image":{"@id":"https:\/\/gr-100.com\/producto\/specialized-tracer-pro-2bliss-ready-cubiertas-2022\/#primaryimage"},"thumbnailUrl":"https:\/\/gr-100.com\/wp-content\/uploads\/2024\/05\/11-Screenshot-of-Tracer-Pro.jpg","datePublished":"2024-07-01T09:03:11+00:00","dateModified":"2026-03-24T07:41:25+00:00","description":"El Tracer Pro 2Bliss Ready combina lo mejor de dos mundos y redefine tu experiencia personal de ciclocross en condiciones secas e intermedias","breadcrumb":{"@id":"https:\/\/gr-100.com\/producto\/specialized-tracer-pro-2bliss-ready-cubiertas-2022\/#breadcrumb"},"inLanguage":"pt-PT","potentialAction":[{"@type":"ReadAction","target":["https:\/\/gr-100.com\/producto\/specialized-tracer-pro-2bliss-ready-cubiertas-2022\/"]}]},{"@type":"ImageObject","inLanguage":"pt-PT","@id":"https:\/\/gr-100.com\/producto\/specialized-tracer-pro-2bliss-ready-cubiertas-2022\/#primaryimage","url":"https:\/\/gr-100.com\/wp-content\/uploads\/2024\/05\/11-Screenshot-of-Tracer-Pro.jpg","contentUrl":"https:\/\/gr-100.com\/wp-content\/uploads\/2024\/05\/11-Screenshot-of-Tracer-Pro.jpg","width":1000,"height":1000},{"@type":"BreadcrumbList","@id":"https:\/\/gr-100.com\/producto\/specialized-tracer-pro-2bliss-ready-cubiertas-2022\/#breadcrumb","itemListElement":[{"@type":"ListItem","position":1,"name":"Portada","item":"https:\/\/gr-100.com\/en\/"},{"@type":"ListItem","position":2,"name":"Productos","item":"https:\/\/gr-100.com\/?post_type=product"},{"@type":"ListItem","position":3,"name":"Specialized Tracer Pro 2bliss Ready Cubiertas"}]},{"@type":"WebSite","@id":"https:\/\/gr-100.com\/#website","url":"https:\/\/gr-100.com\/","name":"Gr-100 Tienda de ciclismo Specialized","description":"GR-100 tenemos todas las gamas de bicicletas Specialized al mejor precio.","publisher":{"@id":"https:\/\/gr-100.com\/#organization"},"alternateName":"Gr-100 Bikes","potentialAction":[{"@type":"SearchAction","target":{"@type":"EntryPoint","urlTemplate":"https:\/\/gr-100.com\/?s={search_term_string}"},"query-input":{"@type":"PropertyValueSpecification","valueRequired":true,"valueName":"search_term_string"}}],"inLanguage":"pt-PT"},{"@type":"Organization","@id":"https:\/\/gr-100.com\/#organization","name":"Gr-100","url":"https:\/\/gr-100.com\/","logo":{"@type":"ImageObject","inLanguage":"pt-PT","@id":"https:\/\/gr-100.com\/#\/schema\/logo\/image\/","url":"https:\/\/gr-100.com\/wp-content\/uploads\/2023\/08\/logo-gr-100-bikes.png","contentUrl":"https:\/\/gr-100.com\/wp-content\/uploads\/2023\/08\/logo-gr-100-bikes.png","width":707,"height":284,"caption":"Gr-100"},"image":{"@id":"https:\/\/gr-100.com\/#\/schema\/logo\/image\/"},"sameAs":["https:\/\/www.facebook.com\/Gr100Bikes","https:\/\/www.instagram.com\/gr100bikes\/","https:\/\/www.tiktok.com\/@gr100bikes","https:\/\/twitter.com\/gr100mtbteam","https:\/\/www.youtube.com\/c\/GR100Specialized"]}]}},"_links":{"self":[{"href":"https:\/\/gr-100.com\/pt-pt\/wp-json\/wp\/v2\/product\/371316","targetHints":{"allow":["GET"]}}],"collection":[{"href":"https:\/\/gr-100.com\/pt-pt\/wp-json\/wp\/v2\/product"}],"about":[{"href":"https:\/\/gr-100.com\/pt-pt\/wp-json\/wp\/v2\/types\/product"}],"replies":[{"embeddable":true,"href":"https:\/\/gr-100.com\/pt-pt\/wp-json\/wp\/v2\/comments?post=371316"}],"wp:featuredmedia":[{"embeddable":true,"href":"https:\/\/gr-100.com\/pt-pt\/wp-json\/wp\/v2\/media\/272830"}],"wp:attachment":[{"href":"https:\/\/gr-100.com\/pt-pt\/wp-json\/wp\/v2\/media?parent=371316"}],"wp:term":[{"taxonomy":"product_brand","embeddable":true,"href":"https:\/\/gr-100.com\/pt-pt\/wp-json\/wp\/v2\/product_brand?post=371316"},{"taxonomy":"product_cat","embeddable":true,"href":"https:\/\/gr-100.com\/pt-pt\/wp-json\/wp\/v2\/product_cat?post=371316"},{"taxonomy":"product_tag","embeddable":true,"href":"https:\/\/gr-100.com\/pt-pt\/wp-json\/wp\/v2\/product_tag?post=371316"}],"curies":[{"name":"wp","href":"https:\/\/api.w.org\/{rel}","templated":true}]}}